{"id":98628,"date":"2020-08-21T21:53:22","date_gmt":"2020-08-21T21:53:22","guid":{"rendered":"https:\/\/claydondrill.com\/product\/6m-terrastar\/"},"modified":"2022-09-22T09:31:40","modified_gmt":"2022-09-22T09:31:40","slug":"6m-terrastar","status":"publish","type":"product","link":"https:\/\/claydondrill.com\/pl\/product\/6m-terrastar\/","title":{"rendered":"6m TerraStar"},"content":{"rendered":"<div class=\"wpb-content-wrapper\"><p>[vc_row][vc_column][vc_custom_heading text=&#8221;Cechy konstrukcyjne&#8221; use_theme_fonts=&#8221;yes&#8221; css=&#8221;.vc_custom_1649241971076{border-bottom-width: 20px !important;}&#8221;][vc_tta_accordion][vc_tta_section title=&#8221;Przemieszczanie gleby bez naruszania jej struktury&#8221; tab_id=&#8221;1592830786278-25940583-c2e3&#8243;][vc_column_text]<\/p>\n<ul>\n<li>Obrotowe &#8220;punkty gwiazdowe&#8221; zamontowane w siatce 200 mm tworz\u0105 kwadratowe wg\u0142\u0119bienia o powierzchni 80 mm\u00b2 i efekt &#8220;wyt\u0142aczanki do jajek\u201d<\/li>\n<\/ul>\n<p>[\/vc_column_text][\/vc_tta_section][vc_tta_section title=&#8221;Kontrola g\u0142\u0119boko\u015bci&#8221; tab_id=&#8221;1592830786302-1f2f3fdb-18c2&#8243;][vc_column_text]<\/p>\n<ul>\n<li>Ko\u0142a g\u0142\u0119boko\u015bciowe zapewniaj\u0105 dok\u0142adn\u0105 kontrol\u0119 g\u0142\u0119boko\u015bci<\/li>\n<\/ul>\n<p>[\/vc_column_text][\/vc_tta_section][vc_tta_section title=&#8221;Konsolidacja&#8221; tab_id=&#8221;1592830786325-679294e8-f7b0&#8243;][vc_column_text]<\/p>\n<ul>\n<li>Opcjonalna brona z tyln\u0105 belk\u0105 narz\u0119dziow\u0105<\/li>\n<\/ul>\n<p>[\/vc_column_text][\/vc_tta_section][\/vc_tta_accordion][\/vc_column][\/vc_row]<\/p>\n<\/div>","protected":false},"excerpt":{"rendered":"<p>[vc_row][vc_column][vc_custom_heading text=&#8221;Cechy konstrukcyjne&#8221; use_theme_fonts=&#8221;yes&#8221; css=&#8221;.vc_custom_1649241971076{border-bottom-width: 20px !important;}&#8221;][vc_tta_accordion][vc_tta_section title=&#8221;Przemieszczanie gleby bez naruszania jej struktury&#8221; tab_id=&#8221;1592830786278-25940583-c2e3&#8243;][vc_column_text] Obrotowe &#8220;punkty gwiazdowe&#8221; zamontowane w siatce<\/p>\n","protected":false},"featured_media":97509,"template":"","meta":{"inline_featured_image":false},"product_brand":[],"product_cat":[206],"product_tag":[],"class_list":{"0":"post-98628","1":"product","2":"type-product","3":"status-publish","4":"has-post-thumbnail","6":"product_cat-products-pl","8":"first","9":"instock","10":"shipping-taxable","11":"product-type-simple"},"yoast_head":"<!-- This site is optimized with the Yoast SEO plugin v27.1.1 - https:\/\/yoast.com\/product\/yoast-seo-wordpress\/ -->\n<title>6m TerraStar | Tractor Rotavator | Rotary Cultivator | Claydon Drill<\/title>\n<meta name=\"description\" content=\"Looking for a 6m rotary cultivator for your tractor? Check out Claydon Drills. Our tractor rotavators are fast, effective &amp; low-cost in operation.\" \/>\n<meta name=\"robots\" content=\"index, follow, max-snippet:-1, max-image-preview:large, max-video-preview:-1\" \/>\n<link rel=\"canonical\" href=\"https:\/\/claydondrill.com\/pl\/product\/6m-terrastar\/\" \/>\n<meta property=\"og:locale\" content=\"pl_PL\" \/>\n<meta property=\"og:type\" content=\"article\" \/>\n<meta property=\"og:title\" content=\"6m TerraStar | Tractor Rotavator | Rotary Cultivator | Claydon Drill\" \/>\n<meta property=\"og:description\" content=\"Looking for a 6m rotary cultivator for your tractor? Check out Claydon Drills. Our tractor rotavators are fast, effective &amp; low-cost in operation.\" \/>\n<meta property=\"og:url\" content=\"https:\/\/claydondrill.com\/pl\/product\/6m-terrastar\/\" \/>\n<meta property=\"og:site_name\" content=\"Claydon Drill Seed\" \/>\n<meta property=\"article:modified_time\" content=\"2022-09-22T09:31:40+00:00\" \/>\n<meta property=\"og:image\" content=\"https:\/\/claydondrill.com\/wp-content\/uploads\/2020\/10\/6m-TerraStar-3.jpg\" \/>\n\t<meta property=\"og:image:width\" content=\"2500\" \/>\n\t<meta property=\"og:image:height\" content=\"1674\" \/>\n\t<meta property=\"og:image:type\" content=\"image\/jpeg\" \/>\n<meta name=\"twitter:card\" content=\"summary_large_image\" \/>\n<meta name=\"twitter:label1\" content=\"Szacowany czas czytania\" \/>\n\t<meta name=\"twitter:data1\" content=\"1 minuta\" \/>\n<script type=\"application\/ld+json\" class=\"yoast-schema-graph\">{\"@context\":\"https:\/\/schema.org\",\"@graph\":[{\"@type\":\"WebPage\",\"@id\":\"https:\/\/claydondrill.com\/pl\/product\/6m-terrastar\/\",\"url\":\"https:\/\/claydondrill.com\/pl\/product\/6m-terrastar\/\",\"name\":\"6m TerraStar | Tractor Rotavator | Rotary Cultivator | Claydon Drill\",\"isPartOf\":{\"@id\":\"https:\/\/claydondrill.com\/pl\/#website\"},\"primaryImageOfPage\":{\"@id\":\"https:\/\/claydondrill.com\/pl\/product\/6m-terrastar\/#primaryimage\"},\"image\":{\"@id\":\"https:\/\/claydondrill.com\/pl\/product\/6m-terrastar\/#primaryimage\"},\"thumbnailUrl\":\"https:\/\/claydondrill.com\/wp-content\/uploads\/2020\/10\/6m-TerraStar-3.jpg\",\"datePublished\":\"2020-08-21T21:53:22+00:00\",\"dateModified\":\"2022-09-22T09:31:40+00:00\",\"description\":\"Looking for a 6m rotary cultivator for your tractor? Check out Claydon Drills. Our tractor rotavators are fast, effective & low-cost in operation.\",\"breadcrumb\":{\"@id\":\"https:\/\/claydondrill.com\/pl\/product\/6m-terrastar\/#breadcrumb\"},\"inLanguage\":\"pl-PL\",\"potentialAction\":[{\"@type\":\"ReadAction\",\"target\":[\"https:\/\/claydondrill.com\/pl\/product\/6m-terrastar\/\"]}]},{\"@type\":\"ImageObject\",\"inLanguage\":\"pl-PL\",\"@id\":\"https:\/\/claydondrill.com\/pl\/product\/6m-terrastar\/#primaryimage\",\"url\":\"https:\/\/claydondrill.com\/wp-content\/uploads\/2020\/10\/6m-TerraStar-3.jpg\",\"contentUrl\":\"https:\/\/claydondrill.com\/wp-content\/uploads\/2020\/10\/6m-TerraStar-3.jpg\",\"width\":2500,\"height\":1674},{\"@type\":\"BreadcrumbList\",\"@id\":\"https:\/\/claydondrill.com\/pl\/product\/6m-terrastar\/#breadcrumb\",\"itemListElement\":[{\"@type\":\"ListItem\",\"position\":1,\"name\":\"Home\",\"item\":\"https:\/\/claydondrill.com\/pl\/\"},{\"@type\":\"ListItem\",\"position\":2,\"name\":\"6m TerraStar\"}]},{\"@type\":\"WebSite\",\"@id\":\"https:\/\/claydondrill.com\/pl\/#website\",\"url\":\"https:\/\/claydondrill.com\/pl\/\",\"name\":\"Claydon Drill Seed\",\"description\":\"\",\"potentialAction\":[{\"@type\":\"SearchAction\",\"target\":{\"@type\":\"EntryPoint\",\"urlTemplate\":\"https:\/\/claydondrill.com\/pl\/?s={search_term_string}\"},\"query-input\":{\"@type\":\"PropertyValueSpecification\",\"valueRequired\":true,\"valueName\":\"search_term_string\"}}],\"inLanguage\":\"pl-PL\"}]}<\/script>\n<!-- \/ Yoast SEO plugin. -->","yoast_head_json":{"title":"6m TerraStar | Tractor Rotavator | Rotary Cultivator | Claydon Drill","description":"Looking for a 6m rotary cultivator for your tractor? Check out Claydon Drills. Our tractor rotavators are fast, effective & low-cost in operation.","robots":{"index":"index","follow":"follow","max-snippet":"max-snippet:-1","max-image-preview":"max-image-preview:large","max-video-preview":"max-video-preview:-1"},"canonical":"https:\/\/claydondrill.com\/pl\/product\/6m-terrastar\/","og_locale":"pl_PL","og_type":"article","og_title":"6m TerraStar | Tractor Rotavator | Rotary Cultivator | Claydon Drill","og_description":"Looking for a 6m rotary cultivator for your tractor? Check out Claydon Drills. Our tractor rotavators are fast, effective & low-cost in operation.","og_url":"https:\/\/claydondrill.com\/pl\/product\/6m-terrastar\/","og_site_name":"Claydon Drill Seed","article_modified_time":"2022-09-22T09:31:40+00:00","og_image":[{"width":2500,"height":1674,"url":"https:\/\/claydondrill.com\/wp-content\/uploads\/2020\/10\/6m-TerraStar-3.jpg","type":"image\/jpeg"}],"twitter_card":"summary_large_image","twitter_misc":{"Szacowany czas czytania":"1 minuta"},"schema":{"@context":"https:\/\/schema.org","@graph":[{"@type":"WebPage","@id":"https:\/\/claydondrill.com\/pl\/product\/6m-terrastar\/","url":"https:\/\/claydondrill.com\/pl\/product\/6m-terrastar\/","name":"6m TerraStar | Tractor Rotavator | Rotary Cultivator | Claydon Drill","isPartOf":{"@id":"https:\/\/claydondrill.com\/pl\/#website"},"primaryImageOfPage":{"@id":"https:\/\/claydondrill.com\/pl\/product\/6m-terrastar\/#primaryimage"},"image":{"@id":"https:\/\/claydondrill.com\/pl\/product\/6m-terrastar\/#primaryimage"},"thumbnailUrl":"https:\/\/claydondrill.com\/wp-content\/uploads\/2020\/10\/6m-TerraStar-3.jpg","datePublished":"2020-08-21T21:53:22+00:00","dateModified":"2022-09-22T09:31:40+00:00","description":"Looking for a 6m rotary cultivator for your tractor? Check out Claydon Drills. Our tractor rotavators are fast, effective & low-cost in operation.","breadcrumb":{"@id":"https:\/\/claydondrill.com\/pl\/product\/6m-terrastar\/#breadcrumb"},"inLanguage":"pl-PL","potentialAction":[{"@type":"ReadAction","target":["https:\/\/claydondrill.com\/pl\/product\/6m-terrastar\/"]}]},{"@type":"ImageObject","inLanguage":"pl-PL","@id":"https:\/\/claydondrill.com\/pl\/product\/6m-terrastar\/#primaryimage","url":"https:\/\/claydondrill.com\/wp-content\/uploads\/2020\/10\/6m-TerraStar-3.jpg","contentUrl":"https:\/\/claydondrill.com\/wp-content\/uploads\/2020\/10\/6m-TerraStar-3.jpg","width":2500,"height":1674},{"@type":"BreadcrumbList","@id":"https:\/\/claydondrill.com\/pl\/product\/6m-terrastar\/#breadcrumb","itemListElement":[{"@type":"ListItem","position":1,"name":"Home","item":"https:\/\/claydondrill.com\/pl\/"},{"@type":"ListItem","position":2,"name":"6m TerraStar"}]},{"@type":"WebSite","@id":"https:\/\/claydondrill.com\/pl\/#website","url":"https:\/\/claydondrill.com\/pl\/","name":"Claydon Drill Seed","description":"","potentialAction":[{"@type":"SearchAction","target":{"@type":"EntryPoint","urlTemplate":"https:\/\/claydondrill.com\/pl\/?s={search_term_string}"},"query-input":{"@type":"PropertyValueSpecification","valueRequired":true,"valueName":"search_term_string"}}],"inLanguage":"pl-PL"}]}},"_links":{"self":[{"href":"https:\/\/claydondrill.com\/pl\/wp-json\/wp\/v2\/product\/98628","targetHints":{"allow":["GET"]}}],"collection":[{"href":"https:\/\/claydondrill.com\/pl\/wp-json\/wp\/v2\/product"}],"about":[{"href":"https:\/\/claydondrill.com\/pl\/wp-json\/wp\/v2\/types\/product"}],"wp:featuredmedia":[{"embeddable":true,"href":"https:\/\/claydondrill.com\/pl\/wp-json\/wp\/v2\/media\/97509"}],"wp:attachment":[{"href":"https:\/\/claydondrill.com\/pl\/wp-json\/wp\/v2\/media?parent=98628"}],"wp:term":[{"taxonomy":"product_brand","embeddable":true,"href":"https:\/\/claydondrill.com\/pl\/wp-json\/wp\/v2\/product_brand?post=98628"},{"taxonomy":"product_cat","embeddable":true,"href":"https:\/\/claydondrill.com\/pl\/wp-json\/wp\/v2\/product_cat?post=98628"},{"taxonomy":"product_tag","embeddable":true,"href":"https:\/\/claydondrill.com\/pl\/wp-json\/wp\/v2\/product_tag?post=98628"}],"curies":[{"name":"wp","href":"https:\/\/api.w.org\/{rel}","templated":true}]}}