{"id":98624,"date":"2020-08-24T22:12:31","date_gmt":"2020-08-24T22:12:31","guid":{"rendered":"https:\/\/claydondrill.com\/product\/6m-terrablade-2\/"},"modified":"2025-11-28T16:54:10","modified_gmt":"2025-11-28T15:54:10","slug":"6m-terrablade-2","status":"publish","type":"product","link":"https:\/\/claydondrill.com\/pl\/product\/6m-terrablade\/","title":{"rendered":"6m TerraBlade"},"content":{"rendered":"<div class=\"wpb-content-wrapper\"><p>[vc_row][vc_column][vc_custom_heading text=&#8221;Cechy konstrukcyjne&#8221; use_theme_fonts=&#8221;yes&#8221; css=&#8221;.vc_custom_1649238782311{border-bottom-width: 20px !important;}&#8221;][vc_tta_accordion][vc_tta_section title=&#8221;Z\u0119by zaprojektowane przez Claydon&#8221; tab_id=&#8221;1592830786278-25940583-c2e3&#8243;][vc_column_text]<\/p>\n<ul>\n<li>Ostrza 125 mm, 150 mm, 175 lub 200 mm<\/li>\n<li>Z w\u0119glika wolframu dla d\u0142u\u017cszej \u017cywotno\u015bci, g\u0142\u0119bsza praca nawet w trudnych, suchych warunkach<\/li>\n<li>Regulacja ci\u015bnienia w celu dostosowania do zmiennych typ\u00f3w i warunk\u00f3w glebowych<\/li>\n<li>Bezstopniowe dopasowanie do ka\u017cdej szeroko\u015bci rz\u0119d\u00f3w do zastosowania w ka\u017cdym systemie siewu pasowego<\/li>\n<li>Odwr\u00f3cona konstrukcja skrzyd\u0142a zapewnia prawid\u0142owe ci\u0119cie na ca\u0142ej szeroko\u015bci ostrza i pozwala d\u0142u\u017cej zachowa\u0107 jego kszta\u0142t<\/li>\n<li>Odwr\u00f3cona konstrukcja skrzyd\u0142a ogranicza wyrzucanie gleby<\/li>\n<\/ul>\n<p>&nbsp;<\/p>\n<p><img decoding=\"async\" class=\"alignnone wp-image-83782\" src=\"https:\/\/claydondrill.com\/wp-content\/uploads\/2021\/02\/TerraBlade-125mm-Blade-scaled-300x232.jpg\" alt=\"TerraBlade 125mm Blade\" width=\"200\" height=\"155\" srcset=\"https:\/\/claydondrill.com\/wp-content\/uploads\/2021\/02\/TerraBlade-125mm-Blade-scaled-300x232.jpg 300w, https:\/\/claydondrill.com\/wp-content\/uploads\/2021\/02\/TerraBlade-125mm-Blade-scaled-1024x791.jpg 1024w, https:\/\/claydondrill.com\/wp-content\/uploads\/2021\/02\/TerraBlade-125mm-Blade-768x593.jpg 768w, https:\/\/claydondrill.com\/wp-content\/uploads\/2021\/02\/TerraBlade-125mm-Blade-1536x1187.jpg 1536w, https:\/\/claydondrill.com\/wp-content\/uploads\/2021\/02\/TerraBlade-125mm-Blade-2048x1582.jpg 2048w, https:\/\/claydondrill.com\/wp-content\/uploads\/2021\/02\/TerraBlade-125mm-Blade-600x464.jpg 600w\" sizes=\"(max-width: 200px) 100vw, 200px\" \/><img decoding=\"async\" class=\"alignnone wp-image-83785\" src=\"https:\/\/claydondrill.com\/wp-content\/uploads\/2021\/02\/TerraBlade-150mm-Blade-scaled.jpg\" alt=\"TerraBlade 150mm Blade\" width=\"200\" height=\"155\" srcset=\"https:\/\/claydondrill.com\/wp-content\/uploads\/2021\/02\/TerraBlade-150mm-Blade-scaled.jpg 2560w, https:\/\/claydondrill.com\/wp-content\/uploads\/2021\/02\/TerraBlade-150mm-Blade-scaled-300x232.jpg 300w, https:\/\/claydondrill.com\/wp-content\/uploads\/2021\/02\/TerraBlade-150mm-Blade-scaled-1024x791.jpg 1024w, https:\/\/claydondrill.com\/wp-content\/uploads\/2021\/02\/TerraBlade-150mm-Blade-768x593.jpg 768w, https:\/\/claydondrill.com\/wp-content\/uploads\/2021\/02\/TerraBlade-150mm-Blade-1536x1187.jpg 1536w, https:\/\/claydondrill.com\/wp-content\/uploads\/2021\/02\/TerraBlade-150mm-Blade-2048x1582.jpg 2048w, https:\/\/claydondrill.com\/wp-content\/uploads\/2021\/02\/TerraBlade-150mm-Blade-600x464.jpg 600w\" sizes=\"(max-width: 200px) 100vw, 200px\" \/><img decoding=\"async\" class=\"alignnone wp-image-83788\" src=\"https:\/\/claydondrill.com\/wp-content\/uploads\/2021\/02\/TerraBlade-175mm-Blade-scaled-300x232.jpg\" alt=\"TerraBlade 175mm Blade\" width=\"200\" height=\"155\" srcset=\"https:\/\/claydondrill.com\/wp-content\/uploads\/2021\/02\/TerraBlade-175mm-Blade-scaled-300x232.jpg 300w, https:\/\/claydondrill.com\/wp-content\/uploads\/2021\/02\/TerraBlade-175mm-Blade-scaled-1024x791.jpg 1024w, https:\/\/claydondrill.com\/wp-content\/uploads\/2021\/02\/TerraBlade-175mm-Blade-768x593.jpg 768w, https:\/\/claydondrill.com\/wp-content\/uploads\/2021\/02\/TerraBlade-175mm-Blade-1536x1187.jpg 1536w, https:\/\/claydondrill.com\/wp-content\/uploads\/2021\/02\/TerraBlade-175mm-Blade-2048x1582.jpg 2048w, https:\/\/claydondrill.com\/wp-content\/uploads\/2021\/02\/TerraBlade-175mm-Blade-600x464.jpg 600w\" sizes=\"(max-width: 200px) 100vw, 200px\" \/><img decoding=\"async\" class=\"alignnone wp-image-83791\" src=\"https:\/\/claydondrill.com\/wp-content\/uploads\/2021\/02\/TerraBlade-200mm-Blade-scaled-300x232.jpg\" alt=\"TerraBlade 200mm Blade\" width=\"200\" height=\"155\" srcset=\"https:\/\/claydondrill.com\/wp-content\/uploads\/2021\/02\/TerraBlade-200mm-Blade-scaled-300x232.jpg 300w, https:\/\/claydondrill.com\/wp-content\/uploads\/2021\/02\/TerraBlade-200mm-Blade-scaled-1024x791.jpg 1024w, https:\/\/claydondrill.com\/wp-content\/uploads\/2021\/02\/TerraBlade-200mm-Blade-768x593.jpg 768w, https:\/\/claydondrill.com\/wp-content\/uploads\/2021\/02\/TerraBlade-200mm-Blade-1536x1187.jpg 1536w, https:\/\/claydondrill.com\/wp-content\/uploads\/2021\/02\/TerraBlade-200mm-Blade-2048x1582.jpg 2048w, https:\/\/claydondrill.com\/wp-content\/uploads\/2021\/02\/TerraBlade-200mm-Blade-600x464.jpg 600w\" sizes=\"(max-width: 200px) 100vw, 200px\" \/>[\/vc_column_text][\/vc_tta_section][vc_tta_section title=&#8221;Solidna konstrukcja&#8221; tab_id=&#8221;1592830786302-1f2f3fdb-18c2&#8243;][vc_column_text]<\/p>\n<ul>\n<li>Wytrzyma\u0142a rama stalowa o przekroju skrzynkowym<\/li>\n<li>Zbudowane, aby s\u0142u\u017cy\u0107 d\u0142ugo<\/li>\n<\/ul>\n<p>[\/vc_column_text][\/vc_tta_section][vc_tta_section title=&#8221;\u0141atwo\u015b\u0107 obs\u0142ugi i konserwacji&#8221; tab_id=&#8221;1592830786325-679294e8-f7b0&#8243;][vc_column_text]<\/p>\n<ul>\n<li>Prosta konstrukcja pozwala zachowa\u0107 d\u0142ug\u0105 trwa\u0142o\u015b\u0107<\/li>\n<li>Niskie koszty zu\u017cycia cz\u0119\u015bci i eksploatacji<\/li>\n<\/ul>\n<p>[\/vc_column_text][\/vc_tta_section][\/vc_tta_accordion][\/vc_column][\/vc_row]<\/p>\n<\/div>","protected":false},"excerpt":{"rendered":"<p>TerraBlade 6 m zbudowany jest na wytrzyma\u0142ej ramie stalowej o przekroju skrzynkowym, sk\u0142adaj\u0105cej si\u0119 z nieruchomej cz\u0119\u015bci \u015brodkowej i dw\u00f3ch pionowo sk\u0142adanych skrzyde\u0142. Dzia\u0142a skutecznie w najci\u0119\u017cszych glebach. Unikalne z\u0119by zaprojektowane przez Claydona mog\u0105 by\u0107 bezstopniowo regulowane, aby dopasowa\u0107 si\u0119 do ka\u017cdej szeroko\u015bci rz\u0119d\u00f3w, dzi\u0119ki czemu nadaj\u0105 si\u0119 do stosowania w ka\u017cdym systemie siewu ta\u015bmowego. Unikalne z\u0119by zaprojektowane przez Claydona pracuj\u0105 na g\u0142\u0119boko\u015bci do 30 mm i mog\u0105 by\u0107 regulowane, aby wywiera\u0107 r\u00f3\u017cny nacisk, w zale\u017cno\u015bci od wymaga\u0144 r\u00f3\u017cnych warunk\u00f3w glebowych. Ostrza te s\u0105 wykonane z w\u0119glika wolframu i dost\u0119pne w rozmiarach 125mm, 150mm, 175mm i 200mm.<\/p>\n","protected":false},"featured_media":97923,"template":"","meta":{"inline_featured_image":false},"product_brand":[],"product_cat":[206],"product_tag":[],"class_list":{"0":"post-98624","1":"product","2":"type-product","3":"status-publish","4":"has-post-thumbnail","6":"product_cat-products-pl","8":"first","9":"instock","10":"shipping-taxable","11":"product-type-simple"},"yoast_head":"<!-- This site is optimized with the Yoast SEO plugin v27.1.1 - https:\/\/yoast.com\/product\/yoast-seo-wordpress\/ -->\n<title>6m TerraBlade | Inter Row Cultivator | Inter Row Hoe | Claydon<\/title>\n<meta name=\"description\" content=\"Our 6m TerraBlade inter-row hoe is a low-cost, mechanical method of controlling weeds in combinable band-sown crops. Learn more about our inter row cultivator.\" \/>\n<meta name=\"robots\" content=\"index, follow, max-snippet:-1, max-image-preview:large, max-video-preview:-1\" \/>\n<link rel=\"canonical\" href=\"https:\/\/claydondrill.com\/pl\/product\/6m-terrablade\/\" \/>\n<meta property=\"og:locale\" content=\"pl_PL\" \/>\n<meta property=\"og:type\" content=\"article\" \/>\n<meta property=\"og:title\" content=\"6m TerraBlade | Inter Row Cultivator | Inter Row Hoe | Claydon\" \/>\n<meta property=\"og:description\" content=\"Our 6m TerraBlade inter-row hoe is a low-cost, mechanical method of controlling weeds in combinable band-sown crops. Learn more about our inter row cultivator.\" \/>\n<meta property=\"og:url\" content=\"https:\/\/claydondrill.com\/pl\/product\/6m-terrablade\/\" \/>\n<meta property=\"og:site_name\" content=\"Claydon Drill Seed\" \/>\n<meta property=\"article:modified_time\" content=\"2025-11-28T15:54:10+00:00\" \/>\n<meta property=\"og:image\" content=\"https:\/\/claydondrill.com\/wp-content\/uploads\/2021\/02\/TerraBlade-6m-scaled.jpg\" \/>\n\t<meta property=\"og:image:width\" content=\"2560\" \/>\n\t<meta property=\"og:image:height\" content=\"1810\" \/>\n\t<meta property=\"og:image:type\" content=\"image\/jpeg\" \/>\n<meta name=\"twitter:card\" content=\"summary_large_image\" \/>\n<meta name=\"twitter:label1\" content=\"Szacowany czas czytania\" \/>\n\t<meta name=\"twitter:data1\" content=\"2 minuty\" \/>\n<script type=\"application\/ld+json\" class=\"yoast-schema-graph\">{\"@context\":\"https:\/\/schema.org\",\"@graph\":[{\"@type\":\"WebPage\",\"@id\":\"https:\/\/claydondrill.com\/pl\/product\/6m-terrablade\/\",\"url\":\"https:\/\/claydondrill.com\/pl\/product\/6m-terrablade\/\",\"name\":\"6m TerraBlade | Inter Row Cultivator | Inter Row Hoe | Claydon\",\"isPartOf\":{\"@id\":\"https:\/\/claydondrill.com\/pl\/#website\"},\"primaryImageOfPage\":{\"@id\":\"https:\/\/claydondrill.com\/pl\/product\/6m-terrablade\/#primaryimage\"},\"image\":{\"@id\":\"https:\/\/claydondrill.com\/pl\/product\/6m-terrablade\/#primaryimage\"},\"thumbnailUrl\":\"https:\/\/claydondrill.com\/wp-content\/uploads\/2021\/02\/TerraBlade-6m-scaled.jpg\",\"datePublished\":\"2020-08-24T22:12:31+00:00\",\"dateModified\":\"2025-11-28T15:54:10+00:00\",\"description\":\"Our 6m TerraBlade inter-row hoe is a low-cost, mechanical method of controlling weeds in combinable band-sown crops. Learn more about our inter row cultivator.\",\"breadcrumb\":{\"@id\":\"https:\/\/claydondrill.com\/pl\/product\/6m-terrablade\/#breadcrumb\"},\"inLanguage\":\"pl-PL\",\"potentialAction\":[{\"@type\":\"ReadAction\",\"target\":[\"https:\/\/claydondrill.com\/pl\/product\/6m-terrablade\/\"]}]},{\"@type\":\"ImageObject\",\"inLanguage\":\"pl-PL\",\"@id\":\"https:\/\/claydondrill.com\/pl\/product\/6m-terrablade\/#primaryimage\",\"url\":\"https:\/\/claydondrill.com\/wp-content\/uploads\/2021\/02\/TerraBlade-6m-scaled.jpg\",\"contentUrl\":\"https:\/\/claydondrill.com\/wp-content\/uploads\/2021\/02\/TerraBlade-6m-scaled.jpg\",\"width\":2560,\"height\":1810},{\"@type\":\"BreadcrumbList\",\"@id\":\"https:\/\/claydondrill.com\/pl\/product\/6m-terrablade\/#breadcrumb\",\"itemListElement\":[{\"@type\":\"ListItem\",\"position\":1,\"name\":\"Home\",\"item\":\"https:\/\/claydondrill.com\/pl\/\"},{\"@type\":\"ListItem\",\"position\":2,\"name\":\"6m TerraBlade\"}]},{\"@type\":\"WebSite\",\"@id\":\"https:\/\/claydondrill.com\/pl\/#website\",\"url\":\"https:\/\/claydondrill.com\/pl\/\",\"name\":\"Claydon Drill Seed\",\"description\":\"\",\"potentialAction\":[{\"@type\":\"SearchAction\",\"target\":{\"@type\":\"EntryPoint\",\"urlTemplate\":\"https:\/\/claydondrill.com\/pl\/?s={search_term_string}\"},\"query-input\":{\"@type\":\"PropertyValueSpecification\",\"valueRequired\":true,\"valueName\":\"search_term_string\"}}],\"inLanguage\":\"pl-PL\"}]}<\/script>\n<!-- \/ Yoast SEO plugin. -->","yoast_head_json":{"title":"6m TerraBlade | Inter Row Cultivator | Inter Row Hoe | Claydon","description":"Our 6m TerraBlade inter-row hoe is a low-cost, mechanical method of controlling weeds in combinable band-sown crops. Learn more about our inter row cultivator.","robots":{"index":"index","follow":"follow","max-snippet":"max-snippet:-1","max-image-preview":"max-image-preview:large","max-video-preview":"max-video-preview:-1"},"canonical":"https:\/\/claydondrill.com\/pl\/product\/6m-terrablade\/","og_locale":"pl_PL","og_type":"article","og_title":"6m TerraBlade | Inter Row Cultivator | Inter Row Hoe | Claydon","og_description":"Our 6m TerraBlade inter-row hoe is a low-cost, mechanical method of controlling weeds in combinable band-sown crops. Learn more about our inter row cultivator.","og_url":"https:\/\/claydondrill.com\/pl\/product\/6m-terrablade\/","og_site_name":"Claydon Drill Seed","article_modified_time":"2025-11-28T15:54:10+00:00","og_image":[{"width":2560,"height":1810,"url":"https:\/\/claydondrill.com\/wp-content\/uploads\/2021\/02\/TerraBlade-6m-scaled.jpg","type":"image\/jpeg"}],"twitter_card":"summary_large_image","twitter_misc":{"Szacowany czas czytania":"2 minuty"},"schema":{"@context":"https:\/\/schema.org","@graph":[{"@type":"WebPage","@id":"https:\/\/claydondrill.com\/pl\/product\/6m-terrablade\/","url":"https:\/\/claydondrill.com\/pl\/product\/6m-terrablade\/","name":"6m TerraBlade | Inter Row Cultivator | Inter Row Hoe | Claydon","isPartOf":{"@id":"https:\/\/claydondrill.com\/pl\/#website"},"primaryImageOfPage":{"@id":"https:\/\/claydondrill.com\/pl\/product\/6m-terrablade\/#primaryimage"},"image":{"@id":"https:\/\/claydondrill.com\/pl\/product\/6m-terrablade\/#primaryimage"},"thumbnailUrl":"https:\/\/claydondrill.com\/wp-content\/uploads\/2021\/02\/TerraBlade-6m-scaled.jpg","datePublished":"2020-08-24T22:12:31+00:00","dateModified":"2025-11-28T15:54:10+00:00","description":"Our 6m TerraBlade inter-row hoe is a low-cost, mechanical method of controlling weeds in combinable band-sown crops. Learn more about our inter row cultivator.","breadcrumb":{"@id":"https:\/\/claydondrill.com\/pl\/product\/6m-terrablade\/#breadcrumb"},"inLanguage":"pl-PL","potentialAction":[{"@type":"ReadAction","target":["https:\/\/claydondrill.com\/pl\/product\/6m-terrablade\/"]}]},{"@type":"ImageObject","inLanguage":"pl-PL","@id":"https:\/\/claydondrill.com\/pl\/product\/6m-terrablade\/#primaryimage","url":"https:\/\/claydondrill.com\/wp-content\/uploads\/2021\/02\/TerraBlade-6m-scaled.jpg","contentUrl":"https:\/\/claydondrill.com\/wp-content\/uploads\/2021\/02\/TerraBlade-6m-scaled.jpg","width":2560,"height":1810},{"@type":"BreadcrumbList","@id":"https:\/\/claydondrill.com\/pl\/product\/6m-terrablade\/#breadcrumb","itemListElement":[{"@type":"ListItem","position":1,"name":"Home","item":"https:\/\/claydondrill.com\/pl\/"},{"@type":"ListItem","position":2,"name":"6m TerraBlade"}]},{"@type":"WebSite","@id":"https:\/\/claydondrill.com\/pl\/#website","url":"https:\/\/claydondrill.com\/pl\/","name":"Claydon Drill Seed","description":"","potentialAction":[{"@type":"SearchAction","target":{"@type":"EntryPoint","urlTemplate":"https:\/\/claydondrill.com\/pl\/?s={search_term_string}"},"query-input":{"@type":"PropertyValueSpecification","valueRequired":true,"valueName":"search_term_string"}}],"inLanguage":"pl-PL"}]}},"_links":{"self":[{"href":"https:\/\/claydondrill.com\/pl\/wp-json\/wp\/v2\/product\/98624","targetHints":{"allow":["GET"]}}],"collection":[{"href":"https:\/\/claydondrill.com\/pl\/wp-json\/wp\/v2\/product"}],"about":[{"href":"https:\/\/claydondrill.com\/pl\/wp-json\/wp\/v2\/types\/product"}],"wp:featuredmedia":[{"embeddable":true,"href":"https:\/\/claydondrill.com\/pl\/wp-json\/wp\/v2\/media\/97923"}],"wp:attachment":[{"href":"https:\/\/claydondrill.com\/pl\/wp-json\/wp\/v2\/media?parent=98624"}],"wp:term":[{"taxonomy":"product_brand","embeddable":true,"href":"https:\/\/claydondrill.com\/pl\/wp-json\/wp\/v2\/product_brand?post=98624"},{"taxonomy":"product_cat","embeddable":true,"href":"https:\/\/claydondrill.com\/pl\/wp-json\/wp\/v2\/product_cat?post=98624"},{"taxonomy":"product_tag","embeddable":true,"href":"https:\/\/claydondrill.com\/pl\/wp-json\/wp\/v2\/product_tag?post=98624"}],"curies":[{"name":"wp","href":"https:\/\/api.w.org\/{rel}","templated":true}]}}