{"id":98613,"date":"2020-08-25T07:06:49","date_gmt":"2020-08-25T07:06:49","guid":{"rendered":"https:\/\/claydondrill.com\/product\/12-3m\/"},"modified":"2022-04-05T13:19:41","modified_gmt":"2022-04-05T13:19:41","slug":"waly-cambridge-12-3m","status":"publish","type":"product","link":"https:\/\/claydondrill.com\/pl\/waly-cambridge-123m\/","title":{"rendered":"Wa\u0142y Cambridge 12.3m"},"content":{"rendered":"<div class=\"wpb-content-wrapper\"><p>[vc_row][vc_column][vc_custom_heading text=&#8221;Cechy konstrukcyjne&#8221; use_theme_fonts=&#8221;yes&#8221;][vc_tta_accordion][vc_tta_section title=&#8221;Przyjazny dla u\u017cytkownika&#8221; tab_id=&#8221;1592830786278-25940583-c2e3&#8243;][vc_column_text]<\/p>\n<ul>\n<li>\u0141atwe sk\u0142adanie i rozk\u0142adanie z kabiny ci\u0105gnika.<\/li>\n<\/ul>\n<p>[\/vc_column_text][\/vc_tta_section][vc_tta_section title=&#8221;Optymalna wydajno\u015b\u0107&#8221; tab_id=&#8221;1598338771407-409d47ac-9373&#8243;][vc_column_text]<\/p>\n<ul>\n<li>System przenoszenia obci\u0105\u017ce\u0144 zapewnia r\u00f3wnomiern\u0105 konsolidacj\u0119 na ca\u0142ej szeroko\u015bci roboczej.<\/li>\n<li>Si\u0142ownik centralny pozostaje w pozycji p\u0142ywaj\u0105cej, a si\u0142owniki skrzyde\u0142 s\u0105 pod ci\u015bnieniem.<\/li>\n<\/ul>\n<p>[\/vc_column_text][\/vc_tta_section][vc_tta_section title=&#8221;Ci\u0119\u017cki i wytrzyma\u0142y&#8221; tab_id=&#8221;1598338826550-282d4aca-a24e&#8221;][vc_column_text]<\/p>\n<ul>\n<li>600 mm odlew Cambridge i pier\u015bcienie rozbijaj\u0105ce.<\/li>\n<li>O\u015b do du\u017cych obci\u0105\u017ce\u0144 z hamulcem hydraulicznym.<\/li>\n<li>Opony 520\/50-17 o zwi\u0119kszonej no\u015bno\u015bci w celu zredukowania do minimum przejazd\u00f3w k\u00f3\u0142.<\/li>\n<\/ul>\n<p>[\/vc_column_text][\/vc_tta_section][vc_tta_section title=&#8221;\u0141atwo\u015b\u0107 manewrowania&#8221; tab_id=&#8221;1598338867905-95083066-18e2&#8243;][vc_column_text]<\/p>\n<ul>\n<li>Nisko po\u0142o\u017cony \u015brodek ci\u0119\u017cko\u015bci i doskona\u0142a widoczno\u015b\u0107 sprawiaj\u0105, \u017ce wa\u0142y Claydon s\u0105 bezpieczne i \u0142atwe w manewrowaniu pomi\u0119dzy polami.<\/li>\n<\/ul>\n<p>[\/vc_column_text][\/vc_tta_section][\/vc_tta_accordion][\/vc_column][\/vc_row]<\/p>\n<\/div>","protected":false},"excerpt":{"rendered":"<p>Najwi\u0119kszy w gamie wa\u0142\u00f3w Claydon Cambridge, model 12,3 m ma nisko po\u0142o\u017cony \u015brodek ci\u0119\u017cko\u015bci i doskona\u0142\u0105 widoczno\u015b\u0107, dzi\u0119ki czemu mo\u017cna nim bezpiecznie i bezstresowo manewrowa\u0107 mi\u0119dzy polami. Sekcje 5 x 2,5 m sk\u0142adaj\u0105 si\u0119 w poziomie do wysoko\u015bci poni\u017cej 2,85 m, co u\u0142atwia transport drogowy.<\/p>\n<p>8400kg roz\u0142o\u017cone na 12,3m oznacza, \u017ce wa\u0142y Claydon\u00a0 wywieraj\u0105 683kg nacisku na metr. System przenoszenia obci\u0105\u017cenia zapewnia r\u00f3wnomiern\u0105 konsolidacj\u0119 wa\u0142\u00f3w na ca\u0142ej szeroko\u015bci roboczej maszyny. 24-calowe (600 mm) pier\u015bcienie rozbijaj\u0105ce pracuj\u0105ce na osi\u00a0 60 mm pozwalaj\u0105 wa\u0142om konsolidowa\u0107 si\u0119 w d\u00f3\u0142 w rz\u0119dach siewu, tworz\u0105c\u00a0 bezkompromisowe dzia\u0142anie.<\/p>\n<p>Wa\u0142y o szeroko\u015bci 12,3 m doskonale wsp\u00f3\u0142pracuj\u0105 z 24-metrowymi \u015bcie\u017ckami technologicznymi i ograniczaj\u0105 do minimum przejazdy k\u00f3\u0142 ci\u0105gnika po polu.<\/p>\n","protected":false},"featured_media":97557,"template":"","meta":{"inline_featured_image":false},"product_brand":[],"product_cat":[],"product_tag":[],"class_list":{"0":"post-98613","1":"product","2":"type-product","3":"status-publish","4":"has-post-thumbnail","7":"first","8":"instock","9":"shipping-taxable","10":"product-type-simple"},"yoast_head":"<!-- This site is optimized with the Yoast SEO plugin v27.1.1 - https:\/\/yoast.com\/product\/yoast-seo-wordpress\/ -->\n<title>12.3m Cambridge Rolls | Cambridge Rolls For Sale | Claydon<\/title>\n<meta name=\"description\" content=\"Wanting effective crop establishment &amp; thorough soil consolidation? Claydon&#039;s 12.3m Cambridge Rolls give your crops an uncompromised start. Learn more.\" \/>\n<meta name=\"robots\" content=\"index, follow, max-snippet:-1, max-image-preview:large, max-video-preview:-1\" \/>\n<link rel=\"canonical\" href=\"https:\/\/claydondrill.com\/pl\/waly-cambridge-123m\/\" \/>\n<meta property=\"og:locale\" content=\"pl_PL\" \/>\n<meta property=\"og:type\" content=\"article\" \/>\n<meta property=\"og:title\" content=\"12.3m Cambridge Rolls | Cambridge Rolls For Sale | Claydon\" \/>\n<meta property=\"og:description\" content=\"Wanting effective crop establishment &amp; thorough soil consolidation? Claydon&#039;s 12.3m Cambridge Rolls give your crops an uncompromised start. Learn more.\" \/>\n<meta property=\"og:url\" content=\"https:\/\/claydondrill.com\/pl\/waly-cambridge-123m\/\" \/>\n<meta property=\"og:site_name\" content=\"Claydon Drill Seed\" \/>\n<meta property=\"article:modified_time\" content=\"2022-04-05T13:19:41+00:00\" \/>\n<meta property=\"og:image\" content=\"https:\/\/claydondrill.com\/wp-content\/uploads\/2020\/10\/12.3-Rolls-DSC_0945.jpg\" \/>\n\t<meta property=\"og:image:width\" content=\"2500\" \/>\n\t<meta property=\"og:image:height\" content=\"1674\" \/>\n\t<meta property=\"og:image:type\" content=\"image\/jpeg\" \/>\n<meta name=\"twitter:card\" content=\"summary_large_image\" \/>\n<meta name=\"twitter:label1\" content=\"Szacowany czas czytania\" \/>\n\t<meta name=\"twitter:data1\" content=\"1 minuta\" \/>\n<script type=\"application\/ld+json\" class=\"yoast-schema-graph\">{\"@context\":\"https:\/\/schema.org\",\"@graph\":[{\"@type\":\"WebPage\",\"@id\":\"https:\/\/claydondrill.com\/pl\/waly-cambridge-123m\/\",\"url\":\"https:\/\/claydondrill.com\/pl\/waly-cambridge-123m\/\",\"name\":\"12.3m Cambridge Rolls | Cambridge Rolls For Sale | Claydon\",\"isPartOf\":{\"@id\":\"https:\/\/claydondrill.com\/pl\/#website\"},\"primaryImageOfPage\":{\"@id\":\"https:\/\/claydondrill.com\/pl\/waly-cambridge-123m\/#primaryimage\"},\"image\":{\"@id\":\"https:\/\/claydondrill.com\/pl\/waly-cambridge-123m\/#primaryimage\"},\"thumbnailUrl\":\"https:\/\/claydondrill.com\/wp-content\/uploads\/2020\/10\/12.3-Rolls-DSC_0945.jpg\",\"datePublished\":\"2020-08-25T07:06:49+00:00\",\"dateModified\":\"2022-04-05T13:19:41+00:00\",\"description\":\"Wanting effective crop establishment & thorough soil consolidation? Claydon's 12.3m Cambridge Rolls give your crops an uncompromised start. Learn more.\",\"breadcrumb\":{\"@id\":\"https:\/\/claydondrill.com\/pl\/waly-cambridge-123m\/#breadcrumb\"},\"inLanguage\":\"pl-PL\",\"potentialAction\":[{\"@type\":\"ReadAction\",\"target\":[\"https:\/\/claydondrill.com\/pl\/waly-cambridge-123m\/\"]}]},{\"@type\":\"ImageObject\",\"inLanguage\":\"pl-PL\",\"@id\":\"https:\/\/claydondrill.com\/pl\/waly-cambridge-123m\/#primaryimage\",\"url\":\"https:\/\/claydondrill.com\/wp-content\/uploads\/2020\/10\/12.3-Rolls-DSC_0945.jpg\",\"contentUrl\":\"https:\/\/claydondrill.com\/wp-content\/uploads\/2020\/10\/12.3-Rolls-DSC_0945.jpg\",\"width\":2500,\"height\":1674},{\"@type\":\"BreadcrumbList\",\"@id\":\"https:\/\/claydondrill.com\/pl\/waly-cambridge-123m\/#breadcrumb\",\"itemListElement\":[{\"@type\":\"ListItem\",\"position\":1,\"name\":\"Home\",\"item\":\"https:\/\/claydondrill.com\/pl\/\"},{\"@type\":\"ListItem\",\"position\":2,\"name\":\"Wa\u0142y Cambridge 12.3m\"}]},{\"@type\":\"WebSite\",\"@id\":\"https:\/\/claydondrill.com\/pl\/#website\",\"url\":\"https:\/\/claydondrill.com\/pl\/\",\"name\":\"Claydon Drill Seed\",\"description\":\"\",\"potentialAction\":[{\"@type\":\"SearchAction\",\"target\":{\"@type\":\"EntryPoint\",\"urlTemplate\":\"https:\/\/claydondrill.com\/pl\/?s={search_term_string}\"},\"query-input\":{\"@type\":\"PropertyValueSpecification\",\"valueRequired\":true,\"valueName\":\"search_term_string\"}}],\"inLanguage\":\"pl-PL\"}]}<\/script>\n<!-- \/ Yoast SEO plugin. -->","yoast_head_json":{"title":"12.3m Cambridge Rolls | Cambridge Rolls For Sale | Claydon","description":"Wanting effective crop establishment & thorough soil consolidation? Claydon's 12.3m Cambridge Rolls give your crops an uncompromised start. Learn more.","robots":{"index":"index","follow":"follow","max-snippet":"max-snippet:-1","max-image-preview":"max-image-preview:large","max-video-preview":"max-video-preview:-1"},"canonical":"https:\/\/claydondrill.com\/pl\/waly-cambridge-123m\/","og_locale":"pl_PL","og_type":"article","og_title":"12.3m Cambridge Rolls | Cambridge Rolls For Sale | Claydon","og_description":"Wanting effective crop establishment & thorough soil consolidation? Claydon's 12.3m Cambridge Rolls give your crops an uncompromised start. Learn more.","og_url":"https:\/\/claydondrill.com\/pl\/waly-cambridge-123m\/","og_site_name":"Claydon Drill Seed","article_modified_time":"2022-04-05T13:19:41+00:00","og_image":[{"width":2500,"height":1674,"url":"https:\/\/claydondrill.com\/wp-content\/uploads\/2020\/10\/12.3-Rolls-DSC_0945.jpg","type":"image\/jpeg"}],"twitter_card":"summary_large_image","twitter_misc":{"Szacowany czas czytania":"1 minuta"},"schema":{"@context":"https:\/\/schema.org","@graph":[{"@type":"WebPage","@id":"https:\/\/claydondrill.com\/pl\/waly-cambridge-123m\/","url":"https:\/\/claydondrill.com\/pl\/waly-cambridge-123m\/","name":"12.3m Cambridge Rolls | Cambridge Rolls For Sale | Claydon","isPartOf":{"@id":"https:\/\/claydondrill.com\/pl\/#website"},"primaryImageOfPage":{"@id":"https:\/\/claydondrill.com\/pl\/waly-cambridge-123m\/#primaryimage"},"image":{"@id":"https:\/\/claydondrill.com\/pl\/waly-cambridge-123m\/#primaryimage"},"thumbnailUrl":"https:\/\/claydondrill.com\/wp-content\/uploads\/2020\/10\/12.3-Rolls-DSC_0945.jpg","datePublished":"2020-08-25T07:06:49+00:00","dateModified":"2022-04-05T13:19:41+00:00","description":"Wanting effective crop establishment & thorough soil consolidation? Claydon's 12.3m Cambridge Rolls give your crops an uncompromised start. Learn more.","breadcrumb":{"@id":"https:\/\/claydondrill.com\/pl\/waly-cambridge-123m\/#breadcrumb"},"inLanguage":"pl-PL","potentialAction":[{"@type":"ReadAction","target":["https:\/\/claydondrill.com\/pl\/waly-cambridge-123m\/"]}]},{"@type":"ImageObject","inLanguage":"pl-PL","@id":"https:\/\/claydondrill.com\/pl\/waly-cambridge-123m\/#primaryimage","url":"https:\/\/claydondrill.com\/wp-content\/uploads\/2020\/10\/12.3-Rolls-DSC_0945.jpg","contentUrl":"https:\/\/claydondrill.com\/wp-content\/uploads\/2020\/10\/12.3-Rolls-DSC_0945.jpg","width":2500,"height":1674},{"@type":"BreadcrumbList","@id":"https:\/\/claydondrill.com\/pl\/waly-cambridge-123m\/#breadcrumb","itemListElement":[{"@type":"ListItem","position":1,"name":"Home","item":"https:\/\/claydondrill.com\/pl\/"},{"@type":"ListItem","position":2,"name":"Wa\u0142y Cambridge 12.3m"}]},{"@type":"WebSite","@id":"https:\/\/claydondrill.com\/pl\/#website","url":"https:\/\/claydondrill.com\/pl\/","name":"Claydon Drill Seed","description":"","potentialAction":[{"@type":"SearchAction","target":{"@type":"EntryPoint","urlTemplate":"https:\/\/claydondrill.com\/pl\/?s={search_term_string}"},"query-input":{"@type":"PropertyValueSpecification","valueRequired":true,"valueName":"search_term_string"}}],"inLanguage":"pl-PL"}]}},"_links":{"self":[{"href":"https:\/\/claydondrill.com\/pl\/wp-json\/wp\/v2\/product\/98613","targetHints":{"allow":["GET"]}}],"collection":[{"href":"https:\/\/claydondrill.com\/pl\/wp-json\/wp\/v2\/product"}],"about":[{"href":"https:\/\/claydondrill.com\/pl\/wp-json\/wp\/v2\/types\/product"}],"wp:featuredmedia":[{"embeddable":true,"href":"https:\/\/claydondrill.com\/pl\/wp-json\/wp\/v2\/media\/97557"}],"wp:attachment":[{"href":"https:\/\/claydondrill.com\/pl\/wp-json\/wp\/v2\/media?parent=98613"}],"wp:term":[{"taxonomy":"product_brand","embeddable":true,"href":"https:\/\/claydondrill.com\/pl\/wp-json\/wp\/v2\/product_brand?post=98613"},{"taxonomy":"product_cat","embeddable":true,"href":"https:\/\/claydondrill.com\/pl\/wp-json\/wp\/v2\/product_cat?post=98613"},{"taxonomy":"product_tag","embeddable":true,"href":"https:\/\/claydondrill.com\/pl\/wp-json\/wp\/v2\/product_tag?post=98613"}],"curies":[{"name":"wp","href":"https:\/\/api.w.org\/{rel}","templated":true}]}}