{"id":98595,"date":"2022-03-01T16:01:16","date_gmt":"2022-03-01T16:01:16","guid":{"rendered":"https:\/\/claydondrill.com\/?post_type=product&#038;p=98595"},"modified":"2026-02-17T10:44:43","modified_gmt":"2026-02-17T09:44:43","slug":"15m-zgrzeblo","status":"publish","type":"product","link":"https:\/\/claydondrill.com\/pl\/product\/15m-zgrzeblo\/","title":{"rendered":"15m Zgrzeb\u0142o"},"content":{"rendered":"<div class=\"wpb-content-wrapper\"><p>[vc_row][vc_column][vc_custom_heading text=&#8221;Cechy konstrukcyjne&#8221; use_theme_fonts=&#8221;yes&#8221; css=&#8221;.vc_custom_1649167798204{margin-bottom: 20px !important;}&#8221;][vc_tta_accordion][vc_tta_section title=&#8221;Hydraulicznie ustawiany k\u0105t pochylenia z\u0119b\u00f3w&#8221; tab_id=&#8221;1592830786278-25940583-c2e3&#8243;][vc_column_text]<\/p>\n<ul>\n<li>Zmiana k\u0105ta roboczego w zale\u017cno\u015bci od warunk\u00f3w polowych w celu uzyskania optymalnej uprawy<\/li>\n<li>Szybko zmniejszaj\u0105 nacisk w miejscach mokrych przepuszczaj\u0105c mas\u0119 przez siebie, nie zapychaj\u0105c si\u0119<\/li>\n<\/ul>\n<p>[\/vc_column_text][\/vc_tta_section][vc_tta_section title=&#8221;Bardzo grube, trwa\u0142e z\u0119by &#8220;Wrap around&#8220;&#8221; tab_id=&#8221;1592830786302-1f2f3fdb-18c2&#8243;][vc_column_text]<\/p>\n<ul>\n<li>Unikalna konstrukcja &#8220;wrap around&#8221; Claydon oznacza, \u017ce z\u0119by nie maj\u0105 punkt\u00f3w nacisku, gdzie mog\u0142yby si\u0119 z\u0142ama\u0107<\/li>\n<li>Konstrukcja typu \u201ewrap around&#8221; firmy Claydon umo\u017cliwia jazd\u0119 do przodu z pr\u0119dko\u015bci\u0105 do 30 km\/h<\/li>\n<li>Aby unikn\u0105\u0107 gromadzenia si\u0119 s\u0142omy nale\u017cy pracowa\u0107 z z\u0119bami skierowanymi w d\u00f3\u0142; nie b\u0119d\u0105 si\u0119 one \u0142ama\u0107!<\/li>\n<li>Konstrukcja typu &#8220;wrap around&#8221; umo\u017cliwia wibracj\u0119 z\u0119b\u00f3w i tworzenie optymalnej struktury gleby<\/li>\n<\/ul>\n<p>[\/vc_column_text][\/vc_tta_section][vc_tta_section title=&#8221;Rama o przekroju kwadratowym 150 mm&#8221; tab_id=&#8221;1592830786325-679294e8-f7b0&#8243;][vc_column_text]<\/p>\n<ul>\n<li>Zgrzeb\u0142a Claydon s\u0105 zbudowane tak, aby s\u0142u\u017cy\u0107 d\u0142ugo. Ich rama zosta\u0142a zaprojektowana do pracy przy bardzo du\u017cych pr\u0119dko\u015bciach roboczych<\/li>\n<\/ul>\n<p>[\/vc_column_text][\/vc_tta_section][vc_tta_section title=&#8221;Pi\u0119\u0107 belek z\u0119b\u00f3w&#8221; tab_id=&#8221;1592830786358-b61d2476-3fba&#8221;][vc_column_text]<\/p>\n<ul>\n<li>Du\u017cy prze\u015bwit stworzony przez 5 rz\u0119d\u00f3w sprawia, \u017ce zatory s\u0105 ma\u0142o prawdopodobne<\/li>\n<li>240 wibruj\u0105cych z\u0119b\u00f3w wbija si\u0119 w gleb\u0119 co 60 mm, zapewniaj\u0105c prac\u0119 na ca\u0142ym polu<\/li>\n<\/ul>\n<p>[\/vc_column_text][\/vc_tta_section][vc_tta_section title=&#8221;Transport drogowy&#8221; tab_id=&#8221;1592830786398-ae5e301e-0b85&#8243;][vc_column_text]<\/p>\n<ul>\n<li>Wszystkie zgrzeb\u0142a Claydon sk\u0142adaj\u0105 si\u0119 do wysoko\u015bci mniejszej ni\u017c 3m dla transportu drogowego<\/li>\n<li>Tablice \u015bwietlne i os\u0142ony ochronne montowane s\u0105 seryjnie<\/li>\n<\/ul>\n<p>[\/vc_column_text][\/vc_tta_section][\/vc_tta_accordion][\/vc_column][\/vc_row]<\/p>\n<\/div>","protected":false},"excerpt":{"rendered":"<p>Zaczepiane zgrzeb\u0142o 15m jest najwi\u0119ksze w ofercie. Poruszaj\u0105c si\u0119 z pr\u0119dko\u015bci\u0105 ponad 15 km\/h, jest to narz\u0119dzie o wysokiej wydajno\u015bci i niskich kosztach eksploatacji, s\u0142u\u017c\u0105ce do zagospodarowania \u015bcierniska i zwalczania chwast\u00f3w.<\/p>\n","protected":false},"featured_media":94463,"template":"","meta":{"inline_featured_image":false},"product_brand":[],"product_cat":[206],"product_tag":[],"class_list":{"0":"post-98595","1":"product","2":"type-product","3":"status-publish","4":"has-post-thumbnail","6":"product_cat-products-pl","8":"first","9":"instock","10":"shipping-taxable","11":"product-type-simple"},"yoast_head":"<!-- This site is optimized with the Yoast SEO plugin v27.1.1 - https:\/\/yoast.com\/product\/yoast-seo-wordpress\/ -->\n<title>Brona 15m Claydon | Zgrzeb\u0142o Ci\u0105gnione PL<\/title>\n<meta name=\"description\" content=\"Poznaj bron\u0119 15m Claydon w Polsce. Wydajne zgrzeb\u0142o ci\u0105gnione do zarz\u0105dzania resztkami po\u017cniwnymi i przygotowania gleby do siewu.\" \/>\n<meta name=\"robots\" content=\"index, follow, max-snippet:-1, max-image-preview:large, max-video-preview:-1\" \/>\n<link rel=\"canonical\" href=\"https:\/\/claydondrill.com\/pl\/product\/15m-zgrzeblo\/\" \/>\n<meta property=\"og:locale\" content=\"pl_PL\" \/>\n<meta property=\"og:type\" content=\"article\" \/>\n<meta property=\"og:title\" content=\"Brona 15m Claydon | Zgrzeb\u0142o Ci\u0105gnione PL\" \/>\n<meta property=\"og:description\" content=\"Poznaj bron\u0119 15m Claydon w Polsce. Wydajne zgrzeb\u0142o ci\u0105gnione do zarz\u0105dzania resztkami po\u017cniwnymi i przygotowania gleby do siewu.\" \/>\n<meta property=\"og:url\" content=\"https:\/\/claydondrill.com\/pl\/product\/15m-zgrzeblo\/\" \/>\n<meta property=\"og:site_name\" content=\"Claydon Drill Seed\" \/>\n<meta property=\"article:modified_time\" content=\"2026-02-17T09:44:43+00:00\" \/>\n<meta property=\"og:image\" content=\"https:\/\/claydondrill.com\/wp-content\/uploads\/2020\/08\/15m.jpg\" \/>\n\t<meta property=\"og:image:width\" content=\"1000\" \/>\n\t<meta property=\"og:image:height\" content=\"669\" \/>\n\t<meta property=\"og:image:type\" content=\"image\/jpeg\" \/>\n<meta name=\"twitter:card\" content=\"summary_large_image\" \/>\n<meta name=\"twitter:label1\" content=\"Szacowany czas czytania\" \/>\n\t<meta name=\"twitter:data1\" content=\"2 minuty\" \/>\n<script type=\"application\/ld+json\" class=\"yoast-schema-graph\">{\"@context\":\"https:\/\/schema.org\",\"@graph\":[{\"@type\":\"WebPage\",\"@id\":\"https:\/\/claydondrill.com\/pl\/product\/15m-zgrzeblo\/\",\"url\":\"https:\/\/claydondrill.com\/pl\/product\/15m-zgrzeblo\/\",\"name\":\"Brona 15m Claydon | Zgrzeb\u0142o Ci\u0105gnione PL\",\"isPartOf\":{\"@id\":\"https:\/\/claydondrill.com\/pl\/#website\"},\"primaryImageOfPage\":{\"@id\":\"https:\/\/claydondrill.com\/pl\/product\/15m-zgrzeblo\/#primaryimage\"},\"image\":{\"@id\":\"https:\/\/claydondrill.com\/pl\/product\/15m-zgrzeblo\/#primaryimage\"},\"thumbnailUrl\":\"https:\/\/claydondrill.com\/wp-content\/uploads\/2020\/08\/15m.jpg\",\"datePublished\":\"2022-03-01T16:01:16+00:00\",\"dateModified\":\"2026-02-17T09:44:43+00:00\",\"description\":\"Poznaj bron\u0119 15m Claydon w Polsce. Wydajne zgrzeb\u0142o ci\u0105gnione do zarz\u0105dzania resztkami po\u017cniwnymi i przygotowania gleby do siewu.\",\"breadcrumb\":{\"@id\":\"https:\/\/claydondrill.com\/pl\/product\/15m-zgrzeblo\/#breadcrumb\"},\"inLanguage\":\"pl-PL\",\"potentialAction\":[{\"@type\":\"ReadAction\",\"target\":[\"https:\/\/claydondrill.com\/pl\/product\/15m-zgrzeblo\/\"]}]},{\"@type\":\"ImageObject\",\"inLanguage\":\"pl-PL\",\"@id\":\"https:\/\/claydondrill.com\/pl\/product\/15m-zgrzeblo\/#primaryimage\",\"url\":\"https:\/\/claydondrill.com\/wp-content\/uploads\/2020\/08\/15m.jpg\",\"contentUrl\":\"https:\/\/claydondrill.com\/wp-content\/uploads\/2020\/08\/15m.jpg\",\"width\":1000,\"height\":669},{\"@type\":\"BreadcrumbList\",\"@id\":\"https:\/\/claydondrill.com\/pl\/product\/15m-zgrzeblo\/#breadcrumb\",\"itemListElement\":[{\"@type\":\"ListItem\",\"position\":1,\"name\":\"Home\",\"item\":\"https:\/\/claydondrill.com\/pl\/\"},{\"@type\":\"ListItem\",\"position\":2,\"name\":\"15m Zgrzeb\u0142o\"}]},{\"@type\":\"WebSite\",\"@id\":\"https:\/\/claydondrill.com\/pl\/#website\",\"url\":\"https:\/\/claydondrill.com\/pl\/\",\"name\":\"Claydon Drill Seed\",\"description\":\"\",\"potentialAction\":[{\"@type\":\"SearchAction\",\"target\":{\"@type\":\"EntryPoint\",\"urlTemplate\":\"https:\/\/claydondrill.com\/pl\/?s={search_term_string}\"},\"query-input\":{\"@type\":\"PropertyValueSpecification\",\"valueRequired\":true,\"valueName\":\"search_term_string\"}}],\"inLanguage\":\"pl-PL\"}]}<\/script>\n<!-- \/ Yoast SEO plugin. -->","yoast_head_json":{"title":"Brona 15m Claydon | Zgrzeb\u0142o Ci\u0105gnione PL","description":"Poznaj bron\u0119 15m Claydon w Polsce. Wydajne zgrzeb\u0142o ci\u0105gnione do zarz\u0105dzania resztkami po\u017cniwnymi i przygotowania gleby do siewu.","robots":{"index":"index","follow":"follow","max-snippet":"max-snippet:-1","max-image-preview":"max-image-preview:large","max-video-preview":"max-video-preview:-1"},"canonical":"https:\/\/claydondrill.com\/pl\/product\/15m-zgrzeblo\/","og_locale":"pl_PL","og_type":"article","og_title":"Brona 15m Claydon | Zgrzeb\u0142o Ci\u0105gnione PL","og_description":"Poznaj bron\u0119 15m Claydon w Polsce. Wydajne zgrzeb\u0142o ci\u0105gnione do zarz\u0105dzania resztkami po\u017cniwnymi i przygotowania gleby do siewu.","og_url":"https:\/\/claydondrill.com\/pl\/product\/15m-zgrzeblo\/","og_site_name":"Claydon Drill Seed","article_modified_time":"2026-02-17T09:44:43+00:00","og_image":[{"width":1000,"height":669,"url":"https:\/\/claydondrill.com\/wp-content\/uploads\/2020\/08\/15m.jpg","type":"image\/jpeg"}],"twitter_card":"summary_large_image","twitter_misc":{"Szacowany czas czytania":"2 minuty"},"schema":{"@context":"https:\/\/schema.org","@graph":[{"@type":"WebPage","@id":"https:\/\/claydondrill.com\/pl\/product\/15m-zgrzeblo\/","url":"https:\/\/claydondrill.com\/pl\/product\/15m-zgrzeblo\/","name":"Brona 15m Claydon | Zgrzeb\u0142o Ci\u0105gnione PL","isPartOf":{"@id":"https:\/\/claydondrill.com\/pl\/#website"},"primaryImageOfPage":{"@id":"https:\/\/claydondrill.com\/pl\/product\/15m-zgrzeblo\/#primaryimage"},"image":{"@id":"https:\/\/claydondrill.com\/pl\/product\/15m-zgrzeblo\/#primaryimage"},"thumbnailUrl":"https:\/\/claydondrill.com\/wp-content\/uploads\/2020\/08\/15m.jpg","datePublished":"2022-03-01T16:01:16+00:00","dateModified":"2026-02-17T09:44:43+00:00","description":"Poznaj bron\u0119 15m Claydon w Polsce. Wydajne zgrzeb\u0142o ci\u0105gnione do zarz\u0105dzania resztkami po\u017cniwnymi i przygotowania gleby do siewu.","breadcrumb":{"@id":"https:\/\/claydondrill.com\/pl\/product\/15m-zgrzeblo\/#breadcrumb"},"inLanguage":"pl-PL","potentialAction":[{"@type":"ReadAction","target":["https:\/\/claydondrill.com\/pl\/product\/15m-zgrzeblo\/"]}]},{"@type":"ImageObject","inLanguage":"pl-PL","@id":"https:\/\/claydondrill.com\/pl\/product\/15m-zgrzeblo\/#primaryimage","url":"https:\/\/claydondrill.com\/wp-content\/uploads\/2020\/08\/15m.jpg","contentUrl":"https:\/\/claydondrill.com\/wp-content\/uploads\/2020\/08\/15m.jpg","width":1000,"height":669},{"@type":"BreadcrumbList","@id":"https:\/\/claydondrill.com\/pl\/product\/15m-zgrzeblo\/#breadcrumb","itemListElement":[{"@type":"ListItem","position":1,"name":"Home","item":"https:\/\/claydondrill.com\/pl\/"},{"@type":"ListItem","position":2,"name":"15m Zgrzeb\u0142o"}]},{"@type":"WebSite","@id":"https:\/\/claydondrill.com\/pl\/#website","url":"https:\/\/claydondrill.com\/pl\/","name":"Claydon Drill Seed","description":"","potentialAction":[{"@type":"SearchAction","target":{"@type":"EntryPoint","urlTemplate":"https:\/\/claydondrill.com\/pl\/?s={search_term_string}"},"query-input":{"@type":"PropertyValueSpecification","valueRequired":true,"valueName":"search_term_string"}}],"inLanguage":"pl-PL"}]}},"_links":{"self":[{"href":"https:\/\/claydondrill.com\/pl\/wp-json\/wp\/v2\/product\/98595","targetHints":{"allow":["GET"]}}],"collection":[{"href":"https:\/\/claydondrill.com\/pl\/wp-json\/wp\/v2\/product"}],"about":[{"href":"https:\/\/claydondrill.com\/pl\/wp-json\/wp\/v2\/types\/product"}],"wp:featuredmedia":[{"embeddable":true,"href":"https:\/\/claydondrill.com\/pl\/wp-json\/wp\/v2\/media\/94463"}],"wp:attachment":[{"href":"https:\/\/claydondrill.com\/pl\/wp-json\/wp\/v2\/media?parent=98595"}],"wp:term":[{"taxonomy":"product_brand","embeddable":true,"href":"https:\/\/claydondrill.com\/pl\/wp-json\/wp\/v2\/product_brand?post=98595"},{"taxonomy":"product_cat","embeddable":true,"href":"https:\/\/claydondrill.com\/pl\/wp-json\/wp\/v2\/product_cat?post=98595"},{"taxonomy":"product_tag","embeddable":true,"href":"https:\/\/claydondrill.com\/pl\/wp-json\/wp\/v2\/product_tag?post=98595"}],"curies":[{"name":"wp","href":"https:\/\/api.w.org\/{rel}","templated":true}]}}