{"id":107831,"date":"2025-06-19T09:46:28","date_gmt":"2025-06-19T08:46:28","guid":{"rendered":"https:\/\/claydondrill.com\/produkte\/evolution-front-hopper-single\/"},"modified":"2026-04-20T16:20:18","modified_gmt":"2026-04-20T15:20:18","slug":"evolution-front-hopper-single","status":"publish","type":"product","link":"https:\/\/claydondrill.com\/pl\/product\/evolution-pojedynczy-przedni-zbiornik\/","title":{"rendered":"EVOLUTION POJEDYNCZY PRZEDNI ZBIORNIK"},"content":{"rendered":"<div class=\"wpb-content-wrapper\"><p>[vc_row][vc_column][vc_column_text css=&#8221;&#8221;]<\/p>\n<p data-start=\"102\" data-end=\"301\">Pojedynczy Przedni Zbiornik Evolution o pojemno\u015bci 2 000 litr\u00f3w jest jedn\u0105 z dw\u00f3ch opcji dost\u0119pnych dla rolnik\u00f3w rozwa\u017caj\u0105cych zastosowanie przedniego zbiornika w po\u0142\u0105czeniu z tyln\u0105 belk\u0105 siewn\u0105.<\/p>\n<p data-start=\"303\" data-end=\"643\">Wyposa\u017cony w du\u017c\u0105 pokryw\u0119 otwieran\u0105 o wymiarach 1 800 \u00d7 750 mm, z jednym centralnym zamkiem oraz si\u0142ownikiem podtrzymuj\u0105cym, posiada wyjmowane sita ze stali nierdzewnej, pojedynczy mechanizm dozuj\u0105cy, dwa czujniki poziomu nape\u0142nienia zbiornika informuj\u0105ce o niskim poziomie i pustym zbiorniku, a tak\u017ce czujnik pustego mechanizmu dozuj\u0105cego.<\/p>\n<p data-start=\"645\" data-end=\"1120\">Kompatybilny z systemem ISOBUS, Pojedynczy Przedni Zbiornik Evolution mo\u017ce by\u0107 wyposa\u017cony w wymienne rolki dozuj\u0105ce o ma\u0142ej, \u015bredniej lub du\u017cej \u015brednicy, dostosowane do szerokiej gamy nasion i nawoz\u00f3w. Standardowo wyposa\u017cony w pojedynczy przew\u00f3d transportowy o \u015brednicy 112 mm do przesy\u0142u materia\u0142u do tylnej belki siewnej, mo\u017ce by\u0107 opcjonalnie doposa\u017cony w zestaw o\u015bwietlenia i kamer drogowych, obci\u0105\u017cnik 550 kg, ko\u0142a zag\u0119szczaj\u0105ce z pasywnym prowadzeniem oraz skrobaki k\u00f3\u0142.<\/p>\n<p>[\/vc_column_text][\/vc_column][\/vc_row][vc_row][vc_column][vc_custom_heading text=&#8221;CECHY KONSTRUKCYJNE&#8221; use_theme_fonts=&#8221;yes&#8221; css=&#8221;.vc_custom_1776697642055{border-bottom-width: 20px !important;}&#8221;][vc_tta_accordion][vc_tta_section title=&#8221;Dozowanie ci\u015bnieniowe&#8221; tab_id=&#8221;1592830786278-25940583-c2e3&#8243;][vc_column_text css=&#8221;&#8221;]Umo\u017cliwia skuteczne dozowanie du\u017cych ilo\u015bci materia\u0142u[\/vc_column_text][\/vc_tta_section][vc_tta_section title=&#8221;Panel steruj\u0105cy ISOCAN&#8221; tab_id=&#8221;1592830786302-1f2f3fdb-18c2&#8243;][vc_column_text css=&#8221;&#8221;]Panel do sterowania wszystkimi funkcjami zbiornika przedniego i siewnika[\/vc_column_text][\/vc_tta_section][vc_tta_section title=&#8221;Standard wg ISOBUS&#8221; tab_id=&#8221;1592830786325-679294e8-f7b0&#8243;][vc_column_text css=&#8221;&#8221;]Konieczne wyposa\u017cenie ci\u0105gnika w gniazda ISOBUS z przodu i z tylu lub w kabel\u00a0 po\u0142\u0105czeniowy gniazda z ty\u0142u ci\u0105gnika ze zbiornikiem przednim przy u\u017cyciu kabla biegn\u0105cego z boku maszyny[\/vc_column_text][\/vc_tta_section][vc_tta_section title=&#8221;Mo\u017cliwo\u015b\u0107 zmiennej normy wysiewu&#8221; tab_id=&#8221;1718027523007-9ba92d19-ea32&#8243;][vc_column_text css=&#8221;&#8221;]W zale\u017cno\u015bci od ustawie\u0144 komputera i kodu odblokowuj\u0105cego[\/vc_column_text][\/vc_tta_section][vc_tta_section title=&#8221;Dob\u00f3r rolek wysiewaj\u0105cych&#8221; tab_id=&#8221;1718027544574-cdb98c69-0e40&#8243;][vc_column_text css=&#8221;&#8221;]Rolki dozuj\u0105ce: Rolki w rozmiarze ma\u0142ym, \u015brednim i du\u017cym,umo\u017cliwiaj\u0105ce dozowanie szerokiej gamy nasion i nawoz\u00f3w[\/vc_column_text][\/vc_tta_section][vc_tta_section title=&#8221;Czujniki poziomu wysiewu&#8221; tab_id=&#8221;1718027570717-28c8c11c-a82c&#8221;][vc_column_text css=&#8221;&#8221;]Dwa czujniki poziomu nape\u0142nienia zbiornika Informuj\u0105 o niskim poziomie zasypu i pustym zbiorniku[\/vc_column_text][\/vc_tta_section][vc_tta_section title=&#8221;Skrzynia narz\u0119dziowa&#8221; tab_id=&#8221;1718027613792-fb8b3c77-32da&#8221;][\/vc_tta_section][vc_tta_section title=&#8221;Przedni sk\u0142adany podest&#8221; tab_id=&#8221;1718027627275-f2f370be-1484&#8243;][\/vc_tta_section][vc_tta_section title=&#8221;Opcje&#8221; tab_id=&#8221;1718027642921-10fb1b85-8486&#8243;][vc_column_text css=&#8221;&#8221;]Obci\u0105\u017cnik 350 kg<\/p>\n<p>Ko\u0142a zag\u0119szczaj\u0105ce z pasywnym prowadzeniem oraz skrobaki k\u00f3\u0142<\/p>\n<p>Zestaw kamer drogowych &#8211; Dwie kamery drogowe[\/vc_column_text][\/vc_tta_section][\/vc_tta_accordion][\/vc_column][\/vc_row]<\/p>\n<\/div>","protected":false},"excerpt":{"rendered":"<p>[vc_row][vc_column][vc_column_text css=&#8221;&#8221;] Pojedynczy Przedni Zbiornik Evolution o pojemno\u015bci 2 000 litr\u00f3w jest jedn\u0105 z dw\u00f3ch opcji dost\u0119pnych dla rolnik\u00f3w rozwa\u017caj\u0105cych<\/p>\n","protected":false},"featured_media":105715,"template":"","meta":{"inline_featured_image":false},"product_brand":[],"product_cat":[206],"product_tag":[],"class_list":{"0":"post-107831","1":"product","2":"type-product","3":"status-publish","4":"has-post-thumbnail","6":"product_cat-products-pl","8":"first","9":"instock","10":"shipping-taxable","11":"product-type-simple"},"yoast_head":"<!-- This site is optimized with the Yoast SEO plugin v27.1.1 - https:\/\/yoast.com\/product\/yoast-seo-wordpress\/ -->\n<title>Claydon Drill Single Front Hopper \u2013 Smart Farming<\/title>\n<meta name=\"description\" content=\"Need a front hopper for seeding? Claydon Drills offers split seed &amp; fertiliser hoppers for fast, efficient, and cost-effective operations.\" \/>\n<meta name=\"robots\" content=\"index, follow, max-snippet:-1, max-image-preview:large, max-video-preview:-1\" \/>\n<link rel=\"canonical\" href=\"https:\/\/claydondrill.com\/pl\/product\/evolution-pojedynczy-przedni-zbiornik\/\" \/>\n<meta property=\"og:locale\" content=\"pl_PL\" \/>\n<meta property=\"og:type\" content=\"article\" \/>\n<meta property=\"og:title\" content=\"Claydon Drill Single Front Hopper \u2013 Smart Farming\" \/>\n<meta property=\"og:description\" content=\"Need a front hopper for seeding? Claydon Drills offers split seed &amp; fertiliser hoppers for fast, efficient, and cost-effective operations.\" \/>\n<meta property=\"og:url\" content=\"https:\/\/claydondrill.com\/pl\/product\/evolution-pojedynczy-przedni-zbiornik\/\" \/>\n<meta property=\"og:site_name\" content=\"Claydon Drill Seed\" \/>\n<meta property=\"article:modified_time\" content=\"2026-04-20T15:20:18+00:00\" \/>\n<meta property=\"og:image\" content=\"https:\/\/claydondrill.com\/wp-content\/uploads\/2025\/06\/Single-Front-Hopper-IMG_1426.jpg\" \/>\n\t<meta property=\"og:image:width\" content=\"2000\" \/>\n\t<meta property=\"og:image:height\" content=\"1333\" \/>\n\t<meta property=\"og:image:type\" content=\"image\/jpeg\" \/>\n<meta name=\"twitter:card\" content=\"summary_large_image\" \/>\n<meta name=\"twitter:label1\" content=\"Szacowany czas czytania\" \/>\n\t<meta name=\"twitter:data1\" content=\"2 minuty\" \/>\n<script type=\"application\/ld+json\" class=\"yoast-schema-graph\">{\"@context\":\"https:\/\/schema.org\",\"@graph\":[{\"@type\":\"WebPage\",\"@id\":\"https:\/\/claydondrill.com\/pl\/product\/evolution-pojedynczy-przedni-zbiornik\/\",\"url\":\"https:\/\/claydondrill.com\/pl\/product\/evolution-pojedynczy-przedni-zbiornik\/\",\"name\":\"Claydon Drill Single Front Hopper \u2013 Smart Farming\",\"isPartOf\":{\"@id\":\"https:\/\/claydondrill.com\/pl\/#website\"},\"primaryImageOfPage\":{\"@id\":\"https:\/\/claydondrill.com\/pl\/product\/evolution-pojedynczy-przedni-zbiornik\/#primaryimage\"},\"image\":{\"@id\":\"https:\/\/claydondrill.com\/pl\/product\/evolution-pojedynczy-przedni-zbiornik\/#primaryimage\"},\"thumbnailUrl\":\"https:\/\/claydondrill.com\/wp-content\/uploads\/2025\/06\/Single-Front-Hopper-IMG_1426.jpg\",\"datePublished\":\"2025-06-19T08:46:28+00:00\",\"dateModified\":\"2026-04-20T15:20:18+00:00\",\"description\":\"Need a front hopper for seeding? Claydon Drills offers split seed & fertiliser hoppers for fast, efficient, and cost-effective operations.\",\"breadcrumb\":{\"@id\":\"https:\/\/claydondrill.com\/pl\/product\/evolution-pojedynczy-przedni-zbiornik\/#breadcrumb\"},\"inLanguage\":\"pl-PL\",\"potentialAction\":[{\"@type\":\"ReadAction\",\"target\":[\"https:\/\/claydondrill.com\/pl\/product\/evolution-pojedynczy-przedni-zbiornik\/\"]}]},{\"@type\":\"ImageObject\",\"inLanguage\":\"pl-PL\",\"@id\":\"https:\/\/claydondrill.com\/pl\/product\/evolution-pojedynczy-przedni-zbiornik\/#primaryimage\",\"url\":\"https:\/\/claydondrill.com\/wp-content\/uploads\/2025\/06\/Single-Front-Hopper-IMG_1426.jpg\",\"contentUrl\":\"https:\/\/claydondrill.com\/wp-content\/uploads\/2025\/06\/Single-Front-Hopper-IMG_1426.jpg\",\"width\":2000,\"height\":1333},{\"@type\":\"BreadcrumbList\",\"@id\":\"https:\/\/claydondrill.com\/pl\/product\/evolution-pojedynczy-przedni-zbiornik\/#breadcrumb\",\"itemListElement\":[{\"@type\":\"ListItem\",\"position\":1,\"name\":\"Home\",\"item\":\"https:\/\/claydondrill.com\/pl\/\"},{\"@type\":\"ListItem\",\"position\":2,\"name\":\"EVOLUTION POJEDYNCZY PRZEDNI ZBIORNIK\"}]},{\"@type\":\"WebSite\",\"@id\":\"https:\/\/claydondrill.com\/pl\/#website\",\"url\":\"https:\/\/claydondrill.com\/pl\/\",\"name\":\"Claydon Drill Seed\",\"description\":\"\",\"potentialAction\":[{\"@type\":\"SearchAction\",\"target\":{\"@type\":\"EntryPoint\",\"urlTemplate\":\"https:\/\/claydondrill.com\/pl\/?s={search_term_string}\"},\"query-input\":{\"@type\":\"PropertyValueSpecification\",\"valueRequired\":true,\"valueName\":\"search_term_string\"}}],\"inLanguage\":\"pl-PL\"}]}<\/script>\n<!-- \/ Yoast SEO plugin. -->","yoast_head_json":{"title":"Claydon Drill Single Front Hopper \u2013 Smart Farming","description":"Need a front hopper for seeding? Claydon Drills offers split seed & fertiliser hoppers for fast, efficient, and cost-effective operations.","robots":{"index":"index","follow":"follow","max-snippet":"max-snippet:-1","max-image-preview":"max-image-preview:large","max-video-preview":"max-video-preview:-1"},"canonical":"https:\/\/claydondrill.com\/pl\/product\/evolution-pojedynczy-przedni-zbiornik\/","og_locale":"pl_PL","og_type":"article","og_title":"Claydon Drill Single Front Hopper \u2013 Smart Farming","og_description":"Need a front hopper for seeding? Claydon Drills offers split seed & fertiliser hoppers for fast, efficient, and cost-effective operations.","og_url":"https:\/\/claydondrill.com\/pl\/product\/evolution-pojedynczy-przedni-zbiornik\/","og_site_name":"Claydon Drill Seed","article_modified_time":"2026-04-20T15:20:18+00:00","og_image":[{"width":2000,"height":1333,"url":"https:\/\/claydondrill.com\/wp-content\/uploads\/2025\/06\/Single-Front-Hopper-IMG_1426.jpg","type":"image\/jpeg"}],"twitter_card":"summary_large_image","twitter_misc":{"Szacowany czas czytania":"2 minuty"},"schema":{"@context":"https:\/\/schema.org","@graph":[{"@type":"WebPage","@id":"https:\/\/claydondrill.com\/pl\/product\/evolution-pojedynczy-przedni-zbiornik\/","url":"https:\/\/claydondrill.com\/pl\/product\/evolution-pojedynczy-przedni-zbiornik\/","name":"Claydon Drill Single Front Hopper \u2013 Smart Farming","isPartOf":{"@id":"https:\/\/claydondrill.com\/pl\/#website"},"primaryImageOfPage":{"@id":"https:\/\/claydondrill.com\/pl\/product\/evolution-pojedynczy-przedni-zbiornik\/#primaryimage"},"image":{"@id":"https:\/\/claydondrill.com\/pl\/product\/evolution-pojedynczy-przedni-zbiornik\/#primaryimage"},"thumbnailUrl":"https:\/\/claydondrill.com\/wp-content\/uploads\/2025\/06\/Single-Front-Hopper-IMG_1426.jpg","datePublished":"2025-06-19T08:46:28+00:00","dateModified":"2026-04-20T15:20:18+00:00","description":"Need a front hopper for seeding? Claydon Drills offers split seed & fertiliser hoppers for fast, efficient, and cost-effective operations.","breadcrumb":{"@id":"https:\/\/claydondrill.com\/pl\/product\/evolution-pojedynczy-przedni-zbiornik\/#breadcrumb"},"inLanguage":"pl-PL","potentialAction":[{"@type":"ReadAction","target":["https:\/\/claydondrill.com\/pl\/product\/evolution-pojedynczy-przedni-zbiornik\/"]}]},{"@type":"ImageObject","inLanguage":"pl-PL","@id":"https:\/\/claydondrill.com\/pl\/product\/evolution-pojedynczy-przedni-zbiornik\/#primaryimage","url":"https:\/\/claydondrill.com\/wp-content\/uploads\/2025\/06\/Single-Front-Hopper-IMG_1426.jpg","contentUrl":"https:\/\/claydondrill.com\/wp-content\/uploads\/2025\/06\/Single-Front-Hopper-IMG_1426.jpg","width":2000,"height":1333},{"@type":"BreadcrumbList","@id":"https:\/\/claydondrill.com\/pl\/product\/evolution-pojedynczy-przedni-zbiornik\/#breadcrumb","itemListElement":[{"@type":"ListItem","position":1,"name":"Home","item":"https:\/\/claydondrill.com\/pl\/"},{"@type":"ListItem","position":2,"name":"EVOLUTION POJEDYNCZY PRZEDNI ZBIORNIK"}]},{"@type":"WebSite","@id":"https:\/\/claydondrill.com\/pl\/#website","url":"https:\/\/claydondrill.com\/pl\/","name":"Claydon Drill Seed","description":"","potentialAction":[{"@type":"SearchAction","target":{"@type":"EntryPoint","urlTemplate":"https:\/\/claydondrill.com\/pl\/?s={search_term_string}"},"query-input":{"@type":"PropertyValueSpecification","valueRequired":true,"valueName":"search_term_string"}}],"inLanguage":"pl-PL"}]}},"_links":{"self":[{"href":"https:\/\/claydondrill.com\/pl\/wp-json\/wp\/v2\/product\/107831","targetHints":{"allow":["GET"]}}],"collection":[{"href":"https:\/\/claydondrill.com\/pl\/wp-json\/wp\/v2\/product"}],"about":[{"href":"https:\/\/claydondrill.com\/pl\/wp-json\/wp\/v2\/types\/product"}],"wp:featuredmedia":[{"embeddable":true,"href":"https:\/\/claydondrill.com\/pl\/wp-json\/wp\/v2\/media\/105715"}],"wp:attachment":[{"href":"https:\/\/claydondrill.com\/pl\/wp-json\/wp\/v2\/media?parent=107831"}],"wp:term":[{"taxonomy":"product_brand","embeddable":true,"href":"https:\/\/claydondrill.com\/pl\/wp-json\/wp\/v2\/product_brand?post=107831"},{"taxonomy":"product_cat","embeddable":true,"href":"https:\/\/claydondrill.com\/pl\/wp-json\/wp\/v2\/product_cat?post=107831"},{"taxonomy":"product_tag","embeddable":true,"href":"https:\/\/claydondrill.com\/pl\/wp-json\/wp\/v2\/product_tag?post=107831"}],"curies":[{"name":"wp","href":"https:\/\/api.w.org\/{rel}","templated":true}]}}