{"id":103757,"date":"2024-05-31T07:34:52","date_gmt":"2024-05-31T07:34:52","guid":{"rendered":"https:\/\/claydondrill.com\/produkte\/evolution-front-hopper\/"},"modified":"2025-07-29T12:45:18","modified_gmt":"2025-07-29T11:45:18","slug":"evolution-front-hopper","status":"publish","type":"product","link":"https:\/\/claydondrill.com\/pl\/product\/evolution-przedni-zbiornik\/","title":{"rendered":"Evolution Przedni Zbiornik"},"content":{"rendered":"<div class=\"wpb-content-wrapper\"><p>[vc_row][vc_column][vc_custom_heading text=&#8221;CECHY KONSTRUKCYJNE&#8221; use_theme_fonts=&#8221;yes&#8221; css=&#8221;.vc_custom_1723460313021{border-bottom-width: 20px !important;}&#8221;][vc_tta_accordion][vc_tta_section title=&#8221;Dozowanie ci\u015bnieniowe&#8221; tab_id=&#8221;1592830786278-25940583-c2e3&#8243;][vc_column_text]Umo\u017cliwia skuteczne dozowanie du\u017cych ilo\u015bci materia\u0142u[\/vc_column_text][\/vc_tta_section][vc_tta_section title=&#8221;Panel steruj\u0105cy ISOCAN&#8221; tab_id=&#8221;1592830786302-1f2f3fdb-18c2&#8243;][vc_column_text]Panel do sterowania wszystkimi funkcjami zbiornika przedniego i siewnika[\/vc_column_text][\/vc_tta_section][vc_tta_section title=&#8221;Standard wg ISOBUS&#8221; tab_id=&#8221;1592830786325-679294e8-f7b0&#8243;][vc_column_text]Konieczne wyposa\u017cenie ci\u0105gnika w gniazda ISOBUS z przodu i z tylu lub w kabel\u00a0 po\u0142\u0105czeniowy gniazda z ty\u0142u ci\u0105gnika ze zbiornikiem przednim przy u\u017cyciu kabla biegn\u0105cego z boku maszyny[\/vc_column_text][\/vc_tta_section][vc_tta_section title=&#8221;Mo\u017cliwo\u015b\u0107 zmiennej normy wysiewu&#8221; tab_id=&#8221;1718027523007-9ba92d19-ea32&#8243;][vc_column_text]W zale\u017cno\u015bci od ustawie\u0144 komputera i kodu odblokowuj\u0105cego[\/vc_column_text][\/vc_tta_section][vc_tta_section title=&#8221;Dob\u00f3r rolek wysiewaj\u0105cych&#8221; tab_id=&#8221;1718027544574-cdb98c69-0e40&#8243;][vc_column_text]Rolki dozuj\u0105ce: Rolki w rozmiarze ma\u0142ym, \u015brednim i du\u017cym,umo\u017cliwiaj\u0105ce dozowanie szerokiej gamy nasion i nawoz\u00f3w[\/vc_column_text][\/vc_tta_section][vc_tta_section title=&#8221;Czujniki poziomu wysiewu&#8221; tab_id=&#8221;1718027570717-28c8c11c-a82c&#8221;][vc_column_text]Dwa czujniki poziomu nape\u0142nienia zbiornika Informuj\u0105 o niskim poziomie zasypu i pustym zbiorniku[\/vc_column_text][\/vc_tta_section][vc_tta_section title=&#8221;Zestaw kamer drogowych&#8221; tab_id=&#8221;1718027583773-b376715b-c4ac&#8221;][vc_column_text]Dwie kamery drogowe[\/vc_column_text][\/vc_tta_section][vc_tta_section title=&#8221;\u015awiat\u0142a robocze &#8221; tab_id=&#8221;1718027596205-14a3d979-d7c2&#8243;][\/vc_tta_section][vc_tta_section title=&#8221;Skrzynia narz\u0119dziowa&#8221; tab_id=&#8221;1718027613792-fb8b3c77-32da&#8221;][\/vc_tta_section][vc_tta_section title=&#8221;Przedni sk\u0142adany podest&#8221; tab_id=&#8221;1718027627275-f2f370be-1484&#8243;][\/vc_tta_section][vc_tta_section title=&#8221;Opcje&#8221; tab_id=&#8221;1718027642921-10fb1b85-8486&#8243;][vc_column_text]Obci\u0105\u017cnik 550 kg<\/p>\n<p>Ko\u0142a zag\u0119szczaj\u0105ce z pasywnym prowadzeniem oraz skrobaki k\u00f3\u0142[\/vc_column_text][\/vc_tta_section][\/vc_tta_accordion][\/vc_column][\/vc_row]<\/p>\n<\/div>","protected":false},"excerpt":{"rendered":"<p>[vc_row][vc_column][vc_custom_heading text=&#8221;CECHY KONSTRUKCYJNE&#8221; use_theme_fonts=&#8221;yes&#8221; css=&#8221;.vc_custom_1723460313021{border-bottom-width: 20px !important;}&#8221;][vc_tta_accordion][vc_tta_section title=&#8221;Dozowanie ci\u015bnieniowe&#8221; tab_id=&#8221;1592830786278-25940583-c2e3&#8243;][vc_column_text]Umo\u017cliwia skuteczne dozowanie du\u017cych ilo\u015bci materia\u0142u[\/vc_column_text][\/vc_tta_section][vc_tta_section title=&#8221;Panel steruj\u0105cy ISOCAN&#8221; tab_id=&#8221;1592830786302-1f2f3fdb-18c2&#8243;][vc_column_text]Panel do<\/p>\n","protected":false},"featured_media":103236,"template":"","meta":{"inline_featured_image":false},"product_brand":[],"product_cat":[206],"product_tag":[],"class_list":{"0":"post-103757","1":"product","2":"type-product","3":"status-publish","4":"has-post-thumbnail","6":"product_cat-products-pl","8":"first","9":"instock","10":"shipping-taxable","11":"product-type-simple"},"yoast_head":"<!-- This site is optimized with the Yoast SEO plugin v27.1.1 - https:\/\/yoast.com\/product\/yoast-seo-wordpress\/ -->\n<title>Claydon Drill Front Hopper \u2013 Inteligentne rolnictwo<\/title>\n<meta name=\"description\" content=\"Szukasz przedniego zbiornika do siewu? Claydon oferuje dzielone zbiorniki na nasiona i naw\u00f3z \u2013 szybko, wydajnie i oszcz\u0119dnie.\" \/>\n<meta name=\"robots\" content=\"index, follow, max-snippet:-1, max-image-preview:large, max-video-preview:-1\" \/>\n<link rel=\"canonical\" href=\"https:\/\/claydondrill.com\/pl\/product\/evolution-przedni-zbiornik\/\" \/>\n<meta property=\"og:locale\" content=\"pl_PL\" \/>\n<meta property=\"og:type\" content=\"article\" \/>\n<meta property=\"og:title\" content=\"Claydon Drill Front Hopper \u2013 Inteligentne rolnictwo\" \/>\n<meta property=\"og:description\" content=\"Szukasz przedniego zbiornika do siewu? Claydon oferuje dzielone zbiorniki na nasiona i naw\u00f3z \u2013 szybko, wydajnie i oszcz\u0119dnie.\" \/>\n<meta property=\"og:url\" content=\"https:\/\/claydondrill.com\/pl\/product\/evolution-przedni-zbiornik\/\" \/>\n<meta property=\"og:site_name\" content=\"Claydon Drill Seed\" \/>\n<meta property=\"article:modified_time\" content=\"2025-07-29T11:45:18+00:00\" \/>\n<meta property=\"og:image\" content=\"https:\/\/claydondrill.com\/wp-content\/uploads\/2024\/05\/IMG_1371-ed-scaled.jpg\" \/>\n\t<meta property=\"og:image:width\" content=\"2560\" \/>\n\t<meta property=\"og:image:height\" content=\"1920\" \/>\n\t<meta property=\"og:image:type\" content=\"image\/jpeg\" \/>\n<meta name=\"twitter:card\" content=\"summary_large_image\" \/>\n<meta name=\"twitter:label1\" content=\"Szacowany czas czytania\" \/>\n\t<meta name=\"twitter:data1\" content=\"1 minuta\" \/>\n<script type=\"application\/ld+json\" class=\"yoast-schema-graph\">{\"@context\":\"https:\/\/schema.org\",\"@graph\":[{\"@type\":\"WebPage\",\"@id\":\"https:\/\/claydondrill.com\/pl\/product\/evolution-przedni-zbiornik\/\",\"url\":\"https:\/\/claydondrill.com\/pl\/product\/evolution-przedni-zbiornik\/\",\"name\":\"Claydon Drill Front Hopper \u2013 Inteligentne rolnictwo\",\"isPartOf\":{\"@id\":\"https:\/\/claydondrill.com\/pl\/#website\"},\"primaryImageOfPage\":{\"@id\":\"https:\/\/claydondrill.com\/pl\/product\/evolution-przedni-zbiornik\/#primaryimage\"},\"image\":{\"@id\":\"https:\/\/claydondrill.com\/pl\/product\/evolution-przedni-zbiornik\/#primaryimage\"},\"thumbnailUrl\":\"https:\/\/claydondrill.com\/wp-content\/uploads\/2024\/05\/IMG_1371-ed-scaled.jpg\",\"datePublished\":\"2024-05-31T07:34:52+00:00\",\"dateModified\":\"2025-07-29T11:45:18+00:00\",\"description\":\"Szukasz przedniego zbiornika do siewu? Claydon oferuje dzielone zbiorniki na nasiona i naw\u00f3z \u2013 szybko, wydajnie i oszcz\u0119dnie.\",\"breadcrumb\":{\"@id\":\"https:\/\/claydondrill.com\/pl\/product\/evolution-przedni-zbiornik\/#breadcrumb\"},\"inLanguage\":\"pl-PL\",\"potentialAction\":[{\"@type\":\"ReadAction\",\"target\":[\"https:\/\/claydondrill.com\/pl\/product\/evolution-przedni-zbiornik\/\"]}]},{\"@type\":\"ImageObject\",\"inLanguage\":\"pl-PL\",\"@id\":\"https:\/\/claydondrill.com\/pl\/product\/evolution-przedni-zbiornik\/#primaryimage\",\"url\":\"https:\/\/claydondrill.com\/wp-content\/uploads\/2024\/05\/IMG_1371-ed-scaled.jpg\",\"contentUrl\":\"https:\/\/claydondrill.com\/wp-content\/uploads\/2024\/05\/IMG_1371-ed-scaled.jpg\",\"width\":2560,\"height\":1920,\"caption\":\"front hopper\"},{\"@type\":\"BreadcrumbList\",\"@id\":\"https:\/\/claydondrill.com\/pl\/product\/evolution-przedni-zbiornik\/#breadcrumb\",\"itemListElement\":[{\"@type\":\"ListItem\",\"position\":1,\"name\":\"Home\",\"item\":\"https:\/\/claydondrill.com\/pl\/\"},{\"@type\":\"ListItem\",\"position\":2,\"name\":\"Evolution Przedni Zbiornik\"}]},{\"@type\":\"WebSite\",\"@id\":\"https:\/\/claydondrill.com\/pl\/#website\",\"url\":\"https:\/\/claydondrill.com\/pl\/\",\"name\":\"Claydon Drill Seed\",\"description\":\"\",\"potentialAction\":[{\"@type\":\"SearchAction\",\"target\":{\"@type\":\"EntryPoint\",\"urlTemplate\":\"https:\/\/claydondrill.com\/pl\/?s={search_term_string}\"},\"query-input\":{\"@type\":\"PropertyValueSpecification\",\"valueRequired\":true,\"valueName\":\"search_term_string\"}}],\"inLanguage\":\"pl-PL\"}]}<\/script>\n<!-- \/ Yoast SEO plugin. -->","yoast_head_json":{"title":"Claydon Drill Front Hopper \u2013 Inteligentne rolnictwo","description":"Szukasz przedniego zbiornika do siewu? Claydon oferuje dzielone zbiorniki na nasiona i naw\u00f3z \u2013 szybko, wydajnie i oszcz\u0119dnie.","robots":{"index":"index","follow":"follow","max-snippet":"max-snippet:-1","max-image-preview":"max-image-preview:large","max-video-preview":"max-video-preview:-1"},"canonical":"https:\/\/claydondrill.com\/pl\/product\/evolution-przedni-zbiornik\/","og_locale":"pl_PL","og_type":"article","og_title":"Claydon Drill Front Hopper \u2013 Inteligentne rolnictwo","og_description":"Szukasz przedniego zbiornika do siewu? Claydon oferuje dzielone zbiorniki na nasiona i naw\u00f3z \u2013 szybko, wydajnie i oszcz\u0119dnie.","og_url":"https:\/\/claydondrill.com\/pl\/product\/evolution-przedni-zbiornik\/","og_site_name":"Claydon Drill Seed","article_modified_time":"2025-07-29T11:45:18+00:00","og_image":[{"width":2560,"height":1920,"url":"https:\/\/claydondrill.com\/wp-content\/uploads\/2024\/05\/IMG_1371-ed-scaled.jpg","type":"image\/jpeg"}],"twitter_card":"summary_large_image","twitter_misc":{"Szacowany czas czytania":"1 minuta"},"schema":{"@context":"https:\/\/schema.org","@graph":[{"@type":"WebPage","@id":"https:\/\/claydondrill.com\/pl\/product\/evolution-przedni-zbiornik\/","url":"https:\/\/claydondrill.com\/pl\/product\/evolution-przedni-zbiornik\/","name":"Claydon Drill Front Hopper \u2013 Inteligentne rolnictwo","isPartOf":{"@id":"https:\/\/claydondrill.com\/pl\/#website"},"primaryImageOfPage":{"@id":"https:\/\/claydondrill.com\/pl\/product\/evolution-przedni-zbiornik\/#primaryimage"},"image":{"@id":"https:\/\/claydondrill.com\/pl\/product\/evolution-przedni-zbiornik\/#primaryimage"},"thumbnailUrl":"https:\/\/claydondrill.com\/wp-content\/uploads\/2024\/05\/IMG_1371-ed-scaled.jpg","datePublished":"2024-05-31T07:34:52+00:00","dateModified":"2025-07-29T11:45:18+00:00","description":"Szukasz przedniego zbiornika do siewu? Claydon oferuje dzielone zbiorniki na nasiona i naw\u00f3z \u2013 szybko, wydajnie i oszcz\u0119dnie.","breadcrumb":{"@id":"https:\/\/claydondrill.com\/pl\/product\/evolution-przedni-zbiornik\/#breadcrumb"},"inLanguage":"pl-PL","potentialAction":[{"@type":"ReadAction","target":["https:\/\/claydondrill.com\/pl\/product\/evolution-przedni-zbiornik\/"]}]},{"@type":"ImageObject","inLanguage":"pl-PL","@id":"https:\/\/claydondrill.com\/pl\/product\/evolution-przedni-zbiornik\/#primaryimage","url":"https:\/\/claydondrill.com\/wp-content\/uploads\/2024\/05\/IMG_1371-ed-scaled.jpg","contentUrl":"https:\/\/claydondrill.com\/wp-content\/uploads\/2024\/05\/IMG_1371-ed-scaled.jpg","width":2560,"height":1920,"caption":"front hopper"},{"@type":"BreadcrumbList","@id":"https:\/\/claydondrill.com\/pl\/product\/evolution-przedni-zbiornik\/#breadcrumb","itemListElement":[{"@type":"ListItem","position":1,"name":"Home","item":"https:\/\/claydondrill.com\/pl\/"},{"@type":"ListItem","position":2,"name":"Evolution Przedni Zbiornik"}]},{"@type":"WebSite","@id":"https:\/\/claydondrill.com\/pl\/#website","url":"https:\/\/claydondrill.com\/pl\/","name":"Claydon Drill Seed","description":"","potentialAction":[{"@type":"SearchAction","target":{"@type":"EntryPoint","urlTemplate":"https:\/\/claydondrill.com\/pl\/?s={search_term_string}"},"query-input":{"@type":"PropertyValueSpecification","valueRequired":true,"valueName":"search_term_string"}}],"inLanguage":"pl-PL"}]}},"_links":{"self":[{"href":"https:\/\/claydondrill.com\/pl\/wp-json\/wp\/v2\/product\/103757","targetHints":{"allow":["GET"]}}],"collection":[{"href":"https:\/\/claydondrill.com\/pl\/wp-json\/wp\/v2\/product"}],"about":[{"href":"https:\/\/claydondrill.com\/pl\/wp-json\/wp\/v2\/types\/product"}],"wp:featuredmedia":[{"embeddable":true,"href":"https:\/\/claydondrill.com\/pl\/wp-json\/wp\/v2\/media\/103236"}],"wp:attachment":[{"href":"https:\/\/claydondrill.com\/pl\/wp-json\/wp\/v2\/media?parent=103757"}],"wp:term":[{"taxonomy":"product_brand","embeddable":true,"href":"https:\/\/claydondrill.com\/pl\/wp-json\/wp\/v2\/product_brand?post=103757"},{"taxonomy":"product_cat","embeddable":true,"href":"https:\/\/claydondrill.com\/pl\/wp-json\/wp\/v2\/product_cat?post=103757"},{"taxonomy":"product_tag","embeddable":true,"href":"https:\/\/claydondrill.com\/pl\/wp-json\/wp\/v2\/product_tag?post=103757"}],"curies":[{"name":"wp","href":"https:\/\/api.w.org\/{rel}","templated":true}]}}