{"id":98810,"date":"2022-04-06T10:53:49","date_gmt":"2022-04-06T10:53:49","guid":{"rendered":"https:\/\/claydondrill.com\/?page_id=98810"},"modified":"2025-04-17T11:39:03","modified_gmt":"2025-04-17T11:39:03","slug":"kultywator-lekki-terrastar","status":"publish","type":"page","link":"https:\/\/claydondrill.com\/pl\/kultywator-lekki-terrastar\/","title":{"rendered":"KULTYWATOR LEKKI TERRASTAR"},"content":{"rendered":"<div class=\"wpb-content-wrapper\"><p>[vc_row el_class=&#8221;top_desc&#8221;][vc_column width=&#8221;1\/2&#8243;][vc_column_text]Claydon TerraStar jest lekkim kultywatorem obrotowym, kt\u00f3ry s\u0142u\u017cy do tworzenia p\u0142ytkiej uprawy .\u00a0 Jest to r\u00f3wnie\u017c skuteczne narz\u0119dzie do zagospodarowania \u015bcierniska i zwalczania \u015blimak\u00f3w. Mo\u017ce by\u0107 stosowany do wyr\u00f3wnywania p\u00f3l, poprawy drena\u017cu i nawo\u017cenia. Zabieg mechanicznej walki z zachwaszczeniem zmniejsza zapotrzebowanie na glifosat.<\/p>\n<p>TerraStar mo\u017ce by\u0107 wykorzystywany, gdy warunki glebowe s\u0105 zbyt trudne dla zgrzeb\u0142a. Jest to szybkie i skuteczne rozwi\u0105zanie z minimaln\u0105 ilo\u015bci\u0105 cz\u0119\u015bci zu\u017cywaj\u0105cych si\u0119, co zapewnia niskie koszty eksploatacji. Przenosz\u0105c wi\u0119ksz\u0105 ilo\u015b\u0107 gleby ni\u017c zgrzeb\u0142o Claydon, TerraStar pozostawia struktur\u0119 gleby nienaruszon\u0105 poprzez wyrywanie wg\u0142\u0119bie\u0144 z g\u00f3rnej warstwy gleby, pozostawiaj\u0105c profil nienaruszony.[\/vc_column_text][\/vc_column][vc_column width=&#8221;1\/2&#8243; el_class=&#8221;frtlizer&#8221;][vc_single_image image=&#8221;82500&#8243; img_size=&#8221;full&#8221;][\/vc_column][\/vc_row][vc_row full_width=&#8221;stretch_row&#8221; css=&#8221;.vc_custom_1595581583637{margin-top: 0px !important;margin-right: 0px !important;margin-bottom: 0px !important;margin-left: 0px !important;padding-top: 75px !important;padding-bottom: 0px !important;}&#8221; el_class=&#8221;services2 home_cat&#8221;][vc_column css=&#8221;.vc_custom_1460369393337{padding-top: 0px !important;padding-bottom: 0px !important;}&#8221;][vc_row_inner el_class=&#8221;product_sec cat_list&#8221;][vc_column_inner width=&#8221;1\/2&#8243;][vc_single_image image=&#8221;82059&#8243; img_size=&#8221;full&#8221; alignment=&#8221;center&#8221; onclick=&#8221;custom_link&#8221; link=&#8221;https:\/\/claydondrill.com\/pl\/product\/6m-terrastar\/&#8221;][vc_custom_heading text=&#8221;6m TerraStar&#8221; font_container=&#8221;tag:h2|text_align:left|color:%23ca1f26&#8243; use_theme_fonts=&#8221;yes&#8221; el_class=&#8221;style5&#8243; css=&#8221;.vc_custom_1649242752427{margin-top: -20px !important;margin-bottom: 10px !important;}&#8221; link=&#8221;url:https%3A%2F%2Fclaydondrill.com%2Fpl%2Fproduct%2F6m-terrastar%2F|||&#8221;][thememove_button text=&#8221;READ MORE&#8221; url=&#8221;https:\/\/claydondrill.com\/pl\/product\/6m-terrastar\/&#8221; icon=&#8221;fa-arrow-right&#8221;][\/vc_column_inner][vc_column_inner width=&#8221;1\/2&#8243;][\/vc_column_inner][\/vc_row_inner][\/vc_column][\/vc_row]<\/p>\n<\/div>","protected":false},"excerpt":{"rendered":"<p>[vc_row el_class=&#8221;top_desc&#8221;][vc_column width=&#8221;1\/2&#8243;][vc_column_text]Claydon TerraStar jest lekkim kultywatorem obrotowym, kt\u00f3ry s\u0142u\u017cy do tworzenia p\u0142ytkiej uprawy .\u00a0 Jest to r\u00f3wnie\u017c skuteczne narz\u0119dzie<\/p>\n","protected":false},"author":1,"featured_media":0,"parent":0,"menu_order":0,"comment_status":"closed","ping_status":"closed","template":"","meta":{"inline_featured_image":false,"footnotes":""},"class_list":["post-98810","page","type-page","status-publish","hentry"],"yoast_head":"<!-- This site is optimized with the Yoast SEO plugin v27.1.1 - https:\/\/yoast.com\/product\/yoast-seo-wordpress\/ -->\n<title>Ci\u0105gnikowy kultywator obrotowy | TerraStar firmy Claydon Drills<\/title>\n<meta name=\"description\" content=\"Odkryj glebogryzark\u0119 TerraStar od Claydon Drills \u2013 wydajne i wszechstronne rozwi\u0105zanie do przygotowania gleby. Zwi\u0119ksz produktywno\u015b\u0107 i zdrowie gleby.\" \/>\n<meta name=\"robots\" content=\"index, follow, max-snippet:-1, max-image-preview:large, max-video-preview:-1\" \/>\n<link rel=\"canonical\" href=\"https:\/\/claydondrill.com\/pl\/kultywator-lekki-terrastar\/\" \/>\n<meta property=\"og:locale\" content=\"pl_PL\" \/>\n<meta property=\"og:type\" content=\"article\" \/>\n<meta property=\"og:title\" content=\"Ci\u0105gnikowy kultywator obrotowy | TerraStar firmy Claydon Drills\" \/>\n<meta property=\"og:description\" content=\"Odkryj glebogryzark\u0119 TerraStar od Claydon Drills \u2013 wydajne i wszechstronne rozwi\u0105zanie do przygotowania gleby. Zwi\u0119ksz produktywno\u015b\u0107 i zdrowie gleby.\" \/>\n<meta property=\"og:url\" content=\"https:\/\/claydondrill.com\/pl\/kultywator-lekki-terrastar\/\" \/>\n<meta property=\"og:site_name\" content=\"Claydon Drill Seed\" \/>\n<meta property=\"article:modified_time\" content=\"2025-04-17T11:39:03+00:00\" \/>\n<meta name=\"twitter:card\" content=\"summary_large_image\" \/>\n<meta name=\"twitter:label1\" content=\"Szacowany czas czytania\" \/>\n\t<meta name=\"twitter:data1\" content=\"1 minuta\" \/>\n<script type=\"application\/ld+json\" class=\"yoast-schema-graph\">{\"@context\":\"https:\/\/schema.org\",\"@graph\":[{\"@type\":\"WebPage\",\"@id\":\"https:\/\/claydondrill.com\/pl\/kultywator-lekki-terrastar\/\",\"url\":\"https:\/\/claydondrill.com\/pl\/kultywator-lekki-terrastar\/\",\"name\":\"Ci\u0105gnikowy kultywator obrotowy | TerraStar firmy Claydon Drills\",\"isPartOf\":{\"@id\":\"https:\/\/claydondrill.com\/pl\/#website\"},\"datePublished\":\"2022-04-06T10:53:49+00:00\",\"dateModified\":\"2025-04-17T11:39:03+00:00\",\"description\":\"Odkryj glebogryzark\u0119 TerraStar od Claydon Drills \u2013 wydajne i wszechstronne rozwi\u0105zanie do przygotowania gleby. Zwi\u0119ksz produktywno\u015b\u0107 i zdrowie gleby.\",\"breadcrumb\":{\"@id\":\"https:\/\/claydondrill.com\/pl\/kultywator-lekki-terrastar\/#breadcrumb\"},\"inLanguage\":\"pl-PL\",\"potentialAction\":[{\"@type\":\"ReadAction\",\"target\":[\"https:\/\/claydondrill.com\/pl\/kultywator-lekki-terrastar\/\"]}]},{\"@type\":\"BreadcrumbList\",\"@id\":\"https:\/\/claydondrill.com\/pl\/kultywator-lekki-terrastar\/#breadcrumb\",\"itemListElement\":[{\"@type\":\"ListItem\",\"position\":1,\"name\":\"Home\",\"item\":\"https:\/\/claydondrill.com\/pl\/\"},{\"@type\":\"ListItem\",\"position\":2,\"name\":\"KULTYWATOR LEKKI TERRASTAR\"}]},{\"@type\":\"WebSite\",\"@id\":\"https:\/\/claydondrill.com\/pl\/#website\",\"url\":\"https:\/\/claydondrill.com\/pl\/\",\"name\":\"Claydon Drill Seed\",\"description\":\"\",\"potentialAction\":[{\"@type\":\"SearchAction\",\"target\":{\"@type\":\"EntryPoint\",\"urlTemplate\":\"https:\/\/claydondrill.com\/pl\/?s={search_term_string}\"},\"query-input\":{\"@type\":\"PropertyValueSpecification\",\"valueRequired\":true,\"valueName\":\"search_term_string\"}}],\"inLanguage\":\"pl-PL\"}]}<\/script>\n<!-- \/ Yoast SEO plugin. -->","yoast_head_json":{"title":"Ci\u0105gnikowy kultywator obrotowy | TerraStar firmy Claydon Drills","description":"Odkryj glebogryzark\u0119 TerraStar od Claydon Drills \u2013 wydajne i wszechstronne rozwi\u0105zanie do przygotowania gleby. Zwi\u0119ksz produktywno\u015b\u0107 i zdrowie gleby.","robots":{"index":"index","follow":"follow","max-snippet":"max-snippet:-1","max-image-preview":"max-image-preview:large","max-video-preview":"max-video-preview:-1"},"canonical":"https:\/\/claydondrill.com\/pl\/kultywator-lekki-terrastar\/","og_locale":"pl_PL","og_type":"article","og_title":"Ci\u0105gnikowy kultywator obrotowy | TerraStar firmy Claydon Drills","og_description":"Odkryj glebogryzark\u0119 TerraStar od Claydon Drills \u2013 wydajne i wszechstronne rozwi\u0105zanie do przygotowania gleby. Zwi\u0119ksz produktywno\u015b\u0107 i zdrowie gleby.","og_url":"https:\/\/claydondrill.com\/pl\/kultywator-lekki-terrastar\/","og_site_name":"Claydon Drill Seed","article_modified_time":"2025-04-17T11:39:03+00:00","twitter_card":"summary_large_image","twitter_misc":{"Szacowany czas czytania":"1 minuta"},"schema":{"@context":"https:\/\/schema.org","@graph":[{"@type":"WebPage","@id":"https:\/\/claydondrill.com\/pl\/kultywator-lekki-terrastar\/","url":"https:\/\/claydondrill.com\/pl\/kultywator-lekki-terrastar\/","name":"Ci\u0105gnikowy kultywator obrotowy | TerraStar firmy Claydon Drills","isPartOf":{"@id":"https:\/\/claydondrill.com\/pl\/#website"},"datePublished":"2022-04-06T10:53:49+00:00","dateModified":"2025-04-17T11:39:03+00:00","description":"Odkryj glebogryzark\u0119 TerraStar od Claydon Drills \u2013 wydajne i wszechstronne rozwi\u0105zanie do przygotowania gleby. Zwi\u0119ksz produktywno\u015b\u0107 i zdrowie gleby.","breadcrumb":{"@id":"https:\/\/claydondrill.com\/pl\/kultywator-lekki-terrastar\/#breadcrumb"},"inLanguage":"pl-PL","potentialAction":[{"@type":"ReadAction","target":["https:\/\/claydondrill.com\/pl\/kultywator-lekki-terrastar\/"]}]},{"@type":"BreadcrumbList","@id":"https:\/\/claydondrill.com\/pl\/kultywator-lekki-terrastar\/#breadcrumb","itemListElement":[{"@type":"ListItem","position":1,"name":"Home","item":"https:\/\/claydondrill.com\/pl\/"},{"@type":"ListItem","position":2,"name":"KULTYWATOR LEKKI TERRASTAR"}]},{"@type":"WebSite","@id":"https:\/\/claydondrill.com\/pl\/#website","url":"https:\/\/claydondrill.com\/pl\/","name":"Claydon Drill Seed","description":"","potentialAction":[{"@type":"SearchAction","target":{"@type":"EntryPoint","urlTemplate":"https:\/\/claydondrill.com\/pl\/?s={search_term_string}"},"query-input":{"@type":"PropertyValueSpecification","valueRequired":true,"valueName":"search_term_string"}}],"inLanguage":"pl-PL"}]}},"_links":{"self":[{"href":"https:\/\/claydondrill.com\/pl\/wp-json\/wp\/v2\/pages\/98810","targetHints":{"allow":["GET"]}}],"collection":[{"href":"https:\/\/claydondrill.com\/pl\/wp-json\/wp\/v2\/pages"}],"about":[{"href":"https:\/\/claydondrill.com\/pl\/wp-json\/wp\/v2\/types\/page"}],"author":[{"embeddable":true,"href":"https:\/\/claydondrill.com\/pl\/wp-json\/wp\/v2\/users\/1"}],"replies":[{"embeddable":true,"href":"https:\/\/claydondrill.com\/pl\/wp-json\/wp\/v2\/comments?post=98810"}],"version-history":[{"count":0,"href":"https:\/\/claydondrill.com\/pl\/wp-json\/wp\/v2\/pages\/98810\/revisions"}],"wp:attachment":[{"href":"https:\/\/claydondrill.com\/pl\/wp-json\/wp\/v2\/media?parent=98810"}],"curies":[{"name":"wp","href":"https:\/\/api.w.org\/{rel}","templated":true}]}}