{"id":98795,"date":"2022-04-06T09:37:00","date_gmt":"2022-04-06T09:37:00","guid":{"rendered":"https:\/\/claydondrill.com\/?page_id=98795"},"modified":"2022-04-06T09:45:15","modified_gmt":"2022-04-06T09:45:15","slug":"waly-cambridge","status":"publish","type":"page","link":"https:\/\/claydondrill.com\/pl\/waly-cambridge\/","title":{"rendered":"WA\u0141Y CAMBRIDGE"},"content":{"rendered":"<div class=\"wpb-content-wrapper\"><p>[vc_row el_class=&#8221;top_desc&#8221;][vc_column width=&#8221;1\/2&#8243; el_class=&#8221;top_desc&#8221;][vc_custom_heading text=&#8221;WA\u0141Y CAMBRIDGE&#8221; use_theme_fonts=&#8221;yes&#8221;][vc_column_text]Jednym z najwa\u017cniejszych czynnik\u00f3w wp\u0142ywaj\u0105cych na skuteczne zak\u0142adanie upraw jest zapewnienie dok\u0142adnej konsolidacji gleby wok\u00f3\u0142 strefy siewu.<\/p>\n<p>Dobrze zaplanowane przejazdy z ci\u0119\u017ckim zestawem pier\u015bcieni Cambridge nie tylko poprawiaj\u0105 kontakt gleby z nasionami, ale tak\u017ce pomagaj\u0105 zatrzyma\u0107 wilgo\u0107, ograniczaj\u0105 erozj\u0119, poprawiaj\u0105 kontakt z opryskami chemicznymi i zmniejszaj\u0105 aktywno\u015b\u0107 \u015blimak\u00f3w.<\/p>\n<p>Wa\u0142y Claydon Cambridge s\u0105 dost\u0119pne w rozmiarach 6.3, 8.3 i 12.3m i s\u0105 \u0142atwe do ustawienia i manewrowania. Umo\u017cliwiaj\u0105 one rolnikom efektywne wa\u0142owanie po siewie pasowym, aby zapewni\u0107 uprawom bezkompromisowy start.[\/vc_column_text][\/vc_column][vc_column width=&#8221;1\/2&#8243; el_class=&#8221;frtlizer&#8221;][vc_single_image image=&#8221;82608&#8243; img_size=&#8221;full&#8221;][\/vc_column][\/vc_row][vc_row full_width=&#8221;stretch_row&#8221; css=&#8221;.vc_custom_1595581583637{margin-top: 0px !important;margin-right: 0px !important;margin-bottom: 0px !important;margin-left: 0px !important;padding-top: 75px !important;padding-bottom: 0px !important;}&#8221; el_class=&#8221;services2 home_cat&#8221;][vc_column css=&#8221;.vc_custom_1460369393337{padding-top: 0px !important;padding-bottom: 0px !important;}&#8221;][vc_row_inner el_class=&#8221;product_sec cat_list&#8221;][vc_column_inner width=&#8221;1\/2&#8243;][vc_single_image image=&#8221;82612&#8243; img_size=&#8221;full&#8221; alignment=&#8221;center&#8221; onclick=&#8221;custom_link&#8221; link=&#8221;https:\/\/claydondrill.com\/pl\/waly-cambridge-63-m\/&#8221;][vc_custom_heading text=&#8221;6.3m&#8221; font_container=&#8221;tag:h2|text_align:left|color:%23ca1f26&#8243; use_theme_fonts=&#8221;yes&#8221; el_class=&#8221;style5&#8243; css=&#8221;.vc_custom_1649238313479{margin-top: -20px !important;margin-bottom: 10px !important;}&#8221; link=&#8221;url:https%3A%2F%2Fclaydondrill.com%2Fpl%2Fwaly-cambridge-63-m%2F|||&#8221;][thememove_button text=&#8221;READ MORE&#8221; url=&#8221;https:\/\/claydondrill.com\/pl\/waly-cambridge-63-m\/&#8221; icon=&#8221;fa-arrow-right&#8221;][\/vc_column_inner][vc_column_inner width=&#8221;1\/2&#8243;][vc_single_image image=&#8221;82613&#8243; img_size=&#8221;full&#8221; alignment=&#8221;center&#8221; onclick=&#8221;custom_link&#8221; link=&#8221;https:\/\/claydondrill.com\/pl\/waly-cambridge-83m\/&#8221;][vc_custom_heading text=&#8221;8.3m&#8221; font_container=&#8221;tag:h2|text_align:left|color:%23ca1f26&#8243; use_theme_fonts=&#8221;yes&#8221; el_class=&#8221;style5&#8243; css=&#8221;.vc_custom_1649238258222{margin-top: -20px !important;margin-bottom: 10px !important;}&#8221; link=&#8221;url:https%3A%2F%2Fclaydondrill.com%2Fpl%2Fwaly-cambridge-83m%2F|||&#8221;][thememove_button text=&#8221;READ MORE&#8221; url=&#8221;https:\/\/claydondrill.com\/pl\/waly-cambridge-83m\/&#8221; icon=&#8221;fa-arrow-right&#8221;][\/vc_column_inner][\/vc_row_inner][vc_row_inner el_class=&#8221;product_sec cat_list&#8221;][vc_column_inner width=&#8221;1\/2&#8243;][vc_single_image image=&#8221;82610&#8243; img_size=&#8221;full&#8221; alignment=&#8221;center&#8221; onclick=&#8221;custom_link&#8221; link=&#8221;https:\/\/claydondrill.com\/pl\/waly-cambridge-123m\/&#8221;][vc_custom_heading text=&#8221;12.3m&#8221; font_container=&#8221;tag:h2|text_align:left|color:%23ca1f26&#8243; use_theme_fonts=&#8221;yes&#8221; el_class=&#8221;style5&#8243; css=&#8221;.vc_custom_1649238190359{margin-top: -20px !important;margin-bottom: 10px !important;}&#8221; link=&#8221;url:https%3A%2F%2Fclaydondrill.com%2Fpl%2Fwaly-cambridge-123m%2F|||&#8221;][thememove_button text=&#8221;READ MORE&#8221; url=&#8221;https:\/\/claydondrill.com\/pl\/waly-cambridge-123m\/&#8221; icon=&#8221;fa-arrow-right&#8221;][\/vc_column_inner][vc_column_inner width=&#8221;1\/2&#8243;][\/vc_column_inner][\/vc_row_inner][\/vc_column][\/vc_row]<\/p>\n<\/div>","protected":false},"excerpt":{"rendered":"<p>[vc_row el_class=&#8221;top_desc&#8221;][vc_column width=&#8221;1\/2&#8243; el_class=&#8221;top_desc&#8221;][vc_custom_heading text=&#8221;WA\u0141Y CAMBRIDGE&#8221; use_theme_fonts=&#8221;yes&#8221;][vc_column_text]Jednym z najwa\u017cniejszych czynnik\u00f3w wp\u0142ywaj\u0105cych na skuteczne zak\u0142adanie upraw jest zapewnienie dok\u0142adnej konsolidacji gleby<\/p>\n","protected":false},"author":1,"featured_media":0,"parent":0,"menu_order":0,"comment_status":"closed","ping_status":"closed","template":"","meta":{"inline_featured_image":false,"footnotes":""},"class_list":["post-98795","page","type-page","status-publish","hentry"],"yoast_head":"<!-- This site is optimized with the Yoast SEO plugin v27.1.1 - https:\/\/yoast.com\/product\/yoast-seo-wordpress\/ -->\n<title>WA\u0141Y CAMBRIDGE - Claydon Drill Seed<\/title>\n<meta name=\"robots\" content=\"index, follow, max-snippet:-1, max-image-preview:large, max-video-preview:-1\" \/>\n<link rel=\"canonical\" href=\"https:\/\/claydondrill.com\/pl\/waly-cambridge\/\" \/>\n<meta property=\"og:locale\" content=\"pl_PL\" \/>\n<meta property=\"og:type\" content=\"article\" \/>\n<meta property=\"og:title\" content=\"WA\u0141Y CAMBRIDGE - Claydon Drill Seed\" \/>\n<meta property=\"og:description\" content=\"[vc_row el_class=&#8221;top_desc&#8221;][vc_column width=&#8221;1\/2&#8243; el_class=&#8221;top_desc&#8221;][vc_custom_heading text=&#8221;WA\u0141Y CAMBRIDGE&#8221; use_theme_fonts=&#8221;yes&#8221;][vc_column_text]Jednym z najwa\u017cniejszych czynnik\u00f3w wp\u0142ywaj\u0105cych na skuteczne zak\u0142adanie upraw jest zapewnienie dok\u0142adnej konsolidacji gleby\" \/>\n<meta property=\"og:url\" content=\"https:\/\/claydondrill.com\/pl\/waly-cambridge\/\" \/>\n<meta property=\"og:site_name\" content=\"Claydon Drill Seed\" \/>\n<meta property=\"article:modified_time\" content=\"2022-04-06T09:45:15+00:00\" \/>\n<meta name=\"twitter:card\" content=\"summary_large_image\" \/>\n<meta name=\"twitter:label1\" content=\"Szacowany czas czytania\" \/>\n\t<meta name=\"twitter:data1\" content=\"1 minuta\" \/>\n<script type=\"application\/ld+json\" class=\"yoast-schema-graph\">{\"@context\":\"https:\/\/schema.org\",\"@graph\":[{\"@type\":\"WebPage\",\"@id\":\"https:\/\/claydondrill.com\/pl\/waly-cambridge\/\",\"url\":\"https:\/\/claydondrill.com\/pl\/waly-cambridge\/\",\"name\":\"WA\u0141Y CAMBRIDGE - Claydon Drill Seed\",\"isPartOf\":{\"@id\":\"https:\/\/claydondrill.com\/pl\/#website\"},\"datePublished\":\"2022-04-06T09:37:00+00:00\",\"dateModified\":\"2022-04-06T09:45:15+00:00\",\"breadcrumb\":{\"@id\":\"https:\/\/claydondrill.com\/pl\/waly-cambridge\/#breadcrumb\"},\"inLanguage\":\"pl-PL\",\"potentialAction\":[{\"@type\":\"ReadAction\",\"target\":[\"https:\/\/claydondrill.com\/pl\/waly-cambridge\/\"]}]},{\"@type\":\"BreadcrumbList\",\"@id\":\"https:\/\/claydondrill.com\/pl\/waly-cambridge\/#breadcrumb\",\"itemListElement\":[{\"@type\":\"ListItem\",\"position\":1,\"name\":\"Home\",\"item\":\"https:\/\/claydondrill.com\/pl\/\"},{\"@type\":\"ListItem\",\"position\":2,\"name\":\"WA\u0141Y CAMBRIDGE\"}]},{\"@type\":\"WebSite\",\"@id\":\"https:\/\/claydondrill.com\/pl\/#website\",\"url\":\"https:\/\/claydondrill.com\/pl\/\",\"name\":\"Claydon Drill Seed\",\"description\":\"\",\"potentialAction\":[{\"@type\":\"SearchAction\",\"target\":{\"@type\":\"EntryPoint\",\"urlTemplate\":\"https:\/\/claydondrill.com\/pl\/?s={search_term_string}\"},\"query-input\":{\"@type\":\"PropertyValueSpecification\",\"valueRequired\":true,\"valueName\":\"search_term_string\"}}],\"inLanguage\":\"pl-PL\"}]}<\/script>\n<!-- \/ Yoast SEO plugin. -->","yoast_head_json":{"title":"WA\u0141Y CAMBRIDGE - Claydon Drill Seed","robots":{"index":"index","follow":"follow","max-snippet":"max-snippet:-1","max-image-preview":"max-image-preview:large","max-video-preview":"max-video-preview:-1"},"canonical":"https:\/\/claydondrill.com\/pl\/waly-cambridge\/","og_locale":"pl_PL","og_type":"article","og_title":"WA\u0141Y CAMBRIDGE - Claydon Drill Seed","og_description":"[vc_row el_class=&#8221;top_desc&#8221;][vc_column width=&#8221;1\/2&#8243; el_class=&#8221;top_desc&#8221;][vc_custom_heading text=&#8221;WA\u0141Y CAMBRIDGE&#8221; use_theme_fonts=&#8221;yes&#8221;][vc_column_text]Jednym z najwa\u017cniejszych czynnik\u00f3w wp\u0142ywaj\u0105cych na skuteczne zak\u0142adanie upraw jest zapewnienie dok\u0142adnej konsolidacji gleby","og_url":"https:\/\/claydondrill.com\/pl\/waly-cambridge\/","og_site_name":"Claydon Drill Seed","article_modified_time":"2022-04-06T09:45:15+00:00","twitter_card":"summary_large_image","twitter_misc":{"Szacowany czas czytania":"1 minuta"},"schema":{"@context":"https:\/\/schema.org","@graph":[{"@type":"WebPage","@id":"https:\/\/claydondrill.com\/pl\/waly-cambridge\/","url":"https:\/\/claydondrill.com\/pl\/waly-cambridge\/","name":"WA\u0141Y CAMBRIDGE - Claydon Drill Seed","isPartOf":{"@id":"https:\/\/claydondrill.com\/pl\/#website"},"datePublished":"2022-04-06T09:37:00+00:00","dateModified":"2022-04-06T09:45:15+00:00","breadcrumb":{"@id":"https:\/\/claydondrill.com\/pl\/waly-cambridge\/#breadcrumb"},"inLanguage":"pl-PL","potentialAction":[{"@type":"ReadAction","target":["https:\/\/claydondrill.com\/pl\/waly-cambridge\/"]}]},{"@type":"BreadcrumbList","@id":"https:\/\/claydondrill.com\/pl\/waly-cambridge\/#breadcrumb","itemListElement":[{"@type":"ListItem","position":1,"name":"Home","item":"https:\/\/claydondrill.com\/pl\/"},{"@type":"ListItem","position":2,"name":"WA\u0141Y CAMBRIDGE"}]},{"@type":"WebSite","@id":"https:\/\/claydondrill.com\/pl\/#website","url":"https:\/\/claydondrill.com\/pl\/","name":"Claydon Drill Seed","description":"","potentialAction":[{"@type":"SearchAction","target":{"@type":"EntryPoint","urlTemplate":"https:\/\/claydondrill.com\/pl\/?s={search_term_string}"},"query-input":{"@type":"PropertyValueSpecification","valueRequired":true,"valueName":"search_term_string"}}],"inLanguage":"pl-PL"}]}},"_links":{"self":[{"href":"https:\/\/claydondrill.com\/pl\/wp-json\/wp\/v2\/pages\/98795","targetHints":{"allow":["GET"]}}],"collection":[{"href":"https:\/\/claydondrill.com\/pl\/wp-json\/wp\/v2\/pages"}],"about":[{"href":"https:\/\/claydondrill.com\/pl\/wp-json\/wp\/v2\/types\/page"}],"author":[{"embeddable":true,"href":"https:\/\/claydondrill.com\/pl\/wp-json\/wp\/v2\/users\/1"}],"replies":[{"embeddable":true,"href":"https:\/\/claydondrill.com\/pl\/wp-json\/wp\/v2\/comments?post=98795"}],"version-history":[{"count":0,"href":"https:\/\/claydondrill.com\/pl\/wp-json\/wp\/v2\/pages\/98795\/revisions"}],"wp:attachment":[{"href":"https:\/\/claydondrill.com\/pl\/wp-json\/wp\/v2\/media?parent=98795"}],"curies":[{"name":"wp","href":"https:\/\/api.w.org\/{rel}","templated":true}]}}