{"id":94467,"date":"2022-01-28T13:29:55","date_gmt":"2022-01-28T13:29:55","guid":{"rendered":"https:\/\/claydondrill.com\/opielacz-miedzyrzedowy-terrablade\/"},"modified":"2022-05-10T16:27:33","modified_gmt":"2022-05-10T16:27:33","slug":"opielacz-miedzyrzedowy-terrablade","status":"publish","type":"page","link":"https:\/\/claydondrill.com\/pl\/opielacz-miedzyrzedowy-terrablade\/","title":{"rendered":"Opielacz  MI\u0118DZYRZ\u0118DOWy TERRABLADE"},"content":{"rendered":"<div class=\"wpb-content-wrapper\"><p>[vc_row el_class=&#8221;top_desc&#8221;][vc_column width=&#8221;1\/2&#8243;][vc_column_text]Opielacz mi\u0119dzyrz\u0119dowa TerraBlade to niedroga, mechaniczna metoda zwalczania chwast\u00f3w w uprawach pasowych. Dzi\u0119ki utrzymywaniu nieobsianych rz\u0119d\u00f3w w czysto\u015bci podczas wczesnych faz wzrostu upraw, konkurencja o sk\u0142adniki od\u017cywcze, \u015bwiat\u0142o, powietrze i wod\u0119 jest ograniczona, a m\u0142ode ro\u015bliny mog\u0105 rosn\u0105\u0107 silne i zdrowe.<\/p>\n<p>R\u0119cznie sterowany TerraBlade mo\u017ce przyczyni\u0107 si\u0119 do zwi\u0119kszenia plon\u00f3w, drastycznie obni\u017cy\u0107 mo\u017cliwo\u015b\u0107 przenoszenia nasion chwast\u00f3w i zmniejszy\u0107 ryzyko pojawienia si\u0119 bardziej odpornych typ\u00f3w ro\u015blin. Chocia\u017c opielacz zosta\u0142a zaprojektowana do stosowania z Claydon Opti-Till\u00ae, mo\u017ce by\u0107 u\u017cywana w ka\u017cdej uprawie pasmowej.[\/vc_column_text][vc_btn title=&#8221;Customer TerraBlade case study&#8221; color=&#8221;orange&#8221; add_icon=&#8221;true&#8221; link=&#8221;url:https%3A%2F%2Fclaydondrill.com%2Fwp-content%2Fuploads%2Farticle_pdf%2FOxonWeedHoedown_Alan_Smith.pdf|&#8221;][\/vc_column][vc_column width=&#8221;1\/2&#8243; el_class=&#8221;frtlizer&#8221;][vc_single_image image=&#8221;82085&#8243; img_size=&#8221;full&#8221;][\/vc_column][\/vc_row][vc_row full_width=&#8221;stretch_row&#8221; css=&#8221;.vc_custom_1595581583637{margin-top: 0px !important;margin-right: 0px !important;margin-bottom: 0px !important;margin-left: 0px !important;padding-top: 75px !important;padding-bottom: 0px !important;}&#8221; el_class=&#8221;services2 home_cat&#8221;][vc_column css=&#8221;.vc_custom_1460369393337{padding-top: 0px !important;padding-bottom: 0px !important;}&#8221;][vc_row_inner el_class=&#8221;product_sec cat_list&#8221;][vc_column_inner width=&#8221;1\/3&#8243;][vc_single_image image=&#8221;84571&#8243; img_size=&#8221;full&#8221; alignment=&#8221;center&#8221; onclick=&#8221;custom_link&#8221; link=&#8221;https:\/\/claydondrill.com\/pl\/product\/3m-terrablade\/&#8221;][vc_custom_heading text=&#8221;3m TerraBlade&#8221; font_container=&#8221;tag:h2|text_align:left|color:%23ca1f26&#8243; use_theme_fonts=&#8221;yes&#8221; el_class=&#8221;style5&#8243; css=&#8221;.vc_custom_1649239935758{margin-top: -20px !important;margin-bottom: 10px !important;}&#8221; link=&#8221;url:https%3A%2F%2Fclaydondrill.com%2Fpl%2Fproduct%2F3m-terrablade%2F|||&#8221;][thememove_button text=&#8221;READ MORE&#8221; url=&#8221;https:\/\/claydondrill.com\/pl\/product\/3m-terrablade\/&#8221; icon=&#8221;fa-arrow-right&#8221;][\/vc_column_inner][vc_column_inner width=&#8221;1\/3&#8243;][vc_single_image image=&#8221;83769&#8243; img_size=&#8221;full&#8221; alignment=&#8221;center&#8221; onclick=&#8221;custom_link&#8221; link=&#8221;https:\/\/claydondrill.com\/pl\/product\/4m-terrablade\/&#8221;][vc_custom_heading text=&#8221;4m TerraBlade&#8221; font_container=&#8221;tag:h2|text_align:left|color:%23ca1f26&#8243; use_theme_fonts=&#8221;yes&#8221; el_class=&#8221;style5&#8243; css=&#8221;.vc_custom_1649239968529{margin-top: -20px !important;margin-bottom: 10px !important;}&#8221; link=&#8221;url:https%3A%2F%2Fclaydondrill.com%2Fpl%2Fproduct%2F4m-terrablade%2F|||&#8221;][thememove_button text=&#8221;READ MORE&#8221; url=&#8221;https:\/\/claydondrill.com\/pl\/product\/4m-terrablade\/&#8221; icon=&#8221;fa-arrow-right&#8221;][\/vc_column_inner][vc_column_inner width=&#8221;1\/3&#8243;][vc_single_image image=&#8221;83766&#8243; img_size=&#8221;full&#8221; alignment=&#8221;center&#8221; onclick=&#8221;custom_link&#8221; link=&#8221;https:\/\/claydondrill.com\/pl\/product\/4-8m-terrablade\/&#8221;][vc_custom_heading text=&#8221;4,8m TerraBlade&#8221; font_container=&#8221;tag:h2|text_align:left|color:%23ca1f26&#8243; use_theme_fonts=&#8221;yes&#8221; el_class=&#8221;style5&#8243; css=&#8221;.vc_custom_1649240007470{margin-top: -20px !important;margin-bottom: 10px !important;}&#8221; link=&#8221;url:https%3A%2F%2Fclaydondrill.com%2Fpl%2Fproduct%2F4-8m-terrablade%2F|||&#8221;][thememove_button text=&#8221;READ MORE&#8221; url=&#8221;https:\/\/claydondrill.com\/pl\/product\/4-8m-terrablade\/&#8221; icon=&#8221;fa-arrow-right&#8221;][\/vc_column_inner][\/vc_row_inner][vc_row_inner el_class=&#8221;product_sec cat_list&#8221;][vc_column_inner width=&#8221;1\/3&#8243;][vc_single_image image=&#8221;83772&#8243; img_size=&#8221;full&#8221; alignment=&#8221;center&#8221; onclick=&#8221;custom_link&#8221; link=&#8221;https:\/\/claydondrill.com\/pl\/product\/6m-terrablade\/&#8221;][vc_custom_heading text=&#8221;6m TerraBlade&#8221; font_container=&#8221;tag:h2|text_align:left|color:%23ca1f26&#8243; use_theme_fonts=&#8221;yes&#8221; el_class=&#8221;style5&#8243; css=&#8221;.vc_custom_1649240036968{margin-top: -20px !important;margin-bottom: 10px !important;}&#8221; link=&#8221;url:https%3A%2F%2Fclaydondrill.com%2Fpl%2Fproduct%2F6m-terrablade%2F|||&#8221;][thememove_button text=&#8221;READ MORE&#8221; url=&#8221;https:\/\/claydondrill.com\/pl\/product\/6m-terrablade\/&#8221; icon=&#8221;fa-arrow-right&#8221;][\/vc_column_inner][vc_column_inner width=&#8221;1\/3&#8243;][vc_single_image image=&#8221;83775&#8243; img_size=&#8221;full&#8221; alignment=&#8221;center&#8221; onclick=&#8221;custom_link&#8221; link=&#8221;https:\/\/claydondrill.com\/pl\/product\/8m-terrablade\/&#8221;][vc_custom_heading text=&#8221;8m TerraBlade&#8221; font_container=&#8221;tag:h2|text_align:left|color:%23ca1f26&#8243; use_theme_fonts=&#8221;yes&#8221; el_class=&#8221;style5&#8243; css=&#8221;.vc_custom_1649240061398{margin-top: -20px !important;margin-bottom: 10px !important;}&#8221; link=&#8221;url:https%3A%2F%2Fclaydondrill.com%2Fpl%2Fproduct%2F8m-terrablade%2F|||&#8221;][thememove_button text=&#8221;READ MORE&#8221; url=&#8221;https:\/\/claydondrill.com\/pl\/product\/8m-terrablade\/&#8221; icon=&#8221;fa-arrow-right&#8221;][\/vc_column_inner][vc_column_inner width=&#8221;1\/3&#8243;][\/vc_column_inner][\/vc_row_inner][\/vc_column][\/vc_row]<\/p>\n<\/div>","protected":false},"excerpt":{"rendered":"<p>[vc_row el_class=&#8221;top_desc&#8221;][vc_column width=&#8221;1\/2&#8243;][vc_column_text]Opielacz mi\u0119dzyrz\u0119dowa TerraBlade to niedroga, mechaniczna metoda zwalczania chwast\u00f3w w uprawach pasowych. Dzi\u0119ki utrzymywaniu nieobsianych rz\u0119d\u00f3w w czysto\u015bci<\/p>\n","protected":false},"author":1,"featured_media":0,"parent":0,"menu_order":0,"comment_status":"closed","ping_status":"closed","template":"","meta":{"inline_featured_image":false,"footnotes":""},"class_list":["post-94467","page","type-page","status-publish","hentry"],"yoast_head":"<!-- This site is optimized with the Yoast SEO plugin v27.1.1 - https:\/\/yoast.com\/product\/yoast-seo-wordpress\/ -->\n<title>TerraBlade | Inter Row Cultivator | Inter Row Hoe | Claydon<\/title>\n<meta name=\"description\" content=\"The TerraBlade inter-row hoe is a low-cost, mechanical method of controlling weeds in combinable band-sown crops. Learn more about inter row cultivators.\" \/>\n<meta name=\"robots\" content=\"index, follow, max-snippet:-1, max-image-preview:large, max-video-preview:-1\" \/>\n<link rel=\"canonical\" href=\"https:\/\/claydondrill.com\/pl\/opielacz-miedzyrzedowy-terrablade\/\" \/>\n<meta property=\"og:locale\" content=\"pl_PL\" \/>\n<meta property=\"og:type\" content=\"article\" \/>\n<meta property=\"og:title\" content=\"TerraBlade | Inter Row Cultivator | Inter Row Hoe | Claydon\" \/>\n<meta property=\"og:description\" content=\"The TerraBlade inter-row hoe is a low-cost, mechanical method of controlling weeds in combinable band-sown crops. Learn more about inter row cultivators.\" \/>\n<meta property=\"og:url\" content=\"https:\/\/claydondrill.com\/pl\/opielacz-miedzyrzedowy-terrablade\/\" \/>\n<meta property=\"og:site_name\" content=\"Claydon Drill Seed\" \/>\n<meta property=\"article:modified_time\" content=\"2022-05-10T16:27:33+00:00\" \/>\n<meta name=\"twitter:card\" content=\"summary_large_image\" \/>\n<meta name=\"twitter:label1\" content=\"Szacowany czas czytania\" \/>\n\t<meta name=\"twitter:data1\" content=\"3 minuty\" \/>\n<script type=\"application\/ld+json\" class=\"yoast-schema-graph\">{\"@context\":\"https:\/\/schema.org\",\"@graph\":[{\"@type\":\"WebPage\",\"@id\":\"https:\/\/claydondrill.com\/pl\/opielacz-miedzyrzedowy-terrablade\/\",\"url\":\"https:\/\/claydondrill.com\/pl\/opielacz-miedzyrzedowy-terrablade\/\",\"name\":\"TerraBlade | Inter Row Cultivator | Inter Row Hoe | Claydon\",\"isPartOf\":{\"@id\":\"https:\/\/claydondrill.com\/pl\/#website\"},\"datePublished\":\"2022-01-28T13:29:55+00:00\",\"dateModified\":\"2022-05-10T16:27:33+00:00\",\"description\":\"The TerraBlade inter-row hoe is a low-cost, mechanical method of controlling weeds in combinable band-sown crops. Learn more about inter row cultivators.\",\"breadcrumb\":{\"@id\":\"https:\/\/claydondrill.com\/pl\/opielacz-miedzyrzedowy-terrablade\/#breadcrumb\"},\"inLanguage\":\"pl-PL\",\"potentialAction\":[{\"@type\":\"ReadAction\",\"target\":[\"https:\/\/claydondrill.com\/pl\/opielacz-miedzyrzedowy-terrablade\/\"]}]},{\"@type\":\"BreadcrumbList\",\"@id\":\"https:\/\/claydondrill.com\/pl\/opielacz-miedzyrzedowy-terrablade\/#breadcrumb\",\"itemListElement\":[{\"@type\":\"ListItem\",\"position\":1,\"name\":\"Home\",\"item\":\"https:\/\/claydondrill.com\/pl\/\"},{\"@type\":\"ListItem\",\"position\":2,\"name\":\"Opielacz MI\u0118DZYRZ\u0118DOWy TERRABLADE\"}]},{\"@type\":\"WebSite\",\"@id\":\"https:\/\/claydondrill.com\/pl\/#website\",\"url\":\"https:\/\/claydondrill.com\/pl\/\",\"name\":\"Claydon Drill Seed\",\"description\":\"\",\"potentialAction\":[{\"@type\":\"SearchAction\",\"target\":{\"@type\":\"EntryPoint\",\"urlTemplate\":\"https:\/\/claydondrill.com\/pl\/?s={search_term_string}\"},\"query-input\":{\"@type\":\"PropertyValueSpecification\",\"valueRequired\":true,\"valueName\":\"search_term_string\"}}],\"inLanguage\":\"pl-PL\"}]}<\/script>\n<!-- \/ Yoast SEO plugin. -->","yoast_head_json":{"title":"TerraBlade | Inter Row Cultivator | Inter Row Hoe | Claydon","description":"The TerraBlade inter-row hoe is a low-cost, mechanical method of controlling weeds in combinable band-sown crops. Learn more about inter row cultivators.","robots":{"index":"index","follow":"follow","max-snippet":"max-snippet:-1","max-image-preview":"max-image-preview:large","max-video-preview":"max-video-preview:-1"},"canonical":"https:\/\/claydondrill.com\/pl\/opielacz-miedzyrzedowy-terrablade\/","og_locale":"pl_PL","og_type":"article","og_title":"TerraBlade | Inter Row Cultivator | Inter Row Hoe | Claydon","og_description":"The TerraBlade inter-row hoe is a low-cost, mechanical method of controlling weeds in combinable band-sown crops. Learn more about inter row cultivators.","og_url":"https:\/\/claydondrill.com\/pl\/opielacz-miedzyrzedowy-terrablade\/","og_site_name":"Claydon Drill Seed","article_modified_time":"2022-05-10T16:27:33+00:00","twitter_card":"summary_large_image","twitter_misc":{"Szacowany czas czytania":"3 minuty"},"schema":{"@context":"https:\/\/schema.org","@graph":[{"@type":"WebPage","@id":"https:\/\/claydondrill.com\/pl\/opielacz-miedzyrzedowy-terrablade\/","url":"https:\/\/claydondrill.com\/pl\/opielacz-miedzyrzedowy-terrablade\/","name":"TerraBlade | Inter Row Cultivator | Inter Row Hoe | Claydon","isPartOf":{"@id":"https:\/\/claydondrill.com\/pl\/#website"},"datePublished":"2022-01-28T13:29:55+00:00","dateModified":"2022-05-10T16:27:33+00:00","description":"The TerraBlade inter-row hoe is a low-cost, mechanical method of controlling weeds in combinable band-sown crops. Learn more about inter row cultivators.","breadcrumb":{"@id":"https:\/\/claydondrill.com\/pl\/opielacz-miedzyrzedowy-terrablade\/#breadcrumb"},"inLanguage":"pl-PL","potentialAction":[{"@type":"ReadAction","target":["https:\/\/claydondrill.com\/pl\/opielacz-miedzyrzedowy-terrablade\/"]}]},{"@type":"BreadcrumbList","@id":"https:\/\/claydondrill.com\/pl\/opielacz-miedzyrzedowy-terrablade\/#breadcrumb","itemListElement":[{"@type":"ListItem","position":1,"name":"Home","item":"https:\/\/claydondrill.com\/pl\/"},{"@type":"ListItem","position":2,"name":"Opielacz MI\u0118DZYRZ\u0118DOWy TERRABLADE"}]},{"@type":"WebSite","@id":"https:\/\/claydondrill.com\/pl\/#website","url":"https:\/\/claydondrill.com\/pl\/","name":"Claydon Drill Seed","description":"","potentialAction":[{"@type":"SearchAction","target":{"@type":"EntryPoint","urlTemplate":"https:\/\/claydondrill.com\/pl\/?s={search_term_string}"},"query-input":{"@type":"PropertyValueSpecification","valueRequired":true,"valueName":"search_term_string"}}],"inLanguage":"pl-PL"}]}},"_links":{"self":[{"href":"https:\/\/claydondrill.com\/pl\/wp-json\/wp\/v2\/pages\/94467","targetHints":{"allow":["GET"]}}],"collection":[{"href":"https:\/\/claydondrill.com\/pl\/wp-json\/wp\/v2\/pages"}],"about":[{"href":"https:\/\/claydondrill.com\/pl\/wp-json\/wp\/v2\/types\/page"}],"author":[{"embeddable":true,"href":"https:\/\/claydondrill.com\/pl\/wp-json\/wp\/v2\/users\/1"}],"replies":[{"embeddable":true,"href":"https:\/\/claydondrill.com\/pl\/wp-json\/wp\/v2\/comments?post=94467"}],"version-history":[{"count":0,"href":"https:\/\/claydondrill.com\/pl\/wp-json\/wp\/v2\/pages\/94467\/revisions"}],"wp:attachment":[{"href":"https:\/\/claydondrill.com\/pl\/wp-json\/wp\/v2\/media?parent=94467"}],"curies":[{"name":"wp","href":"https:\/\/api.w.org\/{rel}","templated":true}]}}