{"id":94458,"date":"2022-01-28T11:57:52","date_gmt":"2022-01-28T11:57:52","guid":{"rendered":"https:\/\/claydondrill.com\/zgrzeblo\/"},"modified":"2026-03-06T16:15:01","modified_gmt":"2026-03-06T15:15:01","slug":"zgrzeblo","status":"publish","type":"page","link":"https:\/\/claydondrill.com\/pl\/zgrzeblo\/","title":{"rendered":"ZGRZEB\u0141O CHWASTOWNIK"},"content":{"rendered":"<div class=\"wpb-content-wrapper\"><p>[vc_row el_class=&#8221;top_desc&#8221;][vc_column width=&#8221;1\/2&#8243; el_class=&#8221;top_desc&#8221;][vc_column_text]Zgrzeb\u0142a Claydon tworz\u0105 upraw\u0119 gleby w g\u00f3rnej warstwie 30 mm gleby, wykorzystuj\u0105c zatrzyman\u0105 wilgo\u0107 do szybkiego, r\u00f3wnomiernego kie\u0142kowania chwast\u00f3w. Wygrabiaj\u0105 i niszcz\u0105 chwasty, usuwaj\u0105c \u017ar\u00f3d\u0142o po\u017cywienia dla \u015blimak\u00f3w. Zgrzeb\u0142a rozbijaj\u0105 gniazda \u015blimak\u00f3w i wysuszaj\u0105 ich jaja poprzez mieszanie i wystawianie wilgotnej sieczki i s\u0142omy na dzia\u0142anie promieni s\u0142onecznych.<\/p>\n<p>Wytrzyma\u0142e zgrzeb\u0142a Claydon zosta\u0142y zaprojektowane do szybkiego dzia\u0142ania i maksymalnego efektu. Z pr\u0119dko\u015bci\u0105 do 25km\/h rozbijaj\u0105 s\u0142om\u0119 i rozdrabniaj\u0105 j\u0105 w celu szybszego rozk\u0142adu.\u00a0 Mo\u017cna je stosowa\u0107 przed lub po kultywacji w celu wyr\u00f3wnania gleby i uzyskania struktury drobno gruze\u0142kowatej.[\/vc_column_text][\/vc_column][vc_column width=&#8221;1\/2&#8243; el_class=&#8221;frtlizer&#8221;][vc_single_image image=&#8221;82027&#8243; img_size=&#8221;full&#8221;][\/vc_column][\/vc_row][vc_row full_width=&#8221;stretch_row&#8221; css=&#8221;.vc_custom_1595581583637{margin-top: 0px !important;margin-right: 0px !important;margin-bottom: 0px !important;margin-left: 0px !important;padding-top: 75px !important;padding-bottom: 0px !important;}&#8221; el_class=&#8221;services2 home_cat&#8221;][vc_column css=&#8221;.vc_custom_1460369393337{padding-top: 0px !important;padding-bottom: 0px !important;}&#8221;][vc_row_inner el_class=&#8221;product_sec cat_list&#8221;][vc_column_inner width=&#8221;1\/2&#8243;][vc_single_image image=&#8221;82031&#8243; img_size=&#8221;full&#8221; alignment=&#8221;center&#8221; onclick=&#8221;custom_link&#8221; link=&#8221;https:\/\/claydondrill.com\/pl\/product\/3m-zgrzeblo\/&#8221;][vc_custom_heading text=&#8221;3m Zgrzeb\u0142o&#8221; font_container=&#8221;tag:h2|text_align:left|color:%23ca1f26&#8243; use_theme_fonts=&#8221;yes&#8221; el_class=&#8221;style5&#8243; css=&#8221;.vc_custom_1649173012548{margin-top: -20px !important;margin-bottom: 10px !important;}&#8221; link=&#8221;url:https%3A%2F%2Fclaydondrill.com%2Fpl%2Fproduct%2F3m-zgrzeblo%2F|||&#8221;][thememove_button text=&#8221;READ MORE&#8221; url=&#8221;https:\/\/claydondrill.com\/pl\/product\/3m-zgrzeblo\/&#8221; icon=&#8221;fa-arrow-right&#8221;][\/vc_column_inner][vc_column_inner width=&#8221;1\/2&#8243;][vc_single_image image=&#8221;82034&#8243; img_size=&#8221;full&#8221; alignment=&#8221;center&#8221; onclick=&#8221;custom_link&#8221; link=&#8221;https:\/\/claydondrill.com\/pl\/product\/75m-zgrzeblo\/&#8221;][vc_custom_heading text=&#8221;7,5m Zgrzeb\u0142o&#8221; font_container=&#8221;tag:h2|text_align:left|color:%23ca1f26&#8243; use_theme_fonts=&#8221;yes&#8221; el_class=&#8221;style5&#8243; css=&#8221;.vc_custom_1649172999094{margin-top: -20px !important;margin-bottom: 10px !important;}&#8221; link=&#8221;url:https%3A%2F%2Fclaydondrill.com%2Fpl%2Fproduct%2F75m-zgrzeblo%2F|||&#8221;][thememove_button text=&#8221;READ MORE&#8221; url=&#8221;https:\/\/claydondrill.com\/pl\/product\/75m-zgrzeblo\/&#8221; icon=&#8221;fa-arrow-right&#8221;][\/vc_column_inner][\/vc_row_inner][vc_row_inner el_class=&#8221;product_sec cat_list&#8221;][vc_column_inner width=&#8221;1\/2&#8243;][vc_single_image image=&#8221;94110&#8243; img_size=&#8221;full&#8221; alignment=&#8221;center&#8221; onclick=&#8221;custom_link&#8221; link=&#8221;https:\/\/claydondrill.com\/pl\/product\/9m-zgrzeblo\/&#8221;][vc_custom_heading text=&#8221;9m Zgrzeb\u0142o&#8221; font_container=&#8221;tag:h2|text_align:left|color:%23ca1f26&#8243; use_theme_fonts=&#8221;yes&#8221; el_class=&#8221;style5&#8243; css=&#8221;.vc_custom_1649172984476{margin-top: -20px !important;margin-bottom: 10px !important;}&#8221; link=&#8221;url:https%3A%2F%2Fclaydondrill.com%2Fpl%2Fproduct%2F9m-zgrzeblo%2F|||&#8221;][thememove_button text=&#8221;READ MORE&#8221; url=&#8221;https:\/\/claydondrill.com\/pl\/product\/9m-zgrzeblo\/&#8221; icon=&#8221;fa-arrow-right&#8221;][\/vc_column_inner][\/vc_row_inner][vc_row_inner el_class=&#8221;product_sec cat_list&#8221;][vc_column_inner width=&#8221;1\/2&#8243;][vc_single_image image=&#8221;82037&#8243; img_size=&#8221;full&#8221; alignment=&#8221;center&#8221; onclick=&#8221;custom_link&#8221; link=&#8221;https:\/\/claydondrill.com\/pl\/product\/125m-zgrzeblo\/&#8221;][vc_custom_heading text=&#8221;12,5m Zgrzeb\u0142o&#8221; font_container=&#8221;tag:h2|text_align:left|color:%23ca1f26&#8243; use_theme_fonts=&#8221;yes&#8221; el_class=&#8221;style5&#8243; css=&#8221;.vc_custom_1649172969108{margin-top: -20px !important;margin-bottom: 10px !important;}&#8221; link=&#8221;url:https%3A%2F%2Fclaydondrill.com%2Fpl%2Fproduct%2F125m-zgrzeblo%2F|||&#8221;][thememove_button text=&#8221;READ MORE&#8221; url=&#8221;https:\/\/claydondrill.com\/pl\/product\/125m-zgrzeblo\/&#8221; icon=&#8221;fa-arrow-right&#8221;][\/vc_column_inner][vc_column_inner width=&#8221;1\/2&#8243;][vc_single_image image=&#8221;82040&#8243; img_size=&#8221;full&#8221; alignment=&#8221;center&#8221; onclick=&#8221;custom_link&#8221; link=&#8221;https:\/\/claydondrill.com\/pl\/product\/15m-zgrzeblo\/&#8221;][vc_custom_heading text=&#8221;15m Zgrzeb\u0142o&#8221; font_container=&#8221;tag:h2|text_align:left|color:%23ca1f26&#8243; use_theme_fonts=&#8221;yes&#8221; el_class=&#8221;style5&#8243; css=&#8221;.vc_custom_1649172954300{margin-top: -20px !important;margin-bottom: 10px !important;}&#8221; link=&#8221;url:https%3A%2F%2Fclaydondrill.com%2Fpl%2Fproduct%2F15m-zgrzeblo%2F|||&#8221;][thememove_button text=&#8221;READ MORE&#8221; url=&#8221;https:\/\/claydondrill.com\/pl\/product\/15m-zgrzeblo\/&#8221; icon=&#8221;fa-arrow-right&#8221;][\/vc_column_inner][\/vc_row_inner][\/vc_column][\/vc_row]<\/p>\n<\/div>","protected":false},"excerpt":{"rendered":"<p>[vc_row el_class=&#8221;top_desc&#8221;][vc_column width=&#8221;1\/2&#8243; el_class=&#8221;top_desc&#8221;][vc_column_text]Zgrzeb\u0142a Claydon tworz\u0105 upraw\u0119 gleby w g\u00f3rnej warstwie 30 mm gleby, wykorzystuj\u0105c zatrzyman\u0105 wilgo\u0107 do szybkiego, r\u00f3wnomiernego<\/p>\n","protected":false},"author":1,"featured_media":0,"parent":0,"menu_order":0,"comment_status":"closed","ping_status":"closed","template":"","meta":{"inline_featured_image":false,"footnotes":""},"class_list":["post-94458","page","type-page","status-publish","hentry"],"yoast_head":"<!-- This site is optimized with the Yoast SEO plugin v27.1.1 - https:\/\/yoast.com\/product\/yoast-seo-wordpress\/ -->\n<title>Brona do ci\u0105gnika do efektywnego zarz\u0105dzania s\u0142om\u0105 \u2013 Claydon Drill<\/title>\n<meta name=\"description\" content=\"Brona ci\u0105gnikowa Claydon tworzy mikro-upraw\u0119 w g\u00f3rnych 30 mm gleby, wykorzystuj\u0105c zatrzyman\u0105 wilgo\u0107 do szybkiego, r\u00f3wnomiernego kie\u0142kowania chwast\u00f3w. Przegl\u0105daj nasz\u0105 ofert\u0119 bron ci\u0105gnikowych ju\u017c dzi\u015b.\" \/>\n<meta name=\"robots\" content=\"index, follow, max-snippet:-1, max-image-preview:large, max-video-preview:-1\" \/>\n<link rel=\"canonical\" href=\"https:\/\/claydondrill.com\/pl\/zgrzeblo\/\" \/>\n<meta property=\"og:locale\" content=\"pl_PL\" \/>\n<meta property=\"og:type\" content=\"article\" \/>\n<meta property=\"og:title\" content=\"Brona do ci\u0105gnika do efektywnego zarz\u0105dzania s\u0142om\u0105 \u2013 Claydon Drill\" \/>\n<meta property=\"og:description\" content=\"Brona ci\u0105gnikowa Claydon tworzy mikro-upraw\u0119 w g\u00f3rnych 30 mm gleby, wykorzystuj\u0105c zatrzyman\u0105 wilgo\u0107 do szybkiego, r\u00f3wnomiernego kie\u0142kowania chwast\u00f3w. Przegl\u0105daj nasz\u0105 ofert\u0119 bron ci\u0105gnikowych ju\u017c dzi\u015b.\" \/>\n<meta property=\"og:url\" content=\"https:\/\/claydondrill.com\/pl\/zgrzeblo\/\" \/>\n<meta property=\"og:site_name\" content=\"Claydon Drill Seed\" \/>\n<meta property=\"article:modified_time\" content=\"2026-03-06T15:15:01+00:00\" \/>\n<meta name=\"twitter:card\" content=\"summary_large_image\" \/>\n<meta name=\"twitter:label1\" content=\"Szacowany czas czytania\" \/>\n\t<meta name=\"twitter:data1\" content=\"2 minuty\" \/>\n<script type=\"application\/ld+json\" class=\"yoast-schema-graph\">{\"@context\":\"https:\/\/schema.org\",\"@graph\":[{\"@type\":\"WebPage\",\"@id\":\"https:\/\/claydondrill.com\/pl\/zgrzeblo\/\",\"url\":\"https:\/\/claydondrill.com\/pl\/zgrzeblo\/\",\"name\":\"Brona do ci\u0105gnika do efektywnego zarz\u0105dzania s\u0142om\u0105 \u2013 Claydon Drill\",\"isPartOf\":{\"@id\":\"https:\/\/claydondrill.com\/pl\/#website\"},\"datePublished\":\"2022-01-28T11:57:52+00:00\",\"dateModified\":\"2026-03-06T15:15:01+00:00\",\"description\":\"Brona ci\u0105gnikowa Claydon tworzy mikro-upraw\u0119 w g\u00f3rnych 30 mm gleby, wykorzystuj\u0105c zatrzyman\u0105 wilgo\u0107 do szybkiego, r\u00f3wnomiernego kie\u0142kowania chwast\u00f3w. Przegl\u0105daj nasz\u0105 ofert\u0119 bron ci\u0105gnikowych ju\u017c dzi\u015b.\",\"breadcrumb\":{\"@id\":\"https:\/\/claydondrill.com\/pl\/zgrzeblo\/#breadcrumb\"},\"inLanguage\":\"pl-PL\",\"potentialAction\":[{\"@type\":\"ReadAction\",\"target\":[\"https:\/\/claydondrill.com\/pl\/zgrzeblo\/\"]}]},{\"@type\":\"BreadcrumbList\",\"@id\":\"https:\/\/claydondrill.com\/pl\/zgrzeblo\/#breadcrumb\",\"itemListElement\":[{\"@type\":\"ListItem\",\"position\":1,\"name\":\"Home\",\"item\":\"https:\/\/claydondrill.com\/pl\/\"},{\"@type\":\"ListItem\",\"position\":2,\"name\":\"ZGRZEB\u0141O CHWASTOWNIK\"}]},{\"@type\":\"WebSite\",\"@id\":\"https:\/\/claydondrill.com\/pl\/#website\",\"url\":\"https:\/\/claydondrill.com\/pl\/\",\"name\":\"Claydon Drill Seed\",\"description\":\"\",\"potentialAction\":[{\"@type\":\"SearchAction\",\"target\":{\"@type\":\"EntryPoint\",\"urlTemplate\":\"https:\/\/claydondrill.com\/pl\/?s={search_term_string}\"},\"query-input\":{\"@type\":\"PropertyValueSpecification\",\"valueRequired\":true,\"valueName\":\"search_term_string\"}}],\"inLanguage\":\"pl-PL\"}]}<\/script>\n<!-- \/ Yoast SEO plugin. -->","yoast_head_json":{"title":"Brona do ci\u0105gnika do efektywnego zarz\u0105dzania s\u0142om\u0105 \u2013 Claydon Drill","description":"Brona ci\u0105gnikowa Claydon tworzy mikro-upraw\u0119 w g\u00f3rnych 30 mm gleby, wykorzystuj\u0105c zatrzyman\u0105 wilgo\u0107 do szybkiego, r\u00f3wnomiernego kie\u0142kowania chwast\u00f3w. Przegl\u0105daj nasz\u0105 ofert\u0119 bron ci\u0105gnikowych ju\u017c dzi\u015b.","robots":{"index":"index","follow":"follow","max-snippet":"max-snippet:-1","max-image-preview":"max-image-preview:large","max-video-preview":"max-video-preview:-1"},"canonical":"https:\/\/claydondrill.com\/pl\/zgrzeblo\/","og_locale":"pl_PL","og_type":"article","og_title":"Brona do ci\u0105gnika do efektywnego zarz\u0105dzania s\u0142om\u0105 \u2013 Claydon Drill","og_description":"Brona ci\u0105gnikowa Claydon tworzy mikro-upraw\u0119 w g\u00f3rnych 30 mm gleby, wykorzystuj\u0105c zatrzyman\u0105 wilgo\u0107 do szybkiego, r\u00f3wnomiernego kie\u0142kowania chwast\u00f3w. Przegl\u0105daj nasz\u0105 ofert\u0119 bron ci\u0105gnikowych ju\u017c dzi\u015b.","og_url":"https:\/\/claydondrill.com\/pl\/zgrzeblo\/","og_site_name":"Claydon Drill Seed","article_modified_time":"2026-03-06T15:15:01+00:00","twitter_card":"summary_large_image","twitter_misc":{"Szacowany czas czytania":"2 minuty"},"schema":{"@context":"https:\/\/schema.org","@graph":[{"@type":"WebPage","@id":"https:\/\/claydondrill.com\/pl\/zgrzeblo\/","url":"https:\/\/claydondrill.com\/pl\/zgrzeblo\/","name":"Brona do ci\u0105gnika do efektywnego zarz\u0105dzania s\u0142om\u0105 \u2013 Claydon Drill","isPartOf":{"@id":"https:\/\/claydondrill.com\/pl\/#website"},"datePublished":"2022-01-28T11:57:52+00:00","dateModified":"2026-03-06T15:15:01+00:00","description":"Brona ci\u0105gnikowa Claydon tworzy mikro-upraw\u0119 w g\u00f3rnych 30 mm gleby, wykorzystuj\u0105c zatrzyman\u0105 wilgo\u0107 do szybkiego, r\u00f3wnomiernego kie\u0142kowania chwast\u00f3w. Przegl\u0105daj nasz\u0105 ofert\u0119 bron ci\u0105gnikowych ju\u017c dzi\u015b.","breadcrumb":{"@id":"https:\/\/claydondrill.com\/pl\/zgrzeblo\/#breadcrumb"},"inLanguage":"pl-PL","potentialAction":[{"@type":"ReadAction","target":["https:\/\/claydondrill.com\/pl\/zgrzeblo\/"]}]},{"@type":"BreadcrumbList","@id":"https:\/\/claydondrill.com\/pl\/zgrzeblo\/#breadcrumb","itemListElement":[{"@type":"ListItem","position":1,"name":"Home","item":"https:\/\/claydondrill.com\/pl\/"},{"@type":"ListItem","position":2,"name":"ZGRZEB\u0141O CHWASTOWNIK"}]},{"@type":"WebSite","@id":"https:\/\/claydondrill.com\/pl\/#website","url":"https:\/\/claydondrill.com\/pl\/","name":"Claydon Drill Seed","description":"","potentialAction":[{"@type":"SearchAction","target":{"@type":"EntryPoint","urlTemplate":"https:\/\/claydondrill.com\/pl\/?s={search_term_string}"},"query-input":{"@type":"PropertyValueSpecification","valueRequired":true,"valueName":"search_term_string"}}],"inLanguage":"pl-PL"}]}},"_links":{"self":[{"href":"https:\/\/claydondrill.com\/pl\/wp-json\/wp\/v2\/pages\/94458","targetHints":{"allow":["GET"]}}],"collection":[{"href":"https:\/\/claydondrill.com\/pl\/wp-json\/wp\/v2\/pages"}],"about":[{"href":"https:\/\/claydondrill.com\/pl\/wp-json\/wp\/v2\/types\/page"}],"author":[{"embeddable":true,"href":"https:\/\/claydondrill.com\/pl\/wp-json\/wp\/v2\/users\/1"}],"replies":[{"embeddable":true,"href":"https:\/\/claydondrill.com\/pl\/wp-json\/wp\/v2\/comments?post=94458"}],"version-history":[{"count":2,"href":"https:\/\/claydondrill.com\/pl\/wp-json\/wp\/v2\/pages\/94458\/revisions"}],"predecessor-version":[{"id":107368,"href":"https:\/\/claydondrill.com\/pl\/wp-json\/wp\/v2\/pages\/94458\/revisions\/107368"}],"wp:attachment":[{"href":"https:\/\/claydondrill.com\/pl\/wp-json\/wp\/v2\/media?parent=94458"}],"curies":[{"name":"wp","href":"https:\/\/api.w.org\/{rel}","templated":true}]}}