{"id":94436,"date":"2022-01-28T11:48:12","date_gmt":"2022-01-28T11:48:12","guid":{"rendered":"https:\/\/claydondrill.com\/hybrid-t-siewniki-ciagane\/"},"modified":"2026-02-17T14:36:54","modified_gmt":"2026-02-17T13:36:54","slug":"hybrid-t-siewniki-ciagane","status":"publish","type":"page","link":"https:\/\/claydondrill.com\/pl\/hybrid-t-siewniki-ciagane\/","title":{"rendered":"Hybrid T &#8211; Siewniki Ci\u0105gane"},"content":{"rendered":"<div class=\"wpb-content-wrapper\"><p>[vc_row][vc_column width=&#8221;1\/2&#8243;][vc_custom_heading text=&#8221;Siewniki ci\u0105gane&#8221; use_theme_fonts=&#8221;yes&#8221;][\/vc_column][vc_column width=&#8221;1\/2&#8243;][\/vc_column][\/vc_row][vc_row el_class=&#8221;top_desc&#8221;][vc_column width=&#8221;1\/2&#8243;][vc_column_text]Wszechstronny, elastyczny, prosty. Siej bezpo\u015brednio w \u015bciernisko, gleb\u0119 uprawian\u0105 lub zaoran\u0105. Prze\u0142omowa technologia z\u0119b\u00f3w uprawowych rozlu\u017ania zag\u0119szczon\u0105 gleb\u0119, wprowadza powietrze do gleby oraz tworzy drena\u017c i spulchnia j\u0105, zapewniaj\u0105c doskona\u0142e warunki wzrostu w strefie siewu i ukorzeniania. Dost\u0119pne s\u0105 r\u00f3\u017cne opcje przedniej i tylnej belki narz\u0119dziowej oraz opcje wysiewu nasion &#8211; dla ka\u017cdego scenariusza siewu.[\/vc_column_text][\/vc_column][vc_column width=&#8221;1\/2&#8243; el_class=&#8221;frtlizer&#8221;][vc_single_image image=&#8221;106738&#8243; img_size=&#8221;full&#8221; css=&#8221;&#8221;][\/vc_column][\/vc_row][vc_row full_width=&#8221;stretch_row&#8221; css=&#8221;.vc_custom_1595581583637{margin-top: 0px !important;margin-right: 0px !important;margin-bottom: 0px !important;margin-left: 0px !important;padding-top: 75px !important;padding-bottom: 0px !important;}&#8221; el_class=&#8221;services2 home_cat&#8221;][vc_column css=&#8221;.vc_custom_1460369393337{padding-top: 0px !important;padding-bottom: 0px !important;}&#8221;][vc_row_inner el_class=&#8221;product_sec cat_list&#8221;][vc_column_inner width=&#8221;1\/3&#8243;][vc_single_image image=&#8221;82450&#8243; img_size=&#8221;full&#8221; alignment=&#8221;center&#8221; onclick=&#8221;custom_link&#8221; link=&#8221;https:\/\/claydondrill.com\/pl\/product\/hybrid-t4\/&#8221;][vc_custom_heading text=&#8221;T4&#8243; font_container=&#8221;tag:h2|text_align:left|color:%23ca1f26&#8243; use_theme_fonts=&#8221;yes&#8221; css=&#8221;.vc_custom_1646131907511{margin-top: -20px !important;margin-bottom: 10px !important;}&#8221; el_class=&#8221;style5&#8243; link=&#8221;url:https%3A%2F%2Fclaydondrill.com%2Fpl%2Fproduct%2Fhybrid-t4%2F|||&#8221;][thememove_button text=&#8221;READ MORE&#8221; url=&#8221;https:\/\/claydondrill.com\/pl\/product\/hybrid-t4\/&#8221; icon=&#8221;fa-arrow-right&#8221;][\/vc_column_inner][vc_column_inner width=&#8221;1\/3&#8243;][vc_single_image image=&#8221;82202&#8243; img_size=&#8221;full&#8221; alignment=&#8221;center&#8221; onclick=&#8221;custom_link&#8221; link=&#8221;https:\/\/claydondrill.com\/pl\/product\/hybrid-t4-8\/&#8221;][vc_custom_heading text=&#8221;T4.8&#8243; font_container=&#8221;tag:h2|text_align:left|color:%23ca1f26&#8243; use_theme_fonts=&#8221;yes&#8221; css=&#8221;.vc_custom_1646131945367{margin-top: -20px !important;margin-bottom: 10px !important;}&#8221; el_class=&#8221;style5&#8243; link=&#8221;url:https%3A%2F%2Fclaydondrill.com%2Fpl%2Fproduct%2Fhybrid-t4-8%2F|||&#8221;][thememove_button text=&#8221;READ MORE&#8221; url=&#8221;https:\/\/claydondrill.com\/pl\/product\/hybrid-t4-8\/&#8221; icon=&#8221;fa-arrow-right&#8221;][\/vc_column_inner][vc_column_inner width=&#8221;1\/3&#8243;][vc_single_image image=&#8221;82204&#8243; img_size=&#8221;full&#8221; alignment=&#8221;center&#8221; onclick=&#8221;custom_link&#8221; link=&#8221;https:\/\/claydondrill.com\/pl\/product\/hybrid-t6c-2\/&#8221;][vc_custom_heading text=&#8221;T6c&#8221; font_container=&#8221;tag:h2|text_align:left|color:%23ca1f26&#8243; use_theme_fonts=&#8221;yes&#8221; css=&#8221;.vc_custom_1646132848710{margin-top: -20px !important;margin-bottom: 10px !important;}&#8221; el_class=&#8221;style5&#8243; link=&#8221;url:https%3A%2F%2Fclaydondrill.com%2Fpl%2Fproduct%2Fhybrid-t6c-2%2F|||&#8221;][thememove_button text=&#8221;READ MORE&#8221; url=&#8221;https:\/\/claydondrill.com\/pl\/product\/hybrid-t6c-2\/&#8221; icon=&#8221;fa-arrow-right&#8221;][\/vc_column_inner][\/vc_row_inner][vc_row_inner el_class=&#8221;product_sec cat_list&#8221;][vc_column_inner width=&#8221;1\/3&#8243;][vc_single_image image=&#8221;106764&#8243; img_size=&#8221;full&#8221; alignment=&#8221;center&#8221; onclick=&#8221;custom_link&#8221; css=&#8221;&#8221; link=&#8221;https:\/\/claydondrill.com\/pl\/product\/hybrid-t6\/&#8221;][vc_custom_heading text=&#8221;T6&#8243; font_container=&#8221;tag:h2|text_align:left|color:%23ca1f26&#8243; use_theme_fonts=&#8221;yes&#8221; css=&#8221;.vc_custom_1646131541051{margin-top: -20px !important;margin-bottom: 10px !important;}&#8221; el_class=&#8221;style5&#8243; link=&#8221;url:https%3A%2F%2Fclaydondrill.com%2Fpl%2Fproduct%2Fhybrid-t6%2F|||&#8221;][thememove_button text=&#8221;READ MORE&#8221; url=&#8221;https:\/\/claydondrill.com\/pl\/product\/hybrid-t6\/&#8221; icon=&#8221;fa-arrow-right&#8221;][\/vc_column_inner][vc_column_inner width=&#8221;1\/3&#8243;][vc_single_image image=&#8221;82492&#8243; img_size=&#8221;full&#8221; alignment=&#8221;center&#8221; onclick=&#8221;custom_link&#8221; link=&#8221;https:\/\/claydondrill.com\/pl\/product\/hybrid-t8\/&#8221;][vc_custom_heading text=&#8221;T8&#8243; font_container=&#8221;tag:h2|text_align:left|color:%23ca1f26&#8243; use_theme_fonts=&#8221;yes&#8221; css=&#8221;.vc_custom_1646131795561{margin-top: -20px !important;margin-bottom: 10px !important;}&#8221; el_class=&#8221;style5&#8243; link=&#8221;url:https%3A%2F%2Fclaydondrill.com%2Fpl%2Fproduct%2Fhybrid-t8%2F|||&#8221;][thememove_button text=&#8221;READ MORE&#8221; url=&#8221;https:\/\/claydondrill.com\/pl\/product\/hybrid-t8\/&#8221; icon=&#8221;fa-arrow-right&#8221;][\/vc_column_inner][vc_column_inner width=&#8221;1\/3&#8243;][\/vc_column_inner][\/vc_row_inner][\/vc_column][\/vc_row]<\/p>\n<\/div>","protected":false},"excerpt":{"rendered":"<p>[vc_row][vc_column width=&#8221;1\/2&#8243;][vc_custom_heading text=&#8221;Siewniki ci\u0105gane&#8221; use_theme_fonts=&#8221;yes&#8221;][\/vc_column][vc_column width=&#8221;1\/2&#8243;][\/vc_column][\/vc_row][vc_row el_class=&#8221;top_desc&#8221;][vc_column width=&#8221;1\/2&#8243;][vc_column_text]Wszechstronny, elastyczny, prosty. Siej bezpo\u015brednio w \u015bciernisko, gleb\u0119 uprawian\u0105 lub zaoran\u0105. Prze\u0142omowa technologia<\/p>\n","protected":false},"author":1,"featured_media":0,"parent":0,"menu_order":0,"comment_status":"closed","ping_status":"closed","template":"","meta":{"inline_featured_image":false,"footnotes":""},"class_list":["post-94436","page","type-page","status-publish","hentry"],"yoast_head":"<!-- This site is optimized with the Yoast SEO plugin v27.1.1 - https:\/\/yoast.com\/product\/yoast-seo-wordpress\/ -->\n<title>Hybrydowe Siewniki Zaczepiane T do Siewu Bezpo\u015bredniego \u2013 Claydon Drill<\/title>\n<meta name=\"description\" content=\"Szukasz hybrydowego siewnika T-Trailed Tine? Nasze wszechstronne i zwrotne siewniki zaczepiane zapewniaj\u0105 wydajny siew bezpo\u015bredni w celu optymalnego zak\u0142adania upraw. Przegl\u0105daj nasz\u0105 ofert\u0119 ju\u017c teraz, aby dowiedzie\u0107 si\u0119 wi\u0119cej.\" \/>\n<meta name=\"robots\" content=\"index, follow, max-snippet:-1, max-image-preview:large, max-video-preview:-1\" \/>\n<link rel=\"canonical\" href=\"https:\/\/claydondrill.com\/pl\/hybrid-t-siewniki-ciagane\/\" \/>\n<meta property=\"og:locale\" content=\"pl_PL\" \/>\n<meta property=\"og:type\" content=\"article\" \/>\n<meta property=\"og:title\" content=\"Hybrydowe Siewniki Zaczepiane T do Siewu Bezpo\u015bredniego \u2013 Claydon Drill\" \/>\n<meta property=\"og:description\" content=\"Szukasz hybrydowego siewnika T-Trailed Tine? Nasze wszechstronne i zwrotne siewniki zaczepiane zapewniaj\u0105 wydajny siew bezpo\u015bredni w celu optymalnego zak\u0142adania upraw. Przegl\u0105daj nasz\u0105 ofert\u0119 ju\u017c teraz, aby dowiedzie\u0107 si\u0119 wi\u0119cej.\" \/>\n<meta property=\"og:url\" content=\"https:\/\/claydondrill.com\/pl\/hybrid-t-siewniki-ciagane\/\" \/>\n<meta property=\"og:site_name\" content=\"Claydon Drill Seed\" \/>\n<meta property=\"article:modified_time\" content=\"2026-02-17T13:36:54+00:00\" \/>\n<meta name=\"twitter:card\" content=\"summary_large_image\" \/>\n<meta name=\"twitter:label1\" content=\"Szacowany czas czytania\" \/>\n\t<meta name=\"twitter:data1\" content=\"1 minuta\" \/>\n<script type=\"application\/ld+json\" class=\"yoast-schema-graph\">{\"@context\":\"https:\/\/schema.org\",\"@graph\":[{\"@type\":\"WebPage\",\"@id\":\"https:\/\/claydondrill.com\/pl\/hybrid-t-siewniki-ciagane\/\",\"url\":\"https:\/\/claydondrill.com\/pl\/hybrid-t-siewniki-ciagane\/\",\"name\":\"Hybrydowe Siewniki Zaczepiane T do Siewu Bezpo\u015bredniego \u2013 Claydon Drill\",\"isPartOf\":{\"@id\":\"https:\/\/claydondrill.com\/pl\/#website\"},\"datePublished\":\"2022-01-28T11:48:12+00:00\",\"dateModified\":\"2026-02-17T13:36:54+00:00\",\"description\":\"Szukasz hybrydowego siewnika T-Trailed Tine? Nasze wszechstronne i zwrotne siewniki zaczepiane zapewniaj\u0105 wydajny siew bezpo\u015bredni w celu optymalnego zak\u0142adania upraw. Przegl\u0105daj nasz\u0105 ofert\u0119 ju\u017c teraz, aby dowiedzie\u0107 si\u0119 wi\u0119cej.\",\"breadcrumb\":{\"@id\":\"https:\/\/claydondrill.com\/pl\/hybrid-t-siewniki-ciagane\/#breadcrumb\"},\"inLanguage\":\"pl-PL\",\"potentialAction\":[{\"@type\":\"ReadAction\",\"target\":[\"https:\/\/claydondrill.com\/pl\/hybrid-t-siewniki-ciagane\/\"]}]},{\"@type\":\"BreadcrumbList\",\"@id\":\"https:\/\/claydondrill.com\/pl\/hybrid-t-siewniki-ciagane\/#breadcrumb\",\"itemListElement\":[{\"@type\":\"ListItem\",\"position\":1,\"name\":\"Home\",\"item\":\"https:\/\/claydondrill.com\/pl\/\"},{\"@type\":\"ListItem\",\"position\":2,\"name\":\"Hybrid T &#8211; Siewniki Ci\u0105gane\"}]},{\"@type\":\"WebSite\",\"@id\":\"https:\/\/claydondrill.com\/pl\/#website\",\"url\":\"https:\/\/claydondrill.com\/pl\/\",\"name\":\"Claydon Drill Seed\",\"description\":\"\",\"potentialAction\":[{\"@type\":\"SearchAction\",\"target\":{\"@type\":\"EntryPoint\",\"urlTemplate\":\"https:\/\/claydondrill.com\/pl\/?s={search_term_string}\"},\"query-input\":{\"@type\":\"PropertyValueSpecification\",\"valueRequired\":true,\"valueName\":\"search_term_string\"}}],\"inLanguage\":\"pl-PL\"}]}<\/script>\n<!-- \/ Yoast SEO plugin. -->","yoast_head_json":{"title":"Hybrydowe Siewniki Zaczepiane T do Siewu Bezpo\u015bredniego \u2013 Claydon Drill","description":"Szukasz hybrydowego siewnika T-Trailed Tine? Nasze wszechstronne i zwrotne siewniki zaczepiane zapewniaj\u0105 wydajny siew bezpo\u015bredni w celu optymalnego zak\u0142adania upraw. Przegl\u0105daj nasz\u0105 ofert\u0119 ju\u017c teraz, aby dowiedzie\u0107 si\u0119 wi\u0119cej.","robots":{"index":"index","follow":"follow","max-snippet":"max-snippet:-1","max-image-preview":"max-image-preview:large","max-video-preview":"max-video-preview:-1"},"canonical":"https:\/\/claydondrill.com\/pl\/hybrid-t-siewniki-ciagane\/","og_locale":"pl_PL","og_type":"article","og_title":"Hybrydowe Siewniki Zaczepiane T do Siewu Bezpo\u015bredniego \u2013 Claydon Drill","og_description":"Szukasz hybrydowego siewnika T-Trailed Tine? Nasze wszechstronne i zwrotne siewniki zaczepiane zapewniaj\u0105 wydajny siew bezpo\u015bredni w celu optymalnego zak\u0142adania upraw. Przegl\u0105daj nasz\u0105 ofert\u0119 ju\u017c teraz, aby dowiedzie\u0107 si\u0119 wi\u0119cej.","og_url":"https:\/\/claydondrill.com\/pl\/hybrid-t-siewniki-ciagane\/","og_site_name":"Claydon Drill Seed","article_modified_time":"2026-02-17T13:36:54+00:00","twitter_card":"summary_large_image","twitter_misc":{"Szacowany czas czytania":"1 minuta"},"schema":{"@context":"https:\/\/schema.org","@graph":[{"@type":"WebPage","@id":"https:\/\/claydondrill.com\/pl\/hybrid-t-siewniki-ciagane\/","url":"https:\/\/claydondrill.com\/pl\/hybrid-t-siewniki-ciagane\/","name":"Hybrydowe Siewniki Zaczepiane T do Siewu Bezpo\u015bredniego \u2013 Claydon Drill","isPartOf":{"@id":"https:\/\/claydondrill.com\/pl\/#website"},"datePublished":"2022-01-28T11:48:12+00:00","dateModified":"2026-02-17T13:36:54+00:00","description":"Szukasz hybrydowego siewnika T-Trailed Tine? Nasze wszechstronne i zwrotne siewniki zaczepiane zapewniaj\u0105 wydajny siew bezpo\u015bredni w celu optymalnego zak\u0142adania upraw. Przegl\u0105daj nasz\u0105 ofert\u0119 ju\u017c teraz, aby dowiedzie\u0107 si\u0119 wi\u0119cej.","breadcrumb":{"@id":"https:\/\/claydondrill.com\/pl\/hybrid-t-siewniki-ciagane\/#breadcrumb"},"inLanguage":"pl-PL","potentialAction":[{"@type":"ReadAction","target":["https:\/\/claydondrill.com\/pl\/hybrid-t-siewniki-ciagane\/"]}]},{"@type":"BreadcrumbList","@id":"https:\/\/claydondrill.com\/pl\/hybrid-t-siewniki-ciagane\/#breadcrumb","itemListElement":[{"@type":"ListItem","position":1,"name":"Home","item":"https:\/\/claydondrill.com\/pl\/"},{"@type":"ListItem","position":2,"name":"Hybrid T &#8211; Siewniki Ci\u0105gane"}]},{"@type":"WebSite","@id":"https:\/\/claydondrill.com\/pl\/#website","url":"https:\/\/claydondrill.com\/pl\/","name":"Claydon Drill Seed","description":"","potentialAction":[{"@type":"SearchAction","target":{"@type":"EntryPoint","urlTemplate":"https:\/\/claydondrill.com\/pl\/?s={search_term_string}"},"query-input":{"@type":"PropertyValueSpecification","valueRequired":true,"valueName":"search_term_string"}}],"inLanguage":"pl-PL"}]}},"_links":{"self":[{"href":"https:\/\/claydondrill.com\/pl\/wp-json\/wp\/v2\/pages\/94436","targetHints":{"allow":["GET"]}}],"collection":[{"href":"https:\/\/claydondrill.com\/pl\/wp-json\/wp\/v2\/pages"}],"about":[{"href":"https:\/\/claydondrill.com\/pl\/wp-json\/wp\/v2\/types\/page"}],"author":[{"embeddable":true,"href":"https:\/\/claydondrill.com\/pl\/wp-json\/wp\/v2\/users\/1"}],"replies":[{"embeddable":true,"href":"https:\/\/claydondrill.com\/pl\/wp-json\/wp\/v2\/comments?post=94436"}],"version-history":[{"count":2,"href":"https:\/\/claydondrill.com\/pl\/wp-json\/wp\/v2\/pages\/94436\/revisions"}],"predecessor-version":[{"id":107017,"href":"https:\/\/claydondrill.com\/pl\/wp-json\/wp\/v2\/pages\/94436\/revisions\/107017"}],"wp:attachment":[{"href":"https:\/\/claydondrill.com\/pl\/wp-json\/wp\/v2\/media?parent=94436"}],"curies":[{"name":"wp","href":"https:\/\/api.w.org\/{rel}","templated":true}]}}