{"id":94337,"date":"2022-01-07T16:05:59","date_gmt":"2022-01-07T16:05:59","guid":{"rendered":"https:\/\/claydondrill.com\/?page_id=94337"},"modified":"2025-04-17T11:00:11","modified_gmt":"2025-04-17T11:00:11","slug":"soil","status":"publish","type":"page","link":"https:\/\/claydondrill.com\/pl\/gleba\/","title":{"rendered":"GLEBA <img src=\"https:\/\/claydondrill.com\/wp-content\/uploads\/2021\/02\/SOIL.png\"\/>"},"content":{"rendered":"<div class=\"wpb-content-wrapper\"><p>[vc_row][vc_column width=&#8221;1\/2&#8243;][vc_single_image image=&#8221;75238&#8243; img_size=&#8221;full&#8221;][\/vc_column][vc_column width=&#8221;1\/2&#8243;][vc_custom_heading text=&#8221;HISTORIA PIEL\u0118GNACJI GLEBY&#8221; use_theme_fonts=&#8221;yes&#8221;][vc_column_text]System uprawy pasowej Claydon zosta\u0142 wynaleziony w 2002 roku, aby obni\u017cy\u0107 koszty za\u0142o\u017cenia gospodarstwa rodzinnego Claydon.\u00a0 Dodatkowe korzy\u015bci dla \u015brodowiska, jakie przynios\u0142o to rozwi\u0105zanie, sta\u0142y si\u0119 wkr\u00f3tce oczywiste. Poprawi\u0142 si\u0119 stan i struktura gleby, co z kolei mia\u0142o pozytywny wp\u0142yw na zdrowie i plonowanie ro\u015blin.\u00a0 Zu\u017cycie paliwa spad\u0142o, poniewa\u017c lepszy stan gleby u\u0142atwi\u0142 siew ro\u015blin.\u00a0 Od prawie 20 lat Claydon promuje znaczenie gleby i utrzymywanie jej w dobrym zdrowiu.<\/p>\n<p>W ostatnich latach zdrowie gleby zyska\u0142o \u015bwiatowe uznanie, a rz\u0105dy pa\u0144stw wprowadzaj\u0105 przepisy maj\u0105ce na celu promowanie inicjatyw \u015brodowiskowych.\u00a0 Od momentu wprowadzenia na rynek w 2003 roku, technologia Claydon pozwala rolnikom spe\u0142nia\u0107 cele \u015brodowiskowe i dba\u0107 o gleb\u0119. Pozwala im to na prowadzenie zr\u00f3wnowa\u017conej dzia\u0142alno\u015bci rolniczej &#8211; nie kosztem plon\u00f3w i nie kosztem \u015brodowiska.[\/vc_column_text][\/vc_column][\/vc_row][vc_row][vc_column width=&#8221;1\/2&#8243;][vc_column_text]<iframe style=\"width: 100%; height: 305px;\" src=\"https:\/\/player.vimeo.com\/video\/346806204?title=0&amp;byline=0&amp;portrait=0\" frameborder=\"0\" allowfullscreen=\"allowfullscreen\"><\/iframe>[\/vc_column_text][\/vc_column][vc_column width=&#8221;1\/2&#8243;][vc_custom_heading text=&#8221;JAK ZDROWA JEST TWOJA GLEBA?&#8221; use_theme_fonts=&#8221;yes&#8221;][vc_column_text]Niezdrowe gleby bardzo szybko &#8220;rozje\u017cd\u017caj\u0105 si\u0119&#8221; po zwil\u017ceniu, poniewa\u017c brakuje w nich naturalnych spoiw, kt\u00f3re pomagaj\u0105 wi\u0105za\u0107 gleb\u0119. Intensywna uprawa niszczy naturalne pory i nory dzdzownic w glebie, co mo\u017ce prowadzi\u0107 do powstawania zastoisk wody. Mo\u017ce to prowadzi\u0107 do erozji i utraty wierzchniej warstwy gleby.\u00a0 Z drugiej strony, w bardzo suchych warunkach mo\u017ce to prowadzi\u0107 do erozji wietrznej, kt\u00f3ra jest r\u00f3wnie szkodliwa.<\/p>\n<p>Brytyjski specjalista w dziedzinie produkcji ro\u015blinnej, firma Hutchinsons, przeprowadzi\u0142a w gospodarstwie Claydon test wymieszania z gleb\u0105 w celu oceny jej stanu.\u00a0 Oto jak tego dokonano.[\/vc_column_text][\/vc_column][\/vc_row][vc_row][vc_column width=&#8221;1\/4&#8243;][vc_single_image image=&#8221;83623&#8243; img_size=&#8221;full&#8221;][\/vc_column][vc_column width=&#8221;1\/2&#8243;][vc_column_text]GLEBA: JEJ ZDROWIE, NASZA PRZYSZ\u0141O\u015a\u0106 to nasz kompleksowy przewodnik po wszystkim, co wi\u0105\u017ce si\u0119 z gleb\u0105: dlaczego jest wa\u017cna, jak si\u0119 niszczy, jak zbada\u0107 jej struktur\u0119, jak poprawi\u0107 jej zdrowie. Pokazuje r\u00f3wnie\u017c, jak najlepiej wykorzysta\u0107 Claydon Opti-Till<sup>\u00ae<\/sup>, aby pom\u00f3c w osi\u0105gni\u0119ciu cel\u00f3w zwi\u0105zanych ze zdrowiem gleby.<\/p>\n<p>Zawiera wk\u0142ad wiod\u0105cych ekspert\u00f3w bran\u017cowych.\u00a0\u00a0 Dr Elizabeth Stockdale, szefowa dzia\u0142u bada\u0144 nad systemami rolniczymi w NIAB, omawia korzy\u015bci p\u0142yn\u0105ce z dobrej struktury gleby, jak mo\u017cna j\u0105 uszkodzi\u0107 i jak j\u0105 poprawi\u0107:<\/p>\n<p>&#8220;Ostatnia analiza danych zebranych z wielu bada\u0144 wykaza\u0142a, \u017ce zmniejszenie intensywno\u015bci uprawy roli przynosi korzy\u015bci dla biologii gleby z wyra\u017anym wzrostem liczebno\u015bci wi\u0119kszych gatunk\u00f3w bezkr\u0119gowc\u00f3w, zw\u0142aszcza g\u0142\u0119boko zagrzebuj\u0105cych si\u0119 (anekalnych) d\u017cd\u017cownic, gdy z p\u0142odozmianu usuni\u0119to upraw\u0119 inwersyjn\u0105.&#8221;<\/p>\n<p>Jerome Vasseur z Jouffray Drillaud m\u00f3wi o korzy\u015bciach p\u0142yn\u0105cych z upraw ro\u015blin okrywowych i o tym, jak najlepiej je wykorzysta\u0107.\u00a0 Jest r\u00f3wnie\u017c rozdzia\u0142 Gordona Brookesa z Michelin na temat tego, jak wybra\u0107 w\u0142a\u015bciw\u0105 opon\u0119, aby zmniejszy\u0107 zag\u0119szczenie gleby.[\/vc_column_text][vc_btn title=&#8221;Download brochure&#8221; link=&#8221;url:https%3A%2F%2Fclaydondrill.com%2Fdownloads%2F|||&#8221;][\/vc_column][vc_column width=&#8221;1\/4&#8243;][vc_single_image image=&#8221;82898&#8243; add_caption=&#8221;yes&#8221; alignment=&#8221;center&#8221;][\/vc_column][\/vc_row][vc_row][vc_column width=&#8221;1\/2&#8243;][vc_single_image image=&#8221;82903&#8243; img_size=&#8221;full&#8221;][\/vc_column][vc_column width=&#8221;1\/2&#8243;][vc_custom_heading text=&#8221;POR\u00d3WNANIE TECHNOLOGII UPRAW&#8221; use_theme_fonts=&#8221;yes&#8221;][vc_column_text]<\/p>\n<h4><strong>Orka<\/strong><\/h4>\n<p>Orka jest kosztowna &#8211; zar\u00f3wno pod wzgl\u0119dem finansowym, jak i ekologicznym.\u00a0 Powoduje konieczno\u015b\u0107 wykonywania dodatkowych przejazd\u00f3w uprawowych i zwi\u0119ksza zu\u017cycie paliwa.\u00a0 Gleba jest przewracana, uwalniaj\u0105c wilgo\u0107 i<sub>CO2<\/sub> do atmosfery.\u00a0 Orka niszczy materi\u0119 organiczn\u0105, mineralizuje azot i szkodzi \u017cyciu w glebie.\u00a0 Naturalna struktura gleby jest zniszczona i nie jest w stanie utrzyma\u0107 ci\u0119\u017caru ci\u0119\u017ckich maszyn.\u00a0 Mo\u017ce to powodowa\u0107 zag\u0119szczenie i powstawanie kolein.\u00a0 Orka zwi\u0119ksza ryzyko erozji wietrznej i wodnej.[\/vc_column_text][vc_column_text]<\/p>\n<h4>Min-Till<\/h4>\n<p>Zamiast odwracania gleby, minitill uwzgl\u0119dnia kilka p\u0142ytszych kultywacji. Ponadto naruszaj\u0105 one naturaln\u0105 struktur\u0119 i biologi\u0119 gleby oraz mog\u0105 prowadzi\u0107 do zag\u0119szczenia i zastoisk wodnych. Min-till miesza nasiona chwast\u00f3w w ca\u0142ym profilu glebowym, co pozwala im kie\u0142kowa\u0107 przez d\u0142ugi okres w ci\u0105gu wielu sezon\u00f3w. Bank nasion chwast\u00f3w nie ulega zmniejszeniu. Minitill mo\u017ce r\u00f3wnie\u017c powodowa\u0107 odwodnienie gleby.[\/vc_column_text][\/vc_column][\/vc_row][vc_row][vc_column width=&#8221;1\/2&#8243;][vc_single_image image=&#8221;82915&#8243; img_size=&#8221;full&#8221;][\/vc_column][vc_column width=&#8221;1\/2&#8243;][vc_custom_heading text=&#8221;CLAYDON Opti-Till\u00ae&#8221; use_theme_fonts=&#8221;yes&#8221;][vc_column_text]Wiod\u0105ca technologia z\u0119b\u00f3w w siewnikach Claydon Drill jest sercem systemu Opti-Till<sup>\u00ae<\/sup>. Z\u0119by uprawowe spulchniaj\u0105 gleb\u0119 &#8211; ale tylko tam, gdzie jest to konieczne &#8211; w strefie ukorzeniania i siewu. Pasma mi\u0119dzy wysianymi rz\u0119dami pozostawia si\u0119 bez zmian. Przedni z\u0105b spulchnia i napowietrza gleb\u0119, tworz\u0105c kruch\u0105 warstw\u0119 gleby, kt\u00f3ra jest doskona\u0142ym \u015brodowiskiem dla kie\u0142kuj\u0105cych siewek, rozwijaj\u0105cych silne, g\u0142\u0119bokie korzenie, kt\u00f3re czerpi\u0105 wilgo\u0107 z niezak\u0142\u00f3conej warstwy gleby.<\/p>\n<p>Z\u0119by uprawowe rozbijaj\u0105 r\u00f3wnie\u017c p\u0142ytkie zag\u0119szczenia, przywracaj\u0105 r\u00f3wnowag\u0119 wodno-powietrzn\u0105 w glebie, zapewniaj\u0105c dobry drena\u017c, dzi\u0119ki czemu woda mo\u017ce wydosta\u0107 si\u0119 ze strefy korzeniowej. Eliminuje to powstawanie oczek wodnych w okresie p\u00f3\u017anej jesieni i zimy.[\/vc_column_text][\/vc_column][\/vc_row][vc_row][vc_column width=&#8221;1\/2&#8243;][vc_single_image image=&#8221;82875&#8243; img_size=&#8221;full&#8221;][\/vc_column][vc_column width=&#8221;1\/2&#8243;][vc_column_text]Wilgo\u0107 jest zatrzymywana w nieporuszonej glebie, aby umo\u017cliwi\u0107 uprawom dost\u0119p do niej. Populacje d\u017cd\u017cownic rozwijaj\u0105 si\u0119, ich nory pozostaj\u0105 nienaruszone i pozostaj\u0105 stare \u015bcie\u017cki zakorzenienia. Naturalna struktura gleby pozostaje nienaruszona; kapilary pozostaj\u0105 nienaruszone, umo\u017cliwiaj\u0105c infiltracj\u0119 wody i niezak\u0142\u00f3cone ukorzenienie, minimalizuj\u0105c stres w ca\u0142ym cyklu \u017cycia ro\u015bliny. Biologia gleby kwitnie. Gleby Claydon maj\u0105 zwi\u0119kszon\u0105 zdolno\u015b\u0107 do wspierania ruchu na polu bez ryzyka zag\u0119szczenia. To wszystko przyczynia si\u0119 do powstania zdrowej gleby dla zdrowych plon\u00f3w.[\/vc_column_text][\/vc_column][\/vc_row][vc_row][vc_column width=&#8221;1\/2&#8243;][vc_single_image image=&#8221;82858&#8243; img_size=&#8221;full&#8221;][\/vc_column][vc_column width=&#8221;1\/2&#8243;][vc_column_text]Dwuz\u0119bowa konstrukcja siewnika Claydon oraz belki narz\u0119dziowe wyr\u00f3wnuj\u0105 pola.\u00a0 W uprawie konwencjonalnej na uwrociach zwykle wyst\u0119puj\u0105 pewne straty w plonach. W przypadku siewnika Claydon zosta\u0142o to wyeliminowane; praca z\u0119b\u00f3w uprawowych i niezak\u0142\u00f3cona warstwa gleby sprawiaj\u0105, \u017ce wydajno\u015b\u0107 uprawy jest taka sama na skraju pola, jak i w jego centrum.[\/vc_column_text][\/vc_column][\/vc_row][vc_row][vc_column width=&#8221;1\/2&#8243;][vc_single_image image=&#8221;82884&#8243; img_size=&#8221;full&#8221;][\/vc_column][vc_column width=&#8221;1\/2&#8243;][vc_column_text]Wszechstronno\u015b\u0107 siewnika Claydon pozwala na stosowanie go w uprawie konwencjonalnej i uproszczonej po konsolidacji gleby. Zosta\u0142 on jednak zaprojektowany jako siewnik bezpo\u015bredni i to w\u0142a\u015bnie w tym scenariuszu osi\u0105ga si\u0119 maksymalne korzy\u015bci. Pozostawione na wierzchu resztki po\u017cniwne zatrzymuj\u0105 wilgo\u0107 i pomagaj\u0105 chroni\u0107 uprawy i gleb\u0119 przed ekstremami pogodowymi. Warstwa \u015bci\u00f3\u0142ki zapobiega wydmuchiwaniu gleby i sp\u0142ywaniu wody. Jest on stopniowo rozk\u0142adany przez robaki w glebie, zwi\u0119kszaj\u0105c poziom materii organicznej i \u017cyzno\u015bci gleby. Robaki pomagaj\u0105 r\u00f3wnie\u017c w odprowadzaniu wody, poniewa\u017c ich nory dzia\u0142aj\u0105 jak kana\u0142y, kt\u00f3re pozwalaj\u0105 wodzie przesi\u0105ka\u0107.[\/vc_column_text][\/vc_column][\/vc_row][vc_row][vc_column width=&#8221;1\/2&#8243;][vc_single_image image=&#8221;82871&#8243; img_size=&#8221;full&#8221;][\/vc_column][vc_column width=&#8221;1\/2&#8243;][vc_column_text]Uprawy za\u0142o\u017cone przy u\u017cyciu siewnika Claydon lepiej radz\u0105 sobie z ekstremami pogodowymi, zar\u00f3wno z du\u017cymi opadami, jak i susz\u0105. Wynika to z poprawy struktury gleby, zatrzymywania wilgoci i materii organicznej oraz tworzenia drena\u017cu w strefie korzeniowej.\u00a0 Uprawy Claydon mog\u0105 do\u015bwiadczy\u0107 spadku plon\u00f3w w okresie ekstremalnych warunk\u00f3w pogodowych, ale nie w takim stopniu jak uprawy konwencjonalne, gdzie plony drastycznie spad\u0142y.<\/p>\n<p>Claydon Opti-Till eliminuje konieczno\u015b\u0107 wykonywania niepotrzebnych, kosztownych zabieg\u00f3w uprawowych.\u00a0 Zmniejsza r\u00f3wnie\u017c <em><u>koszty i czas zak\u0142adania upraw<\/u><\/em>.[\/vc_column_text][\/vc_column][\/vc_row][vc_row][vc_column][\/vc_column][\/vc_row]<\/p>\n<\/div>","protected":false},"excerpt":{"rendered":"<p>[vc_row][vc_column width=&#8221;1\/2&#8243;][vc_single_image image=&#8221;75238&#8243; img_size=&#8221;full&#8221;][\/vc_column][vc_column width=&#8221;1\/2&#8243;][vc_custom_heading text=&#8221;HISTORIA PIEL\u0118GNACJI GLEBY&#8221; use_theme_fonts=&#8221;yes&#8221;][vc_column_text]System uprawy pasowej Claydon zosta\u0142 wynaleziony w 2002 roku, aby obni\u017cy\u0107 koszty<\/p>\n","protected":false},"author":1,"featured_media":0,"parent":0,"menu_order":21,"comment_status":"closed","ping_status":"closed","template":"","meta":{"inline_featured_image":false,"footnotes":""},"class_list":["post-94337","page","type-page","status-publish","hentry"],"yoast_head":"<!-- This site is optimized with the Yoast SEO plugin v27.1.1 - https:\/\/yoast.com\/product\/yoast-seo-wordpress\/ -->\n<title>Popraw stan zdrowotny swojej gleby dzi\u0119ki systemowi Opti-Till Claydon Drill<\/title>\n<meta name=\"description\" content=\"Poznaj korzy\u015bci p\u0142yn\u0105ce z systemu Opti-Till\u00ae dla zr\u00f3wnowa\u017conego rolnictwa: popraw zdrowie gleby, zwi\u0119ksz plony i zmniejsz zu\u017cycie paliwa!\" \/>\n<meta name=\"robots\" content=\"index, follow, max-snippet:-1, max-image-preview:large, max-video-preview:-1\" \/>\n<link rel=\"canonical\" href=\"https:\/\/claydondrill.com\/pl\/gleba\/\" \/>\n<meta property=\"og:locale\" content=\"pl_PL\" \/>\n<meta property=\"og:type\" content=\"article\" \/>\n<meta property=\"og:title\" content=\"Popraw stan zdrowotny swojej gleby dzi\u0119ki systemowi Opti-Till Claydon Drill\" \/>\n<meta property=\"og:description\" content=\"Poznaj korzy\u015bci p\u0142yn\u0105ce z systemu Opti-Till\u00ae dla zr\u00f3wnowa\u017conego rolnictwa: popraw zdrowie gleby, zwi\u0119ksz plony i zmniejsz zu\u017cycie paliwa!\" \/>\n<meta property=\"og:url\" content=\"https:\/\/claydondrill.com\/pl\/gleba\/\" \/>\n<meta property=\"og:site_name\" content=\"Claydon Drill Seed\" \/>\n<meta property=\"article:modified_time\" content=\"2025-04-17T11:00:11+00:00\" \/>\n<meta name=\"twitter:card\" content=\"summary_large_image\" \/>\n<meta name=\"twitter:label1\" content=\"Szacowany czas czytania\" \/>\n\t<meta name=\"twitter:data1\" content=\"5 minut\" \/>\n<script type=\"application\/ld+json\" class=\"yoast-schema-graph\">{\"@context\":\"https:\/\/schema.org\",\"@graph\":[{\"@type\":\"WebPage\",\"@id\":\"https:\/\/claydondrill.com\/pl\/gleba\/\",\"url\":\"https:\/\/claydondrill.com\/pl\/gleba\/\",\"name\":\"Popraw stan zdrowotny swojej gleby dzi\u0119ki systemowi Opti-Till Claydon Drill\",\"isPartOf\":{\"@id\":\"https:\/\/claydondrill.com\/pl\/#website\"},\"datePublished\":\"2022-01-07T16:05:59+00:00\",\"dateModified\":\"2025-04-17T11:00:11+00:00\",\"description\":\"Poznaj korzy\u015bci p\u0142yn\u0105ce z systemu Opti-Till\u00ae dla zr\u00f3wnowa\u017conego rolnictwa: popraw zdrowie gleby, zwi\u0119ksz plony i zmniejsz zu\u017cycie paliwa!\",\"breadcrumb\":{\"@id\":\"https:\/\/claydondrill.com\/pl\/gleba\/#breadcrumb\"},\"inLanguage\":\"pl-PL\",\"potentialAction\":[{\"@type\":\"ReadAction\",\"target\":[\"https:\/\/claydondrill.com\/pl\/gleba\/\"]}]},{\"@type\":\"BreadcrumbList\",\"@id\":\"https:\/\/claydondrill.com\/pl\/gleba\/#breadcrumb\",\"itemListElement\":[{\"@type\":\"ListItem\",\"position\":1,\"name\":\"Home\",\"item\":\"https:\/\/claydondrill.com\/pl\/\"},{\"@type\":\"ListItem\",\"position\":2,\"name\":\"GLEBA\"}]},{\"@type\":\"WebSite\",\"@id\":\"https:\/\/claydondrill.com\/pl\/#website\",\"url\":\"https:\/\/claydondrill.com\/pl\/\",\"name\":\"Claydon Drill Seed\",\"description\":\"\",\"potentialAction\":[{\"@type\":\"SearchAction\",\"target\":{\"@type\":\"EntryPoint\",\"urlTemplate\":\"https:\/\/claydondrill.com\/pl\/?s={search_term_string}\"},\"query-input\":{\"@type\":\"PropertyValueSpecification\",\"valueRequired\":true,\"valueName\":\"search_term_string\"}}],\"inLanguage\":\"pl-PL\"}]}<\/script>\n<!-- \/ Yoast SEO plugin. -->","yoast_head_json":{"title":"Popraw stan zdrowotny swojej gleby dzi\u0119ki systemowi Opti-Till Claydon Drill","description":"Poznaj korzy\u015bci p\u0142yn\u0105ce z systemu Opti-Till\u00ae dla zr\u00f3wnowa\u017conego rolnictwa: popraw zdrowie gleby, zwi\u0119ksz plony i zmniejsz zu\u017cycie paliwa!","robots":{"index":"index","follow":"follow","max-snippet":"max-snippet:-1","max-image-preview":"max-image-preview:large","max-video-preview":"max-video-preview:-1"},"canonical":"https:\/\/claydondrill.com\/pl\/gleba\/","og_locale":"pl_PL","og_type":"article","og_title":"Popraw stan zdrowotny swojej gleby dzi\u0119ki systemowi Opti-Till Claydon Drill","og_description":"Poznaj korzy\u015bci p\u0142yn\u0105ce z systemu Opti-Till\u00ae dla zr\u00f3wnowa\u017conego rolnictwa: popraw zdrowie gleby, zwi\u0119ksz plony i zmniejsz zu\u017cycie paliwa!","og_url":"https:\/\/claydondrill.com\/pl\/gleba\/","og_site_name":"Claydon Drill Seed","article_modified_time":"2025-04-17T11:00:11+00:00","twitter_card":"summary_large_image","twitter_misc":{"Szacowany czas czytania":"5 minut"},"schema":{"@context":"https:\/\/schema.org","@graph":[{"@type":"WebPage","@id":"https:\/\/claydondrill.com\/pl\/gleba\/","url":"https:\/\/claydondrill.com\/pl\/gleba\/","name":"Popraw stan zdrowotny swojej gleby dzi\u0119ki systemowi Opti-Till Claydon Drill","isPartOf":{"@id":"https:\/\/claydondrill.com\/pl\/#website"},"datePublished":"2022-01-07T16:05:59+00:00","dateModified":"2025-04-17T11:00:11+00:00","description":"Poznaj korzy\u015bci p\u0142yn\u0105ce z systemu Opti-Till\u00ae dla zr\u00f3wnowa\u017conego rolnictwa: popraw zdrowie gleby, zwi\u0119ksz plony i zmniejsz zu\u017cycie paliwa!","breadcrumb":{"@id":"https:\/\/claydondrill.com\/pl\/gleba\/#breadcrumb"},"inLanguage":"pl-PL","potentialAction":[{"@type":"ReadAction","target":["https:\/\/claydondrill.com\/pl\/gleba\/"]}]},{"@type":"BreadcrumbList","@id":"https:\/\/claydondrill.com\/pl\/gleba\/#breadcrumb","itemListElement":[{"@type":"ListItem","position":1,"name":"Home","item":"https:\/\/claydondrill.com\/pl\/"},{"@type":"ListItem","position":2,"name":"GLEBA"}]},{"@type":"WebSite","@id":"https:\/\/claydondrill.com\/pl\/#website","url":"https:\/\/claydondrill.com\/pl\/","name":"Claydon Drill Seed","description":"","potentialAction":[{"@type":"SearchAction","target":{"@type":"EntryPoint","urlTemplate":"https:\/\/claydondrill.com\/pl\/?s={search_term_string}"},"query-input":{"@type":"PropertyValueSpecification","valueRequired":true,"valueName":"search_term_string"}}],"inLanguage":"pl-PL"}]}},"_links":{"self":[{"href":"https:\/\/claydondrill.com\/pl\/wp-json\/wp\/v2\/pages\/94337","targetHints":{"allow":["GET"]}}],"collection":[{"href":"https:\/\/claydondrill.com\/pl\/wp-json\/wp\/v2\/pages"}],"about":[{"href":"https:\/\/claydondrill.com\/pl\/wp-json\/wp\/v2\/types\/page"}],"author":[{"embeddable":true,"href":"https:\/\/claydondrill.com\/pl\/wp-json\/wp\/v2\/users\/1"}],"replies":[{"embeddable":true,"href":"https:\/\/claydondrill.com\/pl\/wp-json\/wp\/v2\/comments?post=94337"}],"version-history":[{"count":0,"href":"https:\/\/claydondrill.com\/pl\/wp-json\/wp\/v2\/pages\/94337\/revisions"}],"wp:attachment":[{"href":"https:\/\/claydondrill.com\/pl\/wp-json\/wp\/v2\/media?parent=94337"}],"curies":[{"name":"wp","href":"https:\/\/api.w.org\/{rel}","templated":true}]}}