{"id":94330,"date":"2020-08-25T09:30:41","date_gmt":"2020-08-25T09:30:41","guid":{"rendered":"https:\/\/claydondrill.com\/zero-till-lower-disturbance\/"},"modified":"2025-04-17T12:15:58","modified_gmt":"2025-04-17T12:15:58","slug":"zero-till-lower-disturbance","status":"publish","type":"page","link":"https:\/\/claydondrill.com\/pl\/zero-till-ld-uprawa-zerowa\/","title":{"rendered":"Zero Till &#038; LD Uprawa Zerowa"},"content":{"rendered":"<div class=\"wpb-content-wrapper\"><p>[vc_row][vc_column width=&#8221;1\/2&#8243;][vc_column_text]Dla tych, kt\u00f3rzy chc\u0105 zminimalizowa\u0107 ingerencj\u0119 w gleby, zestaw Claydon &#8220;LD&#8221; jest dost\u0119pny dla wszystkich siewnik\u00f3w Hybrid. Zestaw LD umo\u017cliwia siew bezpo\u015brednio w \u015bciernisko, ro\u015bliny okrywowe, pastwiska oraz z du\u017c\u0105 ilo\u015bci\u0105 resztki po\u017cniwne.\u00a0 Mo\u017ce by\u0107 montowany w nowych maszynach lub zamawiany jako wyposa\u017cenie dodatkowe.\u00a0 Zamiast kupowa\u0107 nowy siewnik, kup nowy zestaw Claydon LD.[\/vc_column_text][\/vc_column][vc_column width=&#8221;1\/2&#8243;][vc_video link=&#8221;https:\/\/vimeo.com\/437860823&#8243;][\/vc_column][\/vc_row][vc_row][vc_column width=&#8221;1\/2&#8243;][vc_single_image image=&#8221;82765&#8243; img_size=&#8221;full&#8221;][\/vc_column][vc_column width=&#8221;1\/2&#8243;][vc_custom_heading text=&#8221;Podw\u00f3jne z\u0119by&#8221; use_theme_fonts=&#8221;yes&#8221;][vc_column_text]Pierwszym elementem zestawu LD jest podw\u00f3jny z\u0105b, sk\u0142adaj\u0105cy si\u0119 z dw\u00f3ch punkt\u00f3w o szeroko\u015bci 15 mm z unikaln\u0105 konstrukcj\u0105 podw\u00f3jnych li\u015bci, kt\u00f3ra zwi\u0119ksza wytrzyma\u0142o\u015b\u0107 boczn\u0105 dla dok\u0142adno\u015bci g\u0142\u0119boko\u015bci siewu. Niewielka ilo\u015b\u0107 powsta\u0142ej gleby zapewnia dobry kontakt gleby z nasionami. Naw\u00f3z mo\u017ce by\u0107 umieszczony w tylnej cz\u0119\u015bci z\u0119b\u00f3w wysiewaj\u0105cych, w przedniej cz\u0119\u015bci z\u0119b\u00f3w nawozowych lub mo\u017ce by\u0107 stosowany powierzchniowo mi\u0119dzy dwoma z\u0119bami. Bli\u017aniacze z\u0119by siej\u0105 w rozstawie rz\u0119d\u00f3w oko\u0142o 7,5 cm po obu stronach \u015brodka przedniego z\u0119ba.[\/vc_column_text][\/vc_column][\/vc_row][vc_row][vc_column width=&#8221;1\/2&#8243;][vc_custom_heading text=&#8221;Podw\u00f3jne talerze tn\u0105ce&#8221; use_theme_fonts=&#8221;yes&#8221;][vc_column_text]Podw\u00f3jne talerze zmniejszaj\u0105 naruszenie gleby poprzez przecinanie du\u017cych ilo\u015bci resztek po\u017cniwnych i powierzchni gleby, zanim z\u0119by utworz\u0105 kana\u0142 siewny. U\u017cycie z\u0119ba do pod\u0105\u017cania za talerzami zmniejsza ryzyko podrywania darni.[\/vc_column_text][vc_single_image image=&#8221;82771&#8243; img_size=&#8221;full&#8221;][\/vc_column][vc_column width=&#8221;1\/2&#8243;][vc_single_image image=&#8221;82775&#8243; img_size=&#8221;full&#8221; add_caption=&#8221;yes&#8221;][vc_column_text]Talerze maj\u0105 \u015brednic\u0119 381 mm i mog\u0105 by\u0107 regulowane w zakresie od 25 mm do 70 mm, przy czym najlepsze ustawienie to taka sama g\u0142\u0119boko\u015b\u0107 jak z\u0119by wysiewaj\u0105ce. Wyjmowane elementy czyszcz\u0105ce talerza montowane s\u0105 seryjnie, aby utrzyma\u0107 je w czysto\u015bci przez d\u0142u\u017cszy czas.\u00a0 Wybierz pomi\u0119dzy p\u0142askimi talerzami do minimalnego przemieszczania gleby lub ryflowanymi Spiradiskami do uzyskania nieco wi\u0119kszej bruzdy.[\/vc_column_text][\/vc_column][\/vc_row][vc_row][vc_column][vc_custom_heading text=&#8221;Zamie\u0144, wymie\u0144&#8221; use_theme_fonts=&#8221;yes&#8221;][vc_column_text]Zmiana ze standardowej wersji Claydon na wersj\u0119 LD jest szybka i \u0142atwa.\u00a0\u00a0 Odkr\u0119\u0107 trzy \u015bruby mocuj\u0105ce redlic\u0119 A na miejscu i przykr\u0119\u0107 nowy podw\u00f3jny z\u0105b LD.\u00a0 Wyci\u0105gnij sworze\u0144 mocuj\u0105cy standardowy z\u0105b prowadz\u0105cy i wsu\u0144 podw\u00f3jne talerze LD.<\/p>\n<p>B\u0119d\u0105 okresy, kiedy uprawa zerowa nie s\u0105 odpowiednie lub mo\u017cliwe, na przyk\u0142ad, gdy warunki s\u0105 bardzo mokre lub bardzo suche.\u00a0 Po prostu wymie\u0144 na standardowy zestaw z\u0119b\u00f3w prowadz\u0105cych Claydon i b\u0119dziesz gotowy do ponownego siewu.\u00a0 W zale\u017cno\u015bci od wymaganej wysoko\u015bci i ustawienia, zestaw z dwoma z\u0119bami mo\u017ce by\u0107 r\u00f3wnie\u017c u\u017cywany z przednim z\u0119bem prowadz\u0105cym Claydon, przednim z\u0119bem nawozowym i pojedyncz\u0105 przedni\u0105 tarcz\u0105 tn\u0105c\u0105.<\/p>\n<p>Zadzwo\u0144 do naszych doradc\u00f3w, kt\u00f3rzy pomog\u0105 Ci znale\u017a\u0107 konfiguracj\u0119 najlepiej odpowiadaj\u0105c\u0105 Twoim wymaganiom. Wszechstronno\u015b\u0107 siewnika Hybrid oznacza, \u017ce jest to jeden siewnik do wszystkiego.[\/vc_column_text][\/vc_column][\/vc_row][vc_row][vc_column width=&#8221;1\/2&#8243;][vc_video link=&#8221;https:\/\/vimeo.com\/439159012&#8243;][\/vc_column][vc_column width=&#8221;1\/2&#8243;][vc_video link=&#8221;https:\/\/vimeo.com\/471299724&#8243;][\/vc_column][\/vc_row][vc_row full_width=&#8221;stretch_row&#8221;][vc_column][vc_gallery type=&#8221;image_grid&#8221; images=&#8221;82777,82776,82773,82769,82774,82770&#8243; img_size=&#8221;375&#215;275&#8243;][\/vc_column][\/vc_row][vc_row][vc_column width=&#8221;1\/4&#8243;][vc_custom_heading text=&#8221;Poplony i du\u017ce ilo\u015bci resztek po\u017cniwnych&#8221; use_theme_fonts=&#8221;yes&#8221;][vc_column_text]Konfiguracja LD jest szczeg\u00f3lnie przydatna do siewu \u00a0po poplonach i przy du\u017cej ilo\u015bci resztek po\u017cniwnych.\u00a0 Pojedyncze talerze mog\u0105 by\u0107 r\u00f3wnie\u017c stosowane, jak pokazano na filmie z County Durham w Wielkiej Brytanii, gdzie nasz klient zauwa\u017cy\u0142 znaczn\u0105 popraw\u0119 struktury gleby i mniejsz\u0105 erozj\u0119 gleby, odk\u0105d zastosowa\u0142 system Claydon i uprawia\u0142 ro\u015bliny poplonowe.[\/vc_column_text][\/vc_column][vc_column width=&#8221;3\/4&#8243;][vc_video link=&#8221;https:\/\/vimeo.com\/379260662&#8243;][\/vc_column][\/vc_row][vc_row][vc_column][vc_column_text]Pojedynczy talerz jest u\u017cywany do siewu pszenicy na tym \u0142anie w centralnej cz\u0119\u015bci Wielkiej Brytanii. To samo pole pokazano na zdj\u0119ciu przed siewem i po wschodach.[\/vc_column_text][vc_gallery type=&#8221;image_grid&#8221; images=&#8221;82813,82809,82808&#8243; img_size=&#8221;375&#215;275&#8243;][\/vc_column][\/vc_row][vc_row][vc_column width=&#8221;1\/3&#8243;][vc_column_text]Standardowy z\u0105b uprawowy mo\u017ce by\u0107 r\u00f3wnie\u017c u\u017cywany do siewu w ro\u015bliny okrywowe, jak wida\u0107 na tych polach w pobli\u017cu Dusseldorfu, Niemcy.\u00a0 Siew odby\u0142 si\u0119 jesieni\u0105, a zdj\u0119cie plonu nast\u0119pczego wykonano przed Bo\u017cym Narodzeniem.[\/vc_column_text][\/vc_column][vc_column width=&#8221;1\/3&#8243;][vc_single_image image=&#8221;82810&#8243; img_size=&#8221;full&#8221;][\/vc_column][vc_column width=&#8221;1\/3&#8243;][vc_single_image image=&#8221;82811&#8243; img_size=&#8221;full&#8221;][\/vc_column][\/vc_row]<\/p>\n<\/div>","protected":false},"excerpt":{"rendered":"<p>[vc_row][vc_column width=&#8221;1\/2&#8243;][vc_column_text]Dla tych, kt\u00f3rzy chc\u0105 zminimalizowa\u0107 ingerencj\u0119 w gleby, zestaw Claydon &#8220;LD&#8221; jest dost\u0119pny dla wszystkich siewnik\u00f3w Hybrid. Zestaw LD<\/p>\n","protected":false},"author":1,"featured_media":0,"parent":0,"menu_order":0,"comment_status":"closed","ping_status":"closed","template":"","meta":{"inline_featured_image":false,"footnotes":""},"class_list":["post-94330","page","type-page","status-publish","hentry"],"yoast_head":"<!-- This site is optimized with the Yoast SEO plugin v27.1.1 - https:\/\/yoast.com\/product\/yoast-seo-wordpress\/ -->\n<title>Zero Till, mniejsze zaburzenie gleby \u2013 zestawy Claydon Drill<\/title>\n<meta name=\"description\" content=\"Minimalizuj zaburzenie gleby dzi\u0119ki zestawowi LD o obni\u017conym wp\u0142ywie na gleb\u0119 od Claydon do siewnik\u00f3w hybrydowych. Osi\u0105gnij efektywno\u015b\u0107 Zero Till z maszynami rolniczymi Opti-Till\u00ae. Odwied\u017a nas, aby dowiedzie\u0107 si\u0119 wi\u0119cej!\" \/>\n<meta name=\"robots\" content=\"index, follow, max-snippet:-1, max-image-preview:large, max-video-preview:-1\" \/>\n<link rel=\"canonical\" href=\"https:\/\/claydondrill.com\/pl\/zero-till-ld-uprawa-zerowa\/\" \/>\n<meta property=\"og:locale\" content=\"pl_PL\" \/>\n<meta property=\"og:type\" content=\"article\" \/>\n<meta property=\"og:title\" content=\"Zero Till, mniejsze zaburzenie gleby \u2013 zestawy Claydon Drill\" \/>\n<meta property=\"og:description\" content=\"Minimalizuj zaburzenie gleby dzi\u0119ki zestawowi LD o obni\u017conym wp\u0142ywie na gleb\u0119 od Claydon do siewnik\u00f3w hybrydowych. Osi\u0105gnij efektywno\u015b\u0107 Zero Till z maszynami rolniczymi Opti-Till\u00ae. Odwied\u017a nas, aby dowiedzie\u0107 si\u0119 wi\u0119cej!\" \/>\n<meta property=\"og:url\" content=\"https:\/\/claydondrill.com\/pl\/zero-till-ld-uprawa-zerowa\/\" \/>\n<meta property=\"og:site_name\" content=\"Claydon Drill Seed\" \/>\n<meta property=\"article:modified_time\" content=\"2025-04-17T12:15:58+00:00\" \/>\n<meta name=\"twitter:card\" content=\"summary_large_image\" \/>\n<meta name=\"twitter:label1\" content=\"Szacowany czas czytania\" \/>\n\t<meta name=\"twitter:data1\" content=\"3 minuty\" \/>\n<script type=\"application\/ld+json\" class=\"yoast-schema-graph\">{\"@context\":\"https:\/\/schema.org\",\"@graph\":[{\"@type\":\"WebPage\",\"@id\":\"https:\/\/claydondrill.com\/pl\/zero-till-ld-uprawa-zerowa\/\",\"url\":\"https:\/\/claydondrill.com\/pl\/zero-till-ld-uprawa-zerowa\/\",\"name\":\"Zero Till, mniejsze zaburzenie gleby \u2013 zestawy Claydon Drill\",\"isPartOf\":{\"@id\":\"https:\/\/claydondrill.com\/pl\/#website\"},\"datePublished\":\"2020-08-25T09:30:41+00:00\",\"dateModified\":\"2025-04-17T12:15:58+00:00\",\"description\":\"Minimalizuj zaburzenie gleby dzi\u0119ki zestawowi LD o obni\u017conym wp\u0142ywie na gleb\u0119 od Claydon do siewnik\u00f3w hybrydowych. Osi\u0105gnij efektywno\u015b\u0107 Zero Till z maszynami rolniczymi Opti-Till\u00ae. Odwied\u017a nas, aby dowiedzie\u0107 si\u0119 wi\u0119cej!\",\"breadcrumb\":{\"@id\":\"https:\/\/claydondrill.com\/pl\/zero-till-ld-uprawa-zerowa\/#breadcrumb\"},\"inLanguage\":\"pl-PL\",\"potentialAction\":[{\"@type\":\"ReadAction\",\"target\":[\"https:\/\/claydondrill.com\/pl\/zero-till-ld-uprawa-zerowa\/\"]}]},{\"@type\":\"BreadcrumbList\",\"@id\":\"https:\/\/claydondrill.com\/pl\/zero-till-ld-uprawa-zerowa\/#breadcrumb\",\"itemListElement\":[{\"@type\":\"ListItem\",\"position\":1,\"name\":\"Home\",\"item\":\"https:\/\/claydondrill.com\/pl\/\"},{\"@type\":\"ListItem\",\"position\":2,\"name\":\"Zero Till &#038; LD Uprawa Zerowa\"}]},{\"@type\":\"WebSite\",\"@id\":\"https:\/\/claydondrill.com\/pl\/#website\",\"url\":\"https:\/\/claydondrill.com\/pl\/\",\"name\":\"Claydon Drill Seed\",\"description\":\"\",\"potentialAction\":[{\"@type\":\"SearchAction\",\"target\":{\"@type\":\"EntryPoint\",\"urlTemplate\":\"https:\/\/claydondrill.com\/pl\/?s={search_term_string}\"},\"query-input\":{\"@type\":\"PropertyValueSpecification\",\"valueRequired\":true,\"valueName\":\"search_term_string\"}}],\"inLanguage\":\"pl-PL\"}]}<\/script>\n<!-- \/ Yoast SEO plugin. -->","yoast_head_json":{"title":"Zero Till, mniejsze zaburzenie gleby \u2013 zestawy Claydon Drill","description":"Minimalizuj zaburzenie gleby dzi\u0119ki zestawowi LD o obni\u017conym wp\u0142ywie na gleb\u0119 od Claydon do siewnik\u00f3w hybrydowych. Osi\u0105gnij efektywno\u015b\u0107 Zero Till z maszynami rolniczymi Opti-Till\u00ae. Odwied\u017a nas, aby dowiedzie\u0107 si\u0119 wi\u0119cej!","robots":{"index":"index","follow":"follow","max-snippet":"max-snippet:-1","max-image-preview":"max-image-preview:large","max-video-preview":"max-video-preview:-1"},"canonical":"https:\/\/claydondrill.com\/pl\/zero-till-ld-uprawa-zerowa\/","og_locale":"pl_PL","og_type":"article","og_title":"Zero Till, mniejsze zaburzenie gleby \u2013 zestawy Claydon Drill","og_description":"Minimalizuj zaburzenie gleby dzi\u0119ki zestawowi LD o obni\u017conym wp\u0142ywie na gleb\u0119 od Claydon do siewnik\u00f3w hybrydowych. Osi\u0105gnij efektywno\u015b\u0107 Zero Till z maszynami rolniczymi Opti-Till\u00ae. Odwied\u017a nas, aby dowiedzie\u0107 si\u0119 wi\u0119cej!","og_url":"https:\/\/claydondrill.com\/pl\/zero-till-ld-uprawa-zerowa\/","og_site_name":"Claydon Drill Seed","article_modified_time":"2025-04-17T12:15:58+00:00","twitter_card":"summary_large_image","twitter_misc":{"Szacowany czas czytania":"3 minuty"},"schema":{"@context":"https:\/\/schema.org","@graph":[{"@type":"WebPage","@id":"https:\/\/claydondrill.com\/pl\/zero-till-ld-uprawa-zerowa\/","url":"https:\/\/claydondrill.com\/pl\/zero-till-ld-uprawa-zerowa\/","name":"Zero Till, mniejsze zaburzenie gleby \u2013 zestawy Claydon Drill","isPartOf":{"@id":"https:\/\/claydondrill.com\/pl\/#website"},"datePublished":"2020-08-25T09:30:41+00:00","dateModified":"2025-04-17T12:15:58+00:00","description":"Minimalizuj zaburzenie gleby dzi\u0119ki zestawowi LD o obni\u017conym wp\u0142ywie na gleb\u0119 od Claydon do siewnik\u00f3w hybrydowych. Osi\u0105gnij efektywno\u015b\u0107 Zero Till z maszynami rolniczymi Opti-Till\u00ae. Odwied\u017a nas, aby dowiedzie\u0107 si\u0119 wi\u0119cej!","breadcrumb":{"@id":"https:\/\/claydondrill.com\/pl\/zero-till-ld-uprawa-zerowa\/#breadcrumb"},"inLanguage":"pl-PL","potentialAction":[{"@type":"ReadAction","target":["https:\/\/claydondrill.com\/pl\/zero-till-ld-uprawa-zerowa\/"]}]},{"@type":"BreadcrumbList","@id":"https:\/\/claydondrill.com\/pl\/zero-till-ld-uprawa-zerowa\/#breadcrumb","itemListElement":[{"@type":"ListItem","position":1,"name":"Home","item":"https:\/\/claydondrill.com\/pl\/"},{"@type":"ListItem","position":2,"name":"Zero Till &#038; LD Uprawa Zerowa"}]},{"@type":"WebSite","@id":"https:\/\/claydondrill.com\/pl\/#website","url":"https:\/\/claydondrill.com\/pl\/","name":"Claydon Drill Seed","description":"","potentialAction":[{"@type":"SearchAction","target":{"@type":"EntryPoint","urlTemplate":"https:\/\/claydondrill.com\/pl\/?s={search_term_string}"},"query-input":{"@type":"PropertyValueSpecification","valueRequired":true,"valueName":"search_term_string"}}],"inLanguage":"pl-PL"}]}},"_links":{"self":[{"href":"https:\/\/claydondrill.com\/pl\/wp-json\/wp\/v2\/pages\/94330","targetHints":{"allow":["GET"]}}],"collection":[{"href":"https:\/\/claydondrill.com\/pl\/wp-json\/wp\/v2\/pages"}],"about":[{"href":"https:\/\/claydondrill.com\/pl\/wp-json\/wp\/v2\/types\/page"}],"author":[{"embeddable":true,"href":"https:\/\/claydondrill.com\/pl\/wp-json\/wp\/v2\/users\/1"}],"replies":[{"embeddable":true,"href":"https:\/\/claydondrill.com\/pl\/wp-json\/wp\/v2\/comments?post=94330"}],"version-history":[{"count":0,"href":"https:\/\/claydondrill.com\/pl\/wp-json\/wp\/v2\/pages\/94330\/revisions"}],"wp:attachment":[{"href":"https:\/\/claydondrill.com\/pl\/wp-json\/wp\/v2\/media?parent=94330"}],"curies":[{"name":"wp","href":"https:\/\/api.w.org\/{rel}","templated":true}]}}