{"id":104691,"date":"2025-01-31T13:45:15","date_gmt":"2025-01-31T13:45:15","guid":{"rendered":"https:\/\/claydondrill.com\/?page_id=104691"},"modified":"2025-02-03T09:49:08","modified_gmt":"2025-02-03T09:49:08","slug":"think-change","status":"publish","type":"page","link":"https:\/\/claydondrill.com\/pl\/think-change\/","title":{"rendered":"Think Change"},"content":{"rendered":"<div class=\"wpb-content-wrapper\"><p>[vc_row][vc_column][vc_column_text css=&#8221;.vc_custom_1738572866425{padding-top: 20px !important;padding-right: 20px !important;padding-bottom: 20px !important;padding-left: 20px !important;background-color: #ededed !important;}&#8221;]W obliczu rosn\u0105cej presji na rolnik\u00f3w I plantator\u00f3w na ca\u0142ym \u015bwiecie czy\u017c nie jest to w\u0142a\u015bciwy czas na zmian\u0119 myslenia w sposobie prowadzenia upraw?[\/vc_column_text][\/vc_column][\/vc_row][vc_row][vc_column width=&#8221;1\/2&#8243;][vc_column_text css=&#8221;.vc_custom_1738575661266{padding-top: 20px !important;padding-right: 20px !important;padding-bottom: 20px !important;padding-left: 20px !important;background-color: #8aa8cc !important;border-radius: 3px !important;}&#8221;]<img loading=\"lazy\" decoding=\"async\" class=\"alignnone wp-image-104707 size-full\" src=\"https:\/\/claydondrill.com\/wp-content\/uploads\/2025\/02\/POLISH-THINK-Thumbnail1.jpg\" alt=\"\" width=\"1004\" height=\"550\" srcset=\"https:\/\/claydondrill.com\/wp-content\/uploads\/2025\/02\/POLISH-THINK-Thumbnail1.jpg 1004w, https:\/\/claydondrill.com\/wp-content\/uploads\/2025\/02\/POLISH-THINK-Thumbnail1-300x164.jpg 300w, https:\/\/claydondrill.com\/wp-content\/uploads\/2025\/02\/POLISH-THINK-Thumbnail1-768x421.jpg 768w, https:\/\/claydondrill.com\/wp-content\/uploads\/2025\/02\/POLISH-THINK-Thumbnail1-600x329.jpg 600w\" sizes=\"auto, (max-width: 1004px) 100vw, 1004px\" \/><\/p>\n<p>\u201eBy\u0142em w stanie zaora\u0107 do 12 ha dziennie, a potem musia\u0142em jeszcze przeprowadzi\u0107 kultywacj\u0119 i siew. To oznacza\u0142o zu\u017cycie oko\u0142o 44 l\/ha, podczas gdy z systemem Claydon wykonuj\u0119 tylko jeden przejazd i jestem w stanie za\u0142o\u017cy\u0107 24 ha uprawy na dob\u0119, zu\u017cywaj\u0105c tylko 14,8 l\/ha\u201d.[\/vc_column_text][\/vc_column][vc_column width=&#8221;1\/2&#8243;][vc_column_text css=&#8221;.vc_custom_1738575686024{padding-top: 20px !important;padding-right: 20px !important;padding-bottom: 20px !important;padding-left: 20px !important;background-color: #ffc94d !important;}&#8221;]<img loading=\"lazy\" decoding=\"async\" class=\"alignnone wp-image-104737 size-full\" src=\"https:\/\/claydondrill.com\/wp-content\/uploads\/2025\/02\/POLISH-THINK-Thumbnail7.jpg\" alt=\"\" width=\"1004\" height=\"550\" srcset=\"https:\/\/claydondrill.com\/wp-content\/uploads\/2025\/02\/POLISH-THINK-Thumbnail7.jpg 1004w, https:\/\/claydondrill.com\/wp-content\/uploads\/2025\/02\/POLISH-THINK-Thumbnail7-300x164.jpg 300w, https:\/\/claydondrill.com\/wp-content\/uploads\/2025\/02\/POLISH-THINK-Thumbnail7-768x421.jpg 768w, https:\/\/claydondrill.com\/wp-content\/uploads\/2025\/02\/POLISH-THINK-Thumbnail7-600x329.jpg 600w\" sizes=\"auto, (max-width: 1004px) 100vw, 1004px\" \/><\/p>\n<p>\u201eOd kiedy przestali\u015bmy wykonywa\u0107 konwencjonalny siew bezpo\u015bredni, a zacz\u0119li\u015bmy stosowa\u0107 upraw\u0119 pasow\u0105 przy u\u017cyciu systemu Claydon Opti-Till\u00ae, efektywno\u015b\u0107 naszych upraw znacznie wzros\u0142a, szczeg\u00f3lnie na poprzeczniakach\u201d.[\/vc_column_text][\/vc_column][\/vc_row][vc_row][vc_column width=&#8221;1\/2&#8243;][vc_column_text css=&#8221;.vc_custom_1738575756340{padding-top: 20px !important;padding-right: 20px !important;padding-bottom: 20px !important;padding-left: 20px !important;background-color: #c79a7d !important;}&#8221;]<img loading=\"lazy\" decoding=\"async\" class=\"alignnone wp-image-104712 size-full\" src=\"https:\/\/claydondrill.com\/wp-content\/uploads\/2025\/02\/POLISH-THINK-Thumbnail2.jpg\" alt=\"\" width=\"1004\" height=\"550\" srcset=\"https:\/\/claydondrill.com\/wp-content\/uploads\/2025\/02\/POLISH-THINK-Thumbnail2.jpg 1004w, https:\/\/claydondrill.com\/wp-content\/uploads\/2025\/02\/POLISH-THINK-Thumbnail2-300x164.jpg 300w, https:\/\/claydondrill.com\/wp-content\/uploads\/2025\/02\/POLISH-THINK-Thumbnail2-768x421.jpg 768w, https:\/\/claydondrill.com\/wp-content\/uploads\/2025\/02\/POLISH-THINK-Thumbnail2-600x329.jpg 600w\" sizes=\"auto, (max-width: 1004px) 100vw, 1004px\" \/><\/p>\n<p>\u201eTa metoda uprawy znacznie ograniczy\u0142a erozj\u0119 gleby, a tak\u017ce poprawi\u0142a stan, wydajno\u015b\u0107 oraz jako\u015b\u0107 \u015brodowiska glebowego.\u201d[\/vc_column_text][\/vc_column][vc_column width=&#8221;1\/2&#8243;][vc_column_text css=&#8221;.vc_custom_1738575746348{padding-top: 20px !important;padding-right: 20px !important;padding-bottom: 20px !important;padding-left: 20px !important;background-color: #b5a5c0 !important;}&#8221;]<img loading=\"lazy\" decoding=\"async\" class=\"alignnone wp-image-104722 size-full\" src=\"https:\/\/claydondrill.com\/wp-content\/uploads\/2025\/02\/POLISH-THINK-Thumbnail4.jpg\" alt=\"\" width=\"1004\" height=\"550\" srcset=\"https:\/\/claydondrill.com\/wp-content\/uploads\/2025\/02\/POLISH-THINK-Thumbnail4.jpg 1004w, https:\/\/claydondrill.com\/wp-content\/uploads\/2025\/02\/POLISH-THINK-Thumbnail4-300x164.jpg 300w, https:\/\/claydondrill.com\/wp-content\/uploads\/2025\/02\/POLISH-THINK-Thumbnail4-768x421.jpg 768w, https:\/\/claydondrill.com\/wp-content\/uploads\/2025\/02\/POLISH-THINK-Thumbnail4-600x329.jpg 600w\" sizes=\"auto, (max-width: 1004px) 100vw, 1004px\" \/><\/p>\n<p>\u201eDotychczas do za\u0142o\u017cenia upraw konieczna by\u0142a praca dw\u00f3ch os\u00f3b, kt\u00f3re wykonywa\u0142y ork\u0119, kultywacj\u0119 i siew. Teraz wystarczy tylko jeden cz\u0142owiek, jeden traktor i jeden przejazd.\u201d[\/vc_column_text][\/vc_column][\/vc_row][vc_row][vc_column width=&#8221;1\/2&#8243;][vc_column_text css=&#8221;.vc_custom_1738576104559{padding-top: 20px !important;padding-right: 20px !important;padding-bottom: 20px !important;padding-left: 20px !important;background-color: #95b19b !important;}&#8221;]<img loading=\"lazy\" decoding=\"async\" class=\"alignnone wp-image-104727 size-full\" src=\"https:\/\/claydondrill.com\/wp-content\/uploads\/2025\/02\/POLISH-THINK-Thumbnail5.jpg\" alt=\"\" width=\"1004\" height=\"550\" srcset=\"https:\/\/claydondrill.com\/wp-content\/uploads\/2025\/02\/POLISH-THINK-Thumbnail5.jpg 1004w, https:\/\/claydondrill.com\/wp-content\/uploads\/2025\/02\/POLISH-THINK-Thumbnail5-300x164.jpg 300w, https:\/\/claydondrill.com\/wp-content\/uploads\/2025\/02\/POLISH-THINK-Thumbnail5-768x421.jpg 768w, https:\/\/claydondrill.com\/wp-content\/uploads\/2025\/02\/POLISH-THINK-Thumbnail5-600x329.jpg 600w\" sizes=\"auto, (max-width: 1004px) 100vw, 1004px\" \/><\/p>\n<p>\u201eTa technologia doskonale umo\u017cliwia zatrzymywanie w ziemi wilgoci, a poniewa\u017c znaczna cz\u0119\u015b\u0107 pola nie jest uprawiana, pozostaj\u0105 na nim resztki po\u017cniwne i korzenie, co przyczynia si\u0119 do ograniczenia wywiewania cz\u0105stek gleby, z kt\u00f3rym cz\u0119sto mamy do czynienia, gdzie struktura lekkich gleb jest nadmiernie naruszana\u201d.[\/vc_column_text][\/vc_column][vc_column width=&#8221;1\/2&#8243;][vc_column_text css=&#8221;.vc_custom_1738576134022{padding-top: 20px !important;padding-right: 20px !important;padding-bottom: 20px !important;padding-left: 20px !important;background-color: #b3b3b3 !important;}&#8221;]<img loading=\"lazy\" decoding=\"async\" class=\"alignnone wp-image-104732 size-full\" src=\"https:\/\/claydondrill.com\/wp-content\/uploads\/2025\/02\/POLISH-THINK-Thumbnail6.jpg\" alt=\"\" width=\"1004\" height=\"550\" srcset=\"https:\/\/claydondrill.com\/wp-content\/uploads\/2025\/02\/POLISH-THINK-Thumbnail6.jpg 1004w, https:\/\/claydondrill.com\/wp-content\/uploads\/2025\/02\/POLISH-THINK-Thumbnail6-300x164.jpg 300w, https:\/\/claydondrill.com\/wp-content\/uploads\/2025\/02\/POLISH-THINK-Thumbnail6-768x421.jpg 768w, https:\/\/claydondrill.com\/wp-content\/uploads\/2025\/02\/POLISH-THINK-Thumbnail6-600x329.jpg 600w\" sizes=\"auto, (max-width: 1004px) 100vw, 1004px\" \/><\/p>\n<p>\u201eJedn\u0105 z najwa\u017cniejszych zalet systemu Claydon Drill jest jego prostota i niskie koszty u\u017cytkowania.<\/p>\n<p>Wymiata zu\u017cytych cz\u0119\u015bci metalowych zajmuje mniej ni\u017c 2 godziny\u201d.[\/vc_column_text][\/vc_column][\/vc_row][vc_row][vc_column width=&#8221;1\/2&#8243;][vc_column_text css=&#8221;.vc_custom_1738575971015{padding-top: 20px !important;padding-right: 20px !important;padding-bottom: 20px !important;padding-left: 20px !important;background-color: #dfe58b !important;}&#8221;]<img loading=\"lazy\" decoding=\"async\" class=\"alignnone wp-image-104717 size-full\" src=\"https:\/\/claydondrill.com\/wp-content\/uploads\/2025\/02\/POLISH-THINK-Thumbnail3.jpg\" alt=\"\" width=\"1004\" height=\"550\" srcset=\"https:\/\/claydondrill.com\/wp-content\/uploads\/2025\/02\/POLISH-THINK-Thumbnail3.jpg 1004w, https:\/\/claydondrill.com\/wp-content\/uploads\/2025\/02\/POLISH-THINK-Thumbnail3-300x164.jpg 300w, https:\/\/claydondrill.com\/wp-content\/uploads\/2025\/02\/POLISH-THINK-Thumbnail3-768x421.jpg 768w, https:\/\/claydondrill.com\/wp-content\/uploads\/2025\/02\/POLISH-THINK-Thumbnail3-600x329.jpg 600w\" sizes=\"auto, (max-width: 1004px) 100vw, 1004px\" \/><\/p>\n<p>\u201eUprawa pasowa nie b\u0119dzie odpowiada\u0107 osobom, kt\u00f3re lubi\u0105 obsiewa\u0107 br\u0105zowe pola bez \u015bcierniska. Jest to natomiast metoda dla tych, kt\u00f3rzy wyrabiaj\u0105 sobie opini\u0119 na temat danego systemu, bior\u0105c pod uwag\u0119 korzy\u015bci wynikaj\u0105ce z jego zastosowania. Gdyby nie system Claydon nie byliby\u015bmy w stanie uprawia\u0107 wi\u0119cej ziemi i \u017cyliby\u015bmy tylko prac\u0105 w gospodarstwie\u201d.[\/vc_column_text][\/vc_column][\/vc_row][vc_row][vc_column][vc_column_text]<img loading=\"lazy\" decoding=\"async\" class=\"alignnone wp-image-104344 size-full\" src=\"https:\/\/claydondrill.com\/wp-content\/uploads\/2024\/11\/THINK-Brochures.jpg\" alt=\"\" width=\"1280\" height=\"720\" srcset=\"https:\/\/claydondrill.com\/wp-content\/uploads\/2024\/11\/THINK-Brochures.jpg 1280w, https:\/\/claydondrill.com\/wp-content\/uploads\/2024\/11\/THINK-Brochures-300x169.jpg 300w, https:\/\/claydondrill.com\/wp-content\/uploads\/2024\/11\/THINK-Brochures-1024x576.jpg 1024w, https:\/\/claydondrill.com\/wp-content\/uploads\/2024\/11\/THINK-Brochures-768x432.jpg 768w, https:\/\/claydondrill.com\/wp-content\/uploads\/2024\/11\/THINK-Brochures-600x338.jpg 600w\" sizes=\"auto, (max-width: 1280px) 100vw, 1280px\" \/><\/p>\n<p>Nasza broszura THINK mo\u017ce okaza\u0107 si\u0119 przydatna. Jest dost\u0119pna w por\u0119cznym formacie kieszonkowym I zawiera wiele intersuj\u0105cych informacji.<\/p>\n<p>Wy\u015blij e-mail na <a href=\"mailto:kontakt@fricke.pl?subject=Claydon%20THINK-Leaflet\"><span style=\"color: #000000;\"><strong>kontakt@fricke.pl<\/strong><\/span><\/a> aby otrzyma\u0107 bezp\u0142atn\u0105 ulotk\u0119 THINK ju\u017c teraz.[\/vc_column_text][\/vc_column][\/vc_row]<\/p>\n<\/div>","protected":false},"excerpt":{"rendered":"<p>[vc_row][vc_column][vc_column_text css=&#8221;.vc_custom_1738572866425{padding-top: 20px !important;padding-right: 20px !important;padding-bottom: 20px !important;padding-left: 20px !important;background-color: #ededed !important;}&#8221;]W obliczu rosn\u0105cej presji na rolnik\u00f3w I plantator\u00f3w na<\/p>\n","protected":false},"author":1,"featured_media":0,"parent":0,"menu_order":0,"comment_status":"closed","ping_status":"closed","template":"","meta":{"inline_featured_image":false,"footnotes":""},"class_list":["post-104691","page","type-page","status-publish","hentry"],"yoast_head":"<!-- This site is optimized with the Yoast SEO plugin v27.1.1 - https:\/\/yoast.com\/product\/yoast-seo-wordpress\/ -->\n<title>Think Change - Claydon Drill Seed<\/title>\n<meta name=\"robots\" content=\"index, follow, max-snippet:-1, max-image-preview:large, max-video-preview:-1\" \/>\n<link rel=\"canonical\" href=\"https:\/\/claydondrill.com\/pl\/think-change\/\" \/>\n<meta property=\"og:locale\" content=\"pl_PL\" \/>\n<meta property=\"og:type\" content=\"article\" \/>\n<meta property=\"og:title\" content=\"Think Change - Claydon Drill Seed\" \/>\n<meta property=\"og:description\" content=\"[vc_row][vc_column][vc_column_text css=&#8221;.vc_custom_1738572866425{padding-top: 20px !important;padding-right: 20px !important;padding-bottom: 20px !important;padding-left: 20px !important;background-color: #ededed !important;}&#8221;]W obliczu rosn\u0105cej presji na rolnik\u00f3w I plantator\u00f3w na\" \/>\n<meta property=\"og:url\" content=\"https:\/\/claydondrill.com\/pl\/think-change\/\" \/>\n<meta property=\"og:site_name\" content=\"Claydon Drill Seed\" \/>\n<meta property=\"article:modified_time\" content=\"2025-02-03T09:49:08+00:00\" \/>\n<meta property=\"og:image\" content=\"https:\/\/claydondrill.com\/wp-content\/uploads\/2025\/02\/POLISH-THINK-Thumbnail1.jpg\" \/>\n\t<meta property=\"og:image:width\" content=\"1004\" \/>\n\t<meta property=\"og:image:height\" content=\"550\" \/>\n\t<meta property=\"og:image:type\" content=\"image\/jpeg\" \/>\n<meta name=\"twitter:card\" content=\"summary_large_image\" \/>\n<meta name=\"twitter:label1\" content=\"Szacowany czas czytania\" \/>\n\t<meta name=\"twitter:data1\" content=\"4 minuty\" \/>\n<script type=\"application\/ld+json\" class=\"yoast-schema-graph\">{\"@context\":\"https:\/\/schema.org\",\"@graph\":[{\"@type\":\"WebPage\",\"@id\":\"https:\/\/claydondrill.com\/pl\/think-change\/\",\"url\":\"https:\/\/claydondrill.com\/pl\/think-change\/\",\"name\":\"Think Change - Claydon Drill Seed\",\"isPartOf\":{\"@id\":\"https:\/\/claydondrill.com\/pl\/#website\"},\"primaryImageOfPage\":{\"@id\":\"https:\/\/claydondrill.com\/pl\/think-change\/#primaryimage\"},\"image\":{\"@id\":\"https:\/\/claydondrill.com\/pl\/think-change\/#primaryimage\"},\"thumbnailUrl\":\"https:\/\/claydondrill.com\/wp-content\/uploads\/2025\/02\/POLISH-THINK-Thumbnail1.jpg\",\"datePublished\":\"2025-01-31T13:45:15+00:00\",\"dateModified\":\"2025-02-03T09:49:08+00:00\",\"breadcrumb\":{\"@id\":\"https:\/\/claydondrill.com\/pl\/think-change\/#breadcrumb\"},\"inLanguage\":\"pl-PL\",\"potentialAction\":[{\"@type\":\"ReadAction\",\"target\":[\"https:\/\/claydondrill.com\/pl\/think-change\/\"]}]},{\"@type\":\"ImageObject\",\"inLanguage\":\"pl-PL\",\"@id\":\"https:\/\/claydondrill.com\/pl\/think-change\/#primaryimage\",\"url\":\"https:\/\/claydondrill.com\/wp-content\/uploads\/2025\/02\/POLISH-THINK-Thumbnail1.jpg\",\"contentUrl\":\"https:\/\/claydondrill.com\/wp-content\/uploads\/2025\/02\/POLISH-THINK-Thumbnail1.jpg\"},{\"@type\":\"BreadcrumbList\",\"@id\":\"https:\/\/claydondrill.com\/pl\/think-change\/#breadcrumb\",\"itemListElement\":[{\"@type\":\"ListItem\",\"position\":1,\"name\":\"Home\",\"item\":\"https:\/\/claydondrill.com\/pl\/\"},{\"@type\":\"ListItem\",\"position\":2,\"name\":\"Think Change\"}]},{\"@type\":\"WebSite\",\"@id\":\"https:\/\/claydondrill.com\/pl\/#website\",\"url\":\"https:\/\/claydondrill.com\/pl\/\",\"name\":\"Claydon Drill Seed\",\"description\":\"\",\"potentialAction\":[{\"@type\":\"SearchAction\",\"target\":{\"@type\":\"EntryPoint\",\"urlTemplate\":\"https:\/\/claydondrill.com\/pl\/?s={search_term_string}\"},\"query-input\":{\"@type\":\"PropertyValueSpecification\",\"valueRequired\":true,\"valueName\":\"search_term_string\"}}],\"inLanguage\":\"pl-PL\"}]}<\/script>\n<!-- \/ Yoast SEO plugin. -->","yoast_head_json":{"title":"Think Change - Claydon Drill Seed","robots":{"index":"index","follow":"follow","max-snippet":"max-snippet:-1","max-image-preview":"max-image-preview:large","max-video-preview":"max-video-preview:-1"},"canonical":"https:\/\/claydondrill.com\/pl\/think-change\/","og_locale":"pl_PL","og_type":"article","og_title":"Think Change - Claydon Drill Seed","og_description":"[vc_row][vc_column][vc_column_text css=&#8221;.vc_custom_1738572866425{padding-top: 20px !important;padding-right: 20px !important;padding-bottom: 20px !important;padding-left: 20px !important;background-color: #ededed !important;}&#8221;]W obliczu rosn\u0105cej presji na rolnik\u00f3w I plantator\u00f3w na","og_url":"https:\/\/claydondrill.com\/pl\/think-change\/","og_site_name":"Claydon Drill Seed","article_modified_time":"2025-02-03T09:49:08+00:00","og_image":[{"width":1004,"height":550,"url":"https:\/\/claydondrill.com\/wp-content\/uploads\/2025\/02\/POLISH-THINK-Thumbnail1.jpg","type":"image\/jpeg"}],"twitter_card":"summary_large_image","twitter_misc":{"Szacowany czas czytania":"4 minuty"},"schema":{"@context":"https:\/\/schema.org","@graph":[{"@type":"WebPage","@id":"https:\/\/claydondrill.com\/pl\/think-change\/","url":"https:\/\/claydondrill.com\/pl\/think-change\/","name":"Think Change - Claydon Drill Seed","isPartOf":{"@id":"https:\/\/claydondrill.com\/pl\/#website"},"primaryImageOfPage":{"@id":"https:\/\/claydondrill.com\/pl\/think-change\/#primaryimage"},"image":{"@id":"https:\/\/claydondrill.com\/pl\/think-change\/#primaryimage"},"thumbnailUrl":"https:\/\/claydondrill.com\/wp-content\/uploads\/2025\/02\/POLISH-THINK-Thumbnail1.jpg","datePublished":"2025-01-31T13:45:15+00:00","dateModified":"2025-02-03T09:49:08+00:00","breadcrumb":{"@id":"https:\/\/claydondrill.com\/pl\/think-change\/#breadcrumb"},"inLanguage":"pl-PL","potentialAction":[{"@type":"ReadAction","target":["https:\/\/claydondrill.com\/pl\/think-change\/"]}]},{"@type":"ImageObject","inLanguage":"pl-PL","@id":"https:\/\/claydondrill.com\/pl\/think-change\/#primaryimage","url":"https:\/\/claydondrill.com\/wp-content\/uploads\/2025\/02\/POLISH-THINK-Thumbnail1.jpg","contentUrl":"https:\/\/claydondrill.com\/wp-content\/uploads\/2025\/02\/POLISH-THINK-Thumbnail1.jpg"},{"@type":"BreadcrumbList","@id":"https:\/\/claydondrill.com\/pl\/think-change\/#breadcrumb","itemListElement":[{"@type":"ListItem","position":1,"name":"Home","item":"https:\/\/claydondrill.com\/pl\/"},{"@type":"ListItem","position":2,"name":"Think Change"}]},{"@type":"WebSite","@id":"https:\/\/claydondrill.com\/pl\/#website","url":"https:\/\/claydondrill.com\/pl\/","name":"Claydon Drill Seed","description":"","potentialAction":[{"@type":"SearchAction","target":{"@type":"EntryPoint","urlTemplate":"https:\/\/claydondrill.com\/pl\/?s={search_term_string}"},"query-input":{"@type":"PropertyValueSpecification","valueRequired":true,"valueName":"search_term_string"}}],"inLanguage":"pl-PL"}]}},"_links":{"self":[{"href":"https:\/\/claydondrill.com\/pl\/wp-json\/wp\/v2\/pages\/104691","targetHints":{"allow":["GET"]}}],"collection":[{"href":"https:\/\/claydondrill.com\/pl\/wp-json\/wp\/v2\/pages"}],"about":[{"href":"https:\/\/claydondrill.com\/pl\/wp-json\/wp\/v2\/types\/page"}],"author":[{"embeddable":true,"href":"https:\/\/claydondrill.com\/pl\/wp-json\/wp\/v2\/users\/1"}],"replies":[{"embeddable":true,"href":"https:\/\/claydondrill.com\/pl\/wp-json\/wp\/v2\/comments?post=104691"}],"version-history":[{"count":0,"href":"https:\/\/claydondrill.com\/pl\/wp-json\/wp\/v2\/pages\/104691\/revisions"}],"wp:attachment":[{"href":"https:\/\/claydondrill.com\/pl\/wp-json\/wp\/v2\/media?parent=104691"}],"curies":[{"name":"wp","href":"https:\/\/api.w.org\/{rel}","templated":true}]}}