{"id":103759,"date":"2024-06-11T11:37:51","date_gmt":"2024-06-11T11:37:51","guid":{"rendered":"https:\/\/claydondrill.com\/evolution-m-mounted-toolbar\/"},"modified":"2025-04-17T11:21:35","modified_gmt":"2025-04-17T11:21:35","slug":"evolution-m-mounted-toolbar","status":"publish","type":"page","link":"https:\/\/claydondrill.com\/pl\/evolution-m-mounted-toolbar\/","title":{"rendered":"EVOLUTION M \u2013 ZAWIESZANE SIEWNIKI PASOWE"},"content":{"rendered":"<div class=\"wpb-content-wrapper\"><p>[vc_row el_class=&#8221;top_desc eval_sec&#8221;][vc_column width=&#8221;1\/2&#8243; el_class=&#8221;top_desc&#8221;][vc_custom_heading text=&#8221;EVOLUTION M \u2013 ZAWIESZANE SIEWNIKI PASOWE&#8221; use_theme_fonts=&#8221;yes&#8221; css=&#8221;.vc_custom_1723209928613{margin-bottom: 20px !important;}&#8221;][vc_column_text]Zawieszane siewniki Evolution Drill Toolbar mog\u0105 by\u0107 u\u017cywane z przednim zbiornikiem Front Hopper Evolution dla szeroko\u015bci roboczej 3m, 4m, 4.5m, 4.8m, 5m I 6m<\/p>\n<p>Standardowa specyfikacja uwzglednia g\u0142owic\u0119 dozuj\u0105c\u0105 z 38 mm \u015brednicy przewodami nasiennymi. Druga g\u0142owica nawozowa stanowi opcj\u0119 pozwalaj\u0105c\u0105 na doprowadzanie nawozu do d\u0142uta spulchniaj\u0105cego lub redlicy nasiennej I d\u0142uta spulchniaj\u0105cego.[\/vc_column_text][\/vc_column][vc_column width=&#8221;1\/2&#8243; el_class=&#8221;frtlizer&#8221;][vc_btn title=&#8221;POBIERZ FOLDER O TOOLBAR&#8221; align=&#8221;center&#8221; link=&#8221;url:https%3A%2F%2Fclaydondrill.com%2Fwp-content%2Fuploads%2F2024%2F06%2FToolbar-Leaflet-UK.pdf||target:%20_blank|&#8221; el_class=&#8221;lf_btn&#8221;][\/vc_column][\/vc_row][vc_row full_width=&#8221;stretch_row&#8221; css=&#8221;.vc_custom_1674640247071{margin-top: 0px !important;margin-right: 0px !important;margin-bottom: 0px !important;margin-left: 0px !important;padding-top: 75px !important;padding-bottom: 0px !important;}&#8221; el_class=&#8221;services2 home_cat&#8221;][vc_column css=&#8221;.vc_custom_1460369393337{padding-top: 0px !important;padding-bottom: 0px !important;}&#8221;][vc_row_inner el_class=&#8221;product_sec cat_list&#8221;][vc_column_inner width=&#8221;1\/3&#8243;][vc_single_image image=&#8221;103270&#8243; img_size=&#8221;full&#8221; alignment=&#8221;center&#8221;][vc_custom_heading text=&#8221;M6 Evolution Toolbar&#8221; font_container=&#8221;tag:h3|text_align:left|color:%23ca1f26&#8243; use_theme_fonts=&#8221;yes&#8221; el_class=&#8221;style5&#8243; css=&#8221;.vc_custom_1723210290007{margin-top: -20px !important;margin-bottom: 10px !important;}&#8221; link=&#8221;url:https%3A%2F%2Fclaydondrill.com%2Fpl%2Fproduct%2Fm6-evolution-toolbar%2F|||&#8221;][\/vc_column_inner][vc_column_inner width=&#8221;1\/3&#8243;][vc_single_image image=&#8221;103265&#8243; img_size=&#8221;full&#8221; alignment=&#8221;center&#8221;][vc_custom_heading text=&#8221;M5 Evolution Toolbar&#8221; font_container=&#8221;tag:h3|text_align:left|color:%23ca1f26&#8243; use_theme_fonts=&#8221;yes&#8221; el_class=&#8221;style5&#8243; css=&#8221;.vc_custom_1723210310794{margin-top: -20px !important;margin-bottom: 10px !important;}&#8221; link=&#8221;url:https%3A%2F%2Fclaydondrill.com%2Fpl%2Fproduct%2Fm5-evolution-toolbar%2F|||&#8221;][\/vc_column_inner][vc_column_inner width=&#8221;1\/3&#8243;][vc_single_image image=&#8221;103250&#8243; img_size=&#8221;full&#8221; alignment=&#8221;center&#8221;][vc_custom_heading text=&#8221;M4.8 Evolution Toolbar&#8221; font_container=&#8221;tag:h3|text_align:left|color:%23ca1f26&#8243; use_theme_fonts=&#8221;yes&#8221; el_class=&#8221;style5&#8243; css=&#8221;.vc_custom_1723210330201{margin-top: -20px !important;margin-bottom: 10px !important;}&#8221; link=&#8221;url:https%3A%2F%2Fclaydondrill.com%2Fpl%2Fproduct%2Fm4-8-evolution-toolbar%2F|||&#8221;][\/vc_column_inner][\/vc_row_inner][vc_row_inner el_class=&#8221;product_sec cat_list&#8221;][vc_column_inner width=&#8221;1\/3&#8243;][vc_single_image image=&#8221;103280&#8243; img_size=&#8221;full&#8221; alignment=&#8221;center&#8221;][vc_custom_heading text=&#8221;M4.5 Evolution Toolbar&#8221; font_container=&#8221;tag:h3|text_align:left|color:%23ca1f26&#8243; use_theme_fonts=&#8221;yes&#8221; el_class=&#8221;style5&#8243; css=&#8221;.vc_custom_1723210349378{margin-top: -20px !important;margin-bottom: 10px !important;}&#8221; link=&#8221;url:https%3A%2F%2Fclaydondrill.com%2Fpl%2Fproduct%2Fm4-5-evolution-toolbar%2F|||&#8221;][\/vc_column_inner][vc_column_inner width=&#8221;1\/3&#8243;][vc_single_image image=&#8221;103255&#8243; img_size=&#8221;full&#8221; alignment=&#8221;center&#8221;][vc_custom_heading text=&#8221;M4 Evolution Toolbar&#8221; font_container=&#8221;tag:h3|text_align:left|color:%23ca1f26&#8243; use_theme_fonts=&#8221;yes&#8221; el_class=&#8221;style5&#8243; css=&#8221;.vc_custom_1723210372896{margin-top: -20px !important;margin-bottom: 10px !important;}&#8221; link=&#8221;url:https%3A%2F%2Fclaydondrill.com%2Fpl%2Fproduct%2Fm4-evolution-toolbar%2F|||&#8221;][\/vc_column_inner][vc_column_inner width=&#8221;1\/3&#8243;][vc_single_image image=&#8221;103260&#8243; img_size=&#8221;full&#8221; alignment=&#8221;center&#8221;][vc_custom_heading text=&#8221;M4R Evolution Toolbar&#8221; font_container=&#8221;tag:h3|text_align:left|color:%23ca1f26&#8243; use_theme_fonts=&#8221;yes&#8221; el_class=&#8221;style5&#8243; css=&#8221;.vc_custom_1723210391345{margin-top: -20px !important;margin-bottom: 10px !important;}&#8221; link=&#8221;url:https%3A%2F%2Fclaydondrill.com%2Fpl%2Fproduct%2Fm4r-evolution-toolbar%2F|||&#8221;][\/vc_column_inner][\/vc_row_inner][vc_row_inner el_class=&#8221;product_sec cat_list&#8221;][vc_column_inner width=&#8221;1\/3&#8243;][vc_single_image image=&#8221;103275&#8243; img_size=&#8221;full&#8221; alignment=&#8221;center&#8221;][vc_custom_heading text=&#8221;M3 Evolution Toolbar&#8221; font_container=&#8221;tag:h3|text_align:left|color:%23ca1f26&#8243; use_theme_fonts=&#8221;yes&#8221; el_class=&#8221;style5&#8243; css=&#8221;.vc_custom_1723210421450{margin-top: -20px !important;margin-bottom: 10px !important;}&#8221; link=&#8221;url:https%3A%2F%2Fclaydondrill.com%2Fpl%2Fproduct%2Fm3-evolution-toolbar%2F|||&#8221;][\/vc_column_inner][vc_column_inner width=&#8221;1\/3&#8243;][\/vc_column_inner][vc_column_inner width=&#8221;1\/3&#8243;][\/vc_column_inner][\/vc_row_inner][\/vc_column][\/vc_row]<\/p>\n<\/div>","protected":false},"excerpt":{"rendered":"<p>[vc_row el_class=&#8221;top_desc eval_sec&#8221;][vc_column width=&#8221;1\/2&#8243; el_class=&#8221;top_desc&#8221;][vc_custom_heading text=&#8221;EVOLUTION M \u2013 ZAWIESZANE SIEWNIKI PASOWE&#8221; use_theme_fonts=&#8221;yes&#8221; css=&#8221;.vc_custom_1723209928613{margin-bottom: 20px !important;}&#8221;][vc_column_text]Zawieszane siewniki Evolution Drill Toolbar mog\u0105<\/p>\n","protected":false},"author":1,"featured_media":0,"parent":0,"menu_order":0,"comment_status":"closed","ping_status":"closed","template":"","meta":{"inline_featured_image":false,"footnotes":""},"class_list":["post-103759","page","type-page","status-publish","hentry"],"yoast_head":"<!-- This site is optimized with the Yoast SEO plugin v27.1.1 - https:\/\/yoast.com\/product\/yoast-seo-wordpress\/ -->\n<title>M \u2013 zawieszany siewnik Evolution z przednim zbiornikiem \u2013 Claydon Drill Seed<\/title>\n<meta name=\"description\" content=\"Evolution M \u2013 zawieszany siewnik, komatybilny z przednim zbiornikiem Front Hopper, dost\u0119pny w szeroko\u015bciach roboczych 3m, 4m, 4.5m, 4.8m, 5m i 6m. Kliknij, aby dowiedzie\u0107 si\u0119 wi\u0119cej.\" \/>\n<meta name=\"robots\" content=\"index, follow, max-snippet:-1, max-image-preview:large, max-video-preview:-1\" \/>\n<link rel=\"canonical\" href=\"https:\/\/claydondrill.com\/pl\/evolution-m-mounted-toolbar\/\" \/>\n<meta property=\"og:locale\" content=\"pl_PL\" \/>\n<meta property=\"og:type\" content=\"article\" \/>\n<meta property=\"og:title\" content=\"M \u2013 zawieszany siewnik Evolution z przednim zbiornikiem \u2013 Claydon Drill Seed\" \/>\n<meta property=\"og:description\" content=\"Evolution M \u2013 zawieszany siewnik, komatybilny z przednim zbiornikiem Front Hopper, dost\u0119pny w szeroko\u015bciach roboczych 3m, 4m, 4.5m, 4.8m, 5m i 6m. Kliknij, aby dowiedzie\u0107 si\u0119 wi\u0119cej.\" \/>\n<meta property=\"og:url\" content=\"https:\/\/claydondrill.com\/pl\/evolution-m-mounted-toolbar\/\" \/>\n<meta property=\"og:site_name\" content=\"Claydon Drill Seed\" \/>\n<meta property=\"article:modified_time\" content=\"2025-04-17T11:21:35+00:00\" \/>\n<meta name=\"twitter:card\" content=\"summary_large_image\" \/>\n<meta name=\"twitter:label1\" content=\"Szacowany czas czytania\" \/>\n\t<meta name=\"twitter:data1\" content=\"1 minuta\" \/>\n<script type=\"application\/ld+json\" class=\"yoast-schema-graph\">{\"@context\":\"https:\/\/schema.org\",\"@graph\":[{\"@type\":\"WebPage\",\"@id\":\"https:\/\/claydondrill.com\/pl\/evolution-m-mounted-toolbar\/\",\"url\":\"https:\/\/claydondrill.com\/pl\/evolution-m-mounted-toolbar\/\",\"name\":\"M \u2013 zawieszany siewnik Evolution z przednim zbiornikiem \u2013 Claydon Drill Seed\",\"isPartOf\":{\"@id\":\"https:\/\/claydondrill.com\/pl\/#website\"},\"datePublished\":\"2024-06-11T11:37:51+00:00\",\"dateModified\":\"2025-04-17T11:21:35+00:00\",\"description\":\"Evolution M \u2013 zawieszany siewnik, komatybilny z przednim zbiornikiem Front Hopper, dost\u0119pny w szeroko\u015bciach roboczych 3m, 4m, 4.5m, 4.8m, 5m i 6m. Kliknij, aby dowiedzie\u0107 si\u0119 wi\u0119cej.\",\"breadcrumb\":{\"@id\":\"https:\/\/claydondrill.com\/pl\/evolution-m-mounted-toolbar\/#breadcrumb\"},\"inLanguage\":\"pl-PL\",\"potentialAction\":[{\"@type\":\"ReadAction\",\"target\":[\"https:\/\/claydondrill.com\/pl\/evolution-m-mounted-toolbar\/\"]}]},{\"@type\":\"BreadcrumbList\",\"@id\":\"https:\/\/claydondrill.com\/pl\/evolution-m-mounted-toolbar\/#breadcrumb\",\"itemListElement\":[{\"@type\":\"ListItem\",\"position\":1,\"name\":\"Home\",\"item\":\"https:\/\/claydondrill.com\/pl\/\"},{\"@type\":\"ListItem\",\"position\":2,\"name\":\"EVOLUTION M \u2013 ZAWIESZANE SIEWNIKI PASOWE\"}]},{\"@type\":\"WebSite\",\"@id\":\"https:\/\/claydondrill.com\/pl\/#website\",\"url\":\"https:\/\/claydondrill.com\/pl\/\",\"name\":\"Claydon Drill Seed\",\"description\":\"\",\"potentialAction\":[{\"@type\":\"SearchAction\",\"target\":{\"@type\":\"EntryPoint\",\"urlTemplate\":\"https:\/\/claydondrill.com\/pl\/?s={search_term_string}\"},\"query-input\":{\"@type\":\"PropertyValueSpecification\",\"valueRequired\":true,\"valueName\":\"search_term_string\"}}],\"inLanguage\":\"pl-PL\"}]}<\/script>\n<!-- \/ Yoast SEO plugin. -->","yoast_head_json":{"title":"M \u2013 zawieszany siewnik Evolution z przednim zbiornikiem \u2013 Claydon Drill Seed","description":"Evolution M \u2013 zawieszany siewnik, komatybilny z przednim zbiornikiem Front Hopper, dost\u0119pny w szeroko\u015bciach roboczych 3m, 4m, 4.5m, 4.8m, 5m i 6m. Kliknij, aby dowiedzie\u0107 si\u0119 wi\u0119cej.","robots":{"index":"index","follow":"follow","max-snippet":"max-snippet:-1","max-image-preview":"max-image-preview:large","max-video-preview":"max-video-preview:-1"},"canonical":"https:\/\/claydondrill.com\/pl\/evolution-m-mounted-toolbar\/","og_locale":"pl_PL","og_type":"article","og_title":"M \u2013 zawieszany siewnik Evolution z przednim zbiornikiem \u2013 Claydon Drill Seed","og_description":"Evolution M \u2013 zawieszany siewnik, komatybilny z przednim zbiornikiem Front Hopper, dost\u0119pny w szeroko\u015bciach roboczych 3m, 4m, 4.5m, 4.8m, 5m i 6m. Kliknij, aby dowiedzie\u0107 si\u0119 wi\u0119cej.","og_url":"https:\/\/claydondrill.com\/pl\/evolution-m-mounted-toolbar\/","og_site_name":"Claydon Drill Seed","article_modified_time":"2025-04-17T11:21:35+00:00","twitter_card":"summary_large_image","twitter_misc":{"Szacowany czas czytania":"1 minuta"},"schema":{"@context":"https:\/\/schema.org","@graph":[{"@type":"WebPage","@id":"https:\/\/claydondrill.com\/pl\/evolution-m-mounted-toolbar\/","url":"https:\/\/claydondrill.com\/pl\/evolution-m-mounted-toolbar\/","name":"M \u2013 zawieszany siewnik Evolution z przednim zbiornikiem \u2013 Claydon Drill Seed","isPartOf":{"@id":"https:\/\/claydondrill.com\/pl\/#website"},"datePublished":"2024-06-11T11:37:51+00:00","dateModified":"2025-04-17T11:21:35+00:00","description":"Evolution M \u2013 zawieszany siewnik, komatybilny z przednim zbiornikiem Front Hopper, dost\u0119pny w szeroko\u015bciach roboczych 3m, 4m, 4.5m, 4.8m, 5m i 6m. Kliknij, aby dowiedzie\u0107 si\u0119 wi\u0119cej.","breadcrumb":{"@id":"https:\/\/claydondrill.com\/pl\/evolution-m-mounted-toolbar\/#breadcrumb"},"inLanguage":"pl-PL","potentialAction":[{"@type":"ReadAction","target":["https:\/\/claydondrill.com\/pl\/evolution-m-mounted-toolbar\/"]}]},{"@type":"BreadcrumbList","@id":"https:\/\/claydondrill.com\/pl\/evolution-m-mounted-toolbar\/#breadcrumb","itemListElement":[{"@type":"ListItem","position":1,"name":"Home","item":"https:\/\/claydondrill.com\/pl\/"},{"@type":"ListItem","position":2,"name":"EVOLUTION M \u2013 ZAWIESZANE SIEWNIKI PASOWE"}]},{"@type":"WebSite","@id":"https:\/\/claydondrill.com\/pl\/#website","url":"https:\/\/claydondrill.com\/pl\/","name":"Claydon Drill Seed","description":"","potentialAction":[{"@type":"SearchAction","target":{"@type":"EntryPoint","urlTemplate":"https:\/\/claydondrill.com\/pl\/?s={search_term_string}"},"query-input":{"@type":"PropertyValueSpecification","valueRequired":true,"valueName":"search_term_string"}}],"inLanguage":"pl-PL"}]}},"_links":{"self":[{"href":"https:\/\/claydondrill.com\/pl\/wp-json\/wp\/v2\/pages\/103759","targetHints":{"allow":["GET"]}}],"collection":[{"href":"https:\/\/claydondrill.com\/pl\/wp-json\/wp\/v2\/pages"}],"about":[{"href":"https:\/\/claydondrill.com\/pl\/wp-json\/wp\/v2\/types\/page"}],"author":[{"embeddable":true,"href":"https:\/\/claydondrill.com\/pl\/wp-json\/wp\/v2\/users\/1"}],"replies":[{"embeddable":true,"href":"https:\/\/claydondrill.com\/pl\/wp-json\/wp\/v2\/comments?post=103759"}],"version-history":[{"count":0,"href":"https:\/\/claydondrill.com\/pl\/wp-json\/wp\/v2\/pages\/103759\/revisions"}],"wp:attachment":[{"href":"https:\/\/claydondrill.com\/pl\/wp-json\/wp\/v2\/media?parent=103759"}],"curies":[{"name":"wp","href":"https:\/\/api.w.org\/{rel}","templated":true}]}}