{"id":103752,"date":"2024-06-10T14:17:13","date_gmt":"2024-06-10T14:17:13","guid":{"rendered":"https:\/\/claydondrill.com\/front-hopper\/"},"modified":"2024-08-12T12:59:05","modified_gmt":"2024-08-12T12:59:05","slug":"front-hopper","status":"publish","type":"page","link":"https:\/\/claydondrill.com\/pl\/przedni-zbiornik\/","title":{"rendered":"PRZEDNI ZBIORNIK"},"content":{"rendered":"<div class=\"wpb-content-wrapper\"><p>[vc_row el_class=&#8221;top_desc&#8221;][vc_column width=&#8221;1\/2&#8243;][vc_column_text]Ca\u0142kowita pojemno\u015b\u0107 zbiornika to 2750 l z podzia\u0142em 45\/55%. Ci\u015bnieniowy zbiornik Evotultion Front Hopper zapewnia niezawodne dozowanie wysokich dawek do g\u0142owicy znajduj\u0105cej si\u0119 z ty\u0142u na maszynie.<\/p>\n<p>Dwa aparaty dozuj\u0105ce dostarczaj\u0105 zmieszane dawki albo oddzielne (nasiona\/naw\u00f3z) do g\u0142owicy wysiewaj\u0105cej na maszynie. Prosty podzia\u0142 nast\u0119puje w rozdzielnicy matria\u0142\u00f3w jako osobny przep\u0142yw masy lub oba produkty s\u0105 \u0142\u0105czone do jednego przewodu.<\/p>\n<p>Terminal Isocan zarz\u0105dza wszystkimi funkcjami Front Hoppera np. zmienne dawkowanie w po\u0142\u0105czeniu z kodem odblokowuj\u0105cym pozwala efektywnie zarz\u0105dza\u0107 dawkami.<\/p>\n<p>Opcjonalne sterowanie przez Isobus. Aparaty dozuj\u0105ce dostarczane s\u0105 z wa\u0142kami do nasion drobnych, \u015brednich I du\u017cych tak aby mo\u017cna by\u0142o wysiewa\u0107 ka\u017cde nasiona I ka\u017cd\u0105 dawk\u0119 nawozu.<\/p>\n<p>Waga 730 kg, szeroko\u015b\u0107 2476 mm, wysoko\u015b\u0107 1803 mm oraz d\u0142ugo\u015b\u0107 1619 mm. Dwa czujniki poziomu produktu \u201c niski poziom\u201d I \u201cpusty\u201d, \u015bwiat\u0142a robocze, dwie kamery drogowe, skrzynia narz\u0119dziowa I sk\u0142adany podest za\u0142adowczy.<\/p>\n<p>Opcje dodatkowe zawieraj\u0105 \u2013 550 kg obci\u0105\u017cnik, ko\u0142a przednie ze sterowaniem pasywnym oraz skrobaki k\u00f3\u0142.[\/vc_column_text][\/vc_column][vc_column width=&#8221;1\/2&#8243; el_class=&#8221;frtlizer&#8221;][vc_btn title=&#8221;POBIERZ FOLDER O HOPPER&#8221; align=&#8221;center&#8221; link=&#8221;url:https%3A%2F%2Fclaydondrill.com%2Fwp-content%2Fuploads%2F2024%2F06%2FClaydon-Front-Hopper-Leaflet-UK.pdf|||&#8221;][vc_single_image image=&#8221;103228&#8243; img_size=&#8221;full&#8221;][\/vc_column][\/vc_row][vc_row full_width=&#8221;stretch_row&#8221; css=&#8221;.vc_custom_1595581583637{margin-top: 0px !important;margin-right: 0px !important;margin-bottom: 0px !important;margin-left: 0px !important;padding-top: 75px !important;padding-bottom: 0px !important;}&#8221; el_class=&#8221;services2 home_cat&#8221;][vc_column css=&#8221;.vc_custom_1460369393337{padding-top: 0px !important;padding-bottom: 0px !important;}&#8221;][vc_row_inner el_class=&#8221;product_sec cat_list&#8221;][vc_column_inner width=&#8221;1\/2&#8243;][vc_single_image image=&#8221;103233&#8243; img_size=&#8221;full&#8221; alignment=&#8221;center&#8221;][vc_custom_heading text=&#8221;Evolution Przedni Zbiornik&#8221; font_container=&#8221;tag:h2|text_align:left|color:%23ca1f26&#8243; use_theme_fonts=&#8221;yes&#8221; el_class=&#8221;style5&#8243; css=&#8221;.vc_custom_1723467543333{margin-top: -20px !important;margin-bottom: 10px !important;}&#8221; link=&#8221;url:https%3A%2F%2Fclaydondrill.com%2Fpl%2Fproduct%2Fevolution-przedni-zbiornik%2F|||&#8221;][thememove_button text=&#8221;READ MORE&#8221; url=&#8221;https:\/\/claydondrill.com\/pl\/product\/evolution-przedni-zbiornik\/&#8221; icon=&#8221;fa-arrow-right&#8221;][\/vc_column_inner][vc_column_inner width=&#8221;1\/2&#8243;][\/vc_column_inner][\/vc_row_inner][\/vc_column][\/vc_row]<\/p>\n<\/div>","protected":false},"excerpt":{"rendered":"<p>[vc_row el_class=&#8221;top_desc&#8221;][vc_column width=&#8221;1\/2&#8243;][vc_column_text]Ca\u0142kowita pojemno\u015b\u0107 zbiornika to 2750 l z podzia\u0142em 45\/55%. Ci\u015bnieniowy zbiornik Evotultion Front Hopper zapewnia niezawodne dozowanie wysokich<\/p>\n","protected":false},"author":1,"featured_media":0,"parent":0,"menu_order":0,"comment_status":"closed","ping_status":"closed","template":"","meta":{"inline_featured_image":false,"footnotes":""},"class_list":["post-103752","page","type-page","status-publish","hentry"],"yoast_head":"<!-- This site is optimized with the Yoast SEO plugin v27.1.1 - https:\/\/yoast.com\/product\/yoast-seo-wordpress\/ -->\n<title>PRZEDNI ZBIORNIK - Claydon Drill Seed<\/title>\n<meta name=\"description\" content=\"Discover the Evolution Front Hopper: 2750L capacity, ISOBUS compatible, twin metering units, and ISOCAN terminal. Optimise your seeding today!\" \/>\n<meta name=\"robots\" content=\"index, follow, max-snippet:-1, max-image-preview:large, max-video-preview:-1\" \/>\n<link rel=\"canonical\" href=\"https:\/\/claydondrill.com\/pl\/przedni-zbiornik\/\" \/>\n<meta property=\"og:locale\" content=\"pl_PL\" \/>\n<meta property=\"og:type\" content=\"article\" \/>\n<meta property=\"og:title\" content=\"PRZEDNI ZBIORNIK - Claydon Drill Seed\" \/>\n<meta property=\"og:description\" content=\"Discover the Evolution Front Hopper: 2750L capacity, ISOBUS compatible, twin metering units, and ISOCAN terminal. Optimise your seeding today!\" \/>\n<meta property=\"og:url\" content=\"https:\/\/claydondrill.com\/pl\/przedni-zbiornik\/\" \/>\n<meta property=\"og:site_name\" content=\"Claydon Drill Seed\" \/>\n<meta property=\"article:modified_time\" content=\"2024-08-12T12:59:05+00:00\" \/>\n<meta name=\"twitter:card\" content=\"summary_large_image\" \/>\n<meta name=\"twitter:label1\" content=\"Szacowany czas czytania\" \/>\n\t<meta name=\"twitter:data1\" content=\"1 minuta\" \/>\n<script type=\"application\/ld+json\" class=\"yoast-schema-graph\">{\"@context\":\"https:\/\/schema.org\",\"@graph\":[{\"@type\":\"WebPage\",\"@id\":\"https:\/\/claydondrill.com\/pl\/przedni-zbiornik\/\",\"url\":\"https:\/\/claydondrill.com\/pl\/przedni-zbiornik\/\",\"name\":\"PRZEDNI ZBIORNIK - Claydon Drill Seed\",\"isPartOf\":{\"@id\":\"https:\/\/claydondrill.com\/pl\/#website\"},\"datePublished\":\"2024-06-10T14:17:13+00:00\",\"dateModified\":\"2024-08-12T12:59:05+00:00\",\"description\":\"Discover the Evolution Front Hopper: 2750L capacity, ISOBUS compatible, twin metering units, and ISOCAN terminal. Optimise your seeding today!\",\"breadcrumb\":{\"@id\":\"https:\/\/claydondrill.com\/pl\/przedni-zbiornik\/#breadcrumb\"},\"inLanguage\":\"pl-PL\",\"potentialAction\":[{\"@type\":\"ReadAction\",\"target\":[\"https:\/\/claydondrill.com\/pl\/przedni-zbiornik\/\"]}]},{\"@type\":\"BreadcrumbList\",\"@id\":\"https:\/\/claydondrill.com\/pl\/przedni-zbiornik\/#breadcrumb\",\"itemListElement\":[{\"@type\":\"ListItem\",\"position\":1,\"name\":\"Home\",\"item\":\"https:\/\/claydondrill.com\/pl\/\"},{\"@type\":\"ListItem\",\"position\":2,\"name\":\"PRZEDNI ZBIORNIK\"}]},{\"@type\":\"WebSite\",\"@id\":\"https:\/\/claydondrill.com\/pl\/#website\",\"url\":\"https:\/\/claydondrill.com\/pl\/\",\"name\":\"Claydon Drill Seed\",\"description\":\"\",\"potentialAction\":[{\"@type\":\"SearchAction\",\"target\":{\"@type\":\"EntryPoint\",\"urlTemplate\":\"https:\/\/claydondrill.com\/pl\/?s={search_term_string}\"},\"query-input\":{\"@type\":\"PropertyValueSpecification\",\"valueRequired\":true,\"valueName\":\"search_term_string\"}}],\"inLanguage\":\"pl-PL\"}]}<\/script>\n<!-- \/ Yoast SEO plugin. -->","yoast_head_json":{"title":"PRZEDNI ZBIORNIK - Claydon Drill Seed","description":"Discover the Evolution Front Hopper: 2750L capacity, ISOBUS compatible, twin metering units, and ISOCAN terminal. Optimise your seeding today!","robots":{"index":"index","follow":"follow","max-snippet":"max-snippet:-1","max-image-preview":"max-image-preview:large","max-video-preview":"max-video-preview:-1"},"canonical":"https:\/\/claydondrill.com\/pl\/przedni-zbiornik\/","og_locale":"pl_PL","og_type":"article","og_title":"PRZEDNI ZBIORNIK - Claydon Drill Seed","og_description":"Discover the Evolution Front Hopper: 2750L capacity, ISOBUS compatible, twin metering units, and ISOCAN terminal. Optimise your seeding today!","og_url":"https:\/\/claydondrill.com\/pl\/przedni-zbiornik\/","og_site_name":"Claydon Drill Seed","article_modified_time":"2024-08-12T12:59:05+00:00","twitter_card":"summary_large_image","twitter_misc":{"Szacowany czas czytania":"1 minuta"},"schema":{"@context":"https:\/\/schema.org","@graph":[{"@type":"WebPage","@id":"https:\/\/claydondrill.com\/pl\/przedni-zbiornik\/","url":"https:\/\/claydondrill.com\/pl\/przedni-zbiornik\/","name":"PRZEDNI ZBIORNIK - Claydon Drill Seed","isPartOf":{"@id":"https:\/\/claydondrill.com\/pl\/#website"},"datePublished":"2024-06-10T14:17:13+00:00","dateModified":"2024-08-12T12:59:05+00:00","description":"Discover the Evolution Front Hopper: 2750L capacity, ISOBUS compatible, twin metering units, and ISOCAN terminal. Optimise your seeding today!","breadcrumb":{"@id":"https:\/\/claydondrill.com\/pl\/przedni-zbiornik\/#breadcrumb"},"inLanguage":"pl-PL","potentialAction":[{"@type":"ReadAction","target":["https:\/\/claydondrill.com\/pl\/przedni-zbiornik\/"]}]},{"@type":"BreadcrumbList","@id":"https:\/\/claydondrill.com\/pl\/przedni-zbiornik\/#breadcrumb","itemListElement":[{"@type":"ListItem","position":1,"name":"Home","item":"https:\/\/claydondrill.com\/pl\/"},{"@type":"ListItem","position":2,"name":"PRZEDNI ZBIORNIK"}]},{"@type":"WebSite","@id":"https:\/\/claydondrill.com\/pl\/#website","url":"https:\/\/claydondrill.com\/pl\/","name":"Claydon Drill Seed","description":"","potentialAction":[{"@type":"SearchAction","target":{"@type":"EntryPoint","urlTemplate":"https:\/\/claydondrill.com\/pl\/?s={search_term_string}"},"query-input":{"@type":"PropertyValueSpecification","valueRequired":true,"valueName":"search_term_string"}}],"inLanguage":"pl-PL"}]}},"_links":{"self":[{"href":"https:\/\/claydondrill.com\/pl\/wp-json\/wp\/v2\/pages\/103752","targetHints":{"allow":["GET"]}}],"collection":[{"href":"https:\/\/claydondrill.com\/pl\/wp-json\/wp\/v2\/pages"}],"about":[{"href":"https:\/\/claydondrill.com\/pl\/wp-json\/wp\/v2\/types\/page"}],"author":[{"embeddable":true,"href":"https:\/\/claydondrill.com\/pl\/wp-json\/wp\/v2\/users\/1"}],"replies":[{"embeddable":true,"href":"https:\/\/claydondrill.com\/pl\/wp-json\/wp\/v2\/comments?post=103752"}],"version-history":[{"count":0,"href":"https:\/\/claydondrill.com\/pl\/wp-json\/wp\/v2\/pages\/103752\/revisions"}],"wp:attachment":[{"href":"https:\/\/claydondrill.com\/pl\/wp-json\/wp\/v2\/media?parent=103752"}],"curies":[{"name":"wp","href":"https:\/\/api.w.org\/{rel}","templated":true}]}}