{"id":103148,"date":"2020-09-07T08:03:24","date_gmt":"2020-09-07T08:03:24","guid":{"rendered":"https:\/\/claydondrill.com\/evolution-m-mounted-drills\/"},"modified":"2024-08-09T08:39:45","modified_gmt":"2024-08-09T08:39:45","slug":"evolution-m-mounted-drills","status":"publish","type":"page","link":"https:\/\/claydondrill.com\/pl\/evolution-m-siewniki-zawieszane\/","title":{"rendered":"EVOLUTION M &#8211; SIEWNIKI ZAWIESZANE"},"content":{"rendered":"<div class=\"wpb-content-wrapper\"><p>[vc_row el_class=&#8221;top_desc eval_sec&#8221;][vc_column width=&#8221;1\/2&#8243; el_class=&#8221;top_desc&#8221;][vc_custom_heading text=&#8221;EVOLUTION M &#8211; SIEWNIKI ZAWIESZANE&#8221; use_theme_fonts=&#8221;yes&#8221; css=&#8221;.vc_custom_1722344968918{margin-bottom: 20px !important;}&#8221;][vc_column_text]Nowa seria siewnik\u00f3w Claydon Evolution przenosi siew bezpo\u015bredni na wy\u017cszy poziom. Opiera si\u0119 na ponad 20-letnim do\u015bwiadczeniu firmy w tej technologii, oferuj\u0105c sprawdzon\u0105 technik\u0119 z\u0119b\u00f3w i \u0142\u0105czy j\u0105 z now\u0105 funkcjonalno\u015bci\u0105 operacyjn\u0105.<\/p>\n<p>Dzi\u0119ki dziewi\u0119ciu nowym modelom obejmuj\u0105cym szeroko\u015bci robocze 3 m, 4 m, 4,5 m, 4,8 m, 5 m i 6 m, wielko\u015b\u0107 zbiornika wzros\u0142a do 1910 litr\u00f3w dla jednostek wy\u0142\u0105cznie do siewu nasion oraz 2500-litrowego zbiornika dla 3m 3MF i 4m 4MRF podzielonych w proporcjach 50:50 mi\u0119dzy nasiona i naw\u00f3z. Wi\u0119ksze zbiorniki redukuj\u0105 przestoje i zwi\u0119kszaj\u0105 wydajno\u015b\u0107, podczas gdy drugi i trzeci zbiornik do stosowania wielu rodzaj\u00f3w, odmian i rozmiar\u00f3w nasion dodatkowo zwi\u0119kszaj\u0105 wszechstronno\u015b\u0107. Typowe dzienne wydajno\u015bci wahaj\u0105 si\u0119 od 20 ha dla siewnika Evolution 3 m, kt\u00f3ry wymaga ci\u0105gnika o mocy co najmniej 150 KM, do 40 ha dla wersji 6 m, kt\u00f3ra wymaga co najmniej 300 KM.<\/p>\n<p>Regulacja g\u0142\u0119boko\u015bci siewu jest sterowana hydraulicznie w nowej serii siewnik\u00f3w Evolution, a ulepszony dost\u0119p do jednostki dozuj\u0105cej umo\u017cliwia \u0142atwiejsz\u0105 kalibracj\u0119. Przednie tarcze montowane, kt\u00f3re s\u0105 obs\u0142ugiwane hydraulicznie z fotela ci\u0105gnika mog\u0105 by\u0107 okre\u015blone do siewu w miejscach o du\u017cej ilo\u015bci resztek. Wypr\u00f3bowany i przetestowany przedni z\u0105b prowadz\u0105cy, po kt\u00f3rym nast\u0119puje redlica 180 mm A, jest standardowo wyposa\u017cony w szerok\u0105 gam\u0119 opcji dysz wysiewaj\u0105cych i redlic siewnych. Zestaw redlic rade\u0142kowych Twin kit wraz z talerzami tn\u0105cymi wykorzystywany jest np. w podsiewie u\u017cytk\u00f3w zielonych, po poplonach itp.<\/p>\n<p><span style=\"font-weight: 400;\">Siewniki Evolution zosta\u0142y zaprojektowane do stosowania jako siewniki bezpo\u015brednie, ale mog\u0105 by\u0107 r\u00f3wnie\u017c u\u017cywane w konwencjonalnej uprawie, takiej jak uprawiona orka.<\/span>[\/vc_column_text][\/vc_column][vc_column width=&#8221;1\/2&#8243; el_class=&#8221;frtlizer&#8221;][vc_video link=&#8221;https:\/\/vimeo.com\/654095400&#8243;][vc_btn title=&#8221;Pobierz broszur\u0119 maszynow\u0105&#8221; align=&#8221;center&#8221; link=&#8221;url:https%3A%2F%2Fclaydondrill.com%2Fwp-content%2Fuploads%2F2024%2F01%2FOpti-Till-Machinery-Guide-2023-UK-sec.pdf||target:%20_blank|&#8221; el_class=&#8221;lf_btn&#8221;][\/vc_column][\/vc_row][vc_row full_width=&#8221;stretch_row&#8221; css=&#8221;.vc_custom_1674640247071{margin-top: 0px !important;margin-right: 0px !important;margin-bottom: 0px !important;margin-left: 0px !important;padding-top: 75px !important;padding-bottom: 0px !important;}&#8221; el_class=&#8221;services2 home_cat&#8221;][vc_column css=&#8221;.vc_custom_1460369393337{padding-top: 0px !important;padding-bottom: 0px !important;}&#8221;][vc_row_inner el_class=&#8221;product_sec cat_list&#8221;][vc_column_inner width=&#8221;1\/3&#8243;][vc_single_image image=&#8221;101317&#8243; img_size=&#8221;full&#8221; alignment=&#8221;center&#8221;][vc_custom_heading text=&#8221;M6&#8243; font_container=&#8221;tag:h3|text_align:left|color:%23ca1f26&#8243; use_theme_fonts=&#8221;yes&#8221; el_class=&#8221;style5&#8243; css=&#8221;.vc_custom_1713251609800{margin-top: -20px !important;margin-bottom: 10px !important;}&#8221; link=&#8221;url:https%3A%2F%2Fclaydondrill.com%2Fpl%2Fproduct%2Fm6-evolution%2F|||&#8221;][\/vc_column_inner][vc_column_inner width=&#8221;1\/3&#8243;][vc_single_image image=&#8221;101322&#8243; img_size=&#8221;full&#8221; alignment=&#8221;center&#8221;][vc_custom_heading text=&#8221;M5&#8243; font_container=&#8221;tag:h3|text_align:left|color:%23ca1f26&#8243; use_theme_fonts=&#8221;yes&#8221; el_class=&#8221;style5&#8243; css=&#8221;.vc_custom_1713251621151{margin-top: -20px !important;margin-bottom: 10px !important;}&#8221; link=&#8221;url:https%3A%2F%2Fclaydondrill.com%2Fpl%2Fproduct%2Fm5-evolution%2F|||&#8221;][\/vc_column_inner][vc_column_inner width=&#8221;1\/3&#8243;][vc_single_image image=&#8221;101327&#8243; img_size=&#8221;full&#8221; alignment=&#8221;center&#8221;][vc_custom_heading text=&#8221;M4.8&#8243; font_container=&#8221;tag:h3|text_align:left|color:%23ca1f26&#8243; use_theme_fonts=&#8221;yes&#8221; el_class=&#8221;style5&#8243; css=&#8221;.vc_custom_1713251631581{margin-top: -20px !important;margin-bottom: 10px !important;}&#8221; link=&#8221;url:https%3A%2F%2Fclaydondrill.com%2Fpl%2Fproduct%2Fm4-8-evolution%2F|||&#8221;][\/vc_column_inner][\/vc_row_inner][vc_row_inner el_class=&#8221;product_sec cat_list&#8221;][vc_column_inner width=&#8221;1\/3&#8243;][vc_single_image image=&#8221;101332&#8243; img_size=&#8221;full&#8221; alignment=&#8221;center&#8221;][vc_custom_heading text=&#8221;M4.5&#8243; font_container=&#8221;tag:h3|text_align:left|color:%23ca1f26&#8243; use_theme_fonts=&#8221;yes&#8221; el_class=&#8221;style5&#8243; css=&#8221;.vc_custom_1713251646485{margin-top: -20px !important;margin-bottom: 10px !important;}&#8221; link=&#8221;url:https%3A%2F%2Fclaydondrill.com%2Fpl%2Fproduct%2Fm4-5-evolution%2F|||&#8221;][\/vc_column_inner][vc_column_inner width=&#8221;1\/3&#8243;][vc_single_image image=&#8221;101357&#8243; img_size=&#8221;full&#8221; alignment=&#8221;center&#8221;][vc_custom_heading text=&#8221;M4&#8243; font_container=&#8221;tag:h3|text_align:left|color:%23ca1f26&#8243; use_theme_fonts=&#8221;yes&#8221; el_class=&#8221;style5&#8243; css=&#8221;.vc_custom_1713251658332{margin-top: -20px !important;margin-bottom: 10px !important;}&#8221; link=&#8221;url:https%3A%2F%2Fclaydondrill.com%2Fpl%2Fproduct%2Fm4-evolution%2F|||&#8221;][\/vc_column_inner][vc_column_inner width=&#8221;1\/3&#8243;][vc_single_image image=&#8221;101352&#8243; img_size=&#8221;full&#8221; alignment=&#8221;center&#8221;][vc_custom_heading text=&#8221;M4R&#8221; font_container=&#8221;tag:h3|text_align:left|color:%23ca1f26&#8243; use_theme_fonts=&#8221;yes&#8221; el_class=&#8221;style5&#8243; css=&#8221;.vc_custom_1713251676671{margin-top: -20px !important;margin-bottom: 10px !important;}&#8221; link=&#8221;url:https%3A%2F%2Fclaydondrill.com%2Fpl%2Fproduct%2Fm4r-evolution%2F|||&#8221;][\/vc_column_inner][\/vc_row_inner][vc_row_inner el_class=&#8221;product_sec cat_list&#8221;][vc_column_inner width=&#8221;1\/3&#8243;][vc_single_image image=&#8221;101342&#8243; img_size=&#8221;full&#8221; alignment=&#8221;center&#8221;][vc_custom_heading text=&#8221;M4RF&#8221; font_container=&#8221;tag:h3|text_align:left|color:%23ca1f26&#8243; use_theme_fonts=&#8221;yes&#8221; el_class=&#8221;style5&#8243; css=&#8221;.vc_custom_1713251685882{margin-top: -20px !important;margin-bottom: 10px !important;}&#8221; link=&#8221;url:https%3A%2F%2Fclaydondrill.com%2Fpl%2Fproduct%2Fm4rf-evolution%2F|||&#8221;][\/vc_column_inner][vc_column_inner width=&#8221;1\/3&#8243;][vc_single_image image=&#8221;101347&#8243; img_size=&#8221;full&#8221; alignment=&#8221;center&#8221;][vc_custom_heading text=&#8221;M3&#8243; font_container=&#8221;tag:h3|text_align:left|color:%23ca1f26&#8243; use_theme_fonts=&#8221;yes&#8221; el_class=&#8221;style5&#8243; css=&#8221;.vc_custom_1723192782272{margin-top: -20px !important;margin-bottom: 10px !important;}&#8221; link=&#8221;url:https%3A%2F%2Fclaydondrill.com%2Fpl%2Fproduct%2Fm3-evolution%2F|||&#8221;][\/vc_column_inner][vc_column_inner width=&#8221;1\/3&#8243;][vc_single_image image=&#8221;101362&#8243; img_size=&#8221;full&#8221; alignment=&#8221;center&#8221;][vc_custom_heading text=&#8221;M3F&#8221; font_container=&#8221;tag:h3|text_align:left|color:%23ca1f26&#8243; use_theme_fonts=&#8221;yes&#8221; el_class=&#8221;style5&#8243; css=&#8221;.vc_custom_1713251708669{margin-top: -20px !important;margin-bottom: 10px !important;}&#8221; link=&#8221;url:https%3A%2F%2Fclaydondrill.com%2Fpl%2Fproduct%2Fm3f-evolution%2F|||&#8221;][\/vc_column_inner][\/vc_row_inner][\/vc_column][\/vc_row]<\/p>\n<\/div>","protected":false},"excerpt":{"rendered":"<p>[vc_row el_class=&#8221;top_desc eval_sec&#8221;][vc_column width=&#8221;1\/2&#8243; el_class=&#8221;top_desc&#8221;][vc_custom_heading text=&#8221;EVOLUTION M &#8211; SIEWNIKI ZAWIESZANE&#8221; use_theme_fonts=&#8221;yes&#8221; css=&#8221;.vc_custom_1722344968918{margin-bottom: 20px !important;}&#8221;][vc_column_text]Nowa seria siewnik\u00f3w Claydon Evolution przenosi siew<\/p>\n","protected":false},"author":1,"featured_media":0,"parent":0,"menu_order":0,"comment_status":"closed","ping_status":"closed","template":"","meta":{"inline_featured_image":false,"footnotes":""},"class_list":["post-103148","page","type-page","status-publish","hentry"],"yoast_head":"<!-- This site is optimized with the Yoast SEO plugin v27.1.1 - https:\/\/yoast.com\/product\/yoast-seo-wordpress\/ -->\n<title>EVOLUTION M - SIEWNIKI ZAWIESZANE - Claydon Drill Seed<\/title>\n<meta name=\"description\" content=\"Claydon\u2019s Evolution m-mounted drill range takes direct strip seeding to the next level, featuring its well-proven tine technique &amp; new operational functionality\" \/>\n<meta name=\"robots\" content=\"index, follow, max-snippet:-1, max-image-preview:large, max-video-preview:-1\" \/>\n<link rel=\"canonical\" href=\"https:\/\/claydondrill.com\/pl\/evolution-m-siewniki-zawieszane\/\" \/>\n<meta property=\"og:locale\" content=\"pl_PL\" \/>\n<meta property=\"og:type\" content=\"article\" \/>\n<meta property=\"og:title\" content=\"EVOLUTION M - SIEWNIKI ZAWIESZANE - Claydon Drill Seed\" \/>\n<meta property=\"og:description\" content=\"Claydon\u2019s Evolution m-mounted drill range takes direct strip seeding to the next level, featuring its well-proven tine technique &amp; new operational functionality\" \/>\n<meta property=\"og:url\" content=\"https:\/\/claydondrill.com\/pl\/evolution-m-siewniki-zawieszane\/\" \/>\n<meta property=\"og:site_name\" content=\"Claydon Drill Seed\" \/>\n<meta property=\"article:modified_time\" content=\"2024-08-09T08:39:45+00:00\" \/>\n<meta name=\"twitter:card\" content=\"summary_large_image\" \/>\n<meta name=\"twitter:label1\" content=\"Szacowany czas czytania\" \/>\n\t<meta name=\"twitter:data1\" content=\"2 minuty\" \/>\n<script type=\"application\/ld+json\" class=\"yoast-schema-graph\">{\"@context\":\"https:\/\/schema.org\",\"@graph\":[{\"@type\":\"WebPage\",\"@id\":\"https:\/\/claydondrill.com\/pl\/evolution-m-siewniki-zawieszane\/\",\"url\":\"https:\/\/claydondrill.com\/pl\/evolution-m-siewniki-zawieszane\/\",\"name\":\"EVOLUTION M - SIEWNIKI ZAWIESZANE - Claydon Drill Seed\",\"isPartOf\":{\"@id\":\"https:\/\/claydondrill.com\/pl\/#website\"},\"datePublished\":\"2020-09-07T08:03:24+00:00\",\"dateModified\":\"2024-08-09T08:39:45+00:00\",\"description\":\"Claydon\u2019s Evolution m-mounted drill range takes direct strip seeding to the next level, featuring its well-proven tine technique & new operational functionality\",\"breadcrumb\":{\"@id\":\"https:\/\/claydondrill.com\/pl\/evolution-m-siewniki-zawieszane\/#breadcrumb\"},\"inLanguage\":\"pl-PL\",\"potentialAction\":[{\"@type\":\"ReadAction\",\"target\":[\"https:\/\/claydondrill.com\/pl\/evolution-m-siewniki-zawieszane\/\"]}]},{\"@type\":\"BreadcrumbList\",\"@id\":\"https:\/\/claydondrill.com\/pl\/evolution-m-siewniki-zawieszane\/#breadcrumb\",\"itemListElement\":[{\"@type\":\"ListItem\",\"position\":1,\"name\":\"Home\",\"item\":\"https:\/\/claydondrill.com\/pl\/\"},{\"@type\":\"ListItem\",\"position\":2,\"name\":\"EVOLUTION M &#8211; SIEWNIKI ZAWIESZANE\"}]},{\"@type\":\"WebSite\",\"@id\":\"https:\/\/claydondrill.com\/pl\/#website\",\"url\":\"https:\/\/claydondrill.com\/pl\/\",\"name\":\"Claydon Drill Seed\",\"description\":\"\",\"potentialAction\":[{\"@type\":\"SearchAction\",\"target\":{\"@type\":\"EntryPoint\",\"urlTemplate\":\"https:\/\/claydondrill.com\/pl\/?s={search_term_string}\"},\"query-input\":{\"@type\":\"PropertyValueSpecification\",\"valueRequired\":true,\"valueName\":\"search_term_string\"}}],\"inLanguage\":\"pl-PL\"}]}<\/script>\n<!-- \/ Yoast SEO plugin. -->","yoast_head_json":{"title":"EVOLUTION M - SIEWNIKI ZAWIESZANE - Claydon Drill Seed","description":"Claydon\u2019s Evolution m-mounted drill range takes direct strip seeding to the next level, featuring its well-proven tine technique & new operational functionality","robots":{"index":"index","follow":"follow","max-snippet":"max-snippet:-1","max-image-preview":"max-image-preview:large","max-video-preview":"max-video-preview:-1"},"canonical":"https:\/\/claydondrill.com\/pl\/evolution-m-siewniki-zawieszane\/","og_locale":"pl_PL","og_type":"article","og_title":"EVOLUTION M - SIEWNIKI ZAWIESZANE - Claydon Drill Seed","og_description":"Claydon\u2019s Evolution m-mounted drill range takes direct strip seeding to the next level, featuring its well-proven tine technique & new operational functionality","og_url":"https:\/\/claydondrill.com\/pl\/evolution-m-siewniki-zawieszane\/","og_site_name":"Claydon Drill Seed","article_modified_time":"2024-08-09T08:39:45+00:00","twitter_card":"summary_large_image","twitter_misc":{"Szacowany czas czytania":"2 minuty"},"schema":{"@context":"https:\/\/schema.org","@graph":[{"@type":"WebPage","@id":"https:\/\/claydondrill.com\/pl\/evolution-m-siewniki-zawieszane\/","url":"https:\/\/claydondrill.com\/pl\/evolution-m-siewniki-zawieszane\/","name":"EVOLUTION M - SIEWNIKI ZAWIESZANE - Claydon Drill Seed","isPartOf":{"@id":"https:\/\/claydondrill.com\/pl\/#website"},"datePublished":"2020-09-07T08:03:24+00:00","dateModified":"2024-08-09T08:39:45+00:00","description":"Claydon\u2019s Evolution m-mounted drill range takes direct strip seeding to the next level, featuring its well-proven tine technique & new operational functionality","breadcrumb":{"@id":"https:\/\/claydondrill.com\/pl\/evolution-m-siewniki-zawieszane\/#breadcrumb"},"inLanguage":"pl-PL","potentialAction":[{"@type":"ReadAction","target":["https:\/\/claydondrill.com\/pl\/evolution-m-siewniki-zawieszane\/"]}]},{"@type":"BreadcrumbList","@id":"https:\/\/claydondrill.com\/pl\/evolution-m-siewniki-zawieszane\/#breadcrumb","itemListElement":[{"@type":"ListItem","position":1,"name":"Home","item":"https:\/\/claydondrill.com\/pl\/"},{"@type":"ListItem","position":2,"name":"EVOLUTION M &#8211; SIEWNIKI ZAWIESZANE"}]},{"@type":"WebSite","@id":"https:\/\/claydondrill.com\/pl\/#website","url":"https:\/\/claydondrill.com\/pl\/","name":"Claydon Drill Seed","description":"","potentialAction":[{"@type":"SearchAction","target":{"@type":"EntryPoint","urlTemplate":"https:\/\/claydondrill.com\/pl\/?s={search_term_string}"},"query-input":{"@type":"PropertyValueSpecification","valueRequired":true,"valueName":"search_term_string"}}],"inLanguage":"pl-PL"}]}},"_links":{"self":[{"href":"https:\/\/claydondrill.com\/pl\/wp-json\/wp\/v2\/pages\/103148","targetHints":{"allow":["GET"]}}],"collection":[{"href":"https:\/\/claydondrill.com\/pl\/wp-json\/wp\/v2\/pages"}],"about":[{"href":"https:\/\/claydondrill.com\/pl\/wp-json\/wp\/v2\/types\/page"}],"author":[{"embeddable":true,"href":"https:\/\/claydondrill.com\/pl\/wp-json\/wp\/v2\/users\/1"}],"replies":[{"embeddable":true,"href":"https:\/\/claydondrill.com\/pl\/wp-json\/wp\/v2\/comments?post=103148"}],"version-history":[{"count":0,"href":"https:\/\/claydondrill.com\/pl\/wp-json\/wp\/v2\/pages\/103148\/revisions"}],"wp:attachment":[{"href":"https:\/\/claydondrill.com\/pl\/wp-json\/wp\/v2\/media?parent=103148"}],"curies":[{"name":"wp","href":"https:\/\/api.w.org\/{rel}","templated":true}]}}