{"id":102094,"date":"2023-07-10T08:51:47","date_gmt":"2023-07-10T08:51:47","guid":{"rendered":"https:\/\/claydondrill.com\/?page_id=102094"},"modified":"2025-04-17T12:14:14","modified_gmt":"2025-04-17T12:14:14","slug":"our-customers","status":"publish","type":"page","link":"https:\/\/claydondrill.com\/pl\/nasi-klienci\/","title":{"rendered":"NASI KLIENCI"},"content":{"rendered":"<div class=\"wpb-content-wrapper\"><p>[vc_row full_width=&#8221;stretch_row&#8221; css=&#8221;.vc_custom_1593976249245{margin-bottom: 0px !important;padding-top: 0px !important;padding-bottom: 0px !important;}&#8221; el_class=&#8221;skin-header07 team_top&#8221;][vc_column css=&#8221;.vc_custom_1460369408603{padding-top: 0px !important;padding-bottom: 0px !important;}&#8221;][vc_custom_heading text=&#8221;NASI KLIENCI&#8221; font_container=&#8221;tag:h2|text_align:left|color:%23111111&#8243; use_theme_fonts=&#8221;yes&#8221; el_class=&#8221;style4&#8243;][vc_column_text el_class=&#8221;gray&#8221;]Istnieje wiele setek klient\u00f3w Claydon w Wielkiej Brytanii i ponad 30 krajach na ca\u0142ym \u015bwiecie.<\/p>\n<p>Kliknij \u017c\u00f3\u0142te pinezki, aby dowiedzie\u0107 si\u0119, jak prawdziwi rolnicy u\u017cywaj\u0105 naszego systemu, aby uzyska\u0107 wspania\u0142e rezultaty, jednocze\u015bnie zmniejszaj\u0105c koszty i dbaj\u0105c o swoje gleby.[\/vc_column_text][vc_column_text el_class=&#8221;drill_quote&#8221;]<strong>Obni\u017cenie koszt\u00f3w, wzrost wydajno\u015bci<\/strong>[\/vc_column_text][\/vc_column][\/vc_row][vc_row][vc_column][vc_column_text]<iframe loading=\"lazy\" id=\"player\" src=\"https:\/\/www.google.com\/maps\/d\/embed?mid=1wSvrCojtz5r-asMVK3Z0owkBjHyLlGw&amp;hl=en_US\" width=\"100%\" height=\"700px\" frameborder=\"0\" scrolling=\"no\" allowfullscreen=\"allowfullscreen\" data-mce-fragment=\"1\"><\/iframe>[\/vc_column_text][\/vc_column][\/vc_row][vc_row disable_element=&#8221;yes&#8221;][vc_column][vc_column_text]<\/p>\n<p>[\/vc_column_text][\/vc_column][\/vc_row]<\/p>\n<\/div>","protected":false},"excerpt":{"rendered":"<p>[vc_row full_width=&#8221;stretch_row&#8221; css=&#8221;.vc_custom_1593976249245{margin-bottom: 0px !important;padding-top: 0px !important;padding-bottom: 0px !important;}&#8221; el_class=&#8221;skin-header07 team_top&#8221;][vc_column css=&#8221;.vc_custom_1460369408603{padding-top: 0px !important;padding-bottom: 0px !important;}&#8221;][vc_custom_heading text=&#8221;NASI KLIENCI&#8221; font_container=&#8221;tag:h2|text_align:left|color:%23111111&#8243; use_theme_fonts=&#8221;yes&#8221;<\/p>\n","protected":false},"author":1,"featured_media":0,"parent":0,"menu_order":20,"comment_status":"closed","ping_status":"closed","template":"custome_template.php","meta":{"inline_featured_image":false,"footnotes":""},"class_list":["post-102094","page","type-page","status-publish","hentry"],"yoast_head":"<!-- This site is optimized with the Yoast SEO plugin v27.1.1 - https:\/\/yoast.com\/product\/yoast-seo-wordpress\/ -->\n<title>Rozwi\u0105zania rolnicze Claydon Drill na ca\u0142ym \u015bwiecie \u2013 wi\u0119cej plon\u00f3w, mniejsze koszty<\/title>\n<meta name=\"description\" content=\"Zarejestruj si\u0119 w Claydon Drill, aby uzyska\u0107 innowacyjne rozwi\u0105zania rolnicze, kt\u00f3re zwi\u0119kszaj\u0105 plony, obni\u017caj\u0105 koszty i poprawiaj\u0105 zdrowie gleby. Wi\u0119cej plon\u00f3w, mniejsze koszty \u2013 zacznij ju\u017c dzi\u015b!\" \/>\n<meta name=\"robots\" content=\"index, follow, max-snippet:-1, max-image-preview:large, max-video-preview:-1\" \/>\n<link rel=\"canonical\" href=\"https:\/\/claydondrill.com\/pl\/nasi-klienci\/\" \/>\n<meta property=\"og:locale\" content=\"pl_PL\" \/>\n<meta property=\"og:type\" content=\"article\" \/>\n<meta property=\"og:title\" content=\"Rozwi\u0105zania rolnicze Claydon Drill na ca\u0142ym \u015bwiecie \u2013 wi\u0119cej plon\u00f3w, mniejsze koszty\" \/>\n<meta property=\"og:description\" content=\"Zarejestruj si\u0119 w Claydon Drill, aby uzyska\u0107 innowacyjne rozwi\u0105zania rolnicze, kt\u00f3re zwi\u0119kszaj\u0105 plony, obni\u017caj\u0105 koszty i poprawiaj\u0105 zdrowie gleby. Wi\u0119cej plon\u00f3w, mniejsze koszty \u2013 zacznij ju\u017c dzi\u015b!\" \/>\n<meta property=\"og:url\" content=\"https:\/\/claydondrill.com\/pl\/nasi-klienci\/\" \/>\n<meta property=\"og:site_name\" content=\"Claydon Drill Seed\" \/>\n<meta property=\"article:modified_time\" content=\"2025-04-17T12:14:14+00:00\" \/>\n<meta name=\"twitter:card\" content=\"summary_large_image\" \/>\n<meta name=\"twitter:label1\" content=\"Szacowany czas czytania\" \/>\n\t<meta name=\"twitter:data1\" content=\"1 minuta\" \/>\n<script type=\"application\/ld+json\" class=\"yoast-schema-graph\">{\"@context\":\"https:\/\/schema.org\",\"@graph\":[{\"@type\":\"WebPage\",\"@id\":\"https:\/\/claydondrill.com\/pl\/nasi-klienci\/\",\"url\":\"https:\/\/claydondrill.com\/pl\/nasi-klienci\/\",\"name\":\"Rozwi\u0105zania rolnicze Claydon Drill na ca\u0142ym \u015bwiecie \u2013 wi\u0119cej plon\u00f3w, mniejsze koszty\",\"isPartOf\":{\"@id\":\"https:\/\/claydondrill.com\/pl\/#website\"},\"datePublished\":\"2023-07-10T08:51:47+00:00\",\"dateModified\":\"2025-04-17T12:14:14+00:00\",\"description\":\"Zarejestruj si\u0119 w Claydon Drill, aby uzyska\u0107 innowacyjne rozwi\u0105zania rolnicze, kt\u00f3re zwi\u0119kszaj\u0105 plony, obni\u017caj\u0105 koszty i poprawiaj\u0105 zdrowie gleby. Wi\u0119cej plon\u00f3w, mniejsze koszty \u2013 zacznij ju\u017c dzi\u015b!\",\"breadcrumb\":{\"@id\":\"https:\/\/claydondrill.com\/pl\/nasi-klienci\/#breadcrumb\"},\"inLanguage\":\"pl-PL\",\"potentialAction\":[{\"@type\":\"ReadAction\",\"target\":[\"https:\/\/claydondrill.com\/pl\/nasi-klienci\/\"]}]},{\"@type\":\"BreadcrumbList\",\"@id\":\"https:\/\/claydondrill.com\/pl\/nasi-klienci\/#breadcrumb\",\"itemListElement\":[{\"@type\":\"ListItem\",\"position\":1,\"name\":\"Home\",\"item\":\"https:\/\/claydondrill.com\/pl\/\"},{\"@type\":\"ListItem\",\"position\":2,\"name\":\"NASI KLIENCI\"}]},{\"@type\":\"WebSite\",\"@id\":\"https:\/\/claydondrill.com\/pl\/#website\",\"url\":\"https:\/\/claydondrill.com\/pl\/\",\"name\":\"Claydon Drill Seed\",\"description\":\"\",\"potentialAction\":[{\"@type\":\"SearchAction\",\"target\":{\"@type\":\"EntryPoint\",\"urlTemplate\":\"https:\/\/claydondrill.com\/pl\/?s={search_term_string}\"},\"query-input\":{\"@type\":\"PropertyValueSpecification\",\"valueRequired\":true,\"valueName\":\"search_term_string\"}}],\"inLanguage\":\"pl-PL\"}]}<\/script>\n<!-- \/ Yoast SEO plugin. -->","yoast_head_json":{"title":"Rozwi\u0105zania rolnicze Claydon Drill na ca\u0142ym \u015bwiecie \u2013 wi\u0119cej plon\u00f3w, mniejsze koszty","description":"Zarejestruj si\u0119 w Claydon Drill, aby uzyska\u0107 innowacyjne rozwi\u0105zania rolnicze, kt\u00f3re zwi\u0119kszaj\u0105 plony, obni\u017caj\u0105 koszty i poprawiaj\u0105 zdrowie gleby. Wi\u0119cej plon\u00f3w, mniejsze koszty \u2013 zacznij ju\u017c dzi\u015b!","robots":{"index":"index","follow":"follow","max-snippet":"max-snippet:-1","max-image-preview":"max-image-preview:large","max-video-preview":"max-video-preview:-1"},"canonical":"https:\/\/claydondrill.com\/pl\/nasi-klienci\/","og_locale":"pl_PL","og_type":"article","og_title":"Rozwi\u0105zania rolnicze Claydon Drill na ca\u0142ym \u015bwiecie \u2013 wi\u0119cej plon\u00f3w, mniejsze koszty","og_description":"Zarejestruj si\u0119 w Claydon Drill, aby uzyska\u0107 innowacyjne rozwi\u0105zania rolnicze, kt\u00f3re zwi\u0119kszaj\u0105 plony, obni\u017caj\u0105 koszty i poprawiaj\u0105 zdrowie gleby. Wi\u0119cej plon\u00f3w, mniejsze koszty \u2013 zacznij ju\u017c dzi\u015b!","og_url":"https:\/\/claydondrill.com\/pl\/nasi-klienci\/","og_site_name":"Claydon Drill Seed","article_modified_time":"2025-04-17T12:14:14+00:00","twitter_card":"summary_large_image","twitter_misc":{"Szacowany czas czytania":"1 minuta"},"schema":{"@context":"https:\/\/schema.org","@graph":[{"@type":"WebPage","@id":"https:\/\/claydondrill.com\/pl\/nasi-klienci\/","url":"https:\/\/claydondrill.com\/pl\/nasi-klienci\/","name":"Rozwi\u0105zania rolnicze Claydon Drill na ca\u0142ym \u015bwiecie \u2013 wi\u0119cej plon\u00f3w, mniejsze koszty","isPartOf":{"@id":"https:\/\/claydondrill.com\/pl\/#website"},"datePublished":"2023-07-10T08:51:47+00:00","dateModified":"2025-04-17T12:14:14+00:00","description":"Zarejestruj si\u0119 w Claydon Drill, aby uzyska\u0107 innowacyjne rozwi\u0105zania rolnicze, kt\u00f3re zwi\u0119kszaj\u0105 plony, obni\u017caj\u0105 koszty i poprawiaj\u0105 zdrowie gleby. Wi\u0119cej plon\u00f3w, mniejsze koszty \u2013 zacznij ju\u017c dzi\u015b!","breadcrumb":{"@id":"https:\/\/claydondrill.com\/pl\/nasi-klienci\/#breadcrumb"},"inLanguage":"pl-PL","potentialAction":[{"@type":"ReadAction","target":["https:\/\/claydondrill.com\/pl\/nasi-klienci\/"]}]},{"@type":"BreadcrumbList","@id":"https:\/\/claydondrill.com\/pl\/nasi-klienci\/#breadcrumb","itemListElement":[{"@type":"ListItem","position":1,"name":"Home","item":"https:\/\/claydondrill.com\/pl\/"},{"@type":"ListItem","position":2,"name":"NASI KLIENCI"}]},{"@type":"WebSite","@id":"https:\/\/claydondrill.com\/pl\/#website","url":"https:\/\/claydondrill.com\/pl\/","name":"Claydon Drill Seed","description":"","potentialAction":[{"@type":"SearchAction","target":{"@type":"EntryPoint","urlTemplate":"https:\/\/claydondrill.com\/pl\/?s={search_term_string}"},"query-input":{"@type":"PropertyValueSpecification","valueRequired":true,"valueName":"search_term_string"}}],"inLanguage":"pl-PL"}]}},"_links":{"self":[{"href":"https:\/\/claydondrill.com\/pl\/wp-json\/wp\/v2\/pages\/102094","targetHints":{"allow":["GET"]}}],"collection":[{"href":"https:\/\/claydondrill.com\/pl\/wp-json\/wp\/v2\/pages"}],"about":[{"href":"https:\/\/claydondrill.com\/pl\/wp-json\/wp\/v2\/types\/page"}],"author":[{"embeddable":true,"href":"https:\/\/claydondrill.com\/pl\/wp-json\/wp\/v2\/users\/1"}],"replies":[{"embeddable":true,"href":"https:\/\/claydondrill.com\/pl\/wp-json\/wp\/v2\/comments?post=102094"}],"version-history":[{"count":0,"href":"https:\/\/claydondrill.com\/pl\/wp-json\/wp\/v2\/pages\/102094\/revisions"}],"wp:attachment":[{"href":"https:\/\/claydondrill.com\/pl\/wp-json\/wp\/v2\/media?parent=102094"}],"curies":[{"name":"wp","href":"https:\/\/api.w.org\/{rel}","templated":true}]}}