{"id":100564,"date":"2022-09-13T10:27:42","date_gmt":"2022-09-13T10:27:42","guid":{"rendered":"https:\/\/claydondrill.com\/?page_id=100564"},"modified":"2022-09-13T10:27:42","modified_gmt":"2022-09-13T10:27:42","slug":"polityka-cookies","status":"publish","type":"page","link":"https:\/\/claydondrill.com\/pl\/polityka-cookies\/","title":{"rendered":"Polityka cookies"},"content":{"rendered":"<p>Poprzez dalsze odwiedzanie tej strony: claydondrill.com\/ oraz poniewa\u017c ustawienia Twojej przegl\u0105darki zezwalaj\u0105 na u\u017cywanie plik\u00f3w cookies, wyra\u017casz zgod\u0119 na u\u017cywanie plik\u00f3w cookies zgodnie z niniejsz\u0105 Polityk\u0105 Plik\u00f3w Cookies. Przy pierwszej wizycie na naszej stronie pojawi si\u0119 okienko z informacj\u0105 na ten temat. Podczas gdy pop-up zazwyczaj nie b\u0119dzie si\u0119 pojawia\u0142 przy kolejnych wizytach, mo\u017cesz wycofa\u0107 swoj\u0105 zgod\u0119 w dowolnym momencie, post\u0119puj\u0105c zgodnie z poni\u017cszymi instrukcjami.<\/p>\n<p>Zgoda<br \/>\nCzym s\u0105 pliki cookies?<br \/>\nCookies to pliki tekstowe zawieraj\u0105ce niewielkie ilo\u015bci informacji, kt\u00f3re s\u0105 pobierane na komputer lub urz\u0105dzenie u\u017cytkownika podczas odwiedzania strony internetowej. Pliki cookie s\u0105 nast\u0119pnie przesy\u0142ane z powrotem do domeny internetowej, z kt\u00f3rej pochodz\u0105, podczas kolejnych wizyt na tej domenie.<\/p>\n<p>Pliki cookie s\u0105 przydatne, poniewa\u017c pozwalaj\u0105 stronie internetowej rozpozna\u0107 urz\u0105dzenie u\u017cytkownika. Pliki cookie umo\u017cliwiaj\u0105 sprawne poruszanie si\u0119 mi\u0119dzy stronami, zapami\u0119tywanie preferencji i og\u00f3lnie poprawiaj\u0105 komfort u\u017cytkowania. Mog\u0105 one by\u0107 r\u00f3wnie\u017c wykorzystywane do dostosowywania reklam do zainteresowa\u0144 u\u017cytkownika poprzez \u015bledzenie jego przegl\u0105dania stron internetowych.<\/p>\n<p>Pliki cookie sesji s\u0105 usuwane automatycznie po zamkni\u0119ciu przegl\u0105darki, natomiast trwa\u0142e pliki cookie pozostaj\u0105 na urz\u0105dzeniu po zamkni\u0119ciu przegl\u0105darki (na przyk\u0142ad w celu zapami\u0119tania preferencji u\u017cytkownika przy ponownym odwiedzeniu witryny).<\/p>\n<p>Wy\u0142\u0105czenie plik\u00f3w cookie<br \/>\nPliki cookie mo\u017cna wy\u0142\u0105czy\u0107, post\u0119puj\u0105c zgodnie z instrukcjami dla przegl\u0105darki podanymi tutaj. Jednak\u017ce, niekt\u00f3re cz\u0119\u015bci naszej strony mog\u0105 utraci\u0107 funkcjonalno\u015b\u0107, je\u015bli pliki cookie zostan\u0105 wy\u0142\u0105czone. Na dzie\u0144 sporz\u0105dzenia niniejszego dokumentu podajemy nazwy samych plik\u00f3w cookie oraz ich \u017ar\u00f3d\u0142o, aby\u015b m\u00f3g\u0142 je \u0142atwo zidentyfikowa\u0107.<\/p>\n<p>Performance Cookies U\u017cywamy analitycznych plik\u00f3w cookie do analizowania sposobu korzystania z witryny Horizon Health oraz do monitorowania wydajno\u015bci witryny. Pozwala nam to na zapewnienie wysokiej jako\u015bci do\u015bwiadcze\u0144 poprzez dostosowanie naszej oferty do potrzeb klienta oraz szybkie identyfikowanie i rozwi\u0105zywanie wszelkich pojawiaj\u0105cych si\u0119 problem\u00f3w. Na przyk\u0142ad, mo\u017cemy u\u017cywa\u0107 plik\u00f3w cookie dotycz\u0105cych wydajno\u015bci, aby: okre\u015bli\u0107 liczb\u0119 unikalnych odwiedzin. Informacje zbierane przez te pliki cookie nie s\u0105 kojarzone z danymi osobowymi u\u017cytkownika przez nas lub przez naszych kontrahent\u00f3w.<\/p>\n<p>Pliki cookie zwi\u0105zane z funkcjonalno\u015bci\u0105 strony<br \/>\nKorzystamy z plik\u00f3w cookie, aby zapewni\u0107 Ci pewne funkcjonalno\u015bci. Na przyk\u0142ad, aby zapami\u0119ta\u0107 dokonane przez Ciebie wybory (takie jak nazwa u\u017cytkownika, j\u0119zyk lub region, w kt\u00f3rym przebywasz), lub aby rozpozna\u0107 platform\u0119, z kt\u00f3rej wchodzisz na stron\u0119, a tak\u017ce aby zapewni\u0107 ulepszone i bardziej spersonalizowane funkcje. Te pliki cookie nie s\u0105 wykorzystywane do \u015bledzenia przegl\u0105dania stron internetowych przez u\u017cytkownika<\/p>\n<p>Targetuj\u0105ce pliki cookie<br \/>\nTargetuj\u0105ce pliki cookie (lub reklamowe pliki cookie) gromadz\u0105 informacje o zwyczajach u\u017cytkownika podczas przegl\u0105dania stron internetowych i s\u0105 wykorzystywane do tego, aby reklamy by\u0142y lepiej dopasowane do u\u017cytkownika i jego zainteresowa\u0144. S\u0105 one wykorzystywane przez us\u0142ugi \u015bwiadczone przez strony trzecie, takie jak przyciski Lubi\u0119 to lub Udost\u0119pnij. Strony trzecie \u015bwiadcz\u0105 te us\u0142ugi w zamian za rozpoznanie, \u017ce odwiedzili Pa\u0144stwo nasz\u0105 stron\u0119 internetow\u0105. Podczas korzystania z przycisk\u00f3w, na przyk\u0142ad przycisk\u00f3w udost\u0119pniania LinkedIn lub Twittera, u\u017cytkownik zostanie przekierowany na stron\u0119 kontrolowan\u0105 przez te firmy, kt\u00f3re mog\u0105 umieszcza\u0107 pliki cookie (w tym pliki cookie do targetowania) i b\u0119dzie podlega\u0107 odpowiednio polityce plik\u00f3w cookie i prywatno\u015bci LinkedIn lub Twittera.<\/p>\n<p>Wykorzystanie adres\u00f3w IP i dziennik\u00f3w internetowych Mo\u017cemy r\u00f3wnie\u017c u\u017cy\u0107 adresu IP konsumenta i typu przegl\u0105darki, aby pom\u00f3c zdiagnozowa\u0107 problemy z naszym serwerem, administrowa\u0107 us\u0142ugami Horizon Health i poprawi\u0107 ich funkcjonalno\u015b\u0107. Adres IP to kod numeryczny, kt\u00f3ry identyfikuje komputer konsumenta w Internecie. Adres IP konsumenta mo\u017ce by\u0107 r\u00f3wnie\u017c wykorzystywany do gromadzenia szerokich informacji demograficznych. Mo\u017cemy wykona\u0107 wyszukiwanie IP, aby okre\u015bli\u0107, z jakiej domeny pochodzi konsument (np. google.com), aby dok\u0142adniej oceni\u0107 demografi\u0119 naszych u\u017cytkownik\u00f3w. Informacje pochodz\u0105ce z tego typu plik\u00f3w cookie i technologii nie s\u0105 \u0142\u0105czone z informacjami o konsumencie pochodz\u0105cymi z innych \u017ar\u00f3de\u0142 i nie umo\u017cliwiaj\u0105 identyfikacji konsumenta.<\/p>\n<p>Zmiany w polityce cookies Mo\u017cemy od czasu do czasu aktualizowa\u0107 ten dokument i zach\u0119camy do regularnego przegl\u0105dania go, aby by\u0107 na bie\u017c\u0105co z tym, w jaki spos\u00f3b wykorzystujemy pliki cookies. Niniejsza polityka cookies zosta\u0142a ostatnio zaktualizowana w dniu 23 maja 2020 r.<\/p>\n","protected":false},"excerpt":{"rendered":"<p>Poprzez dalsze odwiedzanie tej strony: claydondrill.com\/ oraz poniewa\u017c ustawienia Twojej przegl\u0105darki zezwalaj\u0105 na u\u017cywanie plik\u00f3w cookies, wyra\u017casz zgod\u0119 na u\u017cywanie<\/p>\n","protected":false},"author":1,"featured_media":0,"parent":0,"menu_order":0,"comment_status":"closed","ping_status":"closed","template":"","meta":{"inline_featured_image":false,"footnotes":""},"class_list":["post-100564","page","type-page","status-publish","hentry"],"yoast_head":"<!-- This site is optimized with the Yoast SEO plugin v27.1.1 - https:\/\/yoast.com\/product\/yoast-seo-wordpress\/ -->\n<title>Polityka cookies - Claydon Drill Seed<\/title>\n<meta name=\"robots\" content=\"index, follow, max-snippet:-1, max-image-preview:large, max-video-preview:-1\" \/>\n<link rel=\"canonical\" href=\"https:\/\/claydondrill.com\/pl\/polityka-cookies\/\" \/>\n<meta property=\"og:locale\" content=\"pl_PL\" \/>\n<meta property=\"og:type\" content=\"article\" \/>\n<meta property=\"og:title\" content=\"Polityka cookies - Claydon Drill Seed\" \/>\n<meta property=\"og:description\" content=\"Poprzez dalsze odwiedzanie tej strony: claydondrill.com\/ oraz poniewa\u017c ustawienia Twojej przegl\u0105darki zezwalaj\u0105 na u\u017cywanie plik\u00f3w cookies, wyra\u017casz zgod\u0119 na u\u017cywanie\" \/>\n<meta property=\"og:url\" content=\"https:\/\/claydondrill.com\/pl\/polityka-cookies\/\" \/>\n<meta property=\"og:site_name\" content=\"Claydon Drill Seed\" \/>\n<meta name=\"twitter:card\" content=\"summary_large_image\" \/>\n<script type=\"application\/ld+json\" class=\"yoast-schema-graph\">{\"@context\":\"https:\/\/schema.org\",\"@graph\":[{\"@type\":\"WebPage\",\"@id\":\"https:\/\/claydondrill.com\/pl\/polityka-cookies\/\",\"url\":\"https:\/\/claydondrill.com\/pl\/polityka-cookies\/\",\"name\":\"Polityka cookies - Claydon Drill Seed\",\"isPartOf\":{\"@id\":\"https:\/\/claydondrill.com\/pl\/#website\"},\"datePublished\":\"2022-09-13T10:27:42+00:00\",\"breadcrumb\":{\"@id\":\"https:\/\/claydondrill.com\/pl\/polityka-cookies\/#breadcrumb\"},\"inLanguage\":\"pl-PL\",\"potentialAction\":[{\"@type\":\"ReadAction\",\"target\":[\"https:\/\/claydondrill.com\/pl\/polityka-cookies\/\"]}]},{\"@type\":\"BreadcrumbList\",\"@id\":\"https:\/\/claydondrill.com\/pl\/polityka-cookies\/#breadcrumb\",\"itemListElement\":[{\"@type\":\"ListItem\",\"position\":1,\"name\":\"Home\",\"item\":\"https:\/\/claydondrill.com\/pl\/\"},{\"@type\":\"ListItem\",\"position\":2,\"name\":\"Polityka cookies\"}]},{\"@type\":\"WebSite\",\"@id\":\"https:\/\/claydondrill.com\/pl\/#website\",\"url\":\"https:\/\/claydondrill.com\/pl\/\",\"name\":\"Claydon Drill Seed\",\"description\":\"\",\"potentialAction\":[{\"@type\":\"SearchAction\",\"target\":{\"@type\":\"EntryPoint\",\"urlTemplate\":\"https:\/\/claydondrill.com\/pl\/?s={search_term_string}\"},\"query-input\":{\"@type\":\"PropertyValueSpecification\",\"valueRequired\":true,\"valueName\":\"search_term_string\"}}],\"inLanguage\":\"pl-PL\"}]}<\/script>\n<!-- \/ Yoast SEO plugin. -->","yoast_head_json":{"title":"Polityka cookies - Claydon Drill Seed","robots":{"index":"index","follow":"follow","max-snippet":"max-snippet:-1","max-image-preview":"max-image-preview:large","max-video-preview":"max-video-preview:-1"},"canonical":"https:\/\/claydondrill.com\/pl\/polityka-cookies\/","og_locale":"pl_PL","og_type":"article","og_title":"Polityka cookies - Claydon Drill Seed","og_description":"Poprzez dalsze odwiedzanie tej strony: claydondrill.com\/ oraz poniewa\u017c ustawienia Twojej przegl\u0105darki zezwalaj\u0105 na u\u017cywanie plik\u00f3w cookies, wyra\u017casz zgod\u0119 na u\u017cywanie","og_url":"https:\/\/claydondrill.com\/pl\/polityka-cookies\/","og_site_name":"Claydon Drill Seed","twitter_card":"summary_large_image","schema":{"@context":"https:\/\/schema.org","@graph":[{"@type":"WebPage","@id":"https:\/\/claydondrill.com\/pl\/polityka-cookies\/","url":"https:\/\/claydondrill.com\/pl\/polityka-cookies\/","name":"Polityka cookies - Claydon Drill Seed","isPartOf":{"@id":"https:\/\/claydondrill.com\/pl\/#website"},"datePublished":"2022-09-13T10:27:42+00:00","breadcrumb":{"@id":"https:\/\/claydondrill.com\/pl\/polityka-cookies\/#breadcrumb"},"inLanguage":"pl-PL","potentialAction":[{"@type":"ReadAction","target":["https:\/\/claydondrill.com\/pl\/polityka-cookies\/"]}]},{"@type":"BreadcrumbList","@id":"https:\/\/claydondrill.com\/pl\/polityka-cookies\/#breadcrumb","itemListElement":[{"@type":"ListItem","position":1,"name":"Home","item":"https:\/\/claydondrill.com\/pl\/"},{"@type":"ListItem","position":2,"name":"Polityka cookies"}]},{"@type":"WebSite","@id":"https:\/\/claydondrill.com\/pl\/#website","url":"https:\/\/claydondrill.com\/pl\/","name":"Claydon Drill Seed","description":"","potentialAction":[{"@type":"SearchAction","target":{"@type":"EntryPoint","urlTemplate":"https:\/\/claydondrill.com\/pl\/?s={search_term_string}"},"query-input":{"@type":"PropertyValueSpecification","valueRequired":true,"valueName":"search_term_string"}}],"inLanguage":"pl-PL"}]}},"_links":{"self":[{"href":"https:\/\/claydondrill.com\/pl\/wp-json\/wp\/v2\/pages\/100564","targetHints":{"allow":["GET"]}}],"collection":[{"href":"https:\/\/claydondrill.com\/pl\/wp-json\/wp\/v2\/pages"}],"about":[{"href":"https:\/\/claydondrill.com\/pl\/wp-json\/wp\/v2\/types\/page"}],"author":[{"embeddable":true,"href":"https:\/\/claydondrill.com\/pl\/wp-json\/wp\/v2\/users\/1"}],"replies":[{"embeddable":true,"href":"https:\/\/claydondrill.com\/pl\/wp-json\/wp\/v2\/comments?post=100564"}],"version-history":[{"count":0,"href":"https:\/\/claydondrill.com\/pl\/wp-json\/wp\/v2\/pages\/100564\/revisions"}],"wp:attachment":[{"href":"https:\/\/claydondrill.com\/pl\/wp-json\/wp\/v2\/media?parent=100564"}],"curies":[{"name":"wp","href":"https:\/\/api.w.org\/{rel}","templated":true}]}}