{"id":100560,"date":"2022-09-13T10:13:01","date_gmt":"2022-09-13T10:13:01","guid":{"rendered":"https:\/\/claydondrill.com\/?page_id=100560"},"modified":"2023-05-04T09:12:20","modified_gmt":"2023-05-04T09:12:20","slug":"polityka-prywatnosci","status":"publish","type":"page","link":"https:\/\/claydondrill.com\/pl\/polityka-prywatnosci\/","title":{"rendered":"POLITYKA PRYWATNO\u015aCI"},"content":{"rendered":"<p>Data wej\u015bcia w \u017cycie: 21 sierpnia 2019 Niniejsza strona informuje o naszych zasadach dotycz\u0105cych gromadzenia, wykorzystywania i ujawniania danych osobowych podczas korzystania z naszej Us\u0142ugi oraz o wyborach zwi\u0105zanych z tymi danymi.<\/p>\n<p>U\u017cywamy Twoich danych w celu \u015bwiadczenia i ulepszania Serwisu. Korzystaj\u0105c z Serwisu, u\u017cytkownik wyra\u017ca zgod\u0119 na gromadzenie i wykorzystywanie informacji zgodnie z niniejsz\u0105 polityk\u0105. O ile nie zdefiniowano inaczej w niniejszej Polityce Prywatno\u015bci, terminy u\u017cyte w niniejszej Polityce Prywatno\u015bci maj\u0105 takie samo znaczenie jak w naszym Regulaminie, dost\u0119pnym pod adresem <a href=\"https:\/\/www.claydondrill.com\">www.claydondrill.com<\/a><\/p>\n<h3>Definicje<\/h3>\n<ul>\n<li><strong>Serwis<\/strong> jest stron\u0105 internetow\u0105 www.claydondrill.com, www.claydondrill.de, www.claydon.de, www.claydon.fr, www.claydon.co.nz prowadzon\u0105 przez Claydon Yield-o-Meter Ltd<\/li>\n<li><strong>Dane osobowe<\/strong>\u00a0Dane osobowe oznaczaj\u0105 dane dotycz\u0105ce \u017cyj\u0105cej osoby fizycznej, kt\u00f3r\u0105 mo\u017cna zidentyfikowa\u0107 na podstawie tych danych (lub na podstawie tych i innych informacji b\u0119d\u0105cych w naszym posiadaniu lub mog\u0105cych by\u0107 w naszym posiadaniu).<\/li>\n<li><strong>Dane U\u017cytkowe<\/strong>\u00a0to dane zbierane automatycznie, generowane podczas korzystania z Serwisu lub z samej infrastruktury Serwisu (np. czas trwania wizyty na stronie).<\/li>\n<li><strong>Cookies<\/strong> to ma\u0142e fragmenty danych przechowywane na Pa\u0144stwa urz\u0105dzeniu (komputerze lub urz\u0105dzeniu mobilnym).<\/li>\n<li><strong>Administrator danych<\/strong> oznacza osob\u0119 fizyczn\u0105 lub prawn\u0105, kt\u00f3ra (samodzielnie lub wsp\u00f3lnie lub wsp\u00f3lnie z innymi osobami) okre\u015bla cele i spos\u00f3b przetwarzania danych osobowych. Dla cel\u00f3w niniejszej Polityki Prywatno\u015bci, jeste\u015bmy Administratorem Pa\u0144stwa Danych Osobowych.<\/li>\n<li>Podmiot<strong>przetwarzaj\u0105cy dane (lub dostawca us\u0142ug)<\/strong> oznacza ka\u017cd\u0105 osob\u0119 fizyczn\u0105 lub prawn\u0105, kt\u00f3ra przetwarza dane w imieniu administratora danych. W celu bardziej efektywnego przetwarzania Pa\u0144stwa danych mo\u017cemy korzysta\u0107 z us\u0142ug r\u00f3\u017cnych dostawc\u00f3w us\u0142ug.<\/li>\n<li><strong>Dane osoby, kt\u00f3rej dotycz\u0105 (lub U\u017cytkownik)<\/strong>\u00a0to ka\u017cda \u017cyj\u0105ca osoba fizyczna, kt\u00f3ra korzysta z naszych us\u0142ug i jest podmiotem Danych Osobowych.<\/li>\n<li><strong>DPA 2018 &#8211; to ustawa o ochronie danych osobowych z 2018, kt\u00f3ry jest brytyjsk\u0105 implementacj\u0105 GDPR.<\/strong><\/li>\n<\/ul>\n<h3>Gromadzenie i wykorzystywanie informacji<\/h3>\n<h3>Zbieramy kilka r\u00f3\u017cnych rodzaj\u00f3w informacji w r\u00f3\u017cnych celach, aby zapewni\u0107 i ulepszy\u0107 nasze us\u0142ugi dla Ciebie.<\/h3>\n<h3>Rodzaje gromadzonych danych<\/h3>\n<p><strong>Dane osobowe<\/strong><\/p>\n<p>Podczas korzystania z Serwisu mo\u017cemy poprosi\u0107 u\u017cytkownika o podanie pewnych danych osobowych, kt\u00f3re mog\u0105 zosta\u0107 wykorzystane do skontaktowania si\u0119 z nim lub zidentyfikowania go (&#8220;Dane osobowe&#8221;). Dane osobowe mog\u0105 obejmowa\u0107, ale nie ograniczaj\u0105 si\u0119 do:Adres e-mail<\/p>\n<ul>\n<li>Imi\u0119 i nazwisko<\/li>\n<li>Numer telefonu<\/li>\n<li>Adres, powiat, kod pocztowy, miasto, kraj<\/li>\n<li>Pliki cookie i dane u\u017cytkowe<\/li>\n<\/ul>\n<p><strong>Firma mo\u017ce wykorzystywa\u0107 dane osobowe u\u017cytkownik\u00f3w w celu wysy\u0142ania im biuletyn\u00f3w, materia\u0142\u00f3w marketingowych lub promocyjnych oraz innych informacji, kt\u00f3re mog\u0105 by\u0107 dla nich interesuj\u0105ce. U\u017cytkownik mo\u017ce zrezygnowa\u0107 z otrzymywania od nas jakiejkolwiek lub wszystkich takich wiadomo\u015bci, korzystaj\u0105c z linku lub instrukcji rezygnacji z subskrypcji podanych w ka\u017cdej wysy\u0142anej przez nas wiadomo\u015bci marketingowej.<\/strong><\/p>\n<p><strong><br \/>\nDane u\u017cytkowe<\/strong><\/p>\n<p>Mo\u017cemy r\u00f3wnie\u017c zbiera\u0107 informacje o sposobie dost\u0119pu do Us\u0142ugi i jej u\u017cytkowania (&#8220;Dane u\u017cytkowe&#8221;). Dane U\u017cytkowe mog\u0105 zawiera\u0107 takie informacje, jak adres protoko\u0142u internetowego komputera (np. adres IP), typ przegl\u0105darki, wersja przegl\u0105darki, odwiedzane strony Serwisu, godzina i data wizyty, czas sp\u0119dzony na tych stronach, unikalne identyfikatory urz\u0105dze\u0144 i inne dane diagnostyczne.<\/p>\n<p><strong><br \/>\nDane dotycz\u0105ce lokalizacji<\/strong><\/p>\n<p>Mo\u017cemy wykorzystywa\u0107 i przechowywa\u0107 informacje o lokalizacji u\u017cytkownika, je\u015bli u\u017cytkownik udzieli nam na to zgody (Dane o lokalizacji). U\u017cywamy tych danych, aby zapewni\u0107 funkcje naszego Serwisu aby poprawi\u0107 i dostosowa\u0107 nasz Serwis.<\/p>\n<p>U\u017cytkownik mo\u017ce w ka\u017cdej chwili w\u0142\u0105czy\u0107 lub wy\u0142\u0105czy\u0107 us\u0142ugi lokalizacji podczas korzystania z naszego Serwisu, korzystaj\u0105c z ustawie\u0144 swojego urz\u0105dzenia.<\/p>\n<p><strong><br \/>\nDane dotycz\u0105ce \u015bledzenia i plik\u00f3w cookie<\/strong><\/p>\n<p>U\u017cywamy plik\u00f3w cookie i podobnych technologii \u015bledzenia, aby \u015bledzi\u0107 aktywno\u015b\u0107 w naszej us\u0142udze i przechowywa\u0107 pewne informacje.<\/p>\n<p>Cookies to pliki zawieraj\u0105ce niewielk\u0105 ilo\u015b\u0107 danych, kt\u00f3re mog\u0105 zawiera\u0107 anonimowy, unikalny identyfikator. Pliki cookie s\u0105 wysy\u0142ane z witryny internetowej do przegl\u0105darki u\u017cytkownika i przechowywane na jego urz\u0105dzeniu. Technologie \u015bledzenia u\u017cywane s\u0105 r\u00f3wnie\u017c sygnalizatory, znaczniki i skrypty do zbierania i \u015bledzenia informacji oraz do ulepszania i analizowania naszych us\u0142ug.<\/p>\n<p>U\u017cytkownik mo\u017ce tak poinstruowa\u0107 przegl\u0105dark\u0119, aby odrzuca\u0142a wszystkie pliki cookie lub informowa\u0142a, kiedy plik cookie jest wysy\u0142any. Jednak\u017ce, brak wyra\u017cenia akceptacji plik\u00f3w cookie nie oznacza braku mo\u017cliwo\u015bci korzystania z Serwisu.<\/p>\n<p>Przyk\u0142ady plik\u00f3w cookie, kt\u00f3rych u\u017cywamy:<\/p>\n<p>Pliki cookie sesji.\u00a0Do obs\u0142ugi Serwisu u\u017cywamy plik\u00f3w cookie sesji.<br \/>\nPliki cookie dotycz\u0105ce preferencji.\u00a0U\u017cywamy plik\u00f3w cookie preferencji, aby zapami\u0119ta\u0107 preferencje i r\u00f3\u017cne ustawienia u\u017cytkownika.<br \/>\nCookies bezpiecze\u0144stwa.\u00a0W celach bezpiecze\u0144stwa korzystamy z Cookies bezpiecze\u0144stwa.<\/p>\n<p><strong><br \/>\nKorzystanie z Danych<\/strong><\/p>\n<p>Claydon Yield-o-Meter Ltd wykorzystuje zebrane dane do r\u00f3\u017cnych cel\u00f3w:<\/p>\n<ul>\n<li>Aby zapewni\u0107 i utrzyma\u0107 nasz Serwis<\/li>\n<li>Aby powiadomi\u0107 Ci\u0119 o zmianach w naszym Serwisie<\/li>\n<li>Aby umo\u017cliwi\u0107 Ci uczestnictwo w interaktywnych funkcjach naszego Serwisu, je\u015bli si\u0119 na to zdecydujesz<\/li>\n<li>Aby zapewni\u0107 obs\u0142ug\u0119 klienta<\/li>\n<li>Do zbierania analiz lub warto\u015bciowych informacji, aby\u015bmy mogli ulepszy\u0107 nasz Serwis<\/li>\n<li>Aby monitorowa\u0107 korzystanie z naszych us\u0142ug<\/li>\n<li>Aby wykrywa\u0107, zapobiega\u0107 i rozwi\u0105zywa\u0107 problemy techniczne<\/li>\n<li>Aby dostarczy\u0107 Ci wiadomo\u015bci, oferty specjalne i og\u00f3lne informacje o innych towarach, us\u0142ugach i wydarzeniach, kt\u00f3re oferujemy, a kt\u00f3re s\u0105 podobne do tych, kt\u00f3re ju\u017c zakupi\u0142e\u015b lub o kt\u00f3re pyta\u0142e\u015b, chyba \u017ce zrezygnowa\u0142e\u015b z otrzymywania takich informacji<\/li>\n<\/ul>\n<p>&nbsp;<\/p>\n<h3>Podstawa prawna przetwarzania danych osobowych zgodnie z og\u00f3lnym rozporz\u0105dzeniem o ochronie danych (GDPR)<\/h3>\n<p>Je\u015bli jeste\u015b z Europejskiego Obszaru Gospodarczego (EOG), podstawa prawna Claydon Yield-o-Meter Ltd do zbierania i wykorzystywania danych osobowych opisanych w niniejszej Polityce Prywatno\u015bci zale\u017cy od danych osobowych, kt\u00f3re zbieramy i konkretnego kontekstu, w kt\u00f3rym je zbieramy.<\/p>\n<p>Claydon Yield-o-Meter Ltd mo\u017ce przetwarza\u0107 Twoje Dane Osobowe, poniewa\u017c:<\/p>\n<p>Musimy wykona\u0107 zawart\u0105 z Tob\u0105 umow\u0119<br \/>\nUdzieli\u0142e\u015b nam na to zgody<br \/>\nPrzetwarzanie danych le\u017cy w naszym uzasadnionym interesie i nie jest nadrz\u0119dne wobec Twoich praw<br \/>\nDla cel\u00f3w przetwarzania p\u0142atno\u015bci<br \/>\nAby zachowa\u0107 zgodno\u015b\u0107 z prawem<\/p>\n<h3>Przechowywanie danych<\/h3>\n<p>Claydon Yield-o-Meter Ltd b\u0119dzie przechowywa\u0107 Pa\u0144stwa dane osobowe tylko tak d\u0142ugo, jak b\u0119dzie to konieczne do cel\u00f3w okre\u015blonych w niniejszej Polityce Prywatno\u015bci. Firma przechowuje i wykorzystuje Dane osobowe u\u017cytkownika w zakresie niezb\u0119dnym do wype\u0142nienia zobowi\u0105za\u0144 prawnych (na przyk\u0142ad, je\u015bli firma jest zobowi\u0105zana do przechowywania danych u\u017cytkownika w celu zapewnienia zgodno\u015bci z obowi\u0105zuj\u0105cym prawem), rozstrzygania spor\u00f3w i egzekwowania naszych um\u00f3w prawnych i zasad.<\/p>\n<p>Claydon Yield-o-Meter Ltd b\u0119dzie r\u00f3wnie\u017c przechowywa\u0107 Dane U\u017cytkowe dla wewn\u0119trznych cel\u00f3w analitycznych. Dane U\u017cytkownika s\u0105 zazwyczaj przechowywane przez kr\u00f3tszy okres czasu, z wyj\u0105tkiem sytuacji, gdy dane te s\u0105 wykorzystywane do wzmocnienia bezpiecze\u0144stwa lub poprawy funkcjonalno\u015bci naszego Serwisu, lub gdy jeste\u015bmy prawnie zobowi\u0105zani do przechowywania tych danych przez d\u0142u\u017cszy okres czasu.<\/p>\n<h3>Przekazywanie Danych<\/h3>\n<p>Informacje o u\u017cytkowniku, w tym Dane osobowe, mog\u0105 by\u0107 przekazywane i przechowywane na komputerach znajduj\u0105cych si\u0119 poza stanem, prowincj\u0105, krajem lub inn\u0105 jurysdykcj\u0105 rz\u0105dow\u0105, gdzie przepisy dotycz\u0105ce ochrony danych mog\u0105 r\u00f3\u017cni\u0107 si\u0119 od przepis\u00f3w obowi\u0105zuj\u0105cych w jurysdykcji u\u017cytkownika.<\/p>\n<p>Je\u015bli u\u017cytkownik znajduje si\u0119 poza Wielk\u0105 Brytani\u0105 i zdecyduje si\u0119 przekaza\u0107 nam informacje, nale\u017cy pami\u0119ta\u0107, \u017ce dane, w tym dane osobowe, s\u0105 przekazywane do Wielkiej Brytanii i tam przetwarzane.<\/p>\n<p>Twoja zgoda na niniejsz\u0105 Polityk\u0119 Prywatno\u015bci, a nast\u0119pnie przes\u0142anie takich informacji oznacza Twoj\u0105 zgod\u0119 na taki transfer.<\/p>\n<p>Claydon Yield-o-Meter Limited podejmie wszelkie uzasadnione kroki, aby zapewni\u0107, \u017ce Twoje dane s\u0105 traktowane bezpiecznie i zgodnie z niniejsz\u0105 Polityk\u0105 Prywatno\u015bci i \u017cadne przeniesienie Twoich danych osobowych nie b\u0119dzie mia\u0142o miejsca do organizacji lub kraju, chyba \u017ce istniej\u0105 odpowiednie kontrole, w tym bezpiecze\u0144stwo Twoich danych i innych informacji osobowych.<\/p>\n<h3>Ujawnianie danych<\/h3>\n<p><strong><br \/>\nUjawnianie informacji w celu egzekwowania prawa<\/strong><\/p>\n<p>W pewnych okoliczno\u015bciach, Claydon Yield-o-Meter Ltd mo\u017ce by\u0107 zobowi\u0105zany do ujawnienia danych osobowych, je\u015bli jest to wymagane przez prawo lub w odpowiedzi na wa\u017cne \u017c\u0105dania w\u0142adz publicznych (np. s\u0105d lub agencja rz\u0105dowa).<\/p>\n<p><strong><br \/>\nWymogi prawne<\/strong><\/p>\n<p>Claydon Yield-o-Meter Ltd mo\u017ce ujawni\u0107 Pa\u0144stwa dane osobowe w dobrej wierze, \u017ce takie dzia\u0142anie jest konieczne do:<\/p>\n<p>Aby spe\u0142ni\u0107 obowi\u0105zek prawny<br \/>\nAby chroni\u0107 i broni\u0107 praw lub w\u0142asno\u015bci Claydon Yield-o-Meter Ltd<br \/>\nAby zapobiec lub zbada\u0107 ewentualne wykroczenia w zwi\u0105zku z Serwisem<br \/>\nAby chroni\u0107 bezpiecze\u0144stwo osobiste u\u017cytkownik\u00f3w us\u0142ugi lub spo\u0142ecze\u0144stwa<br \/>\nAby chroni\u0107 przed odpowiedzialno\u015bci\u0105 prawn\u0105<\/p>\n<p><strong><br \/>\nBezpiecze\u0144stwo Danych<\/strong><\/p>\n<p>Bezpiecze\u0144stwo Twoich danych jest dla nas wa\u017cne, ale pami\u0119taj, \u017ce \u017cadna metoda transmisji przez Internet, ani \u017cadna metoda elektronicznego przechowywania danych nie jest w 100% bezpieczna. Chocia\u017c firma stara si\u0119 stosowa\u0107 komercyjnie akceptowalne \u015brodki ochrony danych osobowych u\u017cytkownik\u00f3w, nie mo\u017ce zagwarantowa\u0107 ich ca\u0142kowitego bezpiecze\u0144stwa.<\/p>\n<h3>Twoje prawa do ochrony danych zgodnie z og\u00f3lnym rozporz\u0105dzeniem o ochronie danych (GDPR)<\/h3>\n<p>Je\u015bli jeste\u015b mieszka\u0144cem Europejskiego Obszaru Gospodarczego (EOG), masz pewne prawa do ochrony swoich danych. Claydon Yield-o-Meter Ltd d\u0105\u017cy do podj\u0119cia uzasadnionych krok\u00f3w, aby umo\u017cliwi\u0107 Pa\u0144stwu poprawienie, zmian\u0119, usuni\u0119cie lub ograniczenie wykorzystania Pa\u0144stwa danych osobowych.<\/p>\n<p>Je\u015bli chcesz zosta\u0107 poinformowany, jakie dane osobowe przechowujemy na Tw\u00f3j temat i je\u015bli chcesz je usun\u0105\u0107 z naszych system\u00f3w, skontaktuj si\u0119 z nami.<\/p>\n<p>W pewnych okoliczno\u015bciach przys\u0142uguj\u0105 Pa\u0144stwu nast\u0119puj\u0105ce prawa do ochrony danych:<\/p>\n<ul>\n<li><strong>Prawo do dost\u0119pu, aktualizacji lub usuni\u0119cia informacji, kt\u00f3re posiadamy na Tw\u00f3j temat.<\/strong>\u00a0Gdy tylko jest to mo\u017cliwe, u\u017cytkownik mo\u017ce uzyska\u0107 dost\u0119p do swoich danych osobowych, zaktualizowa\u0107 je lub za\u017c\u0105da\u0107 ich usuni\u0119cia bezpo\u015brednio w sekcji ustawie\u0144 swojego konta. Je\u015bli nie s\u0105 Pa\u0144stwo w stanie wykona\u0107 tych czynno\u015bci samodzielnie, prosimy o kontakt z nami, aby\u015bmy mogli Pa\u0144stwu pom\u00f3c.<\/li>\n<li><strong>Prawo do sprostowania.<\/strong>\u00a0Masz prawo do sprostowania swoich informacji, je\u015bli s\u0105 one niedok\u0142adne lub niekompletne.<\/li>\n<li><strong>Prawo do sprzeciwu<\/strong>.\u00a0Maj\u0105 Pa\u0144stwo prawo sprzeciwi\u0107 si\u0119 przetwarzaniu przez nas Pa\u0144stwa danych osobowych.<\/li>\n<li><strong>Prawo do ogranicze\u0144<\/strong>.\u00a0Maj\u0105 Pa\u0144stwo prawo za\u017c\u0105da\u0107, aby\u015bmy ograniczyli przetwarzanie Pa\u0144stwa danych osobowych.<\/li>\n<li><strong>Prawo do przenoszenia danych.<\/strong>\u00a0Maj\u0105 Pa\u0144stwo prawo do otrzymania kopii informacji, kt\u00f3re posiadamy na Pa\u0144stwa temat w ustrukturyzowanym, nadaj\u0105cym si\u0119 do odczytu maszynowego i powszechnie u\u017cywanym formacie.<\/li>\n<li><strong>Prawo wycofania zgody<\/strong>.\u00a0Masz r\u00f3wnie\u017c prawo do wycofania swojej zgody w dowolnym momencie, gdy Claydon Yield-o-Meter Ltd polega\u0142 na Twojej zgodzie na przetwarzanie danych osobowych.<\/li>\n<\/ul>\n<p>Nale\u017cy pami\u0119ta\u0107, \u017ce przed udzieleniem odpowiedzi na takie zapytania mo\u017cemy poprosi\u0107 o zweryfikowanie to\u017csamo\u015bci u\u017cytkownika.<\/p>\n<p>U\u017cytkownik ma prawo do z\u0142o\u017cenia skargi do organu ochrony danych w zwi\u0105zku z gromadzeniem i wykorzystywaniem przez nas jego danych osobowych. Aby uzyska\u0107 wi\u0119cej informacji, nale\u017cy skontaktowa\u0107 si\u0119 z lokalnym organem ochrony danych w Europejskim Obszarze Gospodarczym (EOG).<\/p>\n<h3>Us\u0142ugodawcy<\/h3>\n<p>Mo\u017cemy zatrudnia\u0107 firmy i osoby trzecie w celu u\u0142atwienia korzystania z naszego Serwisu (\u201eDostawcy Us\u0142ug&#8221;), \u015bwiadczenia Us\u0142ugi w naszym imieniu, wykonywania us\u0142ug zwi\u0105zanych z Serwisem lub pomagania nam w analizowaniu sposobu korzystania z naszego Serwisu.<\/p>\n<p>Te strony trzecie maj\u0105 dost\u0119p do danych osobowych u\u017cytkownika wy\u0142\u0105cznie w celu wykonywania tych zada\u0144 w naszym imieniu i s\u0105 zobowi\u0105zane do nieujawniania ani niewykorzystywania ich w \u017cadnym innym celu.<\/p>\n<h3>Analytika<\/h3>\n<p>Mo\u017cemy korzysta\u0107 z us\u0142ug zewn\u0119trznych dostawc\u00f3w us\u0142ug w celu monitorowania i analizowania korzystania z naszego Serwisu.<\/p>\n<ul>\n<li><strong>Google Analytics<\/strong>\u00a0Google Analytics to us\u0142uga analityki internetowej oferowana przez Google, kt\u00f3ra \u015bledzi i raportuje ruch na stronie internetowej. Google wykorzystuje zebrane dane do \u015bledzenia i monitorowania korzystania z naszej us\u0142ugi. Dane te s\u0105 udost\u0119pniane innym us\u0142ugom Google. Google mo\u017ce wykorzysta\u0107 zebrane dane do kontekstowego i spersonalizowanego dopasowania reklam w\u0142asnej sieci reklamowej. U\u017cytkownik mo\u017ce zrezygnowa\u0107 z udost\u0119pniania Google Analytics swojej aktywno\u015bci w Us\u0142udze, instaluj\u0105c dodatek do przegl\u0105darki Google Analytics opt-out. Dodatek uniemo\u017cliwia skryptom JavaScript Google Analytics (ga.js, analytics.js i dc.js) udost\u0119pnianie Google Analytics informacji o aktywno\u015bci odwiedzin. Wi\u0119cej informacji na temat praktyk Google w zakresie ochrony prywatno\u015bci mo\u017cna znale\u017a\u0107 na stronie internetowej Google Privacy &amp; Terms: http:\/\/www.google.com\/intl\/en\/policies\/privacy\/<\/li>\n<\/ul>\n<h3>Remarketing behawioralny<\/h3>\n<p>Claydon Yield-o-Meter Ltd nie korzysta z us\u0142ug remarketingu, aby reklamowa\u0107 si\u0119 na stronach internetowych os\u00f3b trzecich po odwiedzeniu naszego Serwisu.<\/p>\n<h3>Linki do innych stron internetowych<\/h3>\n<p>Nasz Serwis mo\u017ce zawiera\u0107 linki do innych stron, kt\u00f3re nie s\u0105 przez nas obs\u0142ugiwane. Je\u015bli klikniesz na link strony trzeciej, zostaniesz przekierowany na dan\u0105 stron\u0119. Zalecamy zapoznanie si\u0119 z polityk\u0105 prywatno\u015bci ka\u017cdej odwiedzanej strony.\u00a0 Nie mamy kontroli i nie ponosimy odpowiedzialno\u015bci za tre\u015b\u0107, polityk\u0119 prywatno\u015bci lub praktyki stosowane przez strony trzecie lub us\u0142ugi.<\/p>\n<h3>Prywatno\u015b\u0107 Dzieci<\/h3>\n<p>Nasz Serwis nie jest skierowany do os\u00f3b poni\u017cej 18 roku \u017cycia (&#8220;Dzieci&#8221;).<\/p>\n<p>Nie zbieramy \u015bwiadomie informacji umo\u017cliwiaj\u0105cych identyfikacj\u0119 os\u00f3b poni\u017cej 18 roku \u017cycia. Je\u015bli jeste\u015b rodzicem lub opiekunem i wiesz, \u017ce Twoje dziecko dostarczy\u0142o nam dane osobowe, skontaktuj si\u0119 z nami. W przypadku uzyskania informacji o zebraniu danych osobowych od dzieci bez weryfikacji zgody rodzic\u00f3w, firma podejmuje kroki w celu usuni\u0119cia tych informacji z serwer\u00f3w.<\/p>\n<h3>Zmiany w niniejszej Polityce Prywatno\u015bci<\/h3>\n<p>Mo\u017cemy od czasu do czasu aktualizowa\u0107 nasz\u0105 Polityk\u0119 Prywatno\u015bci. Powiadomimy Ci\u0119 o wszelkich zmianach, publikuj\u0105c now\u0105 Polityk\u0119 Prywatno\u015bci na tej stronie.<\/p>\n<p>Zaleca si\u0119 okresowe przegl\u0105danie niniejszej Polityki Prywatno\u015bci w celu zapoznania si\u0119 z wszelkimi zmianami. Zmiany w niniejszej Polityce Prywatno\u015bci obowi\u0105zuj\u0105 od momentu opublikowania ich na tej stronie.<\/p>\n<h3>Skontaktuj si\u0119 z nami<\/h3>\n<p>W razie jakichkolwiek pyta\u0144 dotycz\u0105cych niniejszej Polityki Prywatno\u015bci, prosimy o kontakt z Administratorem Danych Osobowych za pomoc\u0105 nast\u0119puj\u0105cych danych kontaktowych:-<\/p>\n<p>Drog\u0105 elektroniczn\u0105: info@claydondrill.com z tematem &#8220;Polityka prywatno\u015bci&#8221; Drog\u0105 telefoniczn\u0105: +44 (0)1440 820327<br \/>\nPoczt\u0105: \u00a0Claydon Yield-o-Meter Limited, Bunters Road, Wickhambrook, Newmarket, Suffolk, CB8 8XY UK<\/p>\n<p>&nbsp;<\/p>\n","protected":false},"excerpt":{"rendered":"<p>Data wej\u015bcia w \u017cycie: 21 sierpnia 2019 Niniejsza strona informuje o naszych zasadach dotycz\u0105cych gromadzenia, wykorzystywania i ujawniania danych osobowych<\/p>\n","protected":false},"author":1,"featured_media":0,"parent":0,"menu_order":27,"comment_status":"closed","ping_status":"closed","template":"","meta":{"inline_featured_image":false,"footnotes":""},"class_list":["post-100560","page","type-page","status-publish","hentry"],"yoast_head":"<!-- This site is optimized with the Yoast SEO plugin v27.1.1 - https:\/\/yoast.com\/product\/yoast-seo-wordpress\/ -->\n<title>POLITYKA PRYWATNO\u015aCI - Claydon Drill Seed<\/title>\n<meta name=\"robots\" content=\"index, follow, max-snippet:-1, max-image-preview:large, max-video-preview:-1\" \/>\n<link rel=\"canonical\" href=\"https:\/\/claydondrill.com\/pl\/polityka-prywatnosci\/\" \/>\n<meta property=\"og:locale\" content=\"pl_PL\" \/>\n<meta property=\"og:type\" content=\"article\" \/>\n<meta property=\"og:title\" content=\"POLITYKA PRYWATNO\u015aCI - Claydon Drill Seed\" \/>\n<meta property=\"og:description\" content=\"Data wej\u015bcia w \u017cycie: 21 sierpnia 2019 Niniejsza strona informuje o naszych zasadach dotycz\u0105cych gromadzenia, wykorzystywania i ujawniania danych osobowych\" \/>\n<meta property=\"og:url\" content=\"https:\/\/claydondrill.com\/pl\/polityka-prywatnosci\/\" \/>\n<meta property=\"og:site_name\" content=\"Claydon Drill Seed\" \/>\n<meta property=\"article:modified_time\" content=\"2023-05-04T09:12:20+00:00\" \/>\n<meta name=\"twitter:card\" content=\"summary_large_image\" \/>\n<meta name=\"twitter:label1\" content=\"Szacowany czas czytania\" \/>\n\t<meta name=\"twitter:data1\" content=\"9 minut\" \/>\n<script type=\"application\/ld+json\" class=\"yoast-schema-graph\">{\"@context\":\"https:\/\/schema.org\",\"@graph\":[{\"@type\":\"WebPage\",\"@id\":\"https:\/\/claydondrill.com\/pl\/polityka-prywatnosci\/\",\"url\":\"https:\/\/claydondrill.com\/pl\/polityka-prywatnosci\/\",\"name\":\"POLITYKA PRYWATNO\u015aCI - Claydon Drill Seed\",\"isPartOf\":{\"@id\":\"https:\/\/claydondrill.com\/pl\/#website\"},\"datePublished\":\"2022-09-13T10:13:01+00:00\",\"dateModified\":\"2023-05-04T09:12:20+00:00\",\"breadcrumb\":{\"@id\":\"https:\/\/claydondrill.com\/pl\/polityka-prywatnosci\/#breadcrumb\"},\"inLanguage\":\"pl-PL\",\"potentialAction\":[{\"@type\":\"ReadAction\",\"target\":[\"https:\/\/claydondrill.com\/pl\/polityka-prywatnosci\/\"]}]},{\"@type\":\"BreadcrumbList\",\"@id\":\"https:\/\/claydondrill.com\/pl\/polityka-prywatnosci\/#breadcrumb\",\"itemListElement\":[{\"@type\":\"ListItem\",\"position\":1,\"name\":\"Home\",\"item\":\"https:\/\/claydondrill.com\/pl\/\"},{\"@type\":\"ListItem\",\"position\":2,\"name\":\"POLITYKA PRYWATNO\u015aCI\"}]},{\"@type\":\"WebSite\",\"@id\":\"https:\/\/claydondrill.com\/pl\/#website\",\"url\":\"https:\/\/claydondrill.com\/pl\/\",\"name\":\"Claydon Drill Seed\",\"description\":\"\",\"potentialAction\":[{\"@type\":\"SearchAction\",\"target\":{\"@type\":\"EntryPoint\",\"urlTemplate\":\"https:\/\/claydondrill.com\/pl\/?s={search_term_string}\"},\"query-input\":{\"@type\":\"PropertyValueSpecification\",\"valueRequired\":true,\"valueName\":\"search_term_string\"}}],\"inLanguage\":\"pl-PL\"}]}<\/script>\n<!-- \/ Yoast SEO plugin. -->","yoast_head_json":{"title":"POLITYKA PRYWATNO\u015aCI - Claydon Drill Seed","robots":{"index":"index","follow":"follow","max-snippet":"max-snippet:-1","max-image-preview":"max-image-preview:large","max-video-preview":"max-video-preview:-1"},"canonical":"https:\/\/claydondrill.com\/pl\/polityka-prywatnosci\/","og_locale":"pl_PL","og_type":"article","og_title":"POLITYKA PRYWATNO\u015aCI - Claydon Drill Seed","og_description":"Data wej\u015bcia w \u017cycie: 21 sierpnia 2019 Niniejsza strona informuje o naszych zasadach dotycz\u0105cych gromadzenia, wykorzystywania i ujawniania danych osobowych","og_url":"https:\/\/claydondrill.com\/pl\/polityka-prywatnosci\/","og_site_name":"Claydon Drill Seed","article_modified_time":"2023-05-04T09:12:20+00:00","twitter_card":"summary_large_image","twitter_misc":{"Szacowany czas czytania":"9 minut"},"schema":{"@context":"https:\/\/schema.org","@graph":[{"@type":"WebPage","@id":"https:\/\/claydondrill.com\/pl\/polityka-prywatnosci\/","url":"https:\/\/claydondrill.com\/pl\/polityka-prywatnosci\/","name":"POLITYKA PRYWATNO\u015aCI - Claydon Drill Seed","isPartOf":{"@id":"https:\/\/claydondrill.com\/pl\/#website"},"datePublished":"2022-09-13T10:13:01+00:00","dateModified":"2023-05-04T09:12:20+00:00","breadcrumb":{"@id":"https:\/\/claydondrill.com\/pl\/polityka-prywatnosci\/#breadcrumb"},"inLanguage":"pl-PL","potentialAction":[{"@type":"ReadAction","target":["https:\/\/claydondrill.com\/pl\/polityka-prywatnosci\/"]}]},{"@type":"BreadcrumbList","@id":"https:\/\/claydondrill.com\/pl\/polityka-prywatnosci\/#breadcrumb","itemListElement":[{"@type":"ListItem","position":1,"name":"Home","item":"https:\/\/claydondrill.com\/pl\/"},{"@type":"ListItem","position":2,"name":"POLITYKA PRYWATNO\u015aCI"}]},{"@type":"WebSite","@id":"https:\/\/claydondrill.com\/pl\/#website","url":"https:\/\/claydondrill.com\/pl\/","name":"Claydon Drill Seed","description":"","potentialAction":[{"@type":"SearchAction","target":{"@type":"EntryPoint","urlTemplate":"https:\/\/claydondrill.com\/pl\/?s={search_term_string}"},"query-input":{"@type":"PropertyValueSpecification","valueRequired":true,"valueName":"search_term_string"}}],"inLanguage":"pl-PL"}]}},"_links":{"self":[{"href":"https:\/\/claydondrill.com\/pl\/wp-json\/wp\/v2\/pages\/100560","targetHints":{"allow":["GET"]}}],"collection":[{"href":"https:\/\/claydondrill.com\/pl\/wp-json\/wp\/v2\/pages"}],"about":[{"href":"https:\/\/claydondrill.com\/pl\/wp-json\/wp\/v2\/types\/page"}],"author":[{"embeddable":true,"href":"https:\/\/claydondrill.com\/pl\/wp-json\/wp\/v2\/users\/1"}],"replies":[{"embeddable":true,"href":"https:\/\/claydondrill.com\/pl\/wp-json\/wp\/v2\/comments?post=100560"}],"version-history":[{"count":0,"href":"https:\/\/claydondrill.com\/pl\/wp-json\/wp\/v2\/pages\/100560\/revisions"}],"wp:attachment":[{"href":"https:\/\/claydondrill.com\/pl\/wp-json\/wp\/v2\/media?parent=100560"}],"curies":[{"name":"wp","href":"https:\/\/api.w.org\/{rel}","templated":true}]}}