{"id":100148,"date":"2022-08-05T15:05:56","date_gmt":"2022-08-05T15:05:56","guid":{"rendered":"https:\/\/claydondrill.com\/?page_id=100148"},"modified":"2024-01-18T14:57:21","modified_gmt":"2024-01-18T14:57:21","slug":"wydarzenia-kalendarz","status":"publish","type":"page","link":"https:\/\/claydondrill.com\/pl\/wydarzenia-kalendarz\/","title":{"rendered":"WYDARZENIA KALENDARZ"},"content":{"rendered":"<div class=\"wpb-content-wrapper\"><p>[vc_row full_width=&#8221;stretch_row&#8221; css=&#8221;.vc_custom_1593977419878{margin-bottom: 0px !important;padding-top: 0px !important;padding-bottom: 0px !important;}&#8221; el_class=&#8221;skin-header07 team_top evnt_top&#8221;][vc_column width=&#8221;1\/2&#8243; css=&#8221;.vc_custom_1460369408603{padding-top: 0px !important;padding-bottom: 0px !important;}&#8221;][vc_custom_heading text=&#8221;WYDARZENIA KALENDARZ 2024&#8243; font_container=&#8221;tag:h2|text_align:left|color:%23111111&#8243; use_theme_fonts=&#8221;yes&#8221; el_class=&#8221;style4&#8243;][\/vc_column][vc_column width=&#8221;1\/2&#8243; css=&#8221;.vc_custom_1593976087468{padding-top: 0px !important;padding-bottom: 0px !important;}&#8221;][vc_images_carousel images=&#8221;102785,102790,102795,102805,75503,75499,75498,75497,75494&#8243; img_size=&#8221;full&#8221; onclick=&#8221;link_no&#8221; wrap=&#8221;yes&#8221;][\/vc_column][\/vc_row][vc_row el_class=&#8221;table_sec&#8221;][vc_column][vc_column_text]\n<table id=\"tablepress-5\" class=\"tablepress tablepress-id-5\">\n<thead>\n<tr class=\"row-1\">\n\t<th class=\"column-1\">\t\t\t<h2><strong>Data<\/strong><\/h2><br \/>\n\t\t\t<\/th><th class=\"column-2\">\t\t\t<h2><strong>Wydarzenie<\/strong><\/h2><br \/>\n\t\t\t<\/th><th class=\"column-3\">\t\t\t<h2><strong>Stoiska<\/strong><\/h2><br \/>\n\t\t\t<\/th><th class=\"column-4\">\t\t\t<h2><strong>Lokalizacja<\/strong><\/h2><br \/>\n\t\t\t<\/th><th class=\"column-5\">\t\t\t<h2><strong>Kraj<\/strong><\/h2><br \/>\n\t\t\t<\/th>\n<\/tr>\n<\/thead>\n<tbody class=\"row-striping row-hover\">\n<tr class=\"row-2\">\n\t<td class=\"column-1\">8-10 Marsz 2024<\/td><td class=\"column-2\"><a href=\"https:\/\/www.targikielce.pl\/agrotech\/\">AgroTech<\/a><\/td><td class=\"column-3\"><a href=\"https:\/\/fricke.pl\/\">Fricke stoisko<\/a><\/td><td class=\"column-4\">Targi Kielce S.A.<br \/>\nSt. Zak\u0142adowa 1<br \/>\n25-672 Kielce<\/td><td class=\"column-5\">Poland<\/td>\n<\/tr>\n<tr class=\"row-3\">\n\t<td class=\"column-1\">29 Maja 2024<\/td><td class=\"column-2\">FRICKE Pas\u0142\u0119k Open Day<\/td><td class=\"column-3\"><a href=\"https:\/\/fricke.pl\/kontakt\/\">Fricke Paslek<\/a><\/td><td class=\"column-4\">FRICKE Maszyny Rolnicze, Nowa Wie\u015b 1B, 14-400 Pas\u0142\u0119k<\/td><td class=\"column-5\">Poland<\/td>\n<\/tr>\n<tr class=\"row-4\">\n\t<td class=\"column-1\">19-22 Wrzesie\u0144 2024<\/td><td class=\"column-2\"><a href=\"https:\/\/www.agroshow.pl\/agroshow\/\">AgroShow<\/a><\/td><td class=\"column-3\"><a href=\"https:\/\/fricke.pl\/\">Fricke Stoisko<\/a><\/td><td class=\"column-4\">Teren lotniska w Bednarach<br \/>\n62-010 Pobiedziska<\/td><td class=\"column-5\">Poland<\/td>\n<\/tr>\n<\/tbody>\n<\/table>\n<!-- #tablepress-5 from cache -->[\/vc_column_text][\/vc_column][\/vc_row]<\/p>\n<\/div>","protected":false},"excerpt":{"rendered":"<p>[vc_row full_width=&#8221;stretch_row&#8221; css=&#8221;.vc_custom_1593977419878{margin-bottom: 0px !important;padding-top: 0px !important;padding-bottom: 0px !important;}&#8221; el_class=&#8221;skin-header07 team_top evnt_top&#8221;][vc_column width=&#8221;1\/2&#8243; css=&#8221;.vc_custom_1460369408603{padding-top: 0px !important;padding-bottom: 0px !important;}&#8221;][vc_custom_heading text=&#8221;WYDARZENIA KALENDARZ<\/p>\n","protected":false},"author":1,"featured_media":95288,"parent":0,"menu_order":18,"comment_status":"closed","ping_status":"closed","template":"","meta":{"inline_featured_image":false,"footnotes":""},"class_list":["post-100148","page","type-page","status-publish","has-post-thumbnail","hentry"],"yoast_head":"<!-- This site is optimized with the Yoast SEO plugin v27.1.1 - https:\/\/yoast.com\/product\/yoast-seo-wordpress\/ -->\n<title>WYDARZENIA KALENDARZ - Claydon Drill Seed<\/title>\n<meta name=\"robots\" content=\"index, follow, max-snippet:-1, max-image-preview:large, max-video-preview:-1\" \/>\n<link rel=\"canonical\" href=\"https:\/\/claydondrill.com\/pl\/wydarzenia-kalendarz\/\" \/>\n<meta property=\"og:locale\" content=\"pl_PL\" \/>\n<meta property=\"og:type\" content=\"article\" \/>\n<meta property=\"og:title\" content=\"WYDARZENIA KALENDARZ - Claydon Drill Seed\" \/>\n<meta property=\"og:description\" content=\"[vc_row full_width=&#8221;stretch_row&#8221; css=&#8221;.vc_custom_1593977419878{margin-bottom: 0px !important;padding-top: 0px !important;padding-bottom: 0px !important;}&#8221; el_class=&#8221;skin-header07 team_top evnt_top&#8221;][vc_column width=&#8221;1\/2&#8243; css=&#8221;.vc_custom_1460369408603{padding-top: 0px !important;padding-bottom: 0px !important;}&#8221;][vc_custom_heading text=&#8221;WYDARZENIA KALENDARZ\" \/>\n<meta property=\"og:url\" content=\"https:\/\/claydondrill.com\/pl\/wydarzenia-kalendarz\/\" \/>\n<meta property=\"og:site_name\" content=\"Claydon Drill Seed\" \/>\n<meta property=\"article:modified_time\" content=\"2024-01-18T14:57:21+00:00\" \/>\n<meta property=\"og:image\" content=\"https:\/\/claydondrill.com\/wp-content\/uploads\/2020\/04\/Sapsed-13-April-2020-TerraBlade-follow-up-1.jpg\" \/>\n\t<meta property=\"og:image:width\" content=\"1024\" \/>\n\t<meta property=\"og:image:height\" content=\"768\" \/>\n\t<meta property=\"og:image:type\" content=\"image\/jpeg\" \/>\n<meta name=\"twitter:card\" content=\"summary_large_image\" \/>\n<meta name=\"twitter:label1\" content=\"Szacowany czas czytania\" \/>\n\t<meta name=\"twitter:data1\" content=\"1 minuta\" \/>\n<script type=\"application\/ld+json\" class=\"yoast-schema-graph\">{\"@context\":\"https:\/\/schema.org\",\"@graph\":[{\"@type\":\"WebPage\",\"@id\":\"https:\/\/claydondrill.com\/pl\/wydarzenia-kalendarz\/\",\"url\":\"https:\/\/claydondrill.com\/pl\/wydarzenia-kalendarz\/\",\"name\":\"WYDARZENIA KALENDARZ - Claydon Drill Seed\",\"isPartOf\":{\"@id\":\"https:\/\/claydondrill.com\/pl\/#website\"},\"primaryImageOfPage\":{\"@id\":\"https:\/\/claydondrill.com\/pl\/wydarzenia-kalendarz\/#primaryimage\"},\"image\":{\"@id\":\"https:\/\/claydondrill.com\/pl\/wydarzenia-kalendarz\/#primaryimage\"},\"thumbnailUrl\":\"https:\/\/claydondrill.com\/wp-content\/uploads\/2020\/04\/Sapsed-13-April-2020-TerraBlade-follow-up-1.jpg\",\"datePublished\":\"2022-08-05T15:05:56+00:00\",\"dateModified\":\"2024-01-18T14:57:21+00:00\",\"breadcrumb\":{\"@id\":\"https:\/\/claydondrill.com\/pl\/wydarzenia-kalendarz\/#breadcrumb\"},\"inLanguage\":\"pl-PL\",\"potentialAction\":[{\"@type\":\"ReadAction\",\"target\":[\"https:\/\/claydondrill.com\/pl\/wydarzenia-kalendarz\/\"]}]},{\"@type\":\"ImageObject\",\"inLanguage\":\"pl-PL\",\"@id\":\"https:\/\/claydondrill.com\/pl\/wydarzenia-kalendarz\/#primaryimage\",\"url\":\"https:\/\/claydondrill.com\/wp-content\/uploads\/2020\/04\/Sapsed-13-April-2020-TerraBlade-follow-up-1.jpg\",\"contentUrl\":\"https:\/\/claydondrill.com\/wp-content\/uploads\/2020\/04\/Sapsed-13-April-2020-TerraBlade-follow-up-1.jpg\",\"width\":1024,\"height\":768},{\"@type\":\"BreadcrumbList\",\"@id\":\"https:\/\/claydondrill.com\/pl\/wydarzenia-kalendarz\/#breadcrumb\",\"itemListElement\":[{\"@type\":\"ListItem\",\"position\":1,\"name\":\"Home\",\"item\":\"https:\/\/claydondrill.com\/pl\/\"},{\"@type\":\"ListItem\",\"position\":2,\"name\":\"WYDARZENIA KALENDARZ\"}]},{\"@type\":\"WebSite\",\"@id\":\"https:\/\/claydondrill.com\/pl\/#website\",\"url\":\"https:\/\/claydondrill.com\/pl\/\",\"name\":\"Claydon Drill Seed\",\"description\":\"\",\"potentialAction\":[{\"@type\":\"SearchAction\",\"target\":{\"@type\":\"EntryPoint\",\"urlTemplate\":\"https:\/\/claydondrill.com\/pl\/?s={search_term_string}\"},\"query-input\":{\"@type\":\"PropertyValueSpecification\",\"valueRequired\":true,\"valueName\":\"search_term_string\"}}],\"inLanguage\":\"pl-PL\"}]}<\/script>\n<!-- \/ Yoast SEO plugin. -->","yoast_head_json":{"title":"WYDARZENIA KALENDARZ - Claydon Drill Seed","robots":{"index":"index","follow":"follow","max-snippet":"max-snippet:-1","max-image-preview":"max-image-preview:large","max-video-preview":"max-video-preview:-1"},"canonical":"https:\/\/claydondrill.com\/pl\/wydarzenia-kalendarz\/","og_locale":"pl_PL","og_type":"article","og_title":"WYDARZENIA KALENDARZ - Claydon Drill Seed","og_description":"[vc_row full_width=&#8221;stretch_row&#8221; css=&#8221;.vc_custom_1593977419878{margin-bottom: 0px !important;padding-top: 0px !important;padding-bottom: 0px !important;}&#8221; el_class=&#8221;skin-header07 team_top evnt_top&#8221;][vc_column width=&#8221;1\/2&#8243; css=&#8221;.vc_custom_1460369408603{padding-top: 0px !important;padding-bottom: 0px !important;}&#8221;][vc_custom_heading text=&#8221;WYDARZENIA KALENDARZ","og_url":"https:\/\/claydondrill.com\/pl\/wydarzenia-kalendarz\/","og_site_name":"Claydon Drill Seed","article_modified_time":"2024-01-18T14:57:21+00:00","og_image":[{"width":1024,"height":768,"url":"https:\/\/claydondrill.com\/wp-content\/uploads\/2020\/04\/Sapsed-13-April-2020-TerraBlade-follow-up-1.jpg","type":"image\/jpeg"}],"twitter_card":"summary_large_image","twitter_misc":{"Szacowany czas czytania":"1 minuta"},"schema":{"@context":"https:\/\/schema.org","@graph":[{"@type":"WebPage","@id":"https:\/\/claydondrill.com\/pl\/wydarzenia-kalendarz\/","url":"https:\/\/claydondrill.com\/pl\/wydarzenia-kalendarz\/","name":"WYDARZENIA KALENDARZ - Claydon Drill Seed","isPartOf":{"@id":"https:\/\/claydondrill.com\/pl\/#website"},"primaryImageOfPage":{"@id":"https:\/\/claydondrill.com\/pl\/wydarzenia-kalendarz\/#primaryimage"},"image":{"@id":"https:\/\/claydondrill.com\/pl\/wydarzenia-kalendarz\/#primaryimage"},"thumbnailUrl":"https:\/\/claydondrill.com\/wp-content\/uploads\/2020\/04\/Sapsed-13-April-2020-TerraBlade-follow-up-1.jpg","datePublished":"2022-08-05T15:05:56+00:00","dateModified":"2024-01-18T14:57:21+00:00","breadcrumb":{"@id":"https:\/\/claydondrill.com\/pl\/wydarzenia-kalendarz\/#breadcrumb"},"inLanguage":"pl-PL","potentialAction":[{"@type":"ReadAction","target":["https:\/\/claydondrill.com\/pl\/wydarzenia-kalendarz\/"]}]},{"@type":"ImageObject","inLanguage":"pl-PL","@id":"https:\/\/claydondrill.com\/pl\/wydarzenia-kalendarz\/#primaryimage","url":"https:\/\/claydondrill.com\/wp-content\/uploads\/2020\/04\/Sapsed-13-April-2020-TerraBlade-follow-up-1.jpg","contentUrl":"https:\/\/claydondrill.com\/wp-content\/uploads\/2020\/04\/Sapsed-13-April-2020-TerraBlade-follow-up-1.jpg","width":1024,"height":768},{"@type":"BreadcrumbList","@id":"https:\/\/claydondrill.com\/pl\/wydarzenia-kalendarz\/#breadcrumb","itemListElement":[{"@type":"ListItem","position":1,"name":"Home","item":"https:\/\/claydondrill.com\/pl\/"},{"@type":"ListItem","position":2,"name":"WYDARZENIA KALENDARZ"}]},{"@type":"WebSite","@id":"https:\/\/claydondrill.com\/pl\/#website","url":"https:\/\/claydondrill.com\/pl\/","name":"Claydon Drill Seed","description":"","potentialAction":[{"@type":"SearchAction","target":{"@type":"EntryPoint","urlTemplate":"https:\/\/claydondrill.com\/pl\/?s={search_term_string}"},"query-input":{"@type":"PropertyValueSpecification","valueRequired":true,"valueName":"search_term_string"}}],"inLanguage":"pl-PL"}]}},"_links":{"self":[{"href":"https:\/\/claydondrill.com\/pl\/wp-json\/wp\/v2\/pages\/100148","targetHints":{"allow":["GET"]}}],"collection":[{"href":"https:\/\/claydondrill.com\/pl\/wp-json\/wp\/v2\/pages"}],"about":[{"href":"https:\/\/claydondrill.com\/pl\/wp-json\/wp\/v2\/types\/page"}],"author":[{"embeddable":true,"href":"https:\/\/claydondrill.com\/pl\/wp-json\/wp\/v2\/users\/1"}],"replies":[{"embeddable":true,"href":"https:\/\/claydondrill.com\/pl\/wp-json\/wp\/v2\/comments?post=100148"}],"version-history":[{"count":0,"href":"https:\/\/claydondrill.com\/pl\/wp-json\/wp\/v2\/pages\/100148\/revisions"}],"wp:featuredmedia":[{"embeddable":true,"href":"https:\/\/claydondrill.com\/pl\/wp-json\/wp\/v2\/media\/95288"}],"wp:attachment":[{"href":"https:\/\/claydondrill.com\/pl\/wp-json\/wp\/v2\/media?parent=100148"}],"curies":[{"name":"wp","href":"https:\/\/api.w.org\/{rel}","templated":true}]}}