{"id":100111,"date":"2022-08-05T12:26:51","date_gmt":"2022-08-05T12:26:51","guid":{"rendered":"https:\/\/claydondrill.com\/?page_id=100111"},"modified":"2022-11-29T09:42:27","modified_gmt":"2022-11-29T09:42:27","slug":"company-history","status":"publish","type":"page","link":"https:\/\/claydondrill.com\/pl\/historia-firmy\/","title":{"rendered":"Company History"},"content":{"rendered":"<div class=\"wpb-content-wrapper\"><p>[vc_row el_class=&#8221;row1&#8243;][vc_column width=&#8221;1\/2&#8243;][vc_custom_heading text=&#8221;RODZINA ROLNIK\u00d3W I IN\u017bYNIER\u00d3W&#8221; use_theme_fonts=&#8221;yes&#8221;][vc_column_text]Rodzina Claydon uprawia ci\u0119\u017ckie, gliniaste gleby w Suffolk, we wschodniej Anglii, od wczesnych lat 1900. Jeff i Frank Claydon prowadz\u0105 dzia\u0142alno\u015b\u0107 rolnicz\u0105 od 1970 roku i s\u0105 trzecim pokoleniem, kt\u00f3re prowadzi j\u0105 w ramach E.T. Claydon &amp; Synowie.[\/vc_column_text][\/vc_column][vc_column width=&#8221;1\/2&#8243;][vc_single_image image=&#8221;83009&#8243; img_size=&#8221;full&#8221; alignment=&#8221;center&#8221; title=&#8221;Jeff Claydon zbiera plony na 350 hektarowej farmie rodzinnej&#8221;][vc_column_text][\/vc_column_text][\/vc_column][\/vc_row][vc_row el_class=&#8221;row1&#8243;][vc_column width=&#8221;1\/2&#8243;][vc_column_text]Pierwszym produktem firmy Claydon by\u0142 Yield-o-Meter wynaleziony przez Jeffa w 1980 roku. Nast\u0119pnie w 1981 roku powsta\u0142a firma Claydon Yield-o-Meter Limited. Wizj\u0105 Jeffa by\u0142o stworzenie urz\u0105dzenia do monitorowania ziarna, kt\u00f3re mo\u017cna by zamontowa\u0107 w niemal ka\u017cdym kombajnie i kt\u00f3re dawa\u0142oby dok\u0142adne odczyty ilo\u015bci ton zbieranych przez kombajn, w przeciwie\u0144stwie do tradycyjnej metody z wykorzystaniem wagi pomostowej.<\/p>\n<p>Mia\u0142o to by\u0107 pierwsze w historii urz\u0105dzenie do monitorowania ziarna zamontowane w kombajnie.[\/vc_column_text][\/vc_column][vc_column width=&#8221;1\/2&#8243;][vc_single_image image=&#8221;82326&#8243; img_size=&#8221;full&#8221; add_caption=&#8221;yes&#8221; alignment=&#8221;center&#8221; title=&#8221;Jeff Claydon, farmer &amp; CEO&#8221;][\/vc_column][\/vc_row][vc_row el_class=&#8221;row1&#8243;][vc_column width=&#8221;1\/2&#8243;][vc_column_text]Monitor plon\u00f3w umo\u017cliwi\u0142 rolnikowi analiz\u0119 danych, kt\u00f3rych wcze\u015bniej musia\u0142 si\u0119 domy\u015bla\u0107.\u00a0 Pomog\u0142o im to w \u0142atwiejszym okre\u015bleniu wysokowydajnych upraw i odmian.\u00a0 Dzi\u0119ki temu rolnik m\u00f3g\u0142 dok\u0142adnie odczyta\u0107, ile zbo\u017ca zebra\u0142 w danej minucie, godzinie, dniu, miesi\u0105cu i roku. Yield-o-Meter odni\u00f3s\u0142 taki sukces, \u017ce w 1995 roku otrzyma\u0142 Srebrny Medal Kr\u00f3lewskiego Towarzystwa Rolniczego Anglii.\u00a0\u00a0 Yield-o-Meter by\u0142 montowany w wielu kombajnach (g\u0142\u00f3wnie CLAAS) w Wielkiej Brytanii i Europie.<\/p>\n<p>W 1995 roku firma Claydon Yield-o-Meter Ltd wprowadzi\u0142a na rynek brytyjski glebogryzark\u0119 bruzdow\u0105. By\u0142o to urz\u0105dzenie montowane w setkach p\u0142ug\u00f3w w ca\u0142ej Wielkiej Brytanii.\u00a0 Przecina\u0142 on \u015bwie\u017co obr\u00f3cone bry\u0142y na g\u0142\u0119boko\u015bci do 6 cali w 2-calowych rz\u0119dach, pozwalaj\u0105c, aby warunki atmosferyczne w glebie spowodowa\u0142y naturalny rozk\u0142ad bry\u0142.[\/vc_column_text][\/vc_column][vc_column width=&#8221;1\/2&#8243;][vc_single_image image=&#8221;83010&#8243; img_size=&#8221;full&#8221; alignment=&#8221;center&#8221; title=&#8221;The Yield-o-Meter on a CLAAS combine from 1981&#8243;][\/vc_column][\/vc_row][vc_row el_class=&#8221;row1&#8243;][vc_column width=&#8221;1\/2&#8243;][vc_column_text]W 2003 r. Jeff wprowadzi\u0142 na rynek pierwszy siewnik Claydon do bezpo\u015bredniej uprawy pasowej &#8211; Siewnik V.\u00a0 Siewnik zosta\u0142 wynaleziony z konieczno\u015bci.\u00a0 Ceny pszenicy spad\u0142y do niskiego poziomu, a koszty \u015brodk\u00f3w produkcji i orki w gospodarstwie rodzinnym stale ros\u0142y; rolnictwo stawa\u0142o si\u0119 nieop\u0142acalne.\u00a0 Siewnik V radykalnie zmniejszy\u0142 koszty i czas potrzebny do za\u0142o\u017cenia upraw w gospodarstwie.<\/p>\n<p>Po Siewniku V przyszed\u0142 Siewnik SR oraz najnowsze Siewniki Hybrid.\u00a0\u00a0 Na przestrzeni lat do oferty siewnik\u00f3w dodano maszyny i wa\u0142y do uprawy \u015bcierniska, aby zapewni\u0107 kompletne rozwi\u0105zanie w zakresie zak\u0142adania upraw.[\/vc_column_text][\/vc_column][vc_column width=&#8221;1\/2&#8243;][vc_single_image image=&#8221;82478&#8243; img_size=&#8221;full&#8221; add_caption=&#8221;yes&#8221; alignment=&#8221;center&#8221; title=&#8221;Frank Claydon autumn drilling on the family farm&#8221;][\/vc_column][\/vc_row][vc_row el_class=&#8221;row1&#8243;][vc_column width=&#8221;1\/2&#8243;][vc_column_text]Maszyny Claydon s\u0105 opracowywane w dzia\u0142aj\u0105cym gospodarstwie przez rolnik\u00f3w dla rolnik\u00f3w. Przed wprowadzeniem na rynek s\u0105 one sprawdzane i testowane w rzeczywistych warunkach rolniczych w prawdziwym gospodarstwie.<\/p>\n<p>Farma Claydon nie by\u0142a orana od 2002 roku, a Frank Claydon obsiewa oko\u0142o 400 hektar\u00f3w w jesiennym sezonie siewnym za pomoc\u0105 pojedynczego siewnika 6m Claydon i jednego ci\u0105gnika.\u00a0 W ramach kontraktu zasia\u0142 kolejne 1 250 hektar\u00f3w.<\/p>\n<p>Od 2003 roku firma Claydon sta\u0142a si\u0119 liderem na rynku europejskim w dziedzinie bezpo\u015bredniej uprawy pasowej.\u00a0 Siewniki, brony do s\u0142omy i opielacze mi\u0119dzyrz\u0119dowe firmy dzia\u0142aj\u0105 obecnie w ponad 30 krajach na ca\u0142ym \u015bwiecie, wspierane przez sie\u0107 dystrybutor\u00f3w i dealer\u00f3w, a produkowane s\u0105 w bazie Claydon w Suffolk.[\/vc_column_text][\/vc_column][vc_column width=&#8221;1\/2&#8243;][vc_single_image image=&#8221;83006&#8243; img_size=&#8221;full&#8221; alignment=&#8221;center&#8221; title=&#8221;Loading at Claydon HQ&#8221;][vc_single_image image=&#8221;83007&#8243; img_size=&#8221;full&#8221; alignment=&#8221;center&#8221; title=&#8221;Main despatch yard at Claydon HQ&#8221;][\/vc_column][\/vc_row]<\/p>\n<\/div>","protected":false},"excerpt":{"rendered":"<p>[vc_row el_class=&#8221;row1&#8243;][vc_column width=&#8221;1\/2&#8243;][vc_custom_heading text=&#8221;RODZINA ROLNIK\u00d3W I IN\u017bYNIER\u00d3W&#8221; use_theme_fonts=&#8221;yes&#8221;][vc_column_text]Rodzina Claydon uprawia ci\u0119\u017ckie, gliniaste gleby w Suffolk, we wschodniej Anglii, od wczesnych<\/p>\n","protected":false},"author":1,"featured_media":0,"parent":0,"menu_order":29,"comment_status":"open","ping_status":"closed","template":"","meta":{"inline_featured_image":false,"footnotes":""},"class_list":["post-100111","page","type-page","status-publish","hentry"],"yoast_head":"<!-- This site is optimized with the Yoast SEO plugin v27.1.1 - https:\/\/yoast.com\/product\/yoast-seo-wordpress\/ -->\n<title>Company History - Claydon Drill Seed<\/title>\n<meta name=\"robots\" content=\"index, follow, max-snippet:-1, max-image-preview:large, max-video-preview:-1\" \/>\n<link rel=\"canonical\" href=\"https:\/\/claydondrill.com\/pl\/historia-firmy\/\" \/>\n<meta property=\"og:locale\" content=\"pl_PL\" \/>\n<meta property=\"og:type\" content=\"article\" \/>\n<meta property=\"og:title\" content=\"Company History - Claydon Drill Seed\" \/>\n<meta property=\"og:description\" content=\"[vc_row el_class=&#8221;row1&#8243;][vc_column width=&#8221;1\/2&#8243;][vc_custom_heading text=&#8221;RODZINA ROLNIK\u00d3W I IN\u017bYNIER\u00d3W&#8221; use_theme_fonts=&#8221;yes&#8221;][vc_column_text]Rodzina Claydon uprawia ci\u0119\u017ckie, gliniaste gleby w Suffolk, we wschodniej Anglii, od wczesnych\" \/>\n<meta property=\"og:url\" content=\"https:\/\/claydondrill.com\/pl\/historia-firmy\/\" \/>\n<meta property=\"og:site_name\" content=\"Claydon Drill Seed\" \/>\n<meta property=\"article:modified_time\" content=\"2022-11-29T09:42:27+00:00\" \/>\n<meta name=\"twitter:card\" content=\"summary_large_image\" \/>\n<meta name=\"twitter:label1\" content=\"Szacowany czas czytania\" \/>\n\t<meta name=\"twitter:data1\" content=\"3 minuty\" \/>\n<script type=\"application\/ld+json\" class=\"yoast-schema-graph\">{\"@context\":\"https:\/\/schema.org\",\"@graph\":[{\"@type\":\"WebPage\",\"@id\":\"https:\/\/claydondrill.com\/pl\/historia-firmy\/\",\"url\":\"https:\/\/claydondrill.com\/pl\/historia-firmy\/\",\"name\":\"Company History - Claydon Drill Seed\",\"isPartOf\":{\"@id\":\"https:\/\/claydondrill.com\/pl\/#website\"},\"datePublished\":\"2022-08-05T12:26:51+00:00\",\"dateModified\":\"2022-11-29T09:42:27+00:00\",\"breadcrumb\":{\"@id\":\"https:\/\/claydondrill.com\/pl\/historia-firmy\/#breadcrumb\"},\"inLanguage\":\"pl-PL\",\"potentialAction\":[{\"@type\":\"ReadAction\",\"target\":[\"https:\/\/claydondrill.com\/pl\/historia-firmy\/\"]}]},{\"@type\":\"BreadcrumbList\",\"@id\":\"https:\/\/claydondrill.com\/pl\/historia-firmy\/#breadcrumb\",\"itemListElement\":[{\"@type\":\"ListItem\",\"position\":1,\"name\":\"Home\",\"item\":\"https:\/\/claydondrill.com\/pl\/\"},{\"@type\":\"ListItem\",\"position\":2,\"name\":\"Company History\"}]},{\"@type\":\"WebSite\",\"@id\":\"https:\/\/claydondrill.com\/pl\/#website\",\"url\":\"https:\/\/claydondrill.com\/pl\/\",\"name\":\"Claydon Drill Seed\",\"description\":\"\",\"potentialAction\":[{\"@type\":\"SearchAction\",\"target\":{\"@type\":\"EntryPoint\",\"urlTemplate\":\"https:\/\/claydondrill.com\/pl\/?s={search_term_string}\"},\"query-input\":{\"@type\":\"PropertyValueSpecification\",\"valueRequired\":true,\"valueName\":\"search_term_string\"}}],\"inLanguage\":\"pl-PL\"}]}<\/script>\n<!-- \/ Yoast SEO plugin. -->","yoast_head_json":{"title":"Company History - Claydon Drill Seed","robots":{"index":"index","follow":"follow","max-snippet":"max-snippet:-1","max-image-preview":"max-image-preview:large","max-video-preview":"max-video-preview:-1"},"canonical":"https:\/\/claydondrill.com\/pl\/historia-firmy\/","og_locale":"pl_PL","og_type":"article","og_title":"Company History - Claydon Drill Seed","og_description":"[vc_row el_class=&#8221;row1&#8243;][vc_column width=&#8221;1\/2&#8243;][vc_custom_heading text=&#8221;RODZINA ROLNIK\u00d3W I IN\u017bYNIER\u00d3W&#8221; use_theme_fonts=&#8221;yes&#8221;][vc_column_text]Rodzina Claydon uprawia ci\u0119\u017ckie, gliniaste gleby w Suffolk, we wschodniej Anglii, od wczesnych","og_url":"https:\/\/claydondrill.com\/pl\/historia-firmy\/","og_site_name":"Claydon Drill Seed","article_modified_time":"2022-11-29T09:42:27+00:00","twitter_card":"summary_large_image","twitter_misc":{"Szacowany czas czytania":"3 minuty"},"schema":{"@context":"https:\/\/schema.org","@graph":[{"@type":"WebPage","@id":"https:\/\/claydondrill.com\/pl\/historia-firmy\/","url":"https:\/\/claydondrill.com\/pl\/historia-firmy\/","name":"Company History - Claydon Drill Seed","isPartOf":{"@id":"https:\/\/claydondrill.com\/pl\/#website"},"datePublished":"2022-08-05T12:26:51+00:00","dateModified":"2022-11-29T09:42:27+00:00","breadcrumb":{"@id":"https:\/\/claydondrill.com\/pl\/historia-firmy\/#breadcrumb"},"inLanguage":"pl-PL","potentialAction":[{"@type":"ReadAction","target":["https:\/\/claydondrill.com\/pl\/historia-firmy\/"]}]},{"@type":"BreadcrumbList","@id":"https:\/\/claydondrill.com\/pl\/historia-firmy\/#breadcrumb","itemListElement":[{"@type":"ListItem","position":1,"name":"Home","item":"https:\/\/claydondrill.com\/pl\/"},{"@type":"ListItem","position":2,"name":"Company History"}]},{"@type":"WebSite","@id":"https:\/\/claydondrill.com\/pl\/#website","url":"https:\/\/claydondrill.com\/pl\/","name":"Claydon Drill Seed","description":"","potentialAction":[{"@type":"SearchAction","target":{"@type":"EntryPoint","urlTemplate":"https:\/\/claydondrill.com\/pl\/?s={search_term_string}"},"query-input":{"@type":"PropertyValueSpecification","valueRequired":true,"valueName":"search_term_string"}}],"inLanguage":"pl-PL"}]}},"_links":{"self":[{"href":"https:\/\/claydondrill.com\/pl\/wp-json\/wp\/v2\/pages\/100111","targetHints":{"allow":["GET"]}}],"collection":[{"href":"https:\/\/claydondrill.com\/pl\/wp-json\/wp\/v2\/pages"}],"about":[{"href":"https:\/\/claydondrill.com\/pl\/wp-json\/wp\/v2\/types\/page"}],"author":[{"embeddable":true,"href":"https:\/\/claydondrill.com\/pl\/wp-json\/wp\/v2\/users\/1"}],"replies":[{"embeddable":true,"href":"https:\/\/claydondrill.com\/pl\/wp-json\/wp\/v2\/comments?post=100111"}],"version-history":[{"count":0,"href":"https:\/\/claydondrill.com\/pl\/wp-json\/wp\/v2\/pages\/100111\/revisions"}],"wp:attachment":[{"href":"https:\/\/claydondrill.com\/pl\/wp-json\/wp\/v2\/media?parent=100111"}],"curies":[{"name":"wp","href":"https:\/\/api.w.org\/{rel}","templated":true}]}}