{"id":94168,"date":"2021-12-14T09:22:59","date_gmt":"2021-12-14T09:22:59","guid":{"rendered":"https:\/\/claydondrill.com\/product\/9m-straw-harrow\/"},"modified":"2022-09-22T09:57:19","modified_gmt":"2022-09-22T09:57:19","slug":"herse-a-paille-9m","status":"publish","type":"product","link":"https:\/\/claydondrill.com\/fr\/herse-a-paille-de-9m\/","title":{"rendered":"Herse \u00e0 paille de 9 m"},"content":{"rendered":"<div class=\"wpb-content-wrapper\"><p>[vc_row][vc_column][vc_custom_heading text=&#8221;Caract\u00e9ristiques de conception&#8221; use_theme_fonts=&#8221;yes&#8221; css=&#8221;.vc_custom_1640012551026{margin-bottom: 20px !important;}&#8221;][vc_tta_accordion][vc_tta_section title=&#8221;R\u00e9glage hydraulique de l\u2019angle des 5 rang\u00e9es dents&#8221; tab_id=&#8221;1592830786278-25940583-c2e3&#8243;][vc_column_text]<\/p>\n<ul>\n<li>Changement de l\u2019angle de travail pour l\u2019adapter aux conditions du champ et garantir un ameublissement optimal<\/li>\n<li>Rel\u00e2chement rapide de la pression dans les zones humides ou recouvertes de d\u00e9chets verts, pour \u00e9viter le bourrage<\/li>\n<\/ul>\n<p>[\/vc_column_text][\/vc_tta_section][vc_tta_section title=&#8221;Dents \u00ab enveloppantes \u00bb tr\u00e8s \u00e9paisses et durables&#8221; tab_id=&#8221;1592830786302-1f2f3fdb-18c2&#8243;][vc_column_text]<\/p>\n<ul>\n<li>Avec la conception \u00ab enveloppante \u00bb originale de Claydon, il n\u2019y a pas de points de pression contre lesquels les dents pourraient claquer<\/li>\n<li>La conception \u00ab enveloppante \u00bb de Claydon permet d\u2019aller jusqu\u2019\u00e0 25 km\/h<\/li>\n<li>Vous pouvez tourner dans les tourni\u00e8res avec les dents abaiss\u00e9es pour \u00e9viter l\u2019accumulation de d\u00e9chets ; les dents ne claqueront pas\u00a0!<\/li>\n<li>La conception \u00ab enveloppante \u00bb permet aux dents de vibrer et ameublit le sol de mani\u00e8re optimale<\/li>\n<\/ul>\n<p>[\/vc_column_text][\/vc_tta_section][vc_tta_section title=&#8221;Tube de section carr\u00e9e, de 150 mm de c\u00f4t\u00e9&#8221; tab_id=&#8221;1592830786325-679294e8-f7b0&#8243;][vc_column_text]<\/p>\n<ul>\n<li>Les herses \u00e0 paille Claydon sont fabriqu\u00e9es pour durer. Leur structure supporte les tr\u00e8s grandes vitesses de travail<\/li>\n<\/ul>\n<p>[\/vc_column_text][\/vc_tta_section][vc_tta_section title=&#8221;Cinq rang\u00e9es de dents&#8221; tab_id=&#8221;1592830786358-b61d2476-3fba&#8221;][vc_column_text]<\/p>\n<ul>\n<li>Le d\u00e9gagement assur\u00e9 par les 5 rang\u00e9es rend tout bourrage improbable<\/li>\n<li>75 dents vibrantes ratissent le sol tous les 60 mm, assurant le travail de tout le champ<\/li>\n<\/ul>\n<p>[\/vc_column_text][\/vc_tta_section][vc_tta_section title=&#8221;Transport routier&#8221; tab_id=&#8221;1592830786398-ae5e301e-0b85&#8243;][vc_column_text]<\/p>\n<ul>\n<li>Toutes les herses \u00e0 paille Claydon mesurent moins de 3 m une fois repli\u00e9es pour le transport routier<\/li>\n<li>Les panneaux de feux et les protections sont install\u00e9s en s\u00e9rie<\/li>\n<\/ul>\n<p>[\/vc_column_text][\/vc_tta_section][\/vc_tta_accordion][\/vc_column][\/vc_row]<\/p>\n<\/div>","protected":false},"excerpt":{"rendered":"<p>La nouvelle herse \u00e0 paille Claydon 9m comble le vide entre le mod\u00e8le port\u00e9 7,5m et le mod\u00e8le tra\u00een\u00e9 12,5m. Elle permet une flexibilit\u00e9 pour les grandes exploitations sans le co\u00fbt plus \u00e9lev\u00e9 d&#8217;une unit\u00e9 tra\u00een\u00e9e. La herse \u00e0 paille 9m port\u00e9e est un outil polyvalent de gestion des chaumes et de contr\u00f4le des mauvaises herbes qui offre un rendement \u00e9lev\u00e9 \u00e0 des co\u00fbts d&#8217;exploitation r\u00e9duits.<\/p>\n","protected":false},"featured_media":104993,"template":"","meta":{"inline_featured_image":false},"product_brand":[],"product_cat":[180],"product_tag":[],"class_list":{"0":"post-94168","1":"product","2":"type-product","3":"status-publish","4":"has-post-thumbnail","6":"product_cat-products-fr","8":"first","9":"instock","10":"shipping-taxable","11":"product-type-simple"},"yoast_head":"<!-- This site is optimized with the Yoast SEO plugin v27.1.1 - https:\/\/yoast.com\/product\/yoast-seo-wordpress\/ -->\n<title>Herse \u00e0 paille de 9 m| Mounted Tine Harrow | Claydon Drill<\/title>\n<meta name=\"description\" content=\"The Claydon 9m mounted Straw Harrow is a robust tine harrow designed for fast action &amp; huge effect. Use before\/after cultivations to level soil. Visit now\" \/>\n<meta name=\"robots\" content=\"index, follow, max-snippet:-1, max-image-preview:large, max-video-preview:-1\" \/>\n<link rel=\"canonical\" href=\"https:\/\/claydondrill.com\/fr\/herse-a-paille-de-9m\/\" \/>\n<meta property=\"og:locale\" content=\"fr_FR\" \/>\n<meta property=\"og:type\" content=\"article\" \/>\n<meta property=\"og:title\" content=\"Herse \u00e0 paille de 9 m| Mounted Tine Harrow | Claydon Drill\" \/>\n<meta property=\"og:description\" content=\"The Claydon 9m mounted Straw Harrow is a robust tine harrow designed for fast action &amp; huge effect. Use before\/after cultivations to level soil. Visit now\" \/>\n<meta property=\"og:url\" content=\"https:\/\/claydondrill.com\/fr\/herse-a-paille-de-9m\/\" \/>\n<meta property=\"og:site_name\" content=\"Claydon Drill Seed\" \/>\n<meta property=\"article:modified_time\" content=\"2022-09-22T09:57:19+00:00\" \/>\n<meta property=\"og:image\" content=\"https:\/\/claydondrill.com\/wp-content\/uploads\/2021\/12\/9m-Straw-Harrow-DSC00603-2-1.jpg\" \/>\n\t<meta property=\"og:image:width\" content=\"2480\" \/>\n\t<meta property=\"og:image:height\" content=\"1654\" \/>\n\t<meta property=\"og:image:type\" content=\"image\/jpeg\" \/>\n<meta name=\"twitter:card\" content=\"summary_large_image\" \/>\n<meta name=\"twitter:label1\" content=\"Dur\u00e9e de lecture estim\u00e9e\" \/>\n\t<meta name=\"twitter:data1\" content=\"1 minute\" \/>\n<script type=\"application\/ld+json\" class=\"yoast-schema-graph\">{\"@context\":\"https:\/\/schema.org\",\"@graph\":[{\"@type\":\"WebPage\",\"@id\":\"https:\/\/claydondrill.com\/fr\/herse-a-paille-de-9m\/\",\"url\":\"https:\/\/claydondrill.com\/fr\/herse-a-paille-de-9m\/\",\"name\":\"Herse \u00e0 paille de 9 m| Mounted Tine Harrow | Claydon Drill\",\"isPartOf\":{\"@id\":\"https:\/\/claydondrill.com\/fr\/#website\"},\"primaryImageOfPage\":{\"@id\":\"https:\/\/claydondrill.com\/fr\/herse-a-paille-de-9m\/#primaryimage\"},\"image\":{\"@id\":\"https:\/\/claydondrill.com\/fr\/herse-a-paille-de-9m\/#primaryimage\"},\"thumbnailUrl\":\"https:\/\/claydondrill.com\/wp-content\/uploads\/2021\/12\/9m-Straw-Harrow-DSC00603-2-1.jpg\",\"datePublished\":\"2021-12-14T09:22:59+00:00\",\"dateModified\":\"2022-09-22T09:57:19+00:00\",\"description\":\"The Claydon 9m mounted Straw Harrow is a robust tine harrow designed for fast action & huge effect. Use before\/after cultivations to level soil. Visit now\",\"breadcrumb\":{\"@id\":\"https:\/\/claydondrill.com\/fr\/herse-a-paille-de-9m\/#breadcrumb\"},\"inLanguage\":\"fr-FR\",\"potentialAction\":[{\"@type\":\"ReadAction\",\"target\":[\"https:\/\/claydondrill.com\/fr\/herse-a-paille-de-9m\/\"]}]},{\"@type\":\"ImageObject\",\"inLanguage\":\"fr-FR\",\"@id\":\"https:\/\/claydondrill.com\/fr\/herse-a-paille-de-9m\/#primaryimage\",\"url\":\"https:\/\/claydondrill.com\/wp-content\/uploads\/2021\/12\/9m-Straw-Harrow-DSC00603-2-1.jpg\",\"contentUrl\":\"https:\/\/claydondrill.com\/wp-content\/uploads\/2021\/12\/9m-Straw-Harrow-DSC00603-2-1.jpg\",\"width\":2480,\"height\":1654},{\"@type\":\"BreadcrumbList\",\"@id\":\"https:\/\/claydondrill.com\/fr\/herse-a-paille-de-9m\/#breadcrumb\",\"itemListElement\":[{\"@type\":\"ListItem\",\"position\":1,\"name\":\"Home\",\"item\":\"https:\/\/claydondrill.com\/fr\/\"},{\"@type\":\"ListItem\",\"position\":2,\"name\":\"Herse \u00e0 paille de 9 m\"}]},{\"@type\":\"WebSite\",\"@id\":\"https:\/\/claydondrill.com\/fr\/#website\",\"url\":\"https:\/\/claydondrill.com\/fr\/\",\"name\":\"Claydon Drill Seed\",\"description\":\"\",\"potentialAction\":[{\"@type\":\"SearchAction\",\"target\":{\"@type\":\"EntryPoint\",\"urlTemplate\":\"https:\/\/claydondrill.com\/fr\/?s={search_term_string}\"},\"query-input\":{\"@type\":\"PropertyValueSpecification\",\"valueRequired\":true,\"valueName\":\"search_term_string\"}}],\"inLanguage\":\"fr-FR\"}]}<\/script>\n<!-- \/ Yoast SEO plugin. -->","yoast_head_json":{"title":"Herse \u00e0 paille de 9 m| Mounted Tine Harrow | Claydon Drill","description":"The Claydon 9m mounted Straw Harrow is a robust tine harrow designed for fast action & huge effect. Use before\/after cultivations to level soil. Visit now","robots":{"index":"index","follow":"follow","max-snippet":"max-snippet:-1","max-image-preview":"max-image-preview:large","max-video-preview":"max-video-preview:-1"},"canonical":"https:\/\/claydondrill.com\/fr\/herse-a-paille-de-9m\/","og_locale":"fr_FR","og_type":"article","og_title":"Herse \u00e0 paille de 9 m| Mounted Tine Harrow | Claydon Drill","og_description":"The Claydon 9m mounted Straw Harrow is a robust tine harrow designed for fast action & huge effect. Use before\/after cultivations to level soil. Visit now","og_url":"https:\/\/claydondrill.com\/fr\/herse-a-paille-de-9m\/","og_site_name":"Claydon Drill Seed","article_modified_time":"2022-09-22T09:57:19+00:00","og_image":[{"width":2480,"height":1654,"url":"https:\/\/claydondrill.com\/wp-content\/uploads\/2021\/12\/9m-Straw-Harrow-DSC00603-2-1.jpg","type":"image\/jpeg"}],"twitter_card":"summary_large_image","twitter_misc":{"Dur\u00e9e de lecture estim\u00e9e":"1 minute"},"schema":{"@context":"https:\/\/schema.org","@graph":[{"@type":"WebPage","@id":"https:\/\/claydondrill.com\/fr\/herse-a-paille-de-9m\/","url":"https:\/\/claydondrill.com\/fr\/herse-a-paille-de-9m\/","name":"Herse \u00e0 paille de 9 m| Mounted Tine Harrow | Claydon Drill","isPartOf":{"@id":"https:\/\/claydondrill.com\/fr\/#website"},"primaryImageOfPage":{"@id":"https:\/\/claydondrill.com\/fr\/herse-a-paille-de-9m\/#primaryimage"},"image":{"@id":"https:\/\/claydondrill.com\/fr\/herse-a-paille-de-9m\/#primaryimage"},"thumbnailUrl":"https:\/\/claydondrill.com\/wp-content\/uploads\/2021\/12\/9m-Straw-Harrow-DSC00603-2-1.jpg","datePublished":"2021-12-14T09:22:59+00:00","dateModified":"2022-09-22T09:57:19+00:00","description":"The Claydon 9m mounted Straw Harrow is a robust tine harrow designed for fast action & huge effect. Use before\/after cultivations to level soil. Visit now","breadcrumb":{"@id":"https:\/\/claydondrill.com\/fr\/herse-a-paille-de-9m\/#breadcrumb"},"inLanguage":"fr-FR","potentialAction":[{"@type":"ReadAction","target":["https:\/\/claydondrill.com\/fr\/herse-a-paille-de-9m\/"]}]},{"@type":"ImageObject","inLanguage":"fr-FR","@id":"https:\/\/claydondrill.com\/fr\/herse-a-paille-de-9m\/#primaryimage","url":"https:\/\/claydondrill.com\/wp-content\/uploads\/2021\/12\/9m-Straw-Harrow-DSC00603-2-1.jpg","contentUrl":"https:\/\/claydondrill.com\/wp-content\/uploads\/2021\/12\/9m-Straw-Harrow-DSC00603-2-1.jpg","width":2480,"height":1654},{"@type":"BreadcrumbList","@id":"https:\/\/claydondrill.com\/fr\/herse-a-paille-de-9m\/#breadcrumb","itemListElement":[{"@type":"ListItem","position":1,"name":"Home","item":"https:\/\/claydondrill.com\/fr\/"},{"@type":"ListItem","position":2,"name":"Herse \u00e0 paille de 9 m"}]},{"@type":"WebSite","@id":"https:\/\/claydondrill.com\/fr\/#website","url":"https:\/\/claydondrill.com\/fr\/","name":"Claydon Drill Seed","description":"","potentialAction":[{"@type":"SearchAction","target":{"@type":"EntryPoint","urlTemplate":"https:\/\/claydondrill.com\/fr\/?s={search_term_string}"},"query-input":{"@type":"PropertyValueSpecification","valueRequired":true,"valueName":"search_term_string"}}],"inLanguage":"fr-FR"}]}},"_links":{"self":[{"href":"https:\/\/claydondrill.com\/fr\/wp-json\/wp\/v2\/product\/94168","targetHints":{"allow":["GET"]}}],"collection":[{"href":"https:\/\/claydondrill.com\/fr\/wp-json\/wp\/v2\/product"}],"about":[{"href":"https:\/\/claydondrill.com\/fr\/wp-json\/wp\/v2\/types\/product"}],"wp:featuredmedia":[{"embeddable":true,"href":"https:\/\/claydondrill.com\/fr\/wp-json\/wp\/v2\/media\/104993"}],"wp:attachment":[{"href":"https:\/\/claydondrill.com\/fr\/wp-json\/wp\/v2\/media?parent=94168"}],"wp:term":[{"taxonomy":"product_brand","embeddable":true,"href":"https:\/\/claydondrill.com\/fr\/wp-json\/wp\/v2\/product_brand?post=94168"},{"taxonomy":"product_cat","embeddable":true,"href":"https:\/\/claydondrill.com\/fr\/wp-json\/wp\/v2\/product_cat?post=94168"},{"taxonomy":"product_tag","embeddable":true,"href":"https:\/\/claydondrill.com\/fr\/wp-json\/wp\/v2\/product_tag?post=94168"}],"curies":[{"name":"wp","href":"https:\/\/api.w.org\/{rel}","templated":true}]}}