{"id":89180,"date":"2021-08-09T12:45:59","date_gmt":"2021-08-09T12:45:59","guid":{"rendered":"https:\/\/claydondrill.com\/?post_type=product&#038;p=89180"},"modified":"2021-08-09T13:22:18","modified_gmt":"2021-08-09T13:22:18","slug":"8-3m","status":"publish","type":"product","link":"https:\/\/claydondrill.com\/fr\/rouleaux-cambridge-de-830-m\/","title":{"rendered":"Rouleaux Cambridge de 8,30 m"},"content":{"rendered":"<div class=\"wpb-content-wrapper\"><p>[vc_row][vc_column][vc_custom_heading text=&#8221;Caract\u00e9ristiques de conception&#8221; use_theme_fonts=&#8221;yes&#8221;][vc_tta_accordion][vc_tta_section title=&#8221;Facilit\u00e9 de mise en place&#8221; tab_id=&#8221;1592830786278-25940583-c2e3&#8243;][vc_column_text]<\/p>\n<ul>\n<li>Effectu\u00e9e depuis le si\u00e8ge du tracteur<\/li>\n<li>Trois jeux de distributeurs \u00e0 tiroirs cylindriques pour le d\u00e9ploiement<\/li>\n<\/ul>\n<p>[\/vc_column_text][\/vc_tta_section][vc_tta_section title=&#8221;Performances optimales&#8221; tab_id=&#8221;1598338771407-409d47ac-9373&#8243;][vc_column_text]<\/p>\n<ul>\n<li>Le syst\u00e8me de transfert de charge assure une consolidation uniforme sur toute la largeur de travail<\/li>\n<li>Le v\u00e9rin central est laiss\u00e9 en position flottante et les v\u00e9rins lat\u00e9raux sont sous pression<\/li>\n<\/ul>\n<p>[\/vc_column_text][\/vc_tta_section][vc_tta_section title=&#8221;Lourds et robustes&#8221; tab_id=&#8221;1598338826550-282d4aca-a24e&#8221;][vc_column_text]<\/p>\n<ul>\n<li>Anneaux brise-mottes et Cambrige de 600\u00a0mm en fonte<\/li>\n<li>Essieu renforc\u00e9 \u00e0 freins hydrauliques<\/li>\n<li>Pneus basse pression 520\/50-17, qui r\u00e9duisent au minimum l\u2019effet du passage des roues<\/li>\n<\/ul>\n<p>[\/vc_column_text][\/vc_tta_section][vc_tta_section title=&#8221;Facilit\u00e9 de man\u0153uvre&#8221; tab_id=&#8221;1598338867905-95083066-18e2&#8243;][vc_column_text]<\/p>\n<ul>\n<li>Gr\u00e2ce \u00e0 leur bas centre de gravit\u00e9 et leur excellente visibilit\u00e9, les rouleaux Claydon sont sans danger et faciles \u00e0 man\u0153uvrer entre les champs<\/li>\n<\/ul>\n<p>[\/vc_column_text][\/vc_tta_section][\/vc_tta_accordion][\/vc_column][\/vc_row]<\/p>\n<\/div>","protected":false},"excerpt":{"rendered":"<p>Les rouleaux Cambridge de 8,30\u00a0m, qui constituent le milieu de la gamme Claydon, sont faciles \u00e0 man\u0153uvrer et \u00e0 mettre en place et se replient pour mesurer moins de 3\u00a0m lors du transport routier.<\/p>\n<p>La r\u00e9partition des 4\u00a0990\u00a0kg des rouleaux Claydon sur 8,30\u00a0m de largeur repr\u00e9sente une pression de 601\u00a0kg par m\u00e8tre. Le syst\u00e8me de transfert de charge garantit une consolidation uniforme sur toute la largeur de travail de la machine.<\/p>\n<p>Les anneaux brise-mottes de 600 mm travaillant sur un arbre de 60 mm permettent aux rouleaux de tasser l\u2019int\u00e9rieur des rangs de semences, pour une finition sans compromis.<\/p>\n","protected":false},"featured_media":83745,"template":"","meta":{"inline_featured_image":false},"product_brand":[],"product_cat":[],"product_tag":[],"class_list":{"0":"post-89180","1":"product","2":"type-product","3":"status-publish","4":"has-post-thumbnail","7":"first","8":"instock","9":"shipping-taxable","10":"product-type-simple"},"yoast_head":"<!-- This site is optimized with the Yoast SEO plugin v27.1.1 - https:\/\/yoast.com\/product\/yoast-seo-wordpress\/ -->\n<title>8.3m Cambridge Rolls | Cambridge Rolls For Sale | Claydon<\/title>\n<meta name=\"description\" content=\"Wanting effective crop establishment &amp; thorough soil consolidation? Claydon&#039;s 8.3m Cambridge Rolls give your crops an uncompromised start. Learn more.\" \/>\n<meta name=\"robots\" content=\"index, follow, max-snippet:-1, max-image-preview:large, max-video-preview:-1\" \/>\n<link rel=\"canonical\" href=\"https:\/\/claydondrill.com\/fr\/rouleaux-cambridge-de-830-m\/\" \/>\n<meta property=\"og:locale\" content=\"fr_FR\" \/>\n<meta property=\"og:type\" content=\"article\" \/>\n<meta property=\"og:title\" content=\"8.3m Cambridge Rolls | Cambridge Rolls For Sale | Claydon\" \/>\n<meta property=\"og:description\" content=\"Wanting effective crop establishment &amp; thorough soil consolidation? Claydon&#039;s 8.3m Cambridge Rolls give your crops an uncompromised start. Learn more.\" \/>\n<meta property=\"og:url\" content=\"https:\/\/claydondrill.com\/fr\/rouleaux-cambridge-de-830-m\/\" \/>\n<meta property=\"og:site_name\" content=\"Claydon Drill Seed\" \/>\n<meta property=\"article:modified_time\" content=\"2021-08-09T13:22:18+00:00\" \/>\n<meta property=\"og:image\" content=\"https:\/\/claydondrill.com\/wp-content\/uploads\/2020\/10\/8.3m-Rolls-comp.jpg\" \/>\n\t<meta property=\"og:image:width\" content=\"2500\" \/>\n\t<meta property=\"og:image:height\" content=\"1674\" \/>\n\t<meta property=\"og:image:type\" content=\"image\/jpeg\" \/>\n<meta name=\"twitter:card\" content=\"summary_large_image\" \/>\n<meta name=\"twitter:label1\" content=\"Dur\u00e9e de lecture estim\u00e9e\" \/>\n\t<meta name=\"twitter:data1\" content=\"1 minute\" \/>\n<script type=\"application\/ld+json\" class=\"yoast-schema-graph\">{\"@context\":\"https:\/\/schema.org\",\"@graph\":[{\"@type\":\"WebPage\",\"@id\":\"https:\/\/claydondrill.com\/fr\/rouleaux-cambridge-de-830-m\/\",\"url\":\"https:\/\/claydondrill.com\/fr\/rouleaux-cambridge-de-830-m\/\",\"name\":\"8.3m Cambridge Rolls | Cambridge Rolls For Sale | Claydon\",\"isPartOf\":{\"@id\":\"https:\/\/claydondrill.com\/fr\/#website\"},\"primaryImageOfPage\":{\"@id\":\"https:\/\/claydondrill.com\/fr\/rouleaux-cambridge-de-830-m\/#primaryimage\"},\"image\":{\"@id\":\"https:\/\/claydondrill.com\/fr\/rouleaux-cambridge-de-830-m\/#primaryimage\"},\"thumbnailUrl\":\"https:\/\/claydondrill.com\/wp-content\/uploads\/2020\/10\/8.3m-Rolls-comp.jpg\",\"datePublished\":\"2021-08-09T12:45:59+00:00\",\"dateModified\":\"2021-08-09T13:22:18+00:00\",\"description\":\"Wanting effective crop establishment & thorough soil consolidation? Claydon's 8.3m Cambridge Rolls give your crops an uncompromised start. Learn more.\",\"breadcrumb\":{\"@id\":\"https:\/\/claydondrill.com\/fr\/rouleaux-cambridge-de-830-m\/#breadcrumb\"},\"inLanguage\":\"fr-FR\",\"potentialAction\":[{\"@type\":\"ReadAction\",\"target\":[\"https:\/\/claydondrill.com\/fr\/rouleaux-cambridge-de-830-m\/\"]}]},{\"@type\":\"ImageObject\",\"inLanguage\":\"fr-FR\",\"@id\":\"https:\/\/claydondrill.com\/fr\/rouleaux-cambridge-de-830-m\/#primaryimage\",\"url\":\"https:\/\/claydondrill.com\/wp-content\/uploads\/2020\/10\/8.3m-Rolls-comp.jpg\",\"contentUrl\":\"https:\/\/claydondrill.com\/wp-content\/uploads\/2020\/10\/8.3m-Rolls-comp.jpg\",\"width\":2500,\"height\":1674},{\"@type\":\"BreadcrumbList\",\"@id\":\"https:\/\/claydondrill.com\/fr\/rouleaux-cambridge-de-830-m\/#breadcrumb\",\"itemListElement\":[{\"@type\":\"ListItem\",\"position\":1,\"name\":\"Home\",\"item\":\"https:\/\/claydondrill.com\/fr\/\"},{\"@type\":\"ListItem\",\"position\":2,\"name\":\"Rouleaux Cambridge de 8,30 m\"}]},{\"@type\":\"WebSite\",\"@id\":\"https:\/\/claydondrill.com\/fr\/#website\",\"url\":\"https:\/\/claydondrill.com\/fr\/\",\"name\":\"Claydon Drill Seed\",\"description\":\"\",\"potentialAction\":[{\"@type\":\"SearchAction\",\"target\":{\"@type\":\"EntryPoint\",\"urlTemplate\":\"https:\/\/claydondrill.com\/fr\/?s={search_term_string}\"},\"query-input\":{\"@type\":\"PropertyValueSpecification\",\"valueRequired\":true,\"valueName\":\"search_term_string\"}}],\"inLanguage\":\"fr-FR\"}]}<\/script>\n<!-- \/ Yoast SEO plugin. -->","yoast_head_json":{"title":"8.3m Cambridge Rolls | Cambridge Rolls For Sale | Claydon","description":"Wanting effective crop establishment & thorough soil consolidation? Claydon's 8.3m Cambridge Rolls give your crops an uncompromised start. Learn more.","robots":{"index":"index","follow":"follow","max-snippet":"max-snippet:-1","max-image-preview":"max-image-preview:large","max-video-preview":"max-video-preview:-1"},"canonical":"https:\/\/claydondrill.com\/fr\/rouleaux-cambridge-de-830-m\/","og_locale":"fr_FR","og_type":"article","og_title":"8.3m Cambridge Rolls | Cambridge Rolls For Sale | Claydon","og_description":"Wanting effective crop establishment & thorough soil consolidation? Claydon's 8.3m Cambridge Rolls give your crops an uncompromised start. Learn more.","og_url":"https:\/\/claydondrill.com\/fr\/rouleaux-cambridge-de-830-m\/","og_site_name":"Claydon Drill Seed","article_modified_time":"2021-08-09T13:22:18+00:00","og_image":[{"width":2500,"height":1674,"url":"https:\/\/claydondrill.com\/wp-content\/uploads\/2020\/10\/8.3m-Rolls-comp.jpg","type":"image\/jpeg"}],"twitter_card":"summary_large_image","twitter_misc":{"Dur\u00e9e de lecture estim\u00e9e":"1 minute"},"schema":{"@context":"https:\/\/schema.org","@graph":[{"@type":"WebPage","@id":"https:\/\/claydondrill.com\/fr\/rouleaux-cambridge-de-830-m\/","url":"https:\/\/claydondrill.com\/fr\/rouleaux-cambridge-de-830-m\/","name":"8.3m Cambridge Rolls | Cambridge Rolls For Sale | Claydon","isPartOf":{"@id":"https:\/\/claydondrill.com\/fr\/#website"},"primaryImageOfPage":{"@id":"https:\/\/claydondrill.com\/fr\/rouleaux-cambridge-de-830-m\/#primaryimage"},"image":{"@id":"https:\/\/claydondrill.com\/fr\/rouleaux-cambridge-de-830-m\/#primaryimage"},"thumbnailUrl":"https:\/\/claydondrill.com\/wp-content\/uploads\/2020\/10\/8.3m-Rolls-comp.jpg","datePublished":"2021-08-09T12:45:59+00:00","dateModified":"2021-08-09T13:22:18+00:00","description":"Wanting effective crop establishment & thorough soil consolidation? Claydon's 8.3m Cambridge Rolls give your crops an uncompromised start. Learn more.","breadcrumb":{"@id":"https:\/\/claydondrill.com\/fr\/rouleaux-cambridge-de-830-m\/#breadcrumb"},"inLanguage":"fr-FR","potentialAction":[{"@type":"ReadAction","target":["https:\/\/claydondrill.com\/fr\/rouleaux-cambridge-de-830-m\/"]}]},{"@type":"ImageObject","inLanguage":"fr-FR","@id":"https:\/\/claydondrill.com\/fr\/rouleaux-cambridge-de-830-m\/#primaryimage","url":"https:\/\/claydondrill.com\/wp-content\/uploads\/2020\/10\/8.3m-Rolls-comp.jpg","contentUrl":"https:\/\/claydondrill.com\/wp-content\/uploads\/2020\/10\/8.3m-Rolls-comp.jpg","width":2500,"height":1674},{"@type":"BreadcrumbList","@id":"https:\/\/claydondrill.com\/fr\/rouleaux-cambridge-de-830-m\/#breadcrumb","itemListElement":[{"@type":"ListItem","position":1,"name":"Home","item":"https:\/\/claydondrill.com\/fr\/"},{"@type":"ListItem","position":2,"name":"Rouleaux Cambridge de 8,30 m"}]},{"@type":"WebSite","@id":"https:\/\/claydondrill.com\/fr\/#website","url":"https:\/\/claydondrill.com\/fr\/","name":"Claydon Drill Seed","description":"","potentialAction":[{"@type":"SearchAction","target":{"@type":"EntryPoint","urlTemplate":"https:\/\/claydondrill.com\/fr\/?s={search_term_string}"},"query-input":{"@type":"PropertyValueSpecification","valueRequired":true,"valueName":"search_term_string"}}],"inLanguage":"fr-FR"}]}},"_links":{"self":[{"href":"https:\/\/claydondrill.com\/fr\/wp-json\/wp\/v2\/product\/89180","targetHints":{"allow":["GET"]}}],"collection":[{"href":"https:\/\/claydondrill.com\/fr\/wp-json\/wp\/v2\/product"}],"about":[{"href":"https:\/\/claydondrill.com\/fr\/wp-json\/wp\/v2\/types\/product"}],"wp:featuredmedia":[{"embeddable":true,"href":"https:\/\/claydondrill.com\/fr\/wp-json\/wp\/v2\/media\/83745"}],"wp:attachment":[{"href":"https:\/\/claydondrill.com\/fr\/wp-json\/wp\/v2\/media?parent=89180"}],"wp:term":[{"taxonomy":"product_brand","embeddable":true,"href":"https:\/\/claydondrill.com\/fr\/wp-json\/wp\/v2\/product_brand?post=89180"},{"taxonomy":"product_cat","embeddable":true,"href":"https:\/\/claydondrill.com\/fr\/wp-json\/wp\/v2\/product_cat?post=89180"},{"taxonomy":"product_tag","embeddable":true,"href":"https:\/\/claydondrill.com\/fr\/wp-json\/wp\/v2\/product_tag?post=89180"}],"curies":[{"name":"wp","href":"https:\/\/api.w.org\/{rel}","templated":true}]}}