{"id":89179,"date":"2020-08-25T07:06:49","date_gmt":"2020-08-25T07:06:49","guid":{"rendered":"https:\/\/claydondrill.com\/product\/12-3m\/"},"modified":"2022-03-23T11:40:23","modified_gmt":"2022-03-23T11:40:23","slug":"12-3m","status":"publish","type":"product","link":"https:\/\/claydondrill.com\/fr\/product\/12-3m\/","title":{"rendered":"Rouleaux Cambridge de 12,30 m"},"content":{"rendered":"<div class=\"wpb-content-wrapper\"><p>[vc_row][vc_column][vc_custom_heading text=&#8221;Caract\u00e9ristiques de conception&#8221; use_theme_fonts=&#8221;yes&#8221;][vc_tta_accordion][vc_tta_section title=&#8221;Facilit\u00e9 de mise en place&#8221; tab_id=&#8221;1592830786278-25940583-c2e3&#8243;][vc_column_text]<\/p>\n<ul>\n<li>Effectu\u00e9e depuis le si\u00e8ge du tracteur<\/li>\n<li>Trois jeux de distributeurs \u00e0 tiroirs cylindriques pour le d\u00e9ploiement<\/li>\n<\/ul>\n<p>[\/vc_column_text][\/vc_tta_section][vc_tta_section title=&#8221;Performances optimales&#8221; tab_id=&#8221;1598338771407-409d47ac-9373&#8243;][vc_column_text]<\/p>\n<ul>\n<li>Le syst\u00e8me de transfert de charge assure une consolidation uniforme sur toute la largeur de travail<\/li>\n<li>Le v\u00e9rin central est laiss\u00e9 en position flottante et les v\u00e9rins lat\u00e9raux sont sous pression\u200b<\/li>\n<\/ul>\n<p>[\/vc_column_text][\/vc_tta_section][vc_tta_section title=&#8221;Lourds et robustes&#8221; tab_id=&#8221;1598338826550-282d4aca-a24e&#8221;][vc_column_text]<\/p>\n<ul>\n<li>Anneaux brise-mottes et Cambrige de 600\u00a0mm en fonte<\/li>\n<li>Essieu renforc\u00e9 \u00e0 freins hydrauliques<\/li>\n<li>Pneus basse pression 520\/50-17, qui r\u00e9duisent au minimum l\u2019effet du passage des roues<\/li>\n<\/ul>\n<p>[\/vc_column_text][\/vc_tta_section][vc_tta_section title=&#8221;Facilit\u00e9 de man\u0153uvre&#8221; tab_id=&#8221;1598338867905-95083066-18e2&#8243;][vc_column_text]<\/p>\n<ul>\n<li>Gr\u00e2ce \u00e0 leur bas centre de gravit\u00e9 et leur excellente visibilit\u00e9, les rouleaux Claydon sont sans danger et faciles \u00e0 man\u0153uvrer entre les champs<\/li>\n<\/ul>\n<p>[\/vc_column_text][\/vc_tta_section][\/vc_tta_accordion][\/vc_column][\/vc_row]<\/p>\n<\/div>","protected":false},"excerpt":{"rendered":"<p>Le mod\u00e8le de 12,30\u00a0m, le plus grand de la gamme des rouleaux Cambridge de Claydon, a un centre de gravit\u00e9 bas et une excellente visibilit\u00e9, ce qui le rend s\u00fbr et facile \u00e0 man\u0153uvrer entre les champs.\u00a0 Les 5 sections de 2,50\u00a0m se rabattent horizontalement pour mesurer moins de 2,85\u00a0m lors du transport routier.<strong>\u00a0 <\/strong><\/p>\n<p>La r\u00e9partition des 8 400 kg des rouleaux Claydon sur 12,30 m de largeur repr\u00e9sente une pression de 683 kg par m\u00e8tre. Le syst\u00e8me de transfert de charge garantit une consolidation uniforme sur toute la largeur de travail de la machine. Les anneaux brise-mottes de 600 mm travaillant sur un arbre de 60 mm permettent aux rouleaux de tasser l\u2019int\u00e9rieur des rangs de semences, pour une finition sans compromis.<\/p>\n<p>Les rouleaux de 12,30\u00a0m fonctionnent parfaitement avec un jalonnage de 24\u00a0m et r\u00e9duisent au minimum le passage des roues du tracteur dans le champ.<\/p>\n","protected":false},"featured_media":83739,"template":"","meta":{"inline_featured_image":false},"product_brand":[],"product_cat":[],"product_tag":[],"class_list":{"0":"post-89179","1":"product","2":"type-product","3":"status-publish","4":"has-post-thumbnail","7":"first","8":"instock","9":"shipping-taxable","10":"product-type-simple"},"yoast_head":"<!-- This site is optimized with the Yoast SEO plugin v27.1.1 - https:\/\/yoast.com\/product\/yoast-seo-wordpress\/ -->\n<title>Rouleaux Cambridge de 12,30 m | Cambridge Rolls For Sale | Claydon<\/title>\n<meta name=\"description\" content=\"Wanting effective crop establishment &amp; thorough soil consolidation? Claydon&#039;s 12.3m Cambridge Rolls give your crops an uncompromised start. Learn more.\" \/>\n<meta name=\"robots\" content=\"index, follow, max-snippet:-1, max-image-preview:large, max-video-preview:-1\" \/>\n<link rel=\"canonical\" href=\"https:\/\/claydondrill.com\/fr\/product\/12-3m\/\" \/>\n<meta property=\"og:locale\" content=\"fr_FR\" \/>\n<meta property=\"og:type\" content=\"article\" \/>\n<meta property=\"og:title\" content=\"Rouleaux Cambridge de 12,30 m | Cambridge Rolls For Sale | Claydon\" \/>\n<meta property=\"og:description\" content=\"Wanting effective crop establishment &amp; thorough soil consolidation? Claydon&#039;s 12.3m Cambridge Rolls give your crops an uncompromised start. Learn more.\" \/>\n<meta property=\"og:url\" content=\"https:\/\/claydondrill.com\/fr\/product\/12-3m\/\" \/>\n<meta property=\"og:site_name\" content=\"Claydon Drill Seed\" \/>\n<meta property=\"article:modified_time\" content=\"2022-03-23T11:40:23+00:00\" \/>\n<meta property=\"og:image\" content=\"https:\/\/claydondrill.com\/wp-content\/uploads\/2020\/10\/12.3-Rolls-DSC_0945.jpg\" \/>\n\t<meta property=\"og:image:width\" content=\"2500\" \/>\n\t<meta property=\"og:image:height\" content=\"1674\" \/>\n\t<meta property=\"og:image:type\" content=\"image\/jpeg\" \/>\n<meta name=\"twitter:card\" content=\"summary_large_image\" \/>\n<meta name=\"twitter:label1\" content=\"Dur\u00e9e de lecture estim\u00e9e\" \/>\n\t<meta name=\"twitter:data1\" content=\"1 minute\" \/>\n<script type=\"application\/ld+json\" class=\"yoast-schema-graph\">{\"@context\":\"https:\/\/schema.org\",\"@graph\":[{\"@type\":\"WebPage\",\"@id\":\"https:\/\/claydondrill.com\/fr\/product\/12-3m\/\",\"url\":\"https:\/\/claydondrill.com\/fr\/product\/12-3m\/\",\"name\":\"Rouleaux Cambridge de 12,30 m | Cambridge Rolls For Sale | Claydon\",\"isPartOf\":{\"@id\":\"https:\/\/claydondrill.com\/fr\/#website\"},\"primaryImageOfPage\":{\"@id\":\"https:\/\/claydondrill.com\/fr\/product\/12-3m\/#primaryimage\"},\"image\":{\"@id\":\"https:\/\/claydondrill.com\/fr\/product\/12-3m\/#primaryimage\"},\"thumbnailUrl\":\"https:\/\/claydondrill.com\/wp-content\/uploads\/2020\/10\/12.3-Rolls-DSC_0945.jpg\",\"datePublished\":\"2020-08-25T07:06:49+00:00\",\"dateModified\":\"2022-03-23T11:40:23+00:00\",\"description\":\"Wanting effective crop establishment & thorough soil consolidation? Claydon's 12.3m Cambridge Rolls give your crops an uncompromised start. Learn more.\",\"breadcrumb\":{\"@id\":\"https:\/\/claydondrill.com\/fr\/product\/12-3m\/#breadcrumb\"},\"inLanguage\":\"fr-FR\",\"potentialAction\":[{\"@type\":\"ReadAction\",\"target\":[\"https:\/\/claydondrill.com\/fr\/product\/12-3m\/\"]}]},{\"@type\":\"ImageObject\",\"inLanguage\":\"fr-FR\",\"@id\":\"https:\/\/claydondrill.com\/fr\/product\/12-3m\/#primaryimage\",\"url\":\"https:\/\/claydondrill.com\/wp-content\/uploads\/2020\/10\/12.3-Rolls-DSC_0945.jpg\",\"contentUrl\":\"https:\/\/claydondrill.com\/wp-content\/uploads\/2020\/10\/12.3-Rolls-DSC_0945.jpg\",\"width\":2500,\"height\":1674},{\"@type\":\"BreadcrumbList\",\"@id\":\"https:\/\/claydondrill.com\/fr\/product\/12-3m\/#breadcrumb\",\"itemListElement\":[{\"@type\":\"ListItem\",\"position\":1,\"name\":\"Home\",\"item\":\"https:\/\/claydondrill.com\/fr\/\"},{\"@type\":\"ListItem\",\"position\":2,\"name\":\"Rouleaux Cambridge de 12,30 m\"}]},{\"@type\":\"WebSite\",\"@id\":\"https:\/\/claydondrill.com\/fr\/#website\",\"url\":\"https:\/\/claydondrill.com\/fr\/\",\"name\":\"Claydon Drill Seed\",\"description\":\"\",\"potentialAction\":[{\"@type\":\"SearchAction\",\"target\":{\"@type\":\"EntryPoint\",\"urlTemplate\":\"https:\/\/claydondrill.com\/fr\/?s={search_term_string}\"},\"query-input\":{\"@type\":\"PropertyValueSpecification\",\"valueRequired\":true,\"valueName\":\"search_term_string\"}}],\"inLanguage\":\"fr-FR\"}]}<\/script>\n<!-- \/ Yoast SEO plugin. -->","yoast_head_json":{"title":"Rouleaux Cambridge de 12,30 m | Cambridge Rolls For Sale | Claydon","description":"Wanting effective crop establishment & thorough soil consolidation? Claydon's 12.3m Cambridge Rolls give your crops an uncompromised start. Learn more.","robots":{"index":"index","follow":"follow","max-snippet":"max-snippet:-1","max-image-preview":"max-image-preview:large","max-video-preview":"max-video-preview:-1"},"canonical":"https:\/\/claydondrill.com\/fr\/product\/12-3m\/","og_locale":"fr_FR","og_type":"article","og_title":"Rouleaux Cambridge de 12,30 m | Cambridge Rolls For Sale | Claydon","og_description":"Wanting effective crop establishment & thorough soil consolidation? Claydon's 12.3m Cambridge Rolls give your crops an uncompromised start. Learn more.","og_url":"https:\/\/claydondrill.com\/fr\/product\/12-3m\/","og_site_name":"Claydon Drill Seed","article_modified_time":"2022-03-23T11:40:23+00:00","og_image":[{"width":2500,"height":1674,"url":"https:\/\/claydondrill.com\/wp-content\/uploads\/2020\/10\/12.3-Rolls-DSC_0945.jpg","type":"image\/jpeg"}],"twitter_card":"summary_large_image","twitter_misc":{"Dur\u00e9e de lecture estim\u00e9e":"1 minute"},"schema":{"@context":"https:\/\/schema.org","@graph":[{"@type":"WebPage","@id":"https:\/\/claydondrill.com\/fr\/product\/12-3m\/","url":"https:\/\/claydondrill.com\/fr\/product\/12-3m\/","name":"Rouleaux Cambridge de 12,30 m | Cambridge Rolls For Sale | Claydon","isPartOf":{"@id":"https:\/\/claydondrill.com\/fr\/#website"},"primaryImageOfPage":{"@id":"https:\/\/claydondrill.com\/fr\/product\/12-3m\/#primaryimage"},"image":{"@id":"https:\/\/claydondrill.com\/fr\/product\/12-3m\/#primaryimage"},"thumbnailUrl":"https:\/\/claydondrill.com\/wp-content\/uploads\/2020\/10\/12.3-Rolls-DSC_0945.jpg","datePublished":"2020-08-25T07:06:49+00:00","dateModified":"2022-03-23T11:40:23+00:00","description":"Wanting effective crop establishment & thorough soil consolidation? Claydon's 12.3m Cambridge Rolls give your crops an uncompromised start. Learn more.","breadcrumb":{"@id":"https:\/\/claydondrill.com\/fr\/product\/12-3m\/#breadcrumb"},"inLanguage":"fr-FR","potentialAction":[{"@type":"ReadAction","target":["https:\/\/claydondrill.com\/fr\/product\/12-3m\/"]}]},{"@type":"ImageObject","inLanguage":"fr-FR","@id":"https:\/\/claydondrill.com\/fr\/product\/12-3m\/#primaryimage","url":"https:\/\/claydondrill.com\/wp-content\/uploads\/2020\/10\/12.3-Rolls-DSC_0945.jpg","contentUrl":"https:\/\/claydondrill.com\/wp-content\/uploads\/2020\/10\/12.3-Rolls-DSC_0945.jpg","width":2500,"height":1674},{"@type":"BreadcrumbList","@id":"https:\/\/claydondrill.com\/fr\/product\/12-3m\/#breadcrumb","itemListElement":[{"@type":"ListItem","position":1,"name":"Home","item":"https:\/\/claydondrill.com\/fr\/"},{"@type":"ListItem","position":2,"name":"Rouleaux Cambridge de 12,30 m"}]},{"@type":"WebSite","@id":"https:\/\/claydondrill.com\/fr\/#website","url":"https:\/\/claydondrill.com\/fr\/","name":"Claydon Drill Seed","description":"","potentialAction":[{"@type":"SearchAction","target":{"@type":"EntryPoint","urlTemplate":"https:\/\/claydondrill.com\/fr\/?s={search_term_string}"},"query-input":{"@type":"PropertyValueSpecification","valueRequired":true,"valueName":"search_term_string"}}],"inLanguage":"fr-FR"}]}},"_links":{"self":[{"href":"https:\/\/claydondrill.com\/fr\/wp-json\/wp\/v2\/product\/89179","targetHints":{"allow":["GET"]}}],"collection":[{"href":"https:\/\/claydondrill.com\/fr\/wp-json\/wp\/v2\/product"}],"about":[{"href":"https:\/\/claydondrill.com\/fr\/wp-json\/wp\/v2\/types\/product"}],"wp:featuredmedia":[{"embeddable":true,"href":"https:\/\/claydondrill.com\/fr\/wp-json\/wp\/v2\/media\/83739"}],"wp:attachment":[{"href":"https:\/\/claydondrill.com\/fr\/wp-json\/wp\/v2\/media?parent=89179"}],"wp:term":[{"taxonomy":"product_brand","embeddable":true,"href":"https:\/\/claydondrill.com\/fr\/wp-json\/wp\/v2\/product_brand?post=89179"},{"taxonomy":"product_cat","embeddable":true,"href":"https:\/\/claydondrill.com\/fr\/wp-json\/wp\/v2\/product_cat?post=89179"},{"taxonomy":"product_tag","embeddable":true,"href":"https:\/\/claydondrill.com\/fr\/wp-json\/wp\/v2\/product_tag?post=89179"}],"curies":[{"name":"wp","href":"https:\/\/api.w.org\/{rel}","templated":true}]}}