{"id":89175,"date":"2020-08-21T21:53:22","date_gmt":"2020-08-21T21:53:22","guid":{"rendered":"https:\/\/claydondrill.com\/product\/6m-terrastar\/"},"modified":"2022-09-22T09:29:37","modified_gmt":"2022-09-22T09:29:37","slug":"6m-terrastar","status":"publish","type":"product","link":"https:\/\/claydondrill.com\/fr\/product\/6m-terrastar\/","title":{"rendered":"TerraStar de 6m"},"content":{"rendered":"<div class=\"wpb-content-wrapper\"><p>[vc_row][vc_column][vc_custom_heading text=&#8221;Caract\u00e9ristiques de conception&#8221; use_theme_fonts=&#8221;yes&#8221; css=&#8221;.vc_custom_1628505349663{border-bottom-width: 20px !important;}&#8221;][vc_tta_accordion][vc_tta_section title=&#8221;Retournement du sol dans modification de sa structure&#8221; tab_id=&#8221;1592830786278-25940583-c2e3&#8243;][vc_column_text]<\/p>\n<ul>\n<li>Les \u00ab\u00a0pointes en \u00e9toile\u00a0\u00bb rotatives plac\u00e9es selon un motif de grille de 200\u00a0mm cr\u00e9ent des mottes carr\u00e9es de 80\u00a0mm\u00b2 et un effet de \u00ab\u00a0bo\u00eete \u00e0 \u0153ufs\u00a0\u00bb.<\/li>\n<\/ul>\n<p>[\/vc_column_text][\/vc_tta_section][vc_tta_section title=&#8221;Commande de la profondeur&#8221; tab_id=&#8221;1592830786302-1f2f3fdb-18c2&#8243;][vc_column_text]<\/p>\n<ul>\n<li>Les roues de profondeur permettent un contr\u00f4le pr\u00e9cis de la profondeur pour les passages multiples.<\/li>\n<\/ul>\n<p>[\/vc_column_text][\/vc_tta_section][vc_tta_section title=&#8221;Consolidation&#8221; tab_id=&#8221;1592830786325-679294e8-f7b0&#8243;][vc_column_text]<\/p>\n<ul>\n<li>Herse arri\u00e8re en option<\/li>\n<\/ul>\n<p>[\/vc_column_text][\/vc_tta_section][\/vc_tta_accordion][\/vc_column][\/vc_row]<\/p>\n<\/div>","protected":false},"excerpt":{"rendered":"<p>[vc_row][vc_column][vc_custom_heading text=&#8221;Caract\u00e9ristiques de conception&#8221; use_theme_fonts=&#8221;yes&#8221; css=&#8221;.vc_custom_1628505349663{border-bottom-width: 20px !important;}&#8221;][vc_tta_accordion][vc_tta_section title=&#8221;Retournement du sol dans modification de sa structure&#8221; tab_id=&#8221;1592830786278-25940583-c2e3&#8243;][vc_column_text] Les \u00ab\u00a0pointes en<\/p>\n","protected":false},"featured_media":88399,"template":"","meta":{"inline_featured_image":false},"product_brand":[],"product_cat":[180],"product_tag":[],"class_list":{"0":"post-89175","1":"product","2":"type-product","3":"status-publish","4":"has-post-thumbnail","6":"product_cat-products-fr","8":"first","9":"instock","10":"shipping-taxable","11":"product-type-simple"},"yoast_head":"<!-- This site is optimized with the Yoast SEO plugin v27.1.1 - https:\/\/yoast.com\/product\/yoast-seo-wordpress\/ -->\n<title>6m TerraStar | Tractor Rotavator | Rotary Cultivator | Claydon<\/title>\n<meta name=\"description\" content=\"Looking for a 6m rotary cultivator for your tractor? Check out Claydon Drills. Our tractor rotavators are fast, effective &amp; low-cost in operation.\" \/>\n<meta name=\"robots\" content=\"index, follow, max-snippet:-1, max-image-preview:large, max-video-preview:-1\" \/>\n<link rel=\"canonical\" href=\"https:\/\/claydondrill.com\/fr\/product\/6m-terrastar\/\" \/>\n<meta property=\"og:locale\" content=\"fr_FR\" \/>\n<meta property=\"og:type\" content=\"article\" \/>\n<meta property=\"og:title\" content=\"6m TerraStar | Tractor Rotavator | Rotary Cultivator | Claydon\" \/>\n<meta property=\"og:description\" content=\"Looking for a 6m rotary cultivator for your tractor? Check out Claydon Drills. Our tractor rotavators are fast, effective &amp; low-cost in operation.\" \/>\n<meta property=\"og:url\" content=\"https:\/\/claydondrill.com\/fr\/product\/6m-terrastar\/\" \/>\n<meta property=\"og:site_name\" content=\"Claydon Drill Seed\" \/>\n<meta property=\"article:modified_time\" content=\"2022-09-22T09:29:37+00:00\" \/>\n<meta property=\"og:image\" content=\"https:\/\/claydondrill.com\/wp-content\/uploads\/2020\/10\/6m-TerraStar-3.jpg\" \/>\n\t<meta property=\"og:image:width\" content=\"2500\" \/>\n\t<meta property=\"og:image:height\" content=\"1674\" \/>\n\t<meta property=\"og:image:type\" content=\"image\/jpeg\" \/>\n<meta name=\"twitter:card\" content=\"summary_large_image\" \/>\n<meta name=\"twitter:label1\" content=\"Dur\u00e9e de lecture estim\u00e9e\" \/>\n\t<meta name=\"twitter:data1\" content=\"1 minute\" \/>\n<script type=\"application\/ld+json\" class=\"yoast-schema-graph\">{\"@context\":\"https:\/\/schema.org\",\"@graph\":[{\"@type\":\"WebPage\",\"@id\":\"https:\/\/claydondrill.com\/fr\/product\/6m-terrastar\/\",\"url\":\"https:\/\/claydondrill.com\/fr\/product\/6m-terrastar\/\",\"name\":\"6m TerraStar | Tractor Rotavator | Rotary Cultivator | Claydon\",\"isPartOf\":{\"@id\":\"https:\/\/claydondrill.com\/fr\/#website\"},\"primaryImageOfPage\":{\"@id\":\"https:\/\/claydondrill.com\/fr\/product\/6m-terrastar\/#primaryimage\"},\"image\":{\"@id\":\"https:\/\/claydondrill.com\/fr\/product\/6m-terrastar\/#primaryimage\"},\"thumbnailUrl\":\"https:\/\/claydondrill.com\/wp-content\/uploads\/2020\/10\/6m-TerraStar-3.jpg\",\"datePublished\":\"2020-08-21T21:53:22+00:00\",\"dateModified\":\"2022-09-22T09:29:37+00:00\",\"description\":\"Looking for a 6m rotary cultivator for your tractor? Check out Claydon Drills. Our tractor rotavators are fast, effective & low-cost in operation.\",\"breadcrumb\":{\"@id\":\"https:\/\/claydondrill.com\/fr\/product\/6m-terrastar\/#breadcrumb\"},\"inLanguage\":\"fr-FR\",\"potentialAction\":[{\"@type\":\"ReadAction\",\"target\":[\"https:\/\/claydondrill.com\/fr\/product\/6m-terrastar\/\"]}]},{\"@type\":\"ImageObject\",\"inLanguage\":\"fr-FR\",\"@id\":\"https:\/\/claydondrill.com\/fr\/product\/6m-terrastar\/#primaryimage\",\"url\":\"https:\/\/claydondrill.com\/wp-content\/uploads\/2020\/10\/6m-TerraStar-3.jpg\",\"contentUrl\":\"https:\/\/claydondrill.com\/wp-content\/uploads\/2020\/10\/6m-TerraStar-3.jpg\",\"width\":2500,\"height\":1674},{\"@type\":\"BreadcrumbList\",\"@id\":\"https:\/\/claydondrill.com\/fr\/product\/6m-terrastar\/#breadcrumb\",\"itemListElement\":[{\"@type\":\"ListItem\",\"position\":1,\"name\":\"Home\",\"item\":\"https:\/\/claydondrill.com\/fr\/\"},{\"@type\":\"ListItem\",\"position\":2,\"name\":\"TerraStar de 6m\"}]},{\"@type\":\"WebSite\",\"@id\":\"https:\/\/claydondrill.com\/fr\/#website\",\"url\":\"https:\/\/claydondrill.com\/fr\/\",\"name\":\"Claydon Drill Seed\",\"description\":\"\",\"potentialAction\":[{\"@type\":\"SearchAction\",\"target\":{\"@type\":\"EntryPoint\",\"urlTemplate\":\"https:\/\/claydondrill.com\/fr\/?s={search_term_string}\"},\"query-input\":{\"@type\":\"PropertyValueSpecification\",\"valueRequired\":true,\"valueName\":\"search_term_string\"}}],\"inLanguage\":\"fr-FR\"}]}<\/script>\n<!-- \/ Yoast SEO plugin. -->","yoast_head_json":{"title":"6m TerraStar | Tractor Rotavator | Rotary Cultivator | Claydon","description":"Looking for a 6m rotary cultivator for your tractor? Check out Claydon Drills. Our tractor rotavators are fast, effective & low-cost in operation.","robots":{"index":"index","follow":"follow","max-snippet":"max-snippet:-1","max-image-preview":"max-image-preview:large","max-video-preview":"max-video-preview:-1"},"canonical":"https:\/\/claydondrill.com\/fr\/product\/6m-terrastar\/","og_locale":"fr_FR","og_type":"article","og_title":"6m TerraStar | Tractor Rotavator | Rotary Cultivator | Claydon","og_description":"Looking for a 6m rotary cultivator for your tractor? Check out Claydon Drills. Our tractor rotavators are fast, effective & low-cost in operation.","og_url":"https:\/\/claydondrill.com\/fr\/product\/6m-terrastar\/","og_site_name":"Claydon Drill Seed","article_modified_time":"2022-09-22T09:29:37+00:00","og_image":[{"width":2500,"height":1674,"url":"https:\/\/claydondrill.com\/wp-content\/uploads\/2020\/10\/6m-TerraStar-3.jpg","type":"image\/jpeg"}],"twitter_card":"summary_large_image","twitter_misc":{"Dur\u00e9e de lecture estim\u00e9e":"1 minute"},"schema":{"@context":"https:\/\/schema.org","@graph":[{"@type":"WebPage","@id":"https:\/\/claydondrill.com\/fr\/product\/6m-terrastar\/","url":"https:\/\/claydondrill.com\/fr\/product\/6m-terrastar\/","name":"6m TerraStar | Tractor Rotavator | Rotary Cultivator | Claydon","isPartOf":{"@id":"https:\/\/claydondrill.com\/fr\/#website"},"primaryImageOfPage":{"@id":"https:\/\/claydondrill.com\/fr\/product\/6m-terrastar\/#primaryimage"},"image":{"@id":"https:\/\/claydondrill.com\/fr\/product\/6m-terrastar\/#primaryimage"},"thumbnailUrl":"https:\/\/claydondrill.com\/wp-content\/uploads\/2020\/10\/6m-TerraStar-3.jpg","datePublished":"2020-08-21T21:53:22+00:00","dateModified":"2022-09-22T09:29:37+00:00","description":"Looking for a 6m rotary cultivator for your tractor? Check out Claydon Drills. Our tractor rotavators are fast, effective & low-cost in operation.","breadcrumb":{"@id":"https:\/\/claydondrill.com\/fr\/product\/6m-terrastar\/#breadcrumb"},"inLanguage":"fr-FR","potentialAction":[{"@type":"ReadAction","target":["https:\/\/claydondrill.com\/fr\/product\/6m-terrastar\/"]}]},{"@type":"ImageObject","inLanguage":"fr-FR","@id":"https:\/\/claydondrill.com\/fr\/product\/6m-terrastar\/#primaryimage","url":"https:\/\/claydondrill.com\/wp-content\/uploads\/2020\/10\/6m-TerraStar-3.jpg","contentUrl":"https:\/\/claydondrill.com\/wp-content\/uploads\/2020\/10\/6m-TerraStar-3.jpg","width":2500,"height":1674},{"@type":"BreadcrumbList","@id":"https:\/\/claydondrill.com\/fr\/product\/6m-terrastar\/#breadcrumb","itemListElement":[{"@type":"ListItem","position":1,"name":"Home","item":"https:\/\/claydondrill.com\/fr\/"},{"@type":"ListItem","position":2,"name":"TerraStar de 6m"}]},{"@type":"WebSite","@id":"https:\/\/claydondrill.com\/fr\/#website","url":"https:\/\/claydondrill.com\/fr\/","name":"Claydon Drill Seed","description":"","potentialAction":[{"@type":"SearchAction","target":{"@type":"EntryPoint","urlTemplate":"https:\/\/claydondrill.com\/fr\/?s={search_term_string}"},"query-input":{"@type":"PropertyValueSpecification","valueRequired":true,"valueName":"search_term_string"}}],"inLanguage":"fr-FR"}]}},"_links":{"self":[{"href":"https:\/\/claydondrill.com\/fr\/wp-json\/wp\/v2\/product\/89175","targetHints":{"allow":["GET"]}}],"collection":[{"href":"https:\/\/claydondrill.com\/fr\/wp-json\/wp\/v2\/product"}],"about":[{"href":"https:\/\/claydondrill.com\/fr\/wp-json\/wp\/v2\/types\/product"}],"wp:featuredmedia":[{"embeddable":true,"href":"https:\/\/claydondrill.com\/fr\/wp-json\/wp\/v2\/media\/88399"}],"wp:attachment":[{"href":"https:\/\/claydondrill.com\/fr\/wp-json\/wp\/v2\/media?parent=89175"}],"wp:term":[{"taxonomy":"product_brand","embeddable":true,"href":"https:\/\/claydondrill.com\/fr\/wp-json\/wp\/v2\/product_brand?post=89175"},{"taxonomy":"product_cat","embeddable":true,"href":"https:\/\/claydondrill.com\/fr\/wp-json\/wp\/v2\/product_cat?post=89175"},{"taxonomy":"product_tag","embeddable":true,"href":"https:\/\/claydondrill.com\/fr\/wp-json\/wp\/v2\/product_tag?post=89175"}],"curies":[{"name":"wp","href":"https:\/\/api.w.org\/{rel}","templated":true}]}}