{"id":89152,"date":"2020-08-24T22:09:44","date_gmt":"2020-08-24T22:09:44","guid":{"rendered":"https:\/\/claydondrill.com\/?post_type=product&#038;p=89152"},"modified":"2025-11-28T16:49:33","modified_gmt":"2025-11-28T15:49:33","slug":"4-8m-terrablade","status":"publish","type":"product","link":"https:\/\/claydondrill.com\/fr\/product\/4-8m-terrablade\/","title":{"rendered":"TerraBlade de 4,8 m"},"content":{"rendered":"<div class=\"wpb-content-wrapper\"><p>[vc_row][vc_column][vc_custom_heading text=&#8221;Caract\u00e9ristiques de conception&#8221; use_theme_fonts=&#8221;yes&#8221; css=&#8221;.vc_custom_1628502989936{border-bottom-width: 20px !important;}&#8221;][vc_tta_accordion][vc_tta_section title=&#8221;Dents con\u00e7ues par Claydon&#8221; tab_id=&#8221;1592830786278-25940583-c2e3&#8243;][vc_column_text]<\/p>\n<ul>\n<li>Lames \u00ab\u00a0Blades\u00a0\u00bb de 125, 150, 175 ou 200\u00a0mm<\/li>\n<li>Rev\u00eatement en carbure de tungst\u00e8ne qui renforce la r\u00e9sistance \u00e0 l\u2019usure et permet la p\u00e9n\u00e9tration plus profonde, m\u00eame dans un sol dur et sec<\/li>\n<li>Ajustement de la pression aux divers types de sols et diverses conditions<\/li>\n<li>Ajustement \u00e0 n\u2019importe quelle largeur de rang, sans limites, pour une utilisation dans n\u2019importe quel syst\u00e8me de semis en bandes<\/li>\n<li>Les ailettes orient\u00e9es vers le haut garantissent une action de coupe dans toute la largeur de la lame et conservent leur forme plus longtemps<\/li>\n<li>Cette forme r\u00e9duit la projection de terre<\/li>\n<\/ul>\n<p><img decoding=\"async\" class=\"alignnone wp-image-83782\" src=\"https:\/\/claydondrill.com\/wp-content\/uploads\/2021\/02\/TerraBlade-125mm-Blade-scaled-300x232.jpg\" alt=\"TerraBlade 125mm Blade\" width=\"200\" height=\"155\" srcset=\"https:\/\/claydondrill.com\/wp-content\/uploads\/2021\/02\/TerraBlade-125mm-Blade-scaled-300x232.jpg 300w, https:\/\/claydondrill.com\/wp-content\/uploads\/2021\/02\/TerraBlade-125mm-Blade-scaled-1024x791.jpg 1024w, https:\/\/claydondrill.com\/wp-content\/uploads\/2021\/02\/TerraBlade-125mm-Blade-768x593.jpg 768w, https:\/\/claydondrill.com\/wp-content\/uploads\/2021\/02\/TerraBlade-125mm-Blade-1536x1187.jpg 1536w, https:\/\/claydondrill.com\/wp-content\/uploads\/2021\/02\/TerraBlade-125mm-Blade-2048x1582.jpg 2048w, https:\/\/claydondrill.com\/wp-content\/uploads\/2021\/02\/TerraBlade-125mm-Blade-600x464.jpg 600w\" sizes=\"(max-width: 200px) 100vw, 200px\" \/><img decoding=\"async\" class=\"alignnone wp-image-83785\" src=\"https:\/\/claydondrill.com\/wp-content\/uploads\/2021\/02\/TerraBlade-150mm-Blade-scaled.jpg\" alt=\"TerraBlade 150mm Blade\" width=\"200\" height=\"155\" srcset=\"https:\/\/claydondrill.com\/wp-content\/uploads\/2021\/02\/TerraBlade-150mm-Blade-scaled.jpg 2560w, https:\/\/claydondrill.com\/wp-content\/uploads\/2021\/02\/TerraBlade-150mm-Blade-scaled-300x232.jpg 300w, https:\/\/claydondrill.com\/wp-content\/uploads\/2021\/02\/TerraBlade-150mm-Blade-scaled-1024x791.jpg 1024w, https:\/\/claydondrill.com\/wp-content\/uploads\/2021\/02\/TerraBlade-150mm-Blade-768x593.jpg 768w, https:\/\/claydondrill.com\/wp-content\/uploads\/2021\/02\/TerraBlade-150mm-Blade-1536x1187.jpg 1536w, https:\/\/claydondrill.com\/wp-content\/uploads\/2021\/02\/TerraBlade-150mm-Blade-2048x1582.jpg 2048w, https:\/\/claydondrill.com\/wp-content\/uploads\/2021\/02\/TerraBlade-150mm-Blade-600x464.jpg 600w\" sizes=\"(max-width: 200px) 100vw, 200px\" \/><img decoding=\"async\" class=\"alignnone wp-image-83788\" src=\"https:\/\/claydondrill.com\/wp-content\/uploads\/2021\/02\/TerraBlade-175mm-Blade-scaled-300x232.jpg\" alt=\"TerraBlade 175mm Blade\" width=\"200\" height=\"155\" srcset=\"https:\/\/claydondrill.com\/wp-content\/uploads\/2021\/02\/TerraBlade-175mm-Blade-scaled-300x232.jpg 300w, https:\/\/claydondrill.com\/wp-content\/uploads\/2021\/02\/TerraBlade-175mm-Blade-scaled-1024x791.jpg 1024w, https:\/\/claydondrill.com\/wp-content\/uploads\/2021\/02\/TerraBlade-175mm-Blade-768x593.jpg 768w, https:\/\/claydondrill.com\/wp-content\/uploads\/2021\/02\/TerraBlade-175mm-Blade-1536x1187.jpg 1536w, https:\/\/claydondrill.com\/wp-content\/uploads\/2021\/02\/TerraBlade-175mm-Blade-2048x1582.jpg 2048w, https:\/\/claydondrill.com\/wp-content\/uploads\/2021\/02\/TerraBlade-175mm-Blade-600x464.jpg 600w\" sizes=\"(max-width: 200px) 100vw, 200px\" \/><img decoding=\"async\" class=\"alignnone wp-image-83791\" src=\"https:\/\/claydondrill.com\/wp-content\/uploads\/2021\/02\/TerraBlade-200mm-Blade-scaled-300x232.jpg\" alt=\"TerraBlade 200mm Blade\" width=\"200\" height=\"155\" srcset=\"https:\/\/claydondrill.com\/wp-content\/uploads\/2021\/02\/TerraBlade-200mm-Blade-scaled-300x232.jpg 300w, https:\/\/claydondrill.com\/wp-content\/uploads\/2021\/02\/TerraBlade-200mm-Blade-scaled-1024x791.jpg 1024w, https:\/\/claydondrill.com\/wp-content\/uploads\/2021\/02\/TerraBlade-200mm-Blade-768x593.jpg 768w, https:\/\/claydondrill.com\/wp-content\/uploads\/2021\/02\/TerraBlade-200mm-Blade-1536x1187.jpg 1536w, https:\/\/claydondrill.com\/wp-content\/uploads\/2021\/02\/TerraBlade-200mm-Blade-2048x1582.jpg 2048w, https:\/\/claydondrill.com\/wp-content\/uploads\/2021\/02\/TerraBlade-200mm-Blade-600x464.jpg 600w\" sizes=\"(max-width: 200px) 100vw, 200px\" \/>[\/vc_column_text][\/vc_tta_section][vc_tta_section title=&#8221;Conception robuste&#8221; tab_id=&#8221;1592830786302-1f2f3fdb-18c2&#8243;][vc_column_text]<\/p>\n<ul>\n<li>Structure renforc\u00e9e en tube d\u2019acier de section carr\u00e9e<\/li>\n<li>Fabriqu\u00e9e pour durer<\/li>\n<\/ul>\n<p>[\/vc_column_text][\/vc_tta_section][vc_tta_section title=&#8221;Facile \u00e0 utiliser et entretenir&#8221; tab_id=&#8221;1592830786325-679294e8-f7b0&#8243;][vc_column_text]<\/p>\n<ul>\n<li>Conception simple \u00e9vitant les complexit\u00e9s inutiles<\/li>\n<li>Faible co\u00fbt des pi\u00e8ces d\u2019usure et faible co\u00fbt d\u2019exploitation<\/li>\n<\/ul>\n<p>[\/vc_column_text][\/vc_tta_section][\/vc_tta_accordion][\/vc_column][\/vc_row]<\/p>\n<\/div>","protected":false},"excerpt":{"rendered":"<p>Le mod\u00e8le de 4,8\u00a0m est con\u00e7u pour tous les types de cultures sem\u00e9es en bandes. Les dents uniques con\u00e7ues par Claydon s\u2019enfoncent jusqu\u2019\u00e0 30\u00a0mm de profondeur et peuvent \u00eatre r\u00e9gl\u00e9es pour exercer diff\u00e9rentes pressions, en fonction de l\u2019\u00e9tat du sol. Ces lames sont rev\u00eatues de carbure de tungst\u00e8ne et existent en 125, 150, 175 et 200\u00a0mm.<\/p>\n","protected":false},"featured_media":83767,"template":"","meta":{"inline_featured_image":false},"product_brand":[],"product_cat":[180],"product_tag":[],"class_list":{"0":"post-89152","1":"product","2":"type-product","3":"status-publish","4":"has-post-thumbnail","6":"product_cat-products-fr","8":"first","9":"instock","10":"shipping-taxable","11":"product-type-simple"},"yoast_head":"<!-- This site is optimized with the Yoast SEO plugin v27.1.1 - https:\/\/yoast.com\/product\/yoast-seo-wordpress\/ -->\n<title>Lame Terra de 4,8 m | Cultivateur inter-rangs | Claydon<\/title>\n<meta name=\"description\" content=\"Our 4.8m TerraBlade inter-row hoe is a low-cost, mechanical method of controlling weeds in combinable band-sown crops. Learn about our inter row cultivator.\" \/>\n<meta name=\"robots\" content=\"index, follow, max-snippet:-1, max-image-preview:large, max-video-preview:-1\" \/>\n<link rel=\"canonical\" href=\"https:\/\/claydondrill.com\/fr\/product\/4-8m-terrablade\/\" \/>\n<meta property=\"og:locale\" content=\"fr_FR\" \/>\n<meta property=\"og:type\" content=\"article\" \/>\n<meta property=\"og:title\" content=\"Lame Terra de 4,8 m | Cultivateur inter-rangs | Claydon\" \/>\n<meta property=\"og:description\" content=\"Our 4.8m TerraBlade inter-row hoe is a low-cost, mechanical method of controlling weeds in combinable band-sown crops. Learn about our inter row cultivator.\" \/>\n<meta property=\"og:url\" content=\"https:\/\/claydondrill.com\/fr\/product\/4-8m-terrablade\/\" \/>\n<meta property=\"og:site_name\" content=\"Claydon Drill Seed\" \/>\n<meta property=\"article:modified_time\" content=\"2025-11-28T15:49:33+00:00\" \/>\n<meta property=\"og:image\" content=\"https:\/\/claydondrill.com\/wp-content\/uploads\/2021\/02\/TerraBlade-4.8m-Angled-scaled.jpg\" \/>\n\t<meta property=\"og:image:width\" content=\"2560\" \/>\n\t<meta property=\"og:image:height\" content=\"1810\" \/>\n\t<meta property=\"og:image:type\" content=\"image\/jpeg\" \/>\n<meta name=\"twitter:card\" content=\"summary_large_image\" \/>\n<meta name=\"twitter:label1\" content=\"Dur\u00e9e de lecture estim\u00e9e\" \/>\n\t<meta name=\"twitter:data1\" content=\"2 minutes\" \/>\n<script type=\"application\/ld+json\" class=\"yoast-schema-graph\">{\"@context\":\"https:\/\/schema.org\",\"@graph\":[{\"@type\":\"WebPage\",\"@id\":\"https:\/\/claydondrill.com\/fr\/product\/4-8m-terrablade\/\",\"url\":\"https:\/\/claydondrill.com\/fr\/product\/4-8m-terrablade\/\",\"name\":\"Lame Terra de 4,8 m | Cultivateur inter-rangs | Claydon\",\"isPartOf\":{\"@id\":\"https:\/\/claydondrill.com\/fr\/#website\"},\"primaryImageOfPage\":{\"@id\":\"https:\/\/claydondrill.com\/fr\/product\/4-8m-terrablade\/#primaryimage\"},\"image\":{\"@id\":\"https:\/\/claydondrill.com\/fr\/product\/4-8m-terrablade\/#primaryimage\"},\"thumbnailUrl\":\"https:\/\/claydondrill.com\/wp-content\/uploads\/2021\/02\/TerraBlade-4.8m-Angled-scaled.jpg\",\"datePublished\":\"2020-08-24T22:09:44+00:00\",\"dateModified\":\"2025-11-28T15:49:33+00:00\",\"description\":\"Our 4.8m TerraBlade inter-row hoe is a low-cost, mechanical method of controlling weeds in combinable band-sown crops. Learn about our inter row cultivator.\",\"breadcrumb\":{\"@id\":\"https:\/\/claydondrill.com\/fr\/product\/4-8m-terrablade\/#breadcrumb\"},\"inLanguage\":\"fr-FR\",\"potentialAction\":[{\"@type\":\"ReadAction\",\"target\":[\"https:\/\/claydondrill.com\/fr\/product\/4-8m-terrablade\/\"]}]},{\"@type\":\"ImageObject\",\"inLanguage\":\"fr-FR\",\"@id\":\"https:\/\/claydondrill.com\/fr\/product\/4-8m-terrablade\/#primaryimage\",\"url\":\"https:\/\/claydondrill.com\/wp-content\/uploads\/2021\/02\/TerraBlade-4.8m-Angled-scaled.jpg\",\"contentUrl\":\"https:\/\/claydondrill.com\/wp-content\/uploads\/2021\/02\/TerraBlade-4.8m-Angled-scaled.jpg\",\"width\":2560,\"height\":1810,\"caption\":\"4.8m TerraBlade Inter-row Hoe\"},{\"@type\":\"BreadcrumbList\",\"@id\":\"https:\/\/claydondrill.com\/fr\/product\/4-8m-terrablade\/#breadcrumb\",\"itemListElement\":[{\"@type\":\"ListItem\",\"position\":1,\"name\":\"Home\",\"item\":\"https:\/\/claydondrill.com\/fr\/\"},{\"@type\":\"ListItem\",\"position\":2,\"name\":\"TerraBlade de 4,8 m\"}]},{\"@type\":\"WebSite\",\"@id\":\"https:\/\/claydondrill.com\/fr\/#website\",\"url\":\"https:\/\/claydondrill.com\/fr\/\",\"name\":\"Claydon Drill Seed\",\"description\":\"\",\"potentialAction\":[{\"@type\":\"SearchAction\",\"target\":{\"@type\":\"EntryPoint\",\"urlTemplate\":\"https:\/\/claydondrill.com\/fr\/?s={search_term_string}\"},\"query-input\":{\"@type\":\"PropertyValueSpecification\",\"valueRequired\":true,\"valueName\":\"search_term_string\"}}],\"inLanguage\":\"fr-FR\"}]}<\/script>\n<!-- \/ Yoast SEO plugin. -->","yoast_head_json":{"title":"Lame Terra de 4,8 m | Cultivateur inter-rangs | Claydon","description":"Our 4.8m TerraBlade inter-row hoe is a low-cost, mechanical method of controlling weeds in combinable band-sown crops. Learn about our inter row cultivator.","robots":{"index":"index","follow":"follow","max-snippet":"max-snippet:-1","max-image-preview":"max-image-preview:large","max-video-preview":"max-video-preview:-1"},"canonical":"https:\/\/claydondrill.com\/fr\/product\/4-8m-terrablade\/","og_locale":"fr_FR","og_type":"article","og_title":"Lame Terra de 4,8 m | Cultivateur inter-rangs | Claydon","og_description":"Our 4.8m TerraBlade inter-row hoe is a low-cost, mechanical method of controlling weeds in combinable band-sown crops. Learn about our inter row cultivator.","og_url":"https:\/\/claydondrill.com\/fr\/product\/4-8m-terrablade\/","og_site_name":"Claydon Drill Seed","article_modified_time":"2025-11-28T15:49:33+00:00","og_image":[{"width":2560,"height":1810,"url":"https:\/\/claydondrill.com\/wp-content\/uploads\/2021\/02\/TerraBlade-4.8m-Angled-scaled.jpg","type":"image\/jpeg"}],"twitter_card":"summary_large_image","twitter_misc":{"Dur\u00e9e de lecture estim\u00e9e":"2 minutes"},"schema":{"@context":"https:\/\/schema.org","@graph":[{"@type":"WebPage","@id":"https:\/\/claydondrill.com\/fr\/product\/4-8m-terrablade\/","url":"https:\/\/claydondrill.com\/fr\/product\/4-8m-terrablade\/","name":"Lame Terra de 4,8 m | Cultivateur inter-rangs | Claydon","isPartOf":{"@id":"https:\/\/claydondrill.com\/fr\/#website"},"primaryImageOfPage":{"@id":"https:\/\/claydondrill.com\/fr\/product\/4-8m-terrablade\/#primaryimage"},"image":{"@id":"https:\/\/claydondrill.com\/fr\/product\/4-8m-terrablade\/#primaryimage"},"thumbnailUrl":"https:\/\/claydondrill.com\/wp-content\/uploads\/2021\/02\/TerraBlade-4.8m-Angled-scaled.jpg","datePublished":"2020-08-24T22:09:44+00:00","dateModified":"2025-11-28T15:49:33+00:00","description":"Our 4.8m TerraBlade inter-row hoe is a low-cost, mechanical method of controlling weeds in combinable band-sown crops. Learn about our inter row cultivator.","breadcrumb":{"@id":"https:\/\/claydondrill.com\/fr\/product\/4-8m-terrablade\/#breadcrumb"},"inLanguage":"fr-FR","potentialAction":[{"@type":"ReadAction","target":["https:\/\/claydondrill.com\/fr\/product\/4-8m-terrablade\/"]}]},{"@type":"ImageObject","inLanguage":"fr-FR","@id":"https:\/\/claydondrill.com\/fr\/product\/4-8m-terrablade\/#primaryimage","url":"https:\/\/claydondrill.com\/wp-content\/uploads\/2021\/02\/TerraBlade-4.8m-Angled-scaled.jpg","contentUrl":"https:\/\/claydondrill.com\/wp-content\/uploads\/2021\/02\/TerraBlade-4.8m-Angled-scaled.jpg","width":2560,"height":1810,"caption":"4.8m TerraBlade Inter-row Hoe"},{"@type":"BreadcrumbList","@id":"https:\/\/claydondrill.com\/fr\/product\/4-8m-terrablade\/#breadcrumb","itemListElement":[{"@type":"ListItem","position":1,"name":"Home","item":"https:\/\/claydondrill.com\/fr\/"},{"@type":"ListItem","position":2,"name":"TerraBlade de 4,8 m"}]},{"@type":"WebSite","@id":"https:\/\/claydondrill.com\/fr\/#website","url":"https:\/\/claydondrill.com\/fr\/","name":"Claydon Drill Seed","description":"","potentialAction":[{"@type":"SearchAction","target":{"@type":"EntryPoint","urlTemplate":"https:\/\/claydondrill.com\/fr\/?s={search_term_string}"},"query-input":{"@type":"PropertyValueSpecification","valueRequired":true,"valueName":"search_term_string"}}],"inLanguage":"fr-FR"}]}},"_links":{"self":[{"href":"https:\/\/claydondrill.com\/fr\/wp-json\/wp\/v2\/product\/89152","targetHints":{"allow":["GET"]}}],"collection":[{"href":"https:\/\/claydondrill.com\/fr\/wp-json\/wp\/v2\/product"}],"about":[{"href":"https:\/\/claydondrill.com\/fr\/wp-json\/wp\/v2\/types\/product"}],"wp:featuredmedia":[{"embeddable":true,"href":"https:\/\/claydondrill.com\/fr\/wp-json\/wp\/v2\/media\/83767"}],"wp:attachment":[{"href":"https:\/\/claydondrill.com\/fr\/wp-json\/wp\/v2\/media?parent=89152"}],"wp:term":[{"taxonomy":"product_brand","embeddable":true,"href":"https:\/\/claydondrill.com\/fr\/wp-json\/wp\/v2\/product_brand?post=89152"},{"taxonomy":"product_cat","embeddable":true,"href":"https:\/\/claydondrill.com\/fr\/wp-json\/wp\/v2\/product_cat?post=89152"},{"taxonomy":"product_tag","embeddable":true,"href":"https:\/\/claydondrill.com\/fr\/wp-json\/wp\/v2\/product_tag?post=89152"}],"curies":[{"name":"wp","href":"https:\/\/api.w.org\/{rel}","templated":true}]}}