{"id":89141,"date":"2020-08-21T21:12:29","date_gmt":"2020-08-21T21:12:29","guid":{"rendered":"https:\/\/claydondrill.com\/product\/7-5m-straw-harrow\/"},"modified":"2025-07-31T11:54:04","modified_gmt":"2025-07-31T10:54:04","slug":"herse-a-paille-de-750-m","status":"publish","type":"product","link":"https:\/\/claydondrill.com\/fr\/product\/herse-a-paille-de-750-m\/","title":{"rendered":"Herse \u00e0 paille de 7,50 m"},"content":{"rendered":"<div class=\"wpb-content-wrapper\"><p>[vc_row][vc_column][vc_custom_heading text=&#8221;Caract\u00e9ristiques de conception&#8221; use_theme_fonts=&#8221;yes&#8221; css=&#8221;.vc_custom_1628260447479{margin-bottom: 20px !important;}&#8221;][vc_tta_accordion][vc_tta_section title=&#8221;R\u00e9glage hydraulique de l\u2019angle des 5 rang\u00e9es dents&#8221; tab_id=&#8221;1592830786278-25940583-c2e3&#8243;][vc_column_text]<\/p>\n<ul>\n<li>Changement de l\u2019angle de travail pour l\u2019adapter aux conditions du champ et garantir un ameublissement optimal<\/li>\n<li>Rel\u00e2chement rapide de la pression dans les zones humides ou recouvertes de d\u00e9chets verts, pour \u00e9viter le bourrage<\/li>\n<\/ul>\n<p>[\/vc_column_text][\/vc_tta_section][vc_tta_section title=&#8221;Dents \u00ab enveloppantes \u00bb tr\u00e8s \u00e9paisses et durables&#8221; tab_id=&#8221;1592830786302-1f2f3fdb-18c2&#8243;][vc_column_text]<\/p>\n<ul>\n<li>Avec la conception \u00ab enveloppante \u00bb originale de Claydon, il n\u2019y a pas de points de pression contre lesquels les dents pourraient claquer<\/li>\n<li>La conception \u00ab enveloppante \u00bb de Claydon permet d\u2019aller jusqu\u2019\u00e0 25 km\/h<\/li>\n<li>Vous pouvez tourner dans les tourni\u00e8res avec les dents abaiss\u00e9es pour \u00e9viter l\u2019accumulation de d\u00e9chets ; les dents ne claqueront pas\u00a0!<\/li>\n<li>La conception \u00ab enveloppante \u00bb permet aux dents de vibrer et ameublit le sol de mani\u00e8re optimale<\/li>\n<\/ul>\n<p>[\/vc_column_text][\/vc_tta_section][vc_tta_section title=&#8221;Tube de section carr\u00e9e, de 150 mm de c\u00f4t\u00e9&#8221; tab_id=&#8221;1592830786325-679294e8-f7b0&#8243;][vc_column_text]<\/p>\n<ul>\n<li>Les herses \u00e0 paille Claydon sont fabriqu\u00e9es pour durer. Leur structure supporte les tr\u00e8s grandes vitesses de travail<\/li>\n<\/ul>\n<p>[\/vc_column_text][\/vc_tta_section][vc_tta_section title=&#8221;Cinq rang\u00e9es de dents&#8221; tab_id=&#8221;1592830786358-b61d2476-3fba&#8221;][vc_column_text]<\/p>\n<ul>\n<li>Le d\u00e9gagement assur\u00e9 par les 5 rang\u00e9es rend tout bourrage improbable<\/li>\n<li>120 dents vibrantes ratissent le sol tous les 60 mm, assurant le travail de tout le champ<\/li>\n<\/ul>\n<p>[\/vc_column_text][\/vc_tta_section][vc_tta_section title=&#8221;Transport routier&#8221; tab_id=&#8221;1592830786398-ae5e301e-0b85&#8243;][vc_column_text]<\/p>\n<ul>\n<li>Toutes les herses \u00e0 paille Claydon mesurent moins de 3 m une fois repli\u00e9es pour le transport routier<\/li>\n<li>Les panneaux de feux et les protections sont install\u00e9s en s\u00e9rie<\/li>\n<\/ul>\n<p>[\/vc_column_text][\/vc_tta_section][\/vc_tta_accordion][\/vc_column][\/vc_row]<\/p>\n<\/div>","protected":false},"excerpt":{"rendered":"<p>La herse \u00e0 paille de 7,50\u00a0m est un outil r\u00e9sistant et efficace. Polyvalente pour la gestion du chaume et le d\u00e9sherbage, elle convient \u00e0 la plupart des sc\u00e9narios agricoles, gr\u00e2ce \u00e0 son d\u00e9bit \u00e9lev\u00e9 et son faible co\u00fbt d\u2019exploitation.<\/p>\n","protected":false},"featured_media":82035,"template":"","meta":{"inline_featured_image":false},"product_brand":[],"product_cat":[180],"product_tag":[],"class_list":{"0":"post-89141","1":"product","2":"type-product","3":"status-publish","4":"has-post-thumbnail","6":"product_cat-products-fr","8":"first","9":"instock","10":"shipping-taxable","11":"product-type-simple"},"yoast_head":"<!-- This site is optimized with the Yoast SEO plugin v27.1.1 - https:\/\/yoast.com\/product\/yoast-seo-wordpress\/ -->\n<title>Herse \u00e0 paille 7,5\u202fm mont\u00e9e | Claydon<\/title>\n<meta name=\"description\" content=\"La herse \u00e0 paille mont\u00e9e Claydon 7,5\u202fm offre une action rapide et un impact maximal gr\u00e2ce \u00e0 ses dents rigides. En savoir plus d\u00e8s maintenant.\" \/>\n<meta name=\"robots\" content=\"index, follow, max-snippet:-1, max-image-preview:large, max-video-preview:-1\" \/>\n<link rel=\"canonical\" href=\"https:\/\/claydondrill.com\/fr\/product\/herse-a-paille-de-750-m\/\" \/>\n<meta property=\"og:locale\" content=\"fr_FR\" \/>\n<meta property=\"og:type\" content=\"article\" \/>\n<meta property=\"og:title\" content=\"Herse \u00e0 paille 7,5\u202fm mont\u00e9e | Claydon\" \/>\n<meta property=\"og:description\" content=\"La herse \u00e0 paille mont\u00e9e Claydon 7,5\u202fm offre une action rapide et un impact maximal gr\u00e2ce \u00e0 ses dents rigides. En savoir plus d\u00e8s maintenant.\" \/>\n<meta property=\"og:url\" content=\"https:\/\/claydondrill.com\/fr\/product\/herse-a-paille-de-750-m\/\" \/>\n<meta property=\"og:site_name\" content=\"Claydon Drill Seed\" \/>\n<meta property=\"article:modified_time\" content=\"2025-07-31T10:54:04+00:00\" \/>\n<meta property=\"og:image\" content=\"https:\/\/claydondrill.com\/wp-content\/uploads\/2020\/08\/7.5m.jpg\" \/>\n\t<meta property=\"og:image:width\" content=\"1000\" \/>\n\t<meta property=\"og:image:height\" content=\"669\" \/>\n\t<meta property=\"og:image:type\" content=\"image\/jpeg\" \/>\n<meta name=\"twitter:card\" content=\"summary_large_image\" \/>\n<meta name=\"twitter:label1\" content=\"Dur\u00e9e de lecture estim\u00e9e\" \/>\n\t<meta name=\"twitter:data1\" content=\"2 minutes\" \/>\n<script type=\"application\/ld+json\" class=\"yoast-schema-graph\">{\"@context\":\"https:\/\/schema.org\",\"@graph\":[{\"@type\":\"WebPage\",\"@id\":\"https:\/\/claydondrill.com\/fr\/product\/herse-a-paille-de-750-m\/\",\"url\":\"https:\/\/claydondrill.com\/fr\/product\/herse-a-paille-de-750-m\/\",\"name\":\"Herse \u00e0 paille 7,5\u202fm mont\u00e9e | Claydon\",\"isPartOf\":{\"@id\":\"https:\/\/claydondrill.com\/fr\/#website\"},\"primaryImageOfPage\":{\"@id\":\"https:\/\/claydondrill.com\/fr\/product\/herse-a-paille-de-750-m\/#primaryimage\"},\"image\":{\"@id\":\"https:\/\/claydondrill.com\/fr\/product\/herse-a-paille-de-750-m\/#primaryimage\"},\"thumbnailUrl\":\"https:\/\/claydondrill.com\/wp-content\/uploads\/2020\/08\/7.5m.jpg\",\"datePublished\":\"2020-08-21T21:12:29+00:00\",\"dateModified\":\"2025-07-31T10:54:04+00:00\",\"description\":\"La herse \u00e0 paille mont\u00e9e Claydon 7,5\u202fm offre une action rapide et un impact maximal gr\u00e2ce \u00e0 ses dents rigides. En savoir plus d\u00e8s maintenant.\",\"breadcrumb\":{\"@id\":\"https:\/\/claydondrill.com\/fr\/product\/herse-a-paille-de-750-m\/#breadcrumb\"},\"inLanguage\":\"fr-FR\",\"potentialAction\":[{\"@type\":\"ReadAction\",\"target\":[\"https:\/\/claydondrill.com\/fr\/product\/herse-a-paille-de-750-m\/\"]}]},{\"@type\":\"ImageObject\",\"inLanguage\":\"fr-FR\",\"@id\":\"https:\/\/claydondrill.com\/fr\/product\/herse-a-paille-de-750-m\/#primaryimage\",\"url\":\"https:\/\/claydondrill.com\/wp-content\/uploads\/2020\/08\/7.5m.jpg\",\"contentUrl\":\"https:\/\/claydondrill.com\/wp-content\/uploads\/2020\/08\/7.5m.jpg\",\"width\":1000,\"height\":669},{\"@type\":\"BreadcrumbList\",\"@id\":\"https:\/\/claydondrill.com\/fr\/product\/herse-a-paille-de-750-m\/#breadcrumb\",\"itemListElement\":[{\"@type\":\"ListItem\",\"position\":1,\"name\":\"Home\",\"item\":\"https:\/\/claydondrill.com\/fr\/\"},{\"@type\":\"ListItem\",\"position\":2,\"name\":\"Herse \u00e0 paille de 7,50 m\"}]},{\"@type\":\"WebSite\",\"@id\":\"https:\/\/claydondrill.com\/fr\/#website\",\"url\":\"https:\/\/claydondrill.com\/fr\/\",\"name\":\"Claydon Drill Seed\",\"description\":\"\",\"potentialAction\":[{\"@type\":\"SearchAction\",\"target\":{\"@type\":\"EntryPoint\",\"urlTemplate\":\"https:\/\/claydondrill.com\/fr\/?s={search_term_string}\"},\"query-input\":{\"@type\":\"PropertyValueSpecification\",\"valueRequired\":true,\"valueName\":\"search_term_string\"}}],\"inLanguage\":\"fr-FR\"}]}<\/script>\n<!-- \/ Yoast SEO plugin. -->","yoast_head_json":{"title":"Herse \u00e0 paille 7,5\u202fm mont\u00e9e | Claydon","description":"La herse \u00e0 paille mont\u00e9e Claydon 7,5\u202fm offre une action rapide et un impact maximal gr\u00e2ce \u00e0 ses dents rigides. En savoir plus d\u00e8s maintenant.","robots":{"index":"index","follow":"follow","max-snippet":"max-snippet:-1","max-image-preview":"max-image-preview:large","max-video-preview":"max-video-preview:-1"},"canonical":"https:\/\/claydondrill.com\/fr\/product\/herse-a-paille-de-750-m\/","og_locale":"fr_FR","og_type":"article","og_title":"Herse \u00e0 paille 7,5\u202fm mont\u00e9e | Claydon","og_description":"La herse \u00e0 paille mont\u00e9e Claydon 7,5\u202fm offre une action rapide et un impact maximal gr\u00e2ce \u00e0 ses dents rigides. En savoir plus d\u00e8s maintenant.","og_url":"https:\/\/claydondrill.com\/fr\/product\/herse-a-paille-de-750-m\/","og_site_name":"Claydon Drill Seed","article_modified_time":"2025-07-31T10:54:04+00:00","og_image":[{"width":1000,"height":669,"url":"https:\/\/claydondrill.com\/wp-content\/uploads\/2020\/08\/7.5m.jpg","type":"image\/jpeg"}],"twitter_card":"summary_large_image","twitter_misc":{"Dur\u00e9e de lecture estim\u00e9e":"2 minutes"},"schema":{"@context":"https:\/\/schema.org","@graph":[{"@type":"WebPage","@id":"https:\/\/claydondrill.com\/fr\/product\/herse-a-paille-de-750-m\/","url":"https:\/\/claydondrill.com\/fr\/product\/herse-a-paille-de-750-m\/","name":"Herse \u00e0 paille 7,5\u202fm mont\u00e9e | Claydon","isPartOf":{"@id":"https:\/\/claydondrill.com\/fr\/#website"},"primaryImageOfPage":{"@id":"https:\/\/claydondrill.com\/fr\/product\/herse-a-paille-de-750-m\/#primaryimage"},"image":{"@id":"https:\/\/claydondrill.com\/fr\/product\/herse-a-paille-de-750-m\/#primaryimage"},"thumbnailUrl":"https:\/\/claydondrill.com\/wp-content\/uploads\/2020\/08\/7.5m.jpg","datePublished":"2020-08-21T21:12:29+00:00","dateModified":"2025-07-31T10:54:04+00:00","description":"La herse \u00e0 paille mont\u00e9e Claydon 7,5\u202fm offre une action rapide et un impact maximal gr\u00e2ce \u00e0 ses dents rigides. En savoir plus d\u00e8s maintenant.","breadcrumb":{"@id":"https:\/\/claydondrill.com\/fr\/product\/herse-a-paille-de-750-m\/#breadcrumb"},"inLanguage":"fr-FR","potentialAction":[{"@type":"ReadAction","target":["https:\/\/claydondrill.com\/fr\/product\/herse-a-paille-de-750-m\/"]}]},{"@type":"ImageObject","inLanguage":"fr-FR","@id":"https:\/\/claydondrill.com\/fr\/product\/herse-a-paille-de-750-m\/#primaryimage","url":"https:\/\/claydondrill.com\/wp-content\/uploads\/2020\/08\/7.5m.jpg","contentUrl":"https:\/\/claydondrill.com\/wp-content\/uploads\/2020\/08\/7.5m.jpg","width":1000,"height":669},{"@type":"BreadcrumbList","@id":"https:\/\/claydondrill.com\/fr\/product\/herse-a-paille-de-750-m\/#breadcrumb","itemListElement":[{"@type":"ListItem","position":1,"name":"Home","item":"https:\/\/claydondrill.com\/fr\/"},{"@type":"ListItem","position":2,"name":"Herse \u00e0 paille de 7,50 m"}]},{"@type":"WebSite","@id":"https:\/\/claydondrill.com\/fr\/#website","url":"https:\/\/claydondrill.com\/fr\/","name":"Claydon Drill Seed","description":"","potentialAction":[{"@type":"SearchAction","target":{"@type":"EntryPoint","urlTemplate":"https:\/\/claydondrill.com\/fr\/?s={search_term_string}"},"query-input":{"@type":"PropertyValueSpecification","valueRequired":true,"valueName":"search_term_string"}}],"inLanguage":"fr-FR"}]}},"_links":{"self":[{"href":"https:\/\/claydondrill.com\/fr\/wp-json\/wp\/v2\/product\/89141","targetHints":{"allow":["GET"]}}],"collection":[{"href":"https:\/\/claydondrill.com\/fr\/wp-json\/wp\/v2\/product"}],"about":[{"href":"https:\/\/claydondrill.com\/fr\/wp-json\/wp\/v2\/types\/product"}],"wp:featuredmedia":[{"embeddable":true,"href":"https:\/\/claydondrill.com\/fr\/wp-json\/wp\/v2\/media\/82035"}],"wp:attachment":[{"href":"https:\/\/claydondrill.com\/fr\/wp-json\/wp\/v2\/media?parent=89141"}],"wp:term":[{"taxonomy":"product_brand","embeddable":true,"href":"https:\/\/claydondrill.com\/fr\/wp-json\/wp\/v2\/product_brand?post=89141"},{"taxonomy":"product_cat","embeddable":true,"href":"https:\/\/claydondrill.com\/fr\/wp-json\/wp\/v2\/product_cat?post=89141"},{"taxonomy":"product_tag","embeddable":true,"href":"https:\/\/claydondrill.com\/fr\/wp-json\/wp\/v2\/product_tag?post=89141"}],"curies":[{"name":"wp","href":"https:\/\/api.w.org\/{rel}","templated":true}]}}