{"id":107477,"date":"2026-03-30T09:02:32","date_gmt":"2026-03-30T08:02:32","guid":{"rendered":"https:\/\/claydondrill.com\/?post_type=product&#038;p=107477"},"modified":"2026-03-30T10:17:21","modified_gmt":"2026-03-30T09:17:21","slug":"tremie-frontale-simple-evolution","status":"publish","type":"product","link":"https:\/\/claydondrill.com\/fr\/product\/tremie-frontale-simple-evolution\/","title":{"rendered":"Tr\u00e9mie frontale simple Evolution"},"content":{"rendered":"<div class=\"wpb-content-wrapper\"><p>[vc_row][vc_column][vc_column_text]<\/p>\n<p data-start=\"0\" data-end=\"175\">La tr\u00e9mie frontale simple Evolution de 2 000 litres est l\u2019une des deux options propos\u00e9es aux agriculteurs envisageant une combinaison tr\u00e9mie frontale \/ barre de semis arri\u00e8re.<\/p>\n<p data-start=\"177\" data-end=\"519\">Dot\u00e9e d\u2019un grand couvercle ouvrant de 1 800 mm x 750 mm, avec un loquet central unique et une b\u00e9quille de maintien, elle est \u00e9quip\u00e9e de grilles amovibles en acier inoxydable, d\u2019une unit\u00e9 de dosage simple, de deux capteurs de niveau de tr\u00e9mie fournissant des alertes \u00ab niveau bas \u00bb et \u00ab vide \u00bb, ainsi que d\u2019un capteur \u00ab unit\u00e9 de dosage vide \u00bb.<\/p>\n<p data-start=\"521\" data-end=\"1007\" data-is-last-node=\"\" data-is-only-node=\"\">Compatible ISOBUS, la tr\u00e9mie frontale simple Evolution peut \u00eatre \u00e9quip\u00e9e de roues de dosage interchangeables de petit, moyen ou grand diam\u00e8tre, afin de convenir \u00e0 une large gamme de semences et d\u2019engrais. Fournie avec un tube de transfert unique de 112 mm de diam\u00e8tre pour acheminer les semences vers la barre de semis arri\u00e8re, elle peut \u00e9galement recevoir en option un kit d\u2019\u00e9clairage et de vision, 550 kg de lest, des roues plombeuses \u00e0 guidage passif ainsi que des racleurs de roues.<\/p>\n<p>[\/vc_column_text][\/vc_column][\/vc_row][vc_row][vc_column][vc_custom_heading text=&#8221;CARACT\u00c9RISTIQUES DE CONCEPTION&#8221; css=&#8221;&#8221;][vc_tta_accordion][vc_tta_section title=&#8221;Dosage pressuris\u00e9&#8221; tab_id=&#8221;1774860745449-e43b6f28-1758&#8243;][vc_column_text css=&#8221;&#8221;]Pour un acheminement fiable de grands volumes de produit.[\/vc_column_text][\/vc_tta_section][vc_tta_section title=&#8221;Terminal ISOCAN&#8221; tab_id=&#8221;1774860745460-efdc0a73-ad1e&#8221;][vc_column_text css=&#8221;&#8221;]Terminal permettant de contr\u00f4ler toutes les fonctions de la tr\u00e9mie frontale et de la barre d\u2019outils[\/vc_column_text][\/vc_tta_section][vc_tta_section title=&#8221;Compatible ISOBUS&#8221; tab_id=&#8221;1774860773163-5c3b1af0-1ce4&#8243;][vc_column_text css=&#8221;&#8221;]Une prise ISOBUS est n\u00e9cessaire \u00e0 l\u2019avant et \u00e0 l\u2019arri\u00e8re du tracteur ou un faisceau en T (prise de connexion \u00e0 l\u2019arri\u00e8re du tracteur avec c\u00e2ble le long du c\u00f4t\u00e9 pour se connecter \u00e0 la tr\u00e9mie avant)[\/vc_column_text][\/vc_tta_section][vc_tta_section title=&#8221;Taux variable&#8221; tab_id=&#8221;1774860775651-3a178230-0f13&#8243;][vc_column_text css=&#8221;&#8221;]En fonction du contr\u00f4leur de t\u00e2ches et de la cl\u00e9 de licence[\/vc_column_text][\/vc_tta_section][vc_tta_section title=&#8221;Roues de dosage&#8221; tab_id=&#8221;1774860776602-ee2180f4-c59d&#8221;][vc_column_text css=&#8221;&#8221;]Petites, moyennes et grandes tailles pour s\u2019adapter \u00e0 une large gamme de semences et d\u2019engrais[\/vc_column_text][\/vc_tta_section][vc_tta_section title=&#8221;Capteurs de tr\u00e9mie&#8221; tab_id=&#8221;1774860777474-ebda8019-9aea&#8221;][vc_column_text css=&#8221;&#8221;]Un capteur de niveau bas et un capteur de tr\u00e9mie vide[\/vc_column_text][\/vc_tta_section][vc_tta_section title=&#8221;Bo\u00eete \u00e0 outils&#8221; tab_id=&#8221;1774860778306-f41c1ffe-ae86&#8243;][\/vc_tta_section][vc_tta_section title=&#8221;Marchepied avant repliable&#8221; tab_id=&#8221;1774860779139-a136a90b-7b87&#8243;][\/vc_tta_section][vc_tta_section title=&#8221;Options:&#8221; tab_id=&#8221;1774860976604-7aa2e1ce-79f8&#8243;][vc_column_text css=&#8221;&#8221;]Masse additionelle de 350 kg<\/p>\n<p>Tasse avant roues Packer avec direction passive (350 kg)<\/p>\n<p>2 cam\u00e9ras de vision routi\u00e8re et phares de travail[\/vc_column_text][\/vc_tta_section][\/vc_tta_accordion][\/vc_column][\/vc_row]<\/p>\n<\/div>","protected":false},"excerpt":{"rendered":"<p>[vc_row][vc_column][vc_column_text] La tr\u00e9mie frontale simple Evolution de 2 000 litres est l\u2019une des deux options propos\u00e9es aux agriculteurs envisageant une<\/p>\n","protected":false},"featured_media":105713,"template":"","meta":{"inline_featured_image":false},"product_brand":[],"product_cat":[180],"product_tag":[],"class_list":{"0":"post-107477","1":"product","2":"type-product","3":"status-publish","4":"has-post-thumbnail","6":"product_cat-products-fr","8":"first","9":"instock","10":"shipping-taxable","11":"product-type-simple"},"yoast_head":"<!-- This site is optimized with the Yoast SEO plugin v27.1.1 - https:\/\/yoast.com\/product\/yoast-seo-wordpress\/ -->\n<title>Tr\u00e9mie frontale simple Evolution - Claydon Drill Seed<\/title>\n<meta name=\"robots\" content=\"index, follow, max-snippet:-1, max-image-preview:large, max-video-preview:-1\" \/>\n<link rel=\"canonical\" href=\"https:\/\/claydondrill.com\/fr\/product\/tremie-frontale-simple-evolution\/\" \/>\n<meta property=\"og:locale\" content=\"fr_FR\" \/>\n<meta property=\"og:type\" content=\"article\" \/>\n<meta property=\"og:title\" content=\"Tr\u00e9mie frontale simple Evolution - Claydon Drill Seed\" \/>\n<meta property=\"og:description\" content=\"[vc_row][vc_column][vc_column_text] La tr\u00e9mie frontale simple Evolution de 2 000 litres est l\u2019une des deux options propos\u00e9es aux agriculteurs envisageant une\" \/>\n<meta property=\"og:url\" content=\"https:\/\/claydondrill.com\/fr\/product\/tremie-frontale-simple-evolution\/\" \/>\n<meta property=\"og:site_name\" content=\"Claydon Drill Seed\" \/>\n<meta property=\"article:modified_time\" content=\"2026-03-30T09:17:21+00:00\" \/>\n<meta property=\"og:image\" content=\"https:\/\/claydondrill.com\/wp-content\/uploads\/2025\/06\/Single-Front-Hopper-IMG_1426.jpg\" \/>\n\t<meta property=\"og:image:width\" content=\"2000\" \/>\n\t<meta property=\"og:image:height\" content=\"1333\" \/>\n\t<meta property=\"og:image:type\" content=\"image\/jpeg\" \/>\n<meta name=\"twitter:card\" content=\"summary_large_image\" \/>\n<meta name=\"twitter:label1\" content=\"Dur\u00e9e de lecture estim\u00e9e\" \/>\n\t<meta name=\"twitter:data1\" content=\"2 minutes\" \/>\n<script type=\"application\/ld+json\" class=\"yoast-schema-graph\">{\"@context\":\"https:\/\/schema.org\",\"@graph\":[{\"@type\":\"WebPage\",\"@id\":\"https:\/\/claydondrill.com\/fr\/product\/tremie-frontale-simple-evolution\/\",\"url\":\"https:\/\/claydondrill.com\/fr\/product\/tremie-frontale-simple-evolution\/\",\"name\":\"Tr\u00e9mie frontale simple Evolution - Claydon Drill Seed\",\"isPartOf\":{\"@id\":\"https:\/\/claydondrill.com\/fr\/#website\"},\"primaryImageOfPage\":{\"@id\":\"https:\/\/claydondrill.com\/fr\/product\/tremie-frontale-simple-evolution\/#primaryimage\"},\"image\":{\"@id\":\"https:\/\/claydondrill.com\/fr\/product\/tremie-frontale-simple-evolution\/#primaryimage\"},\"thumbnailUrl\":\"https:\/\/claydondrill.com\/wp-content\/uploads\/2025\/06\/Single-Front-Hopper-IMG_1426.jpg\",\"datePublished\":\"2026-03-30T08:02:32+00:00\",\"dateModified\":\"2026-03-30T09:17:21+00:00\",\"breadcrumb\":{\"@id\":\"https:\/\/claydondrill.com\/fr\/product\/tremie-frontale-simple-evolution\/#breadcrumb\"},\"inLanguage\":\"fr-FR\",\"potentialAction\":[{\"@type\":\"ReadAction\",\"target\":[\"https:\/\/claydondrill.com\/fr\/product\/tremie-frontale-simple-evolution\/\"]}]},{\"@type\":\"ImageObject\",\"inLanguage\":\"fr-FR\",\"@id\":\"https:\/\/claydondrill.com\/fr\/product\/tremie-frontale-simple-evolution\/#primaryimage\",\"url\":\"https:\/\/claydondrill.com\/wp-content\/uploads\/2025\/06\/Single-Front-Hopper-IMG_1426.jpg\",\"contentUrl\":\"https:\/\/claydondrill.com\/wp-content\/uploads\/2025\/06\/Single-Front-Hopper-IMG_1426.jpg\",\"width\":2000,\"height\":1333},{\"@type\":\"BreadcrumbList\",\"@id\":\"https:\/\/claydondrill.com\/fr\/product\/tremie-frontale-simple-evolution\/#breadcrumb\",\"itemListElement\":[{\"@type\":\"ListItem\",\"position\":1,\"name\":\"Home\",\"item\":\"https:\/\/claydondrill.com\/fr\/\"},{\"@type\":\"ListItem\",\"position\":2,\"name\":\"Tr\u00e9mie frontale simple Evolution\"}]},{\"@type\":\"WebSite\",\"@id\":\"https:\/\/claydondrill.com\/fr\/#website\",\"url\":\"https:\/\/claydondrill.com\/fr\/\",\"name\":\"Claydon Drill Seed\",\"description\":\"\",\"potentialAction\":[{\"@type\":\"SearchAction\",\"target\":{\"@type\":\"EntryPoint\",\"urlTemplate\":\"https:\/\/claydondrill.com\/fr\/?s={search_term_string}\"},\"query-input\":{\"@type\":\"PropertyValueSpecification\",\"valueRequired\":true,\"valueName\":\"search_term_string\"}}],\"inLanguage\":\"fr-FR\"}]}<\/script>\n<!-- \/ Yoast SEO plugin. -->","yoast_head_json":{"title":"Tr\u00e9mie frontale simple Evolution - Claydon Drill Seed","robots":{"index":"index","follow":"follow","max-snippet":"max-snippet:-1","max-image-preview":"max-image-preview:large","max-video-preview":"max-video-preview:-1"},"canonical":"https:\/\/claydondrill.com\/fr\/product\/tremie-frontale-simple-evolution\/","og_locale":"fr_FR","og_type":"article","og_title":"Tr\u00e9mie frontale simple Evolution - Claydon Drill Seed","og_description":"[vc_row][vc_column][vc_column_text] La tr\u00e9mie frontale simple Evolution de 2 000 litres est l\u2019une des deux options propos\u00e9es aux agriculteurs envisageant une","og_url":"https:\/\/claydondrill.com\/fr\/product\/tremie-frontale-simple-evolution\/","og_site_name":"Claydon Drill Seed","article_modified_time":"2026-03-30T09:17:21+00:00","og_image":[{"width":2000,"height":1333,"url":"https:\/\/claydondrill.com\/wp-content\/uploads\/2025\/06\/Single-Front-Hopper-IMG_1426.jpg","type":"image\/jpeg"}],"twitter_card":"summary_large_image","twitter_misc":{"Dur\u00e9e de lecture estim\u00e9e":"2 minutes"},"schema":{"@context":"https:\/\/schema.org","@graph":[{"@type":"WebPage","@id":"https:\/\/claydondrill.com\/fr\/product\/tremie-frontale-simple-evolution\/","url":"https:\/\/claydondrill.com\/fr\/product\/tremie-frontale-simple-evolution\/","name":"Tr\u00e9mie frontale simple Evolution - Claydon Drill Seed","isPartOf":{"@id":"https:\/\/claydondrill.com\/fr\/#website"},"primaryImageOfPage":{"@id":"https:\/\/claydondrill.com\/fr\/product\/tremie-frontale-simple-evolution\/#primaryimage"},"image":{"@id":"https:\/\/claydondrill.com\/fr\/product\/tremie-frontale-simple-evolution\/#primaryimage"},"thumbnailUrl":"https:\/\/claydondrill.com\/wp-content\/uploads\/2025\/06\/Single-Front-Hopper-IMG_1426.jpg","datePublished":"2026-03-30T08:02:32+00:00","dateModified":"2026-03-30T09:17:21+00:00","breadcrumb":{"@id":"https:\/\/claydondrill.com\/fr\/product\/tremie-frontale-simple-evolution\/#breadcrumb"},"inLanguage":"fr-FR","potentialAction":[{"@type":"ReadAction","target":["https:\/\/claydondrill.com\/fr\/product\/tremie-frontale-simple-evolution\/"]}]},{"@type":"ImageObject","inLanguage":"fr-FR","@id":"https:\/\/claydondrill.com\/fr\/product\/tremie-frontale-simple-evolution\/#primaryimage","url":"https:\/\/claydondrill.com\/wp-content\/uploads\/2025\/06\/Single-Front-Hopper-IMG_1426.jpg","contentUrl":"https:\/\/claydondrill.com\/wp-content\/uploads\/2025\/06\/Single-Front-Hopper-IMG_1426.jpg","width":2000,"height":1333},{"@type":"BreadcrumbList","@id":"https:\/\/claydondrill.com\/fr\/product\/tremie-frontale-simple-evolution\/#breadcrumb","itemListElement":[{"@type":"ListItem","position":1,"name":"Home","item":"https:\/\/claydondrill.com\/fr\/"},{"@type":"ListItem","position":2,"name":"Tr\u00e9mie frontale simple Evolution"}]},{"@type":"WebSite","@id":"https:\/\/claydondrill.com\/fr\/#website","url":"https:\/\/claydondrill.com\/fr\/","name":"Claydon Drill Seed","description":"","potentialAction":[{"@type":"SearchAction","target":{"@type":"EntryPoint","urlTemplate":"https:\/\/claydondrill.com\/fr\/?s={search_term_string}"},"query-input":{"@type":"PropertyValueSpecification","valueRequired":true,"valueName":"search_term_string"}}],"inLanguage":"fr-FR"}]}},"_links":{"self":[{"href":"https:\/\/claydondrill.com\/fr\/wp-json\/wp\/v2\/product\/107477","targetHints":{"allow":["GET"]}}],"collection":[{"href":"https:\/\/claydondrill.com\/fr\/wp-json\/wp\/v2\/product"}],"about":[{"href":"https:\/\/claydondrill.com\/fr\/wp-json\/wp\/v2\/types\/product"}],"wp:featuredmedia":[{"embeddable":true,"href":"https:\/\/claydondrill.com\/fr\/wp-json\/wp\/v2\/media\/105713"}],"wp:attachment":[{"href":"https:\/\/claydondrill.com\/fr\/wp-json\/wp\/v2\/media?parent=107477"}],"wp:term":[{"taxonomy":"product_brand","embeddable":true,"href":"https:\/\/claydondrill.com\/fr\/wp-json\/wp\/v2\/product_brand?post=107477"},{"taxonomy":"product_cat","embeddable":true,"href":"https:\/\/claydondrill.com\/fr\/wp-json\/wp\/v2\/product_cat?post=107477"},{"taxonomy":"product_tag","embeddable":true,"href":"https:\/\/claydondrill.com\/fr\/wp-json\/wp\/v2\/product_tag?post=107477"}],"curies":[{"name":"wp","href":"https:\/\/api.w.org\/{rel}","templated":true}]}}