{"id":103399,"date":"2024-05-31T07:34:52","date_gmt":"2024-05-31T07:34:52","guid":{"rendered":"https:\/\/claydondrill.com\/produkte\/evolution-front-hopper\/"},"modified":"2026-03-30T10:39:58","modified_gmt":"2026-03-30T09:39:58","slug":"evolution-front-hopper","status":"publish","type":"product","link":"https:\/\/claydondrill.com\/fr\/product\/tremie-frontale-evolution\/","title":{"rendered":"Tr\u00e9mie frontale double Evolution"},"content":{"rendered":"<div class=\"wpb-content-wrapper\"><p>[vc_row][vc_column][vc_column_text css=&#8221;&#8221;]<\/p>\n<p data-start=\"0\" data-end=\"281\">Avec une capacit\u00e9 totale de 2 750 litres, la tr\u00e9mie frontale double Evolution est divis\u00e9e en deux grandes cuves de 1 510 et 1 240 litres, avec un syst\u00e8me enti\u00e8rement pressuris\u00e9 garantissant un acheminement fiable de grands volumes de produit vers les t\u00eates de distribution arri\u00e8re.<\/p>\n<p data-start=\"283\" data-end=\"575\">Les deux unit\u00e9s de dosage permettent d\u2019acheminer vers le semoir arri\u00e8re des flux de semences et\/ou d\u2019engrais, soit m\u00e9lang\u00e9s, soit s\u00e9par\u00e9s. Un simple s\u00e9lecteur de bo\u00eete \u00e0 air permet de diriger le flux de mati\u00e8re vers les tuyaux de distribution ou de combiner le d\u00e9bit total dans un seul tuyau.<\/p>\n<p data-start=\"577\" data-end=\"792\">Le terminal ISOCAN commande toutes les fonctions de la tr\u00e9mie frontale et permet \u00e9galement le semis \u00e0 dose variable ainsi qu\u2019un syst\u00e8me automatique de marche\/arr\u00eat, selon le contr\u00f4leur de t\u00e2che et la cl\u00e9 de licence.<\/p>\n<p data-start=\"794\" data-end=\"1114\">Compatible ISOBUS, la tr\u00e9mie frontale double Evolution est fournie avec des roues de dosage interchangeables de petit, moyen ou grand diam\u00e8tre, afin de convenir \u00e0 une large gamme de semences et d\u2019engrais. Une roue de dosage de rechange par unit\u00e9 ainsi qu\u2019un jeu de rouleaux \u00e0 monter sur les roues sont \u00e9galement fournis.<\/p>\n<p data-start=\"1116\" data-end=\"1368\">D\u2019un poids de 730 kg, elle mesure 2 476 mm de large, 1 803 mm de haut et 1 619 mm de long. Elle int\u00e8gre deux capteurs de niveau de tr\u00e9mie fournissant des alertes \u00ab niveau bas \u00bb et \u00ab vide \u00bb, ainsi qu\u2019une bo\u00eete \u00e0 outils et un marchepied avant rabattable.<\/p>\n<p data-start=\"1370\" data-end=\"1599\" data-is-last-node=\"\" data-is-only-node=\"\">Les options comprennent 550 kg de lest, ainsi que des roues plombeuses \u00e0 guidage passif avec racleurs de roues, et un kit d\u2019\u00e9clairage et de vision (2 cam\u00e9ras de vision routi\u00e8re, 2 cam\u00e9ras internes de cuve et des feux de travail).<\/p>\n<p>[\/vc_column_text][\/vc_column][\/vc_row][vc_row][vc_column][vc_custom_heading text=&#8221;CARACT\u00c9RISTIQUES DE CONCEPTION&#8221; use_theme_fonts=&#8221;yes&#8221; css=&#8221;.vc_custom_1774858183662{border-bottom-width: 20px !important;}&#8221;][vc_tta_accordion][vc_tta_section title=&#8221;Dosage pressuris\u00e9&#8221; tab_id=&#8221;1592830786278-25940583-c2e3&#8243;][vc_column_text css=&#8221;&#8221;]<\/p>\n<section class=\"text-token-text-primary w-full focus:outline-none [--shadow-height:45px] has-data-writing-block:pointer-events-none has-data-writing-block:-mt-(--shadow-height) has-data-writing-block:pt-(--shadow-height) [&amp;:has([data-writing-block])&gt;*]:pointer-events-auto scroll-mt-[calc(var(--header-height)+min(200px,max(70px,20svh)))]\" dir=\"auto\" data-turn-id=\"request-WEB:4212dd14-2d24-4252-8dbb-ed3a4ef0c796-11\" data-testid=\"conversation-turn-24\" data-scroll-anchor=\"true\" data-turn=\"assistant\">\n<div class=\"text-base my-auto mx-auto pb-10 [--thread-content-margin:var(--thread-content-margin-xs,calc(var(--spacing)*4))] @w-sm\/main:[--thread-content-margin:var(--thread-content-margin-sm,calc(var(--spacing)*6))] @w-lg\/main:[--thread-content-margin:var(--thread-content-margin-lg,calc(var(--spacing)*16))] px-(--thread-content-margin)\">\n<div class=\"[--thread-content-max-width:40rem] @w-lg\/main:[--thread-content-max-width:48rem] mx-auto max-w-(--thread-content-max-width) flex-1 group\/turn-messages focus-visible:outline-hidden relative flex w-full min-w-0 flex-col agent-turn\">\n<div class=\"flex max-w-full flex-col gap-4 grow\">\n<div class=\"min-h-8 text-message relative flex w-full flex-col items-end gap-2 text-start break-words whitespace-normal outline-none keyboard-focused:focus-ring [.text-message+&amp;]:mt-1\" dir=\"auto\" tabindex=\"0\" data-message-author-role=\"assistant\" data-message-id=\"da134dd1-c52a-4975-9e46-401db1f633df\" data-message-model-slug=\"gpt-5-4-thinking\" data-turn-start-message=\"true\">\n<div class=\"flex w-full flex-col gap-1 empty:hidden\">\n<div class=\"streaming-animation markdown prose dark:prose-invert w-full wrap-break-word light markdown-new-styling\">\n<p data-start=\"0\" data-end=\"77\" data-is-last-node=\"\" data-is-only-node=\"\">Pour un acheminement fiable de grands volumes de produit.<\/p>\n<\/div>\n<\/div>\n<\/div>\n<\/div>\n<\/div>\n<\/div>\n<\/section>\n<p>[\/vc_column_text][\/vc_tta_section][vc_tta_section title=&#8221;Terminal ISOCAN&#8221; tab_id=&#8221;1592830786302-1f2f3fdb-18c2&#8243;][vc_column_text css=&#8221;&#8221;]Terminal permettant de contr\u00f4ler toutes les fonctions de la tr\u00e9mie frontale et de la barre d\u2019outils[\/vc_column_text][\/vc_tta_section][vc_tta_section title=&#8221;Compatible ISOBUS&#8221; tab_id=&#8221;1592830786325-679294e8-f7b0&#8243;][vc_column_text css=&#8221;&#8221;]Une prise ISOBUS est n\u00e9cessaire \u00e0 l\u2019avant et \u00e0 l\u2019arri\u00e8re du tracteur ou un faisceau en T (prise de connexion \u00e0 l\u2019arri\u00e8re du tracteur avec c\u00e2ble le long du c\u00f4t\u00e9 pour se connecter \u00e0 la tr\u00e9mie avant)[\/vc_column_text][\/vc_tta_section][vc_tta_section title=&#8221;Taux variable&#8221; tab_id=&#8221;1718027523007-9ba92d19-ea32&#8243;][vc_column_text css=&#8221;&#8221;]En fonction du contr\u00f4leur de t\u00e2ches et de la cl\u00e9 de licence[\/vc_column_text][\/vc_tta_section][vc_tta_section title=&#8221;Roues de dosage&#8221; tab_id=&#8221;1718027544574-cdb98c69-0e40&#8243;][vc_column_text css=&#8221;&#8221;]Petites, moyennes et grandes tailles pour s\u2019adapter \u00e0 une large gamme de semences et d\u2019engrais[\/vc_column_text][\/vc_tta_section][vc_tta_section title=&#8221;Capteurs de tr\u00e9mie&#8221; tab_id=&#8221;1718027570717-28c8c11c-a82c&#8221;][vc_column_text css=&#8221;&#8221;]Un capteur de niveau bas et un capteur de tr\u00e9mie vide[\/vc_column_text][\/vc_tta_section][vc_tta_section title=&#8221;Bo\u00eete \u00e0 outils&#8221; tab_id=&#8221;1718027613792-fb8b3c77-32da&#8221;][\/vc_tta_section][vc_tta_section title=&#8221;Marchepied avant rabattable&#8221; tab_id=&#8221;1718027627275-f2f370be-1484&#8243;][\/vc_tta_section][vc_tta_section title=&#8221;Options:&#8221; tab_id=&#8221;1718027642921-10fb1b85-8486&#8243;][vc_column_text css=&#8221;&#8221;]Masse additionelle de 550 kg<\/p>\n<p>Tasse avant roues Packer avec direction passive<\/p>\n<p>Cam\u00e9ra de vision nocturne x 2 et feux de travail[\/vc_column_text][\/vc_tta_section][\/vc_tta_accordion][\/vc_column][\/vc_row]<\/p>\n<\/div>","protected":false},"excerpt":{"rendered":"<p>[vc_row][vc_column][vc_column_text css=&#8221;&#8221;] Avec une capacit\u00e9 totale de 2 750 litres, la tr\u00e9mie frontale double Evolution est divis\u00e9e en deux grandes<\/p>\n","protected":false},"featured_media":103234,"template":"","meta":{"inline_featured_image":false},"product_brand":[],"product_cat":[180],"product_tag":[],"class_list":{"0":"post-103399","1":"product","2":"type-product","3":"status-publish","4":"has-post-thumbnail","6":"product_cat-products-fr","8":"first","9":"instock","10":"shipping-taxable","11":"product-type-simple"},"yoast_head":"<!-- This site is optimized with the Yoast SEO plugin v27.1.1 - https:\/\/yoast.com\/product\/yoast-seo-wordpress\/ -->\n<title>Claydon Drill Front Hopper \u2013 Smart Farming<\/title>\n<meta name=\"description\" content=\"Need a front hopper for seeding? Claydon Drills offers split seed &amp; fertiliser hoppers for fast, efficient, and cost-effective operations.\" \/>\n<meta name=\"robots\" content=\"index, follow, max-snippet:-1, max-image-preview:large, max-video-preview:-1\" \/>\n<link rel=\"canonical\" href=\"https:\/\/claydondrill.com\/fr\/product\/tremie-frontale-evolution\/\" \/>\n<meta property=\"og:locale\" content=\"fr_FR\" \/>\n<meta property=\"og:type\" content=\"article\" \/>\n<meta property=\"og:title\" content=\"Claydon Drill Front Hopper \u2013 Smart Farming\" \/>\n<meta property=\"og:description\" content=\"Need a front hopper for seeding? Claydon Drills offers split seed &amp; fertiliser hoppers for fast, efficient, and cost-effective operations.\" \/>\n<meta property=\"og:url\" content=\"https:\/\/claydondrill.com\/fr\/product\/tremie-frontale-evolution\/\" \/>\n<meta property=\"og:site_name\" content=\"Claydon Drill Seed\" \/>\n<meta property=\"article:modified_time\" content=\"2026-03-30T09:39:58+00:00\" \/>\n<meta property=\"og:image\" content=\"https:\/\/claydondrill.com\/wp-content\/uploads\/2024\/05\/IMG_1371-ed-scaled.jpg\" \/>\n\t<meta property=\"og:image:width\" content=\"2560\" \/>\n\t<meta property=\"og:image:height\" content=\"1920\" \/>\n\t<meta property=\"og:image:type\" content=\"image\/jpeg\" \/>\n<meta name=\"twitter:card\" content=\"summary_large_image\" \/>\n<meta name=\"twitter:label1\" content=\"Dur\u00e9e de lecture estim\u00e9e\" \/>\n\t<meta name=\"twitter:data1\" content=\"3 minutes\" \/>\n<script type=\"application\/ld+json\" class=\"yoast-schema-graph\">{\"@context\":\"https:\/\/schema.org\",\"@graph\":[{\"@type\":\"WebPage\",\"@id\":\"https:\/\/claydondrill.com\/fr\/product\/tremie-frontale-evolution\/\",\"url\":\"https:\/\/claydondrill.com\/fr\/product\/tremie-frontale-evolution\/\",\"name\":\"Claydon Drill Front Hopper \u2013 Smart Farming\",\"isPartOf\":{\"@id\":\"https:\/\/claydondrill.com\/fr\/#website\"},\"primaryImageOfPage\":{\"@id\":\"https:\/\/claydondrill.com\/fr\/product\/tremie-frontale-evolution\/#primaryimage\"},\"image\":{\"@id\":\"https:\/\/claydondrill.com\/fr\/product\/tremie-frontale-evolution\/#primaryimage\"},\"thumbnailUrl\":\"https:\/\/claydondrill.com\/wp-content\/uploads\/2024\/05\/IMG_1371-ed-scaled.jpg\",\"datePublished\":\"2024-05-31T07:34:52+00:00\",\"dateModified\":\"2026-03-30T09:39:58+00:00\",\"description\":\"Need a front hopper for seeding? Claydon Drills offers split seed & fertiliser hoppers for fast, efficient, and cost-effective operations.\",\"breadcrumb\":{\"@id\":\"https:\/\/claydondrill.com\/fr\/product\/tremie-frontale-evolution\/#breadcrumb\"},\"inLanguage\":\"fr-FR\",\"potentialAction\":[{\"@type\":\"ReadAction\",\"target\":[\"https:\/\/claydondrill.com\/fr\/product\/tremie-frontale-evolution\/\"]}]},{\"@type\":\"ImageObject\",\"inLanguage\":\"fr-FR\",\"@id\":\"https:\/\/claydondrill.com\/fr\/product\/tremie-frontale-evolution\/#primaryimage\",\"url\":\"https:\/\/claydondrill.com\/wp-content\/uploads\/2024\/05\/IMG_1371-ed-scaled.jpg\",\"contentUrl\":\"https:\/\/claydondrill.com\/wp-content\/uploads\/2024\/05\/IMG_1371-ed-scaled.jpg\",\"width\":2560,\"height\":1920,\"caption\":\"front hopper\"},{\"@type\":\"BreadcrumbList\",\"@id\":\"https:\/\/claydondrill.com\/fr\/product\/tremie-frontale-evolution\/#breadcrumb\",\"itemListElement\":[{\"@type\":\"ListItem\",\"position\":1,\"name\":\"Home\",\"item\":\"https:\/\/claydondrill.com\/fr\/\"},{\"@type\":\"ListItem\",\"position\":2,\"name\":\"Tr\u00e9mie frontale double Evolution\"}]},{\"@type\":\"WebSite\",\"@id\":\"https:\/\/claydondrill.com\/fr\/#website\",\"url\":\"https:\/\/claydondrill.com\/fr\/\",\"name\":\"Claydon Drill Seed\",\"description\":\"\",\"potentialAction\":[{\"@type\":\"SearchAction\",\"target\":{\"@type\":\"EntryPoint\",\"urlTemplate\":\"https:\/\/claydondrill.com\/fr\/?s={search_term_string}\"},\"query-input\":{\"@type\":\"PropertyValueSpecification\",\"valueRequired\":true,\"valueName\":\"search_term_string\"}}],\"inLanguage\":\"fr-FR\"}]}<\/script>\n<!-- \/ Yoast SEO plugin. -->","yoast_head_json":{"title":"Claydon Drill Front Hopper \u2013 Smart Farming","description":"Need a front hopper for seeding? Claydon Drills offers split seed & fertiliser hoppers for fast, efficient, and cost-effective operations.","robots":{"index":"index","follow":"follow","max-snippet":"max-snippet:-1","max-image-preview":"max-image-preview:large","max-video-preview":"max-video-preview:-1"},"canonical":"https:\/\/claydondrill.com\/fr\/product\/tremie-frontale-evolution\/","og_locale":"fr_FR","og_type":"article","og_title":"Claydon Drill Front Hopper \u2013 Smart Farming","og_description":"Need a front hopper for seeding? Claydon Drills offers split seed & fertiliser hoppers for fast, efficient, and cost-effective operations.","og_url":"https:\/\/claydondrill.com\/fr\/product\/tremie-frontale-evolution\/","og_site_name":"Claydon Drill Seed","article_modified_time":"2026-03-30T09:39:58+00:00","og_image":[{"width":2560,"height":1920,"url":"https:\/\/claydondrill.com\/wp-content\/uploads\/2024\/05\/IMG_1371-ed-scaled.jpg","type":"image\/jpeg"}],"twitter_card":"summary_large_image","twitter_misc":{"Dur\u00e9e de lecture estim\u00e9e":"3 minutes"},"schema":{"@context":"https:\/\/schema.org","@graph":[{"@type":"WebPage","@id":"https:\/\/claydondrill.com\/fr\/product\/tremie-frontale-evolution\/","url":"https:\/\/claydondrill.com\/fr\/product\/tremie-frontale-evolution\/","name":"Claydon Drill Front Hopper \u2013 Smart Farming","isPartOf":{"@id":"https:\/\/claydondrill.com\/fr\/#website"},"primaryImageOfPage":{"@id":"https:\/\/claydondrill.com\/fr\/product\/tremie-frontale-evolution\/#primaryimage"},"image":{"@id":"https:\/\/claydondrill.com\/fr\/product\/tremie-frontale-evolution\/#primaryimage"},"thumbnailUrl":"https:\/\/claydondrill.com\/wp-content\/uploads\/2024\/05\/IMG_1371-ed-scaled.jpg","datePublished":"2024-05-31T07:34:52+00:00","dateModified":"2026-03-30T09:39:58+00:00","description":"Need a front hopper for seeding? Claydon Drills offers split seed & fertiliser hoppers for fast, efficient, and cost-effective operations.","breadcrumb":{"@id":"https:\/\/claydondrill.com\/fr\/product\/tremie-frontale-evolution\/#breadcrumb"},"inLanguage":"fr-FR","potentialAction":[{"@type":"ReadAction","target":["https:\/\/claydondrill.com\/fr\/product\/tremie-frontale-evolution\/"]}]},{"@type":"ImageObject","inLanguage":"fr-FR","@id":"https:\/\/claydondrill.com\/fr\/product\/tremie-frontale-evolution\/#primaryimage","url":"https:\/\/claydondrill.com\/wp-content\/uploads\/2024\/05\/IMG_1371-ed-scaled.jpg","contentUrl":"https:\/\/claydondrill.com\/wp-content\/uploads\/2024\/05\/IMG_1371-ed-scaled.jpg","width":2560,"height":1920,"caption":"front hopper"},{"@type":"BreadcrumbList","@id":"https:\/\/claydondrill.com\/fr\/product\/tremie-frontale-evolution\/#breadcrumb","itemListElement":[{"@type":"ListItem","position":1,"name":"Home","item":"https:\/\/claydondrill.com\/fr\/"},{"@type":"ListItem","position":2,"name":"Tr\u00e9mie frontale double Evolution"}]},{"@type":"WebSite","@id":"https:\/\/claydondrill.com\/fr\/#website","url":"https:\/\/claydondrill.com\/fr\/","name":"Claydon Drill Seed","description":"","potentialAction":[{"@type":"SearchAction","target":{"@type":"EntryPoint","urlTemplate":"https:\/\/claydondrill.com\/fr\/?s={search_term_string}"},"query-input":{"@type":"PropertyValueSpecification","valueRequired":true,"valueName":"search_term_string"}}],"inLanguage":"fr-FR"}]}},"_links":{"self":[{"href":"https:\/\/claydondrill.com\/fr\/wp-json\/wp\/v2\/product\/103399","targetHints":{"allow":["GET"]}}],"collection":[{"href":"https:\/\/claydondrill.com\/fr\/wp-json\/wp\/v2\/product"}],"about":[{"href":"https:\/\/claydondrill.com\/fr\/wp-json\/wp\/v2\/types\/product"}],"wp:featuredmedia":[{"embeddable":true,"href":"https:\/\/claydondrill.com\/fr\/wp-json\/wp\/v2\/media\/103234"}],"wp:attachment":[{"href":"https:\/\/claydondrill.com\/fr\/wp-json\/wp\/v2\/media?parent=103399"}],"wp:term":[{"taxonomy":"product_brand","embeddable":true,"href":"https:\/\/claydondrill.com\/fr\/wp-json\/wp\/v2\/product_brand?post=103399"},{"taxonomy":"product_cat","embeddable":true,"href":"https:\/\/claydondrill.com\/fr\/wp-json\/wp\/v2\/product_cat?post=103399"},{"taxonomy":"product_tag","embeddable":true,"href":"https:\/\/claydondrill.com\/fr\/wp-json\/wp\/v2\/product_tag?post=103399"}],"curies":[{"name":"wp","href":"https:\/\/api.w.org\/{rel}","templated":true}]}}