{"id":94161,"date":"2020-09-07T08:03:24","date_gmt":"2020-09-07T08:03:24","guid":{"rendered":"https:\/\/claydondrill.com\/evolution-m-mounted-drills\/"},"modified":"2025-04-08T11:14:23","modified_gmt":"2025-04-08T11:14:23","slug":"evolution-m-mounted-drills","status":"publish","type":"page","link":"https:\/\/claydondrill.com\/fr\/evolution-m-semoirs-portes\/","title":{"rendered":"EVOLUTION M &#8211; SEMOIRS PORT\u00c9S"},"content":{"rendered":"<div class=\"wpb-content-wrapper\"><p>[vc_row el_class=&#8221;top_desc eval_sec&#8221;][vc_column width=&#8221;1\/2&#8243; el_class=&#8221;top_desc&#8221;][vc_custom_heading text=&#8221;SEMOIRS PORT\u00c9S&#8221; use_theme_fonts=&#8221;yes&#8221; css=&#8221;.vc_custom_1722586637964{margin-bottom: 20px !important;}&#8221;][vc_column_text]La nouvelle gamme de semoirs port\u00e9s Evolution de Claydon fait passer le semis direct en bandes au niveau sup\u00e9rieur. Elle s&#8217;appuie sur les 19 ann\u00e9es d&#8217;exp\u00e9rience de la soci\u00e9t\u00e9 dans cette technologie, avec la technique \u00e9prouv\u00e9e des dents de t\u00eate, et l&#8217;associe \u00e0 de nouvelles fonctionnalit\u00e9s op\u00e9rationnelles.<\/p>\n<p>Avec neuf nouveaux mod\u00e8les couvrant des largeurs de travail de 3m, 4m, 4,5m, 4,8m, 5m et 6m, la taille de la tr\u00e9mie est pass\u00e9e \u00e0 1 910 litres pour les unit\u00e9s de semences uniquement et \u00e0 2 700 litres pour les mod\u00e8les 3m 3MF et 4m 4MRF, r\u00e9partis \u00e0 parts \u00e9gales entre semences et engrais. Les grandes tr\u00e9mies r\u00e9duisent les temps d&#8217;arr\u00eat et augmentent le rendement, tandis que les options de deuxi\u00e8mes et troisi\u00e8mes tr\u00e9mies pour l&#8217;application de plusieurs types, vari\u00e9t\u00e9s et tailles de semences am\u00e9liorent encore la polyvalence. Les rendements journaliers typiques vont de 20ha pour l&#8217;Evolution 3m, qui n\u00e9cessite un tracteur d&#8217;un minimum de 150cv, \u00e0 40ha pour la version 6m qui n\u00e9cessite un minimum de 300cv.<\/p>\n<p>Le r\u00e9glage de la profondeur de semis est contr\u00f4l\u00e9 hydrauliquement dans la nouvelle gamme Evolution et l&#8217;acc\u00e8s am\u00e9lior\u00e9 \u00e0 l&#8217;unit\u00e9 de dosage permet un calibrage plus facile. Des disques mont\u00e9s \u00e0 l&#8217;avant, actionn\u00e9s hydrauliquement depuis le si\u00e8ge du tracteur, peuvent \u00eatre sp\u00e9cifi\u00e9s pour les semis dans des situations de r\u00e9sidus \u00e9lev\u00e9s. La dent avant, qui a fait ses preuves, suivie d&#8217;un soc A de 180 mm, est mont\u00e9e de s\u00e9rie avec une large gamme d&#8217;options de socs et de sabots de semis. Des options de kit de double dent et de disque peuvent \u00eatre sp\u00e9cifi\u00e9es pour un semis \u00e0 faible perturbation.[\/vc_column_text][\/vc_column][vc_column width=&#8221;1\/2&#8243; el_class=&#8221;frtlizer&#8221;][vc_video link=&#8221;https:\/\/vimeo.com\/659649970&#8243;][vc_btn title=&#8221;T\u00e9l\u00e9chargez la brochure&#8221; align=&#8221;center&#8221; link=&#8221;url:https%3A%2F%2Fclaydondrill.com%2Fwp-content%2Fuploads%2F2024%2F01%2FOpti-Till-Machinery-Guide-French-2023-sec.pdf||target:%20_blank|&#8221; el_class=&#8221;lf_btn&#8221;][\/vc_column][\/vc_row][vc_row full_width=&#8221;stretch_row&#8221; css=&#8221;.vc_custom_1721989796396{margin-top: 0px !important;margin-right: 0px !important;margin-bottom: 0px !important;margin-left: 0px !important;padding-top: 75px !important;padding-bottom: 0px !important;}&#8221; el_class=&#8221;services2 home_cat&#8221;][vc_column css=&#8221;.vc_custom_1460369393337{padding-top: 0px !important;padding-bottom: 0px !important;}&#8221;][vc_row_inner el_class=&#8221;product_sec cat_list&#8221;][vc_column_inner width=&#8221;1\/3&#8243;][vc_single_image image=&#8221;101348&#8243; img_size=&#8221;full&#8221; alignment=&#8221;center&#8221;][vc_custom_heading text=&#8221;3M&#8221; font_container=&#8221;tag:h2|text_align:left|color:%23ca1f26&#8243; use_theme_fonts=&#8221;yes&#8221; el_class=&#8221;style5&#8243; css=&#8221;.vc_custom_1722332882811{margin-top: -20px !important;margin-bottom: 10px !important;}&#8221; link=&#8221;url:https%3A%2F%2Fclaydondrill.com%2Ffr%2Fproduct%2Fevolution-m3%2F|||&#8221;][thememove_button text=&#8221;READ MORE&#8221; url=&#8221;https:\/\/claydondrill.com\/fr\/product\/evolution-m3\/&#8221; icon=&#8221;fa-arrow-right&#8221;][\/vc_column_inner][vc_column_inner width=&#8221;1\/3&#8243;][vc_single_image image=&#8221;101363&#8243; img_size=&#8221;full&#8221; alignment=&#8221;center&#8221;][vc_custom_heading text=&#8221;3MF&#8221; font_container=&#8221;tag:h2|text_align:left|color:%23ca1f26&#8243; use_theme_fonts=&#8221;yes&#8221; el_class=&#8221;style5&#8243; css=&#8221;.vc_custom_1722333289076{margin-top: -20px !important;margin-bottom: 10px !important;}&#8221; link=&#8221;url:https%3A%2F%2Fclaydondrill.com%2Ffr%2Fproduct%2Fevolution-m3f%2F|||&#8221;][thememove_button text=&#8221;READ MORE&#8221; url=&#8221;https:\/\/claydondrill.com\/fr\/product\/evolution-m3f\/&#8221; icon=&#8221;fa-arrow-right&#8221;][\/vc_column_inner][vc_column_inner width=&#8221;1\/3&#8243;][vc_single_image image=&#8221;101353&#8243; img_size=&#8221;full&#8221; alignment=&#8221;center&#8221;][vc_custom_heading text=&#8221;4MR&#8221; font_container=&#8221;tag:h2|text_align:left|color:%23ca1f26&#8243; use_theme_fonts=&#8221;yes&#8221; el_class=&#8221;style5&#8243; css=&#8221;.vc_custom_1722332847881{margin-top: -20px !important;margin-bottom: 10px !important;}&#8221; link=&#8221;url:https%3A%2F%2Fclaydondrill.com%2Ffr%2Fproduct%2Fevolution-m4r%2F|||&#8221;][thememove_button text=&#8221;READ MORE&#8221; url=&#8221;https:\/\/claydondrill.com\/fr\/product\/evolution-m4r\/&#8221; icon=&#8221;fa-arrow-right&#8221;][\/vc_column_inner][\/vc_row_inner][vc_row_inner el_class=&#8221;product_sec cat_list&#8221;][vc_column_inner width=&#8221;1\/3&#8243;][vc_single_image image=&#8221;101338&#8243; img_size=&#8221;full&#8221; alignment=&#8221;center&#8221;][vc_custom_heading text=&#8221;4MRF&#8221; font_container=&#8221;tag:h2|text_align:left|color:%23ca1f26&#8243; use_theme_fonts=&#8221;yes&#8221; el_class=&#8221;style5&#8243; css=&#8221;.vc_custom_1722332928418{margin-top: -20px !important;margin-bottom: 10px !important;}&#8221; link=&#8221;url:https%3A%2F%2Fclaydondrill.com%2Ffr%2Fproduct%2Fevolution-m4rf%2F|||&#8221;][thememove_button text=&#8221;READ MORE&#8221; url=&#8221;https:\/\/claydondrill.com\/fr\/product\/evolution-m4rf\/&#8221; icon=&#8221;fa-arrow-right&#8221;][\/vc_column_inner][vc_column_inner width=&#8221;1\/3&#8243;][vc_single_image image=&#8221;101358&#8243; img_size=&#8221;full&#8221; alignment=&#8221;center&#8221;][vc_custom_heading text=&#8221;4M&#8221; font_container=&#8221;tag:h2|text_align:left|color:%23ca1f26&#8243; use_theme_fonts=&#8221;yes&#8221; el_class=&#8221;style5&#8243; css=&#8221;.vc_custom_1722332809986{margin-top: -20px !important;margin-bottom: 10px !important;}&#8221; link=&#8221;url:https%3A%2F%2Fclaydondrill.com%2Ffr%2Fproduct%2Fevolution-m4%2F|||&#8221;][thememove_button text=&#8221;READ MORE&#8221; url=&#8221;https:\/\/claydondrill.com\/fr\/product\/evolution-m4\/&#8221; icon=&#8221;fa-arrow-right&#8221;][\/vc_column_inner][vc_column_inner width=&#8221;1\/3&#8243;][vc_single_image image=&#8221;101333&#8243; img_size=&#8221;full&#8221; alignment=&#8221;center&#8221;][vc_custom_heading text=&#8221;4.5M&#8221; font_container=&#8221;tag:h2|text_align:left|color:%23ca1f26&#8243; use_theme_fonts=&#8221;yes&#8221; el_class=&#8221;style5&#8243; css=&#8221;.vc_custom_1722332976570{margin-top: -20px !important;margin-bottom: 10px !important;}&#8221; link=&#8221;url:https%3A%2F%2Fclaydondrill.com%2Ffr%2Fproduct%2Fevolution-m45%2F|||&#8221;][thememove_button text=&#8221;READ MORE&#8221; url=&#8221;https:\/\/claydondrill.com\/fr\/product\/evolution-m45\/&#8221; icon=&#8221;fa-arrow-right&#8221;][\/vc_column_inner][\/vc_row_inner][vc_row_inner el_class=&#8221;product_sec cat_list&#8221;][vc_column_inner width=&#8221;1\/3&#8243;][vc_single_image image=&#8221;100727&#8243; img_size=&#8221;full&#8221; alignment=&#8221;center&#8221;][vc_custom_heading text=&#8221;4.8M&#8221; font_container=&#8221;tag:h2|text_align:left|color:%23ca1f26&#8243; use_theme_fonts=&#8221;yes&#8221; el_class=&#8221;style5&#8243; css=&#8221;.vc_custom_1722333770360{margin-top: -20px !important;margin-bottom: 10px !important;}&#8221; link=&#8221;url:https%3A%2F%2Fclaydondrill.com%2Ffr%2Fproduct%2Fevolution-m48%2F|||&#8221;][thememove_button text=&#8221;READ MORE&#8221; url=&#8221;https:\/\/claydondrill.com\/fr\/product\/evolution-m48\/&#8221; icon=&#8221;fa-arrow-right&#8221;][\/vc_column_inner][vc_column_inner width=&#8221;1\/3&#8243;][vc_single_image image=&#8221;101323&#8243; img_size=&#8221;full&#8221; alignment=&#8221;center&#8221;][vc_custom_heading text=&#8221;5M&#8221; font_container=&#8221;tag:h2|text_align:left|color:%23ca1f26&#8243; use_theme_fonts=&#8221;yes&#8221; el_class=&#8221;style5&#8243; css=&#8221;.vc_custom_1722333832630{margin-top: -20px !important;margin-bottom: 10px !important;}&#8221; link=&#8221;url:https%3A%2F%2Fclaydondrill.com%2Ffr%2Fproduct%2Fevolution-m5%2F|||&#8221;][thememove_button text=&#8221;READ MORE&#8221; url=&#8221;https:\/\/claydondrill.com\/fr\/product\/evolution-m5\/&#8221; icon=&#8221;fa-arrow-right&#8221;][\/vc_column_inner][vc_column_inner width=&#8221;1\/3&#8243;][vc_single_image image=&#8221;100739&#8243; img_size=&#8221;full&#8221; alignment=&#8221;center&#8221;][vc_custom_heading text=&#8221;6M&#8221; font_container=&#8221;tag:h2|text_align:left|color:%23ca1f26&#8243; use_theme_fonts=&#8221;yes&#8221; el_class=&#8221;style5&#8243; css=&#8221;.vc_custom_1722333896930{margin-top: -20px !important;margin-bottom: 10px !important;}&#8221; link=&#8221;url:https%3A%2F%2Fclaydondrill.com%2Ffr%2Fproduct%2Fevolution-m6%2F|||&#8221;][thememove_button text=&#8221;READ MORE&#8221; url=&#8221;https:\/\/claydondrill.com\/fr\/product\/evolution-m6\/&#8221; icon=&#8221;fa-arrow-right&#8221;][\/vc_column_inner][\/vc_row_inner][\/vc_column][\/vc_row]<\/p>\n<\/div>","protected":false},"excerpt":{"rendered":"<p>[vc_row el_class=&#8221;top_desc eval_sec&#8221;][vc_column width=&#8221;1\/2&#8243; el_class=&#8221;top_desc&#8221;][vc_custom_heading text=&#8221;SEMOIRS PORT\u00c9S&#8221; use_theme_fonts=&#8221;yes&#8221; css=&#8221;.vc_custom_1722586637964{margin-bottom: 20px !important;}&#8221;][vc_column_text]La nouvelle gamme de semoirs port\u00e9s Evolution de Claydon fait<\/p>\n","protected":false},"author":1,"featured_media":0,"parent":0,"menu_order":0,"comment_status":"closed","ping_status":"closed","template":"","meta":{"inline_featured_image":false,"footnotes":""},"class_list":["post-94161","page","type-page","status-publish","hentry"],"yoast_head":"<!-- This site is optimized with the Yoast SEO plugin v27.1.1 - https:\/\/yoast.com\/product\/yoast-seo-wordpress\/ -->\n<title>Semoirs port\u00e9s Evolution M | Semoirs \u00e0 semis direct<\/title>\n<meta name=\"description\" content=\"Les Semoirs Port\u00e9s \u00c9volution M de Claydon r\u00e9volutionnent le semis direct en bandes gr\u00e2ce \u00e0 une technologie de dents \u00e9prouv\u00e9e et une fonctionnalit\u00e9 am\u00e9lior\u00e9e pour des performances sup\u00e9rieures.\" \/>\n<meta name=\"robots\" content=\"index, follow, max-snippet:-1, max-image-preview:large, max-video-preview:-1\" \/>\n<link rel=\"canonical\" href=\"https:\/\/claydondrill.com\/fr\/evolution-m-semoirs-portes\/\" \/>\n<meta property=\"og:locale\" content=\"fr_FR\" \/>\n<meta property=\"og:type\" content=\"article\" \/>\n<meta property=\"og:title\" content=\"Semoirs port\u00e9s Evolution M | Semoirs \u00e0 semis direct\" \/>\n<meta property=\"og:description\" content=\"Les Semoirs Port\u00e9s \u00c9volution M de Claydon r\u00e9volutionnent le semis direct en bandes gr\u00e2ce \u00e0 une technologie de dents \u00e9prouv\u00e9e et une fonctionnalit\u00e9 am\u00e9lior\u00e9e pour des performances sup\u00e9rieures.\" \/>\n<meta property=\"og:url\" content=\"https:\/\/claydondrill.com\/fr\/evolution-m-semoirs-portes\/\" \/>\n<meta property=\"og:site_name\" content=\"Claydon Drill Seed\" \/>\n<meta property=\"article:modified_time\" content=\"2025-04-08T11:14:23+00:00\" \/>\n<meta name=\"twitter:card\" content=\"summary_large_image\" \/>\n<meta name=\"twitter:label1\" content=\"Dur\u00e9e de lecture estim\u00e9e\" \/>\n\t<meta name=\"twitter:data1\" content=\"3 minutes\" \/>\n<script type=\"application\/ld+json\" class=\"yoast-schema-graph\">{\"@context\":\"https:\/\/schema.org\",\"@graph\":[{\"@type\":\"WebPage\",\"@id\":\"https:\/\/claydondrill.com\/fr\/evolution-m-semoirs-portes\/\",\"url\":\"https:\/\/claydondrill.com\/fr\/evolution-m-semoirs-portes\/\",\"name\":\"Semoirs port\u00e9s Evolution M | Semoirs \u00e0 semis direct\",\"isPartOf\":{\"@id\":\"https:\/\/claydondrill.com\/fr\/#website\"},\"datePublished\":\"2020-09-07T08:03:24+00:00\",\"dateModified\":\"2025-04-08T11:14:23+00:00\",\"description\":\"Les Semoirs Port\u00e9s \u00c9volution M de Claydon r\u00e9volutionnent le semis direct en bandes gr\u00e2ce \u00e0 une technologie de dents \u00e9prouv\u00e9e et une fonctionnalit\u00e9 am\u00e9lior\u00e9e pour des performances sup\u00e9rieures.\",\"breadcrumb\":{\"@id\":\"https:\/\/claydondrill.com\/fr\/evolution-m-semoirs-portes\/#breadcrumb\"},\"inLanguage\":\"fr-FR\",\"potentialAction\":[{\"@type\":\"ReadAction\",\"target\":[\"https:\/\/claydondrill.com\/fr\/evolution-m-semoirs-portes\/\"]}]},{\"@type\":\"BreadcrumbList\",\"@id\":\"https:\/\/claydondrill.com\/fr\/evolution-m-semoirs-portes\/#breadcrumb\",\"itemListElement\":[{\"@type\":\"ListItem\",\"position\":1,\"name\":\"Home\",\"item\":\"https:\/\/claydondrill.com\/fr\/\"},{\"@type\":\"ListItem\",\"position\":2,\"name\":\"EVOLUTION M &#8211; SEMOIRS PORT\u00c9S\"}]},{\"@type\":\"WebSite\",\"@id\":\"https:\/\/claydondrill.com\/fr\/#website\",\"url\":\"https:\/\/claydondrill.com\/fr\/\",\"name\":\"Claydon Drill Seed\",\"description\":\"\",\"potentialAction\":[{\"@type\":\"SearchAction\",\"target\":{\"@type\":\"EntryPoint\",\"urlTemplate\":\"https:\/\/claydondrill.com\/fr\/?s={search_term_string}\"},\"query-input\":{\"@type\":\"PropertyValueSpecification\",\"valueRequired\":true,\"valueName\":\"search_term_string\"}}],\"inLanguage\":\"fr-FR\"}]}<\/script>\n<!-- \/ Yoast SEO plugin. -->","yoast_head_json":{"title":"Semoirs port\u00e9s Evolution M | Semoirs \u00e0 semis direct","description":"Les Semoirs Port\u00e9s \u00c9volution M de Claydon r\u00e9volutionnent le semis direct en bandes gr\u00e2ce \u00e0 une technologie de dents \u00e9prouv\u00e9e et une fonctionnalit\u00e9 am\u00e9lior\u00e9e pour des performances sup\u00e9rieures.","robots":{"index":"index","follow":"follow","max-snippet":"max-snippet:-1","max-image-preview":"max-image-preview:large","max-video-preview":"max-video-preview:-1"},"canonical":"https:\/\/claydondrill.com\/fr\/evolution-m-semoirs-portes\/","og_locale":"fr_FR","og_type":"article","og_title":"Semoirs port\u00e9s Evolution M | Semoirs \u00e0 semis direct","og_description":"Les Semoirs Port\u00e9s \u00c9volution M de Claydon r\u00e9volutionnent le semis direct en bandes gr\u00e2ce \u00e0 une technologie de dents \u00e9prouv\u00e9e et une fonctionnalit\u00e9 am\u00e9lior\u00e9e pour des performances sup\u00e9rieures.","og_url":"https:\/\/claydondrill.com\/fr\/evolution-m-semoirs-portes\/","og_site_name":"Claydon Drill Seed","article_modified_time":"2025-04-08T11:14:23+00:00","twitter_card":"summary_large_image","twitter_misc":{"Dur\u00e9e de lecture estim\u00e9e":"3 minutes"},"schema":{"@context":"https:\/\/schema.org","@graph":[{"@type":"WebPage","@id":"https:\/\/claydondrill.com\/fr\/evolution-m-semoirs-portes\/","url":"https:\/\/claydondrill.com\/fr\/evolution-m-semoirs-portes\/","name":"Semoirs port\u00e9s Evolution M | Semoirs \u00e0 semis direct","isPartOf":{"@id":"https:\/\/claydondrill.com\/fr\/#website"},"datePublished":"2020-09-07T08:03:24+00:00","dateModified":"2025-04-08T11:14:23+00:00","description":"Les Semoirs Port\u00e9s \u00c9volution M de Claydon r\u00e9volutionnent le semis direct en bandes gr\u00e2ce \u00e0 une technologie de dents \u00e9prouv\u00e9e et une fonctionnalit\u00e9 am\u00e9lior\u00e9e pour des performances sup\u00e9rieures.","breadcrumb":{"@id":"https:\/\/claydondrill.com\/fr\/evolution-m-semoirs-portes\/#breadcrumb"},"inLanguage":"fr-FR","potentialAction":[{"@type":"ReadAction","target":["https:\/\/claydondrill.com\/fr\/evolution-m-semoirs-portes\/"]}]},{"@type":"BreadcrumbList","@id":"https:\/\/claydondrill.com\/fr\/evolution-m-semoirs-portes\/#breadcrumb","itemListElement":[{"@type":"ListItem","position":1,"name":"Home","item":"https:\/\/claydondrill.com\/fr\/"},{"@type":"ListItem","position":2,"name":"EVOLUTION M &#8211; SEMOIRS PORT\u00c9S"}]},{"@type":"WebSite","@id":"https:\/\/claydondrill.com\/fr\/#website","url":"https:\/\/claydondrill.com\/fr\/","name":"Claydon Drill Seed","description":"","potentialAction":[{"@type":"SearchAction","target":{"@type":"EntryPoint","urlTemplate":"https:\/\/claydondrill.com\/fr\/?s={search_term_string}"},"query-input":{"@type":"PropertyValueSpecification","valueRequired":true,"valueName":"search_term_string"}}],"inLanguage":"fr-FR"}]}},"_links":{"self":[{"href":"https:\/\/claydondrill.com\/fr\/wp-json\/wp\/v2\/pages\/94161","targetHints":{"allow":["GET"]}}],"collection":[{"href":"https:\/\/claydondrill.com\/fr\/wp-json\/wp\/v2\/pages"}],"about":[{"href":"https:\/\/claydondrill.com\/fr\/wp-json\/wp\/v2\/types\/page"}],"author":[{"embeddable":true,"href":"https:\/\/claydondrill.com\/fr\/wp-json\/wp\/v2\/users\/1"}],"replies":[{"embeddable":true,"href":"https:\/\/claydondrill.com\/fr\/wp-json\/wp\/v2\/comments?post=94161"}],"version-history":[{"count":0,"href":"https:\/\/claydondrill.com\/fr\/wp-json\/wp\/v2\/pages\/94161\/revisions"}],"wp:attachment":[{"href":"https:\/\/claydondrill.com\/fr\/wp-json\/wp\/v2\/media?parent=94161"}],"curies":[{"name":"wp","href":"https:\/\/api.w.org\/{rel}","templated":true}]}}