{"id":87514,"date":"2021-08-03T13:35:11","date_gmt":"2021-08-03T13:35:11","guid":{"rendered":"https:\/\/claydondrill.com\/?page_id=87514"},"modified":"2024-12-09T09:28:03","modified_gmt":"2024-12-09T09:28:03","slug":"events-calendar","status":"publish","type":"page","link":"https:\/\/claydondrill.com\/fr\/events-calendar\/","title":{"rendered":"Calendrier des \u00e9v\u00e9nements"},"content":{"rendered":"<div class=\"wpb-content-wrapper\"><p>[vc_row full_width=&#8221;stretch_row&#8221; css=&#8221;.vc_custom_1593977419878{margin-bottom: 0px !important;padding-top: 0px !important;padding-bottom: 0px !important;}&#8221; el_class=&#8221;skin-header07 team_top evnt_top&#8221;][vc_column width=&#8221;1\/2&#8243; css=&#8221;.vc_custom_1460369408603{padding-top: 0px !important;padding-bottom: 0px !important;}&#8221;][vc_custom_heading text=&#8221;Calendrier des \u00e9v\u00e9nements 2025&#8243; font_container=&#8221;tag:h2|text_align:left|color:%23111111&#8243; use_theme_fonts=&#8221;yes&#8221; el_class=&#8221;style4&#8243;][vc_column_text el_class=&#8221;gray&#8221;]<span class=\"VIiyi\" lang=\"fr\"><span class=\"JLqJ4b ChMk0b\" data-language-for-alternatives=\"fr\" data-language-to-translate-into=\"en\" data-phrase-index=\"1\">Vous trouverez ci-dessous les \u00e9v\u00e9nements auxquels nous sommes actuellement programm\u00e9s pour participer.<\/span> <\/span><\/p>\n<p><span class=\"VIiyi\" lang=\"fr\"><span class=\"JLqJ4b ChMk0b\" data-language-for-alternatives=\"fr\" data-language-to-translate-into=\"en\" data-phrase-index=\"3\">Observez les machines Claydon de pr\u00e8s et en action lors d&#8217;un \u00e9v\u00e9nement pr\u00e8s de chez vous cette ann\u00e9e.<\/span> <span class=\"JLqJ4b ChMk0b\" data-language-for-alternatives=\"fr\" data-language-to-translate-into=\"en\" data-phrase-index=\"4\">Nous serons heureux de vous y rencontrer.<\/span><\/span>[\/vc_column_text][\/vc_column][vc_column width=&#8221;1\/2&#8243; css=&#8221;.vc_custom_1593976087468{padding-top: 0px !important;padding-bottom: 0px !important;}&#8221;][vc_images_carousel images=&#8221;102794,102789,102784,75503,75499,75494,75498,75497,75495&#8243; img_size=&#8221;full&#8221; onclick=&#8221;link_no&#8221; wrap=&#8221;yes&#8221;][\/vc_column][\/vc_row][vc_row el_class=&#8221;table_sec&#8221;][vc_column][vc_column_text]\n<table id=\"tablepress-3\" class=\"tablepress tablepress-id-3\">\n<thead>\n<tr class=\"row-1\">\n\t<th class=\"column-1\">\t\t\t<h2><strong>Date<\/strong><\/h2><br \/>\n\t\t\t<\/th><th class=\"column-2\">\t\t\t<h2><strong>\u00c9v\u00e9nement <\/strong><\/h2><br \/>\n\t\t\t<\/th><th class=\"column-3\">\t\t\t<h2><strong>Stand<\/strong><\/h2><br \/>\n\t\t\t<\/th><th class=\"column-4\">\t\t\t<h2><strong>Lieu<\/strong><\/h2><br \/>\n\t\t\t<\/th><th class=\"column-5\">\t\t\t<h2><strong>Pays<\/strong><\/h2><br \/>\n\t\t\t<\/th>\n<\/tr>\n<\/thead>\n<tbody class=\"row-striping row-hover\">\n<tr class=\"row-2\">\n\t<td class=\"column-1\">24 fevrier 2025<\/td><td class=\"column-2\">TOUR DE PLAINE<br \/>\nAgriculture de Conservation des sols et Fertilit\u00e9 avec Fr\u00e9d\u00e9ric THOMAS<br \/>\n<br \/>\nENTR\u00c9E LIBRE MAIS INSCRIPTION OBLIGATOIRE AVANT LE 10\/02<br \/>\nfermeduharby@skynet.be ou h.lust@pnpc.be<\/td><td class=\"column-3\">Claydon stand<\/td><td class=\"column-4\">Ferme du Harby<br \/>\nChemin du Harby 3 \u00e0 7750 Anseroeul<\/td><td class=\"column-5\">Belgique<\/td>\n<\/tr>\n<tr class=\"row-3\">\n\t<td class=\"column-1\">8 mars 2025<\/td><td class=\"column-2\">Claydon presentation<\/td><td class=\"column-3\"><a href=\"https:\/\/www.facebook.com\/p\/Claydon-Belgium-100087797867137\/\">GreenFarm and Loonwerken Defruyt<\/a><\/td><td class=\"column-4\">Sport Vlaanderen Nieuwpoort<br \/>\nSpaarbekken 2<br \/>\n8620 Niewpoort<\/td><td class=\"column-5\">Belgique<\/td>\n<\/tr>\n<tr class=\"row-4\">\n\t<td class=\"column-1\">4-5 juin 2025<\/td><td class=\"column-2\"><a href=\"https:\/\/www.innovagri.com\/\">Innov Agri<\/a><\/td><td class=\"column-3\">Claydon stand<\/td><td class=\"column-4\">Essigny le Grand<br \/>\nAisne (02)<\/td><td class=\"column-5\">France<\/td>\n<\/tr>\n<tr class=\"row-5\">\n\t<td class=\"column-1\">2-4 septembre 2025<\/td><td class=\"column-2\"><a href=\"https:\/\/www.innovagri.com\/\">Innov Agri<\/a><\/td><td class=\"column-3\">Claydon stand<\/td><td class=\"column-4\">Outarville<br \/>\nLoiret (45)<\/td><td class=\"column-5\">France<\/td>\n<\/tr>\n<tr class=\"row-6\">\n\t<td class=\"column-1\">7-10 octobre 2025<\/td><td class=\"column-2\"><a href=\"https:\/\/www.sommet-elevage.fr\/\">Sommet de l'\u00e9levage<\/a><\/td><td class=\"column-3\">Claydon stand<\/td><td class=\"column-4\">Clermont Ferrand<\/td><td class=\"column-5\">France<\/td>\n<\/tr>\n<\/tbody>\n<\/table>\n<!-- #tablepress-3 from cache -->[\/vc_column_text][\/vc_column][\/vc_row]<\/p>\n<\/div>","protected":false},"excerpt":{"rendered":"<p>[vc_row full_width=&#8221;stretch_row&#8221; css=&#8221;.vc_custom_1593977419878{margin-bottom: 0px !important;padding-top: 0px !important;padding-bottom: 0px !important;}&#8221; el_class=&#8221;skin-header07 team_top evnt_top&#8221;][vc_column width=&#8221;1\/2&#8243; css=&#8221;.vc_custom_1460369408603{padding-top: 0px !important;padding-bottom: 0px !important;}&#8221;][vc_custom_heading text=&#8221;Calendrier des<\/p>\n","protected":false},"author":1,"featured_media":87526,"parent":0,"menu_order":18,"comment_status":"closed","ping_status":"closed","template":"","meta":{"inline_featured_image":false,"footnotes":""},"class_list":["post-87514","page","type-page","status-publish","has-post-thumbnail","hentry"],"yoast_head":"<!-- This site is optimized with the Yoast SEO plugin v27.1.1 - https:\/\/yoast.com\/product\/yoast-seo-wordpress\/ -->\n<title>Calendrier des \u00e9v\u00e9nements - Claydon Drill Seed<\/title>\n<meta name=\"robots\" content=\"index, follow, max-snippet:-1, max-image-preview:large, max-video-preview:-1\" \/>\n<link rel=\"canonical\" href=\"https:\/\/claydondrill.com\/fr\/events-calendar\/\" \/>\n<meta property=\"og:locale\" content=\"fr_FR\" \/>\n<meta property=\"og:type\" content=\"article\" \/>\n<meta property=\"og:title\" content=\"Calendrier des \u00e9v\u00e9nements - Claydon Drill Seed\" \/>\n<meta property=\"og:description\" content=\"[vc_row full_width=&#8221;stretch_row&#8221; css=&#8221;.vc_custom_1593977419878{margin-bottom: 0px !important;padding-top: 0px !important;padding-bottom: 0px !important;}&#8221; el_class=&#8221;skin-header07 team_top evnt_top&#8221;][vc_column width=&#8221;1\/2&#8243; css=&#8221;.vc_custom_1460369408603{padding-top: 0px !important;padding-bottom: 0px !important;}&#8221;][vc_custom_heading text=&#8221;Calendrier des\" \/>\n<meta property=\"og:url\" content=\"https:\/\/claydondrill.com\/fr\/events-calendar\/\" \/>\n<meta property=\"og:site_name\" content=\"Claydon Drill Seed\" \/>\n<meta property=\"article:modified_time\" content=\"2024-12-09T09:28:03+00:00\" \/>\n<meta property=\"og:image\" content=\"https:\/\/claydondrill.com\/wp-content\/uploads\/2020\/04\/Sapsed-13-April-2020-TerraBlade-follow-up-1.jpg\" \/>\n\t<meta property=\"og:image:width\" content=\"1024\" \/>\n\t<meta property=\"og:image:height\" content=\"768\" \/>\n\t<meta property=\"og:image:type\" content=\"image\/jpeg\" \/>\n<meta name=\"twitter:card\" content=\"summary_large_image\" \/>\n<meta name=\"twitter:label1\" content=\"Dur\u00e9e de lecture estim\u00e9e\" \/>\n\t<meta name=\"twitter:data1\" content=\"1 minute\" \/>\n<script type=\"application\/ld+json\" class=\"yoast-schema-graph\">{\"@context\":\"https:\/\/schema.org\",\"@graph\":[{\"@type\":\"WebPage\",\"@id\":\"https:\/\/claydondrill.com\/fr\/events-calendar\/\",\"url\":\"https:\/\/claydondrill.com\/fr\/events-calendar\/\",\"name\":\"Calendrier des \u00e9v\u00e9nements - Claydon Drill Seed\",\"isPartOf\":{\"@id\":\"https:\/\/claydondrill.com\/fr\/#website\"},\"primaryImageOfPage\":{\"@id\":\"https:\/\/claydondrill.com\/fr\/events-calendar\/#primaryimage\"},\"image\":{\"@id\":\"https:\/\/claydondrill.com\/fr\/events-calendar\/#primaryimage\"},\"thumbnailUrl\":\"https:\/\/claydondrill.com\/wp-content\/uploads\/2020\/04\/Sapsed-13-April-2020-TerraBlade-follow-up-1.jpg\",\"datePublished\":\"2021-08-03T13:35:11+00:00\",\"dateModified\":\"2024-12-09T09:28:03+00:00\",\"breadcrumb\":{\"@id\":\"https:\/\/claydondrill.com\/fr\/events-calendar\/#breadcrumb\"},\"inLanguage\":\"fr-FR\",\"potentialAction\":[{\"@type\":\"ReadAction\",\"target\":[\"https:\/\/claydondrill.com\/fr\/events-calendar\/\"]}]},{\"@type\":\"ImageObject\",\"inLanguage\":\"fr-FR\",\"@id\":\"https:\/\/claydondrill.com\/fr\/events-calendar\/#primaryimage\",\"url\":\"https:\/\/claydondrill.com\/wp-content\/uploads\/2020\/04\/Sapsed-13-April-2020-TerraBlade-follow-up-1.jpg\",\"contentUrl\":\"https:\/\/claydondrill.com\/wp-content\/uploads\/2020\/04\/Sapsed-13-April-2020-TerraBlade-follow-up-1.jpg\",\"width\":1024,\"height\":768},{\"@type\":\"BreadcrumbList\",\"@id\":\"https:\/\/claydondrill.com\/fr\/events-calendar\/#breadcrumb\",\"itemListElement\":[{\"@type\":\"ListItem\",\"position\":1,\"name\":\"Home\",\"item\":\"https:\/\/claydondrill.com\/fr\/\"},{\"@type\":\"ListItem\",\"position\":2,\"name\":\"Calendrier des \u00e9v\u00e9nements\"}]},{\"@type\":\"WebSite\",\"@id\":\"https:\/\/claydondrill.com\/fr\/#website\",\"url\":\"https:\/\/claydondrill.com\/fr\/\",\"name\":\"Claydon Drill Seed\",\"description\":\"\",\"potentialAction\":[{\"@type\":\"SearchAction\",\"target\":{\"@type\":\"EntryPoint\",\"urlTemplate\":\"https:\/\/claydondrill.com\/fr\/?s={search_term_string}\"},\"query-input\":{\"@type\":\"PropertyValueSpecification\",\"valueRequired\":true,\"valueName\":\"search_term_string\"}}],\"inLanguage\":\"fr-FR\"}]}<\/script>\n<!-- \/ Yoast SEO plugin. -->","yoast_head_json":{"title":"Calendrier des \u00e9v\u00e9nements - Claydon Drill Seed","robots":{"index":"index","follow":"follow","max-snippet":"max-snippet:-1","max-image-preview":"max-image-preview:large","max-video-preview":"max-video-preview:-1"},"canonical":"https:\/\/claydondrill.com\/fr\/events-calendar\/","og_locale":"fr_FR","og_type":"article","og_title":"Calendrier des \u00e9v\u00e9nements - Claydon Drill Seed","og_description":"[vc_row full_width=&#8221;stretch_row&#8221; css=&#8221;.vc_custom_1593977419878{margin-bottom: 0px !important;padding-top: 0px !important;padding-bottom: 0px !important;}&#8221; el_class=&#8221;skin-header07 team_top evnt_top&#8221;][vc_column width=&#8221;1\/2&#8243; css=&#8221;.vc_custom_1460369408603{padding-top: 0px !important;padding-bottom: 0px !important;}&#8221;][vc_custom_heading text=&#8221;Calendrier des","og_url":"https:\/\/claydondrill.com\/fr\/events-calendar\/","og_site_name":"Claydon Drill Seed","article_modified_time":"2024-12-09T09:28:03+00:00","og_image":[{"width":1024,"height":768,"url":"https:\/\/claydondrill.com\/wp-content\/uploads\/2020\/04\/Sapsed-13-April-2020-TerraBlade-follow-up-1.jpg","type":"image\/jpeg"}],"twitter_card":"summary_large_image","twitter_misc":{"Dur\u00e9e de lecture estim\u00e9e":"1 minute"},"schema":{"@context":"https:\/\/schema.org","@graph":[{"@type":"WebPage","@id":"https:\/\/claydondrill.com\/fr\/events-calendar\/","url":"https:\/\/claydondrill.com\/fr\/events-calendar\/","name":"Calendrier des \u00e9v\u00e9nements - Claydon Drill Seed","isPartOf":{"@id":"https:\/\/claydondrill.com\/fr\/#website"},"primaryImageOfPage":{"@id":"https:\/\/claydondrill.com\/fr\/events-calendar\/#primaryimage"},"image":{"@id":"https:\/\/claydondrill.com\/fr\/events-calendar\/#primaryimage"},"thumbnailUrl":"https:\/\/claydondrill.com\/wp-content\/uploads\/2020\/04\/Sapsed-13-April-2020-TerraBlade-follow-up-1.jpg","datePublished":"2021-08-03T13:35:11+00:00","dateModified":"2024-12-09T09:28:03+00:00","breadcrumb":{"@id":"https:\/\/claydondrill.com\/fr\/events-calendar\/#breadcrumb"},"inLanguage":"fr-FR","potentialAction":[{"@type":"ReadAction","target":["https:\/\/claydondrill.com\/fr\/events-calendar\/"]}]},{"@type":"ImageObject","inLanguage":"fr-FR","@id":"https:\/\/claydondrill.com\/fr\/events-calendar\/#primaryimage","url":"https:\/\/claydondrill.com\/wp-content\/uploads\/2020\/04\/Sapsed-13-April-2020-TerraBlade-follow-up-1.jpg","contentUrl":"https:\/\/claydondrill.com\/wp-content\/uploads\/2020\/04\/Sapsed-13-April-2020-TerraBlade-follow-up-1.jpg","width":1024,"height":768},{"@type":"BreadcrumbList","@id":"https:\/\/claydondrill.com\/fr\/events-calendar\/#breadcrumb","itemListElement":[{"@type":"ListItem","position":1,"name":"Home","item":"https:\/\/claydondrill.com\/fr\/"},{"@type":"ListItem","position":2,"name":"Calendrier des \u00e9v\u00e9nements"}]},{"@type":"WebSite","@id":"https:\/\/claydondrill.com\/fr\/#website","url":"https:\/\/claydondrill.com\/fr\/","name":"Claydon Drill Seed","description":"","potentialAction":[{"@type":"SearchAction","target":{"@type":"EntryPoint","urlTemplate":"https:\/\/claydondrill.com\/fr\/?s={search_term_string}"},"query-input":{"@type":"PropertyValueSpecification","valueRequired":true,"valueName":"search_term_string"}}],"inLanguage":"fr-FR"}]}},"_links":{"self":[{"href":"https:\/\/claydondrill.com\/fr\/wp-json\/wp\/v2\/pages\/87514","targetHints":{"allow":["GET"]}}],"collection":[{"href":"https:\/\/claydondrill.com\/fr\/wp-json\/wp\/v2\/pages"}],"about":[{"href":"https:\/\/claydondrill.com\/fr\/wp-json\/wp\/v2\/types\/page"}],"author":[{"embeddable":true,"href":"https:\/\/claydondrill.com\/fr\/wp-json\/wp\/v2\/users\/1"}],"replies":[{"embeddable":true,"href":"https:\/\/claydondrill.com\/fr\/wp-json\/wp\/v2\/comments?post=87514"}],"version-history":[{"count":0,"href":"https:\/\/claydondrill.com\/fr\/wp-json\/wp\/v2\/pages\/87514\/revisions"}],"wp:featuredmedia":[{"embeddable":true,"href":"https:\/\/claydondrill.com\/fr\/wp-json\/wp\/v2\/media\/87526"}],"wp:attachment":[{"href":"https:\/\/claydondrill.com\/fr\/wp-json\/wp\/v2\/media?parent=87514"}],"curies":[{"name":"wp","href":"https:\/\/api.w.org\/{rel}","templated":true}]}}