{"id":87498,"date":"2020-07-05T20:28:15","date_gmt":"2020-07-05T20:28:15","guid":{"rendered":"https:\/\/claydondrill.com\/agents-dealers\/"},"modified":"2024-01-05T08:32:55","modified_gmt":"2024-01-05T08:32:55","slug":"agents-dealers","status":"publish","type":"page","link":"https:\/\/claydondrill.com\/fr\/agents-dealers\/","title":{"rendered":"Concessionnaires et distributeurs"},"content":{"rendered":"<div class=\"wpb-content-wrapper\"><p>[vc_row full_width=&#8221;stretch_row&#8221; css=&#8221;.vc_custom_1593981086334{margin-bottom: 0px !important;padding-top: 0px !important;padding-bottom: 0px !important;}&#8221; el_class=&#8221;dlr_page&#8221;][vc_column width=&#8221;1\/2&#8243; css=&#8221;.vc_custom_1460369408603{padding-top: 0px !important;padding-bottom: 0px !important;}&#8221;][vc_custom_heading text=&#8221;Contactez le concessionnaire le plus proche &#8221; font_container=&#8221;tag:h2|text_align:left|color:%23111111&#8243; use_theme_fonts=&#8221;yes&#8221; el_class=&#8221;style4&#8243;][vc_column_text el_class=&#8221;gray&#8221;]<\/p>\n<p id=\"tw-target-text\" class=\"tw-data-text tw-text-large XcVN5d tw-ta\" dir=\"ltr\" data-placeholder=\"Translation\"><span class=\"Y2IQFc\" lang=\"fr\">Avec des milliers de machines Claydon en service dans plus de 30 pays en Europe et au-del\u00e0, vous n&#8217;\u00eates jamais loin de l&#8217;un de nos clients. Au fur et \u00e0 mesure que notre client\u00e8le s&#8217;agrandit, notre r\u00e9seau de concessionnaires et de distributeurs s&#8217;agrandit pour fournir des ventes locales, des services, des pi\u00e8ces de rechange et un support de d\u00e9monstration. <\/span><\/p>\n<p class=\"tw-data-text tw-text-large XcVN5d tw-ta\" dir=\"ltr\" data-placeholder=\"Translation\"><span class=\"Y2IQFc\" lang=\"fr\">Trouvez votre revendeur local sur la carte ci-dessous ou appelez-nous d\u00e8s maintenant au 07 70 09 15 50 <\/span><\/p>\n<p class=\"tw-data-text tw-text-large XcVN5d tw-ta\" dir=\"ltr\" data-placeholder=\"Translation\"><span class=\"Y2IQFc\" lang=\"fr\">\u00cates-vous int\u00e9ress\u00e9 \u00e0 devenir un revendeur? Appelez-nous au 07 70 09 15 50 ou remplissez notre <em><strong><a href=\"https:\/\/claydondrill.com\/contact-us\/\">formulaire de contact.<\/a><\/strong><\/em><\/span><\/p>\n<p>[\/vc_column_text][\/vc_column][vc_column width=&#8221;1\/2&#8243; css=&#8221;.vc_custom_1593976087468{padding-top: 0px !important;padding-bottom: 0px !important;}&#8221;][vc_single_image image=&#8221;75496&#8243; img_size=&#8221;full&#8221;][\/vc_column][\/vc_row][vc_row el_class=&#8221;dlr_map&#8221;][vc_column][vc_column_text]<iframe src=\"https:\/\/www.google.com\/maps\/d\/u\/2\/embed?mid=1stpNYJ_Wm0RgEka0XcWOzSy94VupDq-r&amp;hl=en\" width=\"100%\" height=\"600\"><\/iframe>[\/vc_column_text][\/vc_column][\/vc_row]<\/p>\n<\/div>","protected":false},"excerpt":{"rendered":"<p>[vc_row full_width=&#8221;stretch_row&#8221; css=&#8221;.vc_custom_1593981086334{margin-bottom: 0px !important;padding-top: 0px !important;padding-bottom: 0px !important;}&#8221; el_class=&#8221;dlr_page&#8221;][vc_column width=&#8221;1\/2&#8243; css=&#8221;.vc_custom_1460369408603{padding-top: 0px !important;padding-bottom: 0px !important;}&#8221;][vc_custom_heading text=&#8221;Contactez le concessionnaire le<\/p>\n","protected":false},"author":1,"featured_media":87499,"parent":0,"menu_order":16,"comment_status":"closed","ping_status":"closed","template":"","meta":{"inline_featured_image":false,"footnotes":""},"class_list":["post-87498","page","type-page","status-publish","has-post-thumbnail","hentry"],"yoast_head":"<!-- This site is optimized with the Yoast SEO plugin v27.1.1 - https:\/\/yoast.com\/product\/yoast-seo-wordpress\/ -->\n<title>Concessionnaires et distributeurs - Claydon Drill Seed<\/title>\n<meta name=\"robots\" content=\"index, follow, max-snippet:-1, max-image-preview:large, max-video-preview:-1\" \/>\n<link rel=\"canonical\" href=\"https:\/\/claydondrill.com\/fr\/agents-dealers\/\" \/>\n<meta property=\"og:locale\" content=\"fr_FR\" \/>\n<meta property=\"og:type\" content=\"article\" \/>\n<meta property=\"og:title\" content=\"Concessionnaires et distributeurs - Claydon Drill Seed\" \/>\n<meta property=\"og:description\" content=\"[vc_row full_width=&#8221;stretch_row&#8221; css=&#8221;.vc_custom_1593981086334{margin-bottom: 0px !important;padding-top: 0px !important;padding-bottom: 0px !important;}&#8221; el_class=&#8221;dlr_page&#8221;][vc_column width=&#8221;1\/2&#8243; css=&#8221;.vc_custom_1460369408603{padding-top: 0px !important;padding-bottom: 0px !important;}&#8221;][vc_custom_heading text=&#8221;Contactez le concessionnaire le\" \/>\n<meta property=\"og:url\" content=\"https:\/\/claydondrill.com\/fr\/agents-dealers\/\" \/>\n<meta property=\"og:site_name\" content=\"Claydon Drill Seed\" \/>\n<meta property=\"article:modified_time\" content=\"2024-01-05T08:32:55+00:00\" \/>\n<meta property=\"og:image\" content=\"https:\/\/claydondrill.com\/wp-content\/uploads\/2020\/06\/rickerby_img_2003_lr__large.jpg\" \/>\n\t<meta property=\"og:image:width\" content=\"800\" \/>\n\t<meta property=\"og:image:height\" content=\"600\" \/>\n\t<meta property=\"og:image:type\" content=\"image\/jpeg\" \/>\n<meta name=\"twitter:card\" content=\"summary_large_image\" \/>\n<meta name=\"twitter:label1\" content=\"Dur\u00e9e de lecture estim\u00e9e\" \/>\n\t<meta name=\"twitter:data1\" content=\"1 minute\" \/>\n<script type=\"application\/ld+json\" class=\"yoast-schema-graph\">{\"@context\":\"https:\/\/schema.org\",\"@graph\":[{\"@type\":\"WebPage\",\"@id\":\"https:\/\/claydondrill.com\/fr\/agents-dealers\/\",\"url\":\"https:\/\/claydondrill.com\/fr\/agents-dealers\/\",\"name\":\"Concessionnaires et distributeurs - Claydon Drill Seed\",\"isPartOf\":{\"@id\":\"https:\/\/claydondrill.com\/fr\/#website\"},\"primaryImageOfPage\":{\"@id\":\"https:\/\/claydondrill.com\/fr\/agents-dealers\/#primaryimage\"},\"image\":{\"@id\":\"https:\/\/claydondrill.com\/fr\/agents-dealers\/#primaryimage\"},\"thumbnailUrl\":\"https:\/\/claydondrill.com\/wp-content\/uploads\/2020\/06\/rickerby_img_2003_lr__large.jpg\",\"datePublished\":\"2020-07-05T20:28:15+00:00\",\"dateModified\":\"2024-01-05T08:32:55+00:00\",\"breadcrumb\":{\"@id\":\"https:\/\/claydondrill.com\/fr\/agents-dealers\/#breadcrumb\"},\"inLanguage\":\"fr-FR\",\"potentialAction\":[{\"@type\":\"ReadAction\",\"target\":[\"https:\/\/claydondrill.com\/fr\/agents-dealers\/\"]}]},{\"@type\":\"ImageObject\",\"inLanguage\":\"fr-FR\",\"@id\":\"https:\/\/claydondrill.com\/fr\/agents-dealers\/#primaryimage\",\"url\":\"https:\/\/claydondrill.com\/wp-content\/uploads\/2020\/06\/rickerby_img_2003_lr__large.jpg\",\"contentUrl\":\"https:\/\/claydondrill.com\/wp-content\/uploads\/2020\/06\/rickerby_img_2003_lr__large.jpg\",\"width\":800,\"height\":600},{\"@type\":\"BreadcrumbList\",\"@id\":\"https:\/\/claydondrill.com\/fr\/agents-dealers\/#breadcrumb\",\"itemListElement\":[{\"@type\":\"ListItem\",\"position\":1,\"name\":\"Home\",\"item\":\"https:\/\/claydondrill.com\/fr\/\"},{\"@type\":\"ListItem\",\"position\":2,\"name\":\"Concessionnaires et distributeurs\"}]},{\"@type\":\"WebSite\",\"@id\":\"https:\/\/claydondrill.com\/fr\/#website\",\"url\":\"https:\/\/claydondrill.com\/fr\/\",\"name\":\"Claydon Drill Seed\",\"description\":\"\",\"potentialAction\":[{\"@type\":\"SearchAction\",\"target\":{\"@type\":\"EntryPoint\",\"urlTemplate\":\"https:\/\/claydondrill.com\/fr\/?s={search_term_string}\"},\"query-input\":{\"@type\":\"PropertyValueSpecification\",\"valueRequired\":true,\"valueName\":\"search_term_string\"}}],\"inLanguage\":\"fr-FR\"}]}<\/script>\n<!-- \/ Yoast SEO plugin. -->","yoast_head_json":{"title":"Concessionnaires et distributeurs - Claydon Drill Seed","robots":{"index":"index","follow":"follow","max-snippet":"max-snippet:-1","max-image-preview":"max-image-preview:large","max-video-preview":"max-video-preview:-1"},"canonical":"https:\/\/claydondrill.com\/fr\/agents-dealers\/","og_locale":"fr_FR","og_type":"article","og_title":"Concessionnaires et distributeurs - Claydon Drill Seed","og_description":"[vc_row full_width=&#8221;stretch_row&#8221; css=&#8221;.vc_custom_1593981086334{margin-bottom: 0px !important;padding-top: 0px !important;padding-bottom: 0px !important;}&#8221; el_class=&#8221;dlr_page&#8221;][vc_column width=&#8221;1\/2&#8243; css=&#8221;.vc_custom_1460369408603{padding-top: 0px !important;padding-bottom: 0px !important;}&#8221;][vc_custom_heading text=&#8221;Contactez le concessionnaire le","og_url":"https:\/\/claydondrill.com\/fr\/agents-dealers\/","og_site_name":"Claydon Drill Seed","article_modified_time":"2024-01-05T08:32:55+00:00","og_image":[{"width":800,"height":600,"url":"https:\/\/claydondrill.com\/wp-content\/uploads\/2020\/06\/rickerby_img_2003_lr__large.jpg","type":"image\/jpeg"}],"twitter_card":"summary_large_image","twitter_misc":{"Dur\u00e9e de lecture estim\u00e9e":"1 minute"},"schema":{"@context":"https:\/\/schema.org","@graph":[{"@type":"WebPage","@id":"https:\/\/claydondrill.com\/fr\/agents-dealers\/","url":"https:\/\/claydondrill.com\/fr\/agents-dealers\/","name":"Concessionnaires et distributeurs - Claydon Drill Seed","isPartOf":{"@id":"https:\/\/claydondrill.com\/fr\/#website"},"primaryImageOfPage":{"@id":"https:\/\/claydondrill.com\/fr\/agents-dealers\/#primaryimage"},"image":{"@id":"https:\/\/claydondrill.com\/fr\/agents-dealers\/#primaryimage"},"thumbnailUrl":"https:\/\/claydondrill.com\/wp-content\/uploads\/2020\/06\/rickerby_img_2003_lr__large.jpg","datePublished":"2020-07-05T20:28:15+00:00","dateModified":"2024-01-05T08:32:55+00:00","breadcrumb":{"@id":"https:\/\/claydondrill.com\/fr\/agents-dealers\/#breadcrumb"},"inLanguage":"fr-FR","potentialAction":[{"@type":"ReadAction","target":["https:\/\/claydondrill.com\/fr\/agents-dealers\/"]}]},{"@type":"ImageObject","inLanguage":"fr-FR","@id":"https:\/\/claydondrill.com\/fr\/agents-dealers\/#primaryimage","url":"https:\/\/claydondrill.com\/wp-content\/uploads\/2020\/06\/rickerby_img_2003_lr__large.jpg","contentUrl":"https:\/\/claydondrill.com\/wp-content\/uploads\/2020\/06\/rickerby_img_2003_lr__large.jpg","width":800,"height":600},{"@type":"BreadcrumbList","@id":"https:\/\/claydondrill.com\/fr\/agents-dealers\/#breadcrumb","itemListElement":[{"@type":"ListItem","position":1,"name":"Home","item":"https:\/\/claydondrill.com\/fr\/"},{"@type":"ListItem","position":2,"name":"Concessionnaires et distributeurs"}]},{"@type":"WebSite","@id":"https:\/\/claydondrill.com\/fr\/#website","url":"https:\/\/claydondrill.com\/fr\/","name":"Claydon Drill Seed","description":"","potentialAction":[{"@type":"SearchAction","target":{"@type":"EntryPoint","urlTemplate":"https:\/\/claydondrill.com\/fr\/?s={search_term_string}"},"query-input":{"@type":"PropertyValueSpecification","valueRequired":true,"valueName":"search_term_string"}}],"inLanguage":"fr-FR"}]}},"_links":{"self":[{"href":"https:\/\/claydondrill.com\/fr\/wp-json\/wp\/v2\/pages\/87498","targetHints":{"allow":["GET"]}}],"collection":[{"href":"https:\/\/claydondrill.com\/fr\/wp-json\/wp\/v2\/pages"}],"about":[{"href":"https:\/\/claydondrill.com\/fr\/wp-json\/wp\/v2\/types\/page"}],"author":[{"embeddable":true,"href":"https:\/\/claydondrill.com\/fr\/wp-json\/wp\/v2\/users\/1"}],"replies":[{"embeddable":true,"href":"https:\/\/claydondrill.com\/fr\/wp-json\/wp\/v2\/comments?post=87498"}],"version-history":[{"count":0,"href":"https:\/\/claydondrill.com\/fr\/wp-json\/wp\/v2\/pages\/87498\/revisions"}],"wp:featuredmedia":[{"embeddable":true,"href":"https:\/\/claydondrill.com\/fr\/wp-json\/wp\/v2\/media\/87499"}],"wp:attachment":[{"href":"https:\/\/claydondrill.com\/fr\/wp-json\/wp\/v2\/media?parent=87498"}],"curies":[{"name":"wp","href":"https:\/\/api.w.org\/{rel}","templated":true}]}}