{"id":87486,"date":"2015-07-17T04:24:58","date_gmt":"2015-07-17T04:24:58","guid":{"rendered":"https:\/\/claydondrill.com\/about\/"},"modified":"2021-08-09T15:29:19","modified_gmt":"2021-08-09T15:29:19","slug":"about","status":"publish","type":"page","link":"https:\/\/claydondrill.com\/fr\/histoire-de-la-societe\/","title":{"rendered":"Histoire de la soci\u00e9t\u00e9"},"content":{"rendered":"<div class=\"wpb-content-wrapper\"><p>[vc_row el_class=&#8221;row1&#8243;][vc_column width=&#8221;1\/2&#8243;][vc_custom_heading text=&#8221;UNE FAMILLE D\u2019AGRICULTEURS ET D\u2019ING\u00c9NIEURS&#8221; use_theme_fonts=&#8221;yes&#8221;][vc_column_text]La famille Claydon cultive les terres argileuses du Suffolk, en Angleterre, depuis le d\u00e9but des ann\u00e9es 1900.\u00a0 Jeffrey et Frank Claydon se sont install\u00e9s en 1970 et sont la troisi\u00e8me g\u00e9n\u00e9ration travaillant dans l\u2019entreprise familiale E. T. Claydon &amp; Sons.[\/vc_column_text][\/vc_column][vc_column width=&#8221;1\/2&#8243;][vc_single_image image=&#8221;83009&#8243; img_size=&#8221;full&#8221; alignment=&#8221;center&#8221; title=&#8221;Jeff Claydon r\u00e9alisant la moisson&#8221;][\/vc_column][\/vc_row][vc_row el_class=&#8221;row1&#8243;][vc_column width=&#8221;1\/2&#8243;][vc_column_text]Le premier produit Claydon a \u00e9t\u00e9 le Claydon Yield-o-Meter, invent\u00e9 par Jeff en 1980.\u00a0 La soci\u00e9t\u00e9 Claydon Yield-o-Meter Limited a ensuite \u00e9t\u00e9 cr\u00e9\u00e9e en 1981.\u00a0 Jeff avait pour ambition de cr\u00e9er un indicateur de rendement pouvant \u00eatre mont\u00e9 sur presque toutes les moissonneuses-batteuses et qui permettrait de savoir pr\u00e9cis\u00e9ment combien de tonnes la moissonneuse r\u00e9coltait, \u00e0 la place de la m\u00e9thode traditionnelle de pont-bascule.<\/p>\n<p>Cet appareil allait devenir le tout premier indicateur de rendement des c\u00e9r\u00e9ales install\u00e9 sur une moissonneuse-batteuse.<\/p>\n<p>&nbsp;<\/p>\n<p>[\/vc_column_text][\/vc_column][vc_column width=&#8221;1\/2&#8243;][vc_single_image image=&#8221;82326&#8243; img_size=&#8221;full&#8221; alignment=&#8221;center&#8221; title=&#8221;Jeff Claydon &#8211; agriculteur et PDG&#8221;][\/vc_column][\/vc_row][vc_row el_class=&#8221;row1&#8243;][vc_column width=&#8221;1\/2&#8243;][vc_column_text]Le suivi du rendement permettait d\u2019analyser des donn\u00e9es auparavant estim\u00e9es.\u00a0 Les agriculteurs pouvaient ainsi identifier plus facilement les cultures et vari\u00e9t\u00e9s \u00e0 haut rendement.\u00a0 Ils savaient exactement quelle quantit\u00e9 de c\u00e9r\u00e9ales avait \u00e9t\u00e9 r\u00e9colt\u00e9e \u00e0 une minute, une heure, un jour, un mois et une ann\u00e9e donn\u00e9s. Le succ\u00e8s du Yield-o-Meter a \u00e9t\u00e9 tel que ce syst\u00e8me a remport\u00e9 une m\u00e9daille d\u2019argent de la Royal Agricultural Society of England (Soci\u00e9t\u00e9 d\u2019agriculture royale d\u2019Angleterre) en 1995.\u00a0\u00a0 Cet appareil a \u00e9t\u00e9 install\u00e9 sur de nombreuses moissonneuses-batteuses (principalement des CLAAS) au Royaume-Uni et en Europe.<\/p>\n<p>En 1995, l\u2019entreprise Claydon Yield-o-Meter Ltd a lanc\u00e9 le Furrow Cracker (ouvreur de sillons) sur le march\u00e9 britannique. Ce dispositif a \u00e9t\u00e9 mont\u00e9 sur des centaines de charrues dans tout le Royaume-Uni.\u00a0 Il transper\u00e7ait les mottes fra\u00eechement retourn\u00e9es jusqu\u2019\u00e0 15\u00a0cm de profondeur dans des rangs de 5\u00a0cm, permettant ainsi aux intemp\u00e9ries de d\u00e9composer naturellement les mottes.[\/vc_column_text][\/vc_column][vc_column width=&#8221;1\/2&#8243;][vc_single_image image=&#8221;83010&#8243; img_size=&#8221;full&#8221; alignment=&#8221;center&#8221; title=&#8221;Le Yield-o-Meter &#8211; 1981&#8243;][\/vc_column][\/vc_row][vc_row el_class=&#8221;row1&#8243;][vc_column width=&#8221;1\/2&#8243;][vc_column_text]En 2003, Jeff a lanc\u00e9 le premier semoir \u00e0 semis direct de Claydon, le V-Drill,\u00a0qu\u2019il avait invent\u00e9 par n\u00e9cessit\u00e9.\u00a0 En effet, les cours du bl\u00e9 avaient chut\u00e9 et le co\u00fbt des intrants et du labourage sur la ferme familiale ne cessait d\u2019augmenter. L\u2019exploitation agricole n\u2019\u00e9tait plus viable.\u00a0 Le V-Drill a fortement r\u00e9duit le co\u00fbt et le temps pass\u00e9 \u00e0 l\u2019implantation des cultures.<\/p>\n<p>Il a \u00e9t\u00e9 suivi du SR et du dernier semoir Hybrid.\u00a0\u00a0 Au fil des ann\u00e9es, des machines de gestion du chaume et des rouleaux ont \u00e9t\u00e9 mis au point et ajout\u00e9s \u00e0 la gamme des semoirs, pour proposer une solution compl\u00e8te d\u2019implantation des cultures.[\/vc_column_text][\/vc_column][vc_column width=&#8221;1\/2&#8243;][vc_single_image image=&#8221;82478&#8243; img_size=&#8221;full&#8221; alignment=&#8221;center&#8221; title=&#8221;Semis d\u2019automne par Frank Claydon&#8221;][\/vc_column][\/vc_row][vc_row el_class=&#8221;row1&#8243;][vc_column width=&#8221;1\/2&#8243;][vc_column_text]Les machines Claydon sont mises au point dans une exploitation en activit\u00e9, par des agriculteurs et pour des agriculteurs. Elles sont test\u00e9es et \u00e9prouv\u00e9es en conditions r\u00e9elles avant d\u2019\u00eatre commercialis\u00e9es.<\/p>\n<p>La terre des Claydon n\u2019a pas \u00e9t\u00e9 labour\u00e9e depuis 2002 et Franck Claydon s\u00e8me environ 400 hectares \u00e0 l\u2019automne avec un seul semoir Claydon de 6\u00a0m et un seul tracteur.\u00a0 \u00c0 cela s\u2019ajoutent 1\u00a0250 autres hectares sem\u00e9s sous contrat.[\/vc_column_text][\/vc_column][vc_column width=&#8221;1\/2&#8243;][vc_single_image image=&#8221;83006&#8243; img_size=&#8221;full&#8221; alignment=&#8221;center&#8221; title=&#8221;Zone de chargement du site de fabrication&#8221;][\/vc_column][\/vc_row][vc_row el_class=&#8221;row1&#8243;][vc_column width=&#8221;1\/2&#8243;][vc_column_text]Depuis 2003, Claydon est le leader europ\u00e9en du strip-till direct.\u00a0 Les semoirs, herses \u00e0 paille et bineuses inter-rang de l\u2019entreprise sont d\u00e9sormais utilis\u00e9s dans plus de 30 pays de par le monde, avec l\u2019appui d\u2019un r\u00e9seau de distributeurs et de concessionnaires, et produits chez Claydon, dans le Suffolk.[\/vc_column_text][\/vc_column][vc_column width=&#8221;1\/2&#8243;][vc_single_image image=&#8221;83007&#8243; img_size=&#8221;full&#8221; alignment=&#8221;center&#8221; title=&#8221;Principale zone de livraison&#8221;][\/vc_column][\/vc_row]<\/p>\n<\/div>","protected":false},"excerpt":{"rendered":"<p>[vc_row el_class=&#8221;row1&#8243;][vc_column width=&#8221;1\/2&#8243;][vc_custom_heading text=&#8221;UNE FAMILLE D\u2019AGRICULTEURS ET D\u2019ING\u00c9NIEURS&#8221; use_theme_fonts=&#8221;yes&#8221;][vc_column_text]La famille Claydon cultive les terres argileuses du Suffolk, en Angleterre, depuis<\/p>\n","protected":false},"author":1,"featured_media":0,"parent":0,"menu_order":29,"comment_status":"open","ping_status":"closed","template":"","meta":{"inline_featured_image":false,"footnotes":""},"class_list":["post-87486","page","type-page","status-publish","hentry"],"yoast_head":"<!-- This site is optimized with the Yoast SEO plugin v27.1.1 - https:\/\/yoast.com\/product\/yoast-seo-wordpress\/ -->\n<title>Histoire de la soci\u00e9t\u00e9 - Claydon Drill Seed<\/title>\n<meta name=\"robots\" content=\"index, follow, max-snippet:-1, max-image-preview:large, max-video-preview:-1\" \/>\n<link rel=\"canonical\" href=\"https:\/\/claydondrill.com\/fr\/histoire-de-la-societe\/\" \/>\n<meta property=\"og:locale\" content=\"fr_FR\" \/>\n<meta property=\"og:type\" content=\"article\" \/>\n<meta property=\"og:title\" content=\"Histoire de la soci\u00e9t\u00e9 - Claydon Drill Seed\" \/>\n<meta property=\"og:description\" content=\"[vc_row el_class=&#8221;row1&#8243;][vc_column width=&#8221;1\/2&#8243;][vc_custom_heading text=&#8221;UNE FAMILLE D\u2019AGRICULTEURS ET D\u2019ING\u00c9NIEURS&#8221; use_theme_fonts=&#8221;yes&#8221;][vc_column_text]La famille Claydon cultive les terres argileuses du Suffolk, en Angleterre, depuis\" \/>\n<meta property=\"og:url\" content=\"https:\/\/claydondrill.com\/fr\/histoire-de-la-societe\/\" \/>\n<meta property=\"og:site_name\" content=\"Claydon Drill Seed\" \/>\n<meta property=\"article:modified_time\" content=\"2021-08-09T15:29:19+00:00\" \/>\n<meta name=\"twitter:card\" content=\"summary_large_image\" \/>\n<meta name=\"twitter:label1\" content=\"Dur\u00e9e de lecture estim\u00e9e\" \/>\n\t<meta name=\"twitter:data1\" content=\"3 minutes\" \/>\n<script type=\"application\/ld+json\" class=\"yoast-schema-graph\">{\"@context\":\"https:\/\/schema.org\",\"@graph\":[{\"@type\":\"WebPage\",\"@id\":\"https:\/\/claydondrill.com\/fr\/histoire-de-la-societe\/\",\"url\":\"https:\/\/claydondrill.com\/fr\/histoire-de-la-societe\/\",\"name\":\"Histoire de la soci\u00e9t\u00e9 - Claydon Drill Seed\",\"isPartOf\":{\"@id\":\"https:\/\/claydondrill.com\/fr\/#website\"},\"datePublished\":\"2015-07-17T04:24:58+00:00\",\"dateModified\":\"2021-08-09T15:29:19+00:00\",\"breadcrumb\":{\"@id\":\"https:\/\/claydondrill.com\/fr\/histoire-de-la-societe\/#breadcrumb\"},\"inLanguage\":\"fr-FR\",\"potentialAction\":[{\"@type\":\"ReadAction\",\"target\":[\"https:\/\/claydondrill.com\/fr\/histoire-de-la-societe\/\"]}]},{\"@type\":\"BreadcrumbList\",\"@id\":\"https:\/\/claydondrill.com\/fr\/histoire-de-la-societe\/#breadcrumb\",\"itemListElement\":[{\"@type\":\"ListItem\",\"position\":1,\"name\":\"Home\",\"item\":\"https:\/\/claydondrill.com\/fr\/\"},{\"@type\":\"ListItem\",\"position\":2,\"name\":\"Histoire de la soci\u00e9t\u00e9\"}]},{\"@type\":\"WebSite\",\"@id\":\"https:\/\/claydondrill.com\/fr\/#website\",\"url\":\"https:\/\/claydondrill.com\/fr\/\",\"name\":\"Claydon Drill Seed\",\"description\":\"\",\"potentialAction\":[{\"@type\":\"SearchAction\",\"target\":{\"@type\":\"EntryPoint\",\"urlTemplate\":\"https:\/\/claydondrill.com\/fr\/?s={search_term_string}\"},\"query-input\":{\"@type\":\"PropertyValueSpecification\",\"valueRequired\":true,\"valueName\":\"search_term_string\"}}],\"inLanguage\":\"fr-FR\"}]}<\/script>\n<!-- \/ Yoast SEO plugin. -->","yoast_head_json":{"title":"Histoire de la soci\u00e9t\u00e9 - Claydon Drill Seed","robots":{"index":"index","follow":"follow","max-snippet":"max-snippet:-1","max-image-preview":"max-image-preview:large","max-video-preview":"max-video-preview:-1"},"canonical":"https:\/\/claydondrill.com\/fr\/histoire-de-la-societe\/","og_locale":"fr_FR","og_type":"article","og_title":"Histoire de la soci\u00e9t\u00e9 - Claydon Drill Seed","og_description":"[vc_row el_class=&#8221;row1&#8243;][vc_column width=&#8221;1\/2&#8243;][vc_custom_heading text=&#8221;UNE FAMILLE D\u2019AGRICULTEURS ET D\u2019ING\u00c9NIEURS&#8221; use_theme_fonts=&#8221;yes&#8221;][vc_column_text]La famille Claydon cultive les terres argileuses du Suffolk, en Angleterre, depuis","og_url":"https:\/\/claydondrill.com\/fr\/histoire-de-la-societe\/","og_site_name":"Claydon Drill Seed","article_modified_time":"2021-08-09T15:29:19+00:00","twitter_card":"summary_large_image","twitter_misc":{"Dur\u00e9e de lecture estim\u00e9e":"3 minutes"},"schema":{"@context":"https:\/\/schema.org","@graph":[{"@type":"WebPage","@id":"https:\/\/claydondrill.com\/fr\/histoire-de-la-societe\/","url":"https:\/\/claydondrill.com\/fr\/histoire-de-la-societe\/","name":"Histoire de la soci\u00e9t\u00e9 - Claydon Drill Seed","isPartOf":{"@id":"https:\/\/claydondrill.com\/fr\/#website"},"datePublished":"2015-07-17T04:24:58+00:00","dateModified":"2021-08-09T15:29:19+00:00","breadcrumb":{"@id":"https:\/\/claydondrill.com\/fr\/histoire-de-la-societe\/#breadcrumb"},"inLanguage":"fr-FR","potentialAction":[{"@type":"ReadAction","target":["https:\/\/claydondrill.com\/fr\/histoire-de-la-societe\/"]}]},{"@type":"BreadcrumbList","@id":"https:\/\/claydondrill.com\/fr\/histoire-de-la-societe\/#breadcrumb","itemListElement":[{"@type":"ListItem","position":1,"name":"Home","item":"https:\/\/claydondrill.com\/fr\/"},{"@type":"ListItem","position":2,"name":"Histoire de la soci\u00e9t\u00e9"}]},{"@type":"WebSite","@id":"https:\/\/claydondrill.com\/fr\/#website","url":"https:\/\/claydondrill.com\/fr\/","name":"Claydon Drill Seed","description":"","potentialAction":[{"@type":"SearchAction","target":{"@type":"EntryPoint","urlTemplate":"https:\/\/claydondrill.com\/fr\/?s={search_term_string}"},"query-input":{"@type":"PropertyValueSpecification","valueRequired":true,"valueName":"search_term_string"}}],"inLanguage":"fr-FR"}]}},"_links":{"self":[{"href":"https:\/\/claydondrill.com\/fr\/wp-json\/wp\/v2\/pages\/87486","targetHints":{"allow":["GET"]}}],"collection":[{"href":"https:\/\/claydondrill.com\/fr\/wp-json\/wp\/v2\/pages"}],"about":[{"href":"https:\/\/claydondrill.com\/fr\/wp-json\/wp\/v2\/types\/page"}],"author":[{"embeddable":true,"href":"https:\/\/claydondrill.com\/fr\/wp-json\/wp\/v2\/users\/1"}],"replies":[{"embeddable":true,"href":"https:\/\/claydondrill.com\/fr\/wp-json\/wp\/v2\/comments?post=87486"}],"version-history":[{"count":0,"href":"https:\/\/claydondrill.com\/fr\/wp-json\/wp\/v2\/pages\/87486\/revisions"}],"wp:attachment":[{"href":"https:\/\/claydondrill.com\/fr\/wp-json\/wp\/v2\/media?parent=87486"}],"curies":[{"name":"wp","href":"https:\/\/api.w.org\/{rel}","templated":true}]}}