{"id":87437,"date":"2021-08-02T15:03:32","date_gmt":"2021-08-02T15:03:32","guid":{"rendered":"https:\/\/claydondrill.com\/?page_id=87437"},"modified":"2025-04-08T11:29:37","modified_gmt":"2025-04-08T11:29:37","slug":"nos-clients","status":"publish","type":"page","link":"https:\/\/claydondrill.com\/fr\/nos-clients\/","title":{"rendered":"Nos clients"},"content":{"rendered":"<div class=\"wpb-content-wrapper\"><p>[vc_row css=&#8221;.vc_custom_1627916932681{margin-bottom: 0px !important;padding-top: 0px !important;padding-bottom: 0px !important;}&#8221; el_class=&#8221;skin-header07 team_top&#8221;][vc_column css=&#8221;.vc_custom_1460369408603{padding-top: 0px !important;padding-bottom: 0px !important;}&#8221;][vc_custom_heading text=&#8221;Nos Clients&#8221; font_container=&#8221;tag:h2|text_align:left|color:%23111111&#8243; use_theme_fonts=&#8221;yes&#8221; el_class=&#8221;style4&#8243;][vc_column_text el_class=&#8221;gray&#8221;]Claydon compte plusieurs centaines de clients dans plus de 30 pays du monde.<\/p>\n<p>D\u00e9couvrir comment les agriculteurs utilisent nos produits pour obtenir de grands r\u00e9sultats, tout en r\u00e9duisant leurs co\u00fbts et en prenant soin de leur sol.[\/vc_column_text][\/vc_column][\/vc_row][vc_row][vc_column][vc_gmaps link=&#8221;#E-8_JTNDaWZyYW1lJTIwc3JjJTNEJTIyaHR0cHMlM0ElMkYlMkZ3d3cuZ29vZ2xlLmNvbSUyRm1hcHMlMkZkJTJGZW1iZWQlM0ZtaWQlM0Qxd1N2ckNvanR6NXItYXNNVkszWjBvd2tCakh5TGxHdyUyNmVoYmMlM0QyRTMxMkYlMjIlMjB3aWR0aCUzRCUyMjY0MCUyMiUyMGhlaWdodCUzRCUyMjQ4MCUyMiUzRSUzQyUyRmlmcmFtZSUzRQ==&#8221;][\/vc_column][\/vc_row][vc_row][vc_column width=&#8221;1\/2&#8243;][vc_single_image image=&#8221;105099&#8243; img_size=&#8221;full&#8221; onclick=&#8221;custom_link&#8221; link=&#8221;https:\/\/claydondrill.com\/fr\/farm-focus-riviere-fr-2\/&#8221;][vc_custom_heading text=&#8221;86: SCEA VALVERT&#8221; font_container=&#8221;tag:h2|font_size:25|text_align:left|color:%23000000&#8243; google_fonts=&#8221;font_family:Istok%20Web%3Aregular%2Citalic%2C700%2C700italic|font_style:700%20bold%20regular%3A700%3Anormal&#8221;][\/vc_column][vc_column width=&#8221;1\/2&#8243;][vc_single_image image=&#8221;101910&#8243; img_size=&#8221;full&#8221; onclick=&#8221;custom_link&#8221; link=&#8221;https:\/\/claydondrill.com\/fr\/farm-focus-kubler\/&#8221;][vc_custom_heading text=&#8221;18: K\u00dcBLER AGRICULTURE&#8221; font_container=&#8221;tag:h2|font_size:25|text_align:left&#8221; google_fonts=&#8221;font_family:Istok%20Web%3Aregular%2Citalic%2C700%2C700italic|font_style:700%20bold%20regular%3A700%3Anormal&#8221;][\/vc_column][\/vc_row][vc_row][vc_column width=&#8221;1\/2&#8243;][vc_video link=&#8221;https:\/\/vimeo.com\/582417254&#8243;][vc_custom_heading text=&#8221;60: CHRISTIAN FOURDRAINE&#8221; font_container=&#8221;tag:h2|font_size:25|text_align:left&#8221; google_fonts=&#8221;font_family:Istok%20Web%3Aregular%2Citalic%2C700%2C700italic|font_style:700%20bold%20regular%3A700%3Anormal&#8221;][\/vc_column][vc_column width=&#8221;1\/2&#8243;][vc_single_image image=&#8221;100674&#8243; img_size=&#8221;full&#8221; onclick=&#8221;custom_link&#8221; link=&#8221;https:\/\/claydondrill.com\/fr\/farm-focus-remy-rivaton\/&#8221;][vc_custom_heading text=&#8221;63: SCEA DE FONT GACHET&#8221; font_container=&#8221;tag:h2|font_size:25|text_align:left|color:%23000000&#8243; google_fonts=&#8221;font_family:Istok%20Web%3Aregular%2Citalic%2C700%2C700italic|font_style:700%20bold%20regular%3A700%3Anormal&#8221;][\/vc_column][\/vc_row][vc_row][vc_column][vc_empty_space][\/vc_column][\/vc_row][vc_row][vc_column width=&#8221;1\/2&#8243;][vc_video link=&#8221;https:\/\/vimeo.com\/582436916&#8243;][vc_custom_heading text=&#8221;41: EARL DU DOLIN&#8221; font_container=&#8221;tag:h2|font_size:25|text_align:left&#8221; google_fonts=&#8221;font_family:Istok%20Web%3Aregular%2Citalic%2C700%2C700italic|font_style:700%20bold%20regular%3A700%3Anormal&#8221;][\/vc_column][vc_column width=&#8221;1\/2&#8243;][vc_video link=&#8221;https:\/\/vimeo.com\/582175662&#8243;][vc_custom_heading text=&#8221;54: GAEC MULLER DE LA FONTAINE&#8221; font_container=&#8221;tag:h2|font_size:25|text_align:left|color:%23000000&#8243; google_fonts=&#8221;font_family:Istok%20Web%3Aregular%2Citalic%2C700%2C700italic|font_style:700%20bold%20regular%3A700%3Anormal&#8221;][\/vc_column][\/vc_row]<\/p>\n<\/div>","protected":false},"excerpt":{"rendered":"<p>[vc_row css=&#8221;.vc_custom_1627916932681{margin-bottom: 0px !important;padding-top: 0px !important;padding-bottom: 0px !important;}&#8221; el_class=&#8221;skin-header07 team_top&#8221;][vc_column css=&#8221;.vc_custom_1460369408603{padding-top: 0px !important;padding-bottom: 0px !important;}&#8221;][vc_custom_heading text=&#8221;Nos Clients&#8221; font_container=&#8221;tag:h2|text_align:left|color:%23111111&#8243; use_theme_fonts=&#8221;yes&#8221; el_class=&#8221;style4&#8243;][vc_column_text<\/p>\n","protected":false},"author":1,"featured_media":0,"parent":0,"menu_order":20,"comment_status":"closed","ping_status":"closed","template":"custome_template.php","meta":{"inline_featured_image":false,"footnotes":""},"class_list":["post-87437","page","type-page","status-publish","hentry"],"yoast_head":"<!-- This site is optimized with the Yoast SEO plugin v27.1.1 - https:\/\/yoast.com\/product\/yoast-seo-wordpress\/ -->\n<title>Solutions agricoles de semis Claydon dans le monde entier - Plus de rendement, moins de co\u00fbts<\/title>\n<meta name=\"description\" content=\"Inscrivez-vous chez Claydon Drill pour des solutions agricoles innovantes qui augmentent les rendements, r\u00e9duisent les co\u00fbts et am\u00e9liorent la sant\u00e9 du sol. Plus de rendement, moins de co\u00fbts\u2014commencez d\u00e8s aujourd\u2019hui!\" \/>\n<meta name=\"robots\" content=\"index, follow, max-snippet:-1, max-image-preview:large, max-video-preview:-1\" \/>\n<link rel=\"canonical\" href=\"https:\/\/claydondrill.com\/fr\/nos-clients\/\" \/>\n<meta property=\"og:locale\" content=\"fr_FR\" \/>\n<meta property=\"og:type\" content=\"article\" \/>\n<meta property=\"og:title\" content=\"Solutions agricoles de semis Claydon dans le monde entier - Plus de rendement, moins de co\u00fbts\" \/>\n<meta property=\"og:description\" content=\"Inscrivez-vous chez Claydon Drill pour des solutions agricoles innovantes qui augmentent les rendements, r\u00e9duisent les co\u00fbts et am\u00e9liorent la sant\u00e9 du sol. Plus de rendement, moins de co\u00fbts\u2014commencez d\u00e8s aujourd\u2019hui!\" \/>\n<meta property=\"og:url\" content=\"https:\/\/claydondrill.com\/fr\/nos-clients\/\" \/>\n<meta property=\"og:site_name\" content=\"Claydon Drill Seed\" \/>\n<meta property=\"article:modified_time\" content=\"2025-04-08T11:29:37+00:00\" \/>\n<meta name=\"twitter:card\" content=\"summary_large_image\" \/>\n<meta name=\"twitter:label1\" content=\"Dur\u00e9e de lecture estim\u00e9e\" \/>\n\t<meta name=\"twitter:data1\" content=\"1 minute\" \/>\n<script type=\"application\/ld+json\" class=\"yoast-schema-graph\">{\"@context\":\"https:\/\/schema.org\",\"@graph\":[{\"@type\":\"WebPage\",\"@id\":\"https:\/\/claydondrill.com\/fr\/nos-clients\/\",\"url\":\"https:\/\/claydondrill.com\/fr\/nos-clients\/\",\"name\":\"Solutions agricoles de semis Claydon dans le monde entier - Plus de rendement, moins de co\u00fbts\",\"isPartOf\":{\"@id\":\"https:\/\/claydondrill.com\/fr\/#website\"},\"datePublished\":\"2021-08-02T15:03:32+00:00\",\"dateModified\":\"2025-04-08T11:29:37+00:00\",\"description\":\"Inscrivez-vous chez Claydon Drill pour des solutions agricoles innovantes qui augmentent les rendements, r\u00e9duisent les co\u00fbts et am\u00e9liorent la sant\u00e9 du sol. Plus de rendement, moins de co\u00fbts\u2014commencez d\u00e8s aujourd\u2019hui!\",\"breadcrumb\":{\"@id\":\"https:\/\/claydondrill.com\/fr\/nos-clients\/#breadcrumb\"},\"inLanguage\":\"fr-FR\",\"potentialAction\":[{\"@type\":\"ReadAction\",\"target\":[\"https:\/\/claydondrill.com\/fr\/nos-clients\/\"]}]},{\"@type\":\"BreadcrumbList\",\"@id\":\"https:\/\/claydondrill.com\/fr\/nos-clients\/#breadcrumb\",\"itemListElement\":[{\"@type\":\"ListItem\",\"position\":1,\"name\":\"Home\",\"item\":\"https:\/\/claydondrill.com\/fr\/\"},{\"@type\":\"ListItem\",\"position\":2,\"name\":\"Nos clients\"}]},{\"@type\":\"WebSite\",\"@id\":\"https:\/\/claydondrill.com\/fr\/#website\",\"url\":\"https:\/\/claydondrill.com\/fr\/\",\"name\":\"Claydon Drill Seed\",\"description\":\"\",\"potentialAction\":[{\"@type\":\"SearchAction\",\"target\":{\"@type\":\"EntryPoint\",\"urlTemplate\":\"https:\/\/claydondrill.com\/fr\/?s={search_term_string}\"},\"query-input\":{\"@type\":\"PropertyValueSpecification\",\"valueRequired\":true,\"valueName\":\"search_term_string\"}}],\"inLanguage\":\"fr-FR\"}]}<\/script>\n<!-- \/ Yoast SEO plugin. -->","yoast_head_json":{"title":"Solutions agricoles de semis Claydon dans le monde entier - Plus de rendement, moins de co\u00fbts","description":"Inscrivez-vous chez Claydon Drill pour des solutions agricoles innovantes qui augmentent les rendements, r\u00e9duisent les co\u00fbts et am\u00e9liorent la sant\u00e9 du sol. Plus de rendement, moins de co\u00fbts\u2014commencez d\u00e8s aujourd\u2019hui!","robots":{"index":"index","follow":"follow","max-snippet":"max-snippet:-1","max-image-preview":"max-image-preview:large","max-video-preview":"max-video-preview:-1"},"canonical":"https:\/\/claydondrill.com\/fr\/nos-clients\/","og_locale":"fr_FR","og_type":"article","og_title":"Solutions agricoles de semis Claydon dans le monde entier - Plus de rendement, moins de co\u00fbts","og_description":"Inscrivez-vous chez Claydon Drill pour des solutions agricoles innovantes qui augmentent les rendements, r\u00e9duisent les co\u00fbts et am\u00e9liorent la sant\u00e9 du sol. Plus de rendement, moins de co\u00fbts\u2014commencez d\u00e8s aujourd\u2019hui!","og_url":"https:\/\/claydondrill.com\/fr\/nos-clients\/","og_site_name":"Claydon Drill Seed","article_modified_time":"2025-04-08T11:29:37+00:00","twitter_card":"summary_large_image","twitter_misc":{"Dur\u00e9e de lecture estim\u00e9e":"1 minute"},"schema":{"@context":"https:\/\/schema.org","@graph":[{"@type":"WebPage","@id":"https:\/\/claydondrill.com\/fr\/nos-clients\/","url":"https:\/\/claydondrill.com\/fr\/nos-clients\/","name":"Solutions agricoles de semis Claydon dans le monde entier - Plus de rendement, moins de co\u00fbts","isPartOf":{"@id":"https:\/\/claydondrill.com\/fr\/#website"},"datePublished":"2021-08-02T15:03:32+00:00","dateModified":"2025-04-08T11:29:37+00:00","description":"Inscrivez-vous chez Claydon Drill pour des solutions agricoles innovantes qui augmentent les rendements, r\u00e9duisent les co\u00fbts et am\u00e9liorent la sant\u00e9 du sol. Plus de rendement, moins de co\u00fbts\u2014commencez d\u00e8s aujourd\u2019hui!","breadcrumb":{"@id":"https:\/\/claydondrill.com\/fr\/nos-clients\/#breadcrumb"},"inLanguage":"fr-FR","potentialAction":[{"@type":"ReadAction","target":["https:\/\/claydondrill.com\/fr\/nos-clients\/"]}]},{"@type":"BreadcrumbList","@id":"https:\/\/claydondrill.com\/fr\/nos-clients\/#breadcrumb","itemListElement":[{"@type":"ListItem","position":1,"name":"Home","item":"https:\/\/claydondrill.com\/fr\/"},{"@type":"ListItem","position":2,"name":"Nos clients"}]},{"@type":"WebSite","@id":"https:\/\/claydondrill.com\/fr\/#website","url":"https:\/\/claydondrill.com\/fr\/","name":"Claydon Drill Seed","description":"","potentialAction":[{"@type":"SearchAction","target":{"@type":"EntryPoint","urlTemplate":"https:\/\/claydondrill.com\/fr\/?s={search_term_string}"},"query-input":{"@type":"PropertyValueSpecification","valueRequired":true,"valueName":"search_term_string"}}],"inLanguage":"fr-FR"}]}},"_links":{"self":[{"href":"https:\/\/claydondrill.com\/fr\/wp-json\/wp\/v2\/pages\/87437","targetHints":{"allow":["GET"]}}],"collection":[{"href":"https:\/\/claydondrill.com\/fr\/wp-json\/wp\/v2\/pages"}],"about":[{"href":"https:\/\/claydondrill.com\/fr\/wp-json\/wp\/v2\/types\/page"}],"author":[{"embeddable":true,"href":"https:\/\/claydondrill.com\/fr\/wp-json\/wp\/v2\/users\/1"}],"replies":[{"embeddable":true,"href":"https:\/\/claydondrill.com\/fr\/wp-json\/wp\/v2\/comments?post=87437"}],"version-history":[{"count":0,"href":"https:\/\/claydondrill.com\/fr\/wp-json\/wp\/v2\/pages\/87437\/revisions"}],"wp:attachment":[{"href":"https:\/\/claydondrill.com\/fr\/wp-json\/wp\/v2\/media?parent=87437"}],"curies":[{"name":"wp","href":"https:\/\/api.w.org\/{rel}","templated":true}]}}