{"id":87195,"date":"2021-07-22T14:11:02","date_gmt":"2021-07-22T14:11:02","guid":{"rendered":"https:\/\/claydondrill.com\/?page_id=87195"},"modified":"2021-08-09T13:30:18","modified_gmt":"2021-08-09T13:30:18","slug":"rouleaux-cambridge","status":"publish","type":"page","link":"https:\/\/claydondrill.com\/fr\/rouleaux-cambridge\/","title":{"rendered":"ROULEAUX CAMBRIDGE"},"content":{"rendered":"<div class=\"wpb-content-wrapper\"><p>[vc_row el_class=&#8221;top_desc&#8221;][vc_column width=&#8221;1\/2&#8243; el_class=&#8221;top_desc&#8221;][vc_custom_heading text=&#8221;Cambridge Rolls&#8221; use_theme_fonts=&#8221;yes&#8221;][vc_column_text]L\u2019un des facteurs les plus importants assurant une implantation efficace des cultures est la consolidation totale du sol autour de la zone de semis.<\/p>\n<p>Non seulement le passage d\u2019un jeu de rouleaux Cambridge en temps utile am\u00e9liore-t-il le contact entre le sol et les graines, mais il aide \u00e0 retenir l\u2019humidit\u00e9, r\u00e9duit l\u2019\u00e9rosion, am\u00e9liore le contact avec les produits chimiques pulv\u00e9ris\u00e9s et diminue l\u2019activit\u00e9 des limaces.<\/p>\n<p>Les rouleaux Cambridge de Claydon mesurent, au choix, 6,30\u00a0m, 8,30\u00a0m ou 12,30\u00a0m et sont faciles \u00e0 mettre en place et \u00e0 man\u0153uvrer. Ils permettent \u00e0 l\u2019agriculteur d\u2019intervenir efficacement apr\u00e8s le semis en bandes de mani\u00e8re \u00e0 ce que les cultures prennent un bon d\u00e9part.[\/vc_column_text][\/vc_column][vc_column width=&#8221;1\/2&#8243; el_class=&#8221;frtlizer&#8221;][vc_single_image image=&#8221;82608&#8243; img_size=&#8221;full&#8221;][\/vc_column][\/vc_row][vc_row full_width=&#8221;stretch_row&#8221; css=&#8221;.vc_custom_1595581583637{margin-top: 0px !important;margin-right: 0px !important;margin-bottom: 0px !important;margin-left: 0px !important;padding-top: 75px !important;padding-bottom: 0px !important;}&#8221; el_class=&#8221;services2 home_cat&#8221;][vc_column css=&#8221;.vc_custom_1460369393337{padding-top: 0px !important;padding-bottom: 0px !important;}&#8221;][vc_row_inner el_class=&#8221;product_sec cat_list&#8221;][vc_column_inner width=&#8221;1\/2&#8243;][vc_single_image image=&#8221;82612&#8243; img_size=&#8221;full&#8221; alignment=&#8221;center&#8221;][vc_custom_heading text=&#8221;6.3m&#8221; font_container=&#8221;tag:h2|text_align:left|color:%23ca1f26&#8243; use_theme_fonts=&#8221;yes&#8221; el_class=&#8221;style5&#8243; css=&#8221;.vc_custom_1628515713818{margin-top: -20px !important;margin-bottom: 10px !important;}&#8221; link=&#8221;url:https%3A%2F%2Fclaydondrill.com%2Ffr%2Frouleaux-cambridge-de-630-m%2F|||&#8221;][thememove_button text=&#8221;READ MORE&#8221; url=&#8221;https:\/\/claydondrill.com\/fr\/rouleaux-cambridge-de-630-m\/&#8221; icon=&#8221;fa-arrow-right&#8221;][\/vc_column_inner][vc_column_inner width=&#8221;1\/2&#8243;][vc_single_image image=&#8221;82613&#8243; img_size=&#8221;full&#8221; alignment=&#8221;center&#8221;][vc_custom_heading text=&#8221;8.3m&#8221; font_container=&#8221;tag:h2|text_align:left|color:%23ca1f26&#8243; use_theme_fonts=&#8221;yes&#8221; el_class=&#8221;style5&#8243; css=&#8221;.vc_custom_1628515807442{margin-top: -20px !important;margin-bottom: 10px !important;}&#8221; link=&#8221;url:https%3A%2F%2Fclaydondrill.com%2Ffr%2Frouleaux-cambridge-de-830-m%2F|||&#8221;][thememove_button text=&#8221;READ MORE&#8221; url=&#8221;https:\/\/claydondrill.com\/fr\/rouleaux-cambridge-de-830-m\/&#8221; icon=&#8221;fa-arrow-right&#8221;][\/vc_column_inner][\/vc_row_inner][vc_row_inner el_class=&#8221;product_sec cat_list&#8221;][vc_column_inner width=&#8221;1\/2&#8243;][vc_single_image image=&#8221;82610&#8243; img_size=&#8221;full&#8221; alignment=&#8221;center&#8221;][vc_custom_heading text=&#8221;12.3m&#8221; font_container=&#8221;tag:h2|text_align:left|color:%23ca1f26&#8243; use_theme_fonts=&#8221;yes&#8221; el_class=&#8221;style5&#8243; css=&#8221;.vc_custom_1628515622777{margin-top: -20px !important;margin-bottom: 10px !important;}&#8221; link=&#8221;url:https%3A%2F%2Fclaydondrill.com%2Ffr%2Frouleaux-cambridge-de-1230-m%2F|||&#8221;][thememove_button text=&#8221;READ MORE&#8221; url=&#8221;https:\/\/claydondrill.com\/fr\/rouleaux-cambridge-de-1230-m\/&#8221; icon=&#8221;fa-arrow-right&#8221;][\/vc_column_inner][vc_column_inner width=&#8221;1\/2&#8243;][\/vc_column_inner][\/vc_row_inner][\/vc_column][\/vc_row]<\/p>\n<\/div>","protected":false},"excerpt":{"rendered":"<p>[vc_row el_class=&#8221;top_desc&#8221;][vc_column width=&#8221;1\/2&#8243; el_class=&#8221;top_desc&#8221;][vc_custom_heading text=&#8221;Cambridge Rolls&#8221; use_theme_fonts=&#8221;yes&#8221;][vc_column_text]L\u2019un des facteurs les plus importants assurant une implantation efficace des cultures est la<\/p>\n","protected":false},"author":1,"featured_media":0,"parent":0,"menu_order":0,"comment_status":"closed","ping_status":"closed","template":"","meta":{"inline_featured_image":false,"footnotes":""},"class_list":["post-87195","page","type-page","status-publish","hentry"],"yoast_head":"<!-- This site is optimized with the Yoast SEO plugin v27.1.1 - https:\/\/yoast.com\/product\/yoast-seo-wordpress\/ -->\n<title>ROULEAUX CAMBRIDGE - Claydon Drill Seed<\/title>\n<meta name=\"robots\" content=\"index, follow, max-snippet:-1, max-image-preview:large, max-video-preview:-1\" \/>\n<link rel=\"canonical\" href=\"https:\/\/claydondrill.com\/fr\/rouleaux-cambridge\/\" \/>\n<meta property=\"og:locale\" content=\"fr_FR\" \/>\n<meta property=\"og:type\" content=\"article\" \/>\n<meta property=\"og:title\" content=\"ROULEAUX CAMBRIDGE - Claydon Drill Seed\" \/>\n<meta property=\"og:description\" content=\"[vc_row el_class=&#8221;top_desc&#8221;][vc_column width=&#8221;1\/2&#8243; el_class=&#8221;top_desc&#8221;][vc_custom_heading text=&#8221;Cambridge Rolls&#8221; use_theme_fonts=&#8221;yes&#8221;][vc_column_text]L\u2019un des facteurs les plus importants assurant une implantation efficace des cultures est la\" \/>\n<meta property=\"og:url\" content=\"https:\/\/claydondrill.com\/fr\/rouleaux-cambridge\/\" \/>\n<meta property=\"og:site_name\" content=\"Claydon Drill Seed\" \/>\n<meta property=\"article:modified_time\" content=\"2021-08-09T13:30:18+00:00\" \/>\n<meta name=\"twitter:card\" content=\"summary_large_image\" \/>\n<meta name=\"twitter:label1\" content=\"Dur\u00e9e de lecture estim\u00e9e\" \/>\n\t<meta name=\"twitter:data1\" content=\"1 minute\" \/>\n<script type=\"application\/ld+json\" class=\"yoast-schema-graph\">{\"@context\":\"https:\/\/schema.org\",\"@graph\":[{\"@type\":\"WebPage\",\"@id\":\"https:\/\/claydondrill.com\/fr\/rouleaux-cambridge\/\",\"url\":\"https:\/\/claydondrill.com\/fr\/rouleaux-cambridge\/\",\"name\":\"ROULEAUX CAMBRIDGE - Claydon Drill Seed\",\"isPartOf\":{\"@id\":\"https:\/\/claydondrill.com\/fr\/#website\"},\"datePublished\":\"2021-07-22T14:11:02+00:00\",\"dateModified\":\"2021-08-09T13:30:18+00:00\",\"breadcrumb\":{\"@id\":\"https:\/\/claydondrill.com\/fr\/rouleaux-cambridge\/#breadcrumb\"},\"inLanguage\":\"fr-FR\",\"potentialAction\":[{\"@type\":\"ReadAction\",\"target\":[\"https:\/\/claydondrill.com\/fr\/rouleaux-cambridge\/\"]}]},{\"@type\":\"BreadcrumbList\",\"@id\":\"https:\/\/claydondrill.com\/fr\/rouleaux-cambridge\/#breadcrumb\",\"itemListElement\":[{\"@type\":\"ListItem\",\"position\":1,\"name\":\"Home\",\"item\":\"https:\/\/claydondrill.com\/fr\/\"},{\"@type\":\"ListItem\",\"position\":2,\"name\":\"ROULEAUX CAMBRIDGE\"}]},{\"@type\":\"WebSite\",\"@id\":\"https:\/\/claydondrill.com\/fr\/#website\",\"url\":\"https:\/\/claydondrill.com\/fr\/\",\"name\":\"Claydon Drill Seed\",\"description\":\"\",\"potentialAction\":[{\"@type\":\"SearchAction\",\"target\":{\"@type\":\"EntryPoint\",\"urlTemplate\":\"https:\/\/claydondrill.com\/fr\/?s={search_term_string}\"},\"query-input\":{\"@type\":\"PropertyValueSpecification\",\"valueRequired\":true,\"valueName\":\"search_term_string\"}}],\"inLanguage\":\"fr-FR\"}]}<\/script>\n<!-- \/ Yoast SEO plugin. -->","yoast_head_json":{"title":"ROULEAUX CAMBRIDGE - Claydon Drill Seed","robots":{"index":"index","follow":"follow","max-snippet":"max-snippet:-1","max-image-preview":"max-image-preview:large","max-video-preview":"max-video-preview:-1"},"canonical":"https:\/\/claydondrill.com\/fr\/rouleaux-cambridge\/","og_locale":"fr_FR","og_type":"article","og_title":"ROULEAUX CAMBRIDGE - Claydon Drill Seed","og_description":"[vc_row el_class=&#8221;top_desc&#8221;][vc_column width=&#8221;1\/2&#8243; el_class=&#8221;top_desc&#8221;][vc_custom_heading text=&#8221;Cambridge Rolls&#8221; use_theme_fonts=&#8221;yes&#8221;][vc_column_text]L\u2019un des facteurs les plus importants assurant une implantation efficace des cultures est la","og_url":"https:\/\/claydondrill.com\/fr\/rouleaux-cambridge\/","og_site_name":"Claydon Drill Seed","article_modified_time":"2021-08-09T13:30:18+00:00","twitter_card":"summary_large_image","twitter_misc":{"Dur\u00e9e de lecture estim\u00e9e":"1 minute"},"schema":{"@context":"https:\/\/schema.org","@graph":[{"@type":"WebPage","@id":"https:\/\/claydondrill.com\/fr\/rouleaux-cambridge\/","url":"https:\/\/claydondrill.com\/fr\/rouleaux-cambridge\/","name":"ROULEAUX CAMBRIDGE - Claydon Drill Seed","isPartOf":{"@id":"https:\/\/claydondrill.com\/fr\/#website"},"datePublished":"2021-07-22T14:11:02+00:00","dateModified":"2021-08-09T13:30:18+00:00","breadcrumb":{"@id":"https:\/\/claydondrill.com\/fr\/rouleaux-cambridge\/#breadcrumb"},"inLanguage":"fr-FR","potentialAction":[{"@type":"ReadAction","target":["https:\/\/claydondrill.com\/fr\/rouleaux-cambridge\/"]}]},{"@type":"BreadcrumbList","@id":"https:\/\/claydondrill.com\/fr\/rouleaux-cambridge\/#breadcrumb","itemListElement":[{"@type":"ListItem","position":1,"name":"Home","item":"https:\/\/claydondrill.com\/fr\/"},{"@type":"ListItem","position":2,"name":"ROULEAUX CAMBRIDGE"}]},{"@type":"WebSite","@id":"https:\/\/claydondrill.com\/fr\/#website","url":"https:\/\/claydondrill.com\/fr\/","name":"Claydon Drill Seed","description":"","potentialAction":[{"@type":"SearchAction","target":{"@type":"EntryPoint","urlTemplate":"https:\/\/claydondrill.com\/fr\/?s={search_term_string}"},"query-input":{"@type":"PropertyValueSpecification","valueRequired":true,"valueName":"search_term_string"}}],"inLanguage":"fr-FR"}]}},"_links":{"self":[{"href":"https:\/\/claydondrill.com\/fr\/wp-json\/wp\/v2\/pages\/87195","targetHints":{"allow":["GET"]}}],"collection":[{"href":"https:\/\/claydondrill.com\/fr\/wp-json\/wp\/v2\/pages"}],"about":[{"href":"https:\/\/claydondrill.com\/fr\/wp-json\/wp\/v2\/types\/page"}],"author":[{"embeddable":true,"href":"https:\/\/claydondrill.com\/fr\/wp-json\/wp\/v2\/users\/1"}],"replies":[{"embeddable":true,"href":"https:\/\/claydondrill.com\/fr\/wp-json\/wp\/v2\/comments?post=87195"}],"version-history":[{"count":0,"href":"https:\/\/claydondrill.com\/fr\/wp-json\/wp\/v2\/pages\/87195\/revisions"}],"wp:attachment":[{"href":"https:\/\/claydondrill.com\/fr\/wp-json\/wp\/v2\/media?parent=87195"}],"curies":[{"name":"wp","href":"https:\/\/api.w.org\/{rel}","templated":true}]}}