{"id":87187,"date":"2020-08-21T12:07:00","date_gmt":"2020-08-21T12:07:00","guid":{"rendered":"https:\/\/claydondrill.com\/?page_id=87187"},"modified":"2025-04-08T11:27:06","modified_gmt":"2025-04-08T11:27:06","slug":"dechaumeur-leger-terrastar","status":"publish","type":"page","link":"https:\/\/claydondrill.com\/fr\/dechaumeur-leger-terrastar\/","title":{"rendered":"D\u00c9CHAUMEUR L\u00c9GER TERRASTAR"},"content":{"rendered":"<div class=\"wpb-content-wrapper\"><p>[vc_row el_class=&#8221;top_desc&#8221;][vc_column width=&#8221;1\/2&#8243;][vc_column_text]Le Claydon TerraStar est un d\u00e9chaumeur l\u00e9ger \u00e0 b\u00eaches roulantes qui sert \u00e0 ameublir le sol sur une faible \u00e9paisseur pour encourager les adventices et les semis naturels \u00e0 pr\u00e9germer.\u00a0 Il est \u00e9galement efficace dans la gestion du chaume et la lutte contre les limaces. Il peut servir \u00e0 niveler les champs, am\u00e9liorer le drainage et incorporer du fumier. En tant que sarcleuse m\u00e9canique, il r\u00e9duit l\u2019utilisation de glyphosate.<\/p>\n<p>Le TerraStar peut \u00eatre utilis\u00e9 lorsque l\u2019\u00e9tat du sol ne permet pas l\u2019utilisation de la herse \u00e0 paille. Cet outil rapide et efficace a peu de pi\u00e8ces d\u2019usure\u00a0; son exploitation est donc peu co\u00fbteuse. Le TerraStar retourne plus de terre que la herse \u00e0 paille de Claydon. Il laisse la structure du sol intacte en pin\u00e7ant les mottes de la couche sup\u00e9rieure, sans modifier le profil.[\/vc_column_text][\/vc_column][vc_column width=&#8221;1\/2&#8243; el_class=&#8221;frtlizer&#8221;][vc_single_image image=&#8221;82500&#8243; img_size=&#8221;full&#8221;][\/vc_column][\/vc_row][vc_row full_width=&#8221;stretch_row&#8221; css=&#8221;.vc_custom_1595581583637{margin-top: 0px !important;margin-right: 0px !important;margin-bottom: 0px !important;margin-left: 0px !important;padding-top: 75px !important;padding-bottom: 0px !important;}&#8221; el_class=&#8221;services2 home_cat&#8221;][vc_column css=&#8221;.vc_custom_1460369393337{padding-top: 0px !important;padding-bottom: 0px !important;}&#8221;][vc_row_inner el_class=&#8221;product_sec cat_list&#8221;][vc_column_inner width=&#8221;1\/2&#8243;][vc_single_image image=&#8221;82059&#8243; img_size=&#8221;full&#8221; alignment=&#8221;center&#8221;][vc_custom_heading text=&#8221;TerraStar de 6m&#8221; font_container=&#8221;tag:h2|text_align:left|color:%23ca1f26&#8243; use_theme_fonts=&#8221;yes&#8221; el_class=&#8221;style5&#8243; css=&#8221;.vc_custom_1628505845302{margin-top: -20px !important;margin-bottom: 10px !important;}&#8221; link=&#8221;url:https%3A%2F%2Fclaydondrill.com%2Ffr%2Fterrastar-6m%2F|||&#8221;][thememove_button text=&#8221;READ MORE&#8221; url=&#8221;https:\/\/claydondrill.com\/fr\/terrastar-6m\/&#8221; icon=&#8221;fa-arrow-right&#8221;][\/vc_column_inner][vc_column_inner width=&#8221;1\/2&#8243;][\/vc_column_inner][\/vc_row_inner][\/vc_column][\/vc_row]<\/p>\n<\/div>","protected":false},"excerpt":{"rendered":"<p>[vc_row el_class=&#8221;top_desc&#8221;][vc_column width=&#8221;1\/2&#8243;][vc_column_text]Le Claydon TerraStar est un d\u00e9chaumeur l\u00e9ger \u00e0 b\u00eaches roulantes qui sert \u00e0 ameublir le sol sur une<\/p>\n","protected":false},"author":1,"featured_media":0,"parent":0,"menu_order":0,"comment_status":"closed","ping_status":"closed","template":"","meta":{"inline_featured_image":false,"footnotes":""},"class_list":["post-87187","page","type-page","status-publish","hentry"],"yoast_head":"<!-- This site is optimized with the Yoast SEO plugin v27.1.1 - https:\/\/yoast.com\/product\/yoast-seo-wordpress\/ -->\n<title>D\u00e9chaumeur b\u00eache roulante rotatif | TerraStar de Claydon Drills<\/title>\n<meta name=\"description\" content=\"D\u00e9couvrez la Bineuse TerraBlade \u2013 une solution m\u00e9canique \u00e9conomique pour le d\u00e9sherbage des cultures en bandes. Am\u00e9liorez votre agriculture avec un d\u00e9sherbage inter-rang efficace de Claydon Drill.\" \/>\n<meta name=\"robots\" content=\"index, follow, max-snippet:-1, max-image-preview:large, max-video-preview:-1\" \/>\n<link rel=\"canonical\" href=\"https:\/\/claydondrill.com\/fr\/dechaumeur-leger-terrastar\/\" \/>\n<meta property=\"og:locale\" content=\"fr_FR\" \/>\n<meta property=\"og:type\" content=\"article\" \/>\n<meta property=\"og:title\" content=\"D\u00e9chaumeur b\u00eache roulante rotatif | TerraStar de Claydon Drills\" \/>\n<meta property=\"og:description\" content=\"D\u00e9couvrez la Bineuse TerraBlade \u2013 une solution m\u00e9canique \u00e9conomique pour le d\u00e9sherbage des cultures en bandes. Am\u00e9liorez votre agriculture avec un d\u00e9sherbage inter-rang efficace de Claydon Drill.\" \/>\n<meta property=\"og:url\" content=\"https:\/\/claydondrill.com\/fr\/dechaumeur-leger-terrastar\/\" \/>\n<meta property=\"og:site_name\" content=\"Claydon Drill Seed\" \/>\n<meta property=\"article:modified_time\" content=\"2025-04-08T11:27:06+00:00\" \/>\n<meta name=\"twitter:card\" content=\"summary_large_image\" \/>\n<meta name=\"twitter:label1\" content=\"Dur\u00e9e de lecture estim\u00e9e\" \/>\n\t<meta name=\"twitter:data1\" content=\"1 minute\" \/>\n<script type=\"application\/ld+json\" class=\"yoast-schema-graph\">{\"@context\":\"https:\/\/schema.org\",\"@graph\":[{\"@type\":\"WebPage\",\"@id\":\"https:\/\/claydondrill.com\/fr\/dechaumeur-leger-terrastar\/\",\"url\":\"https:\/\/claydondrill.com\/fr\/dechaumeur-leger-terrastar\/\",\"name\":\"D\u00e9chaumeur b\u00eache roulante rotatif | TerraStar de Claydon Drills\",\"isPartOf\":{\"@id\":\"https:\/\/claydondrill.com\/fr\/#website\"},\"datePublished\":\"2020-08-21T12:07:00+00:00\",\"dateModified\":\"2025-04-08T11:27:06+00:00\",\"description\":\"D\u00e9couvrez la Bineuse TerraBlade \u2013 une solution m\u00e9canique \u00e9conomique pour le d\u00e9sherbage des cultures en bandes. Am\u00e9liorez votre agriculture avec un d\u00e9sherbage inter-rang efficace de Claydon Drill.\",\"breadcrumb\":{\"@id\":\"https:\/\/claydondrill.com\/fr\/dechaumeur-leger-terrastar\/#breadcrumb\"},\"inLanguage\":\"fr-FR\",\"potentialAction\":[{\"@type\":\"ReadAction\",\"target\":[\"https:\/\/claydondrill.com\/fr\/dechaumeur-leger-terrastar\/\"]}]},{\"@type\":\"BreadcrumbList\",\"@id\":\"https:\/\/claydondrill.com\/fr\/dechaumeur-leger-terrastar\/#breadcrumb\",\"itemListElement\":[{\"@type\":\"ListItem\",\"position\":1,\"name\":\"Home\",\"item\":\"https:\/\/claydondrill.com\/fr\/\"},{\"@type\":\"ListItem\",\"position\":2,\"name\":\"D\u00c9CHAUMEUR L\u00c9GER TERRASTAR\"}]},{\"@type\":\"WebSite\",\"@id\":\"https:\/\/claydondrill.com\/fr\/#website\",\"url\":\"https:\/\/claydondrill.com\/fr\/\",\"name\":\"Claydon Drill Seed\",\"description\":\"\",\"potentialAction\":[{\"@type\":\"SearchAction\",\"target\":{\"@type\":\"EntryPoint\",\"urlTemplate\":\"https:\/\/claydondrill.com\/fr\/?s={search_term_string}\"},\"query-input\":{\"@type\":\"PropertyValueSpecification\",\"valueRequired\":true,\"valueName\":\"search_term_string\"}}],\"inLanguage\":\"fr-FR\"}]}<\/script>\n<!-- \/ Yoast SEO plugin. -->","yoast_head_json":{"title":"D\u00e9chaumeur b\u00eache roulante rotatif | TerraStar de Claydon Drills","description":"D\u00e9couvrez la Bineuse TerraBlade \u2013 une solution m\u00e9canique \u00e9conomique pour le d\u00e9sherbage des cultures en bandes. Am\u00e9liorez votre agriculture avec un d\u00e9sherbage inter-rang efficace de Claydon Drill.","robots":{"index":"index","follow":"follow","max-snippet":"max-snippet:-1","max-image-preview":"max-image-preview:large","max-video-preview":"max-video-preview:-1"},"canonical":"https:\/\/claydondrill.com\/fr\/dechaumeur-leger-terrastar\/","og_locale":"fr_FR","og_type":"article","og_title":"D\u00e9chaumeur b\u00eache roulante rotatif | TerraStar de Claydon Drills","og_description":"D\u00e9couvrez la Bineuse TerraBlade \u2013 une solution m\u00e9canique \u00e9conomique pour le d\u00e9sherbage des cultures en bandes. Am\u00e9liorez votre agriculture avec un d\u00e9sherbage inter-rang efficace de Claydon Drill.","og_url":"https:\/\/claydondrill.com\/fr\/dechaumeur-leger-terrastar\/","og_site_name":"Claydon Drill Seed","article_modified_time":"2025-04-08T11:27:06+00:00","twitter_card":"summary_large_image","twitter_misc":{"Dur\u00e9e de lecture estim\u00e9e":"1 minute"},"schema":{"@context":"https:\/\/schema.org","@graph":[{"@type":"WebPage","@id":"https:\/\/claydondrill.com\/fr\/dechaumeur-leger-terrastar\/","url":"https:\/\/claydondrill.com\/fr\/dechaumeur-leger-terrastar\/","name":"D\u00e9chaumeur b\u00eache roulante rotatif | TerraStar de Claydon Drills","isPartOf":{"@id":"https:\/\/claydondrill.com\/fr\/#website"},"datePublished":"2020-08-21T12:07:00+00:00","dateModified":"2025-04-08T11:27:06+00:00","description":"D\u00e9couvrez la Bineuse TerraBlade \u2013 une solution m\u00e9canique \u00e9conomique pour le d\u00e9sherbage des cultures en bandes. Am\u00e9liorez votre agriculture avec un d\u00e9sherbage inter-rang efficace de Claydon Drill.","breadcrumb":{"@id":"https:\/\/claydondrill.com\/fr\/dechaumeur-leger-terrastar\/#breadcrumb"},"inLanguage":"fr-FR","potentialAction":[{"@type":"ReadAction","target":["https:\/\/claydondrill.com\/fr\/dechaumeur-leger-terrastar\/"]}]},{"@type":"BreadcrumbList","@id":"https:\/\/claydondrill.com\/fr\/dechaumeur-leger-terrastar\/#breadcrumb","itemListElement":[{"@type":"ListItem","position":1,"name":"Home","item":"https:\/\/claydondrill.com\/fr\/"},{"@type":"ListItem","position":2,"name":"D\u00c9CHAUMEUR L\u00c9GER TERRASTAR"}]},{"@type":"WebSite","@id":"https:\/\/claydondrill.com\/fr\/#website","url":"https:\/\/claydondrill.com\/fr\/","name":"Claydon Drill Seed","description":"","potentialAction":[{"@type":"SearchAction","target":{"@type":"EntryPoint","urlTemplate":"https:\/\/claydondrill.com\/fr\/?s={search_term_string}"},"query-input":{"@type":"PropertyValueSpecification","valueRequired":true,"valueName":"search_term_string"}}],"inLanguage":"fr-FR"}]}},"_links":{"self":[{"href":"https:\/\/claydondrill.com\/fr\/wp-json\/wp\/v2\/pages\/87187","targetHints":{"allow":["GET"]}}],"collection":[{"href":"https:\/\/claydondrill.com\/fr\/wp-json\/wp\/v2\/pages"}],"about":[{"href":"https:\/\/claydondrill.com\/fr\/wp-json\/wp\/v2\/types\/page"}],"author":[{"embeddable":true,"href":"https:\/\/claydondrill.com\/fr\/wp-json\/wp\/v2\/users\/1"}],"replies":[{"embeddable":true,"href":"https:\/\/claydondrill.com\/fr\/wp-json\/wp\/v2\/comments?post=87187"}],"version-history":[{"count":0,"href":"https:\/\/claydondrill.com\/fr\/wp-json\/wp\/v2\/pages\/87187\/revisions"}],"wp:attachment":[{"href":"https:\/\/claydondrill.com\/fr\/wp-json\/wp\/v2\/media?parent=87187"}],"curies":[{"name":"wp","href":"https:\/\/api.w.org\/{rel}","templated":true}]}}