{"id":87178,"date":"2021-07-22T13:27:28","date_gmt":"2021-07-22T13:27:28","guid":{"rendered":"https:\/\/claydondrill.com\/?page_id=87178"},"modified":"2025-03-06T11:33:40","modified_gmt":"2025-03-06T11:33:40","slug":"terrablade","status":"publish","type":"page","link":"https:\/\/claydondrill.com\/fr\/terrablade\/","title":{"rendered":"BINEUSE INTER-RANG TERRABLADE"},"content":{"rendered":"<div class=\"wpb-content-wrapper\"><p>[vc_row el_class=&#8221;top_desc&#8221;][vc_column width=&#8221;1\/2&#8243;][vc_column_text]La bineuse inter-rang TerraBlade est une m\u00e9thode m\u00e9canique peu co\u00fbteuse de d\u00e9sherbage dans les cultures sem\u00e9es en bandes. En d\u00e9barrassant les bandes non sem\u00e9es des adventices au d\u00e9but du d\u00e9veloppement de la r\u00e9colte, elle r\u00e9duit la concurrence pour les nutriments, la lumi\u00e8re, l\u2019air et l\u2019eau et favorise la croissance saine des plantules.<\/p>\n<p>Le TerraBlade \u00e0 direction manuelle peut am\u00e9liorer le rendement des r\u00e9coltes, r\u00e9duire radicalement la repousse des adventices et diminuer le risque de d\u00e9veloppement de types plus r\u00e9sistants. Bien qu\u2019elle ait \u00e9t\u00e9 con\u00e7ue pour une utilisation avec le Claydon Opti-Till\u00ae, la bineuse inter-rang peut servir dans n\u2019importe quelle culture sem\u00e9e en bandes.[\/vc_column_text][\/vc_column][vc_column width=&#8221;1\/2&#8243; el_class=&#8221;frtlizer&#8221;][vc_single_image image=&#8221;82085&#8243; img_size=&#8221;full&#8221;][\/vc_column][\/vc_row][vc_row full_width=&#8221;stretch_row&#8221; css=&#8221;.vc_custom_1595581583637{margin-top: 0px !important;margin-right: 0px !important;margin-bottom: 0px !important;margin-left: 0px !important;padding-top: 75px !important;padding-bottom: 0px !important;}&#8221; el_class=&#8221;services2 home_cat&#8221;][vc_column css=&#8221;.vc_custom_1460369393337{padding-top: 0px !important;padding-bottom: 0px !important;}&#8221;][vc_row_inner el_class=&#8221;product_sec cat_list&#8221;][vc_column_inner width=&#8221;1\/3&#8243;][vc_single_image image=&#8221;84571&#8243; img_size=&#8221;full&#8221; alignment=&#8221;center&#8221;][vc_custom_heading text=&#8221;TerraBlade de 3m&#8221; font_container=&#8221;tag:h2|text_align:left|color:%23ca1f26&#8243; use_theme_fonts=&#8221;yes&#8221; el_class=&#8221;style5&#8243; css=&#8221;.vc_custom_1628502664850{margin-top: -20px !important;margin-bottom: 10px !important;}&#8221; link=&#8221;url:https%3A%2F%2Fclaydondrill.com%2Ffr%2Fterrablade-de-3-m%2F|||&#8221;][thememove_button text=&#8221;READ MORE&#8221; url=&#8221;https:\/\/claydondrill.com\/fr\/terrablade-de-3-m\/&#8221; icon=&#8221;fa-arrow-right&#8221;][\/vc_column_inner][vc_column_inner width=&#8221;1\/3&#8243;][vc_single_image image=&#8221;83769&#8243; img_size=&#8221;full&#8221; alignment=&#8221;center&#8221;][vc_custom_heading text=&#8221;TerraBlade de 4m&#8221; font_container=&#8221;tag:h2|text_align:left|color:%23ca1f26&#8243; use_theme_fonts=&#8221;yes&#8221; el_class=&#8221;style5&#8243; css=&#8221;.vc_custom_1628502684559{margin-top: -20px !important;margin-bottom: 10px !important;}&#8221; link=&#8221;url:https%3A%2F%2Fclaydondrill.com%2Ffr%2Fterrablade-de-4-m%2F|||&#8221;][thememove_button text=&#8221;READ MORE&#8221; url=&#8221;https:\/\/claydondrill.com\/fr\/terrablade-de-4-m\/&#8221; icon=&#8221;fa-arrow-right&#8221;][\/vc_column_inner][vc_column_inner width=&#8221;1\/3&#8243;][vc_single_image image=&#8221;83766&#8243; img_size=&#8221;full&#8221; alignment=&#8221;center&#8221;][vc_custom_heading text=&#8221;TerraBlade de 4,8m&#8221; font_container=&#8221;tag:h2|text_align:left|color:%23ca1f26&#8243; use_theme_fonts=&#8221;yes&#8221; el_class=&#8221;style5&#8243; css=&#8221;.vc_custom_1628502698479{margin-top: -20px !important;margin-bottom: 10px !important;}&#8221; link=&#8221;url:https%3A%2F%2Fclaydondrill.com%2Ffr%2Fterrablade-de-48-m%2F|||&#8221;][thememove_button text=&#8221;READ MORE&#8221; url=&#8221;https:\/\/claydondrill.com\/fr\/terrablade-de-48-m\/&#8221; icon=&#8221;fa-arrow-right&#8221;][\/vc_column_inner][\/vc_row_inner][vc_row_inner el_class=&#8221;product_sec cat_list&#8221;][vc_column_inner width=&#8221;1\/3&#8243;][vc_single_image image=&#8221;83773&#8243; img_size=&#8221;full&#8221; alignment=&#8221;center&#8221;][vc_custom_heading text=&#8221;TerraBlade de 6m&#8221; font_container=&#8221;tag:h2|text_align:left|color:%23ca1f26&#8243; use_theme_fonts=&#8221;yes&#8221; el_class=&#8221;style5&#8243; css=&#8221;.vc_custom_1628502710831{margin-top: -20px !important;margin-bottom: 10px !important;}&#8221; link=&#8221;url:https%3A%2F%2Fclaydondrill.com%2Ffr%2Fterrablade-de-6-m%2F|||&#8221;][thememove_button text=&#8221;READ MORE&#8221; url=&#8221;https:\/\/claydondrill.com\/fr\/terrablade-de-6-m\/&#8221; icon=&#8221;fa-arrow-right&#8221;][\/vc_column_inner][vc_column_inner width=&#8221;1\/3&#8243;][vc_single_image image=&#8221;82584&#8243; img_size=&#8221;full&#8221; alignment=&#8221;center&#8221;][vc_custom_heading text=&#8221;TerraBlade de 8m&#8221; font_container=&#8221;tag:h2|text_align:left|color:%23ca1f26&#8243; use_theme_fonts=&#8221;yes&#8221; el_class=&#8221;style5&#8243; css=&#8221;.vc_custom_1628502722392{margin-top: -20px !important;margin-bottom: 10px !important;}&#8221; link=&#8221;url:https%3A%2F%2Fclaydondrill.com%2Ffr%2Fterrablade-de-8-m%2F|||&#8221;][thememove_button text=&#8221;READ MORE&#8221; url=&#8221;https:\/\/claydondrill.com\/fr\/terrablade-de-8-m\/&#8221; icon=&#8221;fa-arrow-right&#8221;][\/vc_column_inner][vc_column_inner width=&#8221;1\/3&#8243;][\/vc_column_inner][\/vc_row_inner][\/vc_column][\/vc_row]<\/p>\n<\/div>","protected":false},"excerpt":{"rendered":"<p>[vc_row el_class=&#8221;top_desc&#8221;][vc_column width=&#8221;1\/2&#8243;][vc_column_text]La bineuse inter-rang TerraBlade est une m\u00e9thode m\u00e9canique peu co\u00fbteuse de d\u00e9sherbage dans les cultures sem\u00e9es en bandes.<\/p>\n","protected":false},"author":1,"featured_media":0,"parent":0,"menu_order":0,"comment_status":"closed","ping_status":"closed","template":"","meta":{"inline_featured_image":false,"footnotes":""},"class_list":["post-87178","page","type-page","status-publish","hentry"],"yoast_head":"<!-- This site is optimized with the Yoast SEO plugin v27.1.1 - https:\/\/yoast.com\/product\/yoast-seo-wordpress\/ -->\n<title>Bineuse de Tracteur - Bineuse Inter-Rang TerraBlade | Claydon Drill<\/title>\n<meta name=\"description\" content=\"D\u00e9couvrez la Bineuse de Tracteur TerraBlade \u2013 une solution m\u00e9canique \u00e9conomique pour le d\u00e9sherbage des cultures en bandes. Am\u00e9liorez votre agriculture avec un d\u00e9sherbage inter-rang efficace de Claydon Drill.\" \/>\n<meta name=\"robots\" content=\"index, follow, max-snippet:-1, max-image-preview:large, max-video-preview:-1\" \/>\n<link rel=\"canonical\" href=\"https:\/\/claydondrill.com\/fr\/terrablade\/\" \/>\n<meta property=\"og:locale\" content=\"fr_FR\" \/>\n<meta property=\"og:type\" content=\"article\" \/>\n<meta property=\"og:title\" content=\"Bineuse de Tracteur - Bineuse Inter-Rang TerraBlade | Claydon Drill\" \/>\n<meta property=\"og:description\" content=\"D\u00e9couvrez la Bineuse de Tracteur TerraBlade \u2013 une solution m\u00e9canique \u00e9conomique pour le d\u00e9sherbage des cultures en bandes. Am\u00e9liorez votre agriculture avec un d\u00e9sherbage inter-rang efficace de Claydon Drill.\" \/>\n<meta property=\"og:url\" content=\"https:\/\/claydondrill.com\/fr\/terrablade\/\" \/>\n<meta property=\"og:site_name\" content=\"Claydon Drill Seed\" \/>\n<meta property=\"article:modified_time\" content=\"2025-03-06T11:33:40+00:00\" \/>\n<meta name=\"twitter:card\" content=\"summary_large_image\" \/>\n<meta name=\"twitter:label1\" content=\"Dur\u00e9e de lecture estim\u00e9e\" \/>\n\t<meta name=\"twitter:data1\" content=\"2 minutes\" \/>\n<script type=\"application\/ld+json\" class=\"yoast-schema-graph\">{\"@context\":\"https:\/\/schema.org\",\"@graph\":[{\"@type\":\"WebPage\",\"@id\":\"https:\/\/claydondrill.com\/fr\/terrablade\/\",\"url\":\"https:\/\/claydondrill.com\/fr\/terrablade\/\",\"name\":\"Bineuse de Tracteur - Bineuse Inter-Rang TerraBlade | Claydon Drill\",\"isPartOf\":{\"@id\":\"https:\/\/claydondrill.com\/fr\/#website\"},\"datePublished\":\"2021-07-22T13:27:28+00:00\",\"dateModified\":\"2025-03-06T11:33:40+00:00\",\"description\":\"D\u00e9couvrez la Bineuse de Tracteur TerraBlade \u2013 une solution m\u00e9canique \u00e9conomique pour le d\u00e9sherbage des cultures en bandes. Am\u00e9liorez votre agriculture avec un d\u00e9sherbage inter-rang efficace de Claydon Drill.\",\"breadcrumb\":{\"@id\":\"https:\/\/claydondrill.com\/fr\/terrablade\/#breadcrumb\"},\"inLanguage\":\"fr-FR\",\"potentialAction\":[{\"@type\":\"ReadAction\",\"target\":[\"https:\/\/claydondrill.com\/fr\/terrablade\/\"]}]},{\"@type\":\"BreadcrumbList\",\"@id\":\"https:\/\/claydondrill.com\/fr\/terrablade\/#breadcrumb\",\"itemListElement\":[{\"@type\":\"ListItem\",\"position\":1,\"name\":\"Home\",\"item\":\"https:\/\/claydondrill.com\/fr\/\"},{\"@type\":\"ListItem\",\"position\":2,\"name\":\"BINEUSE INTER-RANG TERRABLADE\"}]},{\"@type\":\"WebSite\",\"@id\":\"https:\/\/claydondrill.com\/fr\/#website\",\"url\":\"https:\/\/claydondrill.com\/fr\/\",\"name\":\"Claydon Drill Seed\",\"description\":\"\",\"potentialAction\":[{\"@type\":\"SearchAction\",\"target\":{\"@type\":\"EntryPoint\",\"urlTemplate\":\"https:\/\/claydondrill.com\/fr\/?s={search_term_string}\"},\"query-input\":{\"@type\":\"PropertyValueSpecification\",\"valueRequired\":true,\"valueName\":\"search_term_string\"}}],\"inLanguage\":\"fr-FR\"}]}<\/script>\n<!-- \/ Yoast SEO plugin. -->","yoast_head_json":{"title":"Bineuse de Tracteur - Bineuse Inter-Rang TerraBlade | Claydon Drill","description":"D\u00e9couvrez la Bineuse de Tracteur TerraBlade \u2013 une solution m\u00e9canique \u00e9conomique pour le d\u00e9sherbage des cultures en bandes. Am\u00e9liorez votre agriculture avec un d\u00e9sherbage inter-rang efficace de Claydon Drill.","robots":{"index":"index","follow":"follow","max-snippet":"max-snippet:-1","max-image-preview":"max-image-preview:large","max-video-preview":"max-video-preview:-1"},"canonical":"https:\/\/claydondrill.com\/fr\/terrablade\/","og_locale":"fr_FR","og_type":"article","og_title":"Bineuse de Tracteur - Bineuse Inter-Rang TerraBlade | Claydon Drill","og_description":"D\u00e9couvrez la Bineuse de Tracteur TerraBlade \u2013 une solution m\u00e9canique \u00e9conomique pour le d\u00e9sherbage des cultures en bandes. Am\u00e9liorez votre agriculture avec un d\u00e9sherbage inter-rang efficace de Claydon Drill.","og_url":"https:\/\/claydondrill.com\/fr\/terrablade\/","og_site_name":"Claydon Drill Seed","article_modified_time":"2025-03-06T11:33:40+00:00","twitter_card":"summary_large_image","twitter_misc":{"Dur\u00e9e de lecture estim\u00e9e":"2 minutes"},"schema":{"@context":"https:\/\/schema.org","@graph":[{"@type":"WebPage","@id":"https:\/\/claydondrill.com\/fr\/terrablade\/","url":"https:\/\/claydondrill.com\/fr\/terrablade\/","name":"Bineuse de Tracteur - Bineuse Inter-Rang TerraBlade | Claydon Drill","isPartOf":{"@id":"https:\/\/claydondrill.com\/fr\/#website"},"datePublished":"2021-07-22T13:27:28+00:00","dateModified":"2025-03-06T11:33:40+00:00","description":"D\u00e9couvrez la Bineuse de Tracteur TerraBlade \u2013 une solution m\u00e9canique \u00e9conomique pour le d\u00e9sherbage des cultures en bandes. Am\u00e9liorez votre agriculture avec un d\u00e9sherbage inter-rang efficace de Claydon Drill.","breadcrumb":{"@id":"https:\/\/claydondrill.com\/fr\/terrablade\/#breadcrumb"},"inLanguage":"fr-FR","potentialAction":[{"@type":"ReadAction","target":["https:\/\/claydondrill.com\/fr\/terrablade\/"]}]},{"@type":"BreadcrumbList","@id":"https:\/\/claydondrill.com\/fr\/terrablade\/#breadcrumb","itemListElement":[{"@type":"ListItem","position":1,"name":"Home","item":"https:\/\/claydondrill.com\/fr\/"},{"@type":"ListItem","position":2,"name":"BINEUSE INTER-RANG TERRABLADE"}]},{"@type":"WebSite","@id":"https:\/\/claydondrill.com\/fr\/#website","url":"https:\/\/claydondrill.com\/fr\/","name":"Claydon Drill Seed","description":"","potentialAction":[{"@type":"SearchAction","target":{"@type":"EntryPoint","urlTemplate":"https:\/\/claydondrill.com\/fr\/?s={search_term_string}"},"query-input":{"@type":"PropertyValueSpecification","valueRequired":true,"valueName":"search_term_string"}}],"inLanguage":"fr-FR"}]}},"_links":{"self":[{"href":"https:\/\/claydondrill.com\/fr\/wp-json\/wp\/v2\/pages\/87178","targetHints":{"allow":["GET"]}}],"collection":[{"href":"https:\/\/claydondrill.com\/fr\/wp-json\/wp\/v2\/pages"}],"about":[{"href":"https:\/\/claydondrill.com\/fr\/wp-json\/wp\/v2\/types\/page"}],"author":[{"embeddable":true,"href":"https:\/\/claydondrill.com\/fr\/wp-json\/wp\/v2\/users\/1"}],"replies":[{"embeddable":true,"href":"https:\/\/claydondrill.com\/fr\/wp-json\/wp\/v2\/comments?post=87178"}],"version-history":[{"count":0,"href":"https:\/\/claydondrill.com\/fr\/wp-json\/wp\/v2\/pages\/87178\/revisions"}],"wp:attachment":[{"href":"https:\/\/claydondrill.com\/fr\/wp-json\/wp\/v2\/media?parent=87178"}],"curies":[{"name":"wp","href":"https:\/\/api.w.org\/{rel}","templated":true}]}}