{"id":87173,"date":"2021-07-22T13:23:25","date_gmt":"2021-07-22T13:23:25","guid":{"rendered":"https:\/\/claydondrill.com\/?page_id=87173"},"modified":"2025-03-06T11:18:22","modified_gmt":"2025-03-06T11:18:22","slug":"herse-a-paille","status":"publish","type":"page","link":"https:\/\/claydondrill.com\/fr\/herse-a-paille\/","title":{"rendered":"HERSE \u00c0 PAILLE"},"content":{"rendered":"<div class=\"wpb-content-wrapper\"><p>[vc_row el_class=&#8221;top_desc&#8221;][vc_column width=&#8221;1\/2&#8243; el_class=&#8221;top_desc&#8221;][vc_column_text]Les herses \u00e0 paille Claydon ameublissent l\u00e9g\u00e8rement la couche superficielle du sol sur une \u00e9paisseur de 30\u00a0mm et utilisent l\u2019humidit\u00e9 ainsi conserv\u00e9e pour acc\u00e9l\u00e9rer et uniformiser la germination. Elles ratissent et d\u00e9truisent les adventices au stade du cotyl\u00e9don et de la premi\u00e8re feuille, supprimant ainsi une source d\u2019alimentation des limaces. Les herses \u00e0 paille morcellent les nids des limaces et dess\u00e8chent leurs \u0153ufs en les m\u00e9langeant et en exposant la paille humide \u00e0 la lumi\u00e8re du soleil.<\/p>\n<p>Les robustes herses \u00e0 paille Claydon ont \u00e9t\u00e9 con\u00e7ues pour agir rapidement avec un effet maximal. \u00c0 une vitesse pouvant aller jusqu\u2019\u00e0 25\u00a0km\/h, elles d\u00e9chiquettent la paille pour en acc\u00e9l\u00e9rer la d\u00e9composition.\u00a0 Elles peuvent \u00eatre utilis\u00e9es avant ou apr\u00e8s les interventions culturales, pour niveler le sol et l\u2019ameublir sur une faible \u00e9paisseur.[\/vc_column_text][\/vc_column][vc_column width=&#8221;1\/2&#8243; el_class=&#8221;frtlizer&#8221;][vc_single_image image=&#8221;82027&#8243; img_size=&#8221;full&#8221;][\/vc_column][\/vc_row][vc_row full_width=&#8221;stretch_row&#8221; css=&#8221;.vc_custom_1595581583637{margin-top: 0px !important;margin-right: 0px !important;margin-bottom: 0px !important;margin-left: 0px !important;padding-top: 75px !important;padding-bottom: 0px !important;}&#8221; el_class=&#8221;services2 home_cat&#8221;][vc_column css=&#8221;.vc_custom_1460369393337{padding-top: 0px !important;padding-bottom: 0px !important;}&#8221;][vc_row_inner el_class=&#8221;product_sec cat_list&#8221;][vc_column_inner width=&#8221;1\/2&#8243;][vc_single_image image=&#8221;82031&#8243; img_size=&#8221;full&#8221; alignment=&#8221;center&#8221;][vc_custom_heading text=&#8221;Herse \u00e0 paille de 3 m&#8221; font_container=&#8221;tag:h2|text_align:left|color:%23ca1f26&#8243; use_theme_fonts=&#8221;yes&#8221; el_class=&#8221;style5&#8243; css=&#8221;.vc_custom_1628259584858{margin-top: -20px !important;margin-bottom: 10px !important;}&#8221; link=&#8221;url:https%3A%2F%2Fclaydondrill.com%2Ffr%2Fherse-a-paille-de-3-m%2F|||&#8221;][thememove_button text=&#8221;READ MORE&#8221; url=&#8221;https:\/\/claydondrill.com\/fr\/herse-a-paille-de-3-m\/&#8221; icon=&#8221;fa-arrow-right&#8221;][\/vc_column_inner][vc_column_inner width=&#8221;1\/2&#8243;][vc_single_image image=&#8221;82034&#8243; img_size=&#8221;full&#8221; alignment=&#8221;center&#8221;][vc_custom_heading text=&#8221;Herse \u00e0 paille de 7,50 m&#8221; font_container=&#8221;tag:h2|text_align:left|color:%23ca1f26&#8243; use_theme_fonts=&#8221;yes&#8221; el_class=&#8221;style5&#8243; css=&#8221;.vc_custom_1628262748780{margin-top: -20px !important;margin-bottom: 10px !important;}&#8221; link=&#8221;url:https%3A%2F%2Fclaydondrill.com%2Ffr%2Fherse-a-paille-de-750-m%2F|||&#8221;][thememove_button text=&#8221;READ MORE&#8221; url=&#8221;https:\/\/claydondrill.com\/fr\/herse-a-paille-de-750-m\/&#8221; icon=&#8221;fa-arrow-right&#8221;][\/vc_column_inner][\/vc_row_inner][vc_row_inner el_class=&#8221;product_sec cat_list&#8221;][vc_column_inner width=&#8221;1\/2&#8243;][vc_single_image image=&#8221;94111&#8243; img_size=&#8221;full&#8221; alignment=&#8221;center&#8221;][vc_custom_heading text=&#8221;Herse \u00e0 paille de 9 m&#8221; font_container=&#8221;tag:h2|text_align:left|color:%23ca1f26&#8243; use_theme_fonts=&#8221;yes&#8221; el_class=&#8221;style5&#8243; css=&#8221;.vc_custom_1640014677307{margin-top: -20px !important;margin-bottom: 10px !important;}&#8221; link=&#8221;url:https%3A%2F%2Fclaydondrill.com%2Ffr%2Fherse-a-paille-de-9m%2F|||&#8221;][thememove_button text=&#8221;READ MORE&#8221; url=&#8221;https:\/\/claydondrill.com\/fr\/herse-a-paille-de-9m\/&#8221; icon=&#8221;fa-arrow-right&#8221;][\/vc_column_inner][\/vc_row_inner][vc_row_inner el_class=&#8221;product_sec cat_list&#8221;][vc_column_inner width=&#8221;1\/2&#8243;][vc_single_image image=&#8221;82037&#8243; img_size=&#8221;full&#8221; alignment=&#8221;center&#8221;][vc_custom_heading text=&#8221;Herse \u00e0 paille de 12,5 m&#8221; font_container=&#8221;tag:h2|text_align:left|color:%23ca1f26&#8243; use_theme_fonts=&#8221;yes&#8221; el_class=&#8221;style5&#8243; css=&#8221;.vc_custom_1628262882010{margin-top: -20px !important;margin-bottom: 10px !important;}&#8221; link=&#8221;url:https%3A%2F%2Fclaydondrill.com%2Ffr%2Fherse-a-paille-de-1250-m%2F|||&#8221;][thememove_button text=&#8221;READ MORE&#8221; url=&#8221;https:\/\/claydondrill.com\/fr\/herse-a-paille-de-1250-m\/&#8221; icon=&#8221;fa-arrow-right&#8221;][\/vc_column_inner][vc_column_inner width=&#8221;1\/2&#8243;][vc_single_image image=&#8221;82040&#8243; img_size=&#8221;full&#8221; alignment=&#8221;center&#8221;][vc_custom_heading text=&#8221;Herse \u00e0 paille de 15 m&#8221; font_container=&#8221;tag:h2|text_align:left|color:%23ca1f26&#8243; use_theme_fonts=&#8221;yes&#8221; el_class=&#8221;style5&#8243; css=&#8221;.vc_custom_1628262826164{margin-top: -20px !important;margin-bottom: 10px !important;}&#8221; link=&#8221;url:https%3A%2F%2Fclaydondrill.com%2Ffr%2Fherse-a-paille-de-15-m%2F|||&#8221;][thememove_button text=&#8221;READ MORE&#8221; url=&#8221;https:\/\/claydondrill.com\/fr\/herse-a-paille-de-15-m\/&#8221; icon=&#8221;fa-arrow-right&#8221;][\/vc_column_inner][\/vc_row_inner][\/vc_column][\/vc_row]<\/p>\n<\/div>","protected":false},"excerpt":{"rendered":"<p>[vc_row el_class=&#8221;top_desc&#8221;][vc_column width=&#8221;1\/2&#8243; el_class=&#8221;top_desc&#8221;][vc_column_text]Les herses \u00e0 paille Claydon ameublissent l\u00e9g\u00e8rement la couche superficielle du sol sur une \u00e9paisseur de 30\u00a0mm<\/p>\n","protected":false},"author":1,"featured_media":0,"parent":0,"menu_order":0,"comment_status":"closed","ping_status":"closed","template":"","meta":{"inline_featured_image":false,"footnotes":""},"class_list":["post-87173","page","type-page","status-publish","hentry"],"yoast_head":"<!-- This site is optimized with the Yoast SEO plugin v27.1.1 - https:\/\/yoast.com\/product\/yoast-seo-wordpress\/ -->\n<title>Herse Tracteur | ClaydonDrill<\/title>\n<meta name=\"description\" content=\"La herse \u00e0 paille Claydon cr\u00e9e un micro-ameublissement dans les 30 premiers mm du sol, en utilisant l&#039;humidit\u00e9 retenue pour une germination rapide et uniforme des mauvaises herbes.\" \/>\n<meta name=\"robots\" content=\"index, follow, max-snippet:-1, max-image-preview:large, max-video-preview:-1\" \/>\n<link rel=\"canonical\" href=\"https:\/\/claydondrill.com\/fr\/herse-a-paille\/\" \/>\n<meta property=\"og:locale\" content=\"fr_FR\" \/>\n<meta property=\"og:type\" content=\"article\" \/>\n<meta property=\"og:title\" content=\"Herse Tracteur | ClaydonDrill\" \/>\n<meta property=\"og:description\" content=\"La herse \u00e0 paille Claydon cr\u00e9e un micro-ameublissement dans les 30 premiers mm du sol, en utilisant l&#039;humidit\u00e9 retenue pour une germination rapide et uniforme des mauvaises herbes.\" \/>\n<meta property=\"og:url\" content=\"https:\/\/claydondrill.com\/fr\/herse-a-paille\/\" \/>\n<meta property=\"og:site_name\" content=\"Claydon Drill Seed\" \/>\n<meta property=\"article:modified_time\" content=\"2025-03-06T11:18:22+00:00\" \/>\n<meta name=\"twitter:card\" content=\"summary_large_image\" \/>\n<meta name=\"twitter:label1\" content=\"Dur\u00e9e de lecture estim\u00e9e\" \/>\n\t<meta name=\"twitter:data1\" content=\"2 minutes\" \/>\n<script type=\"application\/ld+json\" class=\"yoast-schema-graph\">{\"@context\":\"https:\/\/schema.org\",\"@graph\":[{\"@type\":\"WebPage\",\"@id\":\"https:\/\/claydondrill.com\/fr\/herse-a-paille\/\",\"url\":\"https:\/\/claydondrill.com\/fr\/herse-a-paille\/\",\"name\":\"Herse Tracteur | ClaydonDrill\",\"isPartOf\":{\"@id\":\"https:\/\/claydondrill.com\/fr\/#website\"},\"datePublished\":\"2021-07-22T13:23:25+00:00\",\"dateModified\":\"2025-03-06T11:18:22+00:00\",\"description\":\"La herse \u00e0 paille Claydon cr\u00e9e un micro-ameublissement dans les 30 premiers mm du sol, en utilisant l'humidit\u00e9 retenue pour une germination rapide et uniforme des mauvaises herbes.\",\"breadcrumb\":{\"@id\":\"https:\/\/claydondrill.com\/fr\/herse-a-paille\/#breadcrumb\"},\"inLanguage\":\"fr-FR\",\"potentialAction\":[{\"@type\":\"ReadAction\",\"target\":[\"https:\/\/claydondrill.com\/fr\/herse-a-paille\/\"]}]},{\"@type\":\"BreadcrumbList\",\"@id\":\"https:\/\/claydondrill.com\/fr\/herse-a-paille\/#breadcrumb\",\"itemListElement\":[{\"@type\":\"ListItem\",\"position\":1,\"name\":\"Home\",\"item\":\"https:\/\/claydondrill.com\/fr\/\"},{\"@type\":\"ListItem\",\"position\":2,\"name\":\"HERSE \u00c0 PAILLE\"}]},{\"@type\":\"WebSite\",\"@id\":\"https:\/\/claydondrill.com\/fr\/#website\",\"url\":\"https:\/\/claydondrill.com\/fr\/\",\"name\":\"Claydon Drill Seed\",\"description\":\"\",\"potentialAction\":[{\"@type\":\"SearchAction\",\"target\":{\"@type\":\"EntryPoint\",\"urlTemplate\":\"https:\/\/claydondrill.com\/fr\/?s={search_term_string}\"},\"query-input\":{\"@type\":\"PropertyValueSpecification\",\"valueRequired\":true,\"valueName\":\"search_term_string\"}}],\"inLanguage\":\"fr-FR\"}]}<\/script>\n<!-- \/ Yoast SEO plugin. -->","yoast_head_json":{"title":"Herse Tracteur | ClaydonDrill","description":"La herse \u00e0 paille Claydon cr\u00e9e un micro-ameublissement dans les 30 premiers mm du sol, en utilisant l'humidit\u00e9 retenue pour une germination rapide et uniforme des mauvaises herbes.","robots":{"index":"index","follow":"follow","max-snippet":"max-snippet:-1","max-image-preview":"max-image-preview:large","max-video-preview":"max-video-preview:-1"},"canonical":"https:\/\/claydondrill.com\/fr\/herse-a-paille\/","og_locale":"fr_FR","og_type":"article","og_title":"Herse Tracteur | ClaydonDrill","og_description":"La herse \u00e0 paille Claydon cr\u00e9e un micro-ameublissement dans les 30 premiers mm du sol, en utilisant l'humidit\u00e9 retenue pour une germination rapide et uniforme des mauvaises herbes.","og_url":"https:\/\/claydondrill.com\/fr\/herse-a-paille\/","og_site_name":"Claydon Drill Seed","article_modified_time":"2025-03-06T11:18:22+00:00","twitter_card":"summary_large_image","twitter_misc":{"Dur\u00e9e de lecture estim\u00e9e":"2 minutes"},"schema":{"@context":"https:\/\/schema.org","@graph":[{"@type":"WebPage","@id":"https:\/\/claydondrill.com\/fr\/herse-a-paille\/","url":"https:\/\/claydondrill.com\/fr\/herse-a-paille\/","name":"Herse Tracteur | ClaydonDrill","isPartOf":{"@id":"https:\/\/claydondrill.com\/fr\/#website"},"datePublished":"2021-07-22T13:23:25+00:00","dateModified":"2025-03-06T11:18:22+00:00","description":"La herse \u00e0 paille Claydon cr\u00e9e un micro-ameublissement dans les 30 premiers mm du sol, en utilisant l'humidit\u00e9 retenue pour une germination rapide et uniforme des mauvaises herbes.","breadcrumb":{"@id":"https:\/\/claydondrill.com\/fr\/herse-a-paille\/#breadcrumb"},"inLanguage":"fr-FR","potentialAction":[{"@type":"ReadAction","target":["https:\/\/claydondrill.com\/fr\/herse-a-paille\/"]}]},{"@type":"BreadcrumbList","@id":"https:\/\/claydondrill.com\/fr\/herse-a-paille\/#breadcrumb","itemListElement":[{"@type":"ListItem","position":1,"name":"Home","item":"https:\/\/claydondrill.com\/fr\/"},{"@type":"ListItem","position":2,"name":"HERSE \u00c0 PAILLE"}]},{"@type":"WebSite","@id":"https:\/\/claydondrill.com\/fr\/#website","url":"https:\/\/claydondrill.com\/fr\/","name":"Claydon Drill Seed","description":"","potentialAction":[{"@type":"SearchAction","target":{"@type":"EntryPoint","urlTemplate":"https:\/\/claydondrill.com\/fr\/?s={search_term_string}"},"query-input":{"@type":"PropertyValueSpecification","valueRequired":true,"valueName":"search_term_string"}}],"inLanguage":"fr-FR"}]}},"_links":{"self":[{"href":"https:\/\/claydondrill.com\/fr\/wp-json\/wp\/v2\/pages\/87173","targetHints":{"allow":["GET"]}}],"collection":[{"href":"https:\/\/claydondrill.com\/fr\/wp-json\/wp\/v2\/pages"}],"about":[{"href":"https:\/\/claydondrill.com\/fr\/wp-json\/wp\/v2\/types\/page"}],"author":[{"embeddable":true,"href":"https:\/\/claydondrill.com\/fr\/wp-json\/wp\/v2\/users\/1"}],"replies":[{"embeddable":true,"href":"https:\/\/claydondrill.com\/fr\/wp-json\/wp\/v2\/comments?post=87173"}],"version-history":[{"count":0,"href":"https:\/\/claydondrill.com\/fr\/wp-json\/wp\/v2\/pages\/87173\/revisions"}],"wp:attachment":[{"href":"https:\/\/claydondrill.com\/fr\/wp-json\/wp\/v2\/media?parent=87173"}],"curies":[{"name":"wp","href":"https:\/\/api.w.org\/{rel}","templated":true}]}}