{"id":87164,"date":"2020-07-24T09:03:54","date_gmt":"2020-07-24T09:03:54","guid":{"rendered":"https:\/\/claydondrill.com\/?page_id=87164"},"modified":"2026-02-17T14:35:24","modified_gmt":"2026-02-17T13:35:24","slug":"hybrid-t-trailed-drills","status":"publish","type":"page","link":"https:\/\/claydondrill.com\/fr\/hybrid-t-trailed-drills\/","title":{"rendered":"Hybrid T \u2013 SEMOIRS TRA\u00ceN\u00c9S"},"content":{"rendered":"<div class=\"wpb-content-wrapper\"><p>[vc_row][vc_column width=&#8221;1\/2&#8243;][vc_custom_heading text=&#8221;SEMOIRS TRA\u00ceN\u00c9S&#8221; use_theme_fonts=&#8221;yes&#8221;][\/vc_column][vc_column width=&#8221;1\/2&#8243;][\/vc_column][\/vc_row][vc_row el_class=&#8221;top_desc&#8221;][vc_column width=&#8221;1\/2&#8243;][vc_column_text]Polyvalents, flexibles, simples. Semez directement dans le chaume, un sol travaill\u00e9 au minimum ou une terre labour\u00e9e. La technologie de la dent de fissuration d\u00e9compacte le sol, y introduit de l\u2019air, l\u2019ameublit et le draine, afin de cr\u00e9er un environnement de d\u00e9veloppement id\u00e9al dans la zone de semis et d\u2019enracinement. Nombreuses options de barre d\u2019outils avant et arri\u00e8re, de soc de semis et de faible perturbation, pour chaque sc\u00e9nario de semis.[\/vc_column_text][\/vc_column][vc_column width=&#8221;1\/2&#8243; el_class=&#8221;frtlizer&#8221;][vc_single_image image=&#8221;106736&#8243; img_size=&#8221;full&#8221; css=&#8221;&#8221;][\/vc_column][\/vc_row][vc_row full_width=&#8221;stretch_row&#8221; css=&#8221;.vc_custom_1595581583637{margin-top: 0px !important;margin-right: 0px !important;margin-bottom: 0px !important;margin-left: 0px !important;padding-top: 75px !important;padding-bottom: 0px !important;}&#8221; el_class=&#8221;services2 home_cat&#8221;][vc_column css=&#8221;.vc_custom_1460369393337{padding-top: 0px !important;padding-bottom: 0px !important;}&#8221;][vc_row_inner el_class=&#8221;product_sec cat_list&#8221;][vc_column_inner width=&#8221;1\/3&#8243;][vc_single_image image=&#8221;82450&#8243; img_size=&#8221;full&#8221; alignment=&#8221;center&#8221;][vc_custom_heading text=&#8221;T4&#8243; font_container=&#8221;tag:h2|text_align:left|color:%23ca1f26&#8243; use_theme_fonts=&#8221;yes&#8221; css=&#8221;.vc_custom_1627975247331{margin-top: -20px !important;margin-bottom: 10px !important;}&#8221; el_class=&#8221;style5&#8243; link=&#8221;url:https%3A%2F%2Fclaydondrill.com%2Ffr%2Fproduct%2Fhybrid-t4%2F|||&#8221;][thememove_button text=&#8221;READ MORE&#8221; url=&#8221;https:\/\/claydondrill.com\/fr\/product\/hybrid-t4\/&#8221; icon=&#8221;fa-arrow-right&#8221;][\/vc_column_inner][vc_column_inner width=&#8221;1\/3&#8243;][vc_single_image image=&#8221;82202&#8243; img_size=&#8221;full&#8221; alignment=&#8221;center&#8221;][vc_custom_heading text=&#8221;T4.8&#8243; font_container=&#8221;tag:h2|text_align:left|color:%23ca1f26&#8243; use_theme_fonts=&#8221;yes&#8221; css=&#8221;.vc_custom_1762521339352{margin-top: -20px !important;margin-bottom: 10px !important;}&#8221; el_class=&#8221;style5&#8243; link=&#8221;url:https%3A%2F%2Fclaydondrill.com%2Ffr%2Fproduct%2Fhybrid-t4-8&#8243;][thememove_button text=&#8221;READ MORE&#8221; url=&#8221;https:\/\/claydondrill.com\/fr\/product\/hybrid-t4-8&#8243; icon=&#8221;fa-arrow-right&#8221;][\/vc_column_inner][vc_column_inner width=&#8221;1\/3&#8243;][vc_single_image image=&#8221;82204&#8243; img_size=&#8221;full&#8221; alignment=&#8221;center&#8221;][vc_custom_heading text=&#8221;T6c&#8221; font_container=&#8221;tag:h2|text_align:left|color:%23ca1f26&#8243; use_theme_fonts=&#8221;yes&#8221; css=&#8221;.vc_custom_1627975319979{margin-top: -20px !important;margin-bottom: 10px !important;}&#8221; el_class=&#8221;style5&#8243; link=&#8221;url:https%3A%2F%2Fclaydondrill.com%2Ffr%2Fproduct%2Fhybrid-t6c%2F|||&#8221;][thememove_button text=&#8221;READ MORE&#8221; url=&#8221;https:\/\/claydondrill.com\/fr\/product\/hybrid-t6c\/&#8221; icon=&#8221;fa-arrow-right&#8221;][\/vc_column_inner][\/vc_row_inner][vc_row_inner el_class=&#8221;product_sec cat_list&#8221;][vc_column_inner width=&#8221;1\/3&#8243;][vc_single_image image=&#8221;106762&#8243; img_size=&#8221;full&#8221; alignment=&#8221;center&#8221; css=&#8221;&#8221;][vc_custom_heading text=&#8221;T6&#8243; font_container=&#8221;tag:h2|text_align:left|color:%23ca1f26&#8243; use_theme_fonts=&#8221;yes&#8221; css=&#8221;.vc_custom_1627975353626{margin-top: -20px !important;margin-bottom: 10px !important;}&#8221; el_class=&#8221;style5&#8243; link=&#8221;url:https%3A%2F%2Fclaydondrill.com%2Ffr%2Fproduct%2Fhybrid-t6%2F|||&#8221;][thememove_button text=&#8221;READ MORE&#8221; url=&#8221;https:\/\/claydondrill.com\/fr\/product\/hybrid-t6\/&#8221; icon=&#8221;fa-arrow-right&#8221;][\/vc_column_inner][vc_column_inner width=&#8221;1\/3&#8243;][vc_single_image image=&#8221;82492&#8243; img_size=&#8221;full&#8221; alignment=&#8221;center&#8221;][vc_custom_heading text=&#8221;T8&#8243; font_container=&#8221;tag:h2|text_align:left|color:%23ca1f26&#8243; use_theme_fonts=&#8221;yes&#8221; css=&#8221;.vc_custom_1627975391107{margin-top: -20px !important;margin-bottom: 10px !important;}&#8221; el_class=&#8221;style5&#8243; link=&#8221;url:https%3A%2F%2Fclaydondrill.com%2Ffr%2Fproduct%2Fhybrid-t8%2F|||&#8221;][thememove_button text=&#8221;READ MORE&#8221; url=&#8221;https:\/\/claydondrill.com\/fr\/product\/hybrid-t8\/&#8221; icon=&#8221;fa-arrow-right&#8221;][\/vc_column_inner][vc_column_inner width=&#8221;1\/3&#8243;][\/vc_column_inner][\/vc_row_inner][\/vc_column][\/vc_row]<\/p>\n<\/div>","protected":false},"excerpt":{"rendered":"<p>[vc_row][vc_column width=&#8221;1\/2&#8243;][vc_custom_heading text=&#8221;SEMOIRS TRA\u00ceN\u00c9S&#8221; use_theme_fonts=&#8221;yes&#8221;][\/vc_column][vc_column width=&#8221;1\/2&#8243;][\/vc_column][\/vc_row][vc_row el_class=&#8221;top_desc&#8221;][vc_column width=&#8221;1\/2&#8243;][vc_column_text]Polyvalents, flexibles, simples. Semez directement dans le chaume, un sol travaill\u00e9 au minimum<\/p>\n","protected":false},"author":1,"featured_media":0,"parent":0,"menu_order":0,"comment_status":"closed","ping_status":"closed","template":"","meta":{"inline_featured_image":false,"footnotes":""},"class_list":["post-87164","page","type-page","status-publish","hentry"],"yoast_head":"<!-- This site is optimized with the Yoast SEO plugin v27.1.1 - https:\/\/yoast.com\/product\/yoast-seo-wordpress\/ -->\n<title>Semoirs Directs Hybrid T train\u00e9 \u2013 Claydon Drill<\/title>\n<meta name=\"description\" content=\"Besoin d\u2019un Semoir \u00e0 Dents Hybrid T train\u00e9 ? Nos semoirs train\u00e9s maniables sont incroyablement polyvalents. D\u00e9couvrez nos Semoirs train\u00e9s d\u00e8s maintenant. En savoir plus.\" \/>\n<meta name=\"robots\" content=\"index, follow, max-snippet:-1, max-image-preview:large, max-video-preview:-1\" \/>\n<link rel=\"canonical\" href=\"https:\/\/claydondrill.com\/fr\/hybrid-t-trailed-drills\/\" \/>\n<meta property=\"og:locale\" content=\"fr_FR\" \/>\n<meta property=\"og:type\" content=\"article\" \/>\n<meta property=\"og:title\" content=\"Semoirs Directs Hybrid T train\u00e9 \u2013 Claydon Drill\" \/>\n<meta property=\"og:description\" content=\"Besoin d\u2019un Semoir \u00e0 Dents Hybrid T train\u00e9 ? Nos semoirs train\u00e9s maniables sont incroyablement polyvalents. D\u00e9couvrez nos Semoirs train\u00e9s d\u00e8s maintenant. En savoir plus.\" \/>\n<meta property=\"og:url\" content=\"https:\/\/claydondrill.com\/fr\/hybrid-t-trailed-drills\/\" \/>\n<meta property=\"og:site_name\" content=\"Claydon Drill Seed\" \/>\n<meta property=\"article:modified_time\" content=\"2026-02-17T13:35:24+00:00\" \/>\n<meta name=\"twitter:card\" content=\"summary_large_image\" \/>\n<meta name=\"twitter:label1\" content=\"Dur\u00e9e de lecture estim\u00e9e\" \/>\n\t<meta name=\"twitter:data1\" content=\"1 minute\" \/>\n<script type=\"application\/ld+json\" class=\"yoast-schema-graph\">{\"@context\":\"https:\/\/schema.org\",\"@graph\":[{\"@type\":\"WebPage\",\"@id\":\"https:\/\/claydondrill.com\/fr\/hybrid-t-trailed-drills\/\",\"url\":\"https:\/\/claydondrill.com\/fr\/hybrid-t-trailed-drills\/\",\"name\":\"Semoirs Directs Hybrid T train\u00e9 \u2013 Claydon Drill\",\"isPartOf\":{\"@id\":\"https:\/\/claydondrill.com\/fr\/#website\"},\"datePublished\":\"2020-07-24T09:03:54+00:00\",\"dateModified\":\"2026-02-17T13:35:24+00:00\",\"description\":\"Besoin d\u2019un Semoir \u00e0 Dents Hybrid T train\u00e9 ? Nos semoirs train\u00e9s maniables sont incroyablement polyvalents. D\u00e9couvrez nos Semoirs train\u00e9s d\u00e8s maintenant. En savoir plus.\",\"breadcrumb\":{\"@id\":\"https:\/\/claydondrill.com\/fr\/hybrid-t-trailed-drills\/#breadcrumb\"},\"inLanguage\":\"fr-FR\",\"potentialAction\":[{\"@type\":\"ReadAction\",\"target\":[\"https:\/\/claydondrill.com\/fr\/hybrid-t-trailed-drills\/\"]}]},{\"@type\":\"BreadcrumbList\",\"@id\":\"https:\/\/claydondrill.com\/fr\/hybrid-t-trailed-drills\/#breadcrumb\",\"itemListElement\":[{\"@type\":\"ListItem\",\"position\":1,\"name\":\"Home\",\"item\":\"https:\/\/claydondrill.com\/fr\/\"},{\"@type\":\"ListItem\",\"position\":2,\"name\":\"Hybrid T \u2013 SEMOIRS TRA\u00ceN\u00c9S\"}]},{\"@type\":\"WebSite\",\"@id\":\"https:\/\/claydondrill.com\/fr\/#website\",\"url\":\"https:\/\/claydondrill.com\/fr\/\",\"name\":\"Claydon Drill Seed\",\"description\":\"\",\"potentialAction\":[{\"@type\":\"SearchAction\",\"target\":{\"@type\":\"EntryPoint\",\"urlTemplate\":\"https:\/\/claydondrill.com\/fr\/?s={search_term_string}\"},\"query-input\":{\"@type\":\"PropertyValueSpecification\",\"valueRequired\":true,\"valueName\":\"search_term_string\"}}],\"inLanguage\":\"fr-FR\"}]}<\/script>\n<!-- \/ Yoast SEO plugin. -->","yoast_head_json":{"title":"Semoirs Directs Hybrid T train\u00e9 \u2013 Claydon Drill","description":"Besoin d\u2019un Semoir \u00e0 Dents Hybrid T train\u00e9 ? Nos semoirs train\u00e9s maniables sont incroyablement polyvalents. D\u00e9couvrez nos Semoirs train\u00e9s d\u00e8s maintenant. En savoir plus.","robots":{"index":"index","follow":"follow","max-snippet":"max-snippet:-1","max-image-preview":"max-image-preview:large","max-video-preview":"max-video-preview:-1"},"canonical":"https:\/\/claydondrill.com\/fr\/hybrid-t-trailed-drills\/","og_locale":"fr_FR","og_type":"article","og_title":"Semoirs Directs Hybrid T train\u00e9 \u2013 Claydon Drill","og_description":"Besoin d\u2019un Semoir \u00e0 Dents Hybrid T train\u00e9 ? Nos semoirs train\u00e9s maniables sont incroyablement polyvalents. D\u00e9couvrez nos Semoirs train\u00e9s d\u00e8s maintenant. En savoir plus.","og_url":"https:\/\/claydondrill.com\/fr\/hybrid-t-trailed-drills\/","og_site_name":"Claydon Drill Seed","article_modified_time":"2026-02-17T13:35:24+00:00","twitter_card":"summary_large_image","twitter_misc":{"Dur\u00e9e de lecture estim\u00e9e":"1 minute"},"schema":{"@context":"https:\/\/schema.org","@graph":[{"@type":"WebPage","@id":"https:\/\/claydondrill.com\/fr\/hybrid-t-trailed-drills\/","url":"https:\/\/claydondrill.com\/fr\/hybrid-t-trailed-drills\/","name":"Semoirs Directs Hybrid T train\u00e9 \u2013 Claydon Drill","isPartOf":{"@id":"https:\/\/claydondrill.com\/fr\/#website"},"datePublished":"2020-07-24T09:03:54+00:00","dateModified":"2026-02-17T13:35:24+00:00","description":"Besoin d\u2019un Semoir \u00e0 Dents Hybrid T train\u00e9 ? Nos semoirs train\u00e9s maniables sont incroyablement polyvalents. D\u00e9couvrez nos Semoirs train\u00e9s d\u00e8s maintenant. En savoir plus.","breadcrumb":{"@id":"https:\/\/claydondrill.com\/fr\/hybrid-t-trailed-drills\/#breadcrumb"},"inLanguage":"fr-FR","potentialAction":[{"@type":"ReadAction","target":["https:\/\/claydondrill.com\/fr\/hybrid-t-trailed-drills\/"]}]},{"@type":"BreadcrumbList","@id":"https:\/\/claydondrill.com\/fr\/hybrid-t-trailed-drills\/#breadcrumb","itemListElement":[{"@type":"ListItem","position":1,"name":"Home","item":"https:\/\/claydondrill.com\/fr\/"},{"@type":"ListItem","position":2,"name":"Hybrid T \u2013 SEMOIRS TRA\u00ceN\u00c9S"}]},{"@type":"WebSite","@id":"https:\/\/claydondrill.com\/fr\/#website","url":"https:\/\/claydondrill.com\/fr\/","name":"Claydon Drill Seed","description":"","potentialAction":[{"@type":"SearchAction","target":{"@type":"EntryPoint","urlTemplate":"https:\/\/claydondrill.com\/fr\/?s={search_term_string}"},"query-input":{"@type":"PropertyValueSpecification","valueRequired":true,"valueName":"search_term_string"}}],"inLanguage":"fr-FR"}]}},"_links":{"self":[{"href":"https:\/\/claydondrill.com\/fr\/wp-json\/wp\/v2\/pages\/87164","targetHints":{"allow":["GET"]}}],"collection":[{"href":"https:\/\/claydondrill.com\/fr\/wp-json\/wp\/v2\/pages"}],"about":[{"href":"https:\/\/claydondrill.com\/fr\/wp-json\/wp\/v2\/types\/page"}],"author":[{"embeddable":true,"href":"https:\/\/claydondrill.com\/fr\/wp-json\/wp\/v2\/users\/1"}],"replies":[{"embeddable":true,"href":"https:\/\/claydondrill.com\/fr\/wp-json\/wp\/v2\/comments?post=87164"}],"version-history":[{"count":2,"href":"https:\/\/claydondrill.com\/fr\/wp-json\/wp\/v2\/pages\/87164\/revisions"}],"predecessor-version":[{"id":107015,"href":"https:\/\/claydondrill.com\/fr\/wp-json\/wp\/v2\/pages\/87164\/revisions\/107015"}],"wp:attachment":[{"href":"https:\/\/claydondrill.com\/fr\/wp-json\/wp\/v2\/media?parent=87164"}],"curies":[{"name":"wp","href":"https:\/\/api.w.org\/{rel}","templated":true}]}}