{"id":87159,"date":"2020-08-25T09:30:41","date_gmt":"2020-08-25T09:30:41","guid":{"rendered":"https:\/\/claydondrill.com\/?page_id=87159"},"modified":"2025-04-08T13:18:47","modified_gmt":"2025-04-08T13:18:47","slug":"zero-till-lower-disturbance","status":"publish","type":"page","link":"https:\/\/claydondrill.com\/fr\/zero-till-lower-disturbance\/","title":{"rendered":"NON-LABOUR ET FAIBLE PERTURBATION (LD)"},"content":{"rendered":"<div class=\"wpb-content-wrapper\"><p>[vc_row][vc_column width=&#8221;1\/2&#8243;][vc_column_text]Pour ceux qui veulent minimiser la perturbation du sol avec un semoir Hybrid, il existe la configuration \u00e0 faible perturbation (LD pour \u00ab\u00a0Lower Disturbance\u00a0\u00bb). Le kit LD s\u00e8me directement dans le chaume, les cultures de couverture, les p\u00e2turages et les r\u00e9sidus \u00e9pais.\u00a0 Il peut \u00eatre install\u00e9 sur les nouvelles machines avant l\u2019achat ou mont\u00e9 en rattrapage.\u00a0 Au lieu d\u2019acheter un nouveau semoir, achetez un nouveau kit LD de Claydon.[\/vc_column_text][\/vc_column][vc_column width=&#8221;1\/2&#8243;][vc_video link=&#8221;https:\/\/vimeo.com\/443084262&#8243;][\/vc_column][\/vc_row][vc_row][vc_column width=&#8221;1\/2&#8243;][vc_single_image image=&#8221;82765&#8243; img_size=&#8221;full&#8221;][\/vc_column][vc_column width=&#8221;1\/2&#8243;][vc_custom_heading text=&#8221;Double dent&#8221; use_theme_fonts=&#8221;yes&#8221;][vc_column_text]Le premier \u00e9l\u00e9ment du kit LD est la double dent, compos\u00e9e de deux pointes espac\u00e9es de 15 mm, avec deux lames de ressort originales, qui augmentent la r\u00e9sistance lat\u00e9rale pour renforcer la pr\u00e9cision de la profondeur de semis. Le faible ameublissement cr\u00e9\u00e9 garantit un bon contact entre la semence et le sol. Il est possible d\u2019ajouter de l\u2019engrais derri\u00e8re les dents semeuses, par le biais de la dent de fertilisation avant ou en surface, entre les deux dents. Les doubles dents <span class=\"HwtZe\" lang=\"fr\"><span class=\"jCAhz ChMk0b\"><span class=\"ryNqvb\">sement dans des espacements d&#8217;environ 7,5 cm de chaque c\u00f4t\u00e9 du centre de la dent avant.<\/span><\/span><\/span>[\/vc_column_text][\/vc_column][\/vc_row][vc_row][vc_column width=&#8221;1\/2&#8243;][vc_custom_heading text=&#8221;Doubles disques de coupe&#8221; use_theme_fonts=&#8221;yes&#8221;][vc_column_text]Les doubles disques r\u00e9duisent la perturbation du sol en tranchant les r\u00e9sidus \u00e9pais et en p\u00e9n\u00e9trant dans le sol avant que les dents cr\u00e9ent le sillon de semis. L\u2019utilisation d\u2019une dent derri\u00e8re les disques r\u00e9duit le risque de pi\u00e9geage des r\u00e9sidus.[\/vc_column_text][vc_single_image image=&#8221;82771&#8243; img_size=&#8221;full&#8221;][\/vc_column][vc_column width=&#8221;1\/2&#8243;][vc_single_image image=&#8221;82775&#8243; img_size=&#8221;full&#8221; add_caption=&#8221;yes&#8221;][vc_column_text]Les disques mesurent 381\u00a0mm de diam\u00e8tre et leur profondeur de p\u00e9n\u00e9tration dans le sol peut \u00eatre r\u00e9gl\u00e9e entre 25\u00a0mm et 70\u00a0mm, le meilleur r\u00e9glage \u00e9tant la profondeur de la dent semeuse. Des nettoyeurs amovibles sont install\u00e9s en s\u00e9rie pour pr\u00e9server la propret\u00e9 des disques.\u00a0 Vous avez le choix entre des disques lisse, pour remuer le sol le moins possible, ou des Spiradisks, qui l\u2019ameublissent un peu plus et qui auront plus de motricit.<\/p>\n<p>&nbsp;<\/p>\n<p>[\/vc_column_text][\/vc_column][\/vc_row][vc_row][vc_column][vc_custom_heading text=&#8221;\u00c9change&#8221; use_theme_fonts=&#8221;yes&#8221;][vc_column_text]Il est facile de remplacer rapidement la configuration standard de strip-till direct Claydon par l\u2019option LD.\u00a0\u00a0 D\u00e9vissez les trois boulons retenant le soc en A et vissez la nouvelle dent double LD.\u00a0 Retirez les goupilles qui retiennent la dent de fissuration standard et ins\u00e9rez les doubles disques LD.<\/p>\n<p>Parfois, le travail \u00e0 faible perturbation ou le non-labour ne sont pas adapt\u00e9s ou pas possibles, par exemple lorsque le temps est tr\u00e8s humide ou tr\u00e8s sec.\u00a0 Revenez alors \u00e0 la configuration standard de la dent de fissuration Claydon et vous pourrez de nouveau semer.\u00a0 En fonction de l\u2019ameublissement et de la configuration voulue, le kit de double dent peut \u00e9galement \u00eatre mont\u00e9 avec la dent avant de fissuration, la dent avant de fertilisation et le disque avant de coupe Claydon.<\/p>\n<p>Adressez-vous \u00e0 nos conseillers, qui vous aideront \u00e0 trouver la configuration la plus adapt\u00e9e \u00e0 vos besoins. Le semoir Hybrid peut vraiment tout faire.[\/vc_column_text][\/vc_column][\/vc_row][vc_row][vc_column width=&#8221;1\/2&#8243;][vc_video link=&#8221;https:\/\/vimeo.com\/439159012&#8243;][\/vc_column][vc_column width=&#8221;1\/2&#8243;][vc_video link=&#8221;https:\/\/vimeo.com\/471299724&#8243;][\/vc_column][\/vc_row][vc_row full_width=&#8221;stretch_row&#8221;][vc_column][vc_gallery type=&#8221;image_grid&#8221; images=&#8221;82777,82776,82773,82769,82774,82770&#8243; img_size=&#8221;375&#215;275&#8243;][\/vc_column][\/vc_row][vc_row][vc_column width=&#8221;1\/4&#8243;][vc_custom_heading text=&#8221;Couvert v\u00e9g\u00e9taux et r\u00e9sidus \u00e9pais&#8221; use_theme_fonts=&#8221;yes&#8221;][vc_column_text]La configuration LD convient particuli\u00e8rement au semis dans des <strong>couvert v\u00e9g\u00e9taux<\/strong> et des r\u00e9sidus \u00e9pais.\u00a0 Des disques uniques peuvent \u00e9galement \u00eatre utilis\u00e9s, comme le montre la vid\u00e9o tourn\u00e9e dans le comt\u00e9 de Durham, au Royaume-Uni, dans laquelle notre client a remarqu\u00e9 des am\u00e9liorations importantes de la structure du sol et une diminution de l\u2019\u00e9rosion depuis qu\u2019il utilise le syst\u00e8me Claydon et implante des <strong>couvert v\u00e9g\u00e9taux<\/strong>.<\/p>\n<p>&nbsp;<\/p>\n<p>[\/vc_column_text][\/vc_column][vc_column width=&#8221;3\/4&#8243;][vc_video link=&#8221;https:\/\/vimeo.com\/379260662&#8243;][\/vc_column][\/vc_row][vc_row][vc_column][vc_column_text]Le disque unique sert \u00e0 semer le bl\u00e9 dans cette p\u00e2ture temporaire du centre du Royaume-Uni. Il s\u2019agit du m\u00eame champ, avant le semis et apr\u00e8s la lev\u00e9e.[\/vc_column_text][vc_gallery type=&#8221;image_grid&#8221; images=&#8221;82813,82809,82808&#8243; img_size=&#8221;375&#215;275&#8243;][\/vc_column][\/vc_row][vc_row][vc_column width=&#8221;1\/3&#8243;][vc_column_text]La dent de fissuration standard peut \u00e9galement servir \u00e0 semer dans des cultures de couverture, comme on le voit dans ces champs pr\u00e8s de D\u00fcsseldorf, en Allemagne.\u00a0 Le semis a eu lieu en automne et la photo de suivi de la culture a \u00e9t\u00e9 prise peu avant No\u00ebl.[\/vc_column_text][\/vc_column][vc_column width=&#8221;1\/3&#8243;][vc_single_image image=&#8221;82810&#8243; img_size=&#8221;full&#8221;][\/vc_column][vc_column width=&#8221;1\/3&#8243;][vc_single_image image=&#8221;82811&#8243; img_size=&#8221;full&#8221;][\/vc_column][\/vc_row]<\/p>\n<\/div>","protected":false},"excerpt":{"rendered":"<p>[vc_row][vc_column width=&#8221;1\/2&#8243;][vc_column_text]Pour ceux qui veulent minimiser la perturbation du sol avec un semoir Hybrid, il existe la configuration \u00e0 faible<\/p>\n","protected":false},"author":1,"featured_media":0,"parent":0,"menu_order":0,"comment_status":"closed","ping_status":"closed","template":"","meta":{"inline_featured_image":false,"footnotes":""},"class_list":["post-87159","page","type-page","status-publish","hentry"],"yoast_head":"<!-- This site is optimized with the Yoast SEO plugin v27.1.1 - https:\/\/yoast.com\/product\/yoast-seo-wordpress\/ -->\n<title>Sans labour, moins de perturbations \u2013 Kits de semis Claydon<\/title>\n<meta name=\"description\" content=\"R\u00e9duisez la perturbation du sol avec le kit LD Claydon pour semoirs. Atteignez l\u2019efficacit\u00e9 du semis direct avec les machines agricoles Opti-Till\u00ae. D\u00e9couvrez-en plus ici!\" \/>\n<meta name=\"robots\" content=\"index, follow, max-snippet:-1, max-image-preview:large, max-video-preview:-1\" \/>\n<link rel=\"canonical\" href=\"https:\/\/claydondrill.com\/fr\/zero-till-lower-disturbance\/\" \/>\n<meta property=\"og:locale\" content=\"fr_FR\" \/>\n<meta property=\"og:type\" content=\"article\" \/>\n<meta property=\"og:title\" content=\"Sans labour, moins de perturbations \u2013 Kits de semis Claydon\" \/>\n<meta property=\"og:description\" content=\"R\u00e9duisez la perturbation du sol avec le kit LD Claydon pour semoirs. Atteignez l\u2019efficacit\u00e9 du semis direct avec les machines agricoles Opti-Till\u00ae. D\u00e9couvrez-en plus ici!\" \/>\n<meta property=\"og:url\" content=\"https:\/\/claydondrill.com\/fr\/zero-till-lower-disturbance\/\" \/>\n<meta property=\"og:site_name\" content=\"Claydon Drill Seed\" \/>\n<meta property=\"article:modified_time\" content=\"2025-04-08T13:18:47+00:00\" \/>\n<meta name=\"twitter:card\" content=\"summary_large_image\" \/>\n<meta name=\"twitter:label1\" content=\"Dur\u00e9e de lecture estim\u00e9e\" \/>\n\t<meta name=\"twitter:data1\" content=\"3 minutes\" \/>\n<script type=\"application\/ld+json\" class=\"yoast-schema-graph\">{\"@context\":\"https:\/\/schema.org\",\"@graph\":[{\"@type\":\"WebPage\",\"@id\":\"https:\/\/claydondrill.com\/fr\/zero-till-lower-disturbance\/\",\"url\":\"https:\/\/claydondrill.com\/fr\/zero-till-lower-disturbance\/\",\"name\":\"Sans labour, moins de perturbations \u2013 Kits de semis Claydon\",\"isPartOf\":{\"@id\":\"https:\/\/claydondrill.com\/fr\/#website\"},\"datePublished\":\"2020-08-25T09:30:41+00:00\",\"dateModified\":\"2025-04-08T13:18:47+00:00\",\"description\":\"R\u00e9duisez la perturbation du sol avec le kit LD Claydon pour semoirs. Atteignez l\u2019efficacit\u00e9 du semis direct avec les machines agricoles Opti-Till\u00ae. D\u00e9couvrez-en plus ici!\",\"breadcrumb\":{\"@id\":\"https:\/\/claydondrill.com\/fr\/zero-till-lower-disturbance\/#breadcrumb\"},\"inLanguage\":\"fr-FR\",\"potentialAction\":[{\"@type\":\"ReadAction\",\"target\":[\"https:\/\/claydondrill.com\/fr\/zero-till-lower-disturbance\/\"]}]},{\"@type\":\"BreadcrumbList\",\"@id\":\"https:\/\/claydondrill.com\/fr\/zero-till-lower-disturbance\/#breadcrumb\",\"itemListElement\":[{\"@type\":\"ListItem\",\"position\":1,\"name\":\"Home\",\"item\":\"https:\/\/claydondrill.com\/fr\/\"},{\"@type\":\"ListItem\",\"position\":2,\"name\":\"NON-LABOUR ET FAIBLE PERTURBATION (LD)\"}]},{\"@type\":\"WebSite\",\"@id\":\"https:\/\/claydondrill.com\/fr\/#website\",\"url\":\"https:\/\/claydondrill.com\/fr\/\",\"name\":\"Claydon Drill Seed\",\"description\":\"\",\"potentialAction\":[{\"@type\":\"SearchAction\",\"target\":{\"@type\":\"EntryPoint\",\"urlTemplate\":\"https:\/\/claydondrill.com\/fr\/?s={search_term_string}\"},\"query-input\":{\"@type\":\"PropertyValueSpecification\",\"valueRequired\":true,\"valueName\":\"search_term_string\"}}],\"inLanguage\":\"fr-FR\"}]}<\/script>\n<!-- \/ Yoast SEO plugin. -->","yoast_head_json":{"title":"Sans labour, moins de perturbations \u2013 Kits de semis Claydon","description":"R\u00e9duisez la perturbation du sol avec le kit LD Claydon pour semoirs. Atteignez l\u2019efficacit\u00e9 du semis direct avec les machines agricoles Opti-Till\u00ae. D\u00e9couvrez-en plus ici!","robots":{"index":"index","follow":"follow","max-snippet":"max-snippet:-1","max-image-preview":"max-image-preview:large","max-video-preview":"max-video-preview:-1"},"canonical":"https:\/\/claydondrill.com\/fr\/zero-till-lower-disturbance\/","og_locale":"fr_FR","og_type":"article","og_title":"Sans labour, moins de perturbations \u2013 Kits de semis Claydon","og_description":"R\u00e9duisez la perturbation du sol avec le kit LD Claydon pour semoirs. Atteignez l\u2019efficacit\u00e9 du semis direct avec les machines agricoles Opti-Till\u00ae. D\u00e9couvrez-en plus ici!","og_url":"https:\/\/claydondrill.com\/fr\/zero-till-lower-disturbance\/","og_site_name":"Claydon Drill Seed","article_modified_time":"2025-04-08T13:18:47+00:00","twitter_card":"summary_large_image","twitter_misc":{"Dur\u00e9e de lecture estim\u00e9e":"3 minutes"},"schema":{"@context":"https:\/\/schema.org","@graph":[{"@type":"WebPage","@id":"https:\/\/claydondrill.com\/fr\/zero-till-lower-disturbance\/","url":"https:\/\/claydondrill.com\/fr\/zero-till-lower-disturbance\/","name":"Sans labour, moins de perturbations \u2013 Kits de semis Claydon","isPartOf":{"@id":"https:\/\/claydondrill.com\/fr\/#website"},"datePublished":"2020-08-25T09:30:41+00:00","dateModified":"2025-04-08T13:18:47+00:00","description":"R\u00e9duisez la perturbation du sol avec le kit LD Claydon pour semoirs. Atteignez l\u2019efficacit\u00e9 du semis direct avec les machines agricoles Opti-Till\u00ae. D\u00e9couvrez-en plus ici!","breadcrumb":{"@id":"https:\/\/claydondrill.com\/fr\/zero-till-lower-disturbance\/#breadcrumb"},"inLanguage":"fr-FR","potentialAction":[{"@type":"ReadAction","target":["https:\/\/claydondrill.com\/fr\/zero-till-lower-disturbance\/"]}]},{"@type":"BreadcrumbList","@id":"https:\/\/claydondrill.com\/fr\/zero-till-lower-disturbance\/#breadcrumb","itemListElement":[{"@type":"ListItem","position":1,"name":"Home","item":"https:\/\/claydondrill.com\/fr\/"},{"@type":"ListItem","position":2,"name":"NON-LABOUR ET FAIBLE PERTURBATION (LD)"}]},{"@type":"WebSite","@id":"https:\/\/claydondrill.com\/fr\/#website","url":"https:\/\/claydondrill.com\/fr\/","name":"Claydon Drill Seed","description":"","potentialAction":[{"@type":"SearchAction","target":{"@type":"EntryPoint","urlTemplate":"https:\/\/claydondrill.com\/fr\/?s={search_term_string}"},"query-input":{"@type":"PropertyValueSpecification","valueRequired":true,"valueName":"search_term_string"}}],"inLanguage":"fr-FR"}]}},"_links":{"self":[{"href":"https:\/\/claydondrill.com\/fr\/wp-json\/wp\/v2\/pages\/87159","targetHints":{"allow":["GET"]}}],"collection":[{"href":"https:\/\/claydondrill.com\/fr\/wp-json\/wp\/v2\/pages"}],"about":[{"href":"https:\/\/claydondrill.com\/fr\/wp-json\/wp\/v2\/types\/page"}],"author":[{"embeddable":true,"href":"https:\/\/claydondrill.com\/fr\/wp-json\/wp\/v2\/users\/1"}],"replies":[{"embeddable":true,"href":"https:\/\/claydondrill.com\/fr\/wp-json\/wp\/v2\/comments?post=87159"}],"version-history":[{"count":0,"href":"https:\/\/claydondrill.com\/fr\/wp-json\/wp\/v2\/pages\/87159\/revisions"}],"wp:attachment":[{"href":"https:\/\/claydondrill.com\/fr\/wp-json\/wp\/v2\/media?parent=87159"}],"curies":[{"name":"wp","href":"https:\/\/api.w.org\/{rel}","templated":true}]}}