{"id":87148,"date":"2020-06-29T09:29:22","date_gmt":"2020-06-29T09:29:22","guid":{"rendered":"https:\/\/claydondrill.com\/soil\/"},"modified":"2024-11-04T13:31:49","modified_gmt":"2024-11-04T13:31:49","slug":"le-sol","status":"publish","type":"page","link":"https:\/\/claydondrill.com\/fr\/le-sol\/","title":{"rendered":"Le Sol <img src=\"https:\/\/claydondrill.com\/wp-content\/uploads\/2021\/02\/SOIL.png\"\/>"},"content":{"rendered":"<div class=\"wpb-content-wrapper\"><p>[vc_row][vc_column width=&#8221;1\/2&#8243;][vc_single_image image=&#8221;75238&#8243; img_size=&#8221;full&#8221;][\/vc_column][vc_column width=&#8221;1\/2&#8243;][vc_custom_heading text=&#8221;UNE HISTOIRE DES SOINS APPORT\u00c9S AU SOL&#8221; use_theme_fonts=&#8221;yes&#8221;][vc_column_text]Le syst\u00e8me Claydon de semis direct a \u00e9t\u00e9 invent\u00e9 en 2002, pour r\u00e9duire les co\u00fbts d\u2019implantation dans la ferme familiale de Claydon.\u00a0 Les b\u00e9n\u00e9fices \u00e9cologiques suppl\u00e9mentaires qu\u2019il apportait sont rapidement apparus. La sant\u00e9 et la structure du sol se sont am\u00e9lior\u00e9es, ce qui a eu un effet positif sur la sant\u00e9 et le rendement des cultures.\u00a0 La consommation de carburant a diminu\u00e9, car le meilleur \u00e9tat des sols facilitait le semis.\u00a0 Depuis pr\u00e8s de 20 ans, Claydon d\u00e9fend l\u2019importance du sol et de son maintien en bonne sant\u00e9.<\/p>\n<p>La sant\u00e9 du sol est un concept mondialement reconnu depuis quelques ann\u00e9es et les gouvernements l\u00e9gif\u00e8rent pour promouvoir les initiatives \u00e9cologiques.\u00a0 Depuis sa mise sur le march\u00e9 en 2003, la technologie de Claydon permet aux agriculteurs d\u2019atteindre leurs objectifs environnementaux et de prendre soin de leur sol. Les cultures sont ainsi durables, sans que le rendement et l\u2019environnement en souffrent.[\/vc_column_text][\/vc_column][\/vc_row][vc_row][vc_column width=&#8221;1\/2&#8243;][vc_column_text]<iframe style=\"width: 100%; height: 305px;\" src=\"https:\/\/player.vimeo.com\/video\/346806204?title=0&amp;byline=0&amp;portrait=0\" frameborder=\"0\" allowfullscreen=\"allowfullscreen\"><\/iframe>[\/vc_column_text][\/vc_column][vc_column width=&#8221;1\/2&#8243;][vc_custom_heading text=&#8221;QUEL EST L\u2019\u00c9TAT DE SANT\u00c9 DE VOTRE SOL ?&#8221; use_theme_fonts=&#8221;yes&#8221;][vc_column_text]Les sols en mauvaise sant\u00e9 se d\u00e9litent tr\u00e8s rapidement lorsqu\u2019ils sont d\u00e9tremp\u00e9s, parce qu\u2019ils manquent des liants naturels qui devraient pr\u00e9server leur int\u00e9grit\u00e9. Les pores du sol et les galeries des lombrics se bouchent, ce qui peut provoquer un engorgement par temps de pluie, puis l\u2019\u00e9rosion et la perte de la couche arable.\u00a0 \u00c0 l\u2019inverse, par temps tr\u00e8s sec, l\u2019\u00e9rosion peut venir du vent, ce qui est tout aussi dommageable.<\/p>\n<p>Hutchinsons, le sp\u00e9cialiste britannique de la production de cultures, a men\u00e9 un test de d\u00e9litement sur l\u2019exploitation de Claydon pour \u00e9valuer la sant\u00e9 du sol.\u00a0 Voici comment il s\u2019y prend.[\/vc_column_text][\/vc_column][\/vc_row][vc_row][vc_column width=&#8221;1\/4&#8243;][vc_single_image image=&#8221;87430&#8243; img_size=&#8221;full&#8221;][\/vc_column][vc_column width=&#8221;1\/2&#8243;][vc_column_text]Elle comporte des contributions d\u2019experts de premier plan.\u00a0\u00a0 Le Dr Elizabeth Stockdale, directrice de recherche en syst\u00e8mes agricoles chez NIAB, discute des b\u00e9n\u00e9fices d\u2019une bonne structure du sol, de la mani\u00e8re dont elle peut \u00eatre endommag\u00e9e et de la fa\u00e7on de l\u2019am\u00e9liorer,<\/p>\n<p>J\u00e9r\u00f4me Vasseur de Jouffray Drillaud parle des b\u00e9n\u00e9fices des cultures de couverture et indique comment les utiliser au mieux.\u00a0 Gordon Brookes de Michelin explique quant \u00e0 lui comment choisir les pneus pour r\u00e9duire le compactage du sol.<\/p>\n<p>Avec n\u2019importe quel syst\u00e8me d\u2019\u00e9tablissement des cultures, il est essentiel d\u2019avoir une bonne structure de sol en profondeur. Professeur invit\u00e9 Dick Godwin (Harper Adams University, R.U.) parle quand on utilise le sous-soulage &#8211; et quand l&#8217;\u00e9viter &#8211; voir <em><strong><a href=\"https:\/\/claydondrill.com\/wp-content\/uploads\/2022\/10\/CLS499-Subsoiling-2pp-FR.pdf\">SOUS-SOLAGE<\/a>.<\/strong><\/em><\/p>\n<p>\u201cL\u2019abondance et la surabondance d\u2019eau est un frein important au d\u00e9veloppement de la production&#8221; selon Rob Burtonshaw; il revient sur l\u2019\u00e9volution du drainage et explique comment les technologies mod\u00e8les permettent d\u2019am\u00e9liorer son rapport co\u00fbt-efficacit\u00e9 et de le rendre plus accessible &#8211; voir <a href=\"https:\/\/claydondrill.com\/wp-content\/uploads\/2022\/10\/CLS499-Drainage-2pp-FR.pdf\"><em><strong>DRAINAGE.<\/strong><\/em><\/a>[\/vc_column_text][vc_btn title=&#8221;T\u00c9L\u00c9CHARGER LA BROCHURE&#8221; link=&#8221;url:https%3A%2F%2Fclaydondrill.com%2Fdownloads%2F|||&#8221;][\/vc_column][vc_column width=&#8221;1\/4&#8243;][vc_single_image image=&#8221;82898&#8243; add_caption=&#8221;yes&#8221; alignment=&#8221;center&#8221;][vc_column_text]<\/p>\n<h6>Le Dr Elizabeth Stockdale dans l\u2019exploitation de Claydon, dans le Suffolk (Angleterre)<\/h6>\n<p>[\/vc_column_text][\/vc_column][\/vc_row][vc_row][vc_column width=&#8221;1\/2&#8243;][vc_single_image image=&#8221;82903&#8243; img_size=&#8221;full&#8221;][\/vc_column][vc_column width=&#8221;1\/2&#8243;][vc_custom_heading text=&#8221;COMPARAISON DES M\u00c9THODES D\u2019IMPLANTATION&#8221; use_theme_fonts=&#8221;yes&#8221;][vc_column_text]<\/p>\n<h4><strong>Labourage<\/strong><\/h4>\n<p>Le labourage (&#8220;plough&#8221;) est co\u00fbteux, \u00e0 la fois sur le plan financier et sur le plan \u00e9cologique.\u00a0 Il n\u00e9cessite des interventions culturales suppl\u00e9mentaires et augmente la consommation de carburant.\u00a0 Le sol est retourn\u00e9, ce qui lib\u00e8re de l\u2019humidit\u00e9 et du CO<sub>2<\/sub> dans l\u2019atmosph\u00e8re.\u00a0 Le labourage \u00e9puise la mati\u00e8re organique, min\u00e9ralise l\u2019azote et r\u00e9duit la vie du sol.\u00a0 La structure naturelle du sol est d\u00e9truite et ne peut plus supporter le poids d\u2019engins lourds. Cela peut entra\u00eener un tassement et laisser des traces de roues.\u00a0 Le labourage augmente le risque d\u2019\u00e9rosion par le vent et l\u2019eau.[\/vc_column_text][vc_column_text]<\/p>\n<h4><strong>Travail minimal du sol<\/strong><\/h4>\n<p>Au lieu de retourner le sol, le travail minimal implique plusieurs interventions de faible profondeur. Ces interventions entament elles aussi la structure naturelle et la biologie du sol et peuvent provoquer un compactage et un engorgement. Le travail minimal du sol m\u00e9lange les graines d\u2019adventices dans tout le profil de sol, ce qui leur permet de germer sur une longue p\u00e9riode, pendant plusieurs saisons. Le stock semencier ne diminue pas. Le travail minimal du sol peut \u00e9galement d\u00e9shydrater le sol.[\/vc_column_text][\/vc_column][\/vc_row][vc_row][vc_column width=&#8221;1\/2&#8243;][vc_single_image image=&#8221;87462&#8243; img_size=&#8221;full&#8221;][\/vc_column][vc_column width=&#8221;1\/2&#8243;][vc_custom_heading text=&#8221;CLAYDON Opti-Till\u00ae&#8221; use_theme_fonts=&#8221;yes&#8221;][vc_column_text]La technologie des dents de fissuration est au c\u0153ur du syst\u00e8me Opti-Till\u00ae. Les dents de fissuration d\u00e9compactent le sol, mais uniquement \u00e0 l\u2019endroit n\u00e9cessaire, autrement dit, dans la zone de semis (A) et d\u2019enracinement (B). Les bandes situ\u00e9es entre les rangs sem\u00e9s demeurent intactes. La dent avant d\u00e9compacte et a\u00e8re le sol, en cr\u00e9ant une couche ameublie et friable qui constitue un environnement propice \u00e0 la germination et au d\u00e9veloppement de racines solides et profondes, capables de puiser dans l\u2019humidit\u00e9 des bandes de sol non remani\u00e9.<\/p>\n<p>La dent de fissuration brise \u00e9galement le compactage superficiel, afin de r\u00e9tablir l\u2019\u00e9quilibre entre eau et air dans le sol et assurer un bon drainage de la zone d\u2019enracinement. Cela a pour effet d\u2019\u00e9liminer toute accumulation d\u2019eau \u00e0 la fin de l\u2019automne et au cours de l\u2019hiver.<\/p>\n<p>Les populations de lombrics (C) prosp\u00e8rent et leurs galeries aident \u00e0 drainer la terre.[\/vc_column_text][\/vc_column][\/vc_row][vc_row][vc_column width=&#8221;1\/2&#8243;][vc_single_image image=&#8221;82875&#8243; img_size=&#8221;full&#8221;][\/vc_column][vc_column width=&#8221;1\/2&#8243;][vc_column_text]L\u2019humidit\u00e9 reste dans le sol non remani\u00e9, \u00e0 la disposition de la culture. Les populations de lombrics prosp\u00e8rent, leurs galeries restent en place et les anciennes voies d\u2019enracinement demeurent. La structure naturelle du sol est pr\u00e9serv\u00e9e, ainsi que les capillaires, permettant ainsi l\u2019infiltration de l\u2019eau, l\u2019enracinement libre et la minimisation du stress pendant tout le cycle de vie de la culture. La vie s\u2019\u00e9panouit dans le sol. Les sols de Claydon supportent mieux la circulation dans les champs, sans risque de compactage. Tout cela contribue \u00e0 la sant\u00e9 du sol et des cultures.[\/vc_column_text][\/vc_column][\/vc_row][vc_row][vc_column width=&#8221;1\/2&#8243;][vc_single_image image=&#8221;82858&#8243; img_size=&#8221;full&#8221;][\/vc_column][vc_column width=&#8221;1\/2&#8243;][vc_column_text]La conception du semoir Claydon \u00e0 deux dents et barres d\u2019outils aplanit et nivelle les champs.\u00a0 Les tourni\u00e8res subissent habituellement une perte de rendement dans les cultures traditionnelles. Le semoir Claydon \u00e9limine ce probl\u00e8me. L\u2019action de la dent de fissuration et les bandes de sol intact garantissent le m\u00eame rendement de la culture sur le bord du champ qu\u2019au centre.[\/vc_column_text][\/vc_column][\/vc_row][vc_row][vc_column width=&#8221;1\/2&#8243;][vc_single_image image=&#8221;82884&#8243; img_size=&#8221;full&#8221;][\/vc_column][vc_column width=&#8221;1\/2&#8243;][vc_column_text]Gr\u00e2ce \u00e0 sa polyvalence, le semoir Claydon peut aussi \u00eatre utilis\u00e9 apr\u00e8s un labour classique et d. Il a cependant \u00e9t\u00e9 con\u00e7u comme semoir \u00e0 semis direct et c\u2019est dans ce sc\u00e9nario qu\u2019il procure les plus grands avantages. Les r\u00e9sidus de r\u00e9colte restant en surface absorbent l\u2019humidit\u00e9 et aident \u00e0 prot\u00e9ger la culture et le sol des \u00e9v\u00e9nements climatiques extr\u00eames. La couche de couverture contribue \u00e0 emp\u00eacher le d\u00e9litement du sol par le vent et l\u2019eau. Elle est progressivement dig\u00e9r\u00e9e par les vers de terre, ce qui renforce la teneur en mati\u00e8re organique et la fertilit\u00e9 du sol. Les lombrics favorisent \u00e9galement le drainage, car leurs galeries permettent l\u2019\u00e9coulement de l\u2019eau.<\/p>\n<p>[\/vc_column_text][\/vc_column][\/vc_row][vc_row][vc_column width=&#8221;1\/2&#8243;][vc_single_image image=&#8221;82871&#8243; img_size=&#8221;full&#8221;][\/vc_column][vc_column width=&#8221;1\/2&#8243;][vc_column_text]Les cultures implant\u00e9es avec le semoir Claydon font plus facilement face aux extr\u00eames climatiques, qu\u2019il s\u2019agisse d\u2019une pluie abondante ou d\u2019une s\u00e9cheresse. En effet, la structure du sol s\u2019am\u00e9liore, retient l\u2019humidit\u00e9 et la mati\u00e8re organique et cr\u00e9e un drainage dans la zone racinaire.\u00a0 Le rendement des cultures de Claydon peut diminuer pendant les extr\u00eames climatiques, mais pas dans les m\u00eames proportions que les cultures implant\u00e9es de mani\u00e8re classique, dont le rendement chute.<\/p>\n<p>Claydon Opti-Till\u00ae supprime les interventions culturales inutiles et co\u00fbteuses.\u00a0 Il r\u00e9duit \u00e9galement <em><u>le co\u00fbt et le temps consacr\u00e9 \u00e0 l\u2019implantation des cultures<\/u><\/em>.<\/p>\n<p>[\/vc_column_text][\/vc_column][\/vc_row][vc_row][vc_column][\/vc_column][\/vc_row]<\/p>\n<\/div>","protected":false},"excerpt":{"rendered":"<p>[vc_row][vc_column width=&#8221;1\/2&#8243;][vc_single_image image=&#8221;75238&#8243; img_size=&#8221;full&#8221;][\/vc_column][vc_column width=&#8221;1\/2&#8243;][vc_custom_heading text=&#8221;UNE HISTOIRE DES SOINS APPORT\u00c9S AU SOL&#8221; use_theme_fonts=&#8221;yes&#8221;][vc_column_text]Le syst\u00e8me Claydon de semis direct a \u00e9t\u00e9<\/p>\n","protected":false},"author":1,"featured_media":0,"parent":0,"menu_order":21,"comment_status":"closed","ping_status":"closed","template":"","meta":{"inline_featured_image":false,"footnotes":""},"class_list":["post-87148","page","type-page","status-publish","hentry"],"yoast_head":"<!-- This site is optimized with the Yoast SEO plugin v27.1.1 - https:\/\/yoast.com\/product\/yoast-seo-wordpress\/ -->\n<title>sol et le syst\u00e8me Opti-Till | Claydon<\/title>\n<meta name=\"description\" content=\"There are many benefits to the Opti-Till System for your soil, meaning better crop production &amp; less fuel consumption. Discover more here.\" \/>\n<meta name=\"robots\" content=\"index, follow, max-snippet:-1, max-image-preview:large, max-video-preview:-1\" \/>\n<link rel=\"canonical\" href=\"https:\/\/claydondrill.com\/fr\/le-sol\/\" \/>\n<meta property=\"og:locale\" content=\"fr_FR\" \/>\n<meta property=\"og:type\" content=\"article\" \/>\n<meta property=\"og:title\" content=\"sol et le syst\u00e8me Opti-Till | Claydon\" \/>\n<meta property=\"og:description\" content=\"There are many benefits to the Opti-Till System for your soil, meaning better crop production &amp; less fuel consumption. Discover more here.\" \/>\n<meta property=\"og:url\" content=\"https:\/\/claydondrill.com\/fr\/le-sol\/\" \/>\n<meta property=\"og:site_name\" content=\"Claydon Drill Seed\" \/>\n<meta property=\"article:modified_time\" content=\"2024-11-04T13:31:49+00:00\" \/>\n<meta name=\"twitter:card\" content=\"summary_large_image\" \/>\n<meta name=\"twitter:label1\" content=\"Dur\u00e9e de lecture estim\u00e9e\" \/>\n\t<meta name=\"twitter:data1\" content=\"6 minutes\" \/>\n<script type=\"application\/ld+json\" class=\"yoast-schema-graph\">{\"@context\":\"https:\/\/schema.org\",\"@graph\":[{\"@type\":\"WebPage\",\"@id\":\"https:\/\/claydondrill.com\/fr\/le-sol\/\",\"url\":\"https:\/\/claydondrill.com\/fr\/le-sol\/\",\"name\":\"sol et le syst\u00e8me Opti-Till | Claydon\",\"isPartOf\":{\"@id\":\"https:\/\/claydondrill.com\/fr\/#website\"},\"datePublished\":\"2020-06-29T09:29:22+00:00\",\"dateModified\":\"2024-11-04T13:31:49+00:00\",\"description\":\"There are many benefits to the Opti-Till System for your soil, meaning better crop production & less fuel consumption. Discover more here.\",\"breadcrumb\":{\"@id\":\"https:\/\/claydondrill.com\/fr\/le-sol\/#breadcrumb\"},\"inLanguage\":\"fr-FR\",\"potentialAction\":[{\"@type\":\"ReadAction\",\"target\":[\"https:\/\/claydondrill.com\/fr\/le-sol\/\"]}]},{\"@type\":\"BreadcrumbList\",\"@id\":\"https:\/\/claydondrill.com\/fr\/le-sol\/#breadcrumb\",\"itemListElement\":[{\"@type\":\"ListItem\",\"position\":1,\"name\":\"Home\",\"item\":\"https:\/\/claydondrill.com\/fr\/\"},{\"@type\":\"ListItem\",\"position\":2,\"name\":\"Le Sol\"}]},{\"@type\":\"WebSite\",\"@id\":\"https:\/\/claydondrill.com\/fr\/#website\",\"url\":\"https:\/\/claydondrill.com\/fr\/\",\"name\":\"Claydon Drill Seed\",\"description\":\"\",\"potentialAction\":[{\"@type\":\"SearchAction\",\"target\":{\"@type\":\"EntryPoint\",\"urlTemplate\":\"https:\/\/claydondrill.com\/fr\/?s={search_term_string}\"},\"query-input\":{\"@type\":\"PropertyValueSpecification\",\"valueRequired\":true,\"valueName\":\"search_term_string\"}}],\"inLanguage\":\"fr-FR\"}]}<\/script>\n<!-- \/ Yoast SEO plugin. -->","yoast_head_json":{"title":"sol et le syst\u00e8me Opti-Till | Claydon","description":"There are many benefits to the Opti-Till System for your soil, meaning better crop production & less fuel consumption. Discover more here.","robots":{"index":"index","follow":"follow","max-snippet":"max-snippet:-1","max-image-preview":"max-image-preview:large","max-video-preview":"max-video-preview:-1"},"canonical":"https:\/\/claydondrill.com\/fr\/le-sol\/","og_locale":"fr_FR","og_type":"article","og_title":"sol et le syst\u00e8me Opti-Till | Claydon","og_description":"There are many benefits to the Opti-Till System for your soil, meaning better crop production & less fuel consumption. Discover more here.","og_url":"https:\/\/claydondrill.com\/fr\/le-sol\/","og_site_name":"Claydon Drill Seed","article_modified_time":"2024-11-04T13:31:49+00:00","twitter_card":"summary_large_image","twitter_misc":{"Dur\u00e9e de lecture estim\u00e9e":"6 minutes"},"schema":{"@context":"https:\/\/schema.org","@graph":[{"@type":"WebPage","@id":"https:\/\/claydondrill.com\/fr\/le-sol\/","url":"https:\/\/claydondrill.com\/fr\/le-sol\/","name":"sol et le syst\u00e8me Opti-Till | Claydon","isPartOf":{"@id":"https:\/\/claydondrill.com\/fr\/#website"},"datePublished":"2020-06-29T09:29:22+00:00","dateModified":"2024-11-04T13:31:49+00:00","description":"There are many benefits to the Opti-Till System for your soil, meaning better crop production & less fuel consumption. Discover more here.","breadcrumb":{"@id":"https:\/\/claydondrill.com\/fr\/le-sol\/#breadcrumb"},"inLanguage":"fr-FR","potentialAction":[{"@type":"ReadAction","target":["https:\/\/claydondrill.com\/fr\/le-sol\/"]}]},{"@type":"BreadcrumbList","@id":"https:\/\/claydondrill.com\/fr\/le-sol\/#breadcrumb","itemListElement":[{"@type":"ListItem","position":1,"name":"Home","item":"https:\/\/claydondrill.com\/fr\/"},{"@type":"ListItem","position":2,"name":"Le Sol"}]},{"@type":"WebSite","@id":"https:\/\/claydondrill.com\/fr\/#website","url":"https:\/\/claydondrill.com\/fr\/","name":"Claydon Drill Seed","description":"","potentialAction":[{"@type":"SearchAction","target":{"@type":"EntryPoint","urlTemplate":"https:\/\/claydondrill.com\/fr\/?s={search_term_string}"},"query-input":{"@type":"PropertyValueSpecification","valueRequired":true,"valueName":"search_term_string"}}],"inLanguage":"fr-FR"}]}},"_links":{"self":[{"href":"https:\/\/claydondrill.com\/fr\/wp-json\/wp\/v2\/pages\/87148","targetHints":{"allow":["GET"]}}],"collection":[{"href":"https:\/\/claydondrill.com\/fr\/wp-json\/wp\/v2\/pages"}],"about":[{"href":"https:\/\/claydondrill.com\/fr\/wp-json\/wp\/v2\/types\/page"}],"author":[{"embeddable":true,"href":"https:\/\/claydondrill.com\/fr\/wp-json\/wp\/v2\/users\/1"}],"replies":[{"embeddable":true,"href":"https:\/\/claydondrill.com\/fr\/wp-json\/wp\/v2\/comments?post=87148"}],"version-history":[{"count":0,"href":"https:\/\/claydondrill.com\/fr\/wp-json\/wp\/v2\/pages\/87148\/revisions"}],"wp:attachment":[{"href":"https:\/\/claydondrill.com\/fr\/wp-json\/wp\/v2\/media?parent=87148"}],"curies":[{"name":"wp","href":"https:\/\/api.w.org\/{rel}","templated":true}]}}