{"id":104693,"date":"2025-02-11T14:47:45","date_gmt":"2025-02-11T14:47:45","guid":{"rendered":"https:\/\/claydondrill.com\/?page_id=104693"},"modified":"2025-02-24T09:42:06","modified_gmt":"2025-02-24T09:42:06","slug":"think-change","status":"publish","type":"page","link":"https:\/\/claydondrill.com\/fr\/penser-changement\/","title":{"rendered":"PENSER CHANGEMENT"},"content":{"rendered":"<div class=\"wpb-content-wrapper\"><p>[vc_row][vc_column][vc_column_text css=&#8221;.vc_custom_1739203135940{padding-top: 20px !important;padding-right: 20px !important;padding-bottom: 20px !important;padding-left: 20px !important;background-color: #ededed !important;}&#8221;]Avec les pressions croissantes exerc\u00e9es sur les agriculteurs et les producteurs du monde entier, est-il temps de changer votre fa\u00e7on de penser sur la m\u00e9thode dont vous \u00e9tablissez vos cultures ?[\/vc_column_text][\/vc_column][\/vc_row][vc_row][vc_column width=&#8221;1\/2&#8243;][vc_column_text css=&#8221;.vc_custom_1739205685650{padding-top: 20px !important;padding-right: 20px !important;padding-bottom: 20px !important;padding-left: 20px !important;background-color: #8aa8cc !important;border-radius: 3px !important;}&#8221;]<img loading=\"lazy\" decoding=\"async\" class=\"alignnone wp-image-104845 size-full\" src=\"https:\/\/claydondrill.com\/wp-content\/uploads\/2025\/02\/CLD766-FR-THINK-Thumbnails-2.jpg\" alt=\"\" width=\"2008\" height=\"1100\" srcset=\"https:\/\/claydondrill.com\/wp-content\/uploads\/2025\/02\/CLD766-FR-THINK-Thumbnails-2.jpg 2008w, https:\/\/claydondrill.com\/wp-content\/uploads\/2025\/02\/CLD766-FR-THINK-Thumbnails-2-300x164.jpg 300w, https:\/\/claydondrill.com\/wp-content\/uploads\/2025\/02\/CLD766-FR-THINK-Thumbnails-2-1024x561.jpg 1024w, https:\/\/claydondrill.com\/wp-content\/uploads\/2025\/02\/CLD766-FR-THINK-Thumbnails-2-768x421.jpg 768w, https:\/\/claydondrill.com\/wp-content\/uploads\/2025\/02\/CLD766-FR-THINK-Thumbnails-2-1536x841.jpg 1536w, https:\/\/claydondrill.com\/wp-content\/uploads\/2025\/02\/CLD766-FR-THINK-Thumbnails-2-600x329.jpg 600w\" sizes=\"auto, (max-width: 2008px) 100vw, 2008px\" \/><\/p>\n<p>\u00ab Depuis 2020, j\u2019implante tout avec 13l\/ha avant j\u2019\u00e9tait \u00e0 45l\/ha, soit une \u00e9conomie de 10 000 l\/an minimum. Mes rendements n\u2019ont pas chang\u00e9 mais je fais plus de marge car je d\u00e9pense beaucoup moins pour l\u2019implantation de mes cultures. \u00bb[\/vc_column_text][\/vc_column][vc_column width=&#8221;1\/2&#8243;][vc_column_text css=&#8221;.vc_custom_1739205199676{padding-top: 20px !important;padding-right: 20px !important;padding-bottom: 20px !important;padding-left: 20px !important;background-color: #ffc94d !important;}&#8221;]<img loading=\"lazy\" decoding=\"async\" class=\"alignnone wp-image-104850 size-full\" src=\"https:\/\/claydondrill.com\/wp-content\/uploads\/2025\/02\/CLD766-FR-THINK-Thumbnails2-2.jpg\" alt=\"\" width=\"2008\" height=\"1100\" srcset=\"https:\/\/claydondrill.com\/wp-content\/uploads\/2025\/02\/CLD766-FR-THINK-Thumbnails2-2.jpg 2008w, https:\/\/claydondrill.com\/wp-content\/uploads\/2025\/02\/CLD766-FR-THINK-Thumbnails2-2-300x164.jpg 300w, https:\/\/claydondrill.com\/wp-content\/uploads\/2025\/02\/CLD766-FR-THINK-Thumbnails2-2-1024x561.jpg 1024w, https:\/\/claydondrill.com\/wp-content\/uploads\/2025\/02\/CLD766-FR-THINK-Thumbnails2-2-768x421.jpg 768w, https:\/\/claydondrill.com\/wp-content\/uploads\/2025\/02\/CLD766-FR-THINK-Thumbnails2-2-1536x841.jpg 1536w, https:\/\/claydondrill.com\/wp-content\/uploads\/2025\/02\/CLD766-FR-THINK-Thumbnails2-2-600x329.jpg 600w\" sizes=\"auto, (max-width: 2008px) 100vw, 2008px\" \/><\/p>\n<p>\u201cSince switching from conventional direct drilling to direct seeding with the Claydon Opti-Till\u00ae System the performance of our crops has vastly improved, particularly on headlands.\u201c[\/vc_column_text][\/vc_column][\/vc_row][vc_row][vc_column width=&#8221;1\/2&#8243;][vc_column_text css=&#8221;.vc_custom_1739205264390{padding-top: 20px !important;padding-right: 20px !important;padding-bottom: 20px !important;padding-left: 20px !important;background-color: #c79a7d !important;}&#8221;]<img loading=\"lazy\" decoding=\"async\" class=\"alignnone wp-image-104855 size-full\" src=\"https:\/\/claydondrill.com\/wp-content\/uploads\/2025\/02\/CLD766-FR-THINK-Thumbnails3-2.jpg\" alt=\"\" width=\"2008\" height=\"1100\" srcset=\"https:\/\/claydondrill.com\/wp-content\/uploads\/2025\/02\/CLD766-FR-THINK-Thumbnails3-2.jpg 2008w, https:\/\/claydondrill.com\/wp-content\/uploads\/2025\/02\/CLD766-FR-THINK-Thumbnails3-2-300x164.jpg 300w, https:\/\/claydondrill.com\/wp-content\/uploads\/2025\/02\/CLD766-FR-THINK-Thumbnails3-2-1024x561.jpg 1024w, https:\/\/claydondrill.com\/wp-content\/uploads\/2025\/02\/CLD766-FR-THINK-Thumbnails3-2-768x421.jpg 768w, https:\/\/claydondrill.com\/wp-content\/uploads\/2025\/02\/CLD766-FR-THINK-Thumbnails3-2-1536x841.jpg 1536w, https:\/\/claydondrill.com\/wp-content\/uploads\/2025\/02\/CLD766-FR-THINK-Thumbnails3-2-600x329.jpg 600w\" sizes=\"auto, (max-width: 2008px) 100vw, 2008px\" \/><\/p>\n<p>\u201cThis approach has dramatically reduced erosion of the soil and transformed its condition, productivity and ecology.&#8221;[\/vc_column_text][\/vc_column][vc_column width=&#8221;1\/2&#8243;][vc_column_text css=&#8221;.vc_custom_1739205299655{padding-top: 20px !important;padding-right: 20px !important;padding-bottom: 20px !important;padding-left: 20px !important;background-color: #b5a5c0 !important;}&#8221;]<img loading=\"lazy\" decoding=\"async\" class=\"alignnone wp-image-104870 size-full\" src=\"https:\/\/claydondrill.com\/wp-content\/uploads\/2025\/02\/CLD766-FR-THINK-Thumbnails5-2.jpg\" alt=\"\" width=\"2008\" height=\"1100\" srcset=\"https:\/\/claydondrill.com\/wp-content\/uploads\/2025\/02\/CLD766-FR-THINK-Thumbnails5-2.jpg 2008w, https:\/\/claydondrill.com\/wp-content\/uploads\/2025\/02\/CLD766-FR-THINK-Thumbnails5-2-300x164.jpg 300w, https:\/\/claydondrill.com\/wp-content\/uploads\/2025\/02\/CLD766-FR-THINK-Thumbnails5-2-1024x561.jpg 1024w, https:\/\/claydondrill.com\/wp-content\/uploads\/2025\/02\/CLD766-FR-THINK-Thumbnails5-2-768x421.jpg 768w, https:\/\/claydondrill.com\/wp-content\/uploads\/2025\/02\/CLD766-FR-THINK-Thumbnails5-2-1536x841.jpg 1536w, https:\/\/claydondrill.com\/wp-content\/uploads\/2025\/02\/CLD766-FR-THINK-Thumbnails5-2-600x329.jpg 600w\" sizes=\"auto, (max-width: 2008px) 100vw, 2008px\" \/><\/p>\n<p>\u201cInstead of crop establishment being a two-man system to plough, cultivate and drill it is now a one man, one tractor, one pass operation.&#8221;[\/vc_column_text][\/vc_column][\/vc_row][vc_row][vc_column width=&#8221;1\/2&#8243;][vc_column_text css=&#8221;.vc_custom_1739205324645{padding-top: 20px !important;padding-right: 20px !important;padding-bottom: 20px !important;padding-left: 20px !important;background-color: #95b19b !important;}&#8221;]<img loading=\"lazy\" decoding=\"async\" class=\"alignnone wp-image-104875 size-full\" src=\"https:\/\/claydondrill.com\/wp-content\/uploads\/2025\/02\/CLD766-FR-THINK-Thumbnails6-2.jpg\" alt=\"\" width=\"2008\" height=\"1100\" srcset=\"https:\/\/claydondrill.com\/wp-content\/uploads\/2025\/02\/CLD766-FR-THINK-Thumbnails6-2.jpg 2008w, https:\/\/claydondrill.com\/wp-content\/uploads\/2025\/02\/CLD766-FR-THINK-Thumbnails6-2-300x164.jpg 300w, https:\/\/claydondrill.com\/wp-content\/uploads\/2025\/02\/CLD766-FR-THINK-Thumbnails6-2-1024x561.jpg 1024w, https:\/\/claydondrill.com\/wp-content\/uploads\/2025\/02\/CLD766-FR-THINK-Thumbnails6-2-768x421.jpg 768w, https:\/\/claydondrill.com\/wp-content\/uploads\/2025\/02\/CLD766-FR-THINK-Thumbnails6-2-1536x841.jpg 1536w, https:\/\/claydondrill.com\/wp-content\/uploads\/2025\/02\/CLD766-FR-THINK-Thumbnails6-2-600x329.jpg 600w\" sizes=\"auto, (max-width: 2008px) 100vw, 2008px\" \/><\/p>\n<p>&#8220;It does an excellent job of retaining moisture and, because much of the land is left uncultivated, the stubble and root structures are retained, helping prevent soil blow where light soils are overworked.\u201d[\/vc_column_text][\/vc_column][vc_column width=&#8221;1\/2&#8243;][vc_column_text css=&#8221;.vc_custom_1739205351901{padding-top: 20px !important;padding-right: 20px !important;padding-bottom: 20px !important;padding-left: 20px !important;background-color: #b3b3b3 !important;}&#8221;]<img loading=\"lazy\" decoding=\"async\" class=\"alignnone wp-image-104840 size-full\" src=\"https:\/\/claydondrill.com\/wp-content\/uploads\/2025\/02\/CLD766-FR-THINK-Thumbnails7-2.jpg\" alt=\"\" width=\"2008\" height=\"1100\" srcset=\"https:\/\/claydondrill.com\/wp-content\/uploads\/2025\/02\/CLD766-FR-THINK-Thumbnails7-2.jpg 2008w, https:\/\/claydondrill.com\/wp-content\/uploads\/2025\/02\/CLD766-FR-THINK-Thumbnails7-2-300x164.jpg 300w, https:\/\/claydondrill.com\/wp-content\/uploads\/2025\/02\/CLD766-FR-THINK-Thumbnails7-2-1024x561.jpg 1024w, https:\/\/claydondrill.com\/wp-content\/uploads\/2025\/02\/CLD766-FR-THINK-Thumbnails7-2-768x421.jpg 768w, https:\/\/claydondrill.com\/wp-content\/uploads\/2025\/02\/CLD766-FR-THINK-Thumbnails7-2-1536x841.jpg 1536w, https:\/\/claydondrill.com\/wp-content\/uploads\/2025\/02\/CLD766-FR-THINK-Thumbnails7-2-600x329.jpg 600w\" sizes=\"auto, (max-width: 2008px) 100vw, 2008px\" \/><\/p>\n<p>\u201cOne of the key things about the Claydon Drill is its simplicity and low running costs. I can replace all the wearing metal in under two hours.\u201d[\/vc_column_text][\/vc_column][\/vc_row][vc_row][vc_column width=&#8221;1\/2&#8243;][vc_column_text css=&#8221;.vc_custom_1739205504458{padding-top: 20px !important;padding-right: 20px !important;padding-bottom: 20px !important;padding-left: 20px !important;background-color: #dfe58b !important;}&#8221;]<img loading=\"lazy\" decoding=\"async\" class=\"alignnone wp-image-104865 size-full\" src=\"https:\/\/claydondrill.com\/wp-content\/uploads\/2025\/02\/CLD766-FR-THINK-Thumbnails4-2.jpg\" alt=\"\" width=\"2008\" height=\"1100\" srcset=\"https:\/\/claydondrill.com\/wp-content\/uploads\/2025\/02\/CLD766-FR-THINK-Thumbnails4-2.jpg 2008w, https:\/\/claydondrill.com\/wp-content\/uploads\/2025\/02\/CLD766-FR-THINK-Thumbnails4-2-300x164.jpg 300w, https:\/\/claydondrill.com\/wp-content\/uploads\/2025\/02\/CLD766-FR-THINK-Thumbnails4-2-1024x561.jpg 1024w, https:\/\/claydondrill.com\/wp-content\/uploads\/2025\/02\/CLD766-FR-THINK-Thumbnails4-2-768x421.jpg 768w, https:\/\/claydondrill.com\/wp-content\/uploads\/2025\/02\/CLD766-FR-THINK-Thumbnails4-2-1536x841.jpg 1536w, https:\/\/claydondrill.com\/wp-content\/uploads\/2025\/02\/CLD766-FR-THINK-Thumbnails4-2-600x329.jpg 600w\" sizes=\"auto, (max-width: 2008px) 100vw, 2008px\" \/><\/p>\n<p>\u201cDirect seeding won\u2019t suit those who like to see land brown and free of stubble when drilling, but those who judge a system on its benefits will realise the advantages. Without it, we would never have been able to take on more land and still have a life outside of farming.\u201d[\/vc_column_text][\/vc_column][\/vc_row][vc_row][vc_column][vc_column_text]<img loading=\"lazy\" decoding=\"async\" class=\"alignnone wp-image-104900 size-full\" src=\"https:\/\/claydondrill.com\/wp-content\/uploads\/2025\/02\/French-Thinnk.jpg\" alt=\"\" width=\"1280\" height=\"720\" srcset=\"https:\/\/claydondrill.com\/wp-content\/uploads\/2025\/02\/French-Thinnk.jpg 1280w, https:\/\/claydondrill.com\/wp-content\/uploads\/2025\/02\/French-Thinnk-300x169.jpg 300w, https:\/\/claydondrill.com\/wp-content\/uploads\/2025\/02\/French-Thinnk-1024x576.jpg 1024w, https:\/\/claydondrill.com\/wp-content\/uploads\/2025\/02\/French-Thinnk-768x432.jpg 768w, https:\/\/claydondrill.com\/wp-content\/uploads\/2025\/02\/French-Thinnk-600x338.jpg 600w\" sizes=\"auto, (max-width: 1280px) 100vw, 1280px\" \/><\/p>\n<p>Notre petite brochure PENSER Changement peut vous \u00eatre utile si vous repensez votre syst\u00e8me d&#8217;\u00e9tablissement. Elle est pr\u00e9sent\u00e9e dans un format de poche pratique et elle est pleine d&#8217;informations int\u00e9ressantes.<\/p>\n<p>Inscrivez-vous pour recevoir nos bulletins d&#8217;information par e-mail \u00e0 l&#8217;adresse <a href=\"mailto:marketing@claydondrill.com?subject=Inscrivez-moi aux e-mails de Claydon!\"><span style=\"color: #000000;\"><strong>marketing@claydondrill.com<\/strong><\/span><\/a> pour recevoir notre petite brochure PENSER Changement.[\/vc_column_text][\/vc_column][\/vc_row]<\/p>\n<\/div>","protected":false},"excerpt":{"rendered":"<p>[vc_row][vc_column][vc_column_text css=&#8221;.vc_custom_1739203135940{padding-top: 20px !important;padding-right: 20px !important;padding-bottom: 20px !important;padding-left: 20px !important;background-color: #ededed !important;}&#8221;]Avec les pressions croissantes exerc\u00e9es sur les agriculteurs et<\/p>\n","protected":false},"author":1,"featured_media":0,"parent":0,"menu_order":0,"comment_status":"closed","ping_status":"closed","template":"","meta":{"inline_featured_image":false,"footnotes":""},"class_list":["post-104693","page","type-page","status-publish","hentry"],"yoast_head":"<!-- This site is optimized with the Yoast SEO plugin v27.1.1 - https:\/\/yoast.com\/product\/yoast-seo-wordpress\/ -->\n<title>PENSER CHANGEMENT - Claydon Drill Seed<\/title>\n<meta name=\"robots\" content=\"index, follow, max-snippet:-1, max-image-preview:large, max-video-preview:-1\" \/>\n<link rel=\"canonical\" href=\"https:\/\/claydondrill.com\/fr\/penser-changement\/\" \/>\n<meta property=\"og:locale\" content=\"fr_FR\" \/>\n<meta property=\"og:type\" content=\"article\" \/>\n<meta property=\"og:title\" content=\"PENSER CHANGEMENT - Claydon Drill Seed\" \/>\n<meta property=\"og:description\" content=\"[vc_row][vc_column][vc_column_text css=&#8221;.vc_custom_1739203135940{padding-top: 20px !important;padding-right: 20px !important;padding-bottom: 20px !important;padding-left: 20px !important;background-color: #ededed !important;}&#8221;]Avec les pressions croissantes exerc\u00e9es sur les agriculteurs et\" \/>\n<meta property=\"og:url\" content=\"https:\/\/claydondrill.com\/fr\/penser-changement\/\" \/>\n<meta property=\"og:site_name\" content=\"Claydon Drill Seed\" \/>\n<meta property=\"article:modified_time\" content=\"2025-02-24T09:42:06+00:00\" \/>\n<meta property=\"og:image\" content=\"https:\/\/claydondrill.com\/wp-content\/uploads\/2025\/02\/CLD766-FR-THINK-Thumbnails-2.jpg\" \/>\n\t<meta property=\"og:image:width\" content=\"2008\" \/>\n\t<meta property=\"og:image:height\" content=\"1100\" \/>\n\t<meta property=\"og:image:type\" content=\"image\/jpeg\" \/>\n<meta name=\"twitter:card\" content=\"summary_large_image\" \/>\n<meta name=\"twitter:label1\" content=\"Dur\u00e9e de lecture estim\u00e9e\" \/>\n\t<meta name=\"twitter:data1\" content=\"4 minutes\" \/>\n<script type=\"application\/ld+json\" class=\"yoast-schema-graph\">{\"@context\":\"https:\/\/schema.org\",\"@graph\":[{\"@type\":\"WebPage\",\"@id\":\"https:\/\/claydondrill.com\/fr\/penser-changement\/\",\"url\":\"https:\/\/claydondrill.com\/fr\/penser-changement\/\",\"name\":\"PENSER CHANGEMENT - Claydon Drill Seed\",\"isPartOf\":{\"@id\":\"https:\/\/claydondrill.com\/fr\/#website\"},\"primaryImageOfPage\":{\"@id\":\"https:\/\/claydondrill.com\/fr\/penser-changement\/#primaryimage\"},\"image\":{\"@id\":\"https:\/\/claydondrill.com\/fr\/penser-changement\/#primaryimage\"},\"thumbnailUrl\":\"https:\/\/claydondrill.com\/wp-content\/uploads\/2025\/02\/CLD766-FR-THINK-Thumbnails-2.jpg\",\"datePublished\":\"2025-02-11T14:47:45+00:00\",\"dateModified\":\"2025-02-24T09:42:06+00:00\",\"breadcrumb\":{\"@id\":\"https:\/\/claydondrill.com\/fr\/penser-changement\/#breadcrumb\"},\"inLanguage\":\"fr-FR\",\"potentialAction\":[{\"@type\":\"ReadAction\",\"target\":[\"https:\/\/claydondrill.com\/fr\/penser-changement\/\"]}]},{\"@type\":\"ImageObject\",\"inLanguage\":\"fr-FR\",\"@id\":\"https:\/\/claydondrill.com\/fr\/penser-changement\/#primaryimage\",\"url\":\"https:\/\/claydondrill.com\/wp-content\/uploads\/2025\/02\/CLD766-FR-THINK-Thumbnails-2.jpg\",\"contentUrl\":\"https:\/\/claydondrill.com\/wp-content\/uploads\/2025\/02\/CLD766-FR-THINK-Thumbnails-2.jpg\"},{\"@type\":\"BreadcrumbList\",\"@id\":\"https:\/\/claydondrill.com\/fr\/penser-changement\/#breadcrumb\",\"itemListElement\":[{\"@type\":\"ListItem\",\"position\":1,\"name\":\"Home\",\"item\":\"https:\/\/claydondrill.com\/fr\/\"},{\"@type\":\"ListItem\",\"position\":2,\"name\":\"PENSER CHANGEMENT\"}]},{\"@type\":\"WebSite\",\"@id\":\"https:\/\/claydondrill.com\/fr\/#website\",\"url\":\"https:\/\/claydondrill.com\/fr\/\",\"name\":\"Claydon Drill Seed\",\"description\":\"\",\"potentialAction\":[{\"@type\":\"SearchAction\",\"target\":{\"@type\":\"EntryPoint\",\"urlTemplate\":\"https:\/\/claydondrill.com\/fr\/?s={search_term_string}\"},\"query-input\":{\"@type\":\"PropertyValueSpecification\",\"valueRequired\":true,\"valueName\":\"search_term_string\"}}],\"inLanguage\":\"fr-FR\"}]}<\/script>\n<!-- \/ Yoast SEO plugin. -->","yoast_head_json":{"title":"PENSER CHANGEMENT - Claydon Drill Seed","robots":{"index":"index","follow":"follow","max-snippet":"max-snippet:-1","max-image-preview":"max-image-preview:large","max-video-preview":"max-video-preview:-1"},"canonical":"https:\/\/claydondrill.com\/fr\/penser-changement\/","og_locale":"fr_FR","og_type":"article","og_title":"PENSER CHANGEMENT - Claydon Drill Seed","og_description":"[vc_row][vc_column][vc_column_text css=&#8221;.vc_custom_1739203135940{padding-top: 20px !important;padding-right: 20px !important;padding-bottom: 20px !important;padding-left: 20px !important;background-color: #ededed !important;}&#8221;]Avec les pressions croissantes exerc\u00e9es sur les agriculteurs et","og_url":"https:\/\/claydondrill.com\/fr\/penser-changement\/","og_site_name":"Claydon Drill Seed","article_modified_time":"2025-02-24T09:42:06+00:00","og_image":[{"width":2008,"height":1100,"url":"https:\/\/claydondrill.com\/wp-content\/uploads\/2025\/02\/CLD766-FR-THINK-Thumbnails-2.jpg","type":"image\/jpeg"}],"twitter_card":"summary_large_image","twitter_misc":{"Dur\u00e9e de lecture estim\u00e9e":"4 minutes"},"schema":{"@context":"https:\/\/schema.org","@graph":[{"@type":"WebPage","@id":"https:\/\/claydondrill.com\/fr\/penser-changement\/","url":"https:\/\/claydondrill.com\/fr\/penser-changement\/","name":"PENSER CHANGEMENT - Claydon Drill Seed","isPartOf":{"@id":"https:\/\/claydondrill.com\/fr\/#website"},"primaryImageOfPage":{"@id":"https:\/\/claydondrill.com\/fr\/penser-changement\/#primaryimage"},"image":{"@id":"https:\/\/claydondrill.com\/fr\/penser-changement\/#primaryimage"},"thumbnailUrl":"https:\/\/claydondrill.com\/wp-content\/uploads\/2025\/02\/CLD766-FR-THINK-Thumbnails-2.jpg","datePublished":"2025-02-11T14:47:45+00:00","dateModified":"2025-02-24T09:42:06+00:00","breadcrumb":{"@id":"https:\/\/claydondrill.com\/fr\/penser-changement\/#breadcrumb"},"inLanguage":"fr-FR","potentialAction":[{"@type":"ReadAction","target":["https:\/\/claydondrill.com\/fr\/penser-changement\/"]}]},{"@type":"ImageObject","inLanguage":"fr-FR","@id":"https:\/\/claydondrill.com\/fr\/penser-changement\/#primaryimage","url":"https:\/\/claydondrill.com\/wp-content\/uploads\/2025\/02\/CLD766-FR-THINK-Thumbnails-2.jpg","contentUrl":"https:\/\/claydondrill.com\/wp-content\/uploads\/2025\/02\/CLD766-FR-THINK-Thumbnails-2.jpg"},{"@type":"BreadcrumbList","@id":"https:\/\/claydondrill.com\/fr\/penser-changement\/#breadcrumb","itemListElement":[{"@type":"ListItem","position":1,"name":"Home","item":"https:\/\/claydondrill.com\/fr\/"},{"@type":"ListItem","position":2,"name":"PENSER CHANGEMENT"}]},{"@type":"WebSite","@id":"https:\/\/claydondrill.com\/fr\/#website","url":"https:\/\/claydondrill.com\/fr\/","name":"Claydon Drill Seed","description":"","potentialAction":[{"@type":"SearchAction","target":{"@type":"EntryPoint","urlTemplate":"https:\/\/claydondrill.com\/fr\/?s={search_term_string}"},"query-input":{"@type":"PropertyValueSpecification","valueRequired":true,"valueName":"search_term_string"}}],"inLanguage":"fr-FR"}]}},"_links":{"self":[{"href":"https:\/\/claydondrill.com\/fr\/wp-json\/wp\/v2\/pages\/104693","targetHints":{"allow":["GET"]}}],"collection":[{"href":"https:\/\/claydondrill.com\/fr\/wp-json\/wp\/v2\/pages"}],"about":[{"href":"https:\/\/claydondrill.com\/fr\/wp-json\/wp\/v2\/types\/page"}],"author":[{"embeddable":true,"href":"https:\/\/claydondrill.com\/fr\/wp-json\/wp\/v2\/users\/1"}],"replies":[{"embeddable":true,"href":"https:\/\/claydondrill.com\/fr\/wp-json\/wp\/v2\/comments?post=104693"}],"version-history":[{"count":0,"href":"https:\/\/claydondrill.com\/fr\/wp-json\/wp\/v2\/pages\/104693\/revisions"}],"wp:attachment":[{"href":"https:\/\/claydondrill.com\/fr\/wp-json\/wp\/v2\/media?parent=104693"}],"curies":[{"name":"wp","href":"https:\/\/api.w.org\/{rel}","templated":true}]}}