{"id":103397,"date":"2024-06-10T14:17:13","date_gmt":"2024-06-10T14:17:13","guid":{"rendered":"https:\/\/claydondrill.com\/front-hopper\/"},"modified":"2026-03-30T09:45:32","modified_gmt":"2026-03-30T08:45:32","slug":"front-hopper","status":"publish","type":"page","link":"https:\/\/claydondrill.com\/fr\/tremie-frontale\/","title":{"rendered":"TR\u00c9MIES"},"content":{"rendered":"<div class=\"wpb-content-wrapper\"><p>[vc_row el_class=&#8221;top_desc&#8221;][vc_column][vc_custom_heading text=&#8221;TR\u00c9MIES&#8221; use_theme_fonts=&#8221;yes&#8221; css=&#8221;&#8221;][vc_column_text css=&#8221;&#8221;]Claydon offre aux agriculteurs la flexibilit\u00e9 de choisir entre deux tr\u00e9mies frontales de la gamme Evolution, \u00e9quip\u00e9es soit d\u2019une cuve \u00e0 double dosage d\u2019une capacit\u00e9 de 2 750 litres, soit d\u2019une cuve simple de 2 000 litres.[\/vc_column_text][vc_row_inner][vc_column_inner width=&#8221;1\/2&#8243;][vc_single_image image=&#8221;103233&#8243; img_size=&#8221;large&#8221; css=&#8221;&#8221;][vc_custom_heading text=&#8221;Tr\u00e9mie frontale double Evolution&#8221; use_theme_fonts=&#8221;yes&#8221; css=&#8221;&#8221;][vc_column_text css=&#8221;&#8221;]Avec une capacit\u00e9 totale de 2 750 litres, la tr\u00e9mie frontale double Evolution est divis\u00e9e en deux grandes cuves de 1 510 et 1 240 litres, avec un syst\u00e8me enti\u00e8rement pressuris\u00e9 garantissant un acheminement fiable de grands volumes de produit vers les t\u00eates de distribution arri\u00e8re.[\/vc_column_text][thememove_button text=&#8221;En savoir plus&#8221; url=&#8221;https:\/\/claydondrill.com\/fr\/product\/tremie-frontale-evolution\/&#8221; icon=&#8221;fa-arrow-right&#8221;][\/vc_column_inner][vc_column_inner width=&#8221;1\/2&#8243;][vc_single_image image=&#8221;105712&#8243; img_size=&#8221;full&#8221; css=&#8221;&#8221;][vc_custom_heading text=&#8221;Tr\u00e9mie frontale simple Evolution&#8221; use_theme_fonts=&#8221;yes&#8221; css=&#8221;&#8221;][vc_column_text css=&#8221;&#8221;]La tr\u00e9mie frontale simple Evolution a une capacit\u00e9 de 2 000 litres et int\u00e8gre un grand couvercle d\u2019ouverture de 1 800 mm x 750 mm, avec un loquet central unique et une b\u00e9quille de maintien.[\/vc_column_text][thememove_button url=&#8221;https:\/\/claydondrill.com\/fr\/product\/tremie-frontale-simple-evolution\/&#8221; text=&#8221;En savoir plus&#8221; icon=&#8221;fa-arrow-right&#8221;][\/vc_column_inner][\/vc_row_inner][\/vc_column][\/vc_row][vc_row el_class=&#8221;top_desc&#8221;][vc_column][vc_custom_heading text=&#8221;NUTRISEEDER (MICROGRANULATEUR POUR HERSE \u00c0 PAILLE 7,5 M)&#8221; use_theme_fonts=&#8221;yes&#8221; css=&#8221;&#8221;][vc_column_text css=&#8221;&#8221;]<\/p>\n<p data-start=\"0\" data-end=\"196\">Le NutriSeeder Claydon pour la herse \u00e0 paille de 7,5 m est con\u00e7u pour permettre aux agriculteurs d\u2019implanter des cultures de couverture rapidement, avec pr\u00e9cision, de mani\u00e8re fiable et \u00e9conomique.<\/p>\n<p data-start=\"198\" data-end=\"592\">Il existe deux versions du NutriSeeder pour herse \u00e0 paille : une tr\u00e9mie simple de 200 litres avec un m\u00e9canisme de dosage unique, ou une version \u00e0 double tr\u00e9mie avec deux syst\u00e8mes de dosage. La double tr\u00e9mie permet d\u2019appliquer simultan\u00e9ment deux types de semences, puis de les m\u00e9langer dans la t\u00eate de distribution, avec un dosage pr\u00e9cis et sans risque de s\u00e9paration des semences dans la tr\u00e9mie.<\/p>\n<p data-start=\"594\" data-end=\"1277\">Les deux mod\u00e8les de NutriSeeder int\u00e8grent un ventilateur hydraulique et une commande \u00e9lectronique avec m\u00e9canisme de dosage proportionnel \u00e0 la vitesse d\u2019avancement. En bout de champ, le NutriSeeder est mis en marche et arr\u00eat\u00e9 par l\u2019op\u00e9rateur via un v\u00e9rin hydraulique, la bonne pratique consistant \u00e0 laisser la herse \u00e0 paille en position basse afin d\u2019\u00e9viter de lib\u00e9rer des graines d\u2019adventices ou de laisser tomber des amas de paille. Le montage de diff\u00e9rentes roues ou sections de dosage permet d\u2019ajuster les d\u00e9bits de semis jusqu\u2019\u00e0 30 kg\/ha pour le bl\u00e9, 15 kg\/ha pour les graines de gramin\u00e9es et 25 kg\/ha pour les m\u00e9langes de couverts v\u00e9g\u00e9taux, \u00e0 une vitesse d\u2019avancement de 15 km\/h.<\/p>\n<p data-start=\"1279\" data-end=\"1577\">Huit plaques de r\u00e9partition situ\u00e9es \u00e0 l\u2019avant de la herse \u00e0 paille distribuent uniform\u00e9ment les semences devant les dents standard de 14 mm de diam\u00e8tre, ou 16 mm en option, qui cr\u00e9ent un travail superficiel du sol jusqu\u2019\u00e0 30 mm de profondeur, garantissant un bon contact entre la semence et le sol.<\/p>\n<p data-start=\"1579\" data-end=\"1686\" data-is-last-node=\"\" data-is-only-node=\"\">Le NutriSeeder Claydon int\u00e8gre une plateforme de chargement qui facilite le remplissage \u00e0 une hauteur s\u00fbre.<\/p>\n<p>[\/vc_column_text][vc_row_inner][vc_column_inner][vc_single_image image=&#8221;105866&#8243; img_size=&#8221;full&#8221; css=&#8221;&#8221;][vc_column_text css=&#8221;&#8221;][\/vc_column_text][\/vc_column_inner][\/vc_row_inner][\/vc_column][\/vc_row]<\/p>\n<\/div>","protected":false},"excerpt":{"rendered":"<p>[vc_row el_class=&#8221;top_desc&#8221;][vc_column][vc_custom_heading text=&#8221;TR\u00c9MIES&#8221; use_theme_fonts=&#8221;yes&#8221; css=&#8221;&#8221;][vc_column_text css=&#8221;&#8221;]Claydon offre aux agriculteurs la flexibilit\u00e9 de choisir entre deux tr\u00e9mies frontales de la gamme<\/p>\n","protected":false},"author":1,"featured_media":0,"parent":0,"menu_order":0,"comment_status":"closed","ping_status":"closed","template":"","meta":{"inline_featured_image":false,"footnotes":""},"class_list":["post-103397","page","type-page","status-publish","hentry"],"yoast_head":"<!-- This site is optimized with the Yoast SEO plugin v27.1.1 - https:\/\/yoast.com\/product\/yoast-seo-wordpress\/ -->\n<title>Front Seed Hopper - Claydon Drill Seed<\/title>\n<meta name=\"description\" content=\"Discover the Evolution Front Seeds Hopper: 2750L, ISOBUS, twin metering units &amp; ISOCAN terminal. Boost seeding efficiency with precision &amp; performance!\" \/>\n<meta name=\"robots\" content=\"index, follow, max-snippet:-1, max-image-preview:large, max-video-preview:-1\" \/>\n<link rel=\"canonical\" href=\"https:\/\/claydondrill.com\/fr\/tremie-frontale\/\" \/>\n<meta property=\"og:locale\" content=\"fr_FR\" \/>\n<meta property=\"og:type\" content=\"article\" \/>\n<meta property=\"og:title\" content=\"Front Seed Hopper - Claydon Drill Seed\" \/>\n<meta property=\"og:description\" content=\"Discover the Evolution Front Seeds Hopper: 2750L, ISOBUS, twin metering units &amp; ISOCAN terminal. Boost seeding efficiency with precision &amp; performance!\" \/>\n<meta property=\"og:url\" content=\"https:\/\/claydondrill.com\/fr\/tremie-frontale\/\" \/>\n<meta property=\"og:site_name\" content=\"Claydon Drill Seed\" \/>\n<meta property=\"article:modified_time\" content=\"2026-03-30T08:45:32+00:00\" \/>\n<meta name=\"twitter:card\" content=\"summary_large_image\" \/>\n<meta name=\"twitter:label1\" content=\"Dur\u00e9e de lecture estim\u00e9e\" \/>\n\t<meta name=\"twitter:data1\" content=\"2 minutes\" \/>\n<script type=\"application\/ld+json\" class=\"yoast-schema-graph\">{\"@context\":\"https:\/\/schema.org\",\"@graph\":[{\"@type\":\"WebPage\",\"@id\":\"https:\/\/claydondrill.com\/fr\/tremie-frontale\/\",\"url\":\"https:\/\/claydondrill.com\/fr\/tremie-frontale\/\",\"name\":\"Front Seed Hopper - Claydon Drill Seed\",\"isPartOf\":{\"@id\":\"https:\/\/claydondrill.com\/fr\/#website\"},\"datePublished\":\"2024-06-10T14:17:13+00:00\",\"dateModified\":\"2026-03-30T08:45:32+00:00\",\"description\":\"Discover the Evolution Front Seeds Hopper: 2750L, ISOBUS, twin metering units & ISOCAN terminal. Boost seeding efficiency with precision & performance!\",\"breadcrumb\":{\"@id\":\"https:\/\/claydondrill.com\/fr\/tremie-frontale\/#breadcrumb\"},\"inLanguage\":\"fr-FR\",\"potentialAction\":[{\"@type\":\"ReadAction\",\"target\":[\"https:\/\/claydondrill.com\/fr\/tremie-frontale\/\"]}]},{\"@type\":\"BreadcrumbList\",\"@id\":\"https:\/\/claydondrill.com\/fr\/tremie-frontale\/#breadcrumb\",\"itemListElement\":[{\"@type\":\"ListItem\",\"position\":1,\"name\":\"Home\",\"item\":\"https:\/\/claydondrill.com\/fr\/\"},{\"@type\":\"ListItem\",\"position\":2,\"name\":\"TR\u00c9MIES\"}]},{\"@type\":\"WebSite\",\"@id\":\"https:\/\/claydondrill.com\/fr\/#website\",\"url\":\"https:\/\/claydondrill.com\/fr\/\",\"name\":\"Claydon Drill Seed\",\"description\":\"\",\"potentialAction\":[{\"@type\":\"SearchAction\",\"target\":{\"@type\":\"EntryPoint\",\"urlTemplate\":\"https:\/\/claydondrill.com\/fr\/?s={search_term_string}\"},\"query-input\":{\"@type\":\"PropertyValueSpecification\",\"valueRequired\":true,\"valueName\":\"search_term_string\"}}],\"inLanguage\":\"fr-FR\"}]}<\/script>\n<!-- \/ Yoast SEO plugin. -->","yoast_head_json":{"title":"Front Seed Hopper - Claydon Drill Seed","description":"Discover the Evolution Front Seeds Hopper: 2750L, ISOBUS, twin metering units & ISOCAN terminal. Boost seeding efficiency with precision & performance!","robots":{"index":"index","follow":"follow","max-snippet":"max-snippet:-1","max-image-preview":"max-image-preview:large","max-video-preview":"max-video-preview:-1"},"canonical":"https:\/\/claydondrill.com\/fr\/tremie-frontale\/","og_locale":"fr_FR","og_type":"article","og_title":"Front Seed Hopper - Claydon Drill Seed","og_description":"Discover the Evolution Front Seeds Hopper: 2750L, ISOBUS, twin metering units & ISOCAN terminal. Boost seeding efficiency with precision & performance!","og_url":"https:\/\/claydondrill.com\/fr\/tremie-frontale\/","og_site_name":"Claydon Drill Seed","article_modified_time":"2026-03-30T08:45:32+00:00","twitter_card":"summary_large_image","twitter_misc":{"Dur\u00e9e de lecture estim\u00e9e":"2 minutes"},"schema":{"@context":"https:\/\/schema.org","@graph":[{"@type":"WebPage","@id":"https:\/\/claydondrill.com\/fr\/tremie-frontale\/","url":"https:\/\/claydondrill.com\/fr\/tremie-frontale\/","name":"Front Seed Hopper - Claydon Drill Seed","isPartOf":{"@id":"https:\/\/claydondrill.com\/fr\/#website"},"datePublished":"2024-06-10T14:17:13+00:00","dateModified":"2026-03-30T08:45:32+00:00","description":"Discover the Evolution Front Seeds Hopper: 2750L, ISOBUS, twin metering units & ISOCAN terminal. Boost seeding efficiency with precision & performance!","breadcrumb":{"@id":"https:\/\/claydondrill.com\/fr\/tremie-frontale\/#breadcrumb"},"inLanguage":"fr-FR","potentialAction":[{"@type":"ReadAction","target":["https:\/\/claydondrill.com\/fr\/tremie-frontale\/"]}]},{"@type":"BreadcrumbList","@id":"https:\/\/claydondrill.com\/fr\/tremie-frontale\/#breadcrumb","itemListElement":[{"@type":"ListItem","position":1,"name":"Home","item":"https:\/\/claydondrill.com\/fr\/"},{"@type":"ListItem","position":2,"name":"TR\u00c9MIES"}]},{"@type":"WebSite","@id":"https:\/\/claydondrill.com\/fr\/#website","url":"https:\/\/claydondrill.com\/fr\/","name":"Claydon Drill Seed","description":"","potentialAction":[{"@type":"SearchAction","target":{"@type":"EntryPoint","urlTemplate":"https:\/\/claydondrill.com\/fr\/?s={search_term_string}"},"query-input":{"@type":"PropertyValueSpecification","valueRequired":true,"valueName":"search_term_string"}}],"inLanguage":"fr-FR"}]}},"_links":{"self":[{"href":"https:\/\/claydondrill.com\/fr\/wp-json\/wp\/v2\/pages\/103397","targetHints":{"allow":["GET"]}}],"collection":[{"href":"https:\/\/claydondrill.com\/fr\/wp-json\/wp\/v2\/pages"}],"about":[{"href":"https:\/\/claydondrill.com\/fr\/wp-json\/wp\/v2\/types\/page"}],"author":[{"embeddable":true,"href":"https:\/\/claydondrill.com\/fr\/wp-json\/wp\/v2\/users\/1"}],"replies":[{"embeddable":true,"href":"https:\/\/claydondrill.com\/fr\/wp-json\/wp\/v2\/comments?post=103397"}],"version-history":[{"count":6,"href":"https:\/\/claydondrill.com\/fr\/wp-json\/wp\/v2\/pages\/103397\/revisions"}],"predecessor-version":[{"id":107484,"href":"https:\/\/claydondrill.com\/fr\/wp-json\/wp\/v2\/pages\/103397\/revisions\/107484"}],"wp:attachment":[{"href":"https:\/\/claydondrill.com\/fr\/wp-json\/wp\/v2\/media?parent=103397"}],"curies":[{"name":"wp","href":"https:\/\/api.w.org\/{rel}","templated":true}]}}