{"id":103380,"date":"2024-07-10T10:37:46","date_gmt":"2024-07-10T10:37:46","guid":{"rendered":"https:\/\/claydondrill.com\/?page_id=103380"},"modified":"2025-02-06T15:18:27","modified_gmt":"2025-02-06T15:18:27","slug":"rampe-de-semis-evolution-m-porte","status":"publish","type":"page","link":"https:\/\/claydondrill.com\/fr\/rampe-de-semis\/","title":{"rendered":"Rampe de Semis"},"content":{"rendered":"<div class=\"wpb-content-wrapper\"><p>[vc_row el_class=&#8221;top_desc eval_sec&#8221;][vc_column width=&#8221;1\/2&#8243; el_class=&#8221;top_desc&#8221;][vc_custom_heading text=&#8221;Rampe de semis Evolution&#8221; use_theme_fonts=&#8221;yes&#8221; css=&#8221;.vc_custom_1721729370378{margin-bottom: 20px !important;}&#8221;][vc_column_text]La rampe de semis Evolution M Port\u00e9 peut \u00eatre utilis\u00e9e avec la tr\u00e9mie frontale Evolution et est disponible en largeurs de 3m, 4m, 4,5m, 4,8m, 5m ou 6m.<\/p>\n<p>La sp\u00e9cification standard comprend une t\u00eate de distribution avec des tuyaux de distribution de semences de 38 mm. Une deuxi\u00e8me t\u00eate de distribution peut \u00eatre ajout\u00e9e en option, ce qui permet d&#8217;alimenter en engrais soit la dent avant, soit la dent arri\u00e8re ou les deux.[\/vc_column_text][\/vc_column][vc_column width=&#8221;1\/2&#8243; el_class=&#8221;frtlizer&#8221;][vc_btn title=&#8221;T\u00c9L\u00c9CHARGER LA FICHE PRODUIT&#8221; color=&#8221;black&#8221; align=&#8221;center&#8221; link=&#8221;url:https%3A%2F%2Fclaydondrill.com%2Fwp-content%2Fuploads%2F2024%2F07%2FClaydon-Evolution-Toolbar-leaflet-French.pdf||target:%20_blank|&#8221; el_class=&#8221;lf_btn&#8221;][\/vc_column][\/vc_row][vc_row full_width=&#8221;stretch_row&#8221; css=&#8221;.vc_custom_1674640247071{margin-top: 0px !important;margin-right: 0px !important;margin-bottom: 0px !important;margin-left: 0px !important;padding-top: 75px !important;padding-bottom: 0px !important;}&#8221; el_class=&#8221;services2 home_cat&#8221;][vc_column css=&#8221;.vc_custom_1460369393337{padding-top: 0px !important;padding-bottom: 0px !important;}&#8221;][vc_row_inner el_class=&#8221;product_sec cat_list&#8221;][vc_column_inner width=&#8221;1\/3&#8243;][vc_single_image image=&#8221;103270&#8243; img_size=&#8221;full&#8221; alignment=&#8221;center&#8221;][vc_custom_heading text=&#8221;Rampe de semis M6 Evolution&#8221; font_container=&#8221;tag:h3|text_align:left|color:%23ca1f26&#8243; use_theme_fonts=&#8221;yes&#8221; el_class=&#8221;style5&#8243; css=&#8221;.vc_custom_1721741745887{margin-top: -20px !important;margin-bottom: 10px !important;}&#8221; link=&#8221;url:https%3A%2F%2Fclaydondrill.com%2Ffr%2Fproduct%2Frampe-de-semis-m6-evolution%2F|||&#8221;][\/vc_column_inner][vc_column_inner width=&#8221;1\/3&#8243;][vc_single_image image=&#8221;103265&#8243; img_size=&#8221;full&#8221; alignment=&#8221;center&#8221;][vc_custom_heading text=&#8221;Rampe de semis M5 Evolution&#8221; font_container=&#8221;tag:h3|text_align:left|color:%23ca1f26&#8243; use_theme_fonts=&#8221;yes&#8221; el_class=&#8221;style5&#8243; css=&#8221;.vc_custom_1721741779646{margin-top: -20px !important;margin-bottom: 10px !important;}&#8221; link=&#8221;url:https%3A%2F%2Fclaydondrill.com%2Ffr%2Fproduct%2Frampe-de-semis-m5-evolution%2F|||&#8221;][\/vc_column_inner][vc_column_inner width=&#8221;1\/3&#8243;][vc_single_image image=&#8221;103250&#8243; img_size=&#8221;full&#8221; alignment=&#8221;center&#8221;][vc_custom_heading text=&#8221;Rampe de semis M4,8 Evolution&#8221; font_container=&#8221;tag:h3|text_align:left|color:%23ca1f26&#8243; use_theme_fonts=&#8221;yes&#8221; el_class=&#8221;style5&#8243; css=&#8221;.vc_custom_1721741802640{margin-top: -20px !important;margin-bottom: 10px !important;}&#8221; link=&#8221;url:https%3A%2F%2Fclaydondrill.com%2Ffr%2Fproduct%2Frampe-de-semis-m48-evolution%2F|||&#8221;][\/vc_column_inner][\/vc_row_inner][vc_row_inner el_class=&#8221;product_sec cat_list&#8221;][vc_column_inner width=&#8221;1\/3&#8243;][vc_single_image image=&#8221;103280&#8243; img_size=&#8221;full&#8221; alignment=&#8221;center&#8221;][vc_custom_heading text=&#8221;Rampe de semis M4,5 Evolution&#8221; font_container=&#8221;tag:h3|text_align:left|color:%23ca1f26&#8243; use_theme_fonts=&#8221;yes&#8221; el_class=&#8221;style5&#8243; css=&#8221;.vc_custom_1721741826345{margin-top: -20px !important;margin-bottom: 10px !important;}&#8221; link=&#8221;url:https%3A%2F%2Fclaydondrill.com%2Ffr%2Fproduct%2Frampe-de-semis-m45-evolution%2F|||&#8221;][\/vc_column_inner][vc_column_inner width=&#8221;1\/3&#8243;][vc_single_image image=&#8221;103255&#8243; img_size=&#8221;full&#8221; alignment=&#8221;center&#8221;][vc_custom_heading text=&#8221;Rampe de semis M4 Evolution&#8221; font_container=&#8221;tag:h3|text_align:left|color:%23ca1f26&#8243; use_theme_fonts=&#8221;yes&#8221; el_class=&#8221;style5&#8243; css=&#8221;.vc_custom_1721741869787{margin-top: -20px !important;margin-bottom: 10px !important;}&#8221; link=&#8221;url:https%3A%2F%2Fclaydondrill.com%2Ffr%2Fproduct%2Frampe-de-semis-m4-evolution%2F|||&#8221;][\/vc_column_inner][vc_column_inner width=&#8221;1\/3&#8243;][vc_single_image image=&#8221;103260&#8243; img_size=&#8221;full&#8221; alignment=&#8221;center&#8221;][vc_custom_heading text=&#8221;Rampe de semis M4R Evolution&#8221; font_container=&#8221;tag:h3|text_align:left|color:%23ca1f26&#8243; use_theme_fonts=&#8221;yes&#8221; el_class=&#8221;style5&#8243; css=&#8221;.vc_custom_1721741900680{margin-top: -20px !important;margin-bottom: 10px !important;}&#8221; link=&#8221;url:https%3A%2F%2Fclaydondrill.com%2Ffr%2Fproduct%2Frampe-de-semis-m4r-evolution%2F|||&#8221;][\/vc_column_inner][\/vc_row_inner][vc_row_inner el_class=&#8221;product_sec cat_list&#8221;][vc_column_inner width=&#8221;1\/3&#8243;][vc_single_image image=&#8221;103275&#8243; img_size=&#8221;full&#8221; alignment=&#8221;center&#8221;][vc_custom_heading text=&#8221;Rampe de semis M3 Evolution&#8221; font_container=&#8221;tag:h3|text_align:left|color:%23ca1f26&#8243; use_theme_fonts=&#8221;yes&#8221; el_class=&#8221;style5&#8243; css=&#8221;.vc_custom_1721741958508{margin-top: -20px !important;margin-bottom: 10px !important;}&#8221; link=&#8221;url:https%3A%2F%2Fclaydondrill.com%2Ffr%2Fproduct%2Frampe-de-semis-m3-evolution%2F|||&#8221;][\/vc_column_inner][vc_column_inner width=&#8221;1\/3&#8243;][\/vc_column_inner][vc_column_inner width=&#8221;1\/3&#8243;][\/vc_column_inner][\/vc_row_inner][\/vc_column][\/vc_row]<\/p>\n<\/div>","protected":false},"excerpt":{"rendered":"<p>[vc_row el_class=&#8221;top_desc eval_sec&#8221;][vc_column width=&#8221;1\/2&#8243; el_class=&#8221;top_desc&#8221;][vc_custom_heading text=&#8221;Rampe de semis Evolution&#8221; use_theme_fonts=&#8221;yes&#8221; css=&#8221;.vc_custom_1721729370378{margin-bottom: 20px !important;}&#8221;][vc_column_text]La rampe de semis Evolution M Port\u00e9 peut<\/p>\n","protected":false},"author":1,"featured_media":0,"parent":0,"menu_order":0,"comment_status":"closed","ping_status":"closed","template":"","meta":{"inline_featured_image":false,"footnotes":""},"class_list":["post-103380","page","type-page","status-publish","hentry"],"yoast_head":"<!-- This site is optimized with the Yoast SEO plugin v27.1.1 - https:\/\/yoast.com\/product\/yoast-seo-wordpress\/ -->\n<title>Rampe de Semis - Claydon Drill Seed<\/title>\n<meta name=\"robots\" content=\"index, follow, max-snippet:-1, max-image-preview:large, max-video-preview:-1\" \/>\n<link rel=\"canonical\" href=\"https:\/\/claydondrill.com\/fr\/rampe-de-semis\/\" \/>\n<meta property=\"og:locale\" content=\"fr_FR\" \/>\n<meta property=\"og:type\" content=\"article\" \/>\n<meta property=\"og:title\" content=\"Rampe de Semis - Claydon Drill Seed\" \/>\n<meta property=\"og:description\" content=\"[vc_row el_class=&#8221;top_desc eval_sec&#8221;][vc_column width=&#8221;1\/2&#8243; el_class=&#8221;top_desc&#8221;][vc_custom_heading text=&#8221;Rampe de semis Evolution&#8221; use_theme_fonts=&#8221;yes&#8221; css=&#8221;.vc_custom_1721729370378{margin-bottom: 20px !important;}&#8221;][vc_column_text]La rampe de semis Evolution M Port\u00e9 peut\" \/>\n<meta property=\"og:url\" content=\"https:\/\/claydondrill.com\/fr\/rampe-de-semis\/\" \/>\n<meta property=\"og:site_name\" content=\"Claydon Drill Seed\" \/>\n<meta property=\"article:modified_time\" content=\"2025-02-06T15:18:27+00:00\" \/>\n<meta name=\"twitter:card\" content=\"summary_large_image\" \/>\n<meta name=\"twitter:label1\" content=\"Dur\u00e9e de lecture estim\u00e9e\" \/>\n\t<meta name=\"twitter:data1\" content=\"2 minutes\" \/>\n<script type=\"application\/ld+json\" class=\"yoast-schema-graph\">{\"@context\":\"https:\/\/schema.org\",\"@graph\":[{\"@type\":\"WebPage\",\"@id\":\"https:\/\/claydondrill.com\/fr\/rampe-de-semis\/\",\"url\":\"https:\/\/claydondrill.com\/fr\/rampe-de-semis\/\",\"name\":\"Rampe de Semis - Claydon Drill Seed\",\"isPartOf\":{\"@id\":\"https:\/\/claydondrill.com\/fr\/#website\"},\"datePublished\":\"2024-07-10T10:37:46+00:00\",\"dateModified\":\"2025-02-06T15:18:27+00:00\",\"breadcrumb\":{\"@id\":\"https:\/\/claydondrill.com\/fr\/rampe-de-semis\/#breadcrumb\"},\"inLanguage\":\"fr-FR\",\"potentialAction\":[{\"@type\":\"ReadAction\",\"target\":[\"https:\/\/claydondrill.com\/fr\/rampe-de-semis\/\"]}]},{\"@type\":\"BreadcrumbList\",\"@id\":\"https:\/\/claydondrill.com\/fr\/rampe-de-semis\/#breadcrumb\",\"itemListElement\":[{\"@type\":\"ListItem\",\"position\":1,\"name\":\"Home\",\"item\":\"https:\/\/claydondrill.com\/fr\/\"},{\"@type\":\"ListItem\",\"position\":2,\"name\":\"Rampe de Semis\"}]},{\"@type\":\"WebSite\",\"@id\":\"https:\/\/claydondrill.com\/fr\/#website\",\"url\":\"https:\/\/claydondrill.com\/fr\/\",\"name\":\"Claydon Drill Seed\",\"description\":\"\",\"potentialAction\":[{\"@type\":\"SearchAction\",\"target\":{\"@type\":\"EntryPoint\",\"urlTemplate\":\"https:\/\/claydondrill.com\/fr\/?s={search_term_string}\"},\"query-input\":{\"@type\":\"PropertyValueSpecification\",\"valueRequired\":true,\"valueName\":\"search_term_string\"}}],\"inLanguage\":\"fr-FR\"}]}<\/script>\n<!-- \/ Yoast SEO plugin. -->","yoast_head_json":{"title":"Rampe de Semis - Claydon Drill Seed","robots":{"index":"index","follow":"follow","max-snippet":"max-snippet:-1","max-image-preview":"max-image-preview:large","max-video-preview":"max-video-preview:-1"},"canonical":"https:\/\/claydondrill.com\/fr\/rampe-de-semis\/","og_locale":"fr_FR","og_type":"article","og_title":"Rampe de Semis - Claydon Drill Seed","og_description":"[vc_row el_class=&#8221;top_desc eval_sec&#8221;][vc_column width=&#8221;1\/2&#8243; el_class=&#8221;top_desc&#8221;][vc_custom_heading text=&#8221;Rampe de semis Evolution&#8221; use_theme_fonts=&#8221;yes&#8221; css=&#8221;.vc_custom_1721729370378{margin-bottom: 20px !important;}&#8221;][vc_column_text]La rampe de semis Evolution M Port\u00e9 peut","og_url":"https:\/\/claydondrill.com\/fr\/rampe-de-semis\/","og_site_name":"Claydon Drill Seed","article_modified_time":"2025-02-06T15:18:27+00:00","twitter_card":"summary_large_image","twitter_misc":{"Dur\u00e9e de lecture estim\u00e9e":"2 minutes"},"schema":{"@context":"https:\/\/schema.org","@graph":[{"@type":"WebPage","@id":"https:\/\/claydondrill.com\/fr\/rampe-de-semis\/","url":"https:\/\/claydondrill.com\/fr\/rampe-de-semis\/","name":"Rampe de Semis - Claydon Drill Seed","isPartOf":{"@id":"https:\/\/claydondrill.com\/fr\/#website"},"datePublished":"2024-07-10T10:37:46+00:00","dateModified":"2025-02-06T15:18:27+00:00","breadcrumb":{"@id":"https:\/\/claydondrill.com\/fr\/rampe-de-semis\/#breadcrumb"},"inLanguage":"fr-FR","potentialAction":[{"@type":"ReadAction","target":["https:\/\/claydondrill.com\/fr\/rampe-de-semis\/"]}]},{"@type":"BreadcrumbList","@id":"https:\/\/claydondrill.com\/fr\/rampe-de-semis\/#breadcrumb","itemListElement":[{"@type":"ListItem","position":1,"name":"Home","item":"https:\/\/claydondrill.com\/fr\/"},{"@type":"ListItem","position":2,"name":"Rampe de Semis"}]},{"@type":"WebSite","@id":"https:\/\/claydondrill.com\/fr\/#website","url":"https:\/\/claydondrill.com\/fr\/","name":"Claydon Drill Seed","description":"","potentialAction":[{"@type":"SearchAction","target":{"@type":"EntryPoint","urlTemplate":"https:\/\/claydondrill.com\/fr\/?s={search_term_string}"},"query-input":{"@type":"PropertyValueSpecification","valueRequired":true,"valueName":"search_term_string"}}],"inLanguage":"fr-FR"}]}},"_links":{"self":[{"href":"https:\/\/claydondrill.com\/fr\/wp-json\/wp\/v2\/pages\/103380","targetHints":{"allow":["GET"]}}],"collection":[{"href":"https:\/\/claydondrill.com\/fr\/wp-json\/wp\/v2\/pages"}],"about":[{"href":"https:\/\/claydondrill.com\/fr\/wp-json\/wp\/v2\/types\/page"}],"author":[{"embeddable":true,"href":"https:\/\/claydondrill.com\/fr\/wp-json\/wp\/v2\/users\/1"}],"replies":[{"embeddable":true,"href":"https:\/\/claydondrill.com\/fr\/wp-json\/wp\/v2\/comments?post=103380"}],"version-history":[{"count":0,"href":"https:\/\/claydondrill.com\/fr\/wp-json\/wp\/v2\/pages\/103380\/revisions"}],"wp:attachment":[{"href":"https:\/\/claydondrill.com\/fr\/wp-json\/wp\/v2\/media?parent=103380"}],"curies":[{"name":"wp","href":"https:\/\/api.w.org\/{rel}","templated":true}]}}