{"id":100606,"date":"2025-04-08T11:31:49","date_gmt":"2025-04-08T11:31:49","guid":{"rendered":"https:\/\/claydondrill.com\/?page_id=100606"},"modified":"2025-04-08T11:33:03","modified_gmt":"2025-04-08T11:33:03","slug":"etudes-de-cas","status":"publish","type":"page","link":"https:\/\/claydondrill.com\/fr\/etudes-de-cas\/","title":{"rendered":"\u00c9TUDES DE CAS"},"content":{"rendered":"<div class=\"wpb-content-wrapper\"><p>[vc_row][vc_column el_class=&#8221;case_left&#8221;][vc_custom_heading text=&#8221;\u00c9TUDES DE CAS&#8221; use_theme_fonts=&#8221;yes&#8221;][vc_column_text]\t<div class=\"case_left\">\n\t <\/div>\n [\/vc_column_text][\/vc_column][\/vc_row]<\/p>\n<\/div>","protected":false},"excerpt":{"rendered":"<p>[vc_row][vc_column el_class=&#8221;case_left&#8221;][vc_custom_heading text=&#8221;\u00c9TUDES DE CAS&#8221; use_theme_fonts=&#8221;yes&#8221;][vc_column_text][\/vc_column_text][\/vc_column][\/vc_row]<\/p>\n","protected":false},"author":1,"featured_media":88106,"parent":0,"menu_order":15,"comment_status":"closed","ping_status":"closed","template":"","meta":{"inline_featured_image":false,"footnotes":""},"class_list":["post-100606","page","type-page","status-publish","has-post-thumbnail","hentry"],"yoast_head":"<!-- This site is optimized with the Yoast SEO plugin v27.1.1 - https:\/\/yoast.com\/product\/yoast-seo-wordpress\/ -->\n<title>Comment les Agriculteurs R\u00e9ussissent avec le Syst\u00e8me Claydon<\/title>\n<meta name=\"description\" content=\"D\u00e9couvrez comment le syst\u00e8me Claydon a aid\u00e9 les agriculteurs \u00e0 am\u00e9liorer leur production et la sant\u00e9 des sols. Consultez nos \u00e9tudes de cas pr\u00e9c\u00e9dentes ici.\" \/>\n<meta name=\"robots\" content=\"index, follow, max-snippet:-1, max-image-preview:large, max-video-preview:-1\" \/>\n<link rel=\"canonical\" href=\"https:\/\/claydondrill.com\/fr\/etudes-de-cas\/\" \/>\n<meta property=\"og:locale\" content=\"fr_FR\" \/>\n<meta property=\"og:type\" content=\"article\" \/>\n<meta property=\"og:title\" content=\"Comment les Agriculteurs R\u00e9ussissent avec le Syst\u00e8me Claydon\" \/>\n<meta property=\"og:description\" content=\"D\u00e9couvrez comment le syst\u00e8me Claydon a aid\u00e9 les agriculteurs \u00e0 am\u00e9liorer leur production et la sant\u00e9 des sols. Consultez nos \u00e9tudes de cas pr\u00e9c\u00e9dentes ici.\" \/>\n<meta property=\"og:url\" content=\"https:\/\/claydondrill.com\/fr\/etudes-de-cas\/\" \/>\n<meta property=\"og:site_name\" content=\"Claydon Drill Seed\" \/>\n<meta property=\"article:modified_time\" content=\"2025-04-08T11:33:03+00:00\" \/>\n<meta property=\"og:image\" content=\"https:\/\/claydondrill.com\/wp-content\/uploads\/2020\/06\/image11.jpg\" \/>\n\t<meta property=\"og:image:width\" content=\"400\" \/>\n\t<meta property=\"og:image:height\" content=\"406\" \/>\n\t<meta property=\"og:image:type\" content=\"image\/jpeg\" \/>\n<meta name=\"twitter:card\" content=\"summary_large_image\" \/>\n<meta name=\"twitter:label1\" content=\"Dur\u00e9e de lecture estim\u00e9e\" \/>\n\t<meta name=\"twitter:data1\" content=\"1 minute\" \/>\n<script type=\"application\/ld+json\" class=\"yoast-schema-graph\">{\"@context\":\"https:\/\/schema.org\",\"@graph\":[{\"@type\":\"WebPage\",\"@id\":\"https:\/\/claydondrill.com\/fr\/etudes-de-cas\/\",\"url\":\"https:\/\/claydondrill.com\/fr\/etudes-de-cas\/\",\"name\":\"Comment les Agriculteurs R\u00e9ussissent avec le Syst\u00e8me Claydon\",\"isPartOf\":{\"@id\":\"https:\/\/claydondrill.com\/fr\/#website\"},\"primaryImageOfPage\":{\"@id\":\"https:\/\/claydondrill.com\/fr\/etudes-de-cas\/#primaryimage\"},\"image\":{\"@id\":\"https:\/\/claydondrill.com\/fr\/etudes-de-cas\/#primaryimage\"},\"thumbnailUrl\":\"https:\/\/claydondrill.com\/wp-content\/uploads\/2020\/06\/image11.jpg\",\"datePublished\":\"2025-04-08T11:31:49+00:00\",\"dateModified\":\"2025-04-08T11:33:03+00:00\",\"description\":\"D\u00e9couvrez comment le syst\u00e8me Claydon a aid\u00e9 les agriculteurs \u00e0 am\u00e9liorer leur production et la sant\u00e9 des sols. Consultez nos \u00e9tudes de cas pr\u00e9c\u00e9dentes ici.\",\"breadcrumb\":{\"@id\":\"https:\/\/claydondrill.com\/fr\/etudes-de-cas\/#breadcrumb\"},\"inLanguage\":\"fr-FR\",\"potentialAction\":[{\"@type\":\"ReadAction\",\"target\":[\"https:\/\/claydondrill.com\/fr\/etudes-de-cas\/\"]}]},{\"@type\":\"ImageObject\",\"inLanguage\":\"fr-FR\",\"@id\":\"https:\/\/claydondrill.com\/fr\/etudes-de-cas\/#primaryimage\",\"url\":\"https:\/\/claydondrill.com\/wp-content\/uploads\/2020\/06\/image11.jpg\",\"contentUrl\":\"https:\/\/claydondrill.com\/wp-content\/uploads\/2020\/06\/image11.jpg\",\"width\":400,\"height\":406},{\"@type\":\"BreadcrumbList\",\"@id\":\"https:\/\/claydondrill.com\/fr\/etudes-de-cas\/#breadcrumb\",\"itemListElement\":[{\"@type\":\"ListItem\",\"position\":1,\"name\":\"Home\",\"item\":\"https:\/\/claydondrill.com\/fr\/\"},{\"@type\":\"ListItem\",\"position\":2,\"name\":\"\u00c9TUDES DE CAS\"}]},{\"@type\":\"WebSite\",\"@id\":\"https:\/\/claydondrill.com\/fr\/#website\",\"url\":\"https:\/\/claydondrill.com\/fr\/\",\"name\":\"Claydon Drill Seed\",\"description\":\"\",\"potentialAction\":[{\"@type\":\"SearchAction\",\"target\":{\"@type\":\"EntryPoint\",\"urlTemplate\":\"https:\/\/claydondrill.com\/fr\/?s={search_term_string}\"},\"query-input\":{\"@type\":\"PropertyValueSpecification\",\"valueRequired\":true,\"valueName\":\"search_term_string\"}}],\"inLanguage\":\"fr-FR\"}]}<\/script>\n<!-- \/ Yoast SEO plugin. -->","yoast_head_json":{"title":"Comment les Agriculteurs R\u00e9ussissent avec le Syst\u00e8me Claydon","description":"D\u00e9couvrez comment le syst\u00e8me Claydon a aid\u00e9 les agriculteurs \u00e0 am\u00e9liorer leur production et la sant\u00e9 des sols. Consultez nos \u00e9tudes de cas pr\u00e9c\u00e9dentes ici.","robots":{"index":"index","follow":"follow","max-snippet":"max-snippet:-1","max-image-preview":"max-image-preview:large","max-video-preview":"max-video-preview:-1"},"canonical":"https:\/\/claydondrill.com\/fr\/etudes-de-cas\/","og_locale":"fr_FR","og_type":"article","og_title":"Comment les Agriculteurs R\u00e9ussissent avec le Syst\u00e8me Claydon","og_description":"D\u00e9couvrez comment le syst\u00e8me Claydon a aid\u00e9 les agriculteurs \u00e0 am\u00e9liorer leur production et la sant\u00e9 des sols. Consultez nos \u00e9tudes de cas pr\u00e9c\u00e9dentes ici.","og_url":"https:\/\/claydondrill.com\/fr\/etudes-de-cas\/","og_site_name":"Claydon Drill Seed","article_modified_time":"2025-04-08T11:33:03+00:00","og_image":[{"width":400,"height":406,"url":"https:\/\/claydondrill.com\/wp-content\/uploads\/2020\/06\/image11.jpg","type":"image\/jpeg"}],"twitter_card":"summary_large_image","twitter_misc":{"Dur\u00e9e de lecture estim\u00e9e":"1 minute"},"schema":{"@context":"https:\/\/schema.org","@graph":[{"@type":"WebPage","@id":"https:\/\/claydondrill.com\/fr\/etudes-de-cas\/","url":"https:\/\/claydondrill.com\/fr\/etudes-de-cas\/","name":"Comment les Agriculteurs R\u00e9ussissent avec le Syst\u00e8me Claydon","isPartOf":{"@id":"https:\/\/claydondrill.com\/fr\/#website"},"primaryImageOfPage":{"@id":"https:\/\/claydondrill.com\/fr\/etudes-de-cas\/#primaryimage"},"image":{"@id":"https:\/\/claydondrill.com\/fr\/etudes-de-cas\/#primaryimage"},"thumbnailUrl":"https:\/\/claydondrill.com\/wp-content\/uploads\/2020\/06\/image11.jpg","datePublished":"2025-04-08T11:31:49+00:00","dateModified":"2025-04-08T11:33:03+00:00","description":"D\u00e9couvrez comment le syst\u00e8me Claydon a aid\u00e9 les agriculteurs \u00e0 am\u00e9liorer leur production et la sant\u00e9 des sols. Consultez nos \u00e9tudes de cas pr\u00e9c\u00e9dentes ici.","breadcrumb":{"@id":"https:\/\/claydondrill.com\/fr\/etudes-de-cas\/#breadcrumb"},"inLanguage":"fr-FR","potentialAction":[{"@type":"ReadAction","target":["https:\/\/claydondrill.com\/fr\/etudes-de-cas\/"]}]},{"@type":"ImageObject","inLanguage":"fr-FR","@id":"https:\/\/claydondrill.com\/fr\/etudes-de-cas\/#primaryimage","url":"https:\/\/claydondrill.com\/wp-content\/uploads\/2020\/06\/image11.jpg","contentUrl":"https:\/\/claydondrill.com\/wp-content\/uploads\/2020\/06\/image11.jpg","width":400,"height":406},{"@type":"BreadcrumbList","@id":"https:\/\/claydondrill.com\/fr\/etudes-de-cas\/#breadcrumb","itemListElement":[{"@type":"ListItem","position":1,"name":"Home","item":"https:\/\/claydondrill.com\/fr\/"},{"@type":"ListItem","position":2,"name":"\u00c9TUDES DE CAS"}]},{"@type":"WebSite","@id":"https:\/\/claydondrill.com\/fr\/#website","url":"https:\/\/claydondrill.com\/fr\/","name":"Claydon Drill Seed","description":"","potentialAction":[{"@type":"SearchAction","target":{"@type":"EntryPoint","urlTemplate":"https:\/\/claydondrill.com\/fr\/?s={search_term_string}"},"query-input":{"@type":"PropertyValueSpecification","valueRequired":true,"valueName":"search_term_string"}}],"inLanguage":"fr-FR"}]}},"_links":{"self":[{"href":"https:\/\/claydondrill.com\/fr\/wp-json\/wp\/v2\/pages\/100606","targetHints":{"allow":["GET"]}}],"collection":[{"href":"https:\/\/claydondrill.com\/fr\/wp-json\/wp\/v2\/pages"}],"about":[{"href":"https:\/\/claydondrill.com\/fr\/wp-json\/wp\/v2\/types\/page"}],"author":[{"embeddable":true,"href":"https:\/\/claydondrill.com\/fr\/wp-json\/wp\/v2\/users\/1"}],"replies":[{"embeddable":true,"href":"https:\/\/claydondrill.com\/fr\/wp-json\/wp\/v2\/comments?post=100606"}],"version-history":[{"count":0,"href":"https:\/\/claydondrill.com\/fr\/wp-json\/wp\/v2\/pages\/100606\/revisions"}],"wp:featuredmedia":[{"embeddable":true,"href":"https:\/\/claydondrill.com\/fr\/wp-json\/wp\/v2\/media\/88106"}],"wp:attachment":[{"href":"https:\/\/claydondrill.com\/fr\/wp-json\/wp\/v2\/media?parent=100606"}],"curies":[{"name":"wp","href":"https:\/\/api.w.org\/{rel}","templated":true}]}}