{"id":93516,"date":"2020-08-21T21:53:22","date_gmt":"2020-08-21T21:53:22","guid":{"rendered":"https:\/\/claydondrill.com\/product\/6m-terrastar\/"},"modified":"2022-09-22T09:30:33","modified_gmt":"2022-09-22T09:30:33","slug":"6m-terrastar","status":"publish","type":"product","link":"https:\/\/claydondrill.com\/de\/product\/6m-terrastar\/","title":{"rendered":"6m TerraStar"},"content":{"rendered":"<div class=\"wpb-content-wrapper\"><p>[vc_row][vc_column][vc_custom_heading text=&#8221;Konstruktionsmerkmale&#8221; use_theme_fonts=&#8221;yes&#8221; css=&#8221;.vc_custom_1633076611607{border-bottom-width: 20px !important;}&#8221;][vc_tta_accordion][vc_tta_section title=&#8221;Bodenbewegung ohne Beeintr\u00e4chtigung der Bodenstruktur&#8221; tab_id=&#8221;1592830786278-25940583-c2e3&#8243;][vc_column_text]Rotierende Sternpunkte, die in einem 200-mm-Raster angebracht sind, erzeugen quadratische Soden von 80 mm\u00b2 und einen \u201eEierkarton\u201c-Effekt.[\/vc_column_text][\/vc_tta_section][vc_tta_section title=&#8221;Tiefenf\u00fchrung&#8221; tab_id=&#8221;1592830786302-1f2f3fdb-18c2&#8243;][vc_column_text]Tiefenf\u00fchrungsr\u00e4der gew\u00e4hrleisten eine genaue Tiefensteuerung f\u00fcr mehrere Durchg\u00e4nge.[\/vc_column_text][\/vc_tta_section][vc_tta_section title=&#8221;R\u00fcckverfestigung&#8221; tab_id=&#8221;1592830786325-679294e8-f7b0&#8243;][vc_column_text]Optionale Striegelreihe[\/vc_column_text][\/vc_tta_section][\/vc_tta_accordion][\/vc_column][\/vc_row]<\/p>\n<\/div>","protected":false},"excerpt":{"rendered":"<p>[vc_row][vc_column][vc_custom_heading text=&#8221;Konstruktionsmerkmale&#8221; use_theme_fonts=&#8221;yes&#8221; css=&#8221;.vc_custom_1633076611607{border-bottom-width: 20px !important;}&#8221;][vc_tta_accordion][vc_tta_section title=&#8221;Bodenbewegung ohne Beeintr\u00e4chtigung der Bodenstruktur&#8221; tab_id=&#8221;1592830786278-25940583-c2e3&#8243;][vc_column_text]Rotierende Sternpunkte, die in einem 200-mm-Raster angebracht sind, erzeugen<\/p>\n","protected":false},"featured_media":92312,"template":"","meta":{"inline_featured_image":false},"product_brand":[],"product_cat":[184],"product_tag":[],"class_list":{"0":"post-93516","1":"product","2":"type-product","3":"status-publish","4":"has-post-thumbnail","6":"product_cat-products-de","8":"first","9":"instock","10":"shipping-taxable","11":"product-type-simple"},"yoast_head":"<!-- This site is optimized with the Yoast SEO plugin v27.1.1 - https:\/\/yoast.com\/product\/yoast-seo-wordpress\/ -->\n<title>6m TerraStar | Traktor Rotavator | Kreiselgrubber | Claydon-Bohrer<\/title>\n<meta name=\"description\" content=\"Looking for a 6m rotary cultivator for your tractor? Look into Claydon Drills. Our tractor rotavators are quick, efficient, and low-cost to operate.\" \/>\n<meta name=\"robots\" content=\"index, follow, max-snippet:-1, max-image-preview:large, max-video-preview:-1\" \/>\n<link rel=\"canonical\" href=\"https:\/\/claydondrill.com\/de\/product\/6m-terrastar\/\" \/>\n<meta property=\"og:locale\" content=\"de_DE\" \/>\n<meta property=\"og:type\" content=\"article\" \/>\n<meta property=\"og:title\" content=\"6m TerraStar | Traktor Rotavator | Kreiselgrubber | Claydon-Bohrer\" \/>\n<meta property=\"og:description\" content=\"Looking for a 6m rotary cultivator for your tractor? Look into Claydon Drills. Our tractor rotavators are quick, efficient, and low-cost to operate.\" \/>\n<meta property=\"og:url\" content=\"https:\/\/claydondrill.com\/de\/product\/6m-terrastar\/\" \/>\n<meta property=\"og:site_name\" content=\"Claydon Drill Seed\" \/>\n<meta property=\"article:modified_time\" content=\"2022-09-22T09:30:33+00:00\" \/>\n<meta property=\"og:image\" content=\"https:\/\/claydondrill.com\/wp-content\/uploads\/2020\/10\/6m-TerraStar-3.jpg\" \/>\n\t<meta property=\"og:image:width\" content=\"2500\" \/>\n\t<meta property=\"og:image:height\" content=\"1674\" \/>\n\t<meta property=\"og:image:type\" content=\"image\/jpeg\" \/>\n<meta name=\"twitter:card\" content=\"summary_large_image\" \/>\n<meta name=\"twitter:label1\" content=\"Gesch\u00e4tzte Lesezeit\" \/>\n\t<meta name=\"twitter:data1\" content=\"1\u00a0Minute\" \/>\n<script type=\"application\/ld+json\" class=\"yoast-schema-graph\">{\"@context\":\"https:\/\/schema.org\",\"@graph\":[{\"@type\":\"WebPage\",\"@id\":\"https:\/\/claydondrill.com\/de\/product\/6m-terrastar\/\",\"url\":\"https:\/\/claydondrill.com\/de\/product\/6m-terrastar\/\",\"name\":\"6m TerraStar | Traktor Rotavator | Kreiselgrubber | Claydon-Bohrer\",\"isPartOf\":{\"@id\":\"https:\/\/claydondrill.com\/de\/#website\"},\"primaryImageOfPage\":{\"@id\":\"https:\/\/claydondrill.com\/de\/product\/6m-terrastar\/#primaryimage\"},\"image\":{\"@id\":\"https:\/\/claydondrill.com\/de\/product\/6m-terrastar\/#primaryimage\"},\"thumbnailUrl\":\"https:\/\/claydondrill.com\/wp-content\/uploads\/2020\/10\/6m-TerraStar-3.jpg\",\"datePublished\":\"2020-08-21T21:53:22+00:00\",\"dateModified\":\"2022-09-22T09:30:33+00:00\",\"description\":\"Looking for a 6m rotary cultivator for your tractor? Look into Claydon Drills. Our tractor rotavators are quick, efficient, and low-cost to operate.\",\"breadcrumb\":{\"@id\":\"https:\/\/claydondrill.com\/de\/product\/6m-terrastar\/#breadcrumb\"},\"inLanguage\":\"de\",\"potentialAction\":[{\"@type\":\"ReadAction\",\"target\":[\"https:\/\/claydondrill.com\/de\/product\/6m-terrastar\/\"]}]},{\"@type\":\"ImageObject\",\"inLanguage\":\"de\",\"@id\":\"https:\/\/claydondrill.com\/de\/product\/6m-terrastar\/#primaryimage\",\"url\":\"https:\/\/claydondrill.com\/wp-content\/uploads\/2020\/10\/6m-TerraStar-3.jpg\",\"contentUrl\":\"https:\/\/claydondrill.com\/wp-content\/uploads\/2020\/10\/6m-TerraStar-3.jpg\",\"width\":2500,\"height\":1674},{\"@type\":\"BreadcrumbList\",\"@id\":\"https:\/\/claydondrill.com\/de\/product\/6m-terrastar\/#breadcrumb\",\"itemListElement\":[{\"@type\":\"ListItem\",\"position\":1,\"name\":\"Home\",\"item\":\"https:\/\/claydondrill.com\/de\/\"},{\"@type\":\"ListItem\",\"position\":2,\"name\":\"6m TerraStar\"}]},{\"@type\":\"WebSite\",\"@id\":\"https:\/\/claydondrill.com\/de\/#website\",\"url\":\"https:\/\/claydondrill.com\/de\/\",\"name\":\"Claydon Drill Seed\",\"description\":\"\",\"potentialAction\":[{\"@type\":\"SearchAction\",\"target\":{\"@type\":\"EntryPoint\",\"urlTemplate\":\"https:\/\/claydondrill.com\/de\/?s={search_term_string}\"},\"query-input\":{\"@type\":\"PropertyValueSpecification\",\"valueRequired\":true,\"valueName\":\"search_term_string\"}}],\"inLanguage\":\"de\"}]}<\/script>\n<!-- \/ Yoast SEO plugin. -->","yoast_head_json":{"title":"6m TerraStar | Traktor Rotavator | Kreiselgrubber | Claydon-Bohrer","description":"Looking for a 6m rotary cultivator for your tractor? Look into Claydon Drills. Our tractor rotavators are quick, efficient, and low-cost to operate.","robots":{"index":"index","follow":"follow","max-snippet":"max-snippet:-1","max-image-preview":"max-image-preview:large","max-video-preview":"max-video-preview:-1"},"canonical":"https:\/\/claydondrill.com\/de\/product\/6m-terrastar\/","og_locale":"de_DE","og_type":"article","og_title":"6m TerraStar | Traktor Rotavator | Kreiselgrubber | Claydon-Bohrer","og_description":"Looking for a 6m rotary cultivator for your tractor? Look into Claydon Drills. Our tractor rotavators are quick, efficient, and low-cost to operate.","og_url":"https:\/\/claydondrill.com\/de\/product\/6m-terrastar\/","og_site_name":"Claydon Drill Seed","article_modified_time":"2022-09-22T09:30:33+00:00","og_image":[{"width":2500,"height":1674,"url":"https:\/\/claydondrill.com\/wp-content\/uploads\/2020\/10\/6m-TerraStar-3.jpg","type":"image\/jpeg"}],"twitter_card":"summary_large_image","twitter_misc":{"Gesch\u00e4tzte Lesezeit":"1\u00a0Minute"},"schema":{"@context":"https:\/\/schema.org","@graph":[{"@type":"WebPage","@id":"https:\/\/claydondrill.com\/de\/product\/6m-terrastar\/","url":"https:\/\/claydondrill.com\/de\/product\/6m-terrastar\/","name":"6m TerraStar | Traktor Rotavator | Kreiselgrubber | Claydon-Bohrer","isPartOf":{"@id":"https:\/\/claydondrill.com\/de\/#website"},"primaryImageOfPage":{"@id":"https:\/\/claydondrill.com\/de\/product\/6m-terrastar\/#primaryimage"},"image":{"@id":"https:\/\/claydondrill.com\/de\/product\/6m-terrastar\/#primaryimage"},"thumbnailUrl":"https:\/\/claydondrill.com\/wp-content\/uploads\/2020\/10\/6m-TerraStar-3.jpg","datePublished":"2020-08-21T21:53:22+00:00","dateModified":"2022-09-22T09:30:33+00:00","description":"Looking for a 6m rotary cultivator for your tractor? Look into Claydon Drills. Our tractor rotavators are quick, efficient, and low-cost to operate.","breadcrumb":{"@id":"https:\/\/claydondrill.com\/de\/product\/6m-terrastar\/#breadcrumb"},"inLanguage":"de","potentialAction":[{"@type":"ReadAction","target":["https:\/\/claydondrill.com\/de\/product\/6m-terrastar\/"]}]},{"@type":"ImageObject","inLanguage":"de","@id":"https:\/\/claydondrill.com\/de\/product\/6m-terrastar\/#primaryimage","url":"https:\/\/claydondrill.com\/wp-content\/uploads\/2020\/10\/6m-TerraStar-3.jpg","contentUrl":"https:\/\/claydondrill.com\/wp-content\/uploads\/2020\/10\/6m-TerraStar-3.jpg","width":2500,"height":1674},{"@type":"BreadcrumbList","@id":"https:\/\/claydondrill.com\/de\/product\/6m-terrastar\/#breadcrumb","itemListElement":[{"@type":"ListItem","position":1,"name":"Home","item":"https:\/\/claydondrill.com\/de\/"},{"@type":"ListItem","position":2,"name":"6m TerraStar"}]},{"@type":"WebSite","@id":"https:\/\/claydondrill.com\/de\/#website","url":"https:\/\/claydondrill.com\/de\/","name":"Claydon Drill Seed","description":"","potentialAction":[{"@type":"SearchAction","target":{"@type":"EntryPoint","urlTemplate":"https:\/\/claydondrill.com\/de\/?s={search_term_string}"},"query-input":{"@type":"PropertyValueSpecification","valueRequired":true,"valueName":"search_term_string"}}],"inLanguage":"de"}]}},"_links":{"self":[{"href":"https:\/\/claydondrill.com\/de\/wp-json\/wp\/v2\/product\/93516","targetHints":{"allow":["GET"]}}],"collection":[{"href":"https:\/\/claydondrill.com\/de\/wp-json\/wp\/v2\/product"}],"about":[{"href":"https:\/\/claydondrill.com\/de\/wp-json\/wp\/v2\/types\/product"}],"wp:featuredmedia":[{"embeddable":true,"href":"https:\/\/claydondrill.com\/de\/wp-json\/wp\/v2\/media\/92312"}],"wp:attachment":[{"href":"https:\/\/claydondrill.com\/de\/wp-json\/wp\/v2\/media?parent=93516"}],"wp:term":[{"taxonomy":"product_brand","embeddable":true,"href":"https:\/\/claydondrill.com\/de\/wp-json\/wp\/v2\/product_brand?post=93516"},{"taxonomy":"product_cat","embeddable":true,"href":"https:\/\/claydondrill.com\/de\/wp-json\/wp\/v2\/product_cat?post=93516"},{"taxonomy":"product_tag","embeddable":true,"href":"https:\/\/claydondrill.com\/de\/wp-json\/wp\/v2\/product_tag?post=93516"}],"curies":[{"name":"wp","href":"https:\/\/api.w.org\/{rel}","templated":true}]}}