{"id":93368,"date":"2021-09-30T13:01:31","date_gmt":"2021-09-30T13:01:31","guid":{"rendered":"https:\/\/claydondrill.com\/?post_type=product&#038;p=93368"},"modified":"2026-02-17T11:16:42","modified_gmt":"2026-02-17T10:16:42","slug":"4-8m-terrablade","status":"publish","type":"product","link":"https:\/\/claydondrill.com\/de\/product\/4-8m-terrablade\/","title":{"rendered":"4.8m TerraBlade"},"content":{"rendered":"<div class=\"wpb-content-wrapper\"><p>[vc_row][vc_column][vc_custom_heading text=&#8221;KONSTRUKTIONSMERKMALE&#8221; use_theme_fonts=&#8221;yes&#8221; css=&#8221;.vc_custom_1632998233089{border-bottom-width: 20px !important;}&#8221;][vc_tta_accordion][vc_tta_section title=&#8221;Zinken im Claydon-Design&#8221; tab_id=&#8221;1592830786278-25940583-c2e3&#8243;][vc_column_text]<\/p>\n<ul>\n<li>Zinken\u00a0125\u00a0mm, 150\u00a0mm, 175\u00a0mm oder 200\u00a0mm passen sich an die Konturen an<\/li>\n<li>Wolframkarbid-Beschichtung f\u00fcr l\u00e4ngere Verschlei\u00dffestigkeit, gleichm\u00e4\u00dfigere Arbeitsqulit\u00e4t in harten, trockenen B\u00f6den<\/li>\n<li>Druck an unterschiedliche Bodentypen und -bedingungen anpassbar<\/li>\n<li>Stufenlose Anpassung an jede Reihenweite f\u00fcr den Einsatz in jedem Bandsaatsystem<\/li>\n<li>Das umgedrehte Fl\u00fcgeldesign sorgt f\u00fcr eine positive Schneidwirkung \u00fcber die gesamte Breite der Klinge und h\u00e4lt die Form l\u00e4nger<\/li>\n<li>Umgekehrte Fl\u00fcgelkonstruktion reduziert den Bodenwurf<br \/>\n<img loading=\"lazy\" decoding=\"async\" class=\"alignnone wp-image-83782\" src=\"https:\/\/claydondrill.com\/wp-content\/uploads\/2021\/02\/TerraBlade-125mm-Blade-scaled-300x232.jpg\" alt=\"TerraBlade 125mm Blade\" width=\"200\" height=\"155\" srcset=\"https:\/\/claydondrill.com\/wp-content\/uploads\/2021\/02\/TerraBlade-125mm-Blade-scaled-300x232.jpg 300w, https:\/\/claydondrill.com\/wp-content\/uploads\/2021\/02\/TerraBlade-125mm-Blade-scaled-1024x791.jpg 1024w, https:\/\/claydondrill.com\/wp-content\/uploads\/2021\/02\/TerraBlade-125mm-Blade-768x593.jpg 768w, https:\/\/claydondrill.com\/wp-content\/uploads\/2021\/02\/TerraBlade-125mm-Blade-1536x1187.jpg 1536w, https:\/\/claydondrill.com\/wp-content\/uploads\/2021\/02\/TerraBlade-125mm-Blade-2048x1582.jpg 2048w, https:\/\/claydondrill.com\/wp-content\/uploads\/2021\/02\/TerraBlade-125mm-Blade-600x464.jpg 600w\" sizes=\"auto, (max-width: 200px) 100vw, 200px\" \/><img loading=\"lazy\" decoding=\"async\" class=\"alignnone wp-image-83785\" src=\"https:\/\/claydondrill.com\/wp-content\/uploads\/2021\/02\/TerraBlade-150mm-Blade-scaled.jpg\" alt=\"TerraBlade 150mm Blade\" width=\"200\" height=\"155\" srcset=\"https:\/\/claydondrill.com\/wp-content\/uploads\/2021\/02\/TerraBlade-150mm-Blade-scaled.jpg 2560w, https:\/\/claydondrill.com\/wp-content\/uploads\/2021\/02\/TerraBlade-150mm-Blade-scaled-300x232.jpg 300w, https:\/\/claydondrill.com\/wp-content\/uploads\/2021\/02\/TerraBlade-150mm-Blade-scaled-1024x791.jpg 1024w, https:\/\/claydondrill.com\/wp-content\/uploads\/2021\/02\/TerraBlade-150mm-Blade-768x593.jpg 768w, https:\/\/claydondrill.com\/wp-content\/uploads\/2021\/02\/TerraBlade-150mm-Blade-1536x1187.jpg 1536w, https:\/\/claydondrill.com\/wp-content\/uploads\/2021\/02\/TerraBlade-150mm-Blade-2048x1582.jpg 2048w, https:\/\/claydondrill.com\/wp-content\/uploads\/2021\/02\/TerraBlade-150mm-Blade-600x464.jpg 600w\" sizes=\"auto, (max-width: 200px) 100vw, 200px\" \/><img loading=\"lazy\" decoding=\"async\" class=\"alignnone wp-image-83788\" src=\"https:\/\/claydondrill.com\/wp-content\/uploads\/2021\/02\/TerraBlade-175mm-Blade-scaled-300x232.jpg\" alt=\"TerraBlade 175mm Blade\" width=\"200\" height=\"155\" srcset=\"https:\/\/claydondrill.com\/wp-content\/uploads\/2021\/02\/TerraBlade-175mm-Blade-scaled-300x232.jpg 300w, https:\/\/claydondrill.com\/wp-content\/uploads\/2021\/02\/TerraBlade-175mm-Blade-scaled-1024x791.jpg 1024w, https:\/\/claydondrill.com\/wp-content\/uploads\/2021\/02\/TerraBlade-175mm-Blade-768x593.jpg 768w, https:\/\/claydondrill.com\/wp-content\/uploads\/2021\/02\/TerraBlade-175mm-Blade-1536x1187.jpg 1536w, https:\/\/claydondrill.com\/wp-content\/uploads\/2021\/02\/TerraBlade-175mm-Blade-2048x1582.jpg 2048w, https:\/\/claydondrill.com\/wp-content\/uploads\/2021\/02\/TerraBlade-175mm-Blade-600x464.jpg 600w\" sizes=\"auto, (max-width: 200px) 100vw, 200px\" \/><img loading=\"lazy\" decoding=\"async\" class=\"alignnone wp-image-83791\" src=\"https:\/\/claydondrill.com\/wp-content\/uploads\/2021\/02\/TerraBlade-200mm-Blade-scaled-300x232.jpg\" alt=\"TerraBlade 200mm Blade\" width=\"200\" height=\"155\" srcset=\"https:\/\/claydondrill.com\/wp-content\/uploads\/2021\/02\/TerraBlade-200mm-Blade-scaled-300x232.jpg 300w, https:\/\/claydondrill.com\/wp-content\/uploads\/2021\/02\/TerraBlade-200mm-Blade-scaled-1024x791.jpg 1024w, https:\/\/claydondrill.com\/wp-content\/uploads\/2021\/02\/TerraBlade-200mm-Blade-768x593.jpg 768w, https:\/\/claydondrill.com\/wp-content\/uploads\/2021\/02\/TerraBlade-200mm-Blade-1536x1187.jpg 1536w, https:\/\/claydondrill.com\/wp-content\/uploads\/2021\/02\/TerraBlade-200mm-Blade-2048x1582.jpg 2048w, https:\/\/claydondrill.com\/wp-content\/uploads\/2021\/02\/TerraBlade-200mm-Blade-600x464.jpg 600w\" sizes=\"auto, (max-width: 200px) 100vw, 200px\" \/><\/li>\n<\/ul>\n<p>[\/vc_column_text][\/vc_tta_section][vc_tta_section title=&#8221;Robuste Konstruktion&#8221; tab_id=&#8221;1592830786302-1f2f3fdb-18c2&#8243;][vc_column_text]<\/p>\n<ul>\n<li>Hochbelastbares quadratisches Stahlrahmenprofil<\/li>\n<li>Gebaut f\u00fcr lange Haltbarkeit<\/li>\n<\/ul>\n<p>[\/vc_column_text][\/vc_tta_section][vc_tta_section title=&#8221;Bedienungs- und wartungsfreundlich&#8221; tab_id=&#8221;1592830786325-679294e8-f7b0&#8243;][vc_column_text]<\/p>\n<ul>\n<li>Einfache Konstruktion ohne unn\u00f6tige Komplexit\u00e4t<\/li>\n<li>Geringe Verschlei\u00dfteil- und Betriebskosten<\/li>\n<\/ul>\n<p>[\/vc_column_text][\/vc_tta_section][\/vc_tta_accordion][\/vc_column][\/vc_row]<\/p>\n<\/div>","protected":false},"excerpt":{"rendered":"<p>Die 4,8 m kann in allen Arten von streifenf\u00f6rmig ges\u00e4ten Kulturen eingesetzt werden. Die einzigartigen, von Claydon entwickelten Zinken arbeiten in einer Tiefe von bis zu 30 mm und k\u00f6nnen so eingestellt werden, dass sie einen unterschiedlichen Druck aus\u00fcben, je nach den Anforderungen der verschiedenen Bodenbedingungen.\u00a0 Die Zinken sind mit Wolframkarbid beschichtet und in den Gr\u00f6\u00dfen 125 mm, 150 mm, 175 mm und 200 mm erh\u00e4ltlich.<\/p>\n","protected":false},"featured_media":83768,"template":"","meta":{"inline_featured_image":false},"product_brand":[],"product_cat":[184],"product_tag":[],"class_list":{"0":"post-93368","1":"product","2":"type-product","3":"status-publish","4":"has-post-thumbnail","6":"product_cat-products-de","8":"first","9":"instock","10":"shipping-taxable","11":"product-type-simple"},"yoast_head":"<!-- This site is optimized with the Yoast SEO plugin v27.1.1 - https:\/\/yoast.com\/product\/yoast-seo-wordpress\/ -->\n<title>4,8m TerraBlade Deutschland | Hackger\u00e4t<\/title>\n<meta name=\"description\" content=\"4,8m TerraBlade Hackger\u00e4t in Deutschland f\u00fcr pr\u00e4zise mechanische Unkrautbek\u00e4mpfung und effiziente Bestandespflege.\" \/>\n<meta name=\"robots\" content=\"index, follow, max-snippet:-1, max-image-preview:large, max-video-preview:-1\" \/>\n<link rel=\"canonical\" href=\"https:\/\/claydondrill.com\/de\/product\/4-8m-terrablade\/\" \/>\n<meta property=\"og:locale\" content=\"de_DE\" \/>\n<meta property=\"og:type\" content=\"article\" \/>\n<meta property=\"og:title\" content=\"4,8m TerraBlade Deutschland | Hackger\u00e4t\" \/>\n<meta property=\"og:description\" content=\"4,8m TerraBlade Hackger\u00e4t in Deutschland f\u00fcr pr\u00e4zise mechanische Unkrautbek\u00e4mpfung und effiziente Bestandespflege.\" \/>\n<meta property=\"og:url\" content=\"https:\/\/claydondrill.com\/de\/product\/4-8m-terrablade\/\" \/>\n<meta property=\"og:site_name\" content=\"Claydon Drill Seed\" \/>\n<meta property=\"article:modified_time\" content=\"2026-02-17T10:16:42+00:00\" \/>\n<meta property=\"og:image\" content=\"https:\/\/claydondrill.com\/wp-content\/uploads\/2021\/02\/TerraBlade-4.8m-Angled-scaled.jpg\" \/>\n\t<meta property=\"og:image:width\" content=\"2560\" \/>\n\t<meta property=\"og:image:height\" content=\"1810\" \/>\n\t<meta property=\"og:image:type\" content=\"image\/jpeg\" \/>\n<meta name=\"twitter:card\" content=\"summary_large_image\" \/>\n<meta name=\"twitter:label1\" content=\"Gesch\u00e4tzte Lesezeit\" \/>\n\t<meta name=\"twitter:data1\" content=\"2\u00a0Minuten\" \/>\n<script type=\"application\/ld+json\" class=\"yoast-schema-graph\">{\"@context\":\"https:\/\/schema.org\",\"@graph\":[{\"@type\":\"WebPage\",\"@id\":\"https:\/\/claydondrill.com\/de\/product\/4-8m-terrablade\/\",\"url\":\"https:\/\/claydondrill.com\/de\/product\/4-8m-terrablade\/\",\"name\":\"4,8m TerraBlade Deutschland | Hackger\u00e4t\",\"isPartOf\":{\"@id\":\"https:\/\/claydondrill.com\/de\/#website\"},\"primaryImageOfPage\":{\"@id\":\"https:\/\/claydondrill.com\/de\/product\/4-8m-terrablade\/#primaryimage\"},\"image\":{\"@id\":\"https:\/\/claydondrill.com\/de\/product\/4-8m-terrablade\/#primaryimage\"},\"thumbnailUrl\":\"https:\/\/claydondrill.com\/wp-content\/uploads\/2021\/02\/TerraBlade-4.8m-Angled-scaled.jpg\",\"datePublished\":\"2021-09-30T13:01:31+00:00\",\"dateModified\":\"2026-02-17T10:16:42+00:00\",\"description\":\"4,8m TerraBlade Hackger\u00e4t in Deutschland f\u00fcr pr\u00e4zise mechanische Unkrautbek\u00e4mpfung und effiziente Bestandespflege.\",\"breadcrumb\":{\"@id\":\"https:\/\/claydondrill.com\/de\/product\/4-8m-terrablade\/#breadcrumb\"},\"inLanguage\":\"de\",\"potentialAction\":[{\"@type\":\"ReadAction\",\"target\":[\"https:\/\/claydondrill.com\/de\/product\/4-8m-terrablade\/\"]}]},{\"@type\":\"ImageObject\",\"inLanguage\":\"de\",\"@id\":\"https:\/\/claydondrill.com\/de\/product\/4-8m-terrablade\/#primaryimage\",\"url\":\"https:\/\/claydondrill.com\/wp-content\/uploads\/2021\/02\/TerraBlade-4.8m-Angled-scaled.jpg\",\"contentUrl\":\"https:\/\/claydondrill.com\/wp-content\/uploads\/2021\/02\/TerraBlade-4.8m-Angled-scaled.jpg\",\"width\":2560,\"height\":1810,\"caption\":\"4.8m TerraBlade Inter-row Hoe\"},{\"@type\":\"BreadcrumbList\",\"@id\":\"https:\/\/claydondrill.com\/de\/product\/4-8m-terrablade\/#breadcrumb\",\"itemListElement\":[{\"@type\":\"ListItem\",\"position\":1,\"name\":\"Home\",\"item\":\"https:\/\/claydondrill.com\/de\/\"},{\"@type\":\"ListItem\",\"position\":2,\"name\":\"4.8m TerraBlade\"}]},{\"@type\":\"WebSite\",\"@id\":\"https:\/\/claydondrill.com\/de\/#website\",\"url\":\"https:\/\/claydondrill.com\/de\/\",\"name\":\"Claydon Drill Seed\",\"description\":\"\",\"potentialAction\":[{\"@type\":\"SearchAction\",\"target\":{\"@type\":\"EntryPoint\",\"urlTemplate\":\"https:\/\/claydondrill.com\/de\/?s={search_term_string}\"},\"query-input\":{\"@type\":\"PropertyValueSpecification\",\"valueRequired\":true,\"valueName\":\"search_term_string\"}}],\"inLanguage\":\"de\"}]}<\/script>\n<!-- \/ Yoast SEO plugin. -->","yoast_head_json":{"title":"4,8m TerraBlade Deutschland | Hackger\u00e4t","description":"4,8m TerraBlade Hackger\u00e4t in Deutschland f\u00fcr pr\u00e4zise mechanische Unkrautbek\u00e4mpfung und effiziente Bestandespflege.","robots":{"index":"index","follow":"follow","max-snippet":"max-snippet:-1","max-image-preview":"max-image-preview:large","max-video-preview":"max-video-preview:-1"},"canonical":"https:\/\/claydondrill.com\/de\/product\/4-8m-terrablade\/","og_locale":"de_DE","og_type":"article","og_title":"4,8m TerraBlade Deutschland | Hackger\u00e4t","og_description":"4,8m TerraBlade Hackger\u00e4t in Deutschland f\u00fcr pr\u00e4zise mechanische Unkrautbek\u00e4mpfung und effiziente Bestandespflege.","og_url":"https:\/\/claydondrill.com\/de\/product\/4-8m-terrablade\/","og_site_name":"Claydon Drill Seed","article_modified_time":"2026-02-17T10:16:42+00:00","og_image":[{"width":2560,"height":1810,"url":"https:\/\/claydondrill.com\/wp-content\/uploads\/2021\/02\/TerraBlade-4.8m-Angled-scaled.jpg","type":"image\/jpeg"}],"twitter_card":"summary_large_image","twitter_misc":{"Gesch\u00e4tzte Lesezeit":"2\u00a0Minuten"},"schema":{"@context":"https:\/\/schema.org","@graph":[{"@type":"WebPage","@id":"https:\/\/claydondrill.com\/de\/product\/4-8m-terrablade\/","url":"https:\/\/claydondrill.com\/de\/product\/4-8m-terrablade\/","name":"4,8m TerraBlade Deutschland | Hackger\u00e4t","isPartOf":{"@id":"https:\/\/claydondrill.com\/de\/#website"},"primaryImageOfPage":{"@id":"https:\/\/claydondrill.com\/de\/product\/4-8m-terrablade\/#primaryimage"},"image":{"@id":"https:\/\/claydondrill.com\/de\/product\/4-8m-terrablade\/#primaryimage"},"thumbnailUrl":"https:\/\/claydondrill.com\/wp-content\/uploads\/2021\/02\/TerraBlade-4.8m-Angled-scaled.jpg","datePublished":"2021-09-30T13:01:31+00:00","dateModified":"2026-02-17T10:16:42+00:00","description":"4,8m TerraBlade Hackger\u00e4t in Deutschland f\u00fcr pr\u00e4zise mechanische Unkrautbek\u00e4mpfung und effiziente Bestandespflege.","breadcrumb":{"@id":"https:\/\/claydondrill.com\/de\/product\/4-8m-terrablade\/#breadcrumb"},"inLanguage":"de","potentialAction":[{"@type":"ReadAction","target":["https:\/\/claydondrill.com\/de\/product\/4-8m-terrablade\/"]}]},{"@type":"ImageObject","inLanguage":"de","@id":"https:\/\/claydondrill.com\/de\/product\/4-8m-terrablade\/#primaryimage","url":"https:\/\/claydondrill.com\/wp-content\/uploads\/2021\/02\/TerraBlade-4.8m-Angled-scaled.jpg","contentUrl":"https:\/\/claydondrill.com\/wp-content\/uploads\/2021\/02\/TerraBlade-4.8m-Angled-scaled.jpg","width":2560,"height":1810,"caption":"4.8m TerraBlade Inter-row Hoe"},{"@type":"BreadcrumbList","@id":"https:\/\/claydondrill.com\/de\/product\/4-8m-terrablade\/#breadcrumb","itemListElement":[{"@type":"ListItem","position":1,"name":"Home","item":"https:\/\/claydondrill.com\/de\/"},{"@type":"ListItem","position":2,"name":"4.8m TerraBlade"}]},{"@type":"WebSite","@id":"https:\/\/claydondrill.com\/de\/#website","url":"https:\/\/claydondrill.com\/de\/","name":"Claydon Drill Seed","description":"","potentialAction":[{"@type":"SearchAction","target":{"@type":"EntryPoint","urlTemplate":"https:\/\/claydondrill.com\/de\/?s={search_term_string}"},"query-input":{"@type":"PropertyValueSpecification","valueRequired":true,"valueName":"search_term_string"}}],"inLanguage":"de"}]}},"_links":{"self":[{"href":"https:\/\/claydondrill.com\/de\/wp-json\/wp\/v2\/product\/93368","targetHints":{"allow":["GET"]}}],"collection":[{"href":"https:\/\/claydondrill.com\/de\/wp-json\/wp\/v2\/product"}],"about":[{"href":"https:\/\/claydondrill.com\/de\/wp-json\/wp\/v2\/types\/product"}],"wp:featuredmedia":[{"embeddable":true,"href":"https:\/\/claydondrill.com\/de\/wp-json\/wp\/v2\/media\/83768"}],"wp:attachment":[{"href":"https:\/\/claydondrill.com\/de\/wp-json\/wp\/v2\/media?parent=93368"}],"wp:term":[{"taxonomy":"product_brand","embeddable":true,"href":"https:\/\/claydondrill.com\/de\/wp-json\/wp\/v2\/product_brand?post=93368"},{"taxonomy":"product_cat","embeddable":true,"href":"https:\/\/claydondrill.com\/de\/wp-json\/wp\/v2\/product_cat?post=93368"},{"taxonomy":"product_tag","embeddable":true,"href":"https:\/\/claydondrill.com\/de\/wp-json\/wp\/v2\/product_tag?post=93368"}],"curies":[{"name":"wp","href":"https:\/\/api.w.org\/{rel}","templated":true}]}}