{"id":93348,"date":"2020-08-25T07:06:49","date_gmt":"2020-08-25T07:06:49","guid":{"rendered":"https:\/\/claydondrill.com\/product\/12-3m\/"},"modified":"2022-09-23T10:53:16","modified_gmt":"2022-09-23T10:53:16","slug":"123-m-walzen","status":"publish","type":"product","link":"https:\/\/claydondrill.com\/de\/product\/123-m-walzen\/","title":{"rendered":"12,3 m Walzen"},"content":{"rendered":"<div class=\"wpb-content-wrapper\"><p>[vc_row][vc_column][vc_custom_heading text=&#8221;Konstruktionsmerkmale&#8221; use_theme_fonts=&#8221;yes&#8221;][vc_tta_accordion][vc_tta_section title=&#8221;Einfaches Einrichten&#8221; tab_id=&#8221;1592830786278-25940583-c2e3&#8243;][vc_column_text]<\/p>\n<ul>\n<li>Wird vom Traktorsitz aus durchgef\u00fchrt<\/li>\n<li>Drei Satz Schieberventile zum Ausklappen<\/li>\n<\/ul>\n<p>[\/vc_column_text][\/vc_tta_section][vc_tta_section title=&#8221;Optimale Leistung&#8221; tab_id=&#8221;1598338771407-409d47ac-9373&#8243;][vc_column_text]<\/p>\n<ul>\n<li>Last\u00fcbertragungssystem liefert gleichm\u00e4\u00dfige Gewichtsverteilung \u00fcber die gesamte Arbeitsbreite<\/li>\n<li>Der mittlere Zylinder bleibt in der Schwebe und die Fl\u00fcgelzylinder werden mit Druck beaufschlagt<\/li>\n<\/ul>\n<p>[\/vc_column_text][\/vc_tta_section][vc_tta_section title=&#8221;Schwer und robust&#8221; tab_id=&#8221;1598338826550-282d4aca-a24e&#8221;][vc_column_text]<\/p>\n<ul>\n<li>600-mm-Cambridge- und Sternringe aus Gussmaterial<\/li>\n<li>Schwerlastachse mit Druckluftbremsen<\/li>\n<li>520\/50-17 Flotation-Reifen zur Reduzierung von Rad\u00fcberfahrten auf ein Minimum<\/li>\n<\/ul>\n<p>[\/vc_column_text][\/vc_tta_section][vc_tta_section title=&#8221;Leicht zu man\u00f6vrieren&#8221; tab_id=&#8221;1598338867905-95083066-18e2&#8243;][vc_column_text]<\/p>\n<ul>\n<li>Mit ihrem niedrigen Schwerpunkt und der hervorragenden \u00dcbersicht lassen sich die Claydon-Walzen sicher und leicht zwischen Feldern umsetzen.<\/li>\n<\/ul>\n<p>[\/vc_column_text][\/vc_tta_section][\/vc_tta_accordion][\/vc_column][\/vc_row]<\/p>\n<\/div>","protected":false},"excerpt":{"rendered":"<p>Die gr\u00f6\u00dfte der Claydon-Cambridge-Walzen mit einer L\u00e4nge von 12,3 m hat einen niedrigen Schwerpunkt und bietet eine hervorragende \u00dcbersicht, wodurch sie sicher und stressfrei zwischen den Feldern umgesetzt werden kann. Die 5 x 2,5 m gro\u00dfen Abschnitte lassen sich f\u00fcr den Stra\u00dfentransport horizontal auf unter 2,85 m zusammenklappen.<\/p>\n<p>Mit einem Gewicht von 8.400 kg auf 12,3 m L\u00e4nge \u00fcben die Claydon-Walzen einen Druck von 683 kg pro Meter aus. Das Last\u00fcbertragungssystem sorgt daf\u00fcr, dass die Walzen eine gleichm\u00e4\u00dfige R\u00fcckverfestigung \u00fcber die gesamte Arbeitsbreite der Maschine liefern.\u00a0 Mit den 24\u00a0Zoll (600 mm) gro\u00dfen Sternringen, die auf einer 60-mm-Welle arbeiten, k\u00f6nnen die Walzen den Boden der Saatreihen verfestigen, um die besten Voraussetzungen f\u00fcr ein gutes Wachstum zu bieten.<\/p>\n<p>Die 12,3-m-Rollen arbeiten perfekt auf 24-m-Fahrgassen und reduzieren die \u00dcberfahrten der Schlepperr\u00e4der auf dem Feld auf ein Minimum.<\/p>\n","protected":false},"featured_media":83740,"template":"","meta":{"inline_featured_image":false},"product_brand":[],"product_cat":[],"product_tag":[],"class_list":{"0":"post-93348","1":"product","2":"type-product","3":"status-publish","4":"has-post-thumbnail","7":"first","8":"instock","9":"shipping-taxable","10":"product-type-simple"},"yoast_head":"<!-- This site is optimized with the Yoast SEO plugin v27.1.1 - https:\/\/yoast.com\/product\/yoast-seo-wordpress\/ -->\n<title>12,3 m Walzen | Cambridge Rolls For Sale | Claydon<\/title>\n<meta name=\"description\" content=\"Der Wunsch nach einer effektiven Etablierung &amp; gr\u00fcndliche Bodenverfestigung? Die 12,3 m langen Cambridge Rolls von Claydon geben Ihren Pflanzen einen kompromisslosen Start. Mehr erfahren\" \/>\n<meta name=\"robots\" content=\"index, follow, max-snippet:-1, max-image-preview:large, max-video-preview:-1\" \/>\n<link rel=\"canonical\" href=\"https:\/\/claydondrill.com\/de\/product\/123-m-walzen\/\" \/>\n<meta property=\"og:locale\" content=\"de_DE\" \/>\n<meta property=\"og:type\" content=\"article\" \/>\n<meta property=\"og:title\" content=\"12,3 m Walzen | Cambridge Rolls For Sale | Claydon\" \/>\n<meta property=\"og:description\" content=\"Der Wunsch nach einer effektiven Etablierung &amp; gr\u00fcndliche Bodenverfestigung? Die 12,3 m langen Cambridge Rolls von Claydon geben Ihren Pflanzen einen kompromisslosen Start. Mehr erfahren\" \/>\n<meta property=\"og:url\" content=\"https:\/\/claydondrill.com\/de\/product\/123-m-walzen\/\" \/>\n<meta property=\"og:site_name\" content=\"Claydon Drill Seed\" \/>\n<meta property=\"article:modified_time\" content=\"2022-09-23T10:53:16+00:00\" \/>\n<meta property=\"og:image\" content=\"https:\/\/claydondrill.com\/wp-content\/uploads\/2020\/10\/12.3-Rolls-DSC_0945.jpg\" \/>\n\t<meta property=\"og:image:width\" content=\"2500\" \/>\n\t<meta property=\"og:image:height\" content=\"1674\" \/>\n\t<meta property=\"og:image:type\" content=\"image\/jpeg\" \/>\n<meta name=\"twitter:card\" content=\"summary_large_image\" \/>\n<meta name=\"twitter:label1\" content=\"Gesch\u00e4tzte Lesezeit\" \/>\n\t<meta name=\"twitter:data1\" content=\"1\u00a0Minute\" \/>\n<script type=\"application\/ld+json\" class=\"yoast-schema-graph\">{\"@context\":\"https:\/\/schema.org\",\"@graph\":[{\"@type\":\"WebPage\",\"@id\":\"https:\/\/claydondrill.com\/de\/product\/123-m-walzen\/\",\"url\":\"https:\/\/claydondrill.com\/de\/product\/123-m-walzen\/\",\"name\":\"12,3 m Walzen | Cambridge Rolls For Sale | Claydon\",\"isPartOf\":{\"@id\":\"https:\/\/claydondrill.com\/de\/#website\"},\"primaryImageOfPage\":{\"@id\":\"https:\/\/claydondrill.com\/de\/product\/123-m-walzen\/#primaryimage\"},\"image\":{\"@id\":\"https:\/\/claydondrill.com\/de\/product\/123-m-walzen\/#primaryimage\"},\"thumbnailUrl\":\"https:\/\/claydondrill.com\/wp-content\/uploads\/2020\/10\/12.3-Rolls-DSC_0945.jpg\",\"datePublished\":\"2020-08-25T07:06:49+00:00\",\"dateModified\":\"2022-09-23T10:53:16+00:00\",\"description\":\"Der Wunsch nach einer effektiven Etablierung &amp; gr\u00fcndliche Bodenverfestigung? Die 12,3 m langen Cambridge Rolls von Claydon geben Ihren Pflanzen einen kompromisslosen Start. Mehr erfahren\",\"breadcrumb\":{\"@id\":\"https:\/\/claydondrill.com\/de\/product\/123-m-walzen\/#breadcrumb\"},\"inLanguage\":\"de\",\"potentialAction\":[{\"@type\":\"ReadAction\",\"target\":[\"https:\/\/claydondrill.com\/de\/product\/123-m-walzen\/\"]}]},{\"@type\":\"ImageObject\",\"inLanguage\":\"de\",\"@id\":\"https:\/\/claydondrill.com\/de\/product\/123-m-walzen\/#primaryimage\",\"url\":\"https:\/\/claydondrill.com\/wp-content\/uploads\/2020\/10\/12.3-Rolls-DSC_0945.jpg\",\"contentUrl\":\"https:\/\/claydondrill.com\/wp-content\/uploads\/2020\/10\/12.3-Rolls-DSC_0945.jpg\",\"width\":2500,\"height\":1674},{\"@type\":\"BreadcrumbList\",\"@id\":\"https:\/\/claydondrill.com\/de\/product\/123-m-walzen\/#breadcrumb\",\"itemListElement\":[{\"@type\":\"ListItem\",\"position\":1,\"name\":\"Home\",\"item\":\"https:\/\/claydondrill.com\/de\/\"},{\"@type\":\"ListItem\",\"position\":2,\"name\":\"12,3 m Walzen\"}]},{\"@type\":\"WebSite\",\"@id\":\"https:\/\/claydondrill.com\/de\/#website\",\"url\":\"https:\/\/claydondrill.com\/de\/\",\"name\":\"Claydon Drill Seed\",\"description\":\"\",\"potentialAction\":[{\"@type\":\"SearchAction\",\"target\":{\"@type\":\"EntryPoint\",\"urlTemplate\":\"https:\/\/claydondrill.com\/de\/?s={search_term_string}\"},\"query-input\":{\"@type\":\"PropertyValueSpecification\",\"valueRequired\":true,\"valueName\":\"search_term_string\"}}],\"inLanguage\":\"de\"}]}<\/script>\n<!-- \/ Yoast SEO plugin. -->","yoast_head_json":{"title":"12,3 m Walzen | Cambridge Rolls For Sale | Claydon","description":"Der Wunsch nach einer effektiven Etablierung &amp; gr\u00fcndliche Bodenverfestigung? Die 12,3 m langen Cambridge Rolls von Claydon geben Ihren Pflanzen einen kompromisslosen Start. Mehr erfahren","robots":{"index":"index","follow":"follow","max-snippet":"max-snippet:-1","max-image-preview":"max-image-preview:large","max-video-preview":"max-video-preview:-1"},"canonical":"https:\/\/claydondrill.com\/de\/product\/123-m-walzen\/","og_locale":"de_DE","og_type":"article","og_title":"12,3 m Walzen | Cambridge Rolls For Sale | Claydon","og_description":"Der Wunsch nach einer effektiven Etablierung &amp; gr\u00fcndliche Bodenverfestigung? Die 12,3 m langen Cambridge Rolls von Claydon geben Ihren Pflanzen einen kompromisslosen Start. Mehr erfahren","og_url":"https:\/\/claydondrill.com\/de\/product\/123-m-walzen\/","og_site_name":"Claydon Drill Seed","article_modified_time":"2022-09-23T10:53:16+00:00","og_image":[{"width":2500,"height":1674,"url":"https:\/\/claydondrill.com\/wp-content\/uploads\/2020\/10\/12.3-Rolls-DSC_0945.jpg","type":"image\/jpeg"}],"twitter_card":"summary_large_image","twitter_misc":{"Gesch\u00e4tzte Lesezeit":"1\u00a0Minute"},"schema":{"@context":"https:\/\/schema.org","@graph":[{"@type":"WebPage","@id":"https:\/\/claydondrill.com\/de\/product\/123-m-walzen\/","url":"https:\/\/claydondrill.com\/de\/product\/123-m-walzen\/","name":"12,3 m Walzen | Cambridge Rolls For Sale | Claydon","isPartOf":{"@id":"https:\/\/claydondrill.com\/de\/#website"},"primaryImageOfPage":{"@id":"https:\/\/claydondrill.com\/de\/product\/123-m-walzen\/#primaryimage"},"image":{"@id":"https:\/\/claydondrill.com\/de\/product\/123-m-walzen\/#primaryimage"},"thumbnailUrl":"https:\/\/claydondrill.com\/wp-content\/uploads\/2020\/10\/12.3-Rolls-DSC_0945.jpg","datePublished":"2020-08-25T07:06:49+00:00","dateModified":"2022-09-23T10:53:16+00:00","description":"Der Wunsch nach einer effektiven Etablierung &amp; gr\u00fcndliche Bodenverfestigung? Die 12,3 m langen Cambridge Rolls von Claydon geben Ihren Pflanzen einen kompromisslosen Start. Mehr erfahren","breadcrumb":{"@id":"https:\/\/claydondrill.com\/de\/product\/123-m-walzen\/#breadcrumb"},"inLanguage":"de","potentialAction":[{"@type":"ReadAction","target":["https:\/\/claydondrill.com\/de\/product\/123-m-walzen\/"]}]},{"@type":"ImageObject","inLanguage":"de","@id":"https:\/\/claydondrill.com\/de\/product\/123-m-walzen\/#primaryimage","url":"https:\/\/claydondrill.com\/wp-content\/uploads\/2020\/10\/12.3-Rolls-DSC_0945.jpg","contentUrl":"https:\/\/claydondrill.com\/wp-content\/uploads\/2020\/10\/12.3-Rolls-DSC_0945.jpg","width":2500,"height":1674},{"@type":"BreadcrumbList","@id":"https:\/\/claydondrill.com\/de\/product\/123-m-walzen\/#breadcrumb","itemListElement":[{"@type":"ListItem","position":1,"name":"Home","item":"https:\/\/claydondrill.com\/de\/"},{"@type":"ListItem","position":2,"name":"12,3 m Walzen"}]},{"@type":"WebSite","@id":"https:\/\/claydondrill.com\/de\/#website","url":"https:\/\/claydondrill.com\/de\/","name":"Claydon Drill Seed","description":"","potentialAction":[{"@type":"SearchAction","target":{"@type":"EntryPoint","urlTemplate":"https:\/\/claydondrill.com\/de\/?s={search_term_string}"},"query-input":{"@type":"PropertyValueSpecification","valueRequired":true,"valueName":"search_term_string"}}],"inLanguage":"de"}]}},"_links":{"self":[{"href":"https:\/\/claydondrill.com\/de\/wp-json\/wp\/v2\/product\/93348","targetHints":{"allow":["GET"]}}],"collection":[{"href":"https:\/\/claydondrill.com\/de\/wp-json\/wp\/v2\/product"}],"about":[{"href":"https:\/\/claydondrill.com\/de\/wp-json\/wp\/v2\/types\/product"}],"wp:featuredmedia":[{"embeddable":true,"href":"https:\/\/claydondrill.com\/de\/wp-json\/wp\/v2\/media\/83740"}],"wp:attachment":[{"href":"https:\/\/claydondrill.com\/de\/wp-json\/wp\/v2\/media?parent=93348"}],"wp:term":[{"taxonomy":"product_brand","embeddable":true,"href":"https:\/\/claydondrill.com\/de\/wp-json\/wp\/v2\/product_brand?post=93348"},{"taxonomy":"product_cat","embeddable":true,"href":"https:\/\/claydondrill.com\/de\/wp-json\/wp\/v2\/product_cat?post=93348"},{"taxonomy":"product_tag","embeddable":true,"href":"https:\/\/claydondrill.com\/de\/wp-json\/wp\/v2\/product_tag?post=93348"}],"curies":[{"name":"wp","href":"https:\/\/api.w.org\/{rel}","templated":true}]}}