{"id":93325,"date":"2020-08-21T21:20:27","date_gmt":"2020-08-21T21:20:27","guid":{"rendered":"https:\/\/claydondrill.com\/product\/15m-straw-harrow\/"},"modified":"2025-10-02T10:37:26","modified_gmt":"2025-10-02T09:37:26","slug":"15m-strohstriegel","status":"publish","type":"product","link":"https:\/\/claydondrill.com\/de\/15m-strohstriegel\/","title":{"rendered":"15m Strohstriegel"},"content":{"rendered":"<div class=\"wpb-content-wrapper\"><p>[vc_row][vc_column][vc_custom_heading text=&#8221;KONSTRUKTIONSMERKMALE&#8221; use_theme_fonts=&#8221;yes&#8221; css=&#8221;.vc_custom_1630421594876{margin-bottom: 20px !important;}&#8221;][vc_tta_accordion][vc_tta_section title=&#8221;Hydraulisch verstellbarer Winkel der Zinken&#8221; tab_id=&#8221;1592830786278-25940583-c2e3&#8243;][vc_column_text]<\/p>\n<ul>\n<li>Anpassung des Arbeitswinkels an die Feldbedingungen, um eine optimale Bodengare zu gew\u00e4hrleisten<\/li>\n<li>Schnelle Druckentlastung in nassen oder stark begr\u00fcnten Bereichen, um Blockaden zu unterbinden<\/li>\n<\/ul>\n<p>[\/vc_column_text][\/vc_tta_section][vc_tta_section title=&#8221;Gewendelte, extra dicke, langlebige Zinken&#8221; tab_id=&#8221;1592830786302-1f2f3fdb-18c2&#8243;][vc_column_text]<\/p>\n<ul>\n<li>Einzigartiges gewendeltes Claydon-Design sorgt daf\u00fcr, dass die Zinken keine Druckpunkte haben, die zu Bruch f\u00fchren.<\/li>\n<li>Gewendeltes Claydon-Design erm\u00f6glicht Arbeitsgeschwindigkeiten von bis zu 20 km\/h.<\/li>\n<li>Um Haufenbildung zu vermeiden, bleiben die Zinken auf dem Vorgewend unten in Arbeitsposition \u2013 ohne abzubrechen.<\/li>\n<li>Mit dem gewendelten Design k\u00f6nnen die Zinken vibrieren und erzeugen eine optimale Bodenkrume.<\/li>\n<\/ul>\n<p>[\/vc_column_text][\/vc_tta_section][vc_tta_section title=&#8221;Quadratisches 150-mm-Rahmenprofil&#8221; tab_id=&#8221;1592830786325-679294e8-f7b0&#8243;][vc_column_text]<\/p>\n<ul>\n<li>Claydon-Strohstriegel sind f\u00fcr eine lange Lebensdauer gebaut. Ihr Rahmen ist f\u00fcr sehr hohe Arbeitsgeschwindigkeiten ausgelegt.<\/li>\n<\/ul>\n<p>[\/vc_column_text][\/vc_tta_section][vc_tta_section title=&#8221;F\u00fcnf Zinkenreihen&#8221; tab_id=&#8221;1592830786358-b61d2476-3fba&#8221;][vc_column_text]<\/p>\n<ul>\n<li>Der gro\u00dfe Abstand durch die 5\u00a0Reihen macht Verstropfungen unwahrscheinlich.<\/li>\n<li>Die 240 vibrierenden Zinken greifen alle 60 mm in den Boden ein und sorgen daf\u00fcr, dass das gesamte Feld bearbeitet wird.<\/li>\n<\/ul>\n<p>[\/vc_column_text][\/vc_tta_section][vc_tta_section title=&#8221;Stra\u00dfentransport&#8221; tab_id=&#8221;1592830786398-ae5e301e-0b85&#8243;][vc_column_text]<\/p>\n<ul>\n<li>Alle Claydon-Strohstriegel lassen sich f\u00fcr den Stra\u00dfentransport auf unter 3\u00a0m zusammenklappen.<\/li>\n<li>Beleuchtung und Schutzgitter sind serienm\u00e4\u00dfig angebaut.<\/li>\n<\/ul>\n<p>[\/vc_column_text][\/vc_tta_section][\/vc_tta_accordion][\/vc_column][\/vc_row]<\/p>\n<\/div>","protected":false},"excerpt":{"rendered":"<p>Der 15-m-Strohstriegel ist das gr\u00f6\u00dfte Modell der Baureihe. Mit einer Fahrgeschwindigkeit von \u00fcber 15 km\/h ist er ein leistungsstarkes und kosteng\u00fcnstiges Ger\u00e4t f\u00fcr Stoppelmanagement und Unkrautbek\u00e4mpfung.<\/p>\n","protected":false},"featured_media":82042,"template":"","meta":{"inline_featured_image":false},"product_brand":[],"product_cat":[184],"product_tag":[],"class_list":{"0":"post-93325","1":"product","2":"type-product","3":"status-publish","4":"has-post-thumbnail","6":"product_cat-products-de","8":"first","9":"instock","10":"shipping-taxable","11":"product-type-simple"},"yoast_head":"<!-- This site is optimized with the Yoast SEO plugin v27.1.1 - https:\/\/yoast.com\/product\/yoast-seo-wordpress\/ -->\n<title>15m gezogene Strohegge | gezogene Zinkenegge | Claydon<\/title>\n<meta name=\"description\" content=\"The Claydon 15m trailed Straw Harrow is a robust tine harrow designed for fast action &amp; huge effect. Use before\/after cultivations to level soil.\" \/>\n<meta name=\"robots\" content=\"index, follow, max-snippet:-1, max-image-preview:large, max-video-preview:-1\" \/>\n<link rel=\"canonical\" href=\"https:\/\/claydondrill.com\/de\/15m-strohstriegel\/\" \/>\n<meta property=\"og:locale\" content=\"de_DE\" \/>\n<meta property=\"og:type\" content=\"article\" \/>\n<meta property=\"og:title\" content=\"15m gezogene Strohegge | gezogene Zinkenegge | Claydon\" \/>\n<meta property=\"og:description\" content=\"The Claydon 15m trailed Straw Harrow is a robust tine harrow designed for fast action &amp; huge effect. Use before\/after cultivations to level soil.\" \/>\n<meta property=\"og:url\" content=\"https:\/\/claydondrill.com\/de\/15m-strohstriegel\/\" \/>\n<meta property=\"og:site_name\" content=\"Claydon Drill Seed\" \/>\n<meta property=\"article:modified_time\" content=\"2025-10-02T09:37:26+00:00\" \/>\n<meta property=\"og:image\" content=\"https:\/\/claydondrill.com\/wp-content\/uploads\/2020\/08\/15m.jpg\" \/>\n\t<meta property=\"og:image:width\" content=\"1000\" \/>\n\t<meta property=\"og:image:height\" content=\"669\" \/>\n\t<meta property=\"og:image:type\" content=\"image\/jpeg\" \/>\n<meta name=\"twitter:card\" content=\"summary_large_image\" \/>\n<meta name=\"twitter:label1\" content=\"Gesch\u00e4tzte Lesezeit\" \/>\n\t<meta name=\"twitter:data1\" content=\"1\u00a0Minute\" \/>\n<script type=\"application\/ld+json\" class=\"yoast-schema-graph\">{\"@context\":\"https:\/\/schema.org\",\"@graph\":[{\"@type\":\"WebPage\",\"@id\":\"https:\/\/claydondrill.com\/de\/15m-strohstriegel\/\",\"url\":\"https:\/\/claydondrill.com\/de\/15m-strohstriegel\/\",\"name\":\"15m gezogene Strohegge | gezogene Zinkenegge | Claydon\",\"isPartOf\":{\"@id\":\"https:\/\/claydondrill.com\/de\/#website\"},\"primaryImageOfPage\":{\"@id\":\"https:\/\/claydondrill.com\/de\/15m-strohstriegel\/#primaryimage\"},\"image\":{\"@id\":\"https:\/\/claydondrill.com\/de\/15m-strohstriegel\/#primaryimage\"},\"thumbnailUrl\":\"https:\/\/claydondrill.com\/wp-content\/uploads\/2020\/08\/15m.jpg\",\"datePublished\":\"2020-08-21T21:20:27+00:00\",\"dateModified\":\"2025-10-02T09:37:26+00:00\",\"description\":\"The Claydon 15m trailed Straw Harrow is a robust tine harrow designed for fast action & huge effect. Use before\/after cultivations to level soil.\",\"breadcrumb\":{\"@id\":\"https:\/\/claydondrill.com\/de\/15m-strohstriegel\/#breadcrumb\"},\"inLanguage\":\"de\",\"potentialAction\":[{\"@type\":\"ReadAction\",\"target\":[\"https:\/\/claydondrill.com\/de\/15m-strohstriegel\/\"]}]},{\"@type\":\"ImageObject\",\"inLanguage\":\"de\",\"@id\":\"https:\/\/claydondrill.com\/de\/15m-strohstriegel\/#primaryimage\",\"url\":\"https:\/\/claydondrill.com\/wp-content\/uploads\/2020\/08\/15m.jpg\",\"contentUrl\":\"https:\/\/claydondrill.com\/wp-content\/uploads\/2020\/08\/15m.jpg\",\"width\":1000,\"height\":669},{\"@type\":\"BreadcrumbList\",\"@id\":\"https:\/\/claydondrill.com\/de\/15m-strohstriegel\/#breadcrumb\",\"itemListElement\":[{\"@type\":\"ListItem\",\"position\":1,\"name\":\"Home\",\"item\":\"https:\/\/claydondrill.com\/de\/\"},{\"@type\":\"ListItem\",\"position\":2,\"name\":\"15m Strohstriegel\"}]},{\"@type\":\"WebSite\",\"@id\":\"https:\/\/claydondrill.com\/de\/#website\",\"url\":\"https:\/\/claydondrill.com\/de\/\",\"name\":\"Claydon Drill Seed\",\"description\":\"\",\"potentialAction\":[{\"@type\":\"SearchAction\",\"target\":{\"@type\":\"EntryPoint\",\"urlTemplate\":\"https:\/\/claydondrill.com\/de\/?s={search_term_string}\"},\"query-input\":{\"@type\":\"PropertyValueSpecification\",\"valueRequired\":true,\"valueName\":\"search_term_string\"}}],\"inLanguage\":\"de\"}]}<\/script>\n<!-- \/ Yoast SEO plugin. -->","yoast_head_json":{"title":"15m gezogene Strohegge | gezogene Zinkenegge | Claydon","description":"The Claydon 15m trailed Straw Harrow is a robust tine harrow designed for fast action & huge effect. Use before\/after cultivations to level soil.","robots":{"index":"index","follow":"follow","max-snippet":"max-snippet:-1","max-image-preview":"max-image-preview:large","max-video-preview":"max-video-preview:-1"},"canonical":"https:\/\/claydondrill.com\/de\/15m-strohstriegel\/","og_locale":"de_DE","og_type":"article","og_title":"15m gezogene Strohegge | gezogene Zinkenegge | Claydon","og_description":"The Claydon 15m trailed Straw Harrow is a robust tine harrow designed for fast action & huge effect. Use before\/after cultivations to level soil.","og_url":"https:\/\/claydondrill.com\/de\/15m-strohstriegel\/","og_site_name":"Claydon Drill Seed","article_modified_time":"2025-10-02T09:37:26+00:00","og_image":[{"width":1000,"height":669,"url":"https:\/\/claydondrill.com\/wp-content\/uploads\/2020\/08\/15m.jpg","type":"image\/jpeg"}],"twitter_card":"summary_large_image","twitter_misc":{"Gesch\u00e4tzte Lesezeit":"1\u00a0Minute"},"schema":{"@context":"https:\/\/schema.org","@graph":[{"@type":"WebPage","@id":"https:\/\/claydondrill.com\/de\/15m-strohstriegel\/","url":"https:\/\/claydondrill.com\/de\/15m-strohstriegel\/","name":"15m gezogene Strohegge | gezogene Zinkenegge | Claydon","isPartOf":{"@id":"https:\/\/claydondrill.com\/de\/#website"},"primaryImageOfPage":{"@id":"https:\/\/claydondrill.com\/de\/15m-strohstriegel\/#primaryimage"},"image":{"@id":"https:\/\/claydondrill.com\/de\/15m-strohstriegel\/#primaryimage"},"thumbnailUrl":"https:\/\/claydondrill.com\/wp-content\/uploads\/2020\/08\/15m.jpg","datePublished":"2020-08-21T21:20:27+00:00","dateModified":"2025-10-02T09:37:26+00:00","description":"The Claydon 15m trailed Straw Harrow is a robust tine harrow designed for fast action & huge effect. Use before\/after cultivations to level soil.","breadcrumb":{"@id":"https:\/\/claydondrill.com\/de\/15m-strohstriegel\/#breadcrumb"},"inLanguage":"de","potentialAction":[{"@type":"ReadAction","target":["https:\/\/claydondrill.com\/de\/15m-strohstriegel\/"]}]},{"@type":"ImageObject","inLanguage":"de","@id":"https:\/\/claydondrill.com\/de\/15m-strohstriegel\/#primaryimage","url":"https:\/\/claydondrill.com\/wp-content\/uploads\/2020\/08\/15m.jpg","contentUrl":"https:\/\/claydondrill.com\/wp-content\/uploads\/2020\/08\/15m.jpg","width":1000,"height":669},{"@type":"BreadcrumbList","@id":"https:\/\/claydondrill.com\/de\/15m-strohstriegel\/#breadcrumb","itemListElement":[{"@type":"ListItem","position":1,"name":"Home","item":"https:\/\/claydondrill.com\/de\/"},{"@type":"ListItem","position":2,"name":"15m Strohstriegel"}]},{"@type":"WebSite","@id":"https:\/\/claydondrill.com\/de\/#website","url":"https:\/\/claydondrill.com\/de\/","name":"Claydon Drill Seed","description":"","potentialAction":[{"@type":"SearchAction","target":{"@type":"EntryPoint","urlTemplate":"https:\/\/claydondrill.com\/de\/?s={search_term_string}"},"query-input":{"@type":"PropertyValueSpecification","valueRequired":true,"valueName":"search_term_string"}}],"inLanguage":"de"}]}},"_links":{"self":[{"href":"https:\/\/claydondrill.com\/de\/wp-json\/wp\/v2\/product\/93325","targetHints":{"allow":["GET"]}}],"collection":[{"href":"https:\/\/claydondrill.com\/de\/wp-json\/wp\/v2\/product"}],"about":[{"href":"https:\/\/claydondrill.com\/de\/wp-json\/wp\/v2\/types\/product"}],"wp:featuredmedia":[{"embeddable":true,"href":"https:\/\/claydondrill.com\/de\/wp-json\/wp\/v2\/media\/82042"}],"wp:attachment":[{"href":"https:\/\/claydondrill.com\/de\/wp-json\/wp\/v2\/media?parent=93325"}],"wp:term":[{"taxonomy":"product_brand","embeddable":true,"href":"https:\/\/claydondrill.com\/de\/wp-json\/wp\/v2\/product_brand?post=93325"},{"taxonomy":"product_cat","embeddable":true,"href":"https:\/\/claydondrill.com\/de\/wp-json\/wp\/v2\/product_cat?post=93325"},{"taxonomy":"product_tag","embeddable":true,"href":"https:\/\/claydondrill.com\/de\/wp-json\/wp\/v2\/product_tag?post=93325"}],"curies":[{"name":"wp","href":"https:\/\/api.w.org\/{rel}","templated":true}]}}